{"id":30166,"date":"2024-02-01T12:49:09","date_gmt":"2024-02-01T12:49:09","guid":{"rendered":"https:\/\/sitechecker.pro\/?page_id=30166"},"modified":"2026-02-13T16:49:09","modified_gmt":"2026-02-13T16:49:09","slug":"anchor-text-checker-accurate-detection-anchors-webpages","status":"publish","type":"page","link":"https:\/\/sitechecker.pro\/fr\/anchor-text-checker\/","title":{"rendered":"V\u00e9rificateur de texte Anchor | D\u00e9tection pr\u00e9cise des ancres sur les pages Web"},"content":{"rendered":"<p><\/p>\n<h2 id=\"par1\">Qu&#8217;est-ce que Anchor Text Checker\u00a0?<\/h2>\n<p>Le Anchor Text Checker de <a href=\"https:\/\/sitechecker.pro\/\" target=\"_blank\" rel=\"noopener noreferrer\">Sitechecker<\/a> est un outil de r\u00e9f\u00e9rencement qui analyse le texte cliquable dans les hyperliens pointant vers un site Web. Il permet d&#8217;identifier la diversit\u00e9 et la pertinence de ces textes de liens, en s&#8217;assurant qu&#8217;ils sont conformes aux meilleures pratiques de r\u00e9f\u00e9rencement. Cet outil est essentiel pour d\u00e9tecter la sur-optimisation et pour am\u00e9liorer le <a href=\"https:\/\/sitechecker.pro\/what-is-backlink\/\" target=\"_blank\" rel=\"noopener noreferrer\">profil de backlink<\/a> d&#8217;un site Web, ce qui est important pour un meilleur classement dans les moteurs de recherche.<\/p>\n<h3>L&#8217;outil peut vous aider de plusieurs fa\u00e7ons<\/h3>\n<p><strong>Analyse du texte d&#8217;ancrage\u00a0: <\/strong>excelle dans l&#8217;analyse de la diversit\u00e9 et de la pertinence des textes d&#8217;ancrage sur l&#8217;ensemble d&#8217;un site Web, permet d&#8217;<a href=\"https:\/\/sitechecker.pro\/link-extractor\/\" target=\"_blank\" rel=\"noopener noreferrer\">inspecter tous les liens<\/a> sur votre site ou de fouiller dans des pages sp\u00e9cifiques pour obtenir des informations d\u00e9taill\u00e9es.<\/p>\n<p><strong>D\u00e9tection des probl\u00e8mes d&#8217;ancrage\u00a0: <\/strong>met en \u00e9vidence efficacement les zones critiques dans l&#8217;utilisation du texte d&#8217;ancrage, telles que la r\u00e9p\u00e9tition excessive ou le manque de diversit\u00e9, qui sont essentielles pour maintenir un profil SEO sain et \u00e9viter les p\u00e9nalit\u00e9s des moteurs de recherche.<\/p>\n<p><strong>Informations pour l&#8217;am\u00e9lioration des ancres\u00a0:<\/strong>fournit des informations d\u00e9taill\u00e9es sur la mani\u00e8re dont les textes de liens sont utilis\u00e9s sur un site Web. Le v\u00e9rificateur de texte des hyperliens vous aide \u00e0 optimiser leurs pratiques de liens <a href=\"https:\/\/sitechecker.pro\/what-is-internal-link\/\" target=\"_blank\" rel=\"noopener noreferrer\">internes<\/a> et <a href=\"https:\/\/sitechecker.pro\/what-are-external-links\/\" target=\"_blank\" rel=\"noopener noreferrer\">externes<\/a>.<\/p>\n<h3>Principales fonctionnalit\u00e9s de l&#8217;outil<\/h3>\n<p><strong>Tableau de bord unifi\u00e9\u00a0:<\/strong>fournit un emplacement centralis\u00e9 o\u00f9 toutes les donn\u00e9es et mesures li\u00e9es au r\u00e9f\u00e9rencement sont affich\u00e9es. Il permet aux utilisateurs de <a href=\"https:\/\/sitechecker.pro\/website-monitoring\/\" target=\"_blank\" rel=\"noopener noreferrer\">surveiller facilement les performances du site Web<\/a>, de suivre les classements, d&#8217;afficher les profils de backlink et d&#8217;analyser la sant\u00e9 du site Web, le tout \u00e0 partir d&#8217;un seul tableau de bord.<\/p>\n<p><strong>Interface conviviale\u00a0: <\/strong>con\u00e7ue avec un accent sur la convivialit\u00e9. Son interface est intuitive, la rendant accessible aussi bien aux d\u00e9butants qu&#8217;aux professionnels exp\u00e9riment\u00e9s du r\u00e9f\u00e9rencement.<\/p>\n<p><strong>Ensemble complet d&#8217;outils de r\u00e9f\u00e9rencement\u00a0: <\/strong>offre une suite compl\u00e8te d&#8217;outils de r\u00e9f\u00e9rencement couvrant tous les aspects de l&#8217;optimisation des sites Web. Cela comprend les audits de r\u00e9f\u00e9rencement sur la page, le suivi des mots cl\u00e9s, l&#8217;analyse des backlinks, le suivi du classement des sites Web, etc.<\/p>\n<h2 id=\"par2\">Comment utiliser l&#8217;outil<\/h2>\n<p>Pour l&#8217;extraction d&#8217;ancres, choisissez la m\u00e9thode du domaine pour analyser tous les liens d&#8217;un site Web ou s\u00e9lectionnez la m\u00e9thode de la page unique pour obtenir des informations d\u00e9taill\u00e9es sur une page sp\u00e9cifique. Saisissez votre domaine ou votre URL et cliquez sur \u00ab\u00a0Obtenir toutes les ancres\u00a0\u00bb pour commencer. Une fois pr\u00eat, l&#8217;outil commence \u00e0 analyser les donn\u00e9es du site.<\/p>\n<div class=\"content__img-wrap\"><img src=\"https:\/\/sitechecker.pro\/wp-content\/uploads\/2024\/08\/1-Anchors-Selector-min.png\" alt=\"Page de v\u00e9rification du texte d'ancrage\" class=\"description-img description-img-zoom\" loading=\"lazy\" ><\/div>\n<h2 id=\"par3\">V\u00e9rification du domaine<\/h2>\n<h3>\u00c9tape 1\u00a0: Choisissez l&#8217;option de domaine, saisissez le domaine que vous souhaitez analyser et cliquez sur le bouton \u00ab\u00a0Obtenir toutes les ancres\u00a0\u00bb<\/h3>\n<div class=\"content__img-wrap\"><img src=\"https:\/\/sitechecker.pro\/wp-content\/uploads\/2024\/08\/1-Website-Anchors-Check-min.png\" alt=\"Domaine de v\u00e9rification du texte d'ancrage\" class=\"description-img description-img-zoom\" loading=\"lazy\" ><\/div>\n<div class=\"important-block\">Pour recevoir les r\u00e9sultats et acc\u00e9der aux fonctionnalit\u00e9s de Sitechecker pendant 14 jours, d\u00e9marrez votre essai GRATUIT. L'inscription est facile avec votre e-mail, votre compte Google ou Facebook. Aucune carte de cr\u00e9dit n'est n\u00e9cessaire.<\/div>\n<h3>\u00c9tape 2\u00a0:\u00a0Obtenir des r\u00e9sultats<\/h3>\n<p>La zone principale de l&#8217;outil affiche une liste de probl\u00e8mes, o\u00f9 les probl\u00e8mes sont class\u00e9s comme \u00ab\u00a0Tous les probl\u00e8mes\u00a0\u00bb, \u00ab\u00a0Critiques\u00a0\u00bb, \u00ab\u00a0Avertissements\u00a0\u00bb, \u00ab\u00a0Opportunit\u00e9s\u00a0\u00bb, \u00ab\u00a0Avis\u00a0\u00bb et \u00ab\u00a0Aucun probl\u00e8me\u00a0\u00bb.<\/p>\n<p>Dans cette liste, les probl\u00e8mes sp\u00e9cifiques li\u00e9s aux liens sont mis en \u00e9vidence, tels que les liens internes vers des pages 3xx, les pages avec une seule URL de lien interne suivie, etc.<\/p>\n<p>Un avertissement d&#8217;ancrage indique qu&#8217;il existe plusieurs pages avec des liens internes sortants utilisant un texte de lien d&#8217;un seul mot. Cela pourrait sugg\u00e9rer un manque de diversit\u00e9 des mots cl\u00e9s, ce qui n&#8217;est pas id\u00e9al pour le r\u00e9f\u00e9rencement, car il peut \u00eatre n\u00e9cessaire de fournir plus de contexte aux moteurs de recherche sur le contenu li\u00e9.<\/p>\n<p>En outre, le v\u00e9rificateur de texte d&#8217;ancrage interne indique les pages avec plus de deux liens vers une page interne utilisant le m\u00eame texte d&#8217;ancrage, ce qui pourrait \u00eatre signal\u00e9 comme une suroptimisation par les moteurs de recherche et pourrait avoir un impact n\u00e9gatif sur les performances SEO du site.<\/p>\n<div class=\"content__img-wrap\"><img src=\"https:\/\/sitechecker.pro\/wp-content\/uploads\/2024\/02\/site-audit-results.png\" alt=\"R\u00e9sultats de l'audit du site\" class=\"description-img description-img-zoom\" loading=\"lazy\" ><\/div>\n<p>Backlink Anchor Text Checker a effectu\u00e9 de mani\u00e8re pr\u00e9ventive une analyse approfondie, identifiant et cat\u00e9gorisant les textes de liens utilis\u00e9s dans les liens internes et externes de votre site. Vous pouvez acc\u00e9der \u00e0 ces donn\u00e9es, qui offriront des informations pr\u00e9cieuses pour affiner la distribution de votre texte d&#8217;ancrage, en cliquant sur \u00ab\u00a0Afficher toutes les pages\u00a0\u00bb et en s\u00e9lectionnant une page sp\u00e9cifique.<\/p>\n<div class=\"content__img-wrap\"><img src=\"https:\/\/sitechecker.pro\/wp-content\/uploads\/2024\/02\/page-details-anchors.png\" alt=\"Ancres des d\u00e9tails de la page\" class=\"description-img description-img-zoom\" loading=\"lazy\" ><\/div>\n<h3>Fonctionnalit\u00e9s suppl\u00e9mentaires<\/h3>\n<p>Le d\u00e9tecteur de texte d&#8217;ancrage fournit un aper\u00e7u diagnostique complet des probl\u00e8mes li\u00e9s au r\u00e9f\u00e9rencement, en mettant en \u00e9vidence le pourcentage de pages affect\u00e9es par des d\u00e9fis sp\u00e9cifiques. Il identifie les pages qui n\u00e9cessitent des am\u00e9liorations en termes de r\u00e9f\u00e9rencement li\u00e9 aux liens, de pertinence du contenu et de vitesse de page, entre autres facteurs.<\/p>\n<p>De plus, l&#8217;outil fournit des informations sur l&#8217;indexabilit\u00e9, les redirections et les probl\u00e8mes de plan de site afin de garantir une visibilit\u00e9 maximale des moteurs de recherche et d&#8217;am\u00e9liorer l&#8217;exp\u00e9rience utilisateur. L&#8217;analyse est con\u00e7ue pour aider les utilisateurs \u00e0 hi\u00e9rarchiser efficacement leurs strat\u00e9gies de r\u00e9f\u00e9rencement.<\/p>\n<div class=\"content__img-wrap\"><img src=\"https:\/\/sitechecker.pro\/wp-content\/uploads\/2024\/02\/affected-pages-by-category.png\" alt=\"Pages affect\u00e9es par cat\u00e9gorie\" class=\"description-img description-img-zoom\" loading=\"lazy\" ><\/div>\n<h2 id=\"par4\">V\u00e9rificateur de texte d&#8217;ancrage de page<\/h2>\n<p>Le v\u00e9rificateur de texte d&#8217;ancrage est une fonctionnalit\u00e9 essentielle pour analyser le profil de lien de votre site, offrant un aper\u00e7u approfondi des textes de lien associ\u00e9s \u00e0 vos liens externes, internes et de sous-domaine. Cet outil permet d&#8217;identifier la mani\u00e8re dont chaque lien est ancr\u00e9, en s&#8217;assurant qu&#8217;ils s&#8217;alignent sur vos strat\u00e9gies de r\u00e9f\u00e9rencement. Il v\u00e9rifie \u00e9galement les codes de r\u00e9ponse HTTP pour confirmer la sant\u00e9 et l&#8217;accessibilit\u00e9 des pages li\u00e9es. Qu&#8217;il s&#8217;agisse de suivre la mani\u00e8re dont les sites externes r\u00e9f\u00e9rencent votre site ou de comprendre votre structure de liens internes, le v\u00e9rificateur de texte d&#8217;ancrage vous fournit les informations n\u00e9cessaires pour optimiser en toute connaissance de cause la strat\u00e9gie de liens de votre site Web.<\/p>\n<div class=\"content__img-wrap\"><img src=\"https:\/\/sitechecker.pro\/wp-content\/uploads\/2024\/08\/3-Page-Anchors-Check-min.png\" alt=\"Liens de sous-domaine internes externes\" class=\"description-img description-img-zoom\" loading=\"lazy\" ><\/div>\n<p>Comprendre l&#8217;impact des textes de liens sur votre site Web n\u00e9cessite plus qu&#8217;une analyse page par page. Pour une \u00e9valuation holistique, lancez un examen complet du site en cliquant sur le bouton &#8220;Ex\u00e9cuter un audit complet du site Web&#8221;.<\/p>\n<p>Pour obtenir un aper\u00e7u plus approfondi de ce que l&#8217;outil peut offrir apr\u00e8s l&#8217;analyse du domaine, consultez la section sur la v\u00e9rification du domaine au d\u00e9but de ce guide. De plus, pour d\u00e9couvrir les avantages de l&#8217;outil de premi\u00e8re main, interagissez avec le projet de d\u00e9monstration fourni. Explorez tout le potentiel de l&#8217;outil en s\u00e9lectionnant le bouton \u00ab Audit du site \u00bb.<\/p>\n<div class=\"content__img-wrap\"><img src=\"https:\/\/sitechecker.pro\/wp-content\/uploads\/2024\/02\/run-full-website-audit.png\" alt=\"Ex\u00e9cuter l'audit complet du site Web\" class=\"description-img description-img-zoom\" loading=\"lazy\" ><\/div>\n<h3>Fonctionnalit\u00e9s suppl\u00e9mentaires de Page Anchor Checker<\/h3>\n<p>Le v\u00e9rificateur de texte d&#8217;ancrage am\u00e9liore le r\u00e9f\u00e9rencement de votre site en offrant un ensemble int\u00e9gr\u00e9 de fonctionnalit\u00e9s. Il commence par un aper\u00e7u de tous les probl\u00e8mes de r\u00e9f\u00e9rencement, vous guidant vers les domaines n\u00e9cessitant des am\u00e9liorations.<\/p>\n<p>L&#8217;optimisation du contenu garantit que votre texte est conforme aux meilleures pratiques de r\u00e9f\u00e9rencement, tandis que la fonction de donn\u00e9es structur\u00e9es v\u00e9rifie que les moteurs de recherche peuvent comprendre le contexte de votre contenu.<\/p>\n<p>L&#8217;optimisation des images \u00e9value l&#8217;impact SEO des visuels, et l&#8217;optimisation de recherche plus large \u00e9value la visibilit\u00e9 de votre site dans les r\u00e9sultats de recherche.<\/p>\n<p>PageSpeed \u200b\u200bInsights analyse les temps de chargement, ce qui est crucial pour l&#8217;exp\u00e9rience utilisateur et les classements de recherche. Ces outils fonctionnent \u00e0 l&#8217;unisson pour une approche simplifi\u00e9e et efficace du r\u00e9f\u00e9rencement.<\/p>\n<div class=\"content__img-wrap\"><img src=\"https:\/\/sitechecker.pro\/wp-content\/uploads\/2024\/02\/issues-overview.png\" alt=\"Issues Overview\" class=\"description-img description-img-zoom\" loading=\"lazy\" ><\/div>\n<h2 id=\"par5\">Id\u00e9e finale<\/h2>\n<p>Le v\u00e9rificateur de texte d&#8217;ancrage est un outil de r\u00e9f\u00e9rencement essentiel qui d\u00e9tecte tous les textes d&#8217;ancrage de votre site et ceux qui y renvoient. Dot\u00e9 d&#8217;une interface conviviale et d&#8217;un ensemble robuste de fonctionnalit\u00e9s, il offre une analyse compl\u00e8te des textes de liens et de la sant\u00e9 globale du site Web. Cet outil est parfait pour les propri\u00e9taires de sites Web et les experts en r\u00e9f\u00e9rencement, car il identifie les domaines \u00e0 am\u00e9liorer et fournit des informations pr\u00e9cieuses pour am\u00e9liorer les classements de recherche et l&#8217;exp\u00e9rience utilisateur. Avec des fonctionnalit\u00e9s suppl\u00e9mentaires pour le contenu, l&#8217;image et l&#8217;optimisation de la recherche, ainsi que des informations sur la vitesse, il constitue une solution compl\u00e8te pour renforcer votre pr\u00e9sence en ligne.<\/p>\n<div id=\"par6\"><\/div>\n<p><div class=\"front__faq-block\"><div class=\"faq__block-title\">FAQ<\/div><div class=\"panel-group\" id=\"faq-accordion\" itemscope itemtype=\"https:\/\/schema.org\/FAQPage\" role=\"tablist\" aria-multiselectable=\"true\"><div class=\"panel\" itemscope itemtype=\"https:\/\/schema.org\/Question\" itemprop=\"mainEntity\">\n                            <div class=\"panel-heading\" id=\"headingFaq-1\">\n                                <div class=\"panel-title\" data-toggle=\"collapse\" aria-expanded=\"false\" href=\"#collapseFaq-1\">\n                                    <h3 itemprop=\"name\">Le v\u00e9rificateur de texte d&apos;ancrage peut-il aider au r\u00e9f\u00e9rencement hors page ?<\/h3>\n                                <\/div>\n                            <\/div>\n                            <div id=\"collapseFaq-1\" class=\"panel-collapse collapse\" itemprop=\"acceptedAnswer\" itemscope itemtype=\"http:\/\/schema.org\/Answer\">\n                                <div class=\"panel-body\" itemprop=\"text\">Oui, il peut analyser les textes des liens de backlinks, vous aidant \u00e0 comprendre et \u00e0 am\u00e9liorer votre strat\u00e9gie de r\u00e9f\u00e9rencement hors page.<\/div>\n                            <\/div>\n                        <\/div><div class=\"panel\" itemscope itemtype=\"https:\/\/schema.org\/Question\" itemprop=\"mainEntity\">\n                            <div class=\"panel-heading\" id=\"headingFaq-2\">\n                                <div class=\"panel-title\" data-toggle=\"collapse\" aria-expanded=\"false\" href=\"#collapseFaq-2\">\n                                    <h3 itemprop=\"name\">Les d\u00e9butants peuvent-ils utiliser efficacement le v\u00e9rificateur de texte d&apos;ancrage ?<\/h3>\n                                <\/div>\n                            <\/div>\n                            <div id=\"collapseFaq-2\" class=\"panel-collapse collapse\" itemprop=\"acceptedAnswer\" itemscope itemtype=\"http:\/\/schema.org\/Answer\">\n                                <div class=\"panel-body\" itemprop=\"text\">Oui, l&apos;outil dispose d&apos;une interface conviviale con\u00e7ue \u00e0 la fois pour les novices et les professionnels du r\u00e9f\u00e9rencement.<\/div>\n                            <\/div>\n                        <\/div><div class=\"panel\" itemscope itemtype=\"https:\/\/schema.org\/Question\" itemprop=\"mainEntity\">\n                            <div class=\"panel-heading\" id=\"headingFaq-3\">\n                                <div class=\"panel-title\" data-toggle=\"collapse\" aria-expanded=\"false\" href=\"#collapseFaq-3\">\n                                    <h3 itemprop=\"name\">L&apos;outil fournit-il des mises \u00e0 jour en temps r\u00e9el sur les performances des ancres ?<\/h3>\n                                <\/div>\n                            <\/div>\n                            <div id=\"collapseFaq-3\" class=\"panel-collapse collapse\" itemprop=\"acceptedAnswer\" itemscope itemtype=\"http:\/\/schema.org\/Answer\">\n                                <div class=\"panel-body\" itemprop=\"text\">L&apos;outil propose probablement une fonctionnalit\u00e9 permettant de suivre les performances de l&apos;ancre et des mises \u00e0 jour sur la sant\u00e9 des backlinks, qui peuvent \u00eatre proches du temps r\u00e9el en fonction de la fr\u00e9quence d&apos;exploration de l&apos;outil.<\/div>\n                            <\/div>\n                        <\/div><\/div><\/div><\/p>","protected":false},"excerpt":{"rendered":"Qu&#8217;est-ce que Anchor Text Checker\u00a0? Le Anchor Text Checker de Sitechecker est un outil de r\u00e9f\u00e9rencement qui analyse le texte cliquable dans les hyperliens pointant vers un site Web. Il permet d&#8217;identifier la diversit\u00e9 et la pertinence de ces textes de liens, en s&#8217;assurant qu&#8217;ils sont conformes aux meilleures pratiques de r\u00e9f\u00e9rencement. Cet outil est&#8230;","protected":false},"author":10409641,"featured_media":0,"parent":0,"menu_order":0,"comment_status":"closed","ping_status":"closed","template":"pages-templates\/pages-minitools-3.php","meta":[],"categories":[72],"tags":[],"_links":{"self":[{"href":"https:\/\/sitechecker.pro\/fr\/wp-json\/wp\/v2\/pages\/30166"}],"collection":[{"href":"https:\/\/sitechecker.pro\/fr\/wp-json\/wp\/v2\/pages"}],"about":[{"href":"https:\/\/sitechecker.pro\/fr\/wp-json\/wp\/v2\/types\/page"}],"author":[{"embeddable":true,"href":"https:\/\/sitechecker.pro\/fr\/wp-json\/wp\/v2\/users\/10409641"}],"replies":[{"embeddable":true,"href":"https:\/\/sitechecker.pro\/fr\/wp-json\/wp\/v2\/comments?post=30166"}],"version-history":[{"count":18,"href":"https:\/\/sitechecker.pro\/fr\/wp-json\/wp\/v2\/pages\/30166\/revisions"}],"predecessor-version":[{"id":39265,"href":"https:\/\/sitechecker.pro\/fr\/wp-json\/wp\/v2\/pages\/30166\/revisions\/39265"}],"wp:attachment":[{"href":"https:\/\/sitechecker.pro\/fr\/wp-json\/wp\/v2\/media?parent=30166"}],"wp:term":[{"taxonomy":"category","embeddable":true,"href":"https:\/\/sitechecker.pro\/fr\/wp-json\/wp\/v2\/categories?post=30166"},{"taxonomy":"post_tag","embeddable":true,"href":"https:\/\/sitechecker.pro\/fr\/wp-json\/wp\/v2\/tags?post=30166"}],"curies":[{"name":"wp","href":"https:\/\/api.w.org\/{rel}","templated":true}]}}