{"id":29818,"date":"2024-01-22T16:09:06","date_gmt":"2024-01-22T16:09:06","guid":{"rendered":"https:\/\/sitechecker.pro\/?page_id=29818"},"modified":"2026-02-18T15:58:04","modified_gmt":"2026-02-18T15:58:04","slug":"nofollow-link-checker-detect-nofollow-attributes-website","status":"publish","type":"page","link":"https:\/\/sitechecker.pro\/fr\/nofollow-link-checker\/","title":{"rendered":"V\u00e9rificateur de liens nofollow | D\u00e9tecter les attributs nofollow dans un site web"},"content":{"rendered":"<p><\/p>\n<h2 id=\"par1\">Qu\u2019est-ce qu\u2019un outil de v\u00e9rification des liens Nofollow ?<\/h2>\n<p>Le Nofollow Link Checker est un outil qui analyse une page web et identifie l\u2019attribut rel=&#8221;nofollow&#8221; de tous les liens ainsi que les directives d\u2019indexation. Il d\u00e9tecte les param\u00e8tres Robots meta et <a href=\"https:\/\/sitechecker.pro\/meta-robots-tag\/\" target=\"_blank\" rel=\"noopener noreferrer\">X-Robots-Tag<\/a>, v\u00e9rifie les <a href=\"https:\/\/sitechecker.pro\/link-attributes\/\" target=\"_blank\" rel=\"noopener noreferrer\">attributs nofollow<\/a>, affiche les liens internes et externes dofollow\/nofollow, fournit une liste compl\u00e8te des ancres et renvoie les <a href=\"https:\/\/sitechecker.pro\/http-status-codes-list\/\" target=\"_blank\" rel=\"noopener noreferrer\">codes de statut<\/a> pour chaque URL.<\/p>\n<h3>Comment l\u2019outil peut vous aider<\/h3>\n<p><strong>Identification des r\u00e8gles Robots et X-Robots-Tag : <\/strong>v\u00e9rifie si la page contient des directives Robots meta ou X-Robots-Tag et vous aide \u00e0 rep\u00e9rer les noindex, nofollow ou autres r\u00e8gles pouvant limiter le <a href=\"https:\/\/sitechecker.pro\/website-crawler\/\" target=\"_blank\" rel=\"noopener noreferrer\">crawl<\/a> ou l\u2019<a href=\"https:\/\/sitechecker.pro\/google-index\/\" target=\"_blank\" rel=\"noopener noreferrer\">indexation<\/a>.<\/p>\n<p><strong>D\u00e9tection des liens nofollow internes et externes : <\/strong>identifie tous les attributs dofollow et nofollow sur les liens internes et externes, offrant une visibilit\u00e9 compl\u00e8te sur la circulation de la valeur des liens sur la page.<\/p>\n<p><strong>Rapport complet sur les ancres et l\u2019\u00e9tat des liens : <\/strong>fournit une liste structur\u00e9e de toutes les ancres et v\u00e9rifie les codes de statut de chaque URL, vous permettant de d\u00e9tecter les <a href=\"https:\/\/sitechecker.pro\/broken-links\/\" target=\"_blank\" rel=\"noopener noreferrer\">liens cass\u00e9s<\/a>, les <a href=\"https:\/\/sitechecker.pro\/redirect-checker\/\" target=\"_blank\" rel=\"noopener noreferrer\">redirections<\/a> et d\u2019autres probl\u00e8mes pouvant affecter les performances SEO.<\/p>\n<h3>Fonctionnalit\u00e9s cl\u00e9s de l\u2019outil<\/h3>\n<p><strong>Tableau de bord unifi\u00e9 : <\/strong>fournit un tableau de bord centralis\u00e9 offrant une vue compl\u00e8te des diff\u00e9rentes m\u00e9triques SEO et des indicateurs de performance du site.<\/p>\n<p><strong>Interface conviviale : <\/strong>con\u00e7ue avec un fort accent sur l\u2019exp\u00e9rience utilisateur, garantissant une navigation intuitive et simple.<\/p>\n<p><strong>Suite compl\u00e8te d\u2019outils SEO : <\/strong>comprend un ensemble complet d\u2019outils SEO, incluant la recherche de mots-cl\u00e9s, l\u2019optimisation <a href=\"https:\/\/sitechecker.pro\/on-page-seo-checker\/\" target=\"_blank\" rel=\"noopener noreferrer\">on-page SEO<\/a>, les <a href=\"https:\/\/sitechecker.pro\/seo-site-audit\/\" target=\"_blank\" rel=\"noopener noreferrer\">audits de site<\/a>, et plus encore.<\/p>\n<h2 id=\"par2\">Comment utiliser le Nofollow Links Checker<\/h2>\n<p>Vous pouvez v\u00e9rifier si la page contient des directives Robots ou X-Robots-Tag, ou analyser tous les statuts follow\/nofollow des liens pr\u00e9sents sur la page. S\u00e9lectionnez l\u2019option qui correspond le mieux \u00e0 votre objectif, puis lancez l\u2019audit pour obtenir instantan\u00e9ment un rapport.<\/p>\n<div class=\"content__img-wrap\"><img src=\"https:\/\/sitechecker.pro\/wp-content\/uploads\/2025\/11\/choose-an-audit-option.png\" alt=\"Choose an audit option\" class=\"description-img description-img-zoom\" loading=\"lazy\" ><\/div>\n<h2 id=\"par3\">V\u00e9rifier l\u2019attribut nofollow dans les balises Robots meta et X-Robots-Tag<\/h2>\n<h3>\u00c9tape 1 : Choisir l\u2019inspection<\/h3>\n<div class=\"content__img-wrap\"><img src=\"https:\/\/sitechecker.pro\/wp-content\/uploads\/2025\/11\/test-robots-meta-x-robots-tag.png\" alt=\"Test Robots meta and X-Robots-tag\" class=\"description-img description-img-zoom\" loading=\"lazy\" ><\/div>\n<h3>\u00c9tape 2 : Obtenir les r\u00e9sultats<\/h3>\n<p>Dans les r\u00e9sultats, vous pouvez voir comment la page se comporte en mati\u00e8re d\u2019indexation selon plusieurs signaux :<\/p>\n<p><strong>Balise Robots meta<\/strong> \u2013 si elle contient des directives comme index, noindex, follow ou nofollow.<\/p>\n<p><strong>X-Robots-Tag<\/strong> \u2013 r\u00e8gles d\u2019indexation au niveau serveur renvoy\u00e9es dans les en-t\u00eates HTTP.<\/p>\n<p><strong>Fichier <a href=\"https:\/\/sitechecker.pro\/robots-tester\/\" target=\"_blank\" rel=\"noopener noreferrer\">robots.txt<\/a><\/strong> \u2013 indique si le crawl est autoris\u00e9 ou restreint pour cette URL.<\/p>\n<p><strong>Balise noindex<\/strong> \u2013 si des directives noindex apparaissent dans le contenu de la page.<\/p>\n<p>Cet audit vous aide \u00e0 comprendre rapidement comment les moteurs de recherche sont guid\u00e9s pour crawler et indexer la page.<\/p>\n<div class=\"content__img-wrap\"><img src=\"https:\/\/sitechecker.pro\/wp-content\/uploads\/2025\/11\/on-page-seo-checker-indexation.png\" alt=\"On-page SEO Checker indexation\" class=\"description-img description-img-zoom\" loading=\"lazy\" ><\/div>\n<h3>Fonctionnalit\u00e9s suppl\u00e9mentaires de la v\u00e9rification Robots meta et X-Robots-Tag<\/h3>\n<p>En plus de la v\u00e9rification des attributs nofollow et des r\u00e8gles d\u2019indexation, l\u2019outil offre un aper\u00e7u rapide d\u2019autres probl\u00e8mes on-page. Vous pouvez identifier des probl\u00e8mes critiques, des avertissements et des signaux techniques tels que des probl\u00e8mes de <a href=\"https:\/\/sitechecker.pro\/speed-test\/\" target=\"_blank\" rel=\"noopener noreferrer\">vitesse de page<\/a>, des erreurs 404, des codes de statut, la taille HTML et la qualit\u00e9 des m\u00e9tadonn\u00e9es.<\/p>\n<p>Cela vous permet de v\u00e9rifier les attributs de liens et de diagnostiquer les probl\u00e8mes SEO g\u00e9n\u00e9raux sur la m\u00eame page en une seule analyse.<\/p>\n<div class=\"content__img-wrap\"><img src=\"https:\/\/sitechecker.pro\/wp-content\/uploads\/2025\/11\/issues-overview.png\" alt=\"Issues overview\" class=\"description-img description-img-zoom\" loading=\"lazy\" ><\/div>\n<h2 id=\"par4\">V\u00e9rifier le statut follow des liens sur la page<\/h2>\n<h3>\u00c9tape 1 : S\u00e9lectionner l\u2019option \u00ab Links follow statuses on the page \u00bb<\/h3>\n<div class=\"content__img-wrap\"><img src=\"https:\/\/sitechecker.pro\/wp-content\/uploads\/2025\/11\/links-follow-statuses-on-the-page.png\" alt=\"Links follow statuses on the page\" class=\"description-img description-img-zoom\" loading=\"lazy\" ><\/div>\n<h3>\u00c9tape 2 : Obtenir les r\u00e9sultats<\/h3>\n<p>\u00c0 l\u2019issue de cet audit, vous pouvez examiner tous les liens internes et externes trouv\u00e9s sur la page. Le rapport affiche chaque URL vers laquelle la page pointe, qu\u2019elle soit interne ou externe. Pour chaque lien, vous pouvez v\u00e9rifier le code de statut HTTP, l\u2019attribut follow\/nofollow et le texte d\u2019ancrage.<\/p>\n<p>Vous pouvez filtrer et trier ces donn\u00e9es comme vous le souhaitez, les exporter pour une analyse plus approfondie ou t\u00e9l\u00e9charger le rapport complet.<\/p>\n<div class=\"content__img-wrap\"><img src=\"https:\/\/sitechecker.pro\/wp-content\/uploads\/2025\/11\/on-page-audit-internal-links.png\" alt=\"On-page audit internal links\" class=\"description-img description-img-zoom\" loading=\"lazy\" ><\/div>\n<h3>Fonctionnalit\u00e9s suppl\u00e9mentaires<\/h3>\n<p>Au niveau global du site, vous pouvez \u00e9galement d\u00e9tecter des probl\u00e8mes li\u00e9s aux liens nofollow, comme des pages qui utilisent mal le nofollow, qui n\u2019ont que des liens internes nofollow, ou qui contiennent un m\u00e9lange d\u2019attributs follow et nofollow.<\/p>\n<div class=\"content__img-wrap\"><img src=\"https:\/\/sitechecker.pro\/wp-content\/uploads\/2025\/11\/site-audit-nofollow-issues.png\" alt=\"Site audit nofollow issues\" class=\"description-img description-img-zoom\" loading=\"lazy\" ><\/div>\n<div class=\"important-block\">Pour recevoir les r\u00e9sultats et acc\u00e9der aux fonctionnalit\u00e9s de Sitechecker pendant 14 jours, d\u00e9marrez votre essai GRATUIT. L\u2019inscription est simple avec votre e-mail, Google ou Facebook. Aucune carte bancaire n\u2019est requise.<\/div>\n<h2 id=\"par5\">Id\u00e9e finale<\/h2>\n<p>Le Nofollow Link Checker vous aide \u00e0 comprendre rapidement comment une page g\u00e8re les attributs nofollow, les r\u00e8gles d\u2019indexation et le comportement des liens. L\u2019outil affiche les directives Robots meta et X-Robots-Tag, les liens internes et externes follow\/nofollow, les textes d\u2019ancrage et les codes de statut dans un rapport clair et unique. Vous pouvez \u00e9galement d\u00e9tecter d\u2019autres probl\u00e8mes on-page et des probl\u00e8mes nofollow \u00e0 l\u2019\u00e9chelle du site, afin de vous assurer que votre page est crawl\u00e9e et index\u00e9e comme pr\u00e9vu.<\/p>\n<div id=\"par6\"><\/div>\n<p><div class=\"front__faq-block\"><div class=\"faq__block-title\">FAQ<\/div><div class=\"panel-group\" id=\"faq-accordion\" itemscope itemtype=\"https:\/\/schema.org\/FAQPage\" role=\"tablist\" aria-multiselectable=\"true\"><div class=\"panel\" itemscope itemtype=\"https:\/\/schema.org\/Question\" itemprop=\"mainEntity\">\n                            <div class=\"panel-heading\" id=\"headingFaq-1\">\n                                <div class=\"panel-title\" data-toggle=\"collapse\" aria-expanded=\"false\" href=\"#collapseFaq-1\">\n                                    <h3 itemprop=\"name\">Quand dois-je utiliser un lien nofollow sur mon site ?<\/h3>\n                                <\/div>\n                            <\/div>\n                            <div id=\"collapseFaq-1\" class=\"panel-collapse collapse\" itemprop=\"acceptedAnswer\" itemscope itemtype=\"http:\/\/schema.org\/Answer\">\n                                <div class=\"panel-body\" itemprop=\"text\">Utilisez le nofollow lorsque vous faites un lien vers des sources non fiables, du contenu g\u00e9n\u00e9r\u00e9 par les utilisateurs, des placements payants ou des pages que vous ne souhaitez pas soutenir avec de la valeur de lien.<\/div>\n                            <\/div>\n                        <\/div><div class=\"panel\" itemscope itemtype=\"https:\/\/schema.org\/Question\" itemprop=\"mainEntity\">\n                            <div class=\"panel-heading\" id=\"headingFaq-2\">\n                                <div class=\"panel-title\" data-toggle=\"collapse\" aria-expanded=\"false\" href=\"#collapseFaq-2\">\n                                    <h3 itemprop=\"name\">Les liens nofollow peuvent-ils affecter mes classements ?<\/h3>\n                                <\/div>\n                            <\/div>\n                            <div id=\"collapseFaq-2\" class=\"panel-collapse collapse\" itemprop=\"acceptedAnswer\" itemscope itemtype=\"http:\/\/schema.org\/Answer\">\n                                <div class=\"panel-body\" itemprop=\"text\">Ils ne transmettent pas de PageRank, mais ils aident tout de m\u00eame les moteurs de recherche \u00e0 comprendre le contexte, \u00e0 d\u00e9couvrir de nouvelles URL et \u00e0 maintenir un profil de liens naturel.<\/div>\n                            <\/div>\n                        <\/div><div class=\"panel\" itemscope itemtype=\"https:\/\/schema.org\/Question\" itemprop=\"mainEntity\">\n                            <div class=\"panel-heading\" id=\"headingFaq-3\">\n                                <div class=\"panel-title\" data-toggle=\"collapse\" aria-expanded=\"false\" href=\"#collapseFaq-3\">\n                                    <h3 itemprop=\"name\">Les liens internes doivent-ils parfois \u00eatre en nofollow ?<\/h3>\n                                <\/div>\n                            <\/div>\n                            <div id=\"collapseFaq-3\" class=\"panel-collapse collapse\" itemprop=\"acceptedAnswer\" itemscope itemtype=\"http:\/\/schema.org\/Answer\">\n                                <div class=\"panel-body\" itemprop=\"text\">Dans la plupart des cas, non. Les liens internes en nofollow peuvent casser les chemins de crawl et r\u00e9duire l\u2019efficacit\u00e9 de l\u2019indexation, sauf si vous souhaitez intentionnellement bloquer certaines sections.<\/div>\n                            <\/div>\n                        <\/div><div class=\"panel\" itemscope itemtype=\"https:\/\/schema.org\/Question\" itemprop=\"mainEntity\">\n                            <div class=\"panel-heading\" id=\"headingFaq-4\">\n                                <div class=\"panel-title\" data-toggle=\"collapse\" aria-expanded=\"false\" href=\"#collapseFaq-4\">\n                                    <h3 itemprop=\"name\">Google respecte-t-il toujours les attributs nofollow ?<\/h3>\n                                <\/div>\n                            <\/div>\n                            <div id=\"collapseFaq-4\" class=\"panel-collapse collapse\" itemprop=\"acceptedAnswer\" itemscope itemtype=\"http:\/\/schema.org\/Answer\">\n                                <div class=\"panel-body\" itemprop=\"text\">Google consid\u00e8re le nofollow comme un indice, et non comme une directive stricte. Il peut tout de m\u00eame crawler ou indexer une URL s\u2019il la juge importante.<\/div>\n                            <\/div>\n                        <\/div><div class=\"panel\" itemscope itemtype=\"https:\/\/schema.org\/Question\" itemprop=\"mainEntity\">\n                            <div class=\"panel-heading\" id=\"headingFaq-5\">\n                                <div class=\"panel-title\" data-toggle=\"collapse\" aria-expanded=\"false\" href=\"#collapseFaq-5\">\n                                    <h3 itemprop=\"name\">\u00c0 quelle fr\u00e9quence dois-je auditer mes pages pour des probl\u00e8mes de nofollow ?<\/h3>\n                                <\/div>\n                            <\/div>\n                            <div id=\"collapseFaq-5\" class=\"panel-collapse collapse\" itemprop=\"acceptedAnswer\" itemscope itemtype=\"http:\/\/schema.org\/Answer\">\n                                <div class=\"panel-body\" itemprop=\"text\">Apr\u00e8s des mises \u00e0 jour de contenu, des refontes, des changements de CMS, des migrations ou en cas de chute soudaine du trafic \u2014 ce sont des moments courants o\u00f9 apparaissent des erreurs de nofollow.<\/div>\n                            <\/div>\n                        <\/div><\/div><\/div><\/p>","protected":false},"excerpt":{"rendered":"Qu\u2019est-ce qu\u2019un outil de v\u00e9rification des liens Nofollow ? Le Nofollow Link Checker est un outil qui analyse une page web et identifie l\u2019attribut rel=&#8221;nofollow&#8221; de tous les liens ainsi que les directives d\u2019indexation. Il d\u00e9tecte les param\u00e8tres Robots meta et X-Robots-Tag, v\u00e9rifie les attributs nofollow, affiche les liens internes et externes dofollow\/nofollow, fournit une&#8230;","protected":false},"author":10409641,"featured_media":0,"parent":0,"menu_order":0,"comment_status":"closed","ping_status":"closed","template":"pages-templates\/pages-minitools-3.php","meta":[],"categories":[72],"tags":[],"_links":{"self":[{"href":"https:\/\/sitechecker.pro\/fr\/wp-json\/wp\/v2\/pages\/29818"}],"collection":[{"href":"https:\/\/sitechecker.pro\/fr\/wp-json\/wp\/v2\/pages"}],"about":[{"href":"https:\/\/sitechecker.pro\/fr\/wp-json\/wp\/v2\/types\/page"}],"author":[{"embeddable":true,"href":"https:\/\/sitechecker.pro\/fr\/wp-json\/wp\/v2\/users\/10409641"}],"replies":[{"embeddable":true,"href":"https:\/\/sitechecker.pro\/fr\/wp-json\/wp\/v2\/comments?post=29818"}],"version-history":[{"count":12,"href":"https:\/\/sitechecker.pro\/fr\/wp-json\/wp\/v2\/pages\/29818\/revisions"}],"predecessor-version":[{"id":39346,"href":"https:\/\/sitechecker.pro\/fr\/wp-json\/wp\/v2\/pages\/29818\/revisions\/39346"}],"wp:attachment":[{"href":"https:\/\/sitechecker.pro\/fr\/wp-json\/wp\/v2\/media?parent=29818"}],"wp:term":[{"taxonomy":"category","embeddable":true,"href":"https:\/\/sitechecker.pro\/fr\/wp-json\/wp\/v2\/categories?post=29818"},{"taxonomy":"post_tag","embeddable":true,"href":"https:\/\/sitechecker.pro\/fr\/wp-json\/wp\/v2\/tags?post=29818"}],"curies":[{"name":"wp","href":"https:\/\/api.w.org\/{rel}","templated":true}]}}