{"id":29810,"date":"2024-01-22T15:46:39","date_gmt":"2024-01-22T15:46:39","guid":{"rendered":"https:\/\/sitechecker.pro\/?page_id=29810"},"modified":"2026-02-19T15:12:39","modified_gmt":"2026-02-19T15:12:39","slug":"dofollow-link-checker-detect-follow-links-link-errors","status":"publish","type":"page","link":"https:\/\/sitechecker.pro\/fr\/dofollow-link-checker\/","title":{"rendered":"V\u00e9rificateur de liens Dofollow | D\u00e9tecter les liens suivis et les erreurs de lien"},"content":{"rendered":"<p><\/p>\n<h2 id=\"par1\">Qu\u2019est-ce qu\u2019un Dofollow Link Checker ?<\/h2>\n<p> Un Dofollow Link Detector de <a href=\"https:\/\/sitechecker.pro\/\" target=\"_blank\" rel=\"noopener noreferrer\">Sitechecker<\/a> est un outil permettant d\u2019identifier et d\u2019analyser les liens <a href=\"https:\/\/sitechecker.pro\/what-is-dofollow-link\/\" target=\"_blank\" rel=\"noopener noreferrer\">dofollow<\/a> sur un site web ou une page sp\u00e9cifique.<\/p>\n<p>Cet outil facilite \u00e9galement la v\u00e9rification des codes de statut des URL internes ainsi que l\u2019analyse de leurs textes d\u2019ancrage. De plus, il effectue un audit technique de votre site, en identifiant et en signalant tout probl\u00e8me li\u00e9 aux pages. Cela inclut l\u2019\u00e9valuation de l\u2019impact et de la qualit\u00e9 des pages.<\/p>\n<h3>L\u2019outil peut vous aider de plusieurs fa\u00e7ons<\/h3>\n<p> <strong>Identification des liens Dofollow : <\/strong>con\u00e7u pour d\u00e9tecter et r\u00e9pertorier toutes les URL d\u2019une page web qui ne portent pas l\u2019attribut rel=&#8221;<a href=\"https:\/\/sitechecker.pro\/nofollow-link-checker\/\" target=\"_blank\" rel=\"noopener noreferrer\">nofollow<\/a>&#8220;. Cela vous permet d\u2019identifier quelles URL transmettent potentiellement l\u2019autorit\u00e9 de page \u00e0 des fins SEO.<\/p>\n<p><strong>V\u00e9rification des codes de statut pour les URL internes Dofollow : <\/strong>v\u00e9rifiez les codes de statut HTTP des URL internes de votre site qui sont marqu\u00e9es comme dofollow.<\/p>\n<p><strong>Identification et signalement des erreurs ou probl\u00e8mes li\u00e9s aux liens Follow : <\/strong>destin\u00e9 \u00e0 identifier et signaler les erreurs ou probl\u00e8mes sp\u00e9cifiquement associ\u00e9s aux attributs follow. Cela inclut les URL cass\u00e9es, les structures incorrectes et d\u2019autres probl\u00e8mes connexes.<\/p>\n<h3>Fonctionnalit\u00e9s cl\u00e9s de l\u2019outil<\/h3>\n<p> <strong>Tableau de bord unifi\u00e9 : <\/strong>cette fonctionnalit\u00e9 vous permet de surveiller toutes les m\u00e9triques importantes dans un tableau de bord unique et facile \u00e0 parcourir. Cette centralisation simplifie l\u2019analyse et le test de nouvelles hypoth\u00e8ses SEO, en offrant une vue compl\u00e8te des performances de votre site.<\/p>\n<p><strong>Interface conviviale : <\/strong>l\u2019outil est con\u00e7u en mettant l\u2019accent sur l\u2019exp\u00e9rience utilisateur, afin que m\u00eame les personnes sans connaissances SEO approfondies puissent naviguer et utiliser efficacement ses fonctionnalit\u00e9s. Cela comprend une pr\u00e9sentation claire des donn\u00e9es et des guides \u00e9tape par \u00e9tape pour r\u00e9soudre les probl\u00e8mes identifi\u00e9s.<\/p>\n<p><strong>Ensemble complet d\u2019outils SEO : <\/strong>fournit une suite robuste d\u2019outils SEO, regroup\u00e9s en deux fonctionnalit\u00e9s principales : le Rank Tracker, qui importe et met \u00e0 jour les mots-cl\u00e9s de positionnement, prend en charge plusieurs moteurs de recherche et fournit des informations sur les pages les plus performantes ; et la fonctionnalit\u00e9 Site Monitoring, qui analyse les sites pour d\u00e9tecter des mises \u00e0 jour telles que des changements de contenu et des URL cass\u00e9es, essentielles pour suivre les modifications li\u00e9es aux CMS, th\u00e8mes et plugins, etc.<\/p>\n<h2 id=\"par2\">Comment utiliser l\u2019outil<\/h2>\n<h3>\u00c9tape 1 : Pour d\u00e9marrer l\u2019analyse, saisissez simplement le nom de domaine ou l\u2019URL d\u2019une page sp\u00e9cifique et attendez le r\u00e9sultat<\/h3>\n<div class=\"content__img-wrap\"><img src=\"https:\/\/sitechecker.pro\/wp-content\/uploads\/2024\/01\/dofollow-link-checker.png\" alt=\"Dofollow Link Checker\" class=\"description-img description-img-zoom\" loading=\"lazy\" ><\/div>\n<h3>\u00c9tape 2 : Obtenir les r\u00e9sultats<\/h3>\n<p> Le Dofollow Link Finder propose une analyse d\u00e9taill\u00e9e des liens internes et externes d\u2019un site web. Il affiche chaque URL ainsi que son code de statut HTTP, et identifie les redirections ou les URL cass\u00e9es. L\u2019outil distingue \u00e9galement les liens \u00ab dofollow \u00bb et \u00ab nofollow \u00bb, ce qui aide \u00e0 pr\u00e9server l\u2019\u00e9quit\u00e9 SEO. En outre, il analyse les textes d\u2019ancrage afin de s\u2019assurer qu\u2019ils renforcent le SEO, ce qui est essentiel pour am\u00e9liorer le classement d\u2019un site dans les moteurs de recherche.<\/p>\n<div class=\"content__img-wrap\"><img src=\"https:\/\/sitechecker.pro\/wp-content\/uploads\/2024\/01\/page-details-dofollow.png\" alt=\"Page Details Dofollow\" class=\"description-img description-img-zoom\" loading=\"lazy\" ><\/div>\n<h2 id=\"par3\">Fonctionnalit\u00e9s suppl\u00e9mentaires<\/h2>\n<p> La section Site Audit fournit une vue d\u2019ensemble compl\u00e8te de la sant\u00e9 SEO d\u2019un site web, en pr\u00e9sentant des m\u00e9triques importantes telles que le nombre de probl\u00e8mes critiques, d\u2019avertissements, d\u2019opportunit\u00e9s d\u2019am\u00e9lioration et de notifications. Le Website Score offre une repr\u00e9sentation visuelle rapide des performances SEO actuelles du site.<\/p>\n<p>L\u2019outil identifie les URL non index\u00e9es marqu\u00e9es \u00e0 tort comme \u00ab follow \u00bb, emp\u00eachant ainsi un crawl mal dirig\u00e9 des moteurs de recherche. Il rep\u00e8re \u00e9galement les pages qui re\u00e7oivent des signaux mixtes \u00ab follow \u00bb et \u00ab nofollow \u00bb, clarifiant l\u2019autorit\u00e9 des pages pour les moteurs de recherche. Il met en avant les pages disposant de peu d\u2019URL internes \u00ab follow \u00bb, ce qui peut nuire \u00e0 leur potentiel de classement. Le checker veille aussi \u00e0 ce que les textes d\u2019ancrage des attributs \u00ab follow \u00bb soient descriptifs, aidant ainsi les moteurs de recherche \u00e0 mieux comprendre le contexte du contenu li\u00e9. Gr\u00e2ce \u00e0 ces informations, les webmasters peuvent affiner la strat\u00e9gie de leur site pour obtenir de meilleurs r\u00e9sultats SEO.<\/p>\n<div class=\"content__img-wrap\"><img src=\"https:\/\/sitechecker.pro\/wp-content\/uploads\/2024\/01\/follow-links-issues.png\" alt=\"Follow Links Issues\" class=\"description-img description-img-zoom\" loading=\"lazy\" ><\/div>\n<h2 id=\"par4\">Id\u00e9e finale<\/h2>\n<p> Le Dofollow Link Analyzer est un outil complet con\u00e7u pour identifier les attributs \u00ab dofollow \u00bb qui influencent l\u2019autorit\u00e9 SEO. Il simplifie l\u2019audit de site gr\u00e2ce \u00e0 un tableau de bord unifi\u00e9 permettant un suivi facile des m\u00e9triques SEO, et propose une interface conviviale adapt\u00e9e m\u00eame aux utilisateurs ayant une expertise SEO limit\u00e9e. Son vaste ensemble d\u2019outils SEO, incluant le Rank Tracker et le Site Monitoring, aide \u00e0 optimiser la strat\u00e9gie de liens d\u2019un site et \u00e0 am\u00e9liorer les classements dans les moteurs de recherche en traitant des probl\u00e8mes tels que les URL \u00ab follow \u00bb non index\u00e9es et les signaux mixtes \u00ab follow \u00bb et \u00ab nofollow \u00bb. Le Dofollow Link Checker est essentiel pour les webmasters souhaitant am\u00e9liorer efficacement les performances SEO de leur site. <\/p>\n<div id=\"par5\"><\/div>\n<p> <div class=\"front__faq-block\"><div class=\"faq__block-title\">FAQ<\/div><div class=\"panel-group\" id=\"faq-accordion\" itemscope itemtype=\"https:\/\/schema.org\/FAQPage\" role=\"tablist\" aria-multiselectable=\"true\"><div class=\"panel\" itemscope itemtype=\"https:\/\/schema.org\/Question\" itemprop=\"mainEntity\">\n                            <div class=\"panel-heading\" id=\"headingFaq-1\">\n                                <div class=\"panel-title\" data-toggle=\"collapse\" aria-expanded=\"false\" href=\"#collapseFaq-1\">\n                                    <h3 itemprop=\"name\">Quels types de liens le Dofollow Link Checker peut-il analyser ?<\/h3>\n                                <\/div>\n                            <\/div>\n                            <div id=\"collapseFaq-1\" class=\"panel-collapse collapse\" itemprop=\"acceptedAnswer\" itemscope itemtype=\"http:\/\/schema.org\/Answer\">\n                                <div class=\"panel-body\" itemprop=\"text\">Le Dofollow URL Checker peut analyser \u00e0 la fois les pages \u00ab dofollow \u00bb internes et externes d\u2019un site web, y compris leurs codes de statut HTTP et leurs textes d\u2019ancrage.<\/div>\n                            <\/div>\n                        <\/div><div class=\"panel\" itemscope itemtype=\"https:\/\/schema.org\/Question\" itemprop=\"mainEntity\">\n                            <div class=\"panel-heading\" id=\"headingFaq-2\">\n                                <div class=\"panel-title\" data-toggle=\"collapse\" aria-expanded=\"false\" href=\"#collapseFaq-2\">\n                                    <h3 itemprop=\"name\">L\u2019outil en ligne Dofollow Link Checker peut-il d\u00e9tecter les liens cass\u00e9s ?<\/h3>\n                                <\/div>\n                            <\/div>\n                            <div id=\"collapseFaq-2\" class=\"panel-collapse collapse\" itemprop=\"acceptedAnswer\" itemscope itemtype=\"http:\/\/schema.org\/Answer\">\n                                <div class=\"panel-body\" itemprop=\"text\">Oui, il peut identifier les URL cass\u00e9es en v\u00e9rifiant les codes de statut HTTP des URL marqu\u00e9es comme \u00ab dofollow \u00bb.<\/div>\n                            <\/div>\n                        <\/div><div class=\"panel\" itemscope itemtype=\"https:\/\/schema.org\/Question\" itemprop=\"mainEntity\">\n                            <div class=\"panel-heading\" id=\"headingFaq-3\">\n                                <div class=\"panel-title\" data-toggle=\"collapse\" aria-expanded=\"false\" href=\"#collapseFaq-3\">\n                                    <h3 itemprop=\"name\">\u00c0 quelle fr\u00e9quence un site web doit-il \u00eatre audit\u00e9 avec le Dofollow Link Checker ?<\/h3>\n                                <\/div>\n                            <\/div>\n                            <div id=\"collapseFaq-3\" class=\"panel-collapse collapse\" itemprop=\"acceptedAnswer\" itemscope itemtype=\"http:\/\/schema.org\/Answer\">\n                                <div class=\"panel-body\" itemprop=\"text\">Des audits r\u00e9guliers sont recommand\u00e9s, en particulier apr\u00e8s des mises \u00e0 jour majeures de contenu, des restructurations ou lorsque des changements de trafic sont constat\u00e9s. Certains pr\u00e9f\u00e8rent planifier des audits mensuels ou trimestriels, selon la taille et le dynamisme du site.<\/div>\n                            <\/div>\n                        <\/div><\/div><\/div><\/p>","protected":false},"excerpt":{"rendered":"Qu\u2019est-ce qu\u2019un Dofollow Link Checker ? Un Dofollow Link Detector de Sitechecker est un outil permettant d\u2019identifier et d\u2019analyser les liens dofollow sur un site web ou une page sp\u00e9cifique. Cet outil facilite \u00e9galement la v\u00e9rification des codes de statut des URL internes ainsi que l\u2019analyse de leurs textes d\u2019ancrage. De plus, il effectue un&#8230;","protected":false},"author":10409641,"featured_media":0,"parent":0,"menu_order":0,"comment_status":"closed","ping_status":"closed","template":"pages-templates\/pages-minitools-3.php","meta":[],"categories":[72],"tags":[],"_links":{"self":[{"href":"https:\/\/sitechecker.pro\/fr\/wp-json\/wp\/v2\/pages\/29810"}],"collection":[{"href":"https:\/\/sitechecker.pro\/fr\/wp-json\/wp\/v2\/pages"}],"about":[{"href":"https:\/\/sitechecker.pro\/fr\/wp-json\/wp\/v2\/types\/page"}],"author":[{"embeddable":true,"href":"https:\/\/sitechecker.pro\/fr\/wp-json\/wp\/v2\/users\/10409641"}],"replies":[{"embeddable":true,"href":"https:\/\/sitechecker.pro\/fr\/wp-json\/wp\/v2\/comments?post=29810"}],"version-history":[{"count":15,"href":"https:\/\/sitechecker.pro\/fr\/wp-json\/wp\/v2\/pages\/29810\/revisions"}],"predecessor-version":[{"id":39378,"href":"https:\/\/sitechecker.pro\/fr\/wp-json\/wp\/v2\/pages\/29810\/revisions\/39378"}],"wp:attachment":[{"href":"https:\/\/sitechecker.pro\/fr\/wp-json\/wp\/v2\/media?parent=29810"}],"wp:term":[{"taxonomy":"category","embeddable":true,"href":"https:\/\/sitechecker.pro\/fr\/wp-json\/wp\/v2\/categories?post=29810"},{"taxonomy":"post_tag","embeddable":true,"href":"https:\/\/sitechecker.pro\/fr\/wp-json\/wp\/v2\/tags?post=29810"}],"curies":[{"name":"wp","href":"https:\/\/api.w.org\/{rel}","templated":true}]}}