{"id":29734,"date":"2024-01-18T17:13:05","date_gmt":"2024-01-18T17:13:05","guid":{"rendered":"https:\/\/sitechecker.pro\/?page_id=29734"},"modified":"2025-04-14T08:35:16","modified_gmt":"2025-04-14T08:35:16","slug":"website-link-counter-url-count-link-analysis-error-detection","status":"publish","type":"page","link":"https:\/\/sitechecker.pro\/fr\/website-link-counter\/","title":{"rendered":"V\u00e9rificateur de nombre de liens de site Web"},"content":{"rendered":"<p><\/p>\n<h2 id=\"par1\">Qu&#8217;est-ce que Link Counter\u00a0?<\/h2>\n<p>Le compteur de liens internes de site Web de <a href=\"https:\/\/sitechecker.pro\/\" target=\"_blank\" rel=\"noopener noreferrer\">Sitechecker<\/a> est un outil con\u00e7u pour d\u00e9terminer le nombre total d&#8217;<a href=\"https:\/\/sitechecker.pro\/what-is-internal-link\/\" target=\"_blank\" rel=\"noopener noreferrer\">URL sur un site<\/a> ou une page et offre une gamme de fonctionnalit\u00e9s pour l&#8217;analyse des URL. Il est utile pour identifier les URL de votre <a href=\"https:\/\/sitechecker.pro\/what-is-sitemap\/\" target=\"_blank\" rel=\"noopener noreferrer\">Sitemap<\/a> XML qui sont <a href=\"https:\/\/sitechecker.pro\/what-is-google-index\/\" target=\"_blank\" rel=\"noopener noreferrer\">index\u00e9es par les moteurs de recherche Google<\/a> et pour d\u00e9tecter les \u00e9ventuelles erreurs dans les hyperliens de votre site Web.<\/p>\n<h3>L&#8217;outil peut vous aider en<\/h3>\n<p><strong>Nombre total d&#8217;URL\u00a0: <\/strong>Il calcule le nombre total d&#8217;URL sur votre site Web (liens internes, externes, nofollow et dofollow)<\/p>\n<p><strong>Analyse des liens\u00a0: <\/strong>Il identifie les URL internes et externes de votre site et de votre page qui sont index\u00e9es par les moteurs de recherche Google.<\/p>\n<p><strong>D\u00e9tection d&#8217;erreurs\u00a0: <\/strong>Il d\u00e9tecte les \u00e9ventuelles erreurs pr\u00e9sentes dans les hyperliens de votre site Web.<\/p>\n<h3>Les principales fonctionnalit\u00e9s de l&#8217;outil<\/h3>\n<p><strong>Tableau de bord unifi\u00e9\u00a0:<\/strong>Fournit une vue centrale et compl\u00e8te des performances et des indicateurs SEO de votre site Web, facilitant ainsi la surveillance et l&#8217;analyse des donn\u00e9es.<\/p>\n<p><strong>Interface conviviale\u00a0:<\/strong>Con\u00e7ue pour une utilisation facile, garantissant que m\u00eame les utilisateurs ayant une expertise technique limit\u00e9e peuvent naviguer et utiliser l&#8217;outil efficacement.<\/p>\n<p><strong>Ensemble d&#8217;outils SEO complet\u00a0:<\/strong>Offre une large gamme d&#8217;outils SEO, couvrant divers aspects tels que l&#8217;analyse, la recherche de mots cl\u00e9s, les audits de site et le suivi des performances, ce qui en fait une solution polyvalente pour les besoins SEO.<\/p>\n<h2 id=\"par2\">Comment utiliser l&#8217;outil de comptage de liens<\/h2>\n<p>Il existe deux approches pour compter les liens d&#8217;un site Web\u00a0: utiliser la m\u00e9thode du domaine ou v\u00e9rifier une page sp\u00e9cifique. Optez pour la m\u00e9thode du domaine pour compter toutes les adresses URL d&#8217;un site Web et v\u00e9rifier les \u00e9ventuels probl\u00e8mes d&#8217;adresse URL. Alternativement, la m\u00e9thode URL est id\u00e9ale pour analyser une page particuli\u00e8re, en capturant toutes ses adresses URL et les donn\u00e9es associ\u00e9es, telles que les codes d&#8217;\u00e9tat. S\u00e9lectionnez simplement la m\u00e9thode qui r\u00e9pond \u00e0 vos besoins, entrez le domaine ou l&#8217;URL, puis cliquez sur \u00ab\u00a0<a href=\"https:\/\/sitechecker.pro\/link-extractor\/\"> Obtenir tous les liens\u00a0<\/a>\u00a0\u00bb<\/p>\n<div class=\"content__img-wrap\"><img src=\"https:\/\/sitechecker.pro\/wp-content\/uploads\/2024\/04\/1-choose-an-audit.png\" alt=\"Link Counter\" class=\"description-img description-img-zoom\" loading=\"lazy\" ><\/div>\n<h2 id=\"par3\">V\u00e9rification du domaine<\/h2>\n<h3>\u00c9tape 1\u00a0: s\u00e9lectionnez l&#8217;option de domaine, saisissez le domaine que vous souhaitez analyser et appuyez sur le bouton \u00ab\u00a0Obtenir tous les liens\u00a0\u00bb<\/p>\n<div class=\"content__img-wrap\"><img src=\"https:\/\/sitechecker.pro\/wp-content\/uploads\/2024\/04\/2-get-all-link-from-a-website.png\" alt=\"Link Counter Check Domain\" class=\"description-img description-img-zoom\" loading=\"lazy\" ><\/div>\n<div class=\"important-block\">Pour recevoir les r\u00e9sultats et acc\u00e9der aux fonctionnalit\u00e9s de Sitechecker pendant 14 jours, Commencez votre essai GRATUIT. L'inscription est facile avec votre e-mail, votre compte Google ou Facebook. Aucune carte de cr\u00e9dit n'est n\u00e9cessaire.<\/div>\n<h3>\u00c9tape 2. R\u00e9sultats<\/h3>\n<p>Le compteur de liens est capable d&#8217;identifier divers probl\u00e8mes d&#8217;hyperliens, tels que les URL internes orphelines et inad\u00e9quates. Il quantifie les probl\u00e8mes critiques et fournit un d\u00e9compte clair des avertissements et des opportunit\u00e9s d&#8217;am\u00e9lioration. En cat\u00e9gorisant les pages affect\u00e9es, il vous aide \u00e0 hi\u00e9rarchiser les correctifs li\u00e9s au r\u00e9f\u00e9rencement, am\u00e9liorant ainsi la structure de l&#8217;adresse URL de votre site Web et la visibilit\u00e9 des moteurs de recherche.<\/p>\n<div class=\"content__img-wrap\"><img src=\"https:\/\/sitechecker.pro\/wp-content\/uploads\/2024\/01\/site-audit-links-issues.png\" alt=\"Probl\u00e8mes de liens d'audit de site\" class=\"description-img description-img-zoom\" loading=\"lazy\" ><\/div>\n<p>Sur l&#8217;\u00e9cran Toutes les pages, vous trouverez le <a href=\"https:\/\/sitechecker.pro\/page-counter\/\" data-wpil-monitor-id=\"143\">nombre total de pages de votre site<\/a>, une liste de toutes les pages, leurs codes de r\u00e9ponse et les valeurs de poids des pages.<\/p>\n<p>Dans l&#8217;outil Compteur de liens, la fonction &#8220;Toutes les pages HTML&#8221; affiche une liste compl\u00e8te de toutes les pages de votre site qui ont \u00e9t\u00e9 explor\u00e9es.<\/p>\n<p>Pour chaque page, l&#8217;outil fournit des mesures d\u00e9taill\u00e9es telles que le nombre d&#8217;hyperliens externes, entrants et internes. Cela vous permet d&#8217;\u00e9valuer syst\u00e9matiquement la structure d&#8217;adresse des hyperliens de votre site et de prendre des d\u00e9cisions \u00e9clair\u00e9es pour le r\u00e9f\u00e9rencement et la maintenance de la sant\u00e9 du site.<\/p>\n<div class=\"content__img-wrap\"><img src=\"https:\/\/sitechecker.pro\/wp-content\/uploads\/2024\/01\/all-html-pages-1.png\" alt=\"Toutes les pages HTML\" class=\"description-img description-img-zoom\" loading=\"lazy\" ><\/div>\n<h3>Fonctionnalit\u00e9s suppl\u00e9mentaires de la v\u00e9rification de domaine<\/h3>\n<p>La fonction \u00ab\u00a0D\u00e9tails de la page\u00a0\u00bb de l&#8217;outil Compteur de liens fournit une analyse approfondie des URL internes d&#8217;une page sp\u00e9cifique de votre site Web. Elle r\u00e9pertorie chaque lien interne trouv\u00e9 sur la page s\u00e9lectionn\u00e9e, ainsi que son code d&#8217;\u00e9tat et s&#8217;il est marqu\u00e9 comme \u00ab\u00a0dofollow\u00a0\u00bb ou \u00ab\u00a0nofollow\u00a0\u00bb pour les robots d&#8217;exploration des moteurs de recherche. Cette section vous permet de surveiller la connectivit\u00e9 et la convivialit\u00e9 SEO de la structure d&#8217;adresse de votre page interne, garantissant que les pages importantes sont accessibles et que la valeur de la page est transmise efficacement sur l&#8217;ensemble de votre site.<\/p>\n<div class=\"content__img-wrap\"><img src=\"https:\/\/sitechecker.pro\/wp-content\/uploads\/2024\/01\/page-details-links.png\" alt=\"Liens vers les d\u00e9tails de la page\" class=\"description-img description-img-zoom\" loading=\"lazy\" ><\/div>\n<h2 id=\"par4\">V\u00e9rification de la page<\/h2>\n<p>Cliquez sur le bouton \u00ab\u00a0V\u00e9rifier la page\u00a0\u00bb pour initialiser l&#8217;analyse d&#8217;une page<\/p>\n<div class=\"content__img-wrap\"><img src=\"https:\/\/sitechecker.pro\/wp-content\/uploads\/2024\/04\/3-Get-all-links-from-a-page.png\" alt=\"Link Counter Check Page\" class=\"description-img description-img-zoom\" loading=\"lazy\" ><\/div>\n<p>L&#8217;outil Page Link Counter pr\u00e9sente un aper\u00e7u structur\u00e9 d&#8217;une URL sp\u00e9cifique. Il identifie les adresses URL externes, qui sont celles qui m\u00e8nent \u00e0 d&#8217;autres sites Web, ainsi que leurs URL, textes d&#8217;ancrage et codes de r\u00e9ponse HTTP respectifs, vous permettant de v\u00e9rifier que ces adresses de page m\u00e8nent \u00e0 des pages actives et pertinentes.<\/p>\n<p>Parall\u00e8lement, il d\u00e9taille \u00e9galement les URL internes, englobant tous les \u00e9l\u00e9ments de navigation de votre site. Cela inclut les URL et les textes utilis\u00e9s pour cr\u00e9er des liens, ainsi que leurs codes d&#8217;\u00e9tat pour confirmer leur int\u00e9grit\u00e9 op\u00e9rationnelle.<\/p>\n<p>De plus, l&#8217;outil met en \u00e9vidence les URL des sous-domaines, fournissant des informations sur la mani\u00e8re dont les sous-domaines de votre domaine principal sont interconnect\u00e9s. Il affiche l&#8217;URL et le texte d&#8217;ancrage descriptif de chaque adresse de page, ainsi que leurs codes de r\u00e9ponse, donnant une image claire de la sant\u00e9 et de la structure de votre r\u00e9seau de sites Web plus large.<\/p>\n<div class=\"content__img-wrap\"><img src=\"https:\/\/sitechecker.pro\/wp-content\/uploads\/2024\/01\/external-internal-subdomain-links.png\" alt=\"Liens de sous-domaines internes externes\" class=\"description-img description-img-zoom\" loading=\"lazy\" ><\/div>\n<p>N&#8217;oubliez pas que l&#8217;audit d&#8217;une seule page n&#8217;am\u00e9liorera pas forc\u00e9ment le r\u00e9f\u00e9rencement de votre site Web. Pour une \u00e9valuation compl\u00e8te, s\u00e9lectionnez \u00ab\u00a0Ex\u00e9cuter un audit complet du site Web\u00a0\u00bb. Cette option est d\u00e9taill\u00e9e dans la premi\u00e8re partie de notre manuel, qui explique les donn\u00e9es que vous recevrez lors d&#8217;une inspection compl\u00e8te du site.<\/p>\n<p>En outre, visitez la section \u00ab\u00a0Audit du site\u00a0\u00bb pour lancer notre projet de d\u00e9monstration. Cela vous permettra de d\u00e9couvrir toutes les capacit\u00e9s de l&#8217;outil et d&#8217;obtenir des informations essentielles sur les performances de votre site Web.<\/p>\n<div class=\"content__img-wrap\"><img src=\"https:\/\/sitechecker.pro\/wp-content\/uploads\/2024\/01\/run-full-website-audit-3.png\" alt=\"Ex\u00e9cuter l'audit complet du site Web\" class=\"description-img description-img-zoom\" loading=\"lazy\" ><\/div>\n<p><iframe width=\"700\" height=\"350\" src=\"https:\/\/www.youtube.com\/embed\/-cexaqBe4KQ?si=PhGWgldVUcxNCsqq&amp;start=213\" title=\"Lecteur vid\u00e9o YouTube\" frameborder=\"0\" allow=\"accelerometer; autoplay; clipboard-write; encrypted-media; gyroscope; picture-in-picture; web-share\" allowfullscreen><\/iframe><\/p>\n<h3>Fonctionnalit\u00e9s suppl\u00e9mentaires de la v\u00e9rification du compteur de liens de page <\/h3>\n<p>La fonction \u00ab\u00a0D\u00e9tails de la page\u00a0\u00bb de l&#8217;outil Compteur de liens fournit une analyse approfondie des URL internes d&#8217;une page sp\u00e9cifique de votre site Web. Cette section r\u00e9pertorie chaque lien interne trouv\u00e9 sur la page s\u00e9lectionn\u00e9e, ainsi que son code d&#8217;\u00e9tat et indique s&#8217;il est marqu\u00e9 comme \u00ab dofollow \u00bb ou \u00ab nofollow \u00bb pour les robots d&#8217;exploration des moteurs de recherche. Cette section vous permet de surveiller la connectivit\u00e9 et la convivialit\u00e9 SEO de la structure d&#8217;adresse de votre page interne, garantissant ainsi que les pages importantes sont accessibles et que la valeur de la page est transmise efficacement sur l&#8217;ensemble de votre site. De plus, en utilisant l&#8217;outil <a href=\"https:\/\/sitechecker.pro\/directory-scanner\/\">Page Counter<\/a>, vous pouvez suivre le nombre total de pages de votre site Web, ce qui contribue \u00e0 maintenir une structure bien organis\u00e9e et \u00e0 garantir que toutes les pages sont correctement index\u00e9es et optimis\u00e9es pour les moteurs de recherche.<\/p>\n<div class=\"content__img-wrap\"><img src=\"https:\/\/sitechecker.pro\/wp-content\/uploads\/2024\/01\/issues-overview-5.png\" alt=\"Issues Overview\" class=\"description-img description-img-zoom\" loading=\"lazy\" ><\/div>\n<h2 id=\"par5\">Derni\u00e8re id\u00e9e<\/h2>\n<p>Website Link Counter Checker appara\u00eet comme un outil indispensable pour tout webmaster cherchant \u00e0 am\u00e9liorer le r\u00e9f\u00e9rencement de son site Web. En offrant une analyse approfondie des URL, y compris le nombre total d&#8217;URL, l&#8217;analyse des liens et la d\u00e9tection des erreurs, il fournit une plate-forme robuste pour optimiser la structure des liens de votre site. Son interface conviviale, son tableau de bord unifi\u00e9 et son ensemble complet d&#8217;outils de r\u00e9f\u00e9rencement permettent aux utilisateurs d&#8217;effectuer des audits de site complets, de suivre les performances et de prendre des d\u00e9cisions \u00e9clair\u00e9es.<\/p>\n<div id=\"par6\"><\/div>\n<p><div class=\"front__faq-block\"><div class=\"faq__block-title\">FAQ<\/div><div class=\"panel-group\" id=\"faq-accordion\" itemscope itemtype=\"https:\/\/schema.org\/FAQPage\" role=\"tablist\" aria-multiselectable=\"true\"><div class=\"panel\" itemscope itemtype=\"https:\/\/schema.org\/Question\" itemprop=\"mainEntity\">\n                            <div class=\"panel-heading\" id=\"headingFaq-1\">\n                                <div class=\"panel-title\" data-toggle=\"collapse\" aria-expanded=\"false\" href=\"#collapseFaq-1\">\n                                    <h3 itemprop=\"name\">Quel type de liens l&apos;outil Link Counter analyse-t-il ?<\/h3>\n                                <\/div>\n                            <\/div>\n                            <div id=\"collapseFaq-1\" class=\"panel-collapse collapse\" itemprop=\"acceptedAnswer\" itemscope itemtype=\"http:\/\/schema.org\/Answer\">\n                                <div class=\"panel-body\" itemprop=\"text\">L&apos;outil URL Address Counter analyse les liens internes, externes, dofollow et nofollow au sein d&apos;un site Web.<\/div>\n                            <\/div>\n                        <\/div><div class=\"panel\" itemscope itemtype=\"https:\/\/schema.org\/Question\" itemprop=\"mainEntity\">\n                            <div class=\"panel-heading\" id=\"headingFaq-2\">\n                                <div class=\"panel-title\" data-toggle=\"collapse\" aria-expanded=\"false\" href=\"#collapseFaq-2\">\n                                    <h3 itemprop=\"name\">L&apos;analyseur de nombre de liens peut-il identifier les probl\u00e8mes de r\u00e9f\u00e9rencement li\u00e9s aux hyperliens ?<\/h3>\n                                <\/div>\n                            <\/div>\n                            <div id=\"collapseFaq-2\" class=\"panel-collapse collapse\" itemprop=\"acceptedAnswer\" itemscope itemtype=\"http:\/\/schema.org\/Answer\">\n                                <div class=\"panel-body\" itemprop=\"text\">Oui, il peut d\u00e9tecter les URL orphelines et les adresses de pages internes inad\u00e9quates, et fournir un d\u00e9compte des avertissements et des opportunit\u00e9s d&apos;am\u00e9lioration du r\u00e9f\u00e9rencement.<\/div>\n                            <\/div>\n                        <\/div><div class=\"panel\" itemscope itemtype=\"https:\/\/schema.org\/Question\" itemprop=\"mainEntity\">\n                            <div class=\"panel-heading\" id=\"headingFaq-3\">\n                                <div class=\"panel-title\" data-toggle=\"collapse\" aria-expanded=\"false\" href=\"#collapseFaq-3\">\n                                    <h3 itemprop=\"name\">L&apos;identifiant du nombre de liens convient-il aux utilisateurs non techniques ?<\/h3>\n                                <\/div>\n                            <\/div>\n                            <div id=\"collapseFaq-3\" class=\"panel-collapse collapse\" itemprop=\"acceptedAnswer\" itemscope itemtype=\"http:\/\/schema.org\/Answer\">\n                                <div class=\"panel-body\" itemprop=\"text\">Absolument, il est con\u00e7u avec une interface conviviale qui permet aux personnes ayant une expertise technique limit\u00e9e de naviguer et d&apos;utiliser facilement l&apos;outil.<\/div>\n                            <\/div>\n                        <\/div><div class=\"panel\" itemscope itemtype=\"https:\/\/schema.org\/Question\" itemprop=\"mainEntity\">\n                            <div class=\"panel-heading\" id=\"headingFaq-4\">\n                                <div class=\"panel-title\" data-toggle=\"collapse\" aria-expanded=\"false\" href=\"#collapseFaq-4\">\n                                    <h3 itemprop=\"name\">Qu&apos;implique un audit complet de site Web par rapport \u00e0 un audit d&apos;une seule page ?<\/h3>\n                                <\/div>\n                            <\/div>\n                            <div id=\"collapseFaq-4\" class=\"panel-collapse collapse\" itemprop=\"acceptedAnswer\" itemscope itemtype=\"http:\/\/schema.org\/Answer\">\n                                <div class=\"panel-body\" itemprop=\"text\">Un audit complet du site Web fournit une vue compl\u00e8te de l&apos;\u00e9tat g\u00e9n\u00e9ral du site, y compris toutes les pages, tandis qu&apos;un audit d&apos;une seule page se concentre sur les adresses URL et les \u00e9l\u00e9ments SEO d&apos;une page.<\/div>\n                            <\/div>\n                        <\/div><\/div><\/div><\/p>","protected":false},"excerpt":{"rendered":"Qu&#8217;est-ce que Link Counter\u00a0? Le compteur de liens internes de site Web de Sitechecker est un outil con\u00e7u pour d\u00e9terminer le nombre total d&#8217;URL sur un site ou une page et offre une gamme de fonctionnalit\u00e9s pour l&#8217;analyse des URL. Il est utile pour identifier les URL de votre Sitemap XML qui sont index\u00e9es par&#8230;","protected":false},"author":10409641,"featured_media":0,"parent":0,"menu_order":0,"comment_status":"closed","ping_status":"closed","template":"pages-templates\/pages-minitools-3.php","meta":[],"categories":[72],"tags":[],"_links":{"self":[{"href":"https:\/\/sitechecker.pro\/fr\/wp-json\/wp\/v2\/pages\/29734"}],"collection":[{"href":"https:\/\/sitechecker.pro\/fr\/wp-json\/wp\/v2\/pages"}],"about":[{"href":"https:\/\/sitechecker.pro\/fr\/wp-json\/wp\/v2\/types\/page"}],"author":[{"embeddable":true,"href":"https:\/\/sitechecker.pro\/fr\/wp-json\/wp\/v2\/users\/10409641"}],"replies":[{"embeddable":true,"href":"https:\/\/sitechecker.pro\/fr\/wp-json\/wp\/v2\/comments?post=29734"}],"version-history":[{"count":9,"href":"https:\/\/sitechecker.pro\/fr\/wp-json\/wp\/v2\/pages\/29734\/revisions"}],"predecessor-version":[{"id":36586,"href":"https:\/\/sitechecker.pro\/fr\/wp-json\/wp\/v2\/pages\/29734\/revisions\/36586"}],"wp:attachment":[{"href":"https:\/\/sitechecker.pro\/fr\/wp-json\/wp\/v2\/media?parent=29734"}],"wp:term":[{"taxonomy":"category","embeddable":true,"href":"https:\/\/sitechecker.pro\/fr\/wp-json\/wp\/v2\/categories?post=29734"},{"taxonomy":"post_tag","embeddable":true,"href":"https:\/\/sitechecker.pro\/fr\/wp-json\/wp\/v2\/tags?post=29734"}],"curies":[{"name":"wp","href":"https:\/\/api.w.org\/{rel}","templated":true}]}}