{"id":29720,"date":"2024-01-18T16:07:02","date_gmt":"2024-01-18T16:07:02","guid":{"rendered":"https:\/\/sitechecker.pro\/?page_id=29720"},"modified":"2025-05-02T12:58:21","modified_gmt":"2025-05-02T12:58:21","slug":"http-header-checker-tool-detect-fix-server-header-issues","status":"publish","type":"page","link":"https:\/\/sitechecker.pro\/fr\/http-header-checker\/","title":{"rendered":"Analyser le code de l&#8217;ent\u00eate HTTP d&#8217;une page"},"content":{"rendered":"<p><\/p>\n<h2 id=\"par1\">Qu&#8217;est-ce que HTTP Header Checker\u00a0?<\/h2>\n<p>Le HTTP Header Checker de <a href=\"https:\/\/sitechecker.pro\/\" target=\"_blank\" rel=\"noopener noreferrer\">Sitechecker<\/a> est un outil de diagnostic qui examine les en-t\u00eates HTTP envoy\u00e9s par un serveur Web en r\u00e9ponse aux demandes des clients. Il fournit une analyse compl\u00e8te des en-t\u00eates de chaque page d&#8217;un site, d\u00e9tectant les probl\u00e8mes courants tels que les incoh\u00e9rences dans les balises canoniques, les divergences dans les directives nofollow et noindex et les impl\u00e9mentations de redirection HTTPS incorrectes. L&#8217;outil \u00e9value \u00e9galement l&#8217;utilisation des balises canoniques dans les en-t\u00eates HTML et HTTP, offrant des solutions d\u00e9taill\u00e9es pour corriger les probl\u00e8mes identifi\u00e9s.<\/p>\n<h3>Comment l&#8217;outil peut-il vous aider\u00a0?<\/h3>\n<p><strong>Affichage des en-t\u00eates de r\u00e9ponse\u00a0: <\/strong>affiche les en-t\u00eates de r\u00e9ponse HTTP envoy\u00e9s par le serveur, fournissant des informations telles que le type de contenu, le type de serveur, les politiques de mise en cache, le codage du contenu et les codes d&#8217;\u00e9tat.<\/p>\n<p><strong><a href=\"https:\/\/sitechecker.pro\/http-monitoring\/\" target=\"_blank\" rel=\"noopener noreferrer\">Surveiller les probl\u00e8mes d&#8217;en-t\u00eates HTTP<\/a>\u00a0: <\/strong>identifie les probl\u00e8mes dans vos en-t\u00eates HTTP, tels que les balises et directives manquantes ou incompatibles. Cela inclut des probl\u00e8mes tels que les incompatibilit\u00e9s de balises canoniques, les incoh\u00e9rences de directives nofollow et noindex et les redirections HTTPS incorrectes.<\/p>\n<p><strong>Fournir des donn\u00e9es compl\u00e8tes sur la r\u00e9solution des probl\u00e8mes\u00a0: <\/strong>offre des conseils d\u00e9taill\u00e9s sur la r\u00e9solution des probl\u00e8mes d&#8217;en-t\u00eate HTTP identifi\u00e9s. Cela comprend des instructions \u00e9tape par \u00e9tape pour corriger les incompatibilit\u00e9s, mettre en \u0153uvre un balisage et des directives appropri\u00e9s et garantir une configuration d&#8217;en-t\u00eate optimale pour le r\u00e9f\u00e9rencement.<\/p>\n<h3>Principales fonctionnalit\u00e9s de HTTP Header Checker<\/h3>\n<p><strong>Tableau de bord unifi\u00e9\u00a0: <\/strong>centralise toutes les donn\u00e9es et mesures SEO pour une surveillance et une analyse faciles, simplifiant ainsi la gestion des campagnes SEO.<\/p>\n<p><strong>Interface conviviale\u00a0:<\/strong>Con\u00e7ue pour une utilisation facile, elle rend les outils de r\u00e9f\u00e9rencement accessibles aux utilisateurs de tous niveaux, y compris les d\u00e9butants.<\/p>\n<p><strong>Ensemble complet d&#8217;outils de r\u00e9f\u00e9rencement\u00a0:<\/strong>Offre une suite compl\u00e8te d&#8217;outils couvrant tous les aspects du r\u00e9f\u00e9rencement, notamment la recherche de mots cl\u00e9s, les audits de sites et l&#8217;analyse des backlinks.<\/p>\n<h2 id=\"par2\">Comment utiliser l&#8217;outil<\/h2>\n<p>Le v\u00e9rificateur d&#8217;en-t\u00eate HTTP de Sitechecker est un outil convivial con\u00e7u pour analyser les en-t\u00eates HTTP pour les pages individuelles et les domaines entiers. Il vous permet d&#8217;\u00e9valuer et de corriger facilement les probl\u00e8mes d&#8217;en-t\u00eate courants, garantissant des performances optimales du site Web et une efficacit\u00e9 SEO. S\u00e9lectionnez simplement un domaine ou une seule page pour commencer l&#8217;analyse.<\/p>\n<div class=\"content__img-wrap\"><img src=\"https:\/\/sitechecker.pro\/wp-content\/uploads\/2024\/08\/1-Selector-HTTP-min.png\" alt=\"HTTP Header Checker\" class=\"description-img description-img-zoom\" loading=\"lazy\" ><\/div>\n<h2 id=\"par3\">V\u00e9rification de domaine<\/h2>\n<h3>\u00c9tape 1\u00a0: pour v\u00e9rifier un domaine, cliquez sur le bouton d\u00e9sign\u00e9 pour lancer le processus d&#8217;analyse<\/h3>\n<div class=\"content__img-wrap\"><img src=\"https:\/\/sitechecker.pro\/wp-content\/uploads\/2024\/08\/2-HTTP-Headers-Domain-Check-min.png\" alt=\"HTTP Header Checker Domain\" class=\"description-img description-img-zoom\" loading=\"lazy\" ><\/div>\n<div class=\"important-block\">Pour recevoir les r\u00e9sultats et acc\u00e9der aux fonctionnalit\u00e9s de Sitechecker pendant 14 jours, d\u00e9marrez votre essai GRATUIT. L'inscription est facile avec votre e-mail, Google ou votre compte Facebook. Aucune carte de cr\u00e9dit n'est n\u00e9cessaire.<\/div>\n<h3>\u00c9tape 2\u00a0: R\u00e9sultats<\/h3>\n<p>Le v\u00e9rificateur d&#8217;en-t\u00eate HTTP analyse minutieusement les incoh\u00e9rences sp\u00e9cifiques de l&#8217;en-t\u00eate HTTP, essentielles pour le r\u00e9f\u00e9rencement et la fonctionnalit\u00e9, telles que les balises canoniques incompatibles qui peuvent induire en erreur les moteurs de recherche lors de la d\u00e9termination de la version faisant autorit\u00e9 d&#8217;une page. Il identifie les erreurs d&#8217;alignement entre les directives nofollow et noindex dans les en-t\u00eates HTML et HTTP, affectant la fa\u00e7on dont les moteurs de recherche explorent et indexent le contenu.<\/p>\n<p>En outre, l&#8217;outil v\u00e9rifie l&#8217;exactitude des redirections HTTP et HTTPS dans les en-t\u00eates de r\u00e9ponse (essentielles pour la s\u00e9curit\u00e9 et le r\u00e9f\u00e9rencement) et v\u00e9rifie que les balises canoniques sont pr\u00e9sent\u00e9es de mani\u00e8re coh\u00e9rente dans les en-t\u00eates HTML et HTTP pour \u00e9viter les probl\u00e8mes de contenu en double, garantissant ainsi la clart\u00e9 des algorithmes des moteurs de recherche.<\/p>\n<div class=\"content__img-wrap\"><img src=\"https:\/\/sitechecker.pro\/wp-content\/uploads\/2024\/01\/site-audit-header-issues.png\" alt=\"Probl\u00e8mes d'en-t\u00eate d'audit de site\" class=\"description-img description-img-zoom\" loading=\"lazy\" ><\/div>\n<p>Pour configurer des alertes automatiques en cas de modification des en-t\u00eates HTTP, acc\u00e9dez aux param\u00e8tres du projet en haut de l&#8217;\u00e9cran. Ensuite, dans la section Alertes et rapports, s\u00e9lectionnez \u00ab\u00a0Envoyez-moi une alerte lorsque les en-t\u00eates HTTP ont chang\u00e9\u00a0\u00bb. Vous recevrez automatiquement des notifications par e-mail de tout changement.<\/p>\n<div class=\"content__img-wrap\"><img src=\"https:\/\/sitechecker.pro\/wp-content\/uploads\/2024\/04\/Send-me-an-alert-when-HTTP-headers-changed.png\" alt=\"Envoyez-moi une alerte lorsque les en-t\u00eates HTTP ont chang\u00e9\" class=\"description-img description-img-zoom\" loading=\"lazy\" ><\/div>\n<h3>Fonctionnalit\u00e9s suppl\u00e9mentaires de l&#8217;outil<\/h3>\n<p>Cliquez sur l&#8217;onglet \u00ab\u00a0Afficher toutes les pages\u00a0\u00bb pour afficher toutes les URL de votre site ainsi que leurs configurations. Pour afficher les d\u00e9tails d&#8217;une page sp\u00e9cifique, cliquez simplement sur la page souhait\u00e9e et une description de son en-t\u00eate HTTP s&#8217;affichera.<\/p>\n<p>L&#8217;outil affiche les en-t\u00eates de r\u00e9ponse HTTP du serveur, d\u00e9taillant des \u00e9l\u00e9ments tels que la date et l&#8217;heure de la r\u00e9ponse, le type de contenu, l&#8217;\u00e9tat de connexion au serveur et les protocoles de s\u00e9curit\u00e9.<\/p>\n<p>Les en-t\u00eates cl\u00e9s visibles, notamment \u00ab Content-Type \u00bb et \u00ab Strict-Transport-Security \u00bb, ainsi que les d\u00e9tails du serveur tels que \u00ab X-Powered-By \u00bb et \u00ab Server \u00bb, sont essentiels pour le r\u00e9f\u00e9rencement, la s\u00e9curit\u00e9 et la fonctionnalit\u00e9 du site.<\/p>\n<div class=\"content__img-wrap\"><img src=\"https:\/\/sitechecker.pro\/wp-content\/uploads\/2024\/01\/page-details-http-headers.png\" alt=\"En-t\u00eates HTTP des d\u00e9tails de la page\" class=\"description-img description-img-zoom\" loading=\"lazy\" ><\/div>\n<p>Par exemple, l&#8217;en-t\u00eate \u00ab\u00a0Strict-Transport-Security\u00a0\u00bb garantit que les navigateurs \u00e9tablissent des connexions exclusivement via HTTPS, ce qui signifie une liaison s\u00e9curis\u00e9e. L&#8217;acc\u00e8s \u00e0 ces informations est essentiel pour r\u00e9soudre les probl\u00e8mes de site li\u00e9s \u00e0 l&#8217;en-t\u00eate HTTP et pour v\u00e9rifier que le serveur Web est configur\u00e9 pour des performances optimales et le respect des normes de s\u00e9curit\u00e9.<\/p>\n<h2 id=\"par4\">V\u00e9rification de page<\/h2>\n<h3>\u00c9tape 1\u00a0:\u00a0Ins\u00e9rez votre URL sp\u00e9cifique<\/h3>\n<div class=\"content__img-wrap\"><img src=\"https:\/\/sitechecker.pro\/wp-content\/uploads\/2024\/08\/3-Page-Check-HTTP-Check-min.png\" alt=\"Page de v\u00e9rification d'en-t\u00eate HTTP\" class=\"description-img description-img-zoom\" loading=\"lazy\" ><\/div>\n<h3>\u00c9tape 2\u00a0:\u00a0Obtenez des r\u00e9sultats<\/h3>\n<p>L&#8217;outil de v\u00e9rification d&#8217;en-t\u00eate HTTP examine les en-t\u00eates HTTP renvoy\u00e9s par un serveur Web en r\u00e9ponse \u00e0 une demande d&#8217;une URL sp\u00e9cifique.<\/p>\n<p>Cet outil v\u00e9rifie si la balise X-Robots est pr\u00e9sente dans l&#8217;en-t\u00eate HTTP, qui est une directive que les moteurs de recherche utilisent pour d\u00e9terminer comment indexer et suivre le contenu de la page Web.<\/p>\n<p>Dans le contexte de cet outil, la balise X-Robots est un \u00e9l\u00e9ment important car elle vous permet de contr\u00f4ler l&#8217;indexation d&#8217;une page Web m\u00eame lorsque d&#8217;autres balises de niveau HTML peuvent ne pas \u00eatre pr\u00e9sentes. Il est particuli\u00e8rement utile pour les fichiers non HTML, comme les images ou les PDF, o\u00f9 la balise m\u00e9ta robots habituelle ne peut pas \u00eatre utilis\u00e9e.<\/p>\n<div class=\"content__img-wrap\"><img src=\"https:\/\/sitechecker.pro\/wp-content\/uploads\/2024\/01\/indexation-check.png\" alt=\"Indexation Check\" class=\"description-img description-img-zoom\" loading=\"lazy\" ><\/div>\n<p>Pour comprendre pleinement la fonctionnalit\u00e9 des en-t\u00eates HTTP sur votre site Web, il peut \u00eatre insuffisant d&#8217;examiner une seule page. Un examen plus approfondi est recommand\u00e9 pour une compr\u00e9hension compl\u00e8te. Pour ce faire, lancez le bouton &#8220;Ex\u00e9cuter un audit complet du site Web&#8221;.<\/p>\n<p>Pour une compr\u00e9hension plus approfondie des capacit\u00e9s de l&#8217;outil apr\u00e8s avoir analys\u00e9 votre domaine, reportez-vous aux \u00e9crans de v\u00e9rification de domaine situ\u00e9s dans la partie initiale de ce manuel. De plus, vous pouvez participer au projet de d\u00e9monstration interactif, qui offre une illustration pratique des avantages offerts par l&#8217;outil. Cliquez sur le bouton &#8220;Audit du site&#8221; pour en savoir plus.<\/p>\n<div class=\"content__img-wrap\"><img src=\"https:\/\/sitechecker.pro\/wp-content\/uploads\/2024\/01\/run-full-website-audit.png\" alt=\"Ex\u00e9cuter l'audit complet du site Web\" class=\"description-img description-img-zoom\" loading=\"lazy\" ><\/div>\n<h3>Fonctionnalit\u00e9s suppl\u00e9mentaires de l&#8217;outil de v\u00e9rification des en-t\u00eates HTTP de la page <\/h3>\n<p>Examinez les sections de navigation de la page pour identifier les zones qui pourraient indiquer des probl\u00e8mes ou d\u00e9voiler d&#8217;autres opportunit\u00e9s pour un audit technique de la page. L&#8217;outil aide dans les aspects essentiels de l&#8217;affinage du contenu gr\u00e2ce \u00e0 l&#8217;analyse des titres et des m\u00e9tadonn\u00e9es, \u00e0 la v\u00e9rification de la mise en \u0153uvre des donn\u00e9es structur\u00e9es et \u00e0 l&#8217;\u00e9valuation des configurations pr\u00e9cises de l&#8217;index de recherche. De plus, il \u00e9value la vitesse du site mobile pour am\u00e9liorer l&#8217;exp\u00e9rience utilisateur.<\/p>\n<div class=\"content__img-wrap\"><img src=\"https:\/\/sitechecker.pro\/wp-content\/uploads\/2024\/01\/on-page-seo-checker-page-navigation.png\" alt=\"On Page Seo Checker Page Navigation\" class=\"description-img description-img-zoom\" loading=\"lazy\" ><\/div>\n<h2 id=\"par5\">Remarques finales<\/h2>\n<p>Le v\u00e9rificateur d&#8217;en-t\u00eate HTTP est un outil complet permettant de diagnostiquer et de r\u00e9soudre les probl\u00e8mes d&#8217;en-t\u00eate HTTP afin d&#8217;optimiser le r\u00e9f\u00e9rencement et les fonctionnalit\u00e9s du site Web. Il analyse les en-t\u00eates de r\u00e9ponse du serveur, identifie les probl\u00e8mes li\u00e9s au r\u00e9f\u00e9rencement et fournit des solutions aux probl\u00e8mes tels que les incompatibilit\u00e9s de balises et les redirections incorrectes. Avec une interface conviviale et une suite d&#8217;outils de r\u00e9f\u00e9rencement, il est con\u00e7u pour les d\u00e9butants comme pour les experts. L&#8217;outil facilite les analyses compl\u00e8tes de domaines ou de pages individuelles et offre un audit \u00e9tendu pour une \u00e9valuation d\u00e9taill\u00e9e, am\u00e9liorant le contenu, la structure des donn\u00e9es et l&#8217;exp\u00e9rience utilisateur mobile.<\/p>\n<div id=\"par6\"><\/div>\n<p><div class=\"front__faq-block\"><div class=\"faq__block-title\">FAQ<\/div><div class=\"panel-group\" id=\"faq-accordion\" itemscope itemtype=\"https:\/\/schema.org\/FAQPage\" role=\"tablist\" aria-multiselectable=\"true\"><div class=\"panel\" itemscope itemtype=\"https:\/\/schema.org\/Question\" itemprop=\"mainEntity\">\n                            <div class=\"panel-heading\" id=\"headingFaq-1\">\n                                <div class=\"panel-title\" data-toggle=\"collapse\" aria-expanded=\"false\" href=\"#collapseFaq-1\">\n                                    <h3 itemprop=\"name\">Quels types de probl\u00e8mes d&apos;en-t\u00eate HTTP le v\u00e9rificateur d&apos;en-t\u00eate HTTP peut-il identifier ?<\/h3>\n                                <\/div>\n                            <\/div>\n                            <div id=\"collapseFaq-1\" class=\"panel-collapse collapse\" itemprop=\"acceptedAnswer\" itemscope itemtype=\"http:\/\/schema.org\/Answer\">\n                                <div class=\"panel-body\" itemprop=\"text\">L&apos;outil peut identifier divers probl\u00e8mes d&apos;en-t\u00eate HTTP, notamment les incoh\u00e9rences dans les balises canoniques, les divergences dans les directives nofollow et noindex et les impl\u00e9mentations de redirection HTTPS incorrectes.<\/div>\n                            <\/div>\n                        <\/div><div class=\"panel\" itemscope itemtype=\"https:\/\/schema.org\/Question\" itemprop=\"mainEntity\">\n                            <div class=\"panel-heading\" id=\"headingFaq-2\">\n                                <div class=\"panel-title\" data-toggle=\"collapse\" aria-expanded=\"false\" href=\"#collapseFaq-2\">\n                                    <h3 itemprop=\"name\">L&apos;outil HTTP Header Checker peut-il analyser les en-t\u00eates des fichiers non HTML ?<\/h3>\n                                <\/div>\n                            <\/div>\n                            <div id=\"collapseFaq-2\" class=\"panel-collapse collapse\" itemprop=\"acceptedAnswer\" itemscope itemtype=\"http:\/\/schema.org\/Answer\">\n                                <div class=\"panel-body\" itemprop=\"text\">Oui, il peut analyser les en-t\u00eates des fichiers non HTML tels que les images et les PDF en recherchant des directives telles que la balise X-Robots dans l&apos;en-t\u00eate HTTP.<\/div>\n                            <\/div>\n                        <\/div><div class=\"panel\" itemscope itemtype=\"https:\/\/schema.org\/Question\" itemprop=\"mainEntity\">\n                            <div class=\"panel-heading\" id=\"headingFaq-3\">\n                                <div class=\"panel-title\" data-toggle=\"collapse\" aria-expanded=\"false\" href=\"#collapseFaq-3\">\n                                    <h3 itemprop=\"name\">Le v\u00e9rificateur d&apos;en-t\u00eate HTTP propose-t-il des conseils pour r\u00e9soudre les probl\u00e8mes ?<\/h3>\n                                <\/div>\n                            <\/div>\n                            <div id=\"collapseFaq-3\" class=\"panel-collapse collapse\" itemprop=\"acceptedAnswer\" itemscope itemtype=\"http:\/\/schema.org\/Answer\">\n                                <div class=\"panel-body\" itemprop=\"text\">Oui, il fournit des donn\u00e9es compl\u00e8tes et des instructions \u00e9tape par \u00e9tape sur la fa\u00e7on de r\u00e9soudre tous les probl\u00e8mes d&apos;en-t\u00eate HTTP identifi\u00e9s.<\/div>\n                            <\/div>\n                        <\/div><div class=\"panel\" itemscope itemtype=\"https:\/\/schema.org\/Question\" itemprop=\"mainEntity\">\n                            <div class=\"panel-heading\" id=\"headingFaq-4\">\n                                <div class=\"panel-title\" data-toggle=\"collapse\" aria-expanded=\"false\" href=\"#collapseFaq-4\">\n                                    <h3 itemprop=\"name\">Quelles fonctionnalit\u00e9s suppl\u00e9mentaires l&apos;outil HTTP Header Checker inclut-il ?<\/h3>\n                                <\/div>\n                            <\/div>\n                            <div id=\"collapseFaq-4\" class=\"panel-collapse collapse\" itemprop=\"acceptedAnswer\" itemscope itemtype=\"http:\/\/schema.org\/Answer\">\n                                <div class=\"panel-body\" itemprop=\"text\">Il comprend un tableau de bord unifi\u00e9 pour les donn\u00e9es SEO, une interface conviviale et une suite compl\u00e8te d&apos;outils SEO pour la recherche de mots cl\u00e9s, les audits de sites et l&apos;analyse de backlinks.<\/div>\n                            <\/div>\n                        <\/div><div class=\"panel\" itemscope itemtype=\"https:\/\/schema.org\/Question\" itemprop=\"mainEntity\">\n                            <div class=\"panel-heading\" id=\"headingFaq-5\">\n                                <div class=\"panel-title\" data-toggle=\"collapse\" aria-expanded=\"false\" href=\"#collapseFaq-5\">\n                                    <h3 itemprop=\"name\">L&apos;outil HTTP Header Checker peut-il g\u00e9rer des audits complets de sites Web ?<\/h3>\n                                <\/div>\n                            <\/div>\n                            <div id=\"collapseFaq-5\" class=\"panel-collapse collapse\" itemprop=\"acceptedAnswer\" itemscope itemtype=\"http:\/\/schema.org\/Answer\">\n                                <div class=\"panel-body\" itemprop=\"text\">Oui, l&apos;outil dispose d&apos;une fonction permettant d&apos;ex\u00e9cuter un audit complet du site Web pour un examen approfondi au-del\u00e0 de l&apos;analyse d&apos;une seule page.<\/div>\n                            <\/div>\n                        <\/div><div class=\"panel\" itemscope itemtype=\"https:\/\/schema.org\/Question\" itemprop=\"mainEntity\">\n                            <div class=\"panel-heading\" id=\"headingFaq-6\">\n                                <div class=\"panel-title\" data-toggle=\"collapse\" aria-expanded=\"false\" href=\"#collapseFaq-6\">\n                                    <h3 itemprop=\"name\">Comment commencer \u00e0 utiliser l&apos;outil HTTP Header Checker ?<\/h3>\n                                <\/div>\n                            <\/div>\n                            <div id=\"collapseFaq-6\" class=\"panel-collapse collapse\" itemprop=\"acceptedAnswer\" itemscope itemtype=\"http:\/\/schema.org\/Answer\">\n                                <div class=\"panel-body\" itemprop=\"text\">Vous pouvez commencer \u00e0 utiliser l&apos;outil en s\u00e9lectionnant un domaine ou une seule page \u00e0 analyser, et pour un acc\u00e8s complet aux fonctionnalit\u00e9s de Sitechecker, un essai gratuit est disponible sans avoir besoin d&apos;une carte de cr\u00e9dit.<\/div>\n                            <\/div>\n                        <\/div><\/div><\/div><\/p>","protected":false},"excerpt":{"rendered":"Qu&#8217;est-ce que HTTP Header Checker\u00a0? Le HTTP Header Checker de Sitechecker est un outil de diagnostic qui examine les en-t\u00eates HTTP envoy\u00e9s par un serveur Web en r\u00e9ponse aux demandes des clients. Il fournit une analyse compl\u00e8te des en-t\u00eates de chaque page d&#8217;un site, d\u00e9tectant les probl\u00e8mes courants tels que les incoh\u00e9rences dans les balises&#8230;","protected":false},"author":10409641,"featured_media":0,"parent":0,"menu_order":0,"comment_status":"closed","ping_status":"closed","template":"pages-templates\/pages-minitools-3.php","meta":[],"categories":[74],"tags":[],"_links":{"self":[{"href":"https:\/\/sitechecker.pro\/fr\/wp-json\/wp\/v2\/pages\/29720"}],"collection":[{"href":"https:\/\/sitechecker.pro\/fr\/wp-json\/wp\/v2\/pages"}],"about":[{"href":"https:\/\/sitechecker.pro\/fr\/wp-json\/wp\/v2\/types\/page"}],"author":[{"embeddable":true,"href":"https:\/\/sitechecker.pro\/fr\/wp-json\/wp\/v2\/users\/10409641"}],"replies":[{"embeddable":true,"href":"https:\/\/sitechecker.pro\/fr\/wp-json\/wp\/v2\/comments?post=29720"}],"version-history":[{"count":9,"href":"https:\/\/sitechecker.pro\/fr\/wp-json\/wp\/v2\/pages\/29720\/revisions"}],"predecessor-version":[{"id":36864,"href":"https:\/\/sitechecker.pro\/fr\/wp-json\/wp\/v2\/pages\/29720\/revisions\/36864"}],"wp:attachment":[{"href":"https:\/\/sitechecker.pro\/fr\/wp-json\/wp\/v2\/media?parent=29720"}],"wp:term":[{"taxonomy":"category","embeddable":true,"href":"https:\/\/sitechecker.pro\/fr\/wp-json\/wp\/v2\/categories?post=29720"},{"taxonomy":"post_tag","embeddable":true,"href":"https:\/\/sitechecker.pro\/fr\/wp-json\/wp\/v2\/tags?post=29720"}],"curies":[{"name":"wp","href":"https:\/\/api.w.org\/{rel}","templated":true}]}}