{"id":2833,"date":"2019-01-25T09:12:58","date_gmt":"2019-01-25T09:12:58","guid":{"rendered":"https:\/\/sitechecker.pro\/?page_id=2833"},"modified":"2024-09-25T10:24:57","modified_gmt":"2024-09-25T10:24:57","slug":"backlinks-checker","status":"publish","type":"page","link":"https:\/\/sitechecker.pro\/fr\/backlinks-checker\/","title":{"rendered":"Backlink Checker &#038; Tracker: Analysez les Backlinks Gratuit \u1408"},"content":{"rendered":"<p>Lorsque vous <b>lien <\/b> vers un autre site sur les pages de votre site, cela s&#8217;appelle un <b>backlink<\/b>. Les sites Web \u00e9changent ces liens pour transmettre le poids des liens et le trafic des utilisateurs. N\u00e9anmoins, tous les liens ne peuvent pas affecter positivement le classement de votre site dans les moteurs de recherche. Lors du <b>backlinking<\/b> de votre lien, vous devez faire attention \u00e0 l&#8217;autorit\u00e9 des sites et \u00e0 leur sujet. Si vous obtenez des backlinks provenant de sites de mauvaise qualit\u00e9, le <b>moteur de recherche<\/b> peut \u00e9galement consid\u00e9rer votre site comme \u00e9tant de mauvaise qualit\u00e9. C&#8217;est pourquoi il est important de v\u00e9rifier les backlinks et de voir quels sites vous renvoient et vers quels sites vous vous connectez.<\/p>\n<p>Nous avons d\u00e9velopp\u00e9 un outil gratuit appel\u00e9 <b>Backlink Checker<\/b>, qui analyse l&#8217;ensemble du profil de backlink du site vers lequel vous cr\u00e9ez un lien. Vous pouvez \u00e9galement l&#8217;utiliser gratuitement pour effectuer des audits de liens retour de vos concurrents. Votre recherche marketing peut b\u00e9n\u00e9ficier d&#8217;informations sur les backlinks de vos concurrents, notre outil vous sera donc \u00e9galement utile pour cette t\u00e2che. Nous vous dirons comment et pourquoi vous v\u00e9rifiez les liens de retour avec notre <b>outil de test de backlink.<\/b><\/p>\n<h2 id=\"ik_Guide\">Utilisation du v\u00e9rificateur de backlink\u00a0: un guide \u00e9tape par \u00e9tape<\/h2>\n<p>Pour une promotion comp\u00e9tente dans les moteurs de recherche, vous devez pr\u00eater attention \u00e0 de nombreux facteurs. Un facteur important est la qualit\u00e9 et la quantit\u00e9 de backlinks. Les moteurs de recherche recommandent de supprimer de votre site les liens vers des sites de mauvaise qualit\u00e9 et toxiques. Sinon, vous pouvez \u00eatre p\u00e9nalis\u00e9 par le moteur de recherche et tomber sous le coup de sanctions. Ensuite, vous perdrez du trafic et des clients potentiels pour votre site, et vous ne serez plus dans les r\u00e9sultats de recherche.<\/p>\n<p>Nous avons d\u00e9velopp\u00e9 un outil de test gratuit Backlink Checker pour effectuer un audit approfondi des backlinks de votre site Web. L&#8217;objectif principal de notre logiciel de suivi est de v\u00e9rifier les liens de retour et de rechercher le profil de lien de retour de n&#8217;importe quelle<b>URL<\/b>.<\/p>\n<p>Eh bien, nos nouveaux outils d&#8217;analyse sont tr\u00e8s faciles \u00e0 utiliser. Utilisation de notre <b> v\u00e9rificateur de site Web. pro <\/b> ci-dessous, nous vous montrerons comment vous pouvez effectuer une analyse et une analyse des liens retour sur votre site Web en deux \u00e9tapes simples.<\/p>\n<h3>\u00c9tape\u00a01\u00a0: Ins\u00e9rez votre URL<\/h3>\n<p>Saisissez la <b>page URL<\/b> qui vous int\u00e9resse dans notre outil. Il peut s&#8217;agir de votre site ou de ceux de votre domaine concurrent. Cliquez ensuite sur le bouton fl\u00e9ch\u00e9 et commencez \u00e0 <b>analyser<\/b>.<br \/>\n<div class=\"content__img-wrap\"><img src=\"https:\/\/sitechecker.pro\/wp-content\/uploads\/2022\/04\/backlink-checker-new--1.jpg\" alt=\"Backlink crawler scanning - utilisez l'outil de v\u00e9rification des backlinks pour des strat\u00e9gies de cr\u00e9ation de liens r\u00e9ussies\" class=\"description-img description-img-zoom\" loading=\"lazy\" ><\/div><\/p>\n<h3>\u00c9tape\u00a02\u00a0: Interpr\u00e9ter les r\u00e9sultats du v\u00e9rificateur de backlinks gratuit<\/h3>\n<p>Une fois l&#8217;analyse termin\u00e9e, vous verrez un rapport d\u00e9taill\u00e9 sur l&#8217;\u00e9tat des backlinks. Il y aura \u00e0 la fois des liens <b>dofollow et nofollow<\/b> et le total des backlinks et des <b>domaines r\u00e9f\u00e9rents<\/b>. Analysez ces informations et d\u00e9barrassez-vous des backlinks de mauvaise qualit\u00e9 afin de ne pas nuire \u00e0 la promotion de votre site dans les <b> moteurs de recherche.<\/b> Vous pouvez m\u00eame t\u00e9l\u00e9charger les v\u00f4tres et les <b>r\u00e9sultats<\/b> concurrents.<br \/>\n<div class=\"content__img-wrap\"><img src=\"https:\/\/sitechecker.pro\/wp-content\/uploads\/2022\/05\/backlinks_checker_result.png\" alt=\"Backlink Checker Link counter - utilisez le v\u00e9rificateur de backlink pour l'analyse des backlinks afin de d\u00e9tecter les liens spammy pour cr\u00e9ation de liens r\u00e9ussie\" class=\"description-img description-img-zoom\" loading=\"lazy\" ><\/div><\/p>\n<p>Rappelez-vous que les backlinks sont n\u00e9cessaires pour le r\u00e9f\u00e9rencement. Des liens de qualit\u00e9 peuvent vous aider dans la course au trafic avec vos concurrents. Avec un <b>outil d&#8217;analyse<\/b> gratuit d&#8217;\u00e9valuation des backlinks, vous pouvez facilement passer en revue les backlinks.<\/p>\n<h2 id=\"ik_Cases\">Cas o\u00f9 le v\u00e9rificateur de backlink est n\u00e9cessaire<\/h2>\n<p>Les backlinks vers votre site permettent aux moteurs de recherche de savoir que d&#8217;autres sites pensent que votre site fait <b>autorit\u00e9<\/b>. Si de nombreux bons sites pointent vers votre site, le moteur de recherche consid\u00e8re votre site comme bon et vous donne plus de classements dans les moteurs de recherche. Si votre contenu est li\u00e9 \u00e0, votre site est utile aux utilisateurs et peut \u00eatre affich\u00e9 dans le moteur de recherche pour les <b>g\u00e9n\u00e9rateurs de requ\u00eates<\/b> des utilisateurs. L&#8217;obtention de backlinks a un effet positif sur les <b>opportunit\u00e9s<\/b> de votre site et sur le volume de trafic des utilisateurs.<\/p>\n<p>Alors, quand pouvez-vous b\u00e9n\u00e9ficier de l&#8217;utilisation d&#8217;une <b>strat\u00e9gie de d\u00e9veloppement<\/b> de site de backlinks\u00a0? Vous pouvez gagner de l&#8217;argent \u00e0 partir de liens externes, mais cela prendra beaucoup de temps. Pour construire le profil de lien d&#8217;un site, vous devez <b>d\u00e9terminer<\/b>le contenu utile que les utilisateurs voudront partager sur leurs <b>r\u00e9seaux sociaux<\/b>, sur leurs sites. Seul un contenu textuel de <b>qualit\u00e9<\/b> attire l&#8217;attention des utilisateurs et des propri\u00e9taires d&#8217;autres sites.<\/p>\n<p>Comment pouvez-vous obtenir des liens? Cr\u00e9ez des donn\u00e9es et du contenu utiles, et les backlinks vous trouveront. \u00c9changez des liens avec vos <b>partenaires<\/b>. R\u00e9digez des <b>messages invit\u00e9s<\/b> et proposez-les aux \u00e9diteurs de sites populaires. De nombreux cr\u00e9ateurs de sites Web sont heureux d&#8217;accepter un contenu de qualit\u00e9 et un lien vers votre site absolument gratuit avec votre ancre de mot-cl\u00e9\u00a0! Une autre option consiste \u00e0 acheter des liens. M\u00eame dans cette option, vous devez suivre des sites Web sp\u00e9cifiques.<br \/>\nVous devez <b>v\u00e9rifier<\/b> la quantit\u00e9 et la qualit\u00e9 des backlinks car ils ne sont pas tous \u00e9galement utiles pour votre site. Il arrive que des <b>concurrents<\/b> ach\u00e8tent des liens vers votre site \u00e0 partir de ressources de mauvaise qualit\u00e9 et de spam pour nuire \u00e0 la promotion de votre site. Les backlinks provenant de ressources r\u00e9put\u00e9es et non spamm\u00e9es vous seront b\u00e9n\u00e9fiques et influenceront positivement votre classement dans les moteurs de recherche. Vous obtenez le trafic entrant des utilisateurs tandis que les utilisateurs suivront le lien vers votre site. De plus, m\u00eame s&#8217;ils ne le font pas, vous obtiendrez un poids de lien. Obtenez des mentions sur des <b>sites r\u00e9put\u00e9s<\/b> et am\u00e9liorez le classement de votre site dans <b>les classements des moteurs de recherche.<\/b><\/p>\n<p>Pour obtenir un classement \u00e9lev\u00e9 dans les r\u00e9sultats des moteurs de recherche et obtenir plus de trafic organique vers votre site Web, il est conseill\u00e9 de surveiller la quantit\u00e9 et la qualit\u00e9 de vos liens. Utilisez Backlink finder pour analyser votre profil de lien, comme vous pouvez le faire avec ahrefs. C&#8217;est un moyen totalement gratuit de v\u00e9rifier et d&#8217;analyser les backlinks, alors n&#8217;oubliez pas de v\u00e9rifier r\u00e9guli\u00e8rement l&#8217;index de votre site avec des v\u00e9rificateurs.<\/p>\n<p><div class=\"front__faq-block\"><div class=\"faq__block-title\">FAQ<\/div><div class=\"panel-group\" id=\"faq-accordion\" itemscope itemtype=\"https:\/\/schema.org\/FAQPage\" role=\"tablist\" aria-multiselectable=\"true\"><div class=\"panel\" itemscope itemtype=\"https:\/\/schema.org\/Question\" itemprop=\"mainEntity\">\n                            <div class=\"panel-heading\" id=\"headingFaq-1\">\n                                <div class=\"panel-title\" data-toggle=\"collapse\" aria-expanded=\"false\" href=\"#collapseFaq-1\">\n                                    <h3 itemprop=\"name\">Comment puis-je trouver les backlinks de mes concurrents ?<\/h3>\n                                <\/div>\n                            <\/div>\n                            <div id=\"collapseFaq-1\" class=\"panel-collapse collapse\" itemprop=\"acceptedAnswer\" itemscope itemtype=\"http:\/\/schema.org\/Answer\">\n                                <div class=\"panel-body\" itemprop=\"text\">En analysant les strat\u00e9gies d'achat de vos concurrents href backlink, vous pouvez trouver des sites utiles qui peuvent \u00e9galement placer votre lien. Notre v\u00e9rificateur gratuit vous aidera \u00e0 obtenir ces informations et \u00e0 les utiliser pour apporter de la valeur \u00e0 votre site.<\/div>\n                            <\/div>\n                        <\/div><div class=\"panel\" itemscope itemtype=\"https:\/\/schema.org\/Question\" itemprop=\"mainEntity\">\n                            <div class=\"panel-heading\" id=\"headingFaq-2\">\n                                <div class=\"panel-title\" data-toggle=\"collapse\" aria-expanded=\"false\" href=\"#collapseFaq-2\">\n                                    <h3 itemprop=\"name\">Combien de types de backlinks existe-t-il en SEO ?<\/h3>\n                                <\/div>\n                            <\/div>\n                            <div id=\"collapseFaq-2\" class=\"panel-collapse collapse\" itemprop=\"acceptedAnswer\" itemscope itemtype=\"http:\/\/schema.org\/Answer\">\n                                <div class=\"panel-body\" itemprop=\"text\">Les backlinks sont des liens sur d'autres sites qui pointent vers votre site. Les moteurs de recherche analysent le nombre et la qualit\u00e9 des liens entrants qui m\u00e8nent \u00e0 votre site. Votre classement est directement li\u00e9 \u00e0 la qualit\u00e9 de vos backlinks. Plus vous avez de backlinks (de qualit\u00e9) avoir, plus vous pouvez \u00eatre class\u00e9 par les moteurs de recherche. Google et d'autres moteurs de recherche analysent chaque meilleur backlink et prennent les bons liens comme r\u00e9f\u00e9rence. Par cons\u00e9quent, plus le nombre de backlinks est \u00e9lev\u00e9, plus les moteurs de recherche consid\u00e9reront votre site Web de mani\u00e8re fiable et utile. Et, en fin de compte, meilleur est votre classement.<\/div>\n                            <\/div>\n                        <\/div><div class=\"panel\" itemscope itemtype=\"https:\/\/schema.org\/Question\" itemprop=\"mainEntity\">\n                            <div class=\"panel-heading\" id=\"headingFaq-3\">\n                                <div class=\"panel-title\" data-toggle=\"collapse\" aria-expanded=\"false\" href=\"#collapseFaq-3\">\n                                    <h3 itemprop=\"name\">Comment fonctionne un backlink ?<\/h3>\n                                <\/div>\n                            <\/div>\n                            <div id=\"collapseFaq-3\" class=\"panel-collapse collapse\" itemprop=\"acceptedAnswer\" itemscope itemtype=\"http:\/\/schema.org\/Answer\">\n                                <div class=\"panel-body\" itemprop=\"text\">Un backlink transf\u00e8re un petit poids de lien d'un site \u00e0 un autre. <\/div>\n                            <\/div>\n                        <\/div><\/div><\/div><\/p>","protected":false},"excerpt":{"rendered":"Lorsque vous lien vers un autre site sur les pages de votre site, cela s&#8217;appelle un backlink. Les sites Web \u00e9changent ces liens pour transmettre le poids des liens et le trafic des utilisateurs. N\u00e9anmoins, tous les liens ne peuvent pas affecter positivement le classement de votre site dans les moteurs de recherche. Lors du&#8230;","protected":false},"author":10409641,"featured_media":3764,"parent":0,"menu_order":0,"comment_status":"closed","ping_status":"closed","template":"front-page.php","meta":[],"categories":[30],"tags":[],"_links":{"self":[{"href":"https:\/\/sitechecker.pro\/fr\/wp-json\/wp\/v2\/pages\/2833"}],"collection":[{"href":"https:\/\/sitechecker.pro\/fr\/wp-json\/wp\/v2\/pages"}],"about":[{"href":"https:\/\/sitechecker.pro\/fr\/wp-json\/wp\/v2\/types\/page"}],"author":[{"embeddable":true,"href":"https:\/\/sitechecker.pro\/fr\/wp-json\/wp\/v2\/users\/10409641"}],"replies":[{"embeddable":true,"href":"https:\/\/sitechecker.pro\/fr\/wp-json\/wp\/v2\/comments?post=2833"}],"version-history":[{"count":110,"href":"https:\/\/sitechecker.pro\/fr\/wp-json\/wp\/v2\/pages\/2833\/revisions"}],"predecessor-version":[{"id":33589,"href":"https:\/\/sitechecker.pro\/fr\/wp-json\/wp\/v2\/pages\/2833\/revisions\/33589"}],"wp:featuredmedia":[{"embeddable":true,"href":"https:\/\/sitechecker.pro\/fr\/wp-json\/wp\/v2\/media\/3764"}],"wp:attachment":[{"href":"https:\/\/sitechecker.pro\/fr\/wp-json\/wp\/v2\/media?parent=2833"}],"wp:term":[{"taxonomy":"category","embeddable":true,"href":"https:\/\/sitechecker.pro\/fr\/wp-json\/wp\/v2\/categories?post=2833"},{"taxonomy":"post_tag","embeddable":true,"href":"https:\/\/sitechecker.pro\/fr\/wp-json\/wp\/v2\/tags?post=2833"}],"curies":[{"name":"wp","href":"https:\/\/api.w.org\/{rel}","templated":true}]}}