{"id":26178,"date":"2023-09-08T14:41:23","date_gmt":"2023-09-08T14:41:23","guid":{"rendered":"https:\/\/sitechecker.pro\/?page_id=26178"},"modified":"2025-04-22T13:10:32","modified_gmt":"2025-04-22T13:10:32","slug":"http-status-code-101-switching-protocols","status":"publish","type":"page","link":"https:\/\/sitechecker.pro\/fr\/what-is-101-status-code\/","title":{"rendered":"Qu&#8217;est-ce que le code d&#8217;\u00e9tat HTTP 101 \u00ab Switching Protocols \u00bb ?"},"content":{"rendered":"<p><\/p>\n<h2 id=\"par1\">Qu\u2019est-ce qu\u2019un code de statut 101\u202f?<\/h2>\n<p>Un code de statut 101 en HTTP est d\u00e9fini comme Switching Protocols (Changement de protocole). Il s\u2019agit d\u2019une r\u00e9ponse informative indiquant que le serveur comprend et accepte la demande du client, effectu\u00e9e via l\u2019en-t\u00eate Upgrade, de passer \u00e0 un autre protocole.<\/p>\n<p>Par exemple, ce code de statut est couramment utilis\u00e9 lors de la poign\u00e9e de main pour les WebSockets. Lorsqu\u2019un client souhaite d\u00e9marrer une connexion WebSocket, il envoie une requ\u00eate HTTP avec un en-t\u00eate upgrade: websocket. Si le serveur prend en charge les WebSockets et accepte de passer \u00e0 ce protocole, il r\u00e9pond avec un code 101 Switching Protocols. Apr\u00e8s cet \u00e9change, la connexion n\u2019est plus une connexion HTTP standard, mais une connexion WebSocket.<\/p>\n<p>Voici un exemple tr\u00e8s simple du processus :<\/p>\n<h3>Requ\u00eate du client :<\/h3>\n<div class=\"code\"><code><br \/>\nGET \/socket-endpoint HTTP\/1.1<br \/>\nHost: example.com<br \/>\nUpgrade: websocket<br \/>\nConnection: Upgrade<br \/>\n...<br \/>\n<\/code><\/div>\n<h3>R\u00e9ponse du serveur :<\/h3>\n<div class=\"code\"><code><br \/>\nHTTP\/1.1 101 Switching Protocols<br \/>\nUpgrade: websocket<br \/>\nConnection: Upgrade<br \/>\n...<br \/>\n<\/code><\/div>\n<h3>Cas d\u2019utilisation typiques d\u2019une r\u00e9ponse 101<\/h3>\n<p>Le code de statut 101 en HTTP est d\u00e9fini comme Switching Protocols. Il s\u2019agit d\u2019une r\u00e9ponse informative indiquant que le serveur comprend et accepte de changer de protocole, comme demand\u00e9 par le client via l\u2019en-t\u00eate Upgrade.<\/p>\n<p>Les cas d\u2019utilisation typiques d\u2019une r\u00e9ponse 101 Switching Protocols sont\u202f:<\/p>\n<ol>\n<li>\n\t\t<strong>WebSockets<\/strong>. C\u2019est probablement l\u2019usage le plus courant du code 101. Lors de l\u2019\u00e9tablissement d\u2019une connexion WebSocket, le client envoie une requ\u00eate HTTP contenant des en-t\u00eates demandant au serveur de passer de HTTP \u00e0 <a href=\"https:\/\/developer.mozilla.org\/en-US\/docs\/Web\/API\/WebSockets_API\" target=\"_blank\" rel=\"nofollow noopener noreferrer\">WebSocket<\/a>. Si le serveur accepte, il r\u00e9pond avec une r\u00e9ponse 101 Switching Protocols, et la connexion devient une connexion WebSocket.\n\t<\/li>\n<li>\n\t\t<strong>Passage \u00e0 une version HTTP plus r\u00e9cente<\/strong>. Par exemple, lorsque HTTP\/2 est apparu, un client pouvait demander \u00e0 un serveur HTTP\/1.1 de passer \u00e0 HTTP\/2. Si le serveur accepte, il renvoie une r\u00e9ponse 101 Switching Protocols, puis poursuit avec la nouvelle version du protocole.\n\t<\/li>\n<li>\n\t\t<strong>Autres changements de protocole<\/strong>. Bien que plus rares, tout autre changement de protocole entre client et serveur peut utiliser ce m\u00e9canisme.\n\t<\/li>\n<\/ol>\n<p>Cependant, il convient de noter que l\u2019utilisation du code 101 en dehors des WebSockets reste relativement rare. La plupart des transitions de protocole (comme de <a href=\"https:\/\/datatracker.ietf.org\/doc\/html\/rfc2616\" target=\"_blank\" rel=\"nofollow noopener noreferrer\">HTTP\/1.1<\/a> \u00e0 <a href=\"https:\/\/web.dev\/performance-http2\/\" target=\"_blank\" rel=\"nofollow noopener noreferrer\">HTTP\/2<\/a> ou <a href=\"https:\/\/www.cloudflare.com\/learning\/performance\/what-is-http3\/\" target=\"_blank\" rel=\"nofollow noopener noreferrer\">HTTP\/3<\/a>) se font de mani\u00e8re transparente via d&#8217;autres m\u00e9canismes, tels que <a href=\"https:\/\/www.keycdn.com\/support\/alpn\" target=\"_blank\" rel=\"nofollow noopener noreferrer\">ALPN<\/a> pendant la <a href=\"https:\/\/www.cloudflare.com\/learning\/ssl\/what-happens-in-a-tls-handshake\/\" target=\"_blank\" rel=\"nofollow noopener noreferrer\">poign\u00e9e de main TLS<\/a>.<\/p>\n<h2 id=\"par2\">Implications SEO du code de statut 101<\/h2>\n<p>Le code de statut 101 Switching Protocols n\u2019a pas d\u2019impact direct sur le SEO car il concerne principalement le passage d\u2019un protocole \u00e0 un autre, comme lors de l\u2019initiation d\u2019une connexion WebSocket. Cependant, il est important de comprendre ses implications dans des sc\u00e9narios o\u00f9 il pourrait avoir des effets indirects sur le SEO. Voici quelques-unes de ces implications :<\/p>\n<table class=\"table-classic\">\n<tbody>\n<tr>\n<td><strong>Exp\u00e9rience utilisateur (UX)<\/strong><\/td>\n<td style=\"text-align: left\">Bien que le code 101 ne soit pas directement li\u00e9 au contenu d\u2019une page, si une action utilisateur n\u00e9cessite un changement de protocole (comme le d\u00e9marrage d\u2019un chat en temps r\u00e9el) et \u00e9choue, cela peut d\u00e9grader l\u2019exp\u00e9rience.<br \/>\n\t\t\tUne mauvaise UX peut indirectement affecter le SEO, car les moteurs de recherche prennent en compte les signaux d\u2019interaction utilisateur.<\/td>\n<\/tr>\n<tr>\n<td><strong>Vitesse de chargement<\/strong><\/td>\n<td style=\"text-align: left\">En cas de d\u00e9lai ou d\u2019\u00e9chec dans le changement de protocole, cela peut ralentir le chargement de la page, surtout si des contenus ou fonctionnalit\u00e9s en d\u00e9pendent.<br \/>\n\t\t\tLes moteurs de recherche prennent la vitesse de chargement comme facteur de classement, donc toute latence peut nuire au SEO.<\/td>\n<\/tr>\n<tr>\n<td><strong>Contenu mixte<\/strong><\/td>\n<td style=\"text-align: left\">Si votre site est en HTTPS et que vous essayez d&#8217;\u00e9tablir une connexion WebSocket non s\u00e9curis\u00e9e (WS au lieu de <a href=\"https:\/\/portswigger.net\/web-security\/websockets\/what-are-websockets\" target=\"_blank\" rel=\"nofollow noopener noreferrer\">WSS<\/a>), les navigateurs peuvent consid\u00e9rer cela comme du contenu mixte.<br \/>\n\t\t\tCela peut diminuer la confiance des utilisateurs et bloquer certains contenus, affectant indirectement le SEO.<\/td>\n<\/tr>\n<tr>\n<td><strong>Comportement des robots<\/strong><\/td>\n<td style=\"text-align: left\">Les robots d&#8217;exploration comme <a href=\"https:\/\/sitechecker.pro\/google-bot\/\" target=\"_blank\" rel=\"noopener noreferrer\">Googlebot<\/a> se concentrent principalement sur le contenu HTTP\/HTTPS.<br \/>\n\t\t\tSi votre site d\u00e9pend d\u2019un autre protocole (apr\u00e8s changement) pour le contenu principal, assurez-vous qu\u2019une alternative HTTP\/HTTPS est disponible pour les robots afin de permettre l\u2019indexation.<\/td>\n<\/tr>\n<tr>\n<td><strong>Charge serveur et disponibilit\u00e9<\/strong><\/td>\n<td style=\"text-align: left\">Un serveur qui change fr\u00e9quemment de protocole ou g\u00e8re de nombreuses connexions WebSocket peut voir sa charge augmenter.<br \/>\n\t\t\tSi cela affecte le temps de r\u00e9ponse ou la disponibilit\u00e9 du site, cela peut avoir un impact SEO car les moteurs prennent en compte la vitesse et la stabilit\u00e9 du serveur.<\/td>\n<\/tr>\n<tr>\n<td><strong>Suivi et reporting<\/strong><\/td>\n<td style=\"text-align: left\">Les outils SEO classiques et les journaux de serveur ne suivent pas toujours correctement les probl\u00e8mes li\u00e9s au changement de protocole.<br \/>\n\t\t\tSi vous utilisez intens\u00e9ment des fonctions impliquant le code 101, pr\u00e9voyez un suivi sp\u00e9cialis\u00e9.<\/td>\n<\/tr>\n<\/tbody>\n<\/table>\n<p>En r\u00e9sum\u00e9, bien que le code de statut 101 Switching Protocols n\u2019affecte pas directement le SEO, la mani\u00e8re dont votre site g\u00e8re ce changement et les fonctionnalit\u00e9s qui en d\u00e9pendent peuvent avoir des effets indirects.<\/p>\n<p>Il est essentiel d\u2019offrir une exp\u00e9rience utilisateur fluide et de garantir que les moteurs de recherche peuvent acc\u00e9der \u00e0 tous les contenus importants.<\/p>\n<h2 id=\"par3\">Probl\u00e8mes courants avec le code 101 et comment les corriger<\/h2>\n<p>Dans l\u2019univers complexe des communications web, diff\u00e9rents codes de statut HTTP jouent un r\u00f4le essentiel dans les interactions entre clients et serveurs. Le code 101 Switching Protocols est un exemple important, indiquant que le serveur passe \u00e0 un autre protocole selon la demande du client.<\/p>\n<p>Cependant, comme tout processus technologique, des probl\u00e8mes peuvent survenir.<\/p>\n<p>Voici quelques probl\u00e8mes courants li\u00e9s au code 101 et comment les r\u00e9soudre :<\/p>\n<h3>\u00c9checs de connexion WebSocket<\/h3>\n<p>Les probl\u00e8mes de connexion WebSocket peuvent emp\u00eacher l\u2019\u00e9change du code 101, interrompant ainsi les flux de donn\u00e9es en temps r\u00e9el entre client et serveur.<\/p>\n<div class=\"highlight-block\">Assurez-vous que le client et le serveur prennent en charge les WebSockets et sont correctement configur\u00e9s. V\u00e9rifiez si des proxys, pare-feux ou interm\u00e9diaires bloquent ou modifient le trafic WebSocket. Des outils comme <a href=\"http:\/\/www.websocket.org\/\" target=\"_blank\" rel=\"noopener noreferrer\">WebSocket.org<\/a> permettent de tester les connexions.<\/div>\n<h3>Protocoles non pris en charge<\/h3>\n<p>Si un client demande une mise \u00e0 niveau vers un protocole que le serveur ne prend pas en charge, le code 101 ne sera pas renvoy\u00e9, ce qui peut entra\u00eener des erreurs.<\/p>\n<div class=\"highlight-block\">Assurez-vous que le protocole souhait\u00e9 est pris en charge par les deux parties. Consultez les journaux du serveur pour identifier les demandes non prises en charge. Mettez \u00e0 jour les configurations ou logiciels si n\u00e9cessaire.<\/div>\n<h3>Versions de protocole incompatibles<\/h3>\n<p>Parfois, le client peut demander une version d\u2019un protocole que le serveur ne prend pas en charge, ou l\u2019inverse.<\/p>\n<div class=\"highlight-block\">Maintenez vos logiciels c\u00f4t\u00e9 client et serveur \u00e0 jour pour garantir la compatibilit\u00e9. V\u00e9rifiez les documentations pour vous assurer que les deux prennent en charge la m\u00eame version.<\/div>\n<h3>Interruptions r\u00e9seau<\/h3>\n<p>Une panne de r\u00e9seau apr\u00e8s l\u2019envoi du code 101 mais avant que le changement ne soit effectif peut entra\u00eener une coupure de la connexion.<\/p>\n<div class=\"highlight-block\">Surveillez la stabilit\u00e9 du r\u00e9seau avec des outils comme ping, traceroute ou des solutions avanc\u00e9es. Si vous utilisez un proxy, VPN ou load balancer, v\u00e9rifiez qu&apos;ils sont configur\u00e9s pour g\u00e9rer les changements de protocole.<\/div>\n<h3>Mauvaises configurations<\/h3>\n<p>Des erreurs dans les configurations serveur ou proxy peuvent emp\u00eacher le processus de Switching Protocols de fonctionner.<\/p>\n<div class=\"highlight-block\">Examinez les configurations serveur et interm\u00e9diaires pour v\u00e9rifier qu&apos;elles autorisent les mises \u00e0 niveau. Les en-t\u00eates Upgrade et Connection doivent \u00eatre autoris\u00e9s par les filtres ou pare-feux. Consultez les documentations de vos fournisseurs cloud ou h\u00e9bergeurs.<\/div>\n<h3>En-t\u00eates invalides<\/h3>\n<p>Des en-t\u00eates manquants ou incorrects dans la requ\u00eate client peuvent emp\u00eacher le serveur de retourner le code 101.<\/p>\n<div class=\"highlight-block\">V\u00e9rifiez les en-t\u00eates de la requ\u00eate client pour rep\u00e9rer des erreurs ou incoh\u00e9rences. L&apos;en-t\u00eate Upgrade doit \u00eatre correctement d\u00e9fini. Utilisez les outils de d\u00e9veloppement du navigateur pour tester et ajuster les en-t\u00eates.<\/div>\n<h2 id=\"par4\">Outil de v\u00e9rification de code HTTP pour identifier le code 101<\/h2>\n<div class=\"content__img-wrap\"><img src=\"https:\/\/sitechecker.pro\/wp-content\/uploads\/2023\/09\/HTTP-Status-Code-Checker-Tool-for-identifying-HTTP-101-status-code.png\" alt=\"HTTP Status Code Checker Tool for identifying HTTP 101 status code\" class=\"description-img description-img-zoom\" loading=\"lazy\" ><\/div>\n<p>SiteChecker.pro est un outil en ligne complet qui fournit des informations sur les <a href=\"https:\/\/sitechecker.pro\/http-status-codes\/\" target=\"_blank\" rel=\"noopener noreferrer\">codes de statut HTTP<\/a> retourn\u00e9s par les sites web. Gr\u00e2ce \u00e0 son interface intuitive, les utilisateurs peuvent simplement entrer une URL et obtenir rapidement le code de statut retourn\u00e9. Pour d\u00e9tecter pr\u00e9cis\u00e9ment le code 101 Switching Protocols, cet outil est particuli\u00e8rement utile.<\/p>\n<p>En plus d\u2019afficher le code, SiteChecker.pro fournit une explication claire de sa signification. M\u00eame si vous n\u2019\u00eates pas familier avec les d\u00e9tails techniques du code 101, la plateforme vous guide avec un aper\u00e7u concis mais pertinent, et vous aide \u00e0 comprendre les actions \u00e9ventuelles \u00e0 entreprendre.<\/p>\n<p>L\u2019outil ne se limite pas \u00e0 une seule URL. Si votre site compte plusieurs pages ou si vous g\u00e9rez plusieurs domaines, l\u2019analyse de SiteChecker.pro devient pr\u00e9cieuse. Il explore rapidement tous les domaines, garantissant qu\u2019aucun code 101 (ou autre) ne passe inaper\u00e7u. Cette rigueur permet aux webmasters de rester inform\u00e9s et de r\u00e9agir rapidement.<\/p>\n<h2 id=\"par5\">Conclusion<\/h2>\n<p>Le code de statut HTTP 101 &#8220;Switching Protocols&#8221; joue un r\u00f4le cl\u00e9 dans les communications web modernes, notamment avec des fonctionnalit\u00e9s comme les WebSockets. Ce code, de type informatif, indique que le serveur accepte de passer \u00e0 un autre protocole \u00e0 la demande du client. Bien qu\u2019il n\u2019ait pas d\u2019effet direct sur le SEO, ses implications indirectes, comme l\u2019UX ou la charge serveur, peuvent affecter les indicateurs SEO. Des probl\u00e8mes peuvent survenir, comme l\u2019\u00e9chec de connexions WebSocket ou des protocoles non pris en charge, mais avec des outils comme SiteChecker.pro, vous pouvez anticiper et corriger ces situations. Cet outil d\u00e9tecte non seulement le code 101, mais aide \u00e9galement \u00e0 comprendre ses effets.<\/p>\n<div id=\"par6\"><\/div>\n<p><div class=\"front__faq-block\"><div class=\"faq__block-title\">FAQ<\/div><div class=\"panel-group\" id=\"faq-accordion\" itemscope itemtype=\"https:\/\/schema.org\/FAQPage\" role=\"tablist\" aria-multiselectable=\"true\"><div class=\"panel\" itemscope itemtype=\"https:\/\/schema.org\/Question\" itemprop=\"mainEntity\">\n                            <div class=\"panel-heading\" id=\"headingFaq-1\">\n                                <div class=\"panel-title\" data-toggle=\"collapse\" aria-expanded=\"false\" href=\"#collapseFaq-1\">\n                                    <h3 itemprop=\"name\">Comment le code 101 affecte-t-il la vitesse de chargement des pages\u202f?<\/h3>\n                                <\/div>\n                            <\/div>\n                            <div id=\"collapseFaq-1\" class=\"panel-collapse collapse\" itemprop=\"acceptedAnswer\" itemscope itemtype=\"http:\/\/schema.org\/Answer\">\n                                <div class=\"panel-body\" itemprop=\"text\">Des retards ou des \u00e9checs dans le changement de protocole peuvent allonger le temps de chargement si les fonctionnalit\u00e9s en d\u00e9pendent, ce qui peut affecter le SEO.<\/div>\n                            <\/div>\n                        <\/div><div class=\"panel\" itemscope itemtype=\"https:\/\/schema.org\/Question\" itemprop=\"mainEntity\">\n                            <div class=\"panel-heading\" id=\"headingFaq-2\">\n                                <div class=\"panel-title\" data-toggle=\"collapse\" aria-expanded=\"false\" href=\"#collapseFaq-2\">\n                                    <h3 itemprop=\"name\">Quels probl\u00e8mes peuvent survenir avec le code 101 lors des communications WebSocket\u202f?<\/h3>\n                                <\/div>\n                            <\/div>\n                            <div id=\"collapseFaq-2\" class=\"panel-collapse collapse\" itemprop=\"acceptedAnswer\" itemscope itemtype=\"http:\/\/schema.org\/Answer\">\n                                <div class=\"panel-body\" itemprop=\"text\">Les probl\u00e8mes courants incluent des \u00e9checs de connexion dus \u00e0 des erreurs de configuration, des protocoles non pris en charge, des interruptions r\u00e9seau ou des en-t\u00eates invalides.<\/div>\n                            <\/div>\n                        <\/div><div class=\"panel\" itemscope itemtype=\"https:\/\/schema.org\/Question\" itemprop=\"mainEntity\">\n                            <div class=\"panel-heading\" id=\"headingFaq-3\">\n                                <div class=\"panel-title\" data-toggle=\"collapse\" aria-expanded=\"false\" href=\"#collapseFaq-3\">\n                                    <h3 itemprop=\"name\">Quel est le lien entre le code 101 et les probl\u00e8mes de contenu mixte\u202f?<\/h3>\n                                <\/div>\n                            <\/div>\n                            <div id=\"collapseFaq-3\" class=\"panel-collapse collapse\" itemprop=\"acceptedAnswer\" itemscope itemtype=\"http:\/\/schema.org\/Answer\">\n                                <div class=\"panel-body\" itemprop=\"text\">Si un site en HTTPS tente une connexion WebSocket non s\u00e9curis\u00e9e (WS au lieu de WSS), les navigateurs peuvent consid\u00e9rer cela comme du contenu mixte, ce qui peut nuire \u00e0 la confiance des utilisateurs et au SEO.<\/div>\n                            <\/div>\n                        <\/div><\/div><\/div><\/p>","protected":false},"excerpt":{"rendered":"Qu\u2019est-ce qu\u2019un code de statut 101\u202f? Un code de statut 101 en HTTP est d\u00e9fini comme Switching Protocols (Changement de protocole). Il s\u2019agit d\u2019une r\u00e9ponse informative indiquant que le serveur comprend et accepte la demande du client, effectu\u00e9e via l\u2019en-t\u00eate Upgrade, de passer \u00e0 un autre protocole. Par exemple, ce code de statut est couramment&#8230;","protected":false},"author":10409641,"featured_media":26179,"parent":0,"menu_order":0,"comment_status":"closed","ping_status":"closed","template":"pages-templates\/pages-v2.php","meta":[],"categories":[27],"tags":[],"_links":{"self":[{"href":"https:\/\/sitechecker.pro\/fr\/wp-json\/wp\/v2\/pages\/26178"}],"collection":[{"href":"https:\/\/sitechecker.pro\/fr\/wp-json\/wp\/v2\/pages"}],"about":[{"href":"https:\/\/sitechecker.pro\/fr\/wp-json\/wp\/v2\/types\/page"}],"author":[{"embeddable":true,"href":"https:\/\/sitechecker.pro\/fr\/wp-json\/wp\/v2\/users\/10409641"}],"replies":[{"embeddable":true,"href":"https:\/\/sitechecker.pro\/fr\/wp-json\/wp\/v2\/comments?post=26178"}],"version-history":[{"count":4,"href":"https:\/\/sitechecker.pro\/fr\/wp-json\/wp\/v2\/pages\/26178\/revisions"}],"predecessor-version":[{"id":36732,"href":"https:\/\/sitechecker.pro\/fr\/wp-json\/wp\/v2\/pages\/26178\/revisions\/36732"}],"wp:featuredmedia":[{"embeddable":true,"href":"https:\/\/sitechecker.pro\/fr\/wp-json\/wp\/v2\/media\/26179"}],"wp:attachment":[{"href":"https:\/\/sitechecker.pro\/fr\/wp-json\/wp\/v2\/media?parent=26178"}],"wp:term":[{"taxonomy":"category","embeddable":true,"href":"https:\/\/sitechecker.pro\/fr\/wp-json\/wp\/v2\/categories?post=26178"},{"taxonomy":"post_tag","embeddable":true,"href":"https:\/\/sitechecker.pro\/fr\/wp-json\/wp\/v2\/tags?post=26178"}],"curies":[{"name":"wp","href":"https:\/\/api.w.org\/{rel}","templated":true}]}}