{"id":2517,"date":"2018-04-17T12:41:56","date_gmt":"2018-04-17T12:41:56","guid":{"rendered":"https:\/\/sitechecker.pro\/?page_id=2517"},"modified":"2025-04-15T19:26:15","modified_gmt":"2025-04-15T19:26:15","slug":"page-rank","status":"publish","type":"page","link":"https:\/\/sitechecker.pro\/fr\/page-rank\/","title":{"rendered":"V\u00e9rificateur de PageRank | Alternative \u00e0 Google PR"},"content":{"rendered":"<p><\/p>\n<h2 id=\"par1\">Qu&#8217;est-ce que Page Rank Checker\u00a0?<\/h2>\n<p>Un v\u00e9rificateur de classement de page Web est un outil complet qui \u00e9value la notation ou l&#8217;autorit\u00e9 d&#8217;une page Web. Cette mesure examine les <a href=\"https:\/\/sitechecker.pro\/what-is-internal-link\/\" target=\"_blank\" rel=\"noopener noreferrer\">liens internes<\/a>, offrant des informations sur l&#8217;efficacit\u00e9 des liens internes tout en identifiant les pages qui ont une plus grande importance.<\/p>\n<p>Voici comment nous calculons l&#8217;importance de la page Web\u00a0:<\/p>\n<p><strong>somme(0.25 \/ nombre de liens de la page) * 0.85<\/strong><\/p>\n<p>Il s&#8217;agit d&#8217;une mesure interne de <a href=\"https:\/\/sitechecker.pro\/\" target=\"_blank\" rel=\"noopener noreferrer\">Sitechecker<\/a>. Bien que le testeur de PageRank interne offre des perspectives pr\u00e9cieuses, il convient de noter qu&#8217;il s&#8217;agit d&#8217;estimations et qu&#8217;elles peuvent ne pas refl\u00e9ter les algorithmes pr\u00e9cis utilis\u00e9s par les moteurs de recherche.<\/p>\n<h3>Le v\u00e9rificateur de classement interne des pages de Sitechecker peut vous aider de plusieurs fa\u00e7ons<\/h3>\n<ol>\n<li><strong>Analyse approfondie des liens internes\u00a0:<\/strong> l&#8217;outil examine minutieusement les liens internes, vous offrant un aper\u00e7u de l&#8217;efficacit\u00e9 de votre strat\u00e9gie de liens internes. Cela peut vous aider \u00e0 affiner la <a href=\"https:\/\/sitechecker.pro\/link-juice\/\" target=\"_blank\" rel=\"noopener noreferrer\">distribution du jus de lien<\/a> de votre site Web. Peut \u00eatre utilis\u00e9 comme une alternative de liens internes \u00e0 <a href=\"https:\/\/sitechecker.pro\/what-is-google-page-rank-metric\/\" target=\"_blank\" rel=\"noopener noreferrer\">Google PageRank<\/a>.<\/li>\n<li><strong>Mise en \u00e9vidence des pages Web cl\u00e9s\u00a0: <\/strong>Identifiez les pages qui devraient avoir une plus grande importance en termes de classement interne et concentrez vos efforts sur <a href=\"https:\/\/sitechecker.pro\/what-is-link-equity\/\" target=\"_blank\" rel=\"noopener noreferrer\">l&#8217;\u00e9quit\u00e9 des liens<\/a> par rapport aux autres URL sur elles.<\/li>\n<li><strong>Audit technique\u00a0: <\/strong>L&#8217;outil n&#8217;\u00e9value pas seulement l&#8217;importance des URL\u00a0; il identifie \u00e9galement les obstacles techniques qui ont un impact sur le classement, comme les temps de chargement prolong\u00e9s, les probl\u00e8mes d&#8217;optimisation mobile, les liens rompus, etc.<\/li>\n<\/ol>\n<p>En substance, le v\u00e9rificateur de classement interne des pages est un outil indispensable pour renforcer la structure interne de votre site Web, optimiser l&#8217;\u00e9quit\u00e9 des liens et prioriser les pages int\u00e9ressantes. La combinaison de cet outil avec un <a href=\"https:\/\/sitechecker.pro\/seo-website-grader\/\">SEO Grader<\/a> vous permet d&#8217;obtenir une vue compl\u00e8te des facteurs internes et externes affectant votre r\u00e9f\u00e9rencement, garantissant que tous les aspects de votre site sont enti\u00e8rement optimis\u00e9s pour un meilleur classement.<\/p>\n<h3>Principales fonctionnalit\u00e9s du v\u00e9rificateur de classement des URL Web<\/h3>\n<ul>\n<li><strong>Tableau de bord unifi\u00e9. <\/strong>Une gestion efficace du site Web commence par un hub central. Le tableau de bord unifi\u00e9 du v\u00e9rificateur de classement regroupe les donn\u00e9es critiques, offrant des informations sur les adresses de r\u00e9adressage, les rapports d&#8217;erreur et m\u00eame les visualisations de donn\u00e9es.<\/li>\n<li><strong>Interface conviviale. <\/strong>Reconnaissant que les utilisateurs varient en termes d&#8217;expertise technique, l&#8217;outil est con\u00e7u pour \u00eatre accessible \u00e0 tous. Avec une navigation intuitive, des fonctionnalit\u00e9s bien \u00e9tiquet\u00e9es et des info-bulles utiles, m\u00eame les novices peuvent parcourir ses fonctionnalit\u00e9s en toute simplicit\u00e9.<\/li>\n<li><strong>Analyse approfondie des liens internes. <\/strong>Le v\u00e9rificateur de classement des pages Web \u00e9value l&#8217;importance des pages Web, examine les liens internes pour en v\u00e9rifier l&#8217;efficacit\u00e9 et identifie les adresses Web cl\u00e9s les plus importantes. Sa m\u00e9thode de calcul transparente offre des informations, tout en soulignant que les r\u00e9sultats sont des estimations qui s&#8217;alignent \u00e9troitement sur la strat\u00e9gie de liens internes.<\/li>\n<li><strong>Ensemble complet d&#8217;outils de r\u00e9f\u00e9rencement. <\/strong>Au-del\u00e0 de la v\u00e9rification de la notation interne des pages Web, l&#8217;arsenal de l&#8217;outil comprend une bo\u00eete \u00e0 outils de r\u00e9f\u00e9rencement diversifi\u00e9e. De la recherche de mots cl\u00e9s et de l&#8217;analyse des backlinks \u00e0 l&#8217;<a href=\"https:\/\/sitechecker.pro\/on-page-seo-checker\/\" target=\"_blank\" rel=\"noopener noreferrer\">contr\u00f4le SEO on-page<\/a>, au suivi des classements et aux audits complets du site, il est \u00e9quip\u00e9 pour renforcer la strat\u00e9gie SEO d&#8217;un site Web.<\/li>\n<\/ul>\n<h2 id=\"par2\">Comment utiliser Page Rank Checker<\/h2>\n<div class=\"content__img-wrap\"><img src=\"https:\/\/sitechecker.pro\/wp-content\/uploads\/2024\/07\/1-selector-min_66a0a47c5b5e7.png\" alt=\"Selector Page Rank Checker\" class=\"description-img description-img-zoom\" loading=\"lazy\" ><\/div>\n<p>Page Rating Checker offre la possibilit\u00e9 d&#8217;\u00e9valuer l&#8217;autorit\u00e9 et la notation d&#8217;une adresse Web sp\u00e9cifique en fonction de tous les liens internes.<\/p>\n<p>Le processus est rapide et se termine en quelques instants. Une fois l&#8217;op\u00e9ration termin\u00e9e, vous obtenez des informations d\u00e9taill\u00e9es sur le rang et la valeur per\u00e7ue de votre structure de liens dans le contexte de toutes les pages HTML de votre site, ce qui vous permet d&#8217;avoir une compr\u00e9hension globale des notes de chaque page Web.<\/p>\n<h2 id=\"par3\">V\u00e9rification du domaine<\/h2>\n<h3>\u00c9tape 1\u00a0:\u00a0Ins\u00e9rez votre domaine dans la barre de recherche<\/h3>\n<p>Pour examiner un domaine en ligne, cliquez sur l&#8217;option \u00ab\u00a0V\u00e9rifier le domaine\u00a0\u00bb, saisissez le nom de domaine, puis appuyez sur le bouton \u00ab\u00a0V\u00e9rifier le pagerank\u00a0\u00bb.<br \/>\n<div class=\"content__img-wrap\"><img src=\"https:\/\/sitechecker.pro\/wp-content\/uploads\/2024\/07\/2-selector-min.png\" alt=\"V\u00e9rificateur de classement des pages de sites Web\" class=\"description-img description-img-zoom\" loading=\"lazy\" ><\/div><\/p>\n<div class=\"important-block\">Pour recevoir les r\u00e9sultats et acc\u00e9der aux fonctionnalit\u00e9s de Sitechecker pendant 14 jours, d\u00e9marrez votre essai GRATUIT. L'inscription est facile avec votre e-mail, votre compte Google ou Facebook. Aucune carte de cr\u00e9dit n'est n\u00e9cessaire.<\/div>\n<h3>\u00c9tape 2\u00a0: Interpr\u00e9ter les r\u00e9sultats du classement des pages du domaine<\/h3>\n<p>Dans la cat\u00e9gorie \u00ab\u00a0Toutes les pages HTML\u00a0\u00bb, vous pouvez rechercher et trier les donn\u00e9es relatives \u00e0 votre adresse Web. Plus le classement est \u00e9lev\u00e9, plus les liens pointent vers le domaine et plus ils font autorit\u00e9 (par rapport \u00e0 d&#8217;autres sites Web). V\u00e9rifiez et am\u00e9liorez le score de toutes les URL de votre domaine.<\/p>\n<div class=\"content__img-wrap\"><img src=\"https:\/\/sitechecker.pro\/wp-content\/uploads\/2023\/08\/page-weight.png\" alt=\"Page Weight\" class=\"description-img description-img-zoom\" loading=\"lazy\" ><\/div>\n<p>Si vous souhaitez localiser une URL de notation sp\u00e9cifique pour v\u00e9rifier son contenu, vous pouvez utiliser le filtre\u00a0:<\/p>\n<div class=\"content__img-wrap\"><img src=\"https:\/\/sitechecker.pro\/wp-content\/uploads\/2023\/08\/specific-rating-url.png\" alt=\"Specific Rating URL\" class=\"description-img description-img-zoom\" loading=\"lazy\" ><\/div>\n<p>Outre le taux de page dans le tableau, vous pouvez personnaliser les colonnes et ajouter les points de donn\u00e9es qui vous int\u00e9ressent\u00a0:<\/p>\n<div class=\"content__img-wrap\"><img src=\"https:\/\/sitechecker.pro\/wp-content\/uploads\/2023\/08\/manage-columns.png\" alt=\"Manage Columns\" class=\"description-img description-img-zoom\" loading=\"lazy\" ><\/div>\n<h2 id=\"par4\">Autres fonctionnalit\u00e9s du Page Rating Tester<\/h2>\n<p>Page Rank Tester vous fournira un audit et une \u00e9valuation complets du site Web con\u00e7us pour vous aider \u00e0 identifier et \u00e0 r\u00e9soudre les probl\u00e8mes.<\/p>\n<p>Chaque rapport d&#8217;audit est accompagn\u00e9 de recommandations sur la mani\u00e8re de corriger les probl\u00e8mes identifi\u00e9s, ainsi que de vous permettre de trier facilement les probl\u00e8mes par type\u00a0: critiques, avertissements, opportunit\u00e9s, notifications.<\/p>\n<div class=\"content__img-wrap\"><img src=\"https:\/\/sitechecker.pro\/wp-content\/uploads\/2023\/08\/issues-type.png\" alt=\"Type de probl\u00e8me\" class=\"description-img description-img-zoom\" loading=\"lazy\" ><\/div>\n<p>En activant le filtre \u00ab\u00a0Par cat\u00e9gorie\u00a0\u00bb, vous pouvez consulter les informations relatives aux liens, \u00e0 l&#8217;indexabilit\u00e9, \u00e0 la pertinence du contenu, \u00e0 la vitesse de l&#8217;URL, \u00e0 la s\u00e9curit\u00e9, etc.\u00a0:<\/p>\n<div class=\"content__img-wrap\"><img src=\"https:\/\/sitechecker.pro\/wp-content\/uploads\/2023\/08\/by-category-filter.png\" alt=\"Par cat\u00e9gorie de filtre\" class=\"description-img description-img-zoom\" loading=\"lazy\" ><\/div>\n<p>Pour approfondir les performances du site Web, vous pouvez int\u00e9grer Google Analytics et Google Search Console\u00a0:<\/p>\n<div class=\"content__img-wrap\"><img src=\"https:\/\/sitechecker.pro\/wp-content\/uploads\/2023\/08\/ga-gsc-setup.png\" alt=\"Configuration de GA GSC\" class=\"description-img description-img-zoom\" loading=\"lazy\" ><\/div>\n<p>Les donn\u00e9es des services Google sont accessibles dans les filtres \u00ab\u00a0G\u00e9rer les colonnes\u00a0\u00bb\u00a0:<\/p>\n<div class=\"content__img-wrap\"><img src=\"https:\/\/sitechecker.pro\/wp-content\/uploads\/2023\/08\/google-services-data.png\" alt=\"Donn\u00e9es des services Google\" class=\"description-img description-img-zoom\" loading=\"lazy\" ><\/div>\n<p>Pour une analyse plus approfondie des donn\u00e9es collect\u00e9es, il existe une option permettant d&#8217;exporter vers Google Sheets, d&#8217;enregistrer au format PDF ou simplement de copier les informations\u00a0:<\/p>\n<div class=\"content__img-wrap\"><img src=\"https:\/\/sitechecker.pro\/wp-content\/uploads\/2023\/08\/export-data-pdf.png\" alt=\"Exporter les donn\u00e9es au format PDF\" class=\"description-img description-img-zoom\" loading=\"lazy\" ><\/div>\n<h2 id=\"par5\">V\u00e9rifier le classement des pages<\/h2>\n<h3>\u00c9tape 1\u00a0:\u00a0Ins\u00e9rez votre URL<\/h3>\n<p>En un seul clic, vous pouvez effectuer une v\u00e9rification du classement des pages de l&#8217;adresse Web que vous souhaitez analyser.<\/p>\n<div class=\"content__img-wrap\"><img src=\"https:\/\/sitechecker.pro\/wp-content\/uploads\/2024\/07\/3-selector-min.png\" alt=\"Page Rank Checker Check Page\" class=\"description-img description-img-zoom\" loading=\"lazy\" ><\/div>\n<h3>\u00c9tape 2\u00a0: V\u00e9rification des r\u00e9sultats<\/h3>\n<p>En exploitant notre outil avanc\u00e9, nous pouvons rapidement <a href=\"https:\/\/sitechecker.pro\/seo-website-grader\/\" target=\"_blank\" rel=\"noopener noreferrer\">noter un site Web<\/a> et analyser les donn\u00e9es associ\u00e9es \u00e0 l&#8217;importance d&#8217;une URL sp\u00e9cifique. Ici, vous pouvez voir l&#8217;importance de votre URL. Plus le Page Rank (poids de la page) est \u00e9lev\u00e9, plus les liens pointent vers le site Web et plus ils font autorit\u00e9 (par rapport \u00e0 d&#8217;autres sites Web). V\u00e9rifiez et am\u00e9liorez le score du lien analys\u00e9.<\/p>\n<div class=\"content__img-wrap\"><img src=\"https:\/\/sitechecker.pro\/wp-content\/uploads\/2024\/06\/results-of-page-check-inspection.png\" alt=\"D\u00e9tails de la page Poids de la page\" class=\"description-img description-img-zoom\" loading=\"lazy\" ><\/div>\n<p>De plus, vous pouvez afficher ici des informations sur les liens internes du lien s\u00e9lectionn\u00e9\u00a0:<\/p>\n<div class=\"content__img-wrap\"><img src=\"https:\/\/sitechecker.pro\/wp-content\/uploads\/2024\/06\/6-internal-links-status-codes-filter.png\" alt=\"D\u00e9tails de la page Liens internes\" class=\"description-img description-img-zoom\" loading=\"lazy\" ><\/div>\n<p>Cette liste d&#8217;URL illustre comment l&#8217;adresse Web s\u00e9lectionn\u00e9e influence les cons\u00e9quences d&#8217;autres pages Web.<\/p>\n<h2 id=\"par6\">Fonctionnalit\u00e9s suppl\u00e9mentaires de Free Page Rating Checker<\/h2>\n<p>Les informations pr\u00e9sent\u00e9es mettent en \u00e9vidence les probl\u00e8mes qui affectent directement votre m\u00e9trique URL\u00a0:<\/p>\n<div class=\"content__img-wrap\"><img src=\"https:\/\/sitechecker.pro\/wp-content\/uploads\/2024\/06\/5-issues.png\" alt=\"Probl\u00e8mes li\u00e9s aux d\u00e9tails de la page\" class=\"description-img description-img-zoom\" loading=\"lazy\" ><\/div>\n<p>Pour maintenir une valeur d&#8217;URL \u00e9lev\u00e9e, il est essentiel de surveiller syst\u00e9matiquement les codes d&#8217;\u00e9tat de r\u00e9ponse\u00a0:<\/p>\n<div class=\"content__img-wrap\"><img src=\"https:\/\/sitechecker.pro\/wp-content\/uploads\/2024\/06\/6-internal-links-status-codes-filter.png\" alt=\"Code d'\u00e9tat des d\u00e9tails de la page\" class=\"description-img description-img-zoom\" loading=\"lazy\" ><\/div>\n<p>Bien que le classement des pages soit une mesure pr\u00e9cieuse, les webmasters doivent \u00e9galement se concentrer sur la surveillance des performances du site en termes de mots-cl\u00e9s et de positions SERP pour des raisons pratiques au quotidien.<\/p>\n<p>Pour v\u00e9rifier le classement de votre site sur les moteurs de recherche, utilisez notre <a href=\"https:\/\/sitechecker.pro\/rank-tracker\/\" target=\"_blank\" rel=\"noopener noreferrer\">v\u00e9rificateur de classement de site Web<\/a>.<\/p>\n<p>Cet outil vous permet de surveiller les changements dans les possessions de mots-cl\u00e9s de vos phrases cl\u00e9s\u00a0:<\/p>\n<div class=\"content__img-wrap\"><img src=\"https:\/\/sitechecker.pro\/wp-content\/uploads\/2023\/08\/rank-tracker.png\" alt=\"Rank Tracker\" class=\"description-img description-img-zoom\" loading=\"lazy\" ><\/div>\n<p>Le Keyword Rank Tracker vous permet de surveiller les changements de position d&#8217;un mot-cl\u00e9 au fil du temps, d&#8217;\u00e9valuer le volume de recherche de la phrase, d&#8217;afficher l&#8217;URL associ\u00e9e, et bien plus encore.<\/p>\n<h2 id=\"par7\">Remarques finales<\/h2>\n<p>Le v\u00e9rificateur de classement des pages Web de Sitechecker est un outil sp\u00e9cialis\u00e9 con\u00e7u pour \u00e9valuer l&#8217;autorit\u00e9 des liens internes d&#8217;une page Web. En examinant les liens internes, il identifie les pages les plus importantes et calcule leur importance num\u00e9rique \u00e0 l&#8217;aide d&#8217;une formule unique.<\/p>\n<p>L&#8217;interface conviviale pr\u00e9sente un tableau de bord unifi\u00e9, fournissant des informations cruciales qui simplifient la gestion du site Web. En plus du classement des pages, l&#8217;outil fonctionne de mani\u00e8re transparente avec la fonction <a href=\"https:\/\/sitechecker.pro\/page-counter\/\">Compteur de pages<\/a>, vous permettant de suivre le nombre total de pages de votre site Web et de vous assurer que votre strat\u00e9gie de liens internes couvre toutes les pages cl\u00e9s. Au-del\u00e0 de la simple \u00e9valuation des pages Web, l&#8217;outil offre une bo\u00eete \u00e0 outils SEO compl\u00e8te, r\u00e9pondant \u00e0 des t\u00e2ches telles que la recherche de mots cl\u00e9s, l&#8217;analyse des backlinks, etc. L&#8217;int\u00e9gration avec des plateformes telles que Google Analytics et Google Search Console \u00e9tend encore ses capacit\u00e9s.<\/p>\n<p>En plus des fonctionnalit\u00e9s de base, Sitechecker propose \u00e9galement des outils suppl\u00e9mentaires tels que le <a href=\"https:\/\/sitechecker.pro\/rank-checker\/\" target=\"_blank\" rel=\"noopener noreferrer\">Website Ranking Checker<\/a> et le <a href=\"https:\/\/sitechecker.pro\/rank-tracker\/\" target=\"_blank\" rel=\"noopener noreferrer\">Keyword Rank Tracker<\/a>. Ces outils, utilis\u00e9s avec le Page Rank Checker, offrent une vue compl\u00e8te du classement SEO d&#8217;un site, ce qui le rend inestimable pour ceux qui cherchent \u00e0 am\u00e9liorer la pr\u00e9sence en ligne de leur site Web.<\/p>\n<div id=\"par8\"><\/div>\n<p><div class=\"front__faq-block\"><div class=\"faq__block-title\">FAQ<\/div><div class=\"panel-group\" id=\"faq-accordion\" itemscope itemtype=\"https:\/\/schema.org\/FAQPage\" role=\"tablist\" aria-multiselectable=\"true\"><div class=\"panel\" itemscope itemtype=\"https:\/\/schema.org\/Question\" itemprop=\"mainEntity\">\n                            <div class=\"panel-heading\" id=\"headingFaq-1\">\n                                <div class=\"panel-title\" data-toggle=\"collapse\" aria-expanded=\"false\" href=\"#collapseFaq-1\">\n                                    <h3 itemprop=\"name\">Quelle est la diff\u00e9rence entre Google PR et le PR de Sitechecker ?<\/h3>\n                                <\/div>\n                            <\/div>\n                            <div id=\"collapseFaq-1\" class=\"panel-collapse collapse\" itemprop=\"acceptedAnswer\" itemscope itemtype=\"http:\/\/schema.org\/Answer\">\n                                <div class=\"panel-body\" itemprop=\"text\">La diff\u00e9rence entre Google PR et Sitechecker's PR est que Google PR \u00e9tait un syst\u00e8me d\u00e9velopp\u00e9 par Google pour classer les pages Web en fonction de leur autorit\u00e9 et de leur pertinence, mais il n'est plus disponible publiquement. D'autre part, Sitechecker's PR est une mesure interne d\u00e9velopp\u00e9e par Sitechecker pour \u00e9valuer l'importance et l'efficacit\u00e9 des pages Web, en examinant sp\u00e9cifiquement les liens internes. Cette mesure fournit des informations sur la structure interne du site Web.<\/div>\n                            <\/div>\n                        <\/div><div class=\"panel\" itemscope itemtype=\"https:\/\/schema.org\/Question\" itemprop=\"mainEntity\">\n                            <div class=\"panel-heading\" id=\"headingFaq-2\">\n                                <div class=\"panel-title\" data-toggle=\"collapse\" aria-expanded=\"false\" href=\"#collapseFaq-2\">\n                                    <h3 itemprop=\"name\">Comment puis-je v\u00e9rifier mon classement de page ?<\/h3>\n                                <\/div>\n                            <\/div>\n                            <div id=\"collapseFaq-2\" class=\"panel-collapse collapse\" itemprop=\"acceptedAnswer\" itemscope itemtype=\"http:\/\/schema.org\/Answer\">\n                                <div class=\"panel-body\" itemprop=\"text\">Utilisez le v\u00e9rificateur de classement de page Sitechecker en saisissant votre domaine ou une URL sp\u00e9cifique.<\/div>\n                            <\/div>\n                        <\/div><div class=\"panel\" itemscope itemtype=\"https:\/\/schema.org\/Question\" itemprop=\"mainEntity\">\n                            <div class=\"panel-heading\" id=\"headingFaq-3\">\n                                <div class=\"panel-title\" data-toggle=\"collapse\" aria-expanded=\"false\" href=\"#collapseFaq-3\">\n                                    <h3 itemprop=\"name\">Quels sont les avantages de comprendre le classement des pages Web \u00e0 l'aide de cet outil ?<\/h3>\n                                <\/div>\n                            <\/div>\n                            <div id=\"collapseFaq-3\" class=\"panel-collapse collapse\" itemprop=\"acceptedAnswer\" itemscope itemtype=\"http:\/\/schema.org\/Answer\">\n                                <div class=\"panel-body\" itemprop=\"text\">Comprendre et optimiser le classement peut aider \u00e0 optimiser l'\u00e9quit\u00e9 des liens, \u00e0 prioriser les pages avec le contenu le plus pr\u00e9cieux et \u00e0 travailler sur les pages \u00e0 faible classement.<\/div>\n                            <\/div>\n                        <\/div><div class=\"panel\" itemscope itemtype=\"https:\/\/schema.org\/Question\" itemprop=\"mainEntity\">\n                            <div class=\"panel-heading\" id=\"headingFaq-4\">\n                                <div class=\"panel-title\" data-toggle=\"collapse\" aria-expanded=\"false\" href=\"#collapseFaq-4\">\n                                    <h3 itemprop=\"name\">Qu'est-ce qu'un bon PageRank ?<\/h3>\n                                <\/div>\n                            <\/div>\n                            <div id=\"collapseFaq-4\" class=\"panel-collapse collapse\" itemprop=\"acceptedAnswer\" itemscope itemtype=\"http:\/\/schema.org\/Answer\">\n                                <div class=\"panel-body\" itemprop=\"text\">Selon les crit\u00e8res de Sitechecker, un bon PageRank refl\u00e8te l'efficacit\u00e9 des liens internes. Des scores plus \u00e9lev\u00e9s indiquent une plus grande autorit\u00e9.<\/div>\n                            <\/div>\n                        <\/div><\/div><\/div><\/p>","protected":false},"excerpt":{"rendered":"Qu&#8217;est-ce que Page Rank Checker\u00a0? Un v\u00e9rificateur de classement de page Web est un outil complet qui \u00e9value la notation ou l&#8217;autorit\u00e9 d&#8217;une page Web. Cette mesure examine les liens internes, offrant des informations sur l&#8217;efficacit\u00e9 des liens internes tout en identifiant les pages qui ont une plus grande importance. Voici comment nous calculons l&#8217;importance&#8230;","protected":false},"author":10409641,"featured_media":3830,"parent":0,"menu_order":0,"comment_status":"closed","ping_status":"closed","template":"pages-templates\/pages-minitools-3.php","meta":[],"categories":[72],"tags":[],"_links":{"self":[{"href":"https:\/\/sitechecker.pro\/fr\/wp-json\/wp\/v2\/pages\/2517"}],"collection":[{"href":"https:\/\/sitechecker.pro\/fr\/wp-json\/wp\/v2\/pages"}],"about":[{"href":"https:\/\/sitechecker.pro\/fr\/wp-json\/wp\/v2\/types\/page"}],"author":[{"embeddable":true,"href":"https:\/\/sitechecker.pro\/fr\/wp-json\/wp\/v2\/users\/10409641"}],"replies":[{"embeddable":true,"href":"https:\/\/sitechecker.pro\/fr\/wp-json\/wp\/v2\/comments?post=2517"}],"version-history":[{"count":95,"href":"https:\/\/sitechecker.pro\/fr\/wp-json\/wp\/v2\/pages\/2517\/revisions"}],"predecessor-version":[{"id":36625,"href":"https:\/\/sitechecker.pro\/fr\/wp-json\/wp\/v2\/pages\/2517\/revisions\/36625"}],"wp:featuredmedia":[{"embeddable":true,"href":"https:\/\/sitechecker.pro\/fr\/wp-json\/wp\/v2\/media\/3830"}],"wp:attachment":[{"href":"https:\/\/sitechecker.pro\/fr\/wp-json\/wp\/v2\/media?parent=2517"}],"wp:term":[{"taxonomy":"category","embeddable":true,"href":"https:\/\/sitechecker.pro\/fr\/wp-json\/wp\/v2\/categories?post=2517"},{"taxonomy":"post_tag","embeddable":true,"href":"https:\/\/sitechecker.pro\/fr\/wp-json\/wp\/v2\/tags?post=2517"}],"curies":[{"name":"wp","href":"https:\/\/api.w.org\/{rel}","templated":true}]}}