{"id":25058,"date":"2023-07-24T12:51:49","date_gmt":"2023-07-24T12:51:49","guid":{"rendered":"https:\/\/sitechecker.pro\/?page_id=25058"},"modified":"2025-02-17T11:37:24","modified_gmt":"2025-02-17T11:37:24","slug":"negative-keyword-list-generator-google-bing-yahoo-ads-%e1%90%88","status":"publish","type":"page","link":"https:\/\/sitechecker.pro\/fr\/negative-keywords\/","title":{"rendered":"G\u00e9n\u00e9rateur de liste de mots-cl\u00e9s n\u00e9gatifs | Google, Bing, Yahoo Ads \u1408"},"content":{"rendered":"<p><\/p>\n<h2 id=\"par1\">Qu&#8217;est-ce que l&#8217;outil de mots cl\u00e9s n\u00e9gatifs\u00a0?<\/h2>\n<p>L&#8217;outil de mots cl\u00e9s n\u00e9gatifs gratuit de <a href=\"https:\/\/sitechecker.pro\/\" target=\"_blank\" rel=\"noopener noreferrer\">Sitechecker<\/a> aide les annonceurs \u00e0 identifier et \u00e0 exclure les termes de recherche non pertinents de leurs campagnes de paiement par clic (PPC). En saisissant un terme g\u00e9n\u00e9ral li\u00e9 \u00e0 votre entreprise, l&#8217;outil g\u00e9n\u00e8re une liste de suggestions de mots cl\u00e9s. Vous pouvez ensuite identifier les termes qui ne correspondent pas \u00e0 vos offres et les ajouter en tant que mots cl\u00e9s n\u00e9gatifs. Ce processus garantit que vos annonces n&#8217;appara\u00eetront pas dans des recherches non li\u00e9es, r\u00e9duisant ainsi les d\u00e9penses publicitaires inutiles et am\u00e9liorant la pertinence globale de vos campagnes.<\/p>\n<h3>Comment l&#8217;outil peut vous aider<\/h3>\n<p><strong>Ciblage linguistique et r\u00e9gional\u00a0: <\/strong>permet aux annonceurs de se concentrer sur les termes de recherche sp\u00e9cifiques \u00e0 leur langue et \u00e0 leur r\u00e9gion g\u00e9ographique pr\u00e9f\u00e9r\u00e9es, ce qui permet d&#8217;exclure les termes non pertinents qui pourraient attirer des publics non souhait\u00e9s.<\/p>\n<p><strong>Optimisation des co\u00fbts\u00a0:<\/strong> \u00e9liminer les clics non pertinents \u00e9vite que vos d\u00e9penses publicitaires ne soient gaspill\u00e9es sur des utilisateurs peu susceptibles de se convertir, ce qui vous permet de tirer le meilleur parti de votre budget publicitaire.<\/p>\n<h2 id=\"par2\">Comment utiliser le g\u00e9n\u00e9rateur de mots cl\u00e9s n\u00e9gatifs<\/h2>\n<h3>\u00c9tape 1\u00a0: saisissez une ou plusieurs requ\u00eates initiales, configurez les param\u00e8tres et cliquez sur le bouton \u00ab\u00a0G\u00e9n\u00e9rer des suggestions de mots cl\u00e9s\u00a0\u00bb<\/h3>\n<div class=\"content__img-wrap\"><img src=\"https:\/\/sitechecker.pro\/wp-content\/uploads\/2024\/12\/negative-keyword-list-generator.png\" alt=\"G\u00e9n\u00e9rateur de liste de mots cl\u00e9s n\u00e9gatifs\" class=\"description-img description-img-zoom\" loading=\"lazy\" ><\/div>\n<h3>\u00c9tape 2\u00a0: r\u00e9cup\u00e9rez vos r\u00e9sultats<\/h3>\n<p>S\u00e9lectionnez les requ\u00eates qui incluent votre terme de recherche principal mais qui ne correspondent pas \u00e0 votre proposition commerciale. Copiez ces requ\u00eates et ajoutez-les comme expression cl\u00e9 n\u00e9gative dans Google Ads.<\/p>\n<div class=\"content__img-wrap\"><img src=\"https:\/\/sitechecker.pro\/wp-content\/uploads\/2024\/12\/copy-selected-keywords.png\" alt=\"Copier les mots cl\u00e9s s\u00e9lectionn\u00e9s\" class=\"description-img description-img-zoom\" loading=\"lazy\" ><\/div>\n<p>D\u00e9marrez un essai gratuit pour analyser n&#8217;importe quelle requ\u00eate plus en d\u00e9tail, y compris son volume de recherche, son graphique de tendance et son niveau de concurrence.<\/p>\n<div class=\"content__img-wrap\"><img src=\"https:\/\/sitechecker.pro\/wp-content\/uploads\/2024\/12\/keywords-info.png\" alt=\"Informations sur les mots cl\u00e9s\" class=\"description-img description-img-zoom\" loading=\"lazy\" ><\/div>\n<div class=\"important-block\">Pour recevoir les r\u00e9sultats et acc\u00e9der aux fonctionnalit\u00e9s de Sitechecker pendant 14 jours, d\u00e9marrez votre essai GRATUIT. L'inscription est facile avec votre e-mail, votre compte Google ou Facebook. Aucune carte de cr\u00e9dit n'est n\u00e9cessaire.<\/div>\n<h2 id=\"par3\">Id\u00e9e finale<\/h2>\n<p>Le Negative Keywords Finder est un outil gratuit con\u00e7u pour Google Ads, Bing Ads et Yahoo Ads pour am\u00e9liorer les campagnes PPC. Il aide les annonceurs \u00e0 exclure les termes de recherche non pertinents en g\u00e9n\u00e9rant des suggestions de mots cl\u00e9s bas\u00e9es sur des requ\u00eates g\u00e9n\u00e9rales. En ciblant des langues et des r\u00e9gions sp\u00e9cifiques, il optimise les d\u00e9penses publicitaires, r\u00e9duit les clics non pertinents et am\u00e9liore les performances des campagnes. Facile \u00e0 utiliser, l&#8217;outil permet aux utilisateurs d&#8217;analyser les termes de recherche en fonction du volume de recherche, des tendances et de la concurrence.<\/p>","protected":false},"excerpt":{"rendered":"Qu&#8217;est-ce que l&#8217;outil de mots cl\u00e9s n\u00e9gatifs\u00a0? L&#8217;outil de mots cl\u00e9s n\u00e9gatifs gratuit de Sitechecker aide les annonceurs \u00e0 identifier et \u00e0 exclure les termes de recherche non pertinents de leurs campagnes de paiement par clic (PPC). En saisissant un terme g\u00e9n\u00e9ral li\u00e9 \u00e0 votre entreprise, l&#8217;outil g\u00e9n\u00e8re une liste de suggestions de mots cl\u00e9s&#8230;.","protected":false},"author":10409641,"featured_media":0,"parent":0,"menu_order":0,"comment_status":"closed","ping_status":"closed","template":"pages-templates\/pages-minitools.php","meta":[],"categories":[71],"tags":[],"_links":{"self":[{"href":"https:\/\/sitechecker.pro\/fr\/wp-json\/wp\/v2\/pages\/25058"}],"collection":[{"href":"https:\/\/sitechecker.pro\/fr\/wp-json\/wp\/v2\/pages"}],"about":[{"href":"https:\/\/sitechecker.pro\/fr\/wp-json\/wp\/v2\/types\/page"}],"author":[{"embeddable":true,"href":"https:\/\/sitechecker.pro\/fr\/wp-json\/wp\/v2\/users\/10409641"}],"replies":[{"embeddable":true,"href":"https:\/\/sitechecker.pro\/fr\/wp-json\/wp\/v2\/comments?post=25058"}],"version-history":[{"count":16,"href":"https:\/\/sitechecker.pro\/fr\/wp-json\/wp\/v2\/pages\/25058\/revisions"}],"predecessor-version":[{"id":35548,"href":"https:\/\/sitechecker.pro\/fr\/wp-json\/wp\/v2\/pages\/25058\/revisions\/35548"}],"wp:attachment":[{"href":"https:\/\/sitechecker.pro\/fr\/wp-json\/wp\/v2\/media?parent=25058"}],"wp:term":[{"taxonomy":"category","embeddable":true,"href":"https:\/\/sitechecker.pro\/fr\/wp-json\/wp\/v2\/categories?post=25058"},{"taxonomy":"post_tag","embeddable":true,"href":"https:\/\/sitechecker.pro\/fr\/wp-json\/wp\/v2\/tags?post=25058"}],"curies":[{"name":"wp","href":"https:\/\/api.w.org\/{rel}","templated":true}]}}