{"id":25050,"date":"2023-07-24T12:46:13","date_gmt":"2023-07-24T12:46:13","guid":{"rendered":"https:\/\/sitechecker.pro\/?page_id=25050"},"modified":"2026-03-04T18:08:36","modified_gmt":"2026-03-04T18:08:36","slug":"free-seo-keyword-generator-get-thousands-relevant-keywords","status":"publish","type":"page","link":"https:\/\/sitechecker.pro\/fr\/keyword-generator-tool\/","title":{"rendered":"G\u00e9n\u00e9rateur de mots-cl\u00e9s GRATUIT (+ 199 id\u00e9es de contenu pour le r\u00e9f\u00e9rencement)"},"content":{"rendered":"<p><\/p>\n<h2 id=\"par1\">Qu&#8217;est-ce qu&#8217;un g\u00e9n\u00e9rateur de mots cl\u00e9s Focus\u00a0?<\/h2>\n<p>Le g\u00e9n\u00e9rateur de mots cl\u00e9s Focus de <a href=\"https:\/\/sitechecker.pro\/\" target=\"_blank\" rel=\"noopener noreferrer\">Sitechecker<\/a> est un outil gratuit qui permet de g\u00e9n\u00e9rer des suggestions de mots cl\u00e9s pour les campagnes SEO et PPC en s&#8217;approvisionnant aupr\u00e8s de plateformes telles que Google, YouTube, Amazon, Bing et eBay. Il fournit des suggestions de mots cl\u00e9s \u00e0 longue tra\u00eene \u00e0 l&#8217;aide de donn\u00e9es de suggestion automatique, aide \u00e0 identifier les mots cl\u00e9s \u00e0 forte valeur ajout\u00e9e avec des volumes de recherche importants et prend en charge la cr\u00e9ation de contenu, l&#8217;optimisation de sites Web et les \u00e9tudes de march\u00e9.<\/p>\n<h3>Comment l&#8217;outil peut vous aider<\/h3>\n<p><strong>Suggestions de mots cl\u00e9s multiplateformes\u00a0:<\/strong>g\u00e9n\u00e8re des id\u00e9es de phrases cl\u00e9s \u00e0 partir de diverses plateformes telles que Google, YouTube, Amazon, Bing et eBay pour maximiser la port\u00e9e et la pertinence.<\/p>\n<p><strong>D\u00e9couverte de mots cl\u00e9s \u00e0 longue tra\u00eene\u00a0:<\/strong>exploite les donn\u00e9es de suggestion automatique pour fournir des mots cl\u00e9s \u00e0 longue tra\u00eene pr\u00e9cieux avec des volumes de recherche substantiels, id\u00e9aux pour le ciblage de niche et l&#8217;optimisation du contenu.<\/p>\n<p><strong>Int\u00e9gration de campagne SEO\u00a0:<\/strong>fonctionne de mani\u00e8re transparente avec des outils SEO plus larges, notamment le suivi des classements et la surveillance des performances du site Web, pour am\u00e9liorer les strat\u00e9gies d&#8217;optimisation globales.<\/p>\n<h3>Principales fonctionnalit\u00e9s de l&#8217;outil<\/h3>\n<p><strong>Tableau de bord unifi\u00e9\u00a0:<\/strong>une plate-forme centralis\u00e9e pour suivre les performances du site Web, les mesures SEO, les classements des phrases cl\u00e9s et les audits du site, offrant un aper\u00e7u complet en un seul endroit.<\/p>\n<p><strong>Interface conviviale\u00a0:<\/strong>la conception intuitive permet aux utilisateurs de tous niveaux d&#8217;exp\u00e9rience de naviguer facilement et d&#8217;acc\u00e9der \u00e0 des informations exploitables.<\/p>\n<p><strong>Ensemble complet d&#8217;outils SEO\u00a0:<\/strong>offre une solution tout-en-un avec des outils de surveillance du site Web, de suivi des classements, d&#8217;analyse des backlinks, de recherche de mots cl\u00e9s et d&#8217;audits SEO d\u00e9taill\u00e9s sur la page et techniques.<\/p>\n<h2 id=\"par2\">Comment utiliser l&#8217;outil<\/h2>\n<h3>\u00c9tape 1\u00a0: saisissez un mot cl\u00e9 ou une expression dans la zone de saisie et cliquez sur le bouton \u00ab\u00a0Obtenir des suggestions\u00a0\u00bb<\/h3>\n<p>Faites votre choix parmi plusieurs plateformes de recherche, notamment Google, YouTube, Bing et d&#8217;autres, pour d\u00e9finir les sources de g\u00e9n\u00e9ration d&#8217;id\u00e9es de contenu.<\/p>\n<div class=\"content__img-wrap\"><img src=\"https:\/\/sitechecker.pro\/wp-content\/uploads\/2024\/12\/seo-focus-keyphrase-generator.png\" alt=\"SEO Focus Keyphrase Generator\" class=\"description-img description-img-zoom\" loading=\"lazy\" ><\/div>\n<h3>\u00c9tape 2\u00a0: affichez les r\u00e9sultats<\/h3>\n<p>L&#8217;outil g\u00e9n\u00e8re une liste de mots cl\u00e9s associ\u00e9s ainsi que des indicateurs d\u00e9taill\u00e9s tels que le volume de recherche, les tendances, le CPC et le niveau de concurrence. Utilisez ces donn\u00e9es pour affiner votre strat\u00e9gie de contenu, cibler les sujets \u00e0 forte demande et optimiser pour une visibilit\u00e9 et des performances am\u00e9lior\u00e9es.<\/p>\n<div class=\"content__img-wrap\"><img src=\"https:\/\/sitechecker.pro\/wp-content\/uploads\/2024\/12\/search-suggestions.png\" alt=\"Suggestions de recherche\" class=\"description-img description-img-zoom\" loading=\"lazy\" ><\/div>\n<h3>\u00c9tape 3\u00a0: Choisissez et copiez les mots cl\u00e9s pertinents<\/h3>\n<p>Parcourez la liste g\u00e9n\u00e9r\u00e9e d&#8217;id\u00e9es de phrases cl\u00e9s, class\u00e9es par fr\u00e9quence et \u00e9tay\u00e9es par des indicateurs tels que le volume de recherche et les tendances. S\u00e9lectionnez les mots cl\u00e9s les plus pertinents, organisez-les selon vos besoins et copiez-les pour am\u00e9liorer votre strat\u00e9gie de contenu.<\/p>\n<div class=\"content__img-wrap\"><img src=\"https:\/\/sitechecker.pro\/wp-content\/uploads\/2024\/12\/select-copy-topics.png\" alt=\"S\u00e9lectionner, copier les sujets\" class=\"description-img description-img-zoom\" loading=\"lazy\" ><\/div>\n<p>Dans le panneau de gauche, explorez les groupes de suggestions de mots cl\u00e9s regroup\u00e9s par requ\u00eate principale, ce qui permet \u00e0 l&#8217;outil de fonctionner comme un groupeur de mots cl\u00e9s.<\/p>\n<p>Chaque mot cl\u00e9 affiche des indicateurs d\u00e9taill\u00e9s tels que le volume de recherche, les tendances, le CPC et la concurrence publicitaire. Vous pouvez s\u00e9lectionner des mots cl\u00e9s pertinents et les ajouter au Rank Tracker pour une surveillance approfondie et une optimisation de la strat\u00e9gie. Acc\u00e9dez \u00e0 ces donn\u00e9es en d\u00e9marrant un essai gratuit.<\/p>\n<div class=\"content__img-wrap\"><img src=\"https:\/\/sitechecker.pro\/wp-content\/uploads\/2024\/12\/keyword-stats.png\" alt=\"Statistiques des mots cl\u00e9s\" class=\"description-img description-img-zoom\" loading=\"lazy\" ><\/div>\n<div class=\"important-block\">Pour recevoir les r\u00e9sultats et acc\u00e9der aux fonctionnalit\u00e9s de Sitechecker pendant 14 jours, d\u00e9marrez votre essai GRATUIT. L'inscription est facile avec votre e-mail, votre compte Google ou Facebook. Aucune carte de cr\u00e9dit n'est n\u00e9cessaire.<\/div>\n<h2 id=\"par3\">Commencez \u00e0 surveiller les mots cl\u00e9s cibl\u00e9s<\/h2>\n<p>Cliquez sur le bouton pour suivre les phrases cl\u00e9s qui vous int\u00e9ressent en les s\u00e9lectionnant et en les ajoutant au Rank Tracker pour une analyse continue des performances.<\/p>\n<div class=\"content__img-wrap\"><img src=\"https:\/\/sitechecker.pro\/wp-content\/uploads\/2024\/12\/add-to-rank-tracker.png\" alt=\"Ajouter au suivi de classement\" class=\"description-img description-img-zoom\" loading=\"lazy\" ><\/div>\n<p>Vous pouvez regrouper des sujets et les ajouter au suivi de classement pour une surveillance et une analyse compl\u00e8tes.<\/p>\n<div class=\"content__img-wrap\"><img src=\"https:\/\/sitechecker.pro\/wp-content\/uploads\/2024\/12\/add-to-rank-tracker-settings.png\" alt=\"Ajouter aux param\u00e8tres du suivi de classement\" class=\"description-img description-img-zoom\" loading=\"lazy\" ><\/div>\n<p>S\u00e9lectionnez votre moteur de recherche, votre appareil, votre pays et votre r\u00e9gion pr\u00e9f\u00e9r\u00e9s dans cette section.<\/p>\n<p>Apr\u00e8s avoir configur\u00e9 vos param\u00e8tres, cliquez sur \u00ab\u00a0Ajouter au suivi de classement\u00a0\u00bb pour commencer le suivi.<\/p>\n<p>Utilisez la fonction \u00ab\u00a0G\u00e9rer les mots-cl\u00e9s\u00a0\u00bb pour organiser les expressions cl\u00e9s en cat\u00e9gories et les lier \u00e0 des pages sp\u00e9cifiques, simplifiant ainsi votre strat\u00e9gie promotionnelle.<\/p>\n<div class=\"content__img-wrap\"><img src=\"https:\/\/sitechecker.pro\/wp-content\/uploads\/2024\/12\/manage-keywords.png\" alt=\"G\u00e9rer les mots-cl\u00e9s\" class=\"description-img description-img-zoom\" loading=\"lazy\" ><\/div>\n<p>L&#8217;outil fournit un suivi personnalis\u00e9 des sujets en fonction de l&#8217;appareil et de l&#8217;emplacement, offrant des informations pr\u00e9cieuses sur les classements et la concurrence. Des fonctionnalit\u00e9s telles que les scores de visibilit\u00e9, le suivi de l&#8217;indexation et les graphiques de tendance SEO am\u00e9liorent l&#8217;optimisation de la strat\u00e9gie, tandis que les rapports flexibles s&#8217;adaptent aux calendriers des campagnes.<\/p>\n<div class=\"content__img-wrap\"><img src=\"https:\/\/sitechecker.pro\/wp-content\/uploads\/2024\/12\/rank-tracker-dashboard.png\" alt=\"Rank Tracker Dashboard\" class=\"description-img description-img-zoom\" loading=\"lazy\" ><\/div>\n<h2 id=\"par4\">Id\u00e9e finale<\/h2>\n<p>Le Keyword Maker est un outil gratuit et convivial permettant de g\u00e9n\u00e9rer des suggestions de mots cl\u00e9s sur des plateformes telles que Google, YouTube et Amazon. Il offre des mesures d\u00e9taill\u00e9es, la d\u00e9couverte de phrases cl\u00e9s \u00e0 longue tra\u00eene et prend en charge les strat\u00e9gies SEO et PPC avec des fonctionnalit\u00e9s telles que le suivi des classements, les scores de visibilit\u00e9 et les graphiques de tendance SEO. Les utilisateurs peuvent organiser les mots cl\u00e9s, surveiller les performances par emplacement et par appareil et rationaliser les efforts promotionnels \u00e0 l&#8217;aide de l&#8217;interface intuitive de l&#8217;outil et de son ensemble complet d&#8217;outils SEO.<\/p>","protected":false},"excerpt":{"rendered":"Qu&#8217;est-ce qu&#8217;un g\u00e9n\u00e9rateur de mots cl\u00e9s Focus\u00a0? Le g\u00e9n\u00e9rateur de mots cl\u00e9s Focus de Sitechecker est un outil gratuit qui permet de g\u00e9n\u00e9rer des suggestions de mots cl\u00e9s pour les campagnes SEO et PPC en s&#8217;approvisionnant aupr\u00e8s de plateformes telles que Google, YouTube, Amazon, Bing et eBay. Il fournit des suggestions de mots cl\u00e9s \u00e0&#8230;","protected":false},"author":10409641,"featured_media":0,"parent":0,"menu_order":0,"comment_status":"closed","ping_status":"closed","template":"pages-templates\/pages-minitools.php","meta":[],"categories":[71],"tags":[],"_links":{"self":[{"href":"https:\/\/sitechecker.pro\/fr\/wp-json\/wp\/v2\/pages\/25050"}],"collection":[{"href":"https:\/\/sitechecker.pro\/fr\/wp-json\/wp\/v2\/pages"}],"about":[{"href":"https:\/\/sitechecker.pro\/fr\/wp-json\/wp\/v2\/types\/page"}],"author":[{"embeddable":true,"href":"https:\/\/sitechecker.pro\/fr\/wp-json\/wp\/v2\/users\/10409641"}],"replies":[{"embeddable":true,"href":"https:\/\/sitechecker.pro\/fr\/wp-json\/wp\/v2\/comments?post=25050"}],"version-history":[{"count":38,"href":"https:\/\/sitechecker.pro\/fr\/wp-json\/wp\/v2\/pages\/25050\/revisions"}],"predecessor-version":[{"id":39554,"href":"https:\/\/sitechecker.pro\/fr\/wp-json\/wp\/v2\/pages\/25050\/revisions\/39554"}],"wp:attachment":[{"href":"https:\/\/sitechecker.pro\/fr\/wp-json\/wp\/v2\/media?parent=25050"}],"wp:term":[{"taxonomy":"category","embeddable":true,"href":"https:\/\/sitechecker.pro\/fr\/wp-json\/wp\/v2\/categories?post=25050"},{"taxonomy":"post_tag","embeddable":true,"href":"https:\/\/sitechecker.pro\/fr\/wp-json\/wp\/v2\/tags?post=25050"}],"curies":[{"name":"wp","href":"https:\/\/api.w.org\/{rel}","templated":true}]}}