{"id":25043,"date":"2023-07-24T12:49:46","date_gmt":"2023-07-24T12:49:46","guid":{"rendered":"https:\/\/sitechecker.pro\/?page_id=25043"},"modified":"2025-02-17T16:32:20","modified_gmt":"2025-02-17T16:32:20","slug":"professional-content-idea-generator-sitechecker-%e1%90%88","status":"publish","type":"page","link":"https:\/\/sitechecker.pro\/fr\/content-idea-generator\/","title":{"rendered":"G\u00e9n\u00e9rateur d&#8217;id\u00e9es de contenu : Sujets, articles, titres \u1408"},"content":{"rendered":"<p><\/p>\n<h2 id=\"par1\">Qu&#8217;est-ce qu&#8217;un g\u00e9n\u00e9rateur d&#8217;id\u00e9es de contenu gratuit\u00a0?<\/h2>\n<p>Un g\u00e9n\u00e9rateur d&#8217;id\u00e9es de contenu de <a href=\"https:\/\/sitechecker.pro\/\" target=\"_blank\" rel=\"noopener noreferrer\">Sitechecker<\/a> est un outil con\u00e7u pour simplifier le processus de brainstorming et fournir un flux constant d&#8217;id\u00e9es de contenu uniques et pertinentes adapt\u00e9es \u00e0 votre niche. En analysant les mots-cl\u00e9s et les tendances, il fournit rapidement des suggestions d&#8217;articles de blog, de mises \u00e0 jour sur les r\u00e9seaux sociaux, de vid\u00e9os, de podcasts, etc.<\/p>\n<h3>Le g\u00e9n\u00e9rateur d&#8217;id\u00e9es d&#8217;articles peut vous aider \u00e0<\/h3>\n<p><strong>Id\u00e9es de contenu personnalis\u00e9es\u00a0: <\/strong>obtenez des suggestions de contenu adapt\u00e9es \u00e0 vos mots-cl\u00e9s et \u00e0 votre niche pour les blogs, les r\u00e9seaux sociaux, etc.<\/p>\n<p><strong>Inspiration illimit\u00e9e\u00a0: <\/strong>g\u00e9n\u00e9rez instantan\u00e9ment des id\u00e9es infinies pour que votre calendrier de contenu reste complet et attrayant.<\/p>\n<p><strong>Suggestions ax\u00e9es sur le r\u00e9f\u00e9rencement\u00a0: <\/strong>cr\u00e9ez du contenu qui r\u00e9sonne aupr\u00e8s de votre public et qui se classe en t\u00eate des moteurs de recherche.<\/p>\n<h3>Principales fonctionnalit\u00e9s du g\u00e9n\u00e9rateur d&#8217;id\u00e9es de blog<\/h3>\n<p><strong>Tableau de bord unifi\u00e9\u00a0: <\/strong>suivez les performances, les classements et les probl\u00e8mes dans un hub central.<\/p>\n<p><strong>Interface conviviale\u00a0: <\/strong>une conception simplifi\u00e9e pour une navigation facile, id\u00e9ale pour tous les niveaux de comp\u00e9tence.<\/p>\n<p><strong>Ensemble complet d&#8217;outils SEO\u00a0: <\/strong>outils complets pour les audits, les mots-cl\u00e9s, les suivis et les analyses.<\/p>\n<h2 id=\"par2\">Comment utiliser le g\u00e9n\u00e9rateur de suggestions de contenu\u00a0?<\/h2>\n<h3>\u00c9tape\u00a01\u00a0: saisissez un mot-cl\u00e9 ou une phrase et appuyez sur le bouton \u00ab\u00a0Obtenir des suggestions\u00a0\u00bb<\/h3>\n<p>Zone de saisie, choisissez parmi diff\u00e9rentes plateformes de recherche telles que Google, YouTube, Bing et autres.<\/p>\n<p>Ces sources d\u00e9termineront d&#8217;o\u00f9 proviennent les id\u00e9es de contenu.<\/p>\n<div class=\"content__img-wrap\"><img src=\"https:\/\/sitechecker.pro\/wp-content\/uploads\/2024\/12\/professional-content-idea-generator.png\" alt=\"G\u00e9n\u00e9rateur d'id\u00e9es de contenu professionnel\" class=\"description-img description-img-zoom\" loading=\"lazy\" ><\/div>\n<h3>\u00c9tape 2\u00a0: R\u00e9cup\u00e9rer les r\u00e9sultats<\/h3>\n<p>Les suggestions de mots cl\u00e9s fournissent une liste de termes associ\u00e9s avec des mesures d\u00e9taill\u00e9es, notamment le volume de recherche, les tendances, le CPC et le niveau de concurrence. Ces donn\u00e9es permettent d&#8217;affiner votre strat\u00e9gie de contenu, d&#8217;identifier les sujets \u00e0 forte demande et d&#8217;optimiser le contenu pour une meilleure visibilit\u00e9 et de meilleures performances.<\/p>\n<div class=\"content__img-wrap\"><img src=\"https:\/\/sitechecker.pro\/wp-content\/uploads\/2024\/12\/search-suggestions.png\" alt=\"Suggestions de recherche\" class=\"description-img description-img-zoom\" loading=\"lazy\" ><\/div>\n<h3>\u00c9tape 3\u00a0: S\u00e9lectionner et copier les sujets pertinents<\/h3>\n<p>L&#8217;outil g\u00e9n\u00e8re une liste d&#8217;id\u00e9es pertinentes, class\u00e9es par fr\u00e9quence, et inclut des mesures telles que le volume de recherche et les tendances. Vous pouvez s\u00e9lectionner, organiser et copier des mots-cl\u00e9s pour optimiser vos strat\u00e9gies de contenu.<\/p>\n<div class=\"content__img-wrap\"><img src=\"https:\/\/sitechecker.pro\/wp-content\/uploads\/2024\/12\/select-copy-topics.png\" alt=\"S\u00e9lectionner, copier les sujets\" class=\"description-img description-img-zoom\" loading=\"lazy\" ><\/div>\n<p>Dans le panneau de gauche, d\u00e9couvrez des groupes de suggestions class\u00e9es en fonction de la requ\u00eate principale de la liste g\u00e9n\u00e9rale. De cette fa\u00e7on, utilisez l&#8217;outil comme un groupeur de mots-cl\u00e9s.<\/p>\n<p>L&#8217;outil affiche \u00e9galement le volume de recherche, les tendances, le CPC et la concurrence publicitaire. Vous pouvez s\u00e9lectionner des mots-cl\u00e9s et les ajouter au Rank Tracker pour une surveillance d\u00e9taill\u00e9e et une optimisation de la strat\u00e9gie. Pour acc\u00e9der \u00e0 ces donn\u00e9es, d\u00e9marrez un essai gratuit.<\/p>\n<div class=\"content__img-wrap\"><img src=\"https:\/\/sitechecker.pro\/wp-content\/uploads\/2024\/12\/keyword-stats.png\" alt=\"Statistiques des mots cl\u00e9s\" class=\"description-img description-img-zoom\" loading=\"lazy\" ><\/div>\n<div class=\"important-block\">Pour recevoir les r\u00e9sultats et acc\u00e9der aux fonctionnalit\u00e9s de Sitechecker pendant 14 jours, d\u00e9marrez votre essai GRATUIT. L'inscription est facile avec votre e-mail, votre compte Google ou Facebook. Aucune carte de cr\u00e9dit n'est n\u00e9cessaire.<\/div>\n<h2 id=\"par3\">Commencez \u00e0 suivre les sujets de contenu pertinents<\/h2>\n<p>Appuyez sur le bouton pour commencer \u00e0 suivre les sujets de contenu pertinents en s\u00e9lectionnant ceux qui vous int\u00e9ressent et en les ajoutant au <a href=\"https:\/\/sitechecker.pro\/rank-tracker\/\" target=\"_blank\" rel=\"noopener noreferrer\">Rank Tracker<\/a>.<\/p>\n<div class=\"content__img-wrap\"><img src=\"https:\/\/sitechecker.pro\/wp-content\/uploads\/2024\/12\/add-to-rank-tracker.png\" alt=\"Ajouter au suivi de classement\" class=\"description-img description-img-zoom\" loading=\"lazy\" ><\/div>\n<p>Les sujets peuvent \u00eatre regroup\u00e9s et ajout\u00e9s au suivi de classement pour une surveillance et une analyse d\u00e9taill\u00e9es.<\/p>\n<div class=\"content__img-wrap\"><img src=\"https:\/\/sitechecker.pro\/wp-content\/uploads\/2024\/12\/add-to-rank-tracker-settings.png\" alt=\"Ajouter aux param\u00e8tres du suivi de classement\" class=\"description-img description-img-zoom\" loading=\"lazy\" ><\/div>\n<p>Vous pouvez choisir ici le moteur de recherche, l&#8217;appareil, le pays et la r\u00e9gion de votre choix.<\/p>\n<p>Une fois que tout est configur\u00e9, cliquez sur \u00ab\u00a0Ajouter au suivi de classement\u00a0\u00bb.<\/p>\n<p>L&#8217;option \u00ab\u00a0G\u00e9rer les mots-cl\u00e9s\u00a0\u00bb vous permet de regrouper les mots-cl\u00e9s en cat\u00e9gories et de les aligner sur des pages sp\u00e9cifiques pour rationaliser votre strat\u00e9gie promotionnelle.<\/p>\n<div class=\"content__img-wrap\"><img src=\"https:\/\/sitechecker.pro\/wp-content\/uploads\/2024\/12\/manage-keywords.png\" alt=\"G\u00e9rer les mots-cl\u00e9s\" class=\"description-img description-img-zoom\" loading=\"lazy\" ><\/div>\n<p>L&#8217;outil offre un suivi personnalis\u00e9 des id\u00e9es de sujets par appareil et par emplacement, offrant des informations sur les classements et la concurrence. Des fonctionnalit\u00e9s telles que les scores de visibilit\u00e9, le suivi de l&#8217;indexation et les graphiques de tendance SEO aident \u00e0 optimiser les strat\u00e9gies, tandis que les rapports flexibles s&#8217;alignent sur les calendriers de campagne.<\/p>\n<div class=\"content__img-wrap\"><img src=\"https:\/\/sitechecker.pro\/wp-content\/uploads\/2024\/12\/rank-tracker-dashboard.png\" alt=\"Rank Tracker Dashboard\" class=\"description-img description-img-zoom\" loading=\"lazy\" ><\/div>\n<h2 id=\"par4\">Id\u00e9e finale<\/h2>\n<p>Le g\u00e9n\u00e9rateur d&#8217;id\u00e9es de contenu professionnel simplifie la planification du contenu en fournissant des id\u00e9es sur mesure pour les blogs, les r\u00e9seaux sociaux et bien plus encore. Il fournit des suggestions bas\u00e9es sur des mots cl\u00e9s avec des mesures telles que le volume de recherche, les tendances, le CPC et la concurrence, ce qui permet d&#8217;optimiser les strat\u00e9gies de contenu. Les principales fonctionnalit\u00e9s comprennent une interface conviviale, des informations ax\u00e9es sur le r\u00e9f\u00e9rencement et des outils de regroupement et de suivi des mots cl\u00e9s. Le tableau de bord unifi\u00e9 et les rapports flexibles am\u00e9liorent la surveillance des performances, tandis que les param\u00e8tres personnalisables affinent les r\u00e9sultats. Utilisez-le pour r\u00e9fl\u00e9chir \u00e0 un contenu unique, suivre les classements et am\u00e9liorer la visibilit\u00e9 gr\u00e2ce \u00e0 des strat\u00e9gies ax\u00e9es sur le r\u00e9f\u00e9rencement. D\u00e9marrez un essai gratuit pour explorer toutes ses capacit\u00e9s sans avoir besoin d&#8217;une carte de cr\u00e9dit.<\/p>","protected":false},"excerpt":{"rendered":"Qu&#8217;est-ce qu&#8217;un g\u00e9n\u00e9rateur d&#8217;id\u00e9es de contenu gratuit\u00a0? Un g\u00e9n\u00e9rateur d&#8217;id\u00e9es de contenu de Sitechecker est un outil con\u00e7u pour simplifier le processus de brainstorming et fournir un flux constant d&#8217;id\u00e9es de contenu uniques et pertinentes adapt\u00e9es \u00e0 votre niche. En analysant les mots-cl\u00e9s et les tendances, il fournit rapidement des suggestions d&#8217;articles de blog, de&#8230;","protected":false},"author":10409641,"featured_media":0,"parent":0,"menu_order":0,"comment_status":"closed","ping_status":"closed","template":"pages-templates\/pages-minitools.php","meta":[],"categories":[70],"tags":[],"_links":{"self":[{"href":"https:\/\/sitechecker.pro\/fr\/wp-json\/wp\/v2\/pages\/25043"}],"collection":[{"href":"https:\/\/sitechecker.pro\/fr\/wp-json\/wp\/v2\/pages"}],"about":[{"href":"https:\/\/sitechecker.pro\/fr\/wp-json\/wp\/v2\/types\/page"}],"author":[{"embeddable":true,"href":"https:\/\/sitechecker.pro\/fr\/wp-json\/wp\/v2\/users\/10409641"}],"replies":[{"embeddable":true,"href":"https:\/\/sitechecker.pro\/fr\/wp-json\/wp\/v2\/comments?post=25043"}],"version-history":[{"count":11,"href":"https:\/\/sitechecker.pro\/fr\/wp-json\/wp\/v2\/pages\/25043\/revisions"}],"predecessor-version":[{"id":35572,"href":"https:\/\/sitechecker.pro\/fr\/wp-json\/wp\/v2\/pages\/25043\/revisions\/35572"}],"wp:attachment":[{"href":"https:\/\/sitechecker.pro\/fr\/wp-json\/wp\/v2\/media?parent=25043"}],"wp:term":[{"taxonomy":"category","embeddable":true,"href":"https:\/\/sitechecker.pro\/fr\/wp-json\/wp\/v2\/categories?post=25043"},{"taxonomy":"post_tag","embeddable":true,"href":"https:\/\/sitechecker.pro\/fr\/wp-json\/wp\/v2\/tags?post=25043"}],"curies":[{"name":"wp","href":"https:\/\/api.w.org\/{rel}","templated":true}]}}