{"id":25032,"date":"2023-07-24T12:43:32","date_gmt":"2023-07-24T12:43:32","guid":{"rendered":"https:\/\/sitechecker.pro\/?page_id=25032"},"modified":"2025-02-17T10:31:19","modified_gmt":"2025-02-17T10:31:19","slug":"ebay-keyword-tool-research-best-ebay-keywords-improve-seo","status":"publish","type":"page","link":"https:\/\/sitechecker.pro\/fr\/ebay-keyword-tool\/","title":{"rendered":"Outil de mots-cl\u00e9s eBay : Recherche des meilleurs mots-cl\u00e9s eBay pour am\u00e9liorer le r\u00e9f\u00e9rencement"},"content":{"rendered":"<p><\/p>\n<h2 id=\"par1\">Qu&#8217;est-ce que l&#8217;outil de mots cl\u00e9s eBay\u00a0?<\/h2>\n<p>L&#8217;outil de mots cl\u00e9s eBay de <a href=\"https:\/\/sitechecker.pro\/\" target=\"_blank\" rel=\"noopener noreferrer\">Sitechecker<\/a> est un outil complet con\u00e7u pour les vendeurs eBay afin d&#8217;optimiser les listes de produits en identifiant les requ\u00eates de recherche pertinentes et bien class\u00e9es. Il fournit des suggestions de mots cl\u00e9s provenant d&#8217;eBay et d&#8217;autres plateformes telles que Google et Amazon, prend en charge les filtres avanc\u00e9s et offre des informations sur le potentiel de classement, aidant ainsi les vendeurs \u00e0 accro\u00eetre leur visibilit\u00e9 et leurs ventes.<\/p>\n<h3>Comment l&#8217;outil peut vous aider<\/h3>\n<p><strong>D\u00e9couverte et optimisation des mots cl\u00e9s\u00a0:<\/strong>fournit des suggestions pertinentes et bien class\u00e9es provenant d&#8217;eBay pour optimiser les listes de produits et am\u00e9liorer la visibilit\u00e9.<\/p>\n<p><strong>Informations multiplateformes\u00a0:<\/strong>\u00e9tend la recherche de termes de recherche au-del\u00e0 d&#8217;eBay, permettant aux vendeurs d&#8217;aligner leurs listes sur des tendances de recherche plus larges pour une port\u00e9e et un potentiel de vente accrus.<\/p>\n<h3>Principales fonctionnalit\u00e9s de l&#8217;outil<\/h3>\n<p><strong>Tableau de bord unifi\u00e9\u00a0:<\/strong>une plate-forme centralis\u00e9e qui consolide toutes les donn\u00e9es SEO, permettant aux utilisateurs de surveiller les performances du site Web, le classement des mots cl\u00e9s et les probl\u00e8mes en un seul endroit.<\/p>\n<p><strong>Interface conviviale\u00a0:<\/strong>conception intuitive et facile \u00e0 parcourir, la rendant accessible aux d\u00e9butants comme aux professionnels exp\u00e9riment\u00e9s pour optimiser efficacement leurs sites Web.<\/p>\n<p><strong>Ensemble complet d&#8217;outils SEO\u00a0:<\/strong>outils complets pour le r\u00e9f\u00e9rencement sur page et hors page, la recherche de termes de recherche.<\/p>\n<h2 id=\"par2\">Comment utiliser l&#8217;outil<\/h2>\n<h3>\u00c9tape 1\u00a0: saisissez une phrase cl\u00e9 pour g\u00e9n\u00e9rer des milliers d&#8217;id\u00e9es de mots cl\u00e9s pour eBay<\/h3>\n<div class=\"content__img-wrap\"><img src=\"https:\/\/sitechecker.pro\/wp-content\/uploads\/2024\/12\/free-ebay-keyword-research-tool.png\" alt=\"Outil de recherche de mots cl\u00e9s eBay gratuit\" class=\"description-img description-img-zoom\" loading=\"lazy\" ><\/div>\n<h3>\u00c9tape 2\u00a0: obtenez les r\u00e9sultats<\/h3>\n<p>Par exemple, commencer par une seule phrase peut g\u00e9n\u00e9rer de nombreux mots cl\u00e9s associ\u00e9s pour augmenter votre visibilit\u00e9 et vos ventes sur la plateforme eBay.<\/p>\n<div class=\"content__img-wrap\"><img src=\"https:\/\/sitechecker.pro\/wp-content\/uploads\/2024\/12\/related-keywords.png\" alt=\"Mots cl\u00e9s associ\u00e9s\" class=\"description-img description-img-zoom\" loading=\"lazy\" ><\/div>\n<p>D\u00e9marrez un essai gratuit pour approfondir vos id\u00e9es de phrases cl\u00e9s. S\u00e9lectionnez les mots cl\u00e9s qui correspondent le mieux \u00e0 votre proposition de vente sur la plateforme eBay.<\/p>\n<div class=\"content__img-wrap\"><img src=\"https:\/\/sitechecker.pro\/wp-content\/uploads\/2024\/12\/keyword-ideas-metrics.png\" alt=\"Keyword Ideas Metrics\" class=\"description-img description-img-zoom\" loading=\"lazy\" ><\/div>\n<div class=\"important-block\">Pour recevoir les r\u00e9sultats et acc\u00e9der aux fonctionnalit\u00e9s de Sitechecker pendant 14 jours, d\u00e9marrez votre essai GRATUIT. L'inscription est facile avec votre e-mail, votre compte Google ou Facebook. Aucune carte de cr\u00e9dit n'est n\u00e9cessaire.<\/div>\n<h2 id=\"par3\">Id\u00e9e finale<\/h2>\n<p>L&#8217;outil de mots cl\u00e9s eBay aide les vendeurs eBay \u00e0 optimiser leurs listes de produits avec des suggestions de mots cl\u00e9s pertinents et de haut niveau. Il prend en charge la recherche multiplateforme, offrant des informations provenant d&#8217;eBay, de Google et d&#8217;Amazon pour augmenter la visibilit\u00e9 et les ventes. Avec des fonctionnalit\u00e9s telles qu&#8217;un tableau de bord unifi\u00e9, une interface conviviale et des outils de r\u00e9f\u00e9rencement complets, il simplifie la d\u00e9couverte et l&#8217;optimisation des mots cl\u00e9s. Commencez par saisir une phrase cl\u00e9 pour g\u00e9n\u00e9rer des id\u00e9es, explorer les r\u00e9sultats et vous aligner sur votre strat\u00e9gie de vente.<\/p>\n<div id=\"par4\"><\/div>\n<p><div class=\"front__faq-block\"><div class=\"faq__block-title\">FAQ<\/div><div class=\"panel-group\" id=\"faq-accordion\" itemscope itemtype=\"https:\/\/schema.org\/FAQPage\" role=\"tablist\" aria-multiselectable=\"true\"><div class=\"panel\" itemscope itemtype=\"https:\/\/schema.org\/Question\" itemprop=\"mainEntity\">\n                            <div class=\"panel-heading\" id=\"headingFaq-1\">\n                                <div class=\"panel-title\" data-toggle=\"collapse\" aria-expanded=\"false\" href=\"#collapseFaq-1\">\n                                    <h3 itemprop=\"name\">L'outil de mots cl\u00e9s eBay fonctionne-t-il sur d'autres plateformes qu'eBay ?<\/h3>\n                                <\/div>\n                            <\/div>\n                            <div id=\"collapseFaq-1\" class=\"panel-collapse collapse\" itemprop=\"acceptedAnswer\" itemscope itemtype=\"http:\/\/schema.org\/Answer\">\n                                <div class=\"panel-body\" itemprop=\"text\">Oui, il fournit des informations sur les requ\u00eates de recherche provenant de plateformes telles que Google et Amazon, ce qui vous permet d'aligner votre strat\u00e9gie sur des tendances de recherche plus larges.<\/div>\n                            <\/div>\n                        <\/div><div class=\"panel\" itemscope itemtype=\"https:\/\/schema.org\/Question\" itemprop=\"mainEntity\">\n                            <div class=\"panel-heading\" id=\"headingFaq-2\">\n                                <div class=\"panel-title\" data-toggle=\"collapse\" aria-expanded=\"false\" href=\"#collapseFaq-2\">\n                                    <h3 itemprop=\"name\">Quelles fonctionnalit\u00e9s avanc\u00e9es l'outil de mots cl\u00e9s eBay propose-t-il ?<\/h3>\n                                <\/div>\n                            <\/div>\n                            <div id=\"collapseFaq-2\" class=\"panel-collapse collapse\" itemprop=\"acceptedAnswer\" itemscope itemtype=\"http:\/\/schema.org\/Answer\">\n                                <div class=\"panel-body\" itemprop=\"text\">L'outil comprend une analyse du volume de recherche, des mesures CPC, des donn\u00e9es sur la concurrence publicitaire et des \u00e9valuations des tendances pour am\u00e9liorer votre strat\u00e9gie.<\/div>\n                            <\/div>\n                        <\/div><\/div><\/div><\/p>","protected":false},"excerpt":{"rendered":"Qu&#8217;est-ce que l&#8217;outil de mots cl\u00e9s eBay\u00a0? L&#8217;outil de mots cl\u00e9s eBay de Sitechecker est un outil complet con\u00e7u pour les vendeurs eBay afin d&#8217;optimiser les listes de produits en identifiant les requ\u00eates de recherche pertinentes et bien class\u00e9es. Il fournit des suggestions de mots cl\u00e9s provenant d&#8217;eBay et d&#8217;autres plateformes telles que Google et&#8230;","protected":false},"author":10409641,"featured_media":0,"parent":0,"menu_order":0,"comment_status":"closed","ping_status":"closed","template":"pages-templates\/pages-minitools.php","meta":[],"categories":[71],"tags":[],"_links":{"self":[{"href":"https:\/\/sitechecker.pro\/fr\/wp-json\/wp\/v2\/pages\/25032"}],"collection":[{"href":"https:\/\/sitechecker.pro\/fr\/wp-json\/wp\/v2\/pages"}],"about":[{"href":"https:\/\/sitechecker.pro\/fr\/wp-json\/wp\/v2\/types\/page"}],"author":[{"embeddable":true,"href":"https:\/\/sitechecker.pro\/fr\/wp-json\/wp\/v2\/users\/10409641"}],"replies":[{"embeddable":true,"href":"https:\/\/sitechecker.pro\/fr\/wp-json\/wp\/v2\/comments?post=25032"}],"version-history":[{"count":18,"href":"https:\/\/sitechecker.pro\/fr\/wp-json\/wp\/v2\/pages\/25032\/revisions"}],"predecessor-version":[{"id":35545,"href":"https:\/\/sitechecker.pro\/fr\/wp-json\/wp\/v2\/pages\/25032\/revisions\/35545"}],"wp:attachment":[{"href":"https:\/\/sitechecker.pro\/fr\/wp-json\/wp\/v2\/media?parent=25032"}],"wp:term":[{"taxonomy":"category","embeddable":true,"href":"https:\/\/sitechecker.pro\/fr\/wp-json\/wp\/v2\/categories?post=25032"},{"taxonomy":"post_tag","embeddable":true,"href":"https:\/\/sitechecker.pro\/fr\/wp-json\/wp\/v2\/tags?post=25032"}],"curies":[{"name":"wp","href":"https:\/\/api.w.org\/{rel}","templated":true}]}}