{"id":25028,"date":"2023-07-24T12:41:47","date_gmt":"2023-07-24T12:41:47","guid":{"rendered":"https:\/\/sitechecker.pro\/?page_id=25028"},"modified":"2025-08-29T11:46:23","modified_gmt":"2025-08-29T11:46:23","slug":"email-name-generator-professional-email-address-generator-%e1%90%88","status":"publish","type":"page","link":"https:\/\/sitechecker.pro\/fr\/email-name-generator\/","title":{"rendered":"G\u00e9n\u00e9rateur d&#8217;email [GRATUIT 99+] Id\u00e9es de noms d&#8217;emails"},"content":{"rendered":"<p><\/p>\n<h2 id=\"par1\">Qu&#8217;est-ce que le g\u00e9n\u00e9rateur de noms d&#8217;e-mails professionnels\u00a0?<\/h2>\n<p>Le g\u00e9n\u00e9rateur de noms d&#8217;e-mails professionnels de <a href=\"https:\/\/sitechecker.pro\/\" target=\"_blank\" rel=\"noopener noreferrer\">Sitechecker<\/a> est un outil qui cr\u00e9e rapidement des suggestions de noms d&#8217;e-mails professionnels et uniques, adapt\u00e9es aux besoins personnels ou professionnels. Il offre des options personnalisables bas\u00e9es sur des mots-cl\u00e9s, prend en charge la cr\u00e9ation d&#8217;e-mails de domaine et adh\u00e8re aux conventions de nom d&#8217;utilisateur tout en exploitant les param\u00e8tres de recherche avanc\u00e9s pour la pertinence sp\u00e9cifique \u00e0 la r\u00e9gion, \u00e0 la langue et \u00e0 la plate-forme.<\/p>\n<h3>Comment le g\u00e9n\u00e9rateur de noms Gmail peut vous aider<\/h3>\n<p><strong>G\u00e9n\u00e9rateur de noms d&#8217;e-mails\u00a0:<\/strong>fournit rapidement de nombreuses suggestions de noms \u00e0 l&#8217;aide de la fonction de recherche. Consultez les suggestions disponibles pour trouver celle qui convient parfaitement \u00e0 vos besoins.<\/p>\n<p><strong>Propositions de mots-cl\u00e9s multiplateformes\u00a0:<\/strong>vous permet de d\u00e9couvrir des mots-cl\u00e9s potentiels \u00e0 partir de divers moteurs de recherche et plates-formes, notamment (mais sans s&#8217;y limiter) Google, Bing, Amazon, eBay et YouTube.<\/p>\n<h2 id=\"par2\">Comment utiliser l&#8217;outil<\/h2>\n<h3>\u00c9tape 1\u00a0:\u00a0Ins\u00e9rez une phrase cl\u00e9 ou un num\u00e9ro pour g\u00e9n\u00e9rer des milliers d&#8217;id\u00e9es d&#8217;identifiants de compte<\/h3>\n<div class=\"content__img-wrap\"><img src=\"https:\/\/sitechecker.pro\/wp-content\/uploads\/2024\/12\/email-name-generator.png\" alt=\"G\u00e9n\u00e9rateur de noms d'e-mails\" class=\"description-img description-img-zoom\" loading=\"lazy\" ><\/div>\n<h3>\u00c9tape 2\u00a0:\u00a0Explorez les r\u00e9sultats<\/h3>\n<p>En commen\u00e7ant par une seule phrase cl\u00e9, vous pouvez g\u00e9n\u00e9rer des id\u00e9es d&#8217;e-mails pr\u00eates \u00e0 l&#8217;emploi ou extraire des mots individuels pour cr\u00e9er votre nom unique.<\/p>\n<div class=\"content__img-wrap\"><img src=\"https:\/\/sitechecker.pro\/wp-content\/uploads\/2024\/12\/generate-email-ideas.png\" alt=\"G\u00e9n\u00e9rer des id\u00e9es d'e-mails\" class=\"description-img description-img-zoom\" loading=\"lazy\" ><\/div>\n<p>Une fois que vous avez d\u00e9marr\u00e9 l&#8217;essai gratuit, vous pouvez analyser la popularit\u00e9 de vos mots cl\u00e9s s\u00e9lectionn\u00e9s et \u00e9valuer leurs tendances de recherche.<\/p>\n<p>Dans le panneau de gauche, explorez les groupes de suggestions class\u00e9s par requ\u00eate principale de la liste g\u00e9n\u00e9rale, en utilisant efficacement l&#8217;outil comme un groupeur pour les id\u00e9es d&#8217;identifiants de profil. Profitez de l&#8217;option permettant de copier les mots qui vous int\u00e9ressent le plus.<\/p>\n<div class=\"content__img-wrap\"><img src=\"https:\/\/sitechecker.pro\/wp-content\/uploads\/2024\/12\/keywords-key-metrics.png\" alt=\"Keywords Key Metrics\" class=\"description-img description-img-zoom\" loading=\"lazy\" ><\/div>\n<p>L&#8217;outil affiche \u00e9galement des indicateurs cl\u00e9s tels que le volume de recherche, les tendances, le CPC et la concurrence publicitaire.<\/p>\n<h2 id=\"par3\">Id\u00e9e finale<\/h2>\n<p>Le g\u00e9n\u00e9rateur de noms d&#8217;e-mails al\u00e9atoires vous aide \u00e0 cr\u00e9er des id\u00e9es d&#8217;identifiants de profil uniques et personnalis\u00e9es pour un usage personnel ou professionnel. Avec des suggestions personnalisables bas\u00e9es sur des mots cl\u00e9s, des capacit\u00e9s de recherche multiplateformes et des filtres avanc\u00e9s, l&#8217;outil simplifie la recherche de l&#8217;identifiant de profil parfait. Analysez les tendances des mots cl\u00e9s, les volumes de recherche et la concurrence pour affiner vos choix. Commencez par saisir une phrase cl\u00e9, explorez les suggestions cat\u00e9goris\u00e9es et cr\u00e9ez un identifiant de profil remarquable en un rien de temps.<\/p>\n<div id=\"par4\"><\/div>\n<p><div class=\"front__faq-block\"><div class=\"faq__block-title\">FAQ<\/div><div class=\"panel-group\" id=\"faq-accordion\" itemscope itemtype=\"https:\/\/schema.org\/FAQPage\" role=\"tablist\" aria-multiselectable=\"true\"><div class=\"panel\" itemscope itemtype=\"https:\/\/schema.org\/Question\" itemprop=\"mainEntity\">\n                            <div class=\"panel-heading\" id=\"headingFaq-1\">\n                                <div class=\"panel-title\" data-toggle=\"collapse\" aria-expanded=\"false\" href=\"#collapseFaq-1\">\n                                    <h3 itemprop=\"name\">Comment utiliser le g\u00e9n\u00e9rateur d'adresses e-mail professionnelles ?<\/h3>\n                                <\/div>\n                            <\/div>\n                            <div id=\"collapseFaq-1\" class=\"panel-collapse collapse\" itemprop=\"acceptedAnswer\" itemscope itemtype=\"http:\/\/schema.org\/Answer\">\n                                <div class=\"panel-body\" itemprop=\"text\">Tout d'abord, collez le mot ou le num\u00e9ro que vous souhaitez inclure et ajoutez un \u00e9l\u00e9ment cr\u00e9atif. Configurez le syst\u00e8me de recherche, s\u00e9lectionnez vos param\u00e8tres g\u00e9ographiques et linguistiques, puis cliquez sur le bouton \u00ab Obtenir des suggestions de mots cl\u00e9s \u00bb. Examinez les r\u00e9sultats et s\u00e9lectionnez le nom d'e-mail le plus appropri\u00e9 pour vous.<\/div>\n                            <\/div>\n                        <\/div><div class=\"panel\" itemscope itemtype=\"https:\/\/schema.org\/Question\" itemprop=\"mainEntity\">\n                            <div class=\"panel-heading\" id=\"headingFaq-2\">\n                                <div class=\"panel-title\" data-toggle=\"collapse\" aria-expanded=\"false\" href=\"#collapseFaq-2\">\n                                    <h3 itemprop=\"name\">Puis-je utiliser cet outil pour des services de messagerie sp\u00e9cifiques ?<\/h3>\n                                <\/div>\n                            <\/div>\n                            <div id=\"collapseFaq-2\" class=\"panel-collapse collapse\" itemprop=\"acceptedAnswer\" itemscope itemtype=\"http:\/\/schema.org\/Answer\">\n                                <div class=\"panel-body\" itemprop=\"text\">Oui, vous pouvez utiliser cet outil comme g\u00e9n\u00e9rateur de nom d'utilisateur pour Gmail ou tout autre service de messagerie. Ses fonctionnalit\u00e9s ne se limitent pas \u00e0 un service de messagerie sp\u00e9cifique.<\/div>\n                            <\/div>\n                        <\/div><div class=\"panel\" itemscope itemtype=\"https:\/\/schema.org\/Question\" itemprop=\"mainEntity\">\n                            <div class=\"panel-heading\" id=\"headingFaq-3\">\n                                <div class=\"panel-title\" data-toggle=\"collapse\" aria-expanded=\"false\" href=\"#collapseFaq-3\">\n                                    <h3 itemprop=\"name\">Comment le g\u00e9n\u00e9rateur de nom d'e-mail contribue-t-il \u00e0 ma strat\u00e9gie de communication num\u00e9rique ?<\/h3>\n                                <\/div>\n                            <\/div>\n                            <div id=\"collapseFaq-3\" class=\"panel-collapse collapse\" itemprop=\"acceptedAnswer\" itemscope itemtype=\"http:\/\/schema.org\/Answer\">\n                                <div class=\"panel-body\" itemprop=\"text\">En g\u00e9n\u00e9rant des noms d'utilisateur d'e-mail uniques et efficaces, l'outil am\u00e9liore votre image professionnelle, attire des clients et am\u00e9liore votre strat\u00e9gie globale de communication num\u00e9rique.<\/div>\n                            <\/div>\n                        <\/div><div class=\"panel\" itemscope itemtype=\"https:\/\/schema.org\/Question\" itemprop=\"mainEntity\">\n                            <div class=\"panel-heading\" id=\"headingFaq-4\">\n                                <div class=\"panel-title\" data-toggle=\"collapse\" aria-expanded=\"false\" href=\"#collapseFaq-4\">\n                                    <h3 itemprop=\"name\">Quels sont les bons noms d'e-mail ?<\/h3>\n                                <\/div>\n                            <\/div>\n                            <div id=\"collapseFaq-4\" class=\"panel-collapse collapse\" itemprop=\"acceptedAnswer\" itemscope itemtype=\"http:\/\/schema.org\/Answer\">\n                                <div class=\"panel-body\" itemprop=\"text\">Les bons noms d'adresse e-mail sont uniques, pertinents et correspondent bien \u00e0 la personne ou \u00e0 l'entreprise qu'ils repr\u00e9sentent. Ils peuvent inclure les noms complets, les pr\u00e9noms ou les noms uniquement, ou des combinaisons de noms et d'initiales. Un identifiant de profil efficace attire les clients, fait forte impression et am\u00e9liore l'image professionnelle et la r\u00e9putation de la marque.<\/div>\n                            <\/div>\n                        <\/div><\/div><\/div><\/p>","protected":false},"excerpt":{"rendered":"Qu&#8217;est-ce que le g\u00e9n\u00e9rateur de noms d&#8217;e-mails professionnels\u00a0? Le g\u00e9n\u00e9rateur de noms d&#8217;e-mails professionnels de Sitechecker est un outil qui cr\u00e9e rapidement des suggestions de noms d&#8217;e-mails professionnels et uniques, adapt\u00e9es aux besoins personnels ou professionnels. Il offre des options personnalisables bas\u00e9es sur des mots-cl\u00e9s, prend en charge la cr\u00e9ation d&#8217;e-mails de domaine et adh\u00e8re&#8230;","protected":false},"author":10409641,"featured_media":0,"parent":0,"menu_order":0,"comment_status":"closed","ping_status":"closed","template":"pages-templates\/pages-minitools.php","meta":[],"categories":[71],"tags":[],"_links":{"self":[{"href":"https:\/\/sitechecker.pro\/fr\/wp-json\/wp\/v2\/pages\/25028"}],"collection":[{"href":"https:\/\/sitechecker.pro\/fr\/wp-json\/wp\/v2\/pages"}],"about":[{"href":"https:\/\/sitechecker.pro\/fr\/wp-json\/wp\/v2\/types\/page"}],"author":[{"embeddable":true,"href":"https:\/\/sitechecker.pro\/fr\/wp-json\/wp\/v2\/users\/10409641"}],"replies":[{"embeddable":true,"href":"https:\/\/sitechecker.pro\/fr\/wp-json\/wp\/v2\/comments?post=25028"}],"version-history":[{"count":19,"href":"https:\/\/sitechecker.pro\/fr\/wp-json\/wp\/v2\/pages\/25028\/revisions"}],"predecessor-version":[{"id":38308,"href":"https:\/\/sitechecker.pro\/fr\/wp-json\/wp\/v2\/pages\/25028\/revisions\/38308"}],"wp:attachment":[{"href":"https:\/\/sitechecker.pro\/fr\/wp-json\/wp\/v2\/media?parent=25028"}],"wp:term":[{"taxonomy":"category","embeddable":true,"href":"https:\/\/sitechecker.pro\/fr\/wp-json\/wp\/v2\/categories?post=25028"},{"taxonomy":"post_tag","embeddable":true,"href":"https:\/\/sitechecker.pro\/fr\/wp-json\/wp\/v2\/tags?post=25028"}],"curies":[{"name":"wp","href":"https:\/\/api.w.org\/{rel}","templated":true}]}}