{"id":25018,"date":"2023-07-24T12:39:12","date_gmt":"2023-07-24T12:39:12","guid":{"rendered":"https:\/\/sitechecker.pro\/?page_id=25018"},"modified":"2025-02-17T09:40:36","modified_gmt":"2025-02-17T09:40:36","slug":"youtube-keyword-tool-tags-generator-sitechecker-%e1%90%88","status":"publish","type":"page","link":"https:\/\/sitechecker.pro\/fr\/youtube-keyword-tool\/","title":{"rendered":"Outil de mots-cl\u00e9s YouTube \u1408 G\u00e9n\u00e9rateur de balises"},"content":{"rendered":"<p><\/p>\n<h2 id=\"par1\">Qu&#8217;est-ce que le g\u00e9n\u00e9rateur de mots cl\u00e9s pour cha\u00eenes YouTube\u00a0?<\/h2>\n<p>L&#8217;outil de mots cl\u00e9s YouTube de <a href=\"https:\/\/sitechecker.pro\/\" target=\"_blank\" rel=\"noopener noreferrer\">Sitechecker<\/a> aide les cr\u00e9ateurs \u00e0 optimiser la visibilit\u00e9 de leurs vid\u00e9os en leur proposant des suggestions de mots cl\u00e9s, en g\u00e9n\u00e9rant des balises et en cr\u00e9ant des titres et des descriptions optimis\u00e9s en fonction des tendances de recherche YouTube, tout en prenant en charge des informations SEO plus larges pour une meilleure port\u00e9e de l&#8217;audience.<\/p>\n<h3>Comment le g\u00e9n\u00e9rateur de mots cl\u00e9s pour YouTube peut vous aider<\/h3>\n<p><strong>Suggestions de mots cl\u00e9s et de balises\u00a0: <\/strong>g\u00e9n\u00e8re des mots cl\u00e9s et des balises pertinents en fonction des tendances de recherche YouTube pour optimiser la d\u00e9couverte des vid\u00e9os.<\/p>\n<p><strong>Optimisation des titres et des descriptions\u00a0: <\/strong>permet de cr\u00e9er des titres et des descriptions attrayants et optimis\u00e9s pour le r\u00e9f\u00e9rencement, int\u00e9grant des mots cl\u00e9s cibl\u00e9s.<\/p>\n<p><strong>Informations multiplateformes\u00a0: <\/strong>offre des id\u00e9es de mots cl\u00e9s provenant de plusieurs plateformes, notamment Google, Bing, Amazon et eBay, pour une strat\u00e9gie SEO compl\u00e8te.<\/p>\n<h3>Principales fonctionnalit\u00e9s de l&#8217;outil<\/h3>\n<p><strong>Tableau de bord unifi\u00e9\u00a0:<\/strong>une plateforme centralis\u00e9e pour surveiller et g\u00e9rer les performances du site Web, les informations SEO et les t\u00e2ches d&#8217;optimisation en un seul endroit.<\/p>\n<p><strong>Interface conviviale\u00a0:<\/strong>conception intuitive pour une navigation facile, rendant le r\u00e9f\u00e9rencement accessible aux d\u00e9butants comme aux professionnels.<\/p>\n<p><strong>Ensemble complet d&#8217;outils SEO\u00a0:<\/strong>une suite compl\u00e8te d&#8217;outils, comprenant la recherche de mots cl\u00e9s, le suivi des classements, les audits SEO sur page et les contr\u00f4les de sant\u00e9 du site Web, pour soutenir une optimisation efficace.<\/p>\n<h2 id=\"par2\">Comment utiliser l&#8217;outil<\/h2>\n<h3>\u00c9tape 1\u00a0: saisissez un mot-cl\u00e9 ou une expression pour g\u00e9n\u00e9rer des id\u00e9es de mots-cl\u00e9s YouTube suppl\u00e9mentaires en fonction de celui-ci<\/h3>\n<div class=\"content__img-wrap\"><img src=\"https:\/\/sitechecker.pro\/wp-content\/uploads\/2024\/12\/youtube-keyword-tag-generator.png\" alt=\"G\u00e9n\u00e9rateur de mots-cl\u00e9s et d'\u00e9tiquettes YouTube\" class=\"description-img description-img-zoom\" loading=\"lazy\" ><\/div>\n<h3>\u00c9tape 2\u00a0: affichez les r\u00e9sultats<\/h3>\n<p>Le g\u00e9n\u00e9rateur de mots-cl\u00e9s vid\u00e9o YouTube permet d&#8217;identifier et d&#8217;utiliser les meilleurs mots-cl\u00e9s pour optimiser votre vid\u00e9o pour le bon public sur YouTube\u00a0:<\/p>\n<div class=\"content__img-wrap\"><img src=\"https:\/\/sitechecker.pro\/wp-content\/uploads\/2024\/12\/keyphrase-ideas.png\" alt=\"Id\u00e9es de phrases-cl\u00e9s\" class=\"description-img description-img-zoom\" loading=\"lazy\" ><\/div>\n<p>Inscrivez-vous pour un essai gratuit afin d&#8217;analyser la popularit\u00e9 de termes de recherche YouTube sp\u00e9cifiques. Exploitez le graphique de popularit\u00e9 pour surveiller les tendances des phrases cl\u00e9s au fil du temps.<\/p>\n<div class=\"content__img-wrap\"><img src=\"https:\/\/sitechecker.pro\/wp-content\/uploads\/2024\/12\/keyword-stats.png\" alt=\"Statistiques des mots cl\u00e9s\" class=\"description-img description-img-zoom\" loading=\"lazy\" ><\/div>\n<div class=\"important-block\">Pour recevoir les r\u00e9sultats et acc\u00e9der aux fonctionnalit\u00e9s de Sitechecker pendant 14 jours, d\u00e9marrez votre essai GRATUIT. L'inscription est facile avec votre e-mail, votre compte Google ou Facebook. Aucune carte de cr\u00e9dit n'est n\u00e9cessaire.<\/div>\n<h2 id=\"par3\">Id\u00e9e finale<\/h2>\n<p>Le g\u00e9n\u00e9rateur de mots cl\u00e9s YouTube SEO permet d&#8217;optimiser la visibilit\u00e9 des vid\u00e9os en g\u00e9n\u00e9rant des suggestions de mots cl\u00e9s, en cr\u00e9ant des titres et des descriptions optimis\u00e9s pour le r\u00e9f\u00e9rencement et en fournissant des balises bas\u00e9es sur les tendances de recherche YouTube. Il offre un tableau de bord unifi\u00e9, une interface conviviale et un ensemble complet d&#8217;outils SEO pour une optimisation compl\u00e8te. Avec des fonctionnalit\u00e9s telles qu&#8217;un graphique de popularit\u00e9 et des informations sur les mots cl\u00e9s multiplateformes, il aide les cr\u00e9ateurs \u00e0 cibler le bon public.<\/p>","protected":false},"excerpt":{"rendered":"Qu&#8217;est-ce que le g\u00e9n\u00e9rateur de mots cl\u00e9s pour cha\u00eenes YouTube\u00a0? L&#8217;outil de mots cl\u00e9s YouTube de Sitechecker aide les cr\u00e9ateurs \u00e0 optimiser la visibilit\u00e9 de leurs vid\u00e9os en leur proposant des suggestions de mots cl\u00e9s, en g\u00e9n\u00e9rant des balises et en cr\u00e9ant des titres et des descriptions optimis\u00e9s en fonction des tendances de recherche YouTube,&#8230;","protected":false},"author":10409641,"featured_media":0,"parent":0,"menu_order":0,"comment_status":"closed","ping_status":"closed","template":"pages-templates\/pages-minitools.php","meta":[],"categories":[71],"tags":[],"_links":{"self":[{"href":"https:\/\/sitechecker.pro\/fr\/wp-json\/wp\/v2\/pages\/25018"}],"collection":[{"href":"https:\/\/sitechecker.pro\/fr\/wp-json\/wp\/v2\/pages"}],"about":[{"href":"https:\/\/sitechecker.pro\/fr\/wp-json\/wp\/v2\/types\/page"}],"author":[{"embeddable":true,"href":"https:\/\/sitechecker.pro\/fr\/wp-json\/wp\/v2\/users\/10409641"}],"replies":[{"embeddable":true,"href":"https:\/\/sitechecker.pro\/fr\/wp-json\/wp\/v2\/comments?post=25018"}],"version-history":[{"count":18,"href":"https:\/\/sitechecker.pro\/fr\/wp-json\/wp\/v2\/pages\/25018\/revisions"}],"predecessor-version":[{"id":35541,"href":"https:\/\/sitechecker.pro\/fr\/wp-json\/wp\/v2\/pages\/25018\/revisions\/35541"}],"wp:attachment":[{"href":"https:\/\/sitechecker.pro\/fr\/wp-json\/wp\/v2\/media?parent=25018"}],"wp:term":[{"taxonomy":"category","embeddable":true,"href":"https:\/\/sitechecker.pro\/fr\/wp-json\/wp\/v2\/categories?post=25018"},{"taxonomy":"post_tag","embeddable":true,"href":"https:\/\/sitechecker.pro\/fr\/wp-json\/wp\/v2\/tags?post=25018"}],"curies":[{"name":"wp","href":"https:\/\/api.w.org\/{rel}","templated":true}]}}