{"id":25004,"date":"2023-07-24T13:21:56","date_gmt":"2023-07-24T13:21:56","guid":{"rendered":"https:\/\/sitechecker.pro\/?page_id=25004"},"modified":"2025-02-12T10:04:40","modified_gmt":"2025-02-12T10:04:40","slug":"get-youtube-channel-keywords-list-keys-suggestions-tool-%e1%90%88-2","status":"publish","type":"page","link":"https:\/\/sitechecker.pro\/fr\/youtube-name-generator\/","title":{"rendered":"G\u00e9n\u00e9rateur de noms YouTube gratuit"},"content":{"rendered":"<p><\/p>\n<h2 id=\"par1\">Qu&#8217;est-ce qu&#8217;un g\u00e9n\u00e9rateur de noms YouTube\u00a0?<\/h2>\n<p>Le g\u00e9n\u00e9rateur de noms YouTube de <a href=\"https:\/\/sitechecker.pro\/\" target=\"_blank\" rel=\"noopener noreferrer\">Sitechecker<\/a> est un outil con\u00e7u pour aider les cr\u00e9ateurs de contenu \u00e0 d\u00e9velopper des noms uniques et m\u00e9morables pour leurs cha\u00eenes YouTube. En analysant les recherches YouTube et les classements par mots-cl\u00e9s, il propose une vari\u00e9t\u00e9 de suggestions de noms adapt\u00e9es \u00e0 la niche et au public cible de votre cha\u00eene.<\/p>\n<h3>Le g\u00e9n\u00e9rateur de noms YouTube vous aide \u00e0 cr\u00e9er un titre de cha\u00eene efficace en<\/h3>\n<p><strong>Suggestions bas\u00e9es sur des mots-cl\u00e9s\u00a0:<\/strong>fournit des id\u00e9es de titres bas\u00e9es sur les recherches YouTube et les classements par mots-cl\u00e9s, vous aidant \u00e0 choisir un titre avec un volume de recherche \u00e9lev\u00e9 et une pertinence par rapport \u00e0 votre contenu.<\/p>\n<p><strong>Recommandations de mots-cl\u00e9s multiplateformes\u00a0:<\/strong>au-del\u00e0 de YouTube, il propose des suggestions de mots-cl\u00e9s provenant de diverses plateformes telles que Google, Bing, Amazon et eBay, \u00e9largissant ainsi votre perspective sur les titres de cha\u00eene potentiels.<\/p>\n<h3>Principales fonctionnalit\u00e9s de l&#8217;outil<\/h3>\n<p><strong>Tableau de bord unifi\u00e9\u00a0:<\/strong>g\u00e9rez toutes vos t\u00e2ches de r\u00e9f\u00e9rencement en un seul endroit avec un tableau de bord centralis\u00e9 qui fournit un aper\u00e7u clair des performances, des probl\u00e8mes et de la progression de votre site Web.<\/p>\n<p><strong>Interface conviviale\u00a0:<\/strong>con\u00e7ue dans un souci de simplicit\u00e9, l&#8217;interface intuitive permet aux d\u00e9butants comme aux experts de naviguer et d&#8217;utiliser efficacement ses puissants outils.<\/p>\n<p><strong>Ensemble complet d&#8217;outils de r\u00e9f\u00e9rencement\u00a0:<\/strong>acc\u00e9dez \u00e0 une gamme compl\u00e8te de fonctionnalit\u00e9s de r\u00e9f\u00e9rencement, notamment des audits de site, un suivi des classements et des recommandations de r\u00e9f\u00e9rencement sur page, pour optimiser la visibilit\u00e9 et les performances de votre site Web.<\/p>\n<h2 id=\"par2\">Comment utiliser l&#8217;outil<\/h2>\n<h3>\u00c9tape 1\u00a0:\u00a0Ins\u00e9rez un mot-cl\u00e9 ou une phrase pour g\u00e9n\u00e9rer des id\u00e9es de noms YouTube en fonction de ceux-ci<\/h3>\n<div class=\"content__img-wrap\"><img src=\"https:\/\/sitechecker.pro\/wp-content\/uploads\/2024\/12\/youtube-channel-name-generator.png\" alt=\"G\u00e9n\u00e9rateur de noms de cha\u00eenes YouTube\" class=\"description-img description-img-zoom\" loading=\"lazy\" ><\/div>\n<h3>\u00c9tape 2\u00a0:\u00a0Obtenez les r\u00e9sultats avec les id\u00e9es de noms de cha\u00eenes YouTube<\/h3>\n<p>L&#8217;outil Suggestions de noms YouTube g\u00e9n\u00e8re des id\u00e9es de titres de cha\u00eenes tendance et pertinentes en exploitant des mots-cl\u00e9s populaires pour une visibilit\u00e9 maximale. Il fournit des suggestions personnalis\u00e9es pour une image de marque sp\u00e9cifique \u00e0 une niche, appuy\u00e9es par des informations bas\u00e9es sur des donn\u00e9es pour am\u00e9liorer la d\u00e9couvrabilit\u00e9.<\/p>\n<div class=\"content__img-wrap\"><img src=\"https:\/\/sitechecker.pro\/wp-content\/uploads\/2024\/12\/youtube-channel-name-ideas.png\" alt=\"Id\u00e9es de noms de cha\u00eenes YouTube\" class=\"description-img description-img-zoom\" loading=\"lazy\" ><\/div>\n<p>Commencez un essai gratuit pour d\u00e9couvrir la popularit\u00e9 des id\u00e9es de titres de cha\u00eenes YouTube sp\u00e9cifiques dans les moteurs de recherche.<\/p>\n<p>Le graphique de popularit\u00e9 vous permet de suivre les tendances pour chaque id\u00e9e de titre de cha\u00eene et d&#8217;\u00e9valuer la comp\u00e9titivit\u00e9 du CPC.<\/p>\n<div class=\"content__img-wrap\"><img src=\"https:\/\/sitechecker.pro\/wp-content\/uploads\/2024\/12\/suggestions-info.png\" alt=\"Informations sur les suggestions\" class=\"description-img description-img-zoom\" loading=\"lazy\" ><\/div>\n<div class=\"important-block\">Pour recevoir les r\u00e9sultats et acc\u00e9der aux fonctionnalit\u00e9s de Sitechecker pendant 14 jours, d\u00e9marrez votre essai GRATUIT. L'inscription est facile avec votre e-mail, votre compte Google ou Facebook. Aucune carte de cr\u00e9dit n'est n\u00e9cessaire.<\/div>\n<h2 id=\"par3\">Id\u00e9e finale<\/h2>\n<p>En conclusion, le g\u00e9n\u00e9rateur de noms YouTube est un outil puissant et convivial con\u00e7u pour aider les cr\u00e9ateurs de contenu \u00e0 cr\u00e9er des noms de cha\u00eenes YouTube uniques, m\u00e9morables et tr\u00e8s efficaces. En tirant parti des suggestions bas\u00e9es sur des mots-cl\u00e9s, des informations multiplateformes et des tendances bas\u00e9es sur les donn\u00e9es, il garantit que le titre de votre cha\u00eene correspond \u00e0 votre niche et r\u00e9sonne aupr\u00e8s de votre public cible.<\/p>\n<div id=\"par4\"><\/div>\n<p><div class=\"front__faq-block\"><div class=\"faq__block-title\">FAQ<\/div><div class=\"panel-group\" id=\"faq-accordion\" itemscope itemtype=\"https:\/\/schema.org\/FAQPage\" role=\"tablist\" aria-multiselectable=\"true\"><div class=\"panel\" itemscope itemtype=\"https:\/\/schema.org\/Question\" itemprop=\"mainEntity\">\n                            <div class=\"panel-heading\" id=\"headingFaq-1\">\n                                <div class=\"panel-title\" data-toggle=\"collapse\" aria-expanded=\"false\" href=\"#collapseFaq-1\">\n                                    <h3 itemprop=\"name\">Comment fonctionne le g\u00e9n\u00e9rateur de noms pour les vloggers ?<\/h3>\n                                <\/div>\n                            <\/div>\n                            <div id=\"collapseFaq-1\" class=\"panel-collapse collapse\" itemprop=\"acceptedAnswer\" itemscope itemtype=\"http:\/\/schema.org\/Answer\">\n                                <div class=\"panel-body\" itemprop=\"text\">L'outil analyse les recherches YouTube, les classements de mots-cl\u00e9s et les donn\u00e9es multiplateformes pour fournir des suggestions de titres personnalis\u00e9es en fonction de la niche et du public cible de votre cha\u00eene.<\/div>\n                            <\/div>\n                        <\/div><div class=\"panel\" itemscope itemtype=\"https:\/\/schema.org\/Question\" itemprop=\"mainEntity\">\n                            <div class=\"panel-heading\" id=\"headingFaq-2\">\n                                <div class=\"panel-title\" data-toggle=\"collapse\" aria-expanded=\"false\" href=\"#collapseFaq-2\">\n                                    <h3 itemprop=\"name\">L'outil prend-il en charge la recherche de mots-cl\u00e9s au-del\u00e0 de YouTube ?<\/h3>\n                                <\/div>\n                            <\/div>\n                            <div id=\"collapseFaq-2\" class=\"panel-collapse collapse\" itemprop=\"acceptedAnswer\" itemscope itemtype=\"http:\/\/schema.org\/Answer\">\n                                <div class=\"panel-body\" itemprop=\"text\">Oui, il propose \u00e9galement des suggestions de mots-cl\u00e9s \u00e0 partir de plateformes telles que Google, Bing, Amazon et eBay pour des informations plus larges.<\/div>\n                            <\/div>\n                        <\/div><div class=\"panel\" itemscope itemtype=\"https:\/\/schema.org\/Question\" itemprop=\"mainEntity\">\n                            <div class=\"panel-heading\" id=\"headingFaq-3\">\n                                <div class=\"panel-title\" data-toggle=\"collapse\" aria-expanded=\"false\" href=\"#collapseFaq-3\">\n                                    <h3 itemprop=\"name\">Quelles fonctionnalit\u00e9s suppl\u00e9mentaires le g\u00e9n\u00e9rateur de noms pour YouTube fournit-il ?<\/h3>\n                                <\/div>\n                            <\/div>\n                            <div id=\"collapseFaq-3\" class=\"panel-collapse collapse\" itemprop=\"acceptedAnswer\" itemscope itemtype=\"http:\/\/schema.org\/Answer\">\n                                <div class=\"panel-body\" itemprop=\"text\">L'outil comprend un tableau de bord unifi\u00e9, des outils de r\u00e9f\u00e9rencement tels que le suivi du classement, l'analyse des backlinks et des recommandations sur la page pour optimiser les performances de votre site Web.<\/div>\n                            <\/div>\n                        <\/div><div class=\"panel\" itemscope itemtype=\"https:\/\/schema.org\/Question\" itemprop=\"mainEntity\">\n                            <div class=\"panel-heading\" id=\"headingFaq-4\">\n                                <div class=\"panel-title\" data-toggle=\"collapse\" aria-expanded=\"false\" href=\"#collapseFaq-4\">\n                                    <h3 itemprop=\"name\">Puis-je suivre la popularit\u00e9 d'un titre de cha\u00eene ?<\/h3>\n                                <\/div>\n                            <\/div>\n                            <div id=\"collapseFaq-4\" class=\"panel-collapse collapse\" itemprop=\"acceptedAnswer\" itemscope itemtype=\"http:\/\/schema.org\/Answer\">\n                                <div class=\"panel-body\" itemprop=\"text\">Oui, le graphique de popularit\u00e9 vous permet de suivre les tendances et d'\u00e9valuer la comp\u00e9titivit\u00e9 du CPC pour chaque id\u00e9e de titre.<\/div>\n                            <\/div>\n                        <\/div><\/div><\/div><\/p>","protected":false},"excerpt":{"rendered":"Qu&#8217;est-ce qu&#8217;un g\u00e9n\u00e9rateur de noms YouTube\u00a0? Le g\u00e9n\u00e9rateur de noms YouTube de Sitechecker est un outil con\u00e7u pour aider les cr\u00e9ateurs de contenu \u00e0 d\u00e9velopper des noms uniques et m\u00e9morables pour leurs cha\u00eenes YouTube. En analysant les recherches YouTube et les classements par mots-cl\u00e9s, il propose une vari\u00e9t\u00e9 de suggestions de noms adapt\u00e9es \u00e0 la&#8230;","protected":false},"author":10409641,"featured_media":0,"parent":0,"menu_order":0,"comment_status":"closed","ping_status":"closed","template":"pages-templates\/pages-minitools.php","meta":[],"categories":[71],"tags":[],"_links":{"self":[{"href":"https:\/\/sitechecker.pro\/fr\/wp-json\/wp\/v2\/pages\/25004"}],"collection":[{"href":"https:\/\/sitechecker.pro\/fr\/wp-json\/wp\/v2\/pages"}],"about":[{"href":"https:\/\/sitechecker.pro\/fr\/wp-json\/wp\/v2\/types\/page"}],"author":[{"embeddable":true,"href":"https:\/\/sitechecker.pro\/fr\/wp-json\/wp\/v2\/users\/10409641"}],"replies":[{"embeddable":true,"href":"https:\/\/sitechecker.pro\/fr\/wp-json\/wp\/v2\/comments?post=25004"}],"version-history":[{"count":28,"href":"https:\/\/sitechecker.pro\/fr\/wp-json\/wp\/v2\/pages\/25004\/revisions"}],"predecessor-version":[{"id":35425,"href":"https:\/\/sitechecker.pro\/fr\/wp-json\/wp\/v2\/pages\/25004\/revisions\/35425"}],"wp:attachment":[{"href":"https:\/\/sitechecker.pro\/fr\/wp-json\/wp\/v2\/media?parent=25004"}],"wp:term":[{"taxonomy":"category","embeddable":true,"href":"https:\/\/sitechecker.pro\/fr\/wp-json\/wp\/v2\/categories?post=25004"},{"taxonomy":"post_tag","embeddable":true,"href":"https:\/\/sitechecker.pro\/fr\/wp-json\/wp\/v2\/tags?post=25004"}],"curies":[{"name":"wp","href":"https:\/\/api.w.org\/{rel}","templated":true}]}}