{"id":24999,"date":"2023-07-24T12:34:42","date_gmt":"2023-07-24T12:34:42","guid":{"rendered":"https:\/\/sitechecker.pro\/?page_id=24999"},"modified":"2025-02-13T14:58:13","modified_gmt":"2025-02-13T14:58:13","slug":"get-youtube-channel-keywords-list-keys-suggestions-tool-%e1%90%88","status":"publish","type":"page","link":"https:\/\/sitechecker.pro\/fr\/youtube-channel-keywords\/","title":{"rendered":"Obtenir la liste des mots-cl\u00e9s de la cha\u00eene YouTube | Outil de suggestions de cl\u00e9s \u1408"},"content":{"rendered":"<p><\/p>\n<h2 id=\"par1\">Qu&#8217;est-ce que l&#8217;outil de suggestion de mots-cl\u00e9s pour cha\u00eenes YouTube\u00a0?<\/h2>\n<p>L&#8217;outil de suggestion de mots-cl\u00e9s pour cha\u00eenes YouTube de <a href=\"https:\/\/sitechecker.pro\/\" target=\"_blank\" rel=\"noopener noreferrer\">Sitechecker<\/a> est un utilitaire SEO gratuit qui g\u00e9n\u00e8re une liste compl\u00e8te de termes de recherche pour d\u00e9crire avec pr\u00e9cision les th\u00e8mes, les sujets et les centres d&#8217;int\u00e9r\u00eat de votre cha\u00eene. Il fournit des suggestions provenant de plusieurs syst\u00e8mes de recherche, notamment YouTube, Google, Bing, Amazon et eBay, optimisant ainsi la visibilit\u00e9 de votre cha\u00eene et vous connectant efficacement avec votre public cible.<\/p>\n<h3>Comment l&#8217;outil peut vous aider<\/h3>\n<p><strong>Analyse des performances des mots-cl\u00e9s\u00a0: <\/strong>\u00e9valuez les performances de termes de recherche YouTube sp\u00e9cifiques avec des informations sur le volume de recherche, la concurrence et le potentiel de clic.<\/p>\n<p><strong>Tendances saisonni\u00e8res des mots-cl\u00e9s\u00a0: <\/strong>identifiez les opportunit\u00e9s de termes de recherche saisonni\u00e8res ou bas\u00e9es sur des \u00e9v\u00e9nements pour produire du contenu YouTube opportun et pertinent.<\/p>\n<p><strong>D\u00e9couverte des phrases cl\u00e9s tendance\u00a0: <\/strong>identifiez la derni\u00e8re phrase cl\u00e9 tendance sur YouTube pour aligner votre contenu sur les int\u00e9r\u00eats actuels des spectateurs et augmenter la visibilit\u00e9.<\/p>\n<h3>Principales fonctionnalit\u00e9s de l&#8217;outil<\/h3>\n<p><strong>Tableau de bord unifi\u00e9\u00a0: <\/strong>fournit un aper\u00e7u des performances, des probl\u00e8mes et des progr\u00e8s SEO de votre site Web en un seul endroit, simplifiant ainsi votre processus d&#8217;optimisation.<\/p>\n<p><strong>Interface conviviale\u00a0: <\/strong>une conception intuitive qui facilite la navigation et l&#8217;utilisation de l&#8217;outil, m\u00eame pour les d\u00e9butants, avec des visuels clairs et des informations exploitables.<\/p>\n<p><strong>Ensemble complet d&#8217;outils SEO\u00a0: <\/strong>comprend des audits de sites Web, le suivi des phrases cl\u00e9s, la surveillance des backlinks et le suivi des classements, offrant tout ce dont vous avez besoin pour une gestion SEO efficace.<\/p>\n<h2 id=\"par2\">Comment utiliser l&#8217;outil<\/h2>\n<h3>\u00c9tape 1\u00a0:\u00a0Ins\u00e9rez un mot-cl\u00e9 ou une phrase pour g\u00e9n\u00e9rer des id\u00e9es de termes de recherche YouTube<\/h3>\n<div class=\"content__img-wrap\"><img src=\"https:\/\/sitechecker.pro\/wp-content\/uploads\/2024\/12\/youtube-channel-keywords-list.png\" alt=\"Liste des mots-cl\u00e9s de la cha\u00eene YouTube\" class=\"description-img description-img-zoom\" loading=\"lazy\" ><\/div>\n<h3>\u00c9tape 2\u00a0:\u00a0Obtenez les r\u00e9sultats<\/h3>\n<p>L&#8217;outil de suggestions de mots-cl\u00e9s YouTube g\u00e9n\u00e8re des id\u00e9es de phrases cl\u00e9s tendance et pertinentes en utilisant des termes de recherche populaires pour maximiser la visibilit\u00e9.<\/p>\n<div class=\"content__img-wrap\"><img src=\"https:\/\/sitechecker.pro\/wp-content\/uploads\/2024\/12\/keyphrase-ideas.png\" alt=\"Id\u00e9es de phrases cl\u00e9s\" class=\"description-img description-img-zoom\" loading=\"lazy\" ><\/div>\n<p>D\u00e9marrez un essai gratuit pour explorer la popularit\u00e9 d&#8217;un terme de recherche YouTube sp\u00e9cifique. Utilisez le graphique de popularit\u00e9 pour suivre les tendances de chaque phrase cl\u00e9 au fil du temps.<\/p>\n<div class=\"content__img-wrap\"><img src=\"https:\/\/sitechecker.pro\/wp-content\/uploads\/2024\/12\/keyword-stats.png\" alt=\"Statistiques des mots cl\u00e9s\" class=\"description-img description-img-zoom\" loading=\"lazy\" ><\/div>\n<div class=\"important-block\">Pour recevoir les r\u00e9sultats et acc\u00e9der aux fonctionnalit\u00e9s de Sitechecker pendant 14 jours, d\u00e9marrez votre essai GRATUIT. L'inscription est facile avec votre e-mail, votre compte Google ou Facebook. Aucune carte de cr\u00e9dit n'est n\u00e9cessaire.<\/div>\n<h2 id=\"par3\">Id\u00e9e finale<\/h2>\n<p>L&#8217;outil de recherche de mots cl\u00e9s YouTube est un utilitaire gratuit con\u00e7u pour vous aider \u00e0 optimiser la visibilit\u00e9 de votre cha\u00eene avec des id\u00e9es de phrases cl\u00e9s personnalis\u00e9es. Il offre la d\u00e9couverte de phrases cl\u00e9s tendance, l&#8217;analyse des performances et des informations sur les tendances saisonni\u00e8res, en tirant des donn\u00e9es de plateformes telles que YouTube, Google et Bing. Avec une interface conviviale, un tableau de bord unifi\u00e9 et un ensemble complet d&#8217;outils de r\u00e9f\u00e9rencement, l&#8217;outil simplifie l&#8217;optimisation des termes de recherche pour un meilleur ciblage de l&#8217;audience.<\/p>","protected":false},"excerpt":{"rendered":"Qu&#8217;est-ce que l&#8217;outil de suggestion de mots-cl\u00e9s pour cha\u00eenes YouTube\u00a0? L&#8217;outil de suggestion de mots-cl\u00e9s pour cha\u00eenes YouTube de Sitechecker est un utilitaire SEO gratuit qui g\u00e9n\u00e8re une liste compl\u00e8te de termes de recherche pour d\u00e9crire avec pr\u00e9cision les th\u00e8mes, les sujets et les centres d&#8217;int\u00e9r\u00eat de votre cha\u00eene. Il fournit des suggestions provenant de&#8230;","protected":false},"author":10409641,"featured_media":0,"parent":0,"menu_order":0,"comment_status":"closed","ping_status":"closed","template":"pages-templates\/pages-minitools.php","meta":[],"categories":[71],"tags":[],"_links":{"self":[{"href":"https:\/\/sitechecker.pro\/fr\/wp-json\/wp\/v2\/pages\/24999"}],"collection":[{"href":"https:\/\/sitechecker.pro\/fr\/wp-json\/wp\/v2\/pages"}],"about":[{"href":"https:\/\/sitechecker.pro\/fr\/wp-json\/wp\/v2\/types\/page"}],"author":[{"embeddable":true,"href":"https:\/\/sitechecker.pro\/fr\/wp-json\/wp\/v2\/users\/10409641"}],"replies":[{"embeddable":true,"href":"https:\/\/sitechecker.pro\/fr\/wp-json\/wp\/v2\/comments?post=24999"}],"version-history":[{"count":17,"href":"https:\/\/sitechecker.pro\/fr\/wp-json\/wp\/v2\/pages\/24999\/revisions"}],"predecessor-version":[{"id":35487,"href":"https:\/\/sitechecker.pro\/fr\/wp-json\/wp\/v2\/pages\/24999\/revisions\/35487"}],"wp:attachment":[{"href":"https:\/\/sitechecker.pro\/fr\/wp-json\/wp\/v2\/media?parent=24999"}],"wp:term":[{"taxonomy":"category","embeddable":true,"href":"https:\/\/sitechecker.pro\/fr\/wp-json\/wp\/v2\/categories?post=24999"},{"taxonomy":"post_tag","embeddable":true,"href":"https:\/\/sitechecker.pro\/fr\/wp-json\/wp\/v2\/tags?post=24999"}],"curies":[{"name":"wp","href":"https:\/\/api.w.org\/{rel}","templated":true}]}}