{"id":24950,"date":"2023-07-24T12:54:03","date_gmt":"2023-07-24T12:54:03","guid":{"rendered":"https:\/\/sitechecker.pro\/?page_id=24950"},"modified":"2025-02-27T10:59:43","modified_gmt":"2025-02-27T10:59:43","slug":"keyword-suggestion-tool-research-content-ideas-sitechecker-%e1%90%88","status":"publish","type":"page","link":"https:\/\/sitechecker.pro\/fr\/keyword-suggestion-tool\/","title":{"rendered":"Outil de suggestion de mots-cl\u00e9s pour rechercher des id\u00e9es de contenu \u2611"},"content":{"rendered":"<p><\/p>\n<h2 id=\"par1\">Qu&#8217;est-ce qu&#8217;un outil de suggestion de mots-cl\u00e9s professionnel\u00a0?<\/h2>\n<p>L&#8217;outil de suggestion de mots-cl\u00e9s de <a href=\"https:\/\/sitechecker.pro\/\" target=\"_blank\" rel=\"noopener noreferrer\">Sitechecker<\/a> est une ressource en ligne gratuite qui g\u00e9n\u00e8re des id\u00e9es de mots-cl\u00e9s pertinents en exploitant les donn\u00e9es de plateformes telles que Google, Bing, Google Images, News, Shopping, Yahoo, Wikipedia, YouTube, Amazon, eBay et Fiverr. Il aide les utilisateurs \u00e0 d\u00e9couvrir des phrases cl\u00e9s \u00e0 longue tra\u00eene, \u00e0 optimiser le contenu et \u00e0 am\u00e9liorer la visibilit\u00e9 et le trafic des sites Web, des vid\u00e9os et des listes de produits.<\/p>\n<p>En analysant les donn\u00e9es des moteurs de recherche, y compris la saisie semi-automatique de Google, l&#8217;outil prend en charge le r\u00e9f\u00e9rencement, la cr\u00e9ation de contenu et les strat\u00e9gies marketing, permettant aux utilisateurs d&#8217;am\u00e9liorer les classements de recherche, de cibler efficacement leur public et d&#8217;am\u00e9liorer les performances sur plusieurs plateformes.<\/p>\n<h3>L&#8217;outil de suggestion de mots cl\u00e9s vous aide \u00e0<\/h3>\n<p><strong>Optimisation du contenu\u00a0: <\/strong>fournit des mots cl\u00e9s \u00e0 longue tra\u00eene pour am\u00e9liorer le classement des moteurs de recherche et enrichir le contenu du site Web ou de la vid\u00e9o.<\/p>\n<p><strong>Performances du commerce \u00e9lectronique et du PPC\u00a0: <\/strong>mots cl\u00e9s sugg\u00e9r\u00e9s pour les listes de produits sur Amazon et eBay et expressions cibl\u00e9es pour des campagnes publicitaires payantes efficaces.<\/p>\n<p><strong>Informations multiplateformes\u00a0: <\/strong>suggestions personnalis\u00e9es de Google, Bing, YouTube et autres, suivi des tendances pour rester comp\u00e9titif.<\/p>\n<h3>Principales fonctionnalit\u00e9s de l&#8217;outil<\/h3>\n<p><strong>Tableau de bord unifi\u00e9\u00a0: <\/strong>consolide toutes les mesures et informations SEO dans une interface unique et facile \u00e0 parcourir pour une surveillance et une gestion efficaces.<\/p>\n<p><strong>Interface conviviale\u00a0: <\/strong>La conception intuitive garantit une facilit\u00e9 d&#8217;utilisation pour les d\u00e9butants et les professionnels, simplifiant les t\u00e2ches SEO complexes.<\/p>\n<p><strong>Ensemble complet d&#8217;outils SEO\u00a0:<\/strong>offre une gamme compl\u00e8te d&#8217;outils, notamment la recherche de phrases cl\u00e9s, les audits de sites, le suivi des backlinks et l&#8217;analyse des performances, pour am\u00e9liorer efficacement votre pr\u00e9sence en ligne.<\/p>\n<h2 id=\"par2\">Comment utiliser l&#8217;outil<\/h2>\n<h3>\u00c9tape\u00a01\u00a0: saisissez un mot cl\u00e9 ou une phrase cl\u00e9, choisissez une plateforme&#8230;<\/h3>\n<p>Saisissez un mot cl\u00e9 ou une phrase cl\u00e9, choisissez une plateforme (Google, Google News, Google Shopping, YouTube, Google Images, Yahoo, Bing, Wikipedia ou Fiverr), s\u00e9lectionnez le pays et la langue, puis cliquez sur le bouton \u00ab\u00a0Obtenir des suggestions\u00a0\u00bb.<\/p>\n<div class=\"content__img-wrap\"><img src=\"https:\/\/sitechecker.pro\/wp-content\/uploads\/2025\/02\/keyword-suggestion-tool-seo-ppc.png\" alt=\"Outil de suggestion de mots cl\u00e9s pour le r\u00e9f\u00e9rencement PPC\" class=\"description-img description-img-zoom\" loading=\"lazy\" ><\/div>\n<h3>\u00c9tape 2\u00a0:\u00a0Obtenez les r\u00e9sultats<\/h3>\n<p>L&#8217;outil fournit une liste de phrases cl\u00e9s pertinentes ainsi que des indicateurs tels que le volume de recherche, les tendances, le CPC et la concurrence publicitaire, permettant ainsi de prendre des d\u00e9cisions SEO et marketing bas\u00e9es sur les donn\u00e9es.<\/p>\n<div class=\"content__img-wrap\"><img src=\"https:\/\/sitechecker.pro\/wp-content\/uploads\/2025\/02\/suggestions-results.png\" alt=\"R\u00e9sultats des suggestions\" class=\"description-img description-img-zoom\" loading=\"lazy\" ><\/div>\n<p>Le panneau de gauche organise les suggestions de mots cl\u00e9s en groupes, en les regroupant en fonction de leur lien avec la requ\u00eate principale, ce qui en fait un puissant outil de regroupement de mots cl\u00e9s.<\/p>\n<p>L&#8217;outil fournit \u00e9galement des indicateurs cl\u00e9s tels que le volume de recherche, les tendances, le CPC et la concurrence publicitaire. Vous pouvez s\u00e9lectionner des phrases cl\u00e9s sp\u00e9cifiques et les ajouter au <a href=\"https:\/\/sitechecker.pro\/rank-tracker\/\" target=\"_blank\" rel=\"noopener noreferrer\">Rank Tracker<\/a> pour une surveillance approfondie et une planification strat\u00e9gique. Un essai gratuit est n\u00e9cessaire pour d\u00e9bloquer l&#8217;acc\u00e8s \u00e0 ces donn\u00e9es.<\/p>\n<div class=\"content__img-wrap\"><img src=\"https:\/\/sitechecker.pro\/wp-content\/uploads\/2025\/02\/suggestions-metrics.png\" alt=\"Suggestions Metrics\" class=\"description-img description-img-zoom\" loading=\"lazy\" ><\/div>\n<div class=\"important-block\">Pour recevoir les r\u00e9sultats et acc\u00e9der aux fonctionnalit\u00e9s de Sitechecker pendant 14 jours, d\u00e9marrez votre essai GRATUIT. L'inscription est facile avec votre e-mail, votre compte Google ou Facebook. Aucune carte de cr\u00e9dit n'est n\u00e9cessaire.<\/div>\n<h2 id=\"par3\">Commencez \u00e0 suivre les mots cl\u00e9s pertinents<\/h2>\n<p>Commencez \u00e0 surveiller les sujets de contenu pertinents en s\u00e9lectionnant ceux qui vous int\u00e9ressent et en les ajoutant au Rank Tracker en un seul clic.<\/p>\n<div class=\"content__img-wrap\"><img src=\"https:\/\/sitechecker.pro\/wp-content\/uploads\/2025\/02\/add-to-rank-tracker.png\" alt=\"Ajouter au suivi de classement\" class=\"description-img description-img-zoom\" loading=\"lazy\" ><\/div>\n<p>Vous pouvez regrouper des phrases cl\u00e9s et les ajouter au suivi de classement pour une surveillance et une analyse compl\u00e8tes.<\/p>\n<div class=\"content__img-wrap\"><img src=\"https:\/\/sitechecker.pro\/wp-content\/uploads\/2025\/02\/add-to-rank-tracker-settings.png\" alt=\"Ajouter aux param\u00e8tres du suivi de classement\" class=\"description-img description-img-zoom\" loading=\"lazy\" ><\/div>\n<p>Ici, vous pouvez s\u00e9lectionner votre moteur de recherche, votre appareil, votre pays et votre r\u00e9gion pr\u00e9f\u00e9r\u00e9s.<\/p>\n<p>Une fois la configuration termin\u00e9e, cliquez sur \u00ab\u00a0Ajouter au suivi de classement\u00a0\u00bb.<\/p>\n<p>Utilisez la fonction \u00ab\u00a0G\u00e9rer les mots cl\u00e9s\u00a0\u00bb pour organiser les mots cl\u00e9s en cat\u00e9gories et les associer \u00e0 des pages sp\u00e9cifiques, simplifiant ainsi votre strat\u00e9gie promotionnelle.<\/p>\n<div class=\"content__img-wrap\"><img src=\"https:\/\/sitechecker.pro\/wp-content\/uploads\/2025\/02\/manage-keywords.png\" alt=\"G\u00e9rer les mots-cl\u00e9s\" class=\"description-img description-img-zoom\" loading=\"lazy\" ><\/div>\n<p>Le Keyword Finder permet un suivi personnalis\u00e9 des id\u00e9es de sujets en fonction de l&#8217;appareil et de l&#8217;emplacement, offrant des informations pr\u00e9cieuses sur les classements et les performances des concurrents. Avec des fonctionnalit\u00e9s telles que les scores de visibilit\u00e9, la surveillance de l&#8217;indexation et l&#8217;analyse des tendances SEO, il prend en charge l&#8217;optimisation des strat\u00e9gies. De plus, ses capacit\u00e9s de reporting adaptables s&#8217;alignent parfaitement sur les calendriers de campagne.<\/p>\n<div class=\"content__img-wrap\"><img src=\"https:\/\/sitechecker.pro\/wp-content\/uploads\/2025\/02\/rank-tracker-dashboard.png\" alt=\"Rank Tracker Dashboard\" class=\"description-img description-img-zoom\" loading=\"lazy\" ><\/div>\n<h2 id=\"par4\">Id\u00e9e finale<\/h2>\n<p>L&#8217;outil de suggestion de mots cl\u00e9s g\u00e9n\u00e8re des id\u00e9es de mots cl\u00e9s pertinentes pour le r\u00e9f\u00e9rencement, le PPC et le commerce \u00e9lectronique \u00e0 l&#8217;aide de donn\u00e9es provenant de plateformes telles que Google, Bing et Amazon. Il propose un regroupement de mots cl\u00e9s, un suivi des performances et des rapports personnalisables, aidant les utilisateurs \u00e0 am\u00e9liorer leur classement, \u00e0 optimiser leur contenu et \u00e0 favoriser leur r\u00e9ussite en ligne.<\/p>","protected":false},"excerpt":{"rendered":"Qu&#8217;est-ce qu&#8217;un outil de suggestion de mots-cl\u00e9s professionnel\u00a0? L&#8217;outil de suggestion de mots-cl\u00e9s de Sitechecker est une ressource en ligne gratuite qui g\u00e9n\u00e8re des id\u00e9es de mots-cl\u00e9s pertinents en exploitant les donn\u00e9es de plateformes telles que Google, Bing, Google Images, News, Shopping, Yahoo, Wikipedia, YouTube, Amazon, eBay et Fiverr. Il aide les utilisateurs \u00e0 d\u00e9couvrir&#8230;","protected":false},"author":10409641,"featured_media":0,"parent":0,"menu_order":0,"comment_status":"closed","ping_status":"closed","template":"pages-templates\/pages-minitools.php","meta":[],"categories":[71],"tags":[],"_links":{"self":[{"href":"https:\/\/sitechecker.pro\/fr\/wp-json\/wp\/v2\/pages\/24950"}],"collection":[{"href":"https:\/\/sitechecker.pro\/fr\/wp-json\/wp\/v2\/pages"}],"about":[{"href":"https:\/\/sitechecker.pro\/fr\/wp-json\/wp\/v2\/types\/page"}],"author":[{"embeddable":true,"href":"https:\/\/sitechecker.pro\/fr\/wp-json\/wp\/v2\/users\/10409641"}],"replies":[{"embeddable":true,"href":"https:\/\/sitechecker.pro\/fr\/wp-json\/wp\/v2\/comments?post=24950"}],"version-history":[{"count":80,"href":"https:\/\/sitechecker.pro\/fr\/wp-json\/wp\/v2\/pages\/24950\/revisions"}],"predecessor-version":[{"id":35749,"href":"https:\/\/sitechecker.pro\/fr\/wp-json\/wp\/v2\/pages\/24950\/revisions\/35749"}],"wp:attachment":[{"href":"https:\/\/sitechecker.pro\/fr\/wp-json\/wp\/v2\/media?parent=24950"}],"wp:term":[{"taxonomy":"category","embeddable":true,"href":"https:\/\/sitechecker.pro\/fr\/wp-json\/wp\/v2\/categories?post=24950"},{"taxonomy":"post_tag","embeddable":true,"href":"https:\/\/sitechecker.pro\/fr\/wp-json\/wp\/v2\/tags?post=24950"}],"curies":[{"name":"wp","href":"https:\/\/api.w.org\/{rel}","templated":true}]}}