{"id":24925,"date":"2023-07-07T15:25:10","date_gmt":"2023-07-07T15:25:10","guid":{"rendered":"https:\/\/sitechecker.pro\/?page_id=24925"},"modified":"2026-02-19T14:42:20","modified_gmt":"2026-02-19T14:42:20","slug":"419-error-page-expired-%f0%9f%93%96-fix","status":"publish","type":"page","link":"https:\/\/sitechecker.pro\/fr\/what-is-419-status-code\/","title":{"rendered":"Qu&#8217;est-ce que l&#8217;erreur 419 Status Code \u00ab Page expir\u00e9e \u00bb \ud83d\udcd6 Comment la r\u00e9parer ?"},"content":{"rendered":"<p><\/p>\n<h2 id=\"par1\">Qu&#8217;est-ce que le code d&#8217;\u00e9tat HTTP 419\u00a0?<\/h2>\n<div id=\"par1\"><\/div>\n<p>Le code d&#8217;\u00e9tat 419 est un code d&#8217;erreur client qui indique que la requ\u00eate a \u00e9chou\u00e9 car la <strong>session a expir\u00e9<\/strong>. Cela peut se produire si l&#8217;utilisateur est rest\u00e9 inactif trop longtemps ou si sa session a \u00e9t\u00e9 interrompue c\u00f4t\u00e9 serveur. Le code d&#8217;\u00e9tat 419 peut \u00e9galement \u00eatre caus\u00e9 par une erreur de publication li\u00e9e au fichier api.php et \u00e0 l&#8217;autorisation du jeton.<\/p>\n<p>Le code d&#8217;\u00e9tat HTTP 419 n&#8217;est pas officiellement d\u00e9fini dans les normes HTTP par l&#8217;<a href=\"https:\/\/www.ietf.org\/\" target=\"_blank\" rel=\"nofollow noopener noreferrer\">Internet Engineering Task Force (IETF)<\/a>. Les codes de la plage <a href=\"https:\/\/sitechecker.pro\/what-are-4xx-status-codes\/\" target=\"_blank\" rel=\"noopener noreferrer\">4xx<\/a> repr\u00e9sentent g\u00e9n\u00e9ralement des erreurs client lorsque la demande ne peut pas \u00eatre satisfaite en raison d&#8217;un probl\u00e8me avec la demande du client.<\/p>\n<p>Cependant, certaines applications Web, notamment le framework Web Laravel, utilisent le code d&#8217;\u00e9tat HTTP 419 pour indiquer \u00ab\u00a0Page expir\u00e9e\u00a0\u00bb ou \u00ab\u00a0Incompatibilit\u00e9 de jeton CSRF\u00a0\u00bb. Dans ce contexte, il est g\u00e9n\u00e9ralement utilis\u00e9 pour signifier que le jeton CSRF (<a href=\"https:\/\/owasp.org\/www-community\/attacks\/csrf\" target=\"_blank\" rel=\"nofollow noopener noreferrer\">Cross-Site Request Forgery<\/a>) associ\u00e9 \u00e0 une soumission de donn\u00e9es POST a expir\u00e9 ou n&#8217;est pas valide. Cela peut \u00eatre d\u00fb au fait que l&#8217;utilisateur a mis trop de temps \u00e0 remplir un formulaire, \u00e0 une page en cours d&#8217;actualisation avant la soumission ou \u00e0 un probl\u00e8me avec la session du serveur.<\/p>\n<p>Veuillez noter que l&#8217;utilisation du code d&#8217;\u00e9tat HTTP 419 peut varier en fonction du serveur ou de l&#8217;application Web, car il ne s&#8217;agit pas d&#8217;un code d&#8217;\u00e9tat HTTP officiellement reconnu. Reportez-vous toujours \u00e0 la documentation sp\u00e9cifique de votre serveur ou de votre application pour obtenir des d\u00e9finitions exactes. Regardez notre guide vid\u00e9o concis pour une compr\u00e9hension claire.<\/p>\n<p><iframe width=\"700\" height=\"350\" src=\"https:\/\/www.youtube.com\/embed\/umLTP8d8HaI?si=H4TfpxUu7Kvw0HMW\" title=\"Lecteur vid\u00e9o YouTube\" frameborder=\"0\" allow=\"accelerometer; autoplay; clipboard-write; encrypted-media; gyroscope; picture-in-picture; web-share\" allowfullscreen><\/iframe><\/p>\n<h2 id=\"par2\">Impact du code d&#8217;\u00e9tat 419 sur le r\u00e9f\u00e9rencement<\/h2>\n<p>En ce qui concerne le code d&#8217;\u00e9tat HTTP 419 et son impact sur le r\u00e9f\u00e9rencement, il est important de se rappeler qu&#8217;il s&#8217;agit d&#8217;un code d&#8217;\u00e9tat non officiel et qu&#8217;il concerne souvent des probl\u00e8mes li\u00e9s \u00e0 la session ou au jeton.<\/p>\n<p>Ainsi, son impact sur le r\u00e9f\u00e9rencement n&#8217;est peut-\u00eatre pas aussi simple qu&#8217;avec d&#8217;autres codes d&#8217;\u00e9tat officiellement reconnus. Cependant, nous pouvons faire quelques hypoth\u00e8ses \u00e9clair\u00e9es bas\u00e9es sur son utilisation.<\/p>\n<table class=\"table-classic\">\n<tbody>\n<tr>\n<td><strong>Explorabilit\u00e9 et indexabilit\u00e9<\/strong><\/td>\n<td style=\"text-align: left;\">Les moteurs de recherche comme Google utilisent des robots d&#8217;exploration, \u00e9galement appel\u00e9s robots ou spiders, pour d\u00e9couvrir et indexer les pages Web. Si un robot rencontre un code d&#8217;\u00e9tat 419, il peut l&#8217;interpr\u00e9ter comme un probl\u00e8me d&#8217;accessibilit\u00e9 de la page.<br \/>\nSi cela se produit fr\u00e9quemment, la page peut potentiellement \u00eatre d\u00e9sindex\u00e9e, ce qui signifie qu&#8217;elle n&#8217;appara\u00eetra pas dans les r\u00e9sultats de recherche. <\/td>\n<\/tr>\n<tr>\n<td><strong>Exp\u00e9rience utilisateur<\/strong><\/td>\n<td style=\"text-align: left;\">Le r\u00e9f\u00e9rencement ne concerne pas uniquement les robots, il concerne \u00e9galement les utilisateurs. Si les utilisateurs humains rencontrent fr\u00e9quemment des codes d&#8217;\u00e9tat 419 (\u00ab\u00a0Page expir\u00e9e\u00a0\u00bb), cela peut entra\u00eener une mauvaise exp\u00e9rience utilisateur. Les utilisateurs peuvent quitter votre site par frustration, ce qui entra\u00eene une augmentation des taux de rebond.<br \/>\nLes moteurs de recherche prennent en compte les signaux de comportement des utilisateurs, donc une mauvaise exp\u00e9rience utilisateur peut affecter indirectement le r\u00e9f\u00e9rencement de votre site.<\/td>\n<\/tr>\n<tr>\n<td><strong>Qualit\u00e9 du site<\/strong><\/td>\n<td style=\"text-align: left;\">Des erreurs 419 fr\u00e9quentes peuvent \u00eatre consid\u00e9r\u00e9es comme un signe de mauvaise qualit\u00e9 ou de maintenance du site.<br \/>\nSi votre site Web comporte de nombreuses pages avec des erreurs 419, cela pourrait potentiellement nuire \u00e0 la r\u00e9putation globale de votre site aux yeux des moteurs de recherche, affectant n\u00e9gativement votre r\u00e9f\u00e9rencement.<\/td>\n<\/tr>\n<tr>\n<td><strong><a href=\"https:\/\/sitechecker.pro\/what-is-link-equity\/\" target=\"_blank\" rel=\"noopener noreferrer\">Link Equity<\/a><\/strong><\/td>\n<td style=\"text-align: left;\">Le r\u00e9f\u00e9rencement d\u00e9pend \u00e9galement fortement du concept d&#8217;\u00e9quit\u00e9 des liens (la valeur transmise d&#8217;<a href=\"https:\/\/sitechecker.pro\/link-juice\/\" target=\"_blank\" rel=\"noopener noreferrer\">une page \u00e0 une autre via des liens<\/a>).<br \/>\nSi les liens sur votre site m\u00e8nent \u00e0 des pages qui renvoient un statut 419, cela peut interrompre le flux d&#8217;\u00e9quit\u00e9 des liens, diminuant potentiellement la valeur de la page li\u00e9e aux yeux des moteurs de recherche.<\/td>\n<\/tr>\n<tr>\n<td><strong>Contenu bas\u00e9 sur la session<\/strong><\/td>\n<td style=\"text-align: left;\">\u00c9tant donn\u00e9 que le code de statut 419 est souvent li\u00e9 \u00e0 des expirations de session ou \u00e0 des <a href=\"https:\/\/www.synopsys.com\/glossary\/what-is-csrf.html\" target=\"_blank\" rel=\"nofollow noopener noreferrer\">probl\u00e8mes CSRF<\/a>, il se peut que le contenu qui repose fortement sur les sessions ne soit pas facilement accessible ou indexable par les robots des moteurs de recherche.<br \/>\nCela est d\u00fb au fait que les robots des moteurs de recherche ne conservent pas les sessions comme un utilisateur typique naviguant avec un navigateur Web.<\/td>\n<\/tr>\n<\/tbody>\n<\/table>\n<p>N&#8217;oubliez pas que l&#8217;impact r\u00e9el peut varier consid\u00e9rablement en fonction de la mani\u00e8re dont les moteurs de recherche traitent ce code d&#8217;\u00e9tat non standard, ainsi que de la configuration de votre site Web sp\u00e9cifique. Il est toujours recommand\u00e9 de minimiser les erreurs potentielles, y compris 419, pour garantir que votre site reste facilement explorable et offre une bonne exp\u00e9rience utilisateur.<\/p>\n<h2 id=\"par3\">D\u00e9tection des probl\u00e8mes de code d&#8217;\u00e9tat 419<\/h2>\n<p>La d\u00e9tection des probl\u00e8mes de code d&#8217;\u00e9tat HTTP 419 est un processus qui implique plusieurs strat\u00e9gies, notamment l&#8217;analyse des journaux du serveur, l&#8217;utilisation d&#8217;outils de r\u00e9f\u00e9rencement et, dans certains cas, des tests manuels.<\/p>\n<p>Commencez par examiner les journaux de votre serveur. Ces journaux sont g\u00e9n\u00e9ralement une mine d&#8217;or d&#8217;informations, notamment les codes d&#8217;\u00e9tat HTTP que votre serveur envoie en r\u00e9ponse aux requ\u00eates. L&#8217;acc\u00e8s \u00e0 ces journaux peut n\u00e9cessiter de contacter votre h\u00e9bergeur Web ou l&#8217;administrateur du serveur si vous n&#8217;avez pas d&#8217;acc\u00e8s direct.<\/p>\n<p>Une autre approche utile est l&#8217;exploration du site Web. Plusieurs outils, tels que <a href=\"https:\/\/sitechecker.pro\/http-status-codes\/\" target=\"_blank\" rel=\"noopener noreferrer\">HTTP Status Code Checker<\/a>, permettent d&#8217;explorer votre site Web de mani\u00e8re similaire aux robots des moteurs de recherche. Ces outils peuvent \u00eatre configur\u00e9s pour ex\u00e9cuter une analyse de votre site et signaler toutes les pages qui ont renvoy\u00e9 des codes d&#8217;\u00e9tat 4xx.<\/p>\n<p>Google Search Console est un autre outil pr\u00e9cieux dans votre arsenal. Il s&#8217;agit d&#8217;un service gratuit fourni par Google qui peut vous montrer comment le moteur de recherche interagit avec votre site Web. Son rapport de couverture comprend des informations sur les pages de votre site auxquelles Google a eu du mal \u00e0 acc\u00e9der, notamment celles qui renvoient des codes d&#8217;\u00e9tat 4xx.<\/p>\n<p>Pour les sites Web qui utilisent beaucoup les sessions ou les jetons CSRF, des tests manuels peuvent \u00eatre n\u00e9cessaires. Par exemple, laisser une page de formulaire ouverte pendant une p\u00e9riode prolong\u00e9e avant de la soumettre pour voir si vous pouvez reproduire un probl\u00e8me 419.<\/p>\n<p>Selon l&#8217;architecture de votre site Web, des scanners de s\u00e9curit\u00e9 d&#8217;applications Web tels que <a href=\"https:\/\/owasp.org\/www-project-zap\/\" target=\"_blank\" rel=\"nofollow noopener noreferrer\">OWASP ZAP<\/a> ou <a href=\"https:\/\/www.acunetix.com\/\" target=\"_blank\" rel=\"nofollow noopener noreferrer\">Acunetix<\/a> peuvent \u00e9galement \u00eatre utiles. De plus, les outils de d\u00e9veloppement de navigateur fournis avec les navigateurs Web modernes peuvent \u00eatre utilis\u00e9s pour inspecter l&#8217;activit\u00e9 du r\u00e9seau, ce qui vous permet de voir les codes d&#8217;\u00e9tat renvoy\u00e9s par le serveur en r\u00e9ponse aux requ\u00eates.<\/p>\n<p>Il est essentiel de surveiller r\u00e9guli\u00e8rement votre site Web pour d\u00e9tecter les erreurs, y compris les codes d&#8217;\u00e9tat 419. Ils peuvent avoir un impact n\u00e9gatif sur l&#8217;exp\u00e9rience utilisateur et le r\u00e9f\u00e9rencement. R\u00e9soudre rapidement ces probl\u00e8mes au fur et \u00e0 mesure qu&#8217;ils surviennent permet de maintenir la sant\u00e9 globale de votre site Web et ses performances dans les r\u00e9sultats des moteurs de recherche.<\/p>\n<h2 id=\"par4\">Probl\u00e8mes courants du code d&#8217;\u00e9tat 419 et comment les r\u00e9soudre<\/h2>\n<p>Le code d&#8217;\u00e9tat HTTP 419, bien qu&#8217;il ne soit pas officiellement reconnu, est couramment utilis\u00e9 pour indiquer des probl\u00e8mes li\u00e9s aux d\u00e9lais d&#8217;expiration de session ou aux incompatibilit\u00e9s de jetons CSRF (Cross-Site Request Forgery). Ce code d&#8217;\u00e9tat peut avoir un impact n\u00e9gatif sur l&#8217;exp\u00e9rience utilisateur et les performances SEO d&#8217;un site Web.<\/p>\n<p>Il est donc essentiel de comprendre les raisons courantes derri\u00e8re une erreur 419 et comment les r\u00e9soudre pour maintenir une pr\u00e9sence Web efficace. Examinons certains des probl\u00e8mes les plus courants qui conduisent \u00e0 cette erreur et comment vous pouvez les r\u00e9soudre.<\/p>\n<h3>D\u00e9lai d&#8217;expiration de session<\/h3>\n<p>L&#8217;une des raisons courantes derri\u00e8re un code d&#8217;erreur 419 est un d\u00e9lai d&#8217;expiration de session, qui peut se produire lorsqu&#8217;un utilisateur est inactif pendant une p\u00e9riode prolong\u00e9e ou lorsqu&#8217;un jeton de session expire.<\/p>\n<div class=\"highlight-block\">Assurez-vous que les param\u00e8tres de dur\u00e9e de vie de la session sur votre serveur sont configur\u00e9s pour correspondre au comportement attendu de l'utilisateur sur votre site Web. Par exemple, si votre site Web contient de longs formulaires, vous souhaiterez peut-\u00eatre prolonger la dur\u00e9e d'expiration de la session. De plus, envisagez de mettre en \u0153uvre des m\u00e9canismes pour renouveler automatiquement la session ou avertir l'utilisateur avant l'expiration de la session.<\/div>\n<h3>Incompatibilit\u00e9 de jeton CSRF<\/h3>\n<p>Dans des applications comme Laravel, un code d&#8217;\u00e9tat 419 signifie souvent une incompatibilit\u00e9 de jeton CSRF (Cross-Site Request Forgery). Cela peut se produire en raison d&#8217;un d\u00e9lai d&#8217;expiration de session ou si le jeton n&#8217;est pas correctement inclus dans la soumission du formulaire.<\/p>\n<div class=\"highlight-block\">Tout d'abord, v\u00e9rifiez que votre application g\u00e9n\u00e8re et inclut correctement les jetons CSRF \u00e0 chaque soumission de formulaire. Si le probl\u00e8me est li\u00e9 \u00e0 des d\u00e9lais d'expiration de session provoquant l'expiration du jeton CSRF, envisagez d'\u00e9tendre la dur\u00e9e du d\u00e9lai d'expiration de session ou d'impl\u00e9menter un m\u00e9canisme permettant d'actualiser le jeton sans n\u00e9cessiter un rechargement complet de la page.<\/div>\n<h3>Erreurs de configuration de l&#8217;\u00e9quilibrage de charge<\/h3>\n<p>Si votre application est d\u00e9ploy\u00e9e sur plusieurs serveurs \u00e0 l&#8217;aide d&#8217;un \u00e9quilibreur de charge, il est possible que la session de l&#8217;utilisateur devienne invalide si les demandes ult\u00e9rieures sont achemin\u00e9es vers des serveurs diff\u00e9rents.<\/p>\n<div class=\"highlight-block\">Impl\u00e9mentez des sessions persistantes sur votre \u00e9quilibreur de charge, en vous assurant qu'une fois qu'un utilisateur est affect\u00e9 \u00e0 un serveur, toutes les demandes ult\u00e9rieures de cet utilisateur sont envoy\u00e9es au m\u00eame serveur. Vous pouvez \u00e9galement envisager une solution de stockage de session partag\u00e9e o\u00f9 les donn\u00e9es de session sont accessibles \u00e0 tous les serveurs.<\/div>\n<h3>Code inefficace<\/h3>\n<p>Parfois, un code mal optimis\u00e9 peut entra\u00eener des erreurs 419 inattendues. Si votre application traite les requ\u00eates plus lentement que la limite de d\u00e9lai d&#8217;expiration de la session, cela peut entra\u00eener des erreurs sur le site Web.<\/p>\n<div class=\"highlight-block\">V\u00e9rifiez le code de votre application pour d\u00e9tecter d'\u00e9ventuels goulots d'\u00e9tranglement ou inefficacit\u00e9s et optimisez-le si n\u00e9cessaire. Vous pouvez \u00e9galement envisager d'augmenter la dur\u00e9e d'expiration de la session, bien que cela ne devrait pas \u00eatre une solution \u00e0 long terme pour un code inefficace.<\/div>\n<p style=\"margin-top: 3%;\">Pour \u00e9viter les erreurs 419, il est essentiel de surveiller r\u00e9guli\u00e8rement les journaux de votre serveur et l&#8217;\u00e9tat de votre site Web, en gardant un \u0153il attentif sur la <a href=\"https:\/\/sitechecker.pro\/pages-per-session-metric\/\" target=\"_blank\" rel=\"noopener noreferrer\">gestion des sessions<\/a> et en vous assurant que les param\u00e8tres de votre serveur correspondent aux besoins de votre site Web et au comportement des utilisateurs.<\/p>\n<h2 id=\"par5\">D\u00e9tectez les probl\u00e8mes de code d&#8217;\u00e9tat HTTP 419 avec le v\u00e9rificateur de code d&#8217;\u00e9tat HTTP<\/h2>\n<div class=\"content__img-wrap\"><img src=\"https:\/\/sitechecker.pro\/wp-content\/uploads\/2023\/06\/http-status-code-checker.png\" alt=\"V\u00e9rificateur de code d'\u00e9tat HTTP\" class=\"description-img description-img-zoom\" loading=\"lazy\" ><\/div>\n<p><a href=\"https:\/\/sitechecker.pro\/http-status-codes\/\" target=\"_blank\" rel=\"noopener noreferrer\">HTTP Status Codes Checker<\/a> est un service de r\u00e9f\u00e9rencement qui fournit divers outils pour surveiller et am\u00e9liorer les performances de votre site Web. L&#8217;une de ses fonctionnalit\u00e9s comprend un v\u00e9rificateur de codes d&#8217;\u00e9tat HTTP qui peut aider \u00e0 d\u00e9tecter des probl\u00e8mes tels que les erreurs 419 sur votre site Web.<\/p>\n<p>Lorsque vous ex\u00e9cutez une analyse de site Web \u00e0 l&#8217;aide de Sitechecker.pro, il explore votre site Web comme le ferait un robot de moteur de recherche. Il envoie des requ\u00eates \u00e0 chaque URL et enregistre les codes d&#8217;\u00e9tat HTTP renvoy\u00e9s par votre serveur. Si des codes d&#8217;\u00e9tat 419 sont renvoy\u00e9s, vous pouvez les rep\u00e9rer \u00e0 l&#8217;aide de cet outil.<\/p>\n<p>L&#8217;utilisation r\u00e9guli\u00e8re de Sitechecker.pro pour les audits de votre site Web peut aider \u00e0 d\u00e9tecter les erreurs 419 et \u00e0 surveiller \u00e9galement leur r\u00e9solution. En identifiant ces erreurs t\u00f4t et en les traitant rapidement, vous pouvez am\u00e9liorer \u00e0 la fois l&#8217;exp\u00e9rience utilisateur sur votre site Web et ses performances dans les classements des moteurs de recherche.<\/p>\n<h2 id=\"par6\">Conclusion<\/h2>\n<p>Le code d&#8217;\u00e9tat HTTP 419, bien que non officiel, est couramment utilis\u00e9 dans les cas d&#8217;expiration de session ou d&#8217;incompatibilit\u00e9 de jeton CSRF. Son apparition peut avoir un impact significatif sur les performances SEO d&#8217;un site Web, affectant la capacit\u00e9 d&#8217;exploration, l&#8217;exp\u00e9rience utilisateur, la qualit\u00e9 du site et l&#8217;\u00e9quit\u00e9 des liens. Des outils comme Sitechecker.pro sont utiles pour d\u00e9tecter et r\u00e9soudre ces erreurs, am\u00e9liorant l&#8217;exp\u00e9rience utilisateur et les performances du moteur de recherche du site Web.<\/p>\n<p>Les causes courantes des erreurs 419, comme les expirations de session, les incompatibilit\u00e9s de jeton CSRF, les erreurs de configuration d&#8217;\u00e9quilibrage de charge et le code inefficace, peuvent \u00eatre trait\u00e9es en adoptant des mesures appropri\u00e9es. Une surveillance r\u00e9guli\u00e8re, l&#8217;utilisation d&#8217;outils SEO fiables et l&#8217;assurance d&#8217;une optimisation appropri\u00e9e du code peuvent am\u00e9liorer consid\u00e9rablement les performances de votre site Web et maintenir une pr\u00e9sence en ligne efficace.<\/p>\n<div id=\"par7\"><\/div>\n<p><div class=\"front__faq-block\"><div class=\"faq__block-title\">FAQ<\/div><div class=\"panel-group\" id=\"faq-accordion\" itemscope itemtype=\"https:\/\/schema.org\/FAQPage\" role=\"tablist\" aria-multiselectable=\"true\"><div class=\"panel\" itemscope itemtype=\"https:\/\/schema.org\/Question\" itemprop=\"mainEntity\">\n                            <div class=\"panel-heading\" id=\"headingFaq-1\">\n                                <div class=\"panel-title\" data-toggle=\"collapse\" aria-expanded=\"false\" href=\"#collapseFaq-1\">\n                                    <h3 itemprop=\"name\">Comment corriger l'erreur 419 ?<\/h3>\n                                <\/div>\n                            <\/div>\n                            <div id=\"collapseFaq-1\" class=\"panel-collapse collapse\" itemprop=\"acceptedAnswer\" itemscope itemtype=\"http:\/\/schema.org\/Answer\">\n                                <div class=\"panel-body\" itemprop=\"text\">Pour corriger une erreur 419, v\u00e9rifiez les d\u00e9lais d'expiration de session et ajustez les param\u00e8tres de dur\u00e9e de vie de la session si n\u00e9cessaire. Assurez-vous que les jetons CSRF sont correctement g\u00e9n\u00e9r\u00e9s et inclus dans les soumissions de formulaire. Si votre site Web utilise un \u00e9quilibreur de charge, configurez-le pour utiliser des sessions persistantes ou impl\u00e9mentez un stockage de session partag\u00e9. Optimisez \u00e9galement votre code pour \u00e9viter les r\u00e9ponses lentes du serveur.<\/div>\n                            <\/div>\n                        <\/div><div class=\"panel\" itemscope itemtype=\"https:\/\/schema.org\/Question\" itemprop=\"mainEntity\">\n                            <div class=\"panel-heading\" id=\"headingFaq-2\">\n                                <div class=\"panel-title\" data-toggle=\"collapse\" aria-expanded=\"false\" href=\"#collapseFaq-2\">\n                                    <h3 itemprop=\"name\">Qu'est-ce que l'erreur 419 dans un jeton CSRF ?<\/h3>\n                                <\/div>\n                            <\/div>\n                            <div id=\"collapseFaq-2\" class=\"panel-collapse collapse\" itemprop=\"acceptedAnswer\" itemscope itemtype=\"http:\/\/schema.org\/Answer\">\n                                <div class=\"panel-body\" itemprop=\"text\">L'erreur 419 dans un jeton CSRF signifie g\u00e9n\u00e9ralement qu'il y a une incompatibilit\u00e9 entre le jeton que votre application Web attend et le jeton qu'elle a re\u00e7u. Cela peut se produire si le jeton a expir\u00e9 (souvent en raison d'un d\u00e9lai d'expiration de session) ou si le jeton n'a pas \u00e9t\u00e9 correctement inclus dans la soumission du formulaire.<\/div>\n                            <\/div>\n                        <\/div><div class=\"panel\" itemscope itemtype=\"https:\/\/schema.org\/Question\" itemprop=\"mainEntity\">\n                            <div class=\"panel-heading\" id=\"headingFaq-3\">\n                                <div class=\"panel-title\" data-toggle=\"collapse\" aria-expanded=\"false\" href=\"#collapseFaq-3\">\n                                    <h3 itemprop=\"name\">Comment \u00e9viter l'erreur 419 dans Laravel ?<\/h3>\n                                <\/div>\n                            <\/div>\n                            <div id=\"collapseFaq-3\" class=\"panel-collapse collapse\" itemprop=\"acceptedAnswer\" itemscope itemtype=\"http:\/\/schema.org\/Answer\">\n                                <div class=\"panel-body\" itemprop=\"text\">Pour \u00e9viter une erreur 419 dans Laravel, il faut s'assurer que les jetons CSRF sont correctement g\u00e9n\u00e9r\u00e9s et inclus dans chaque formulaire. Assurez-vous que la dur\u00e9e de vie de votre session dans le fichier de configuration de session de Laravel est d\u00e9finie de mani\u00e8re appropri\u00e9e. Si votre application utilise un \u00e9quilibreur de charge, impl\u00e9mentez des sessions persistantes ou une solution de stockage de session partag\u00e9e. Optimisez \u00e9galement r\u00e9guli\u00e8rement le code de votre application pour am\u00e9liorer les performances.<\/div>\n                            <\/div>\n                        <\/div><\/div><\/div><\/p>","protected":false},"excerpt":{"rendered":"Qu&#8217;est-ce que le code d&#8217;\u00e9tat HTTP 419\u00a0? Le code d&#8217;\u00e9tat 419 est un code d&#8217;erreur client qui indique que la requ\u00eate a \u00e9chou\u00e9 car la session a expir\u00e9. Cela peut se produire si l&#8217;utilisateur est rest\u00e9 inactif trop longtemps ou si sa session a \u00e9t\u00e9 interrompue c\u00f4t\u00e9 serveur. Le code d&#8217;\u00e9tat 419 peut \u00e9galement \u00eatre&#8230;","protected":false},"author":10409641,"featured_media":24926,"parent":0,"menu_order":0,"comment_status":"closed","ping_status":"closed","template":"pages-templates\/pages-v2.php","meta":[],"categories":[27],"tags":[],"_links":{"self":[{"href":"https:\/\/sitechecker.pro\/fr\/wp-json\/wp\/v2\/pages\/24925"}],"collection":[{"href":"https:\/\/sitechecker.pro\/fr\/wp-json\/wp\/v2\/pages"}],"about":[{"href":"https:\/\/sitechecker.pro\/fr\/wp-json\/wp\/v2\/types\/page"}],"author":[{"embeddable":true,"href":"https:\/\/sitechecker.pro\/fr\/wp-json\/wp\/v2\/users\/10409641"}],"replies":[{"embeddable":true,"href":"https:\/\/sitechecker.pro\/fr\/wp-json\/wp\/v2\/comments?post=24925"}],"version-history":[{"count":9,"href":"https:\/\/sitechecker.pro\/fr\/wp-json\/wp\/v2\/pages\/24925\/revisions"}],"predecessor-version":[{"id":39357,"href":"https:\/\/sitechecker.pro\/fr\/wp-json\/wp\/v2\/pages\/24925\/revisions\/39357"}],"wp:featuredmedia":[{"embeddable":true,"href":"https:\/\/sitechecker.pro\/fr\/wp-json\/wp\/v2\/media\/24926"}],"wp:attachment":[{"href":"https:\/\/sitechecker.pro\/fr\/wp-json\/wp\/v2\/media?parent=24925"}],"wp:term":[{"taxonomy":"category","embeddable":true,"href":"https:\/\/sitechecker.pro\/fr\/wp-json\/wp\/v2\/categories?post=24925"},{"taxonomy":"post_tag","embeddable":true,"href":"https:\/\/sitechecker.pro\/fr\/wp-json\/wp\/v2\/tags?post=24925"}],"curies":[{"name":"wp","href":"https:\/\/api.w.org\/{rel}","templated":true}]}}