{"id":24853,"date":"2023-07-05T15:14:11","date_gmt":"2023-07-05T15:14:11","guid":{"rendered":"https:\/\/sitechecker.pro\/?page_id=24853"},"modified":"2025-04-07T12:46:39","modified_gmt":"2025-04-07T12:46:39","slug":"415-status-code-unsupported-media-type-%f0%9f%93%96-fix","status":"publish","type":"page","link":"https:\/\/sitechecker.pro\/fr\/what-is-415-status-code\/","title":{"rendered":"Qu&#8217;est-ce que le code d&#8217;\u00e9tat 415 &#8220;Unsupported Media Type&#8221; \ud83d\udcd6 Comment le r\u00e9parer"},"content":{"rendered":"<p><\/p>\n<div id=\"par1\"><\/div>\n<p>Le code d&#8217;\u00e9tat HTTP 415, \u00e9galement appel\u00e9 \u00ab\u00a0Type de m\u00e9dia non pris en charge\u00a0\u00bb, est un code de r\u00e9ponse d&#8217;erreur client indiquant que le serveur refuse de traiter la requ\u00eate, car la charge utile (les donn\u00e9es envoy\u00e9es dans le corps de la requ\u00eate) est dans un format non pris en charge.<\/p>\n<p>Cela peut se produire lorsque le client envoie une requ\u00eate au serveur avec un en-t\u00eate \u00ab\u00a0Content-Type\u00a0\u00bb non pris en charge par le serveur, ou lorsque les donn\u00e9es de la charge utile ne sont pas au format d\u00e9clar\u00e9 par cet en-t\u00eate. L&#8217;en-t\u00eate \u00ab\u00a0Content-Type\u00a0\u00bb permet de sp\u00e9cifier le type de m\u00e9dia de la ressource ou des donn\u00e9es envoy\u00e9es.<\/p>\n<p>Par exemple, imaginons qu&#8217;un client tente d&#8217;envoyer des donn\u00e9es POST \u00e0 \u200b\u200bun serveur au format JSON, mais que le serveur est configur\u00e9 pour accepter uniquement le format XML. Dans ce cas, le serveur renvoie un code d&#8217;\u00e9tat 415, car le type de m\u00e9dia de la charge utile (JSON) n&#8217;est pas pris en charge par le serveur (qui attend du XML).<\/p>\n<p>Il est important de noter que le code d&#8217;\u00e9tat 415 est souvent sp\u00e9cifique \u00e0 la ressource consult\u00e9e. Il est donc possible qu&#8217;un serveur renvoie une erreur 415 en essayant d&#8217;envoyer un message POST \u00e0 \u200b\u200bune ressource, mais pas \u00e0 une autre, si cette derni\u00e8re prend en charge le type de m\u00e9dia envoy\u00e9 par le client.<\/p>\n<p>Le code d&#8217;\u00e9tat 415 fait partie de la <a href=\"https:\/\/www.rfc-editor.org\/rfc\/rfc7231\" target=\"_blank\" rel=\"nofollow noopener noreferrer\">norme HTTP\/1.1<\/a>. La r\u00e9action appropri\u00e9e \u00e0 la r\u00e9ception de ce code est g\u00e9n\u00e9ralement de corriger l&#8217;en-t\u00eate \u00ab\u00a0Content-Type\u00a0\u00bb ou de modifier la charge utile dans un format compr\u00e9hensible par le serveur.<\/p>\n<h2 id=\"par2\">Impact des codes d&#8217;\u00e9tat 415 (type de m\u00e9dia non pris en charge) sur le r\u00e9f\u00e9rencement<\/h2>\n<p>Bien que les codes d&#8217;\u00e9tat HTTP 415 (type de m\u00e9dia non pris en charge) n&#8217;aient pas d&#8217;impact direct sur le r\u00e9f\u00e9rencement, ils peuvent affecter indirectement les performances SEO de votre site via l&#8217;exp\u00e9rience utilisateur et les performances techniques.<\/p>\n<table class=\"table-classic\">\n<tbody>\n<tr>\n<td><strong>Exp\u00e9rience utilisateur (UX)<\/strong><\/td>\n<td style=\"text-align: left;\">L&#8217;un des facteurs cl\u00e9s du r\u00e9f\u00e9rencement est d&#8217;offrir une exp\u00e9rience utilisateur de qualit\u00e9. Lorsqu&#8217;un utilisateur rencontre une erreur 415 sur votre site web, cela cr\u00e9e une mauvaise exp\u00e9rience et engendre de l&#8217;insatisfaction.<br \/>\nUn utilisateur est susceptible de quitter votre site (rebond) s&#8217;il rencontre une telle erreur, ce qui augmente votre taux de rebond. Des taux de rebond \u00e9lev\u00e9s peuvent signaler aux moteurs de recherche que votre site web ne propose pas un contenu pertinent ou une exp\u00e9rience utilisateur satisfaisante, ce qui pourrait avoir un impact n\u00e9gatif sur votre classement dans les r\u00e9sultats de recherche.<\/td>\n<\/tr>\n<tr>\n<td><strong>Perte de valeur de lien<\/strong><\/td>\n<td style=\"text-align: left;\">Si d&#8217;autres sites web renvoient vers une page de votre site qui renvoie une erreur 415, cela peut entra\u00eener une perte de <a href=\"https:\/\/sitechecker.pro\/what-is-link-equity\/\" target=\"_blank\" rel=\"noopener noreferrer\">valeur de lien<\/a>. Les <a href=\"https:\/\/sitechecker.pro\/what-are-inbound-links\/\" target=\"_blank\" rel=\"noopener noreferrer\">liens entrants<\/a> (\u00e9galement appel\u00e9s backlinks) jouent un r\u00f4le important dans le classement de votre site par les moteurs de recherche.<br \/>\nLorsqu&#8217;une page contenant des liens entrants renvoie une erreur, l&#8217;\u00e9quit\u00e9 du lien (la valeur SEO d&#8217;un lien hypertexte) qui aurait pu \u00eatre transmise \u00e0 votre site est perdue, ce qui peut affecter l&#8217;autorit\u00e9 et le classement de votre site.<\/td>\n<\/tr>\n<tr>\n<td><strong>Erreurs d&#8217;exploration<\/strong><\/td>\n<td style=\"text-align: left;\">Les moteurs de recherche comme <a href=\"https:\/\/sitechecker.pro\/googlebot-simulator\/\" data-wpil-monitor-id=\"200\">Google utilisent des robots<\/a> (\u00e9galement appel\u00e9s robots d&#8217;indexation ou robots d&#8217;indexation) pour indexer le Web. Si ces robots rencontrent une erreur 415 en essayant d&#8217;explorer votre site, ils ne peuvent pas indexer le contenu de cette page.<br \/>\nLes pages non index\u00e9es n&#8217;appara\u00eetront pas dans les r\u00e9sultats de recherche, ce qui r\u00e9duira leur visibilit\u00e9.<\/td>\n<\/tr>\n<tr>\n<td><strong>Qualit\u00e9 du site<\/strong><\/td>\n<td style=\"text-align: left;\">Un nombre \u00e9lev\u00e9 d&#8217;erreurs HTTP, notamment les codes d&#8217;\u00e9tat 415, peut signaler aux moteurs de recherche un site de mauvaise qualit\u00e9.<br \/>\nCette perception peut nuire \u00e0 votre r\u00e9f\u00e9rencement global, car les moteurs de recherche peuvent consid\u00e9rer votre site comme moins fiable ou moins convivial, ce qui affecte son classement.<\/td>\n<\/tr>\n<\/tbody>\n<\/table>\n<p>Bien que ces facteurs ne soient pas directement li\u00e9s au code d&#8217;\u00e9tat 415 lui-m\u00eame, ils constituent des cons\u00e9quences potentielles de la pr\u00e9sence de pages affichant cette erreur sur votre site. Il est donc essentiel d&#8217;identifier et de corriger rapidement ces probl\u00e8mes afin d&#8217;\u00e9viter d&#8217;\u00e9ventuelles cons\u00e9quences sur le r\u00e9f\u00e9rencement.<\/p>\n<h2 id=\"par3\">Probl\u00e8mes courants pouvant entra\u00eener une erreur 415<\/h2>\n<p>La gestion des erreurs HTTP, comme l&#8217;erreur 415 \u00ab\u00a0Type de m\u00e9dia non pris en charge\u00a0\u00bb, fait partie int\u00e9grante de la gestion d&#8217;un site web et du r\u00e9f\u00e9rencement. Cette erreur indique une incompatibilit\u00e9 de format de donn\u00e9es lors de la communication client-serveur. Les erreurs de code et leurs solutions peuvent inclure\u00a0:<\/p>\n<h3>En-t\u00eates de type de contenu incorrects<\/h3>\n<p>Le serveur peut renvoyer un code d&#8217;\u00e9tat 415 si l&#8217;en-t\u00eate \u00ab\u00a0Type de contenu\u00a0\u00bb de la requ\u00eate ne correspond pas au contenu r\u00e9el envoy\u00e9 dans le corps de la requ\u00eate.<\/p>\n<div class=\"highlight-block\">Le client doit s'assurer que l'en-t\u00eate \u00ab Content-Type \u00bb identifie correctement le type de m\u00e9dia de la ressource envoy\u00e9e. Cela peut impliquer de modifier l'application ou le script et d'inclure le bon en-t\u00eate \u00ab Content-Type \u00bb dans la requ\u00eate. Par exemple, si vous envoyez des donn\u00e9es JSON, l'en-t\u00eate \u00ab Content-Type \u00bb doit \u00eatre \u00ab application\/json \u00bb.<\/div>\n<h3>Type de m\u00e9dia non pris en charge<\/h3>\n<p>Un serveur peut renvoyer un code d&#8217;\u00e9tat 415 s&#8217;il ne parvient pas \u00e0 traiter la charge utile envoy\u00e9e par le client en raison de son incapacit\u00e9 \u00e0 g\u00e9rer ce type de m\u00e9dia sp\u00e9cifique.<\/p>\n<div class=\"highlight-block\">Le client doit confirmer le type de m\u00e9dia que le serveur peut accepter et traiter. Une fois d\u00e9termin\u00e9, le client doit convertir la charge utile au format pris en charge avant d'envoyer la requ\u00eate. Il peut \u00e9galement \u00eatre n\u00e9cessaire de configurer le serveur pour prendre en charge davantage de types de m\u00e9dias.<\/div>\n<h3>Codage de charge utile inappropri\u00e9<\/h3>\n<p>Si le client envoie une charge utile dont le codage est inadapt\u00e9 au serveur, celui-ci peut renvoyer une erreur 415.<\/p>\n<div class=\"highlight-block\">Le client doit s'assurer que le serveur prend en charge le codage de charge utile utilis\u00e9. Si ce n'est pas le cas, il doit modifier le codage de la charge utile pour qu'il soit pris en charge par le serveur.<\/div>\n<p style=\"margin-top: 3%;\">Une fois ces erreurs identifi\u00e9es, les solutions ci-dessus permettent de r\u00e9soudre le probl\u00e8me et d&#8217;emp\u00eacher l&#8217;apparition du code d&#8217;\u00e9tat 415.<\/p>\n<h2 id=\"par4\">Trouver une solution au code d&#8217;erreur HTTP 415<\/h2>\n<p>La correction de l&#8217;erreur HTTP 415 \u00ab\u00a0Type de m\u00e9dia non pris en charge\u00a0\u00bb implique d&#8217;identifier la source du probl\u00e8me et d&#8217;apporter les corrections appropri\u00e9es. Voici une proc\u00e9dure g\u00e9n\u00e9rale \u00e0 suivre\u00a0:<\/p>\n<h3>\u00c9tape 1\u00a0: Confirmer l\u2019erreur<\/h3>\n<p>La premi\u00e8re \u00e9tape consiste \u00e0 confirmer que l\u2019erreur 415 est bien le probl\u00e8me. Utilisez un <a href=\"https:\/\/sitechecker.pro\/http-status-codes\/\" target=\"_blank\" rel=\"noopener noreferrer\">v\u00e9rificateur de code d\u2019\u00e9tat HTTP<\/a> pour v\u00e9rifier le code d\u2019\u00e9tat.<\/p>\n<div class=\"content__img-wrap\"><img src=\"https:\/\/sitechecker.pro\/wp-content\/uploads\/2023\/06\/http-status-code-checker.png\" alt=\"V\u00e9rificateur de code d\u2019\u00e9tat HTTP\" class=\"description-img description-img-zoom\" loading=\"lazy\" ><\/div>\n<p>Sitechecker.pro est un outil efficace pour d\u00e9tecter les erreurs HTTP 415 \u00ab\u00a0Type de m\u00e9dia non pris en charge\u00a0\u00bb. Son robot analyse l\u2019ensemble de votre site web et identifie les URL qui renvoient ce code d\u2019\u00e9tat. Apr\u00e8s l\u2019analyse, il fournit un rapport d\u00e9taill\u00e9 identifiant les probl\u00e8mes, facilitant ainsi leur r\u00e9solution.<\/p>\n<p>\u00c9tape 2\u00a0: Identifier la source de l\u2019erreur<\/p>\n<p>Analysez les d\u00e9tails de la requ\u00eate \u00e0 l\u2019origine de l\u2019erreur. Si possible, consultez les journaux du serveur ou utilisez les outils de d\u00e9veloppement de votre navigateur pour examiner l\u2019en-t\u00eate \u00ab\u00a0Content-Type\u00a0\u00bb et la charge utile de la requ\u00eate ayant \u00e9chou\u00e9.<\/p>\n<p>\u00c9tape 3\u00a0: Ajuster l\u2019en-t\u00eate ou la charge utile \u00ab\u00a0Content-Type\u00a0\u00bb<\/p>\n<p>Si l\u2019en-t\u00eate \u00ab\u00a0Content-Type\u00a0\u00bb ne correspond pas \u00e0 la charge utile envoy\u00e9e, vous devez modifier l\u2019un ou l\u2019autre afin d\u2019assurer la coh\u00e9rence. Par exemple, si vous envoyez des donn\u00e9es JSON, assurez-vous que votre en-t\u00eate \u00ab\u00a0Content-Type\u00a0\u00bb est \u00ab\u00a0application\/json\u00a0\u00bb.<\/p>\n<p>\u00c9tape 4\u00a0: Rechercher d\u2019\u00e9ventuels probl\u00e8mes d\u2019encodage<\/p>\n<p>Si le serveur ne peut pas traiter l\u2019encodage de la charge utile, vous devez ajuster l\u2019encodage \u00e0 un type pris en charge par le serveur. Examinez l\u2019en-t\u00eate \u00ab\u00a0Content-Encoding\u00a0\u00bb et l\u2019encodage r\u00e9el des donn\u00e9es envoy\u00e9es dans la requ\u00eate.<\/p>\n<h3>\u00c9tape 5\u00a0: Tester vos modifications<\/h3>\n<p>Apr\u00e8s avoir effectu\u00e9 les modifications, vous devez tester \u00e0 nouveau la requ\u00eate. Si les modifications ont \u00e9t\u00e9 effectu\u00e9es correctement, vous ne devriez plus recevoir d&#8217;erreur 415. Si l&#8217;erreur persiste, contactez votre h\u00e9bergeur ou faites appel \u00e0 un d\u00e9veloppeur web.<\/p>\n<p>Pour corriger une erreur 415, assurez-vous que le serveur prend en charge le type de m\u00e9dia et l&#8217;encodage des donn\u00e9es envoy\u00e9es dans la requ\u00eate. Le client doit uniquement envoyer des donn\u00e9es dans un format et un encodage que le serveur peut traiter.<\/p>\n<h2 id=\"par5\">Conclusion<\/h2>\n<p>Le code d&#8217;\u00e9tat HTTP 415, ou \u00ab\u00a0Type de m\u00e9dia non pris en charge\u00a0\u00bb, se produit en raison d&#8217;en-t\u00eates \u00ab\u00a0Content-Type\u00a0\u00bb incompatibles ou d&#8217;un encodage de charge utile non pris en charge. Bien qu&#8217;il n&#8217;ait pas d&#8217;impact direct sur le r\u00e9f\u00e9rencement, son impact sur l&#8217;exp\u00e9rience utilisateur et les performances techniques peut affecter indirectement votre classement SEO. Des taux de rebond \u00e9lev\u00e9s, une perte d&#8217;\u00e9quit\u00e9 des liens, des erreurs d&#8217;exploration et la qualit\u00e9 globale du site peuvent en p\u00e2tir.<\/p>\n<p>Des outils comme <a href=\"https:\/\/sitechecker.pro\/http-status-codes\/\" target=\"_blank\" rel=\"noopener noreferrer\">HTTP Status Code Checker<\/a> peuvent vous aider \u00e0 identifier et \u00e0 r\u00e9soudre ces probl\u00e8mes. S&#8217;assurer que le serveur peut traiter le format et l&#8217;encodage des donn\u00e9es envoy\u00e9es dans la requ\u00eate est essentiel pour \u00e9viter les erreurs HTTP 415 et optimiser les performances de votre site web.<\/p>\n<div id=\"par6\"><\/div>\n<p><div class=\"front__faq-block\"><div class=\"faq__block-title\">FAQ<\/div><div class=\"panel-group\" id=\"faq-accordion\" itemscope itemtype=\"https:\/\/schema.org\/FAQPage\" role=\"tablist\" aria-multiselectable=\"true\"><div class=\"panel\" itemscope itemtype=\"https:\/\/schema.org\/Question\" itemprop=\"mainEntity\">\n                            <div class=\"panel-heading\" id=\"headingFaq-1\">\n                                <div class=\"panel-title\" data-toggle=\"collapse\" aria-expanded=\"false\" href=\"#collapseFaq-1\">\n                                    <h3 itemprop=\"name\">Qu&apos;est-ce que le code d&apos;erreur REST 415 ?<\/h3>\n                                <\/div>\n                            <\/div>\n                            <div id=\"collapseFaq-1\" class=\"panel-collapse collapse\" itemprop=\"acceptedAnswer\" itemscope itemtype=\"http:\/\/schema.org\/Answer\">\n                                <div class=\"panel-body\" itemprop=\"text\">Le code d&apos;erreur 415 dans REST indique un \u00abtype de m\u00e9dia non pris en charge\u00bb. Ce message est renvoy\u00e9 lorsque le serveur ne peut pas traiter le type de m\u00e9dia de la charge utile de la requ\u00eate.<\/div>\n                            <\/div>\n                        <\/div><div class=\"panel\" itemscope itemtype=\"https:\/\/schema.org\/Question\" itemprop=\"mainEntity\">\n                            <div class=\"panel-heading\" id=\"headingFaq-2\">\n                                <div class=\"panel-title\" data-toggle=\"collapse\" aria-expanded=\"false\" href=\"#collapseFaq-2\">\n                                    <h3 itemprop=\"name\">Qu&apos;est-ce que le code d&apos;\u00e9tat 415 dans Axios ?<\/h3>\n                                <\/div>\n                            <\/div>\n                            <div id=\"collapseFaq-2\" class=\"panel-collapse collapse\" itemprop=\"acceptedAnswer\" itemscope itemtype=\"http:\/\/schema.org\/Answer\">\n                                <div class=\"panel-body\" itemprop=\"text\">Un code d&apos;\u00e9tat 415 dans Axios, un client HTTP bas\u00e9 sur les promesses pour JavaScript, signifie que le serveur n&apos;a pas pu traiter la requ\u00eate, car le \u00ab type de contenu \u00bb des donn\u00e9es envoy\u00e9es n&apos;est pas pris en charge.<\/div>\n                            <\/div>\n                        <\/div><div class=\"panel\" itemscope itemtype=\"https:\/\/schema.org\/Question\" itemprop=\"mainEntity\">\n                            <div class=\"panel-heading\" id=\"headingFaq-3\">\n                                <div class=\"panel-title\" data-toggle=\"collapse\" aria-expanded=\"false\" href=\"#collapseFaq-3\">\n                                    <h3 itemprop=\"name\">Qu&apos;est-ce que l&apos;erreur 415 dans Rails ?<\/h3>\n                                <\/div>\n                            <\/div>\n                            <div id=\"collapseFaq-3\" class=\"panel-collapse collapse\" itemprop=\"acceptedAnswer\" itemscope itemtype=\"http:\/\/schema.org\/Answer\">\n                                <div class=\"panel-body\" itemprop=\"text\">L&apos;erreur 415 dans Rails, un framework d&apos;application web \u00e9crit en Ruby, indique qu&apos;une requ\u00eate adress\u00e9e au serveur contient une charge utile dans un format que le serveur ne peut ni traiter ni comprendre.<\/div>\n                            <\/div>\n                        <\/div><div class=\"panel\" itemscope itemtype=\"https:\/\/schema.org\/Question\" itemprop=\"mainEntity\">\n                            <div class=\"panel-heading\" id=\"headingFaq-4\">\n                                <div class=\"panel-title\" data-toggle=\"collapse\" aria-expanded=\"false\" href=\"#collapseFaq-4\">\n                                    <h3 itemprop=\"name\">Qu&apos;est-ce que l&apos;erreur 415 dans LoadRunner ?<\/h3>\n                                <\/div>\n                            <\/div>\n                            <div id=\"collapseFaq-4\" class=\"panel-collapse collapse\" itemprop=\"acceptedAnswer\" itemscope itemtype=\"http:\/\/schema.org\/Answer\">\n                                <div class=\"panel-body\" itemprop=\"text\">L&apos;erreur 415 dans LoadRunner, un outil de test de performances, indique une situation o\u00f9 le script de test envoie des donn\u00e9es au serveur dans un format non pris en charge.<\/div>\n                            <\/div>\n                        <\/div><div class=\"panel\" itemscope itemtype=\"https:\/\/schema.org\/Question\" itemprop=\"mainEntity\">\n                            <div class=\"panel-heading\" id=\"headingFaq-5\">\n                                <div class=\"panel-title\" data-toggle=\"collapse\" aria-expanded=\"false\" href=\"#collapseFaq-5\">\n                                    <h3 itemprop=\"name\">Comment corriger l&apos;erreur 415 ?<\/h3>\n                                <\/div>\n                            <\/div>\n                            <div id=\"collapseFaq-5\" class=\"panel-collapse collapse\" itemprop=\"acceptedAnswer\" itemscope itemtype=\"http:\/\/schema.org\/Answer\">\n                                <div class=\"panel-body\" itemprop=\"text\">Pour corriger l&apos;erreur 415, il faut s&apos;assurer que l&apos;en-t\u00eate \u00ab Content-Type \u00bb correspond bien au format de la charge utile envoy\u00e9e et que le serveur prend en charge ce format. Utilisez un outil comme Sitechecker.pro pour identifier et r\u00e9soudre ces probl\u00e8mes.<\/div>\n                            <\/div>\n                        <\/div><div class=\"panel\" itemscope itemtype=\"https:\/\/schema.org\/Question\" itemprop=\"mainEntity\">\n                            <div class=\"panel-heading\" id=\"headingFaq-6\">\n                                <div class=\"panel-title\" data-toggle=\"collapse\" aria-expanded=\"false\" href=\"#collapseFaq-6\">\n                                    <h3 itemprop=\"name\">Quelle est la diff\u00e9rence entre les erreurs 400 et 415 ?<\/h3>\n                                <\/div>\n                            <\/div>\n                            <div id=\"collapseFaq-6\" class=\"panel-collapse collapse\" itemprop=\"acceptedAnswer\" itemscope itemtype=\"http:\/\/schema.org\/Answer\">\n                                <div class=\"panel-body\" itemprop=\"text\">L&apos;erreur 400 est \u00ab Requ\u00eate incorrecte \u00bb, ce qui signifie que le serveur n&apos;a pas pu comprendre la requ\u00eate en raison d&apos;une syntaxe non valide. En revanche, l&apos;erreur 415 est \u00ab Type de m\u00e9dia non pris en charge \u00bb, ce qui indique que le serveur ne peut pas traiter la charge utile de la requ\u00eate en raison de son format.<\/div>\n                            <\/div>\n                        <\/div><div class=\"panel\" itemscope itemtype=\"https:\/\/schema.org\/Question\" itemprop=\"mainEntity\">\n                            <div class=\"panel-heading\" id=\"headingFaq-7\">\n                                <div class=\"panel-title\" data-toggle=\"collapse\" aria-expanded=\"false\" href=\"#collapseFaq-7\">\n                                    <h3 itemprop=\"name\">Quelle est la diff\u00e9rence entre les codes d&apos;erreur 406 et 415 ?<\/h3>\n                                <\/div>\n                            <\/div>\n                            <div id=\"collapseFaq-7\" class=\"panel-collapse collapse\" itemprop=\"acceptedAnswer\" itemscope itemtype=\"http:\/\/schema.org\/Answer\">\n                                <div class=\"panel-body\" itemprop=\"text\">L&apos;erreur 406 est \u00ab Non acceptable \u00bb, ce qui signifie que le serveur ne peut pas produire de r\u00e9ponse correspondant \u00e0 la liste des valeurs acceptables d\u00e9finies dans les en-t\u00eates de la requ\u00eate. L&apos;erreur 415 \u00ab Type de m\u00e9dia non pris en charge \u00bb se produit lorsque le serveur ne peut pas traiter la charge utile de la requ\u00eate en raison de son type de m\u00e9dia.<\/div>\n                            <\/div>\n                        <\/div><\/div><\/div><\/p>","protected":false},"excerpt":{"rendered":"Le code d&#8217;\u00e9tat HTTP 415, \u00e9galement appel\u00e9 \u00ab\u00a0Type de m\u00e9dia non pris en charge\u00a0\u00bb, est un code de r\u00e9ponse d&#8217;erreur client indiquant que le serveur refuse de traiter la requ\u00eate, car la charge utile (les donn\u00e9es envoy\u00e9es dans le corps de la requ\u00eate) est dans un format non pris en charge. Cela peut se produire&#8230;","protected":false},"author":10409641,"featured_media":24854,"parent":0,"menu_order":0,"comment_status":"closed","ping_status":"closed","template":"pages-templates\/pages-v2.php","meta":[],"categories":[27],"tags":[],"_links":{"self":[{"href":"https:\/\/sitechecker.pro\/fr\/wp-json\/wp\/v2\/pages\/24853"}],"collection":[{"href":"https:\/\/sitechecker.pro\/fr\/wp-json\/wp\/v2\/pages"}],"about":[{"href":"https:\/\/sitechecker.pro\/fr\/wp-json\/wp\/v2\/types\/page"}],"author":[{"embeddable":true,"href":"https:\/\/sitechecker.pro\/fr\/wp-json\/wp\/v2\/users\/10409641"}],"replies":[{"embeddable":true,"href":"https:\/\/sitechecker.pro\/fr\/wp-json\/wp\/v2\/comments?post=24853"}],"version-history":[{"count":4,"href":"https:\/\/sitechecker.pro\/fr\/wp-json\/wp\/v2\/pages\/24853\/revisions"}],"predecessor-version":[{"id":36459,"href":"https:\/\/sitechecker.pro\/fr\/wp-json\/wp\/v2\/pages\/24853\/revisions\/36459"}],"wp:featuredmedia":[{"embeddable":true,"href":"https:\/\/sitechecker.pro\/fr\/wp-json\/wp\/v2\/media\/24854"}],"wp:attachment":[{"href":"https:\/\/sitechecker.pro\/fr\/wp-json\/wp\/v2\/media?parent=24853"}],"wp:term":[{"taxonomy":"category","embeddable":true,"href":"https:\/\/sitechecker.pro\/fr\/wp-json\/wp\/v2\/categories?post=24853"},{"taxonomy":"post_tag","embeddable":true,"href":"https:\/\/sitechecker.pro\/fr\/wp-json\/wp\/v2\/tags?post=24853"}],"curies":[{"name":"wp","href":"https:\/\/api.w.org\/{rel}","templated":true}]}}