{"id":24707,"date":"2023-06-29T11:10:28","date_gmt":"2023-06-29T11:10:28","guid":{"rendered":"https:\/\/sitechecker.pro\/?page_id=24707"},"modified":"2025-06-02T11:50:32","modified_gmt":"2025-06-02T11:50:32","slug":"403-status-code-%f0%9f%93%96-identify-fix","status":"publish","type":"page","link":"https:\/\/sitechecker.pro\/fr\/what-is-403-status-code\/","title":{"rendered":"Qu&#8217;est-ce que le code d&#8217;\u00e9tat 403 \ud83d\udcd6 Comment l&#8217;identifier et le corriger ?"},"content":{"rendered":"<p><\/p>\n<div id=\"par1\"><\/div>\n<p>Le code d&#8217;\u00e9tat 403, \u00e9galement connu sous le nom de 403 Forbidden, est un code HTTP signifiant que le serveur a compris la requ\u00eate, mais refuse de l&#8217;autoriser. Ce statut est similaire au 401 (Unauthorized), mais indique que le client doit s\u2019authentifier pour obtenir la r\u00e9ponse demand\u00e9e.<\/p>\n<p>Une r\u00e9ponse 403 ne garantit pas que le client pourra acc\u00e9der \u00e0 la ressource demand\u00e9e ; m\u00eame s\u2019il s\u2019est authentifi\u00e9, l\u2019acc\u00e8s peut toujours \u00eatre interdit pour des raisons que le serveur ne souhaite pas divulguer.<\/p>\n<p>Dans la plupart des cas, un code 403 n\u2019est pas li\u00e9 \u00e0 l\u2019absence d\u2019identifiants corrects, mais plut\u00f4t \u00e0 un probl\u00e8me de permission plus large. Cela peut \u00eatre d\u00fb au fait que le client n\u2019a pas le droit d\u2019acc\u00e9der \u00e0 la ressource sp\u00e9cifique, que l\u2019acc\u00e8s soit interdit en raison de son adresse IP, que la requ\u00eate soit l\u00e9gitime mais que le serveur refuse d\u2019y r\u00e9pondre, ou encore pour des raisons l\u00e9gales n\u00e9cessitant une authentification de l\u2019agent utilisateur.<\/p>\n<p>En r\u00e9sum\u00e9, lorsqu\u2019un code 403 est rencontr\u00e9, cela signifie que le serveur dit :<\/p>\n<div class=\"article__quote\">\n                    <div class=\"quote-text\">Je comprends ce que vous demandez, mais je ne vous laisserai pas y acc\u00e9der. Vous n\u2019avez pas la permission de voir ce contenu.<\/div>\n            <div class=\"quote-author-block\"><div class=\"quote-author-meta\">\n                    <div class=\"quote-author-name\">\n                        <span> <\/span><\/div><\/div><\/div><\/div>\n<h2 id=\"par2\">Comment un code 403 peut affecter le SEO<\/h2>\n<p>Un code d&#8217;\u00e9tat 403, bien qu\u2019il soit destin\u00e9 \u00e0 transmettre des restrictions d\u2019acc\u00e8s aux utilisateurs, peut \u00e9galement avoir un impact important sur le r\u00e9f\u00e9rencement (SEO). Les robots des moteurs de recherche traitent un code 403 comme le ferait un navigateur \u2013 ils sont essentiellement emp\u00each\u00e9s d\u2019acc\u00e9der au contenu demand\u00e9.<\/p>\n<p>Voici les principales cons\u00e9quences possibles d\u2019un code 403 sur le SEO :<\/p>\n<table class=\"table-classic\">\n<tbody>\n<tr>\n<td><strong>Emp\u00eache l\u2019indexation<\/strong><\/td>\n<td style=\"text-align: left;\">Un code 403 peut emp\u00eacher une page d\u2019\u00eatre index\u00e9e. Si un robot de moteur de recherche rencontre un 403 en tentant de crawler une page, cela signifie qu\u2019il n\u2019est pas autoris\u00e9 \u00e0 y acc\u00e9der.<br \/>\n      Par cons\u00e9quent, la page ne sera pas index\u00e9e et n\u2019appara\u00eetra pas dans les r\u00e9sultats de recherche, r\u00e9duisant ainsi la visibilit\u00e9 globale de votre site.<\/td>\n<\/tr>\n<tr>\n<td><strong>Gaspillage du budget de crawl<\/strong><\/td>\n<td style=\"text-align: left;\">Les robots de recherche disposent d\u2019un &#8220;<a href=\"https:\/\/developers.google.com\/search\/docs\/crawling-indexing\/large-site-managing-crawl-budget\" target=\"_blank\" rel=\"nofollow noopener noreferrer\">budget de crawl<\/a>&#8221; par site, c\u2019est-\u00e0-dire un nombre de pages qu\u2019ils vont explorer dans une p\u00e9riode donn\u00e9e. Si un bot tombe sur un code 403, une partie de ce budget est gaspill\u00e9e sur une page non accessible.<br \/>\n      Si cela se produit fr\u00e9quemment, cela peut entra\u00eener l\u2019indexation de moins de pages, surtout sur les grands sites.<\/td>\n<\/tr>\n<tr>\n<td><strong>Mauvaise exp\u00e9rience utilisateur<\/strong><\/td>\n<td style=\"text-align: left;\">Si un utilisateur humain rencontre une erreur 403 sur votre site, cela g\u00e9n\u00e8re une mauvaise exp\u00e9rience car il ne peut pas acc\u00e9der au contenu d\u00e9sir\u00e9.<br \/>\n      Cette exp\u00e9rience n\u00e9gative peut indirectement nuire au SEO, car les moteurs de recherche tiennent compte de l\u2019exp\u00e9rience utilisateur dans leurs classements.<\/td>\n<\/tr>\n<tr>\n<td><strong>Chute possible du classement<\/strong><\/td>\n<td style=\"text-align: left;\">Dans un cas extr\u00eame, si une page pr\u00e9c\u00e9demment index\u00e9e commence soudainement \u00e0 retourner une erreur 403, cela peut entra\u00eener une perte de classement puisqu\u2019elle devient inaccessible pour les utilisateurs et les bots.<br \/>\n      La vitesse et l\u2019ampleur de la baisse d\u00e9pendent de la rapidit\u00e9 avec laquelle la page est supprim\u00e9e de l\u2019index du moteur de recherche.<\/td>\n<\/tr>\n<\/tbody>\n<\/table>\n<p>En r\u00e9sum\u00e9, rencontrer un code 403 peut avoir des effets n\u00e9gatifs sur les performances SEO de votre site. Il est donc essentiel de surveiller et corriger les erreurs 403 le plus rapidement possible pour pr\u00e9server la visibilit\u00e9 et l\u2019exp\u00e9rience utilisateur.<\/p>\n<h2 id=\"par3\">Erreur HTTP 401 vs Erreur HTTP 403<\/h2>\n<p>Bien que les codes 403 et 401 indiquent tous deux des erreurs c\u00f4t\u00e9 client dans le protocole HTTP, ils d\u00e9crivent des situations diff\u00e9rentes :<\/p>\n<div class=\"content__img-wrap\"><img src=\"https:\/\/sitechecker.pro\/wp-content\/uploads\/2023\/07\/403-vs-401-status-code.png\" alt=\"403 Vs 401 Status Code\" class=\"description-img description-img-zoom\" loading=\"lazy\" ><\/div>\n<h3>401 Unauthorized<\/h3>\n<p>Un code 401 Unauthorized signifie que la requ\u00eate n\u2019a pas \u00e9t\u00e9 trait\u00e9e car il manque des identifiants d\u2019authentification valides pour la ressource cible. Cette r\u00e9ponse doit inclure un en-t\u00eate <a href=\"https:\/\/developer.mozilla.org\/en-US\/docs\/Web\/HTTP\/Headers\/WWW-Authenticate\" target=\"_blank\" rel=\"nofollow noopener noreferrer\">WWW-Authenticate<\/a> contenant un challenge appropri\u00e9. En d\u2019autres termes, le serveur a besoin de savoir qui vous \u00eates avant de r\u00e9pondre. Une fois que vous fournissez un identifiant et un mot de passe valides, l\u2019acc\u00e8s devrait \u00eatre accord\u00e9.<\/p>\n<h3>403 Forbidden<\/h3>\n<p>Un code 403 Forbidden signifie quant \u00e0 lui que le serveur a compris la requ\u00eate mais refuse de l\u2019autoriser. Ce code est couramment utilis\u00e9 lorsque le serveur ne souhaite pas expliquer pourquoi la demande est refus\u00e9e, ou lorsqu\u2019aucune autre r\u00e9ponse ne convient. Contrairement \u00e0 un 401, l\u2019authentification n\u2019aura aucun effet \u2013 l\u2019acc\u00e8s est interdit quoi qu\u2019il arrive.<\/p>\n<p>En r\u00e9sum\u00e9 : 401 signifie \u00ab Identifiants manquants ou incorrects, veuillez vous connecter \u00bb, tandis que 403 signifie \u00ab Je sais qui vous \u00eates, mais vous n\u2019entrez pas \u00bb. La principale diff\u00e9rence r\u00e9side dans la n\u00e9cessit\u00e9 d\u2019autorisation et non seulement d\u2019authentification.<\/p>\n<h2 id=\"par4\">Probl\u00e8mes fr\u00e9quents et solutions concernant l\u2019erreur 403 Forbidden<\/h2>\n<p>Pour corriger une erreur 403, il faut comprendre pourquoi le serveur refuse l\u2019acc\u00e8s, puis r\u00e9soudre le probl\u00e8me. Voici quelques \u00e9tapes \u00e0 suivre pour identifier et corriger les causes possibles, ainsi que des mesures pr\u00e9ventives :<\/p>\n<h3>V\u00e9rifier les permissions des fichiers<\/h3>\n<p>Des permissions incorrectes sont une cause fr\u00e9quente des erreurs 403.<\/p>\n<div class=\"highlight-block\">Assurez-vous que les permissions des fichiers ou dossiers sont correctement d\u00e9finies. En g\u00e9n\u00e9ral, les dossiers doivent \u00eatre en 755, et les fichiers en 644. Cela permet \u00e0 l&apos;utilisateur de lire et d&apos;\u00e9crire, tandis que les autres ne peuvent que lire.<\/div>\n<h3>V\u00e9rifier le fichier .htaccess<\/h3>\n<p>Le fichier .htaccess est un fichier de configuration utilis\u00e9 sur les serveurs Apache. Une mauvaise configuration peut entra\u00eener une erreur 403.<\/p>\n<div class=\"highlight-block\">Assurez-vous qu&apos;il n&apos;y ait pas de r\u00e8gles de r\u00e9\u00e9criture incorrectes ou de directives \"deny\". En cas de doute, renommez temporairement le fichier pour voir si l&apos;erreur dispara\u00eet.<\/div>\n<h3>V\u00e9rifier le blocage IP<\/h3>\n<p>Le serveur peut \u00eatre configur\u00e9 pour bloquer certaines adresses IP.<\/p>\n<div class=\"highlight-block\">V\u00e9rifiez les param\u00e8tres du pare-feu ou les fichiers de configuration pour voir si votre IP est bloqu\u00e9e. Si c&apos;est le cas, vous devrez la retirer de la liste de blocage.<\/div>\n<h3>D\u00e9sactiver les plugins de s\u00e9curit\u00e9<\/h3>\n<p>Si vous utilisez un CMS comme WordPress, certains plugins de s\u00e9curit\u00e9 peuvent \u00eatre trop stricts et provoquer des <a href=\"https:\/\/wordpress.org\/support\/topic\/wordpress-wp-admin-acces-403-forbidden\/\" target=\"_blank\" rel=\"nofollow noopener noreferrer\">erreurs 403<\/a>.<\/p>\n<div class=\"highlight-block\">Essayez de d\u00e9sactiver temporairement les plugins de s\u00e9curit\u00e9 pour voir si l\u2019erreur dispara\u00eet. Si c\u2019est le cas, vous devrez ajuster les param\u00e8tres du plugin concern\u00e9.<\/div>\n<h3>V\u00e9rifier la protection contre le hotlinking<\/h3>\n<div class=\"highlight-block\">La protection contre le hotlinking emp\u00eache d&apos;autres sites de lier directement vos fichiers (et de consommer votre bande passante). Une mauvaise configuration peut g\u00e9n\u00e9rer une erreur 403. V\u00e9rifiez les param\u00e8tres de cette protection.<\/div>\n<h3>Contacter l\u2019h\u00e9bergeur<\/h3>\n<p>Si vous ne parvenez toujours pas \u00e0 r\u00e9soudre l\u2019erreur 403, il est temps de contacter votre h\u00e9bergeur.<\/p>\n<div class=\"highlight-block\">Il pourra consulter les journaux du serveur pour d\u00e9terminer la cause exacte de l&apos;erreur.<\/div>\n<p>En pr\u00e9vention, il est conseill\u00e9 de v\u00e9rifier r\u00e9guli\u00e8rement votre site pour d\u00e9tecter les erreurs 403 et autres. Il existe de nombreux outils capables de crawler votre site et de signaler ces erreurs. Les corriger rapidement aide \u00e0 maintenir de bonnes performances SEO.<\/p>\n<h2 id=\"par5\">V\u00e9rificateur de codes HTTP pour d\u00e9tecter efficacement les erreurs 403<\/h2>\n<div class=\"content__img-wrap\"><img src=\"https:\/\/sitechecker.pro\/wp-content\/uploads\/2023\/06\/http-status-code-checker.png\" alt=\"Http Status Code Checker\" class=\"description-img description-img-zoom\" loading=\"lazy\" ><\/div>\n<p>Le <a href=\"https:\/\/sitechecker.pro\/http-status-codes\/\" target=\"_blank\" rel=\"noopener noreferrer\">v\u00e9rificateur de codes HTTP<\/a> de Sitechecker Pro est un outil puissant permettant de d\u00e9tecter efficacement les erreurs 403 lors d\u2019un audit de site. Il analyse votre site comme le feraient les bots des moteurs de recherche, en enregistrant tous les codes HTTP, y compris les 403. Cela permet d\u2019identifier pr\u00e9cis\u00e9ment o\u00f9 ces codes apparaissent et s\u2019ils posent un probl\u00e8me SEO.<\/p>\n<p>En plus de l\u2019identification des codes, Sitechecker Pro fournit des analyses pouss\u00e9es sur la performance du site, ce qui en fait un outil indispensable pour optimiser votre r\u00e9f\u00e9rencement.<\/p>\n<h2 id=\"par6\">Conclusion<\/h2>\n<p>Le code 403 indique que le serveur refuse d\u2019autoriser une requ\u00eate pour des raisons de permission. Cela peut nuire au SEO en emp\u00eachant l\u2019indexation, en gaspillant le budget de crawl, en nuisant \u00e0 l\u2019exp\u00e9rience utilisateur et en provoquant des baisses de classement. Les causes courantes incluent des permissions incorrectes, des erreurs .htaccess, un blocage IP, des plugins trop restrictifs ou une mauvaise configuration du hotlinking. Il est crucial de r\u00e9soudre ces probl\u00e8mes rapidement.<\/p>\n<p>Des outils comme le v\u00e9rificateur de codes HTTP de Sitechecker Pro peuvent vous aider \u00e0 identifier et corriger efficacement ces erreurs pour am\u00e9liorer votre SEO.<\/p>\n<div id=\"par7\"><\/div>\n<p><div class=\"front__faq-block\"><div class=\"faq__block-title\">FAQ<\/div><div class=\"panel-group\" id=\"faq-accordion\" itemscope itemtype=\"https:\/\/schema.org\/FAQPage\" role=\"tablist\" aria-multiselectable=\"true\"><div class=\"panel\" itemscope itemtype=\"https:\/\/schema.org\/Question\" itemprop=\"mainEntity\">\n                            <div class=\"panel-heading\" id=\"headingFaq-1\">\n                                <div class=\"panel-title\" data-toggle=\"collapse\" aria-expanded=\"false\" href=\"#collapseFaq-1\">\n                                    <h3 itemprop=\"name\">Que signifie \"Request failed with status code 403\" ?<\/h3>\n                                <\/div>\n                            <\/div>\n                            <div id=\"collapseFaq-1\" class=\"panel-collapse collapse\" itemprop=\"acceptedAnswer\" itemscope itemtype=\"http:\/\/schema.org\/Answer\">\n                                <div class=\"panel-body\" itemprop=\"text\">\"Request failed with status code 403\" signifie que la requ\u00eate envoy\u00e9e au serveur a \u00e9t\u00e9 refus\u00e9e en raison d&apos;une autorisation insuffisante ou de permissions manquantes.<\/div>\n                            <\/div>\n                        <\/div><div class=\"panel\" itemscope itemtype=\"https:\/\/schema.org\/Question\" itemprop=\"mainEntity\">\n                            <div class=\"panel-heading\" id=\"headingFaq-2\">\n                                <div class=\"panel-title\" data-toggle=\"collapse\" aria-expanded=\"false\" href=\"#collapseFaq-2\">\n                                    <h3 itemprop=\"name\">Que signifie le code 403 dans une API ?<\/h3>\n                                <\/div>\n                            <\/div>\n                            <div id=\"collapseFaq-2\" class=\"panel-collapse collapse\" itemprop=\"acceptedAnswer\" itemscope itemtype=\"http:\/\/schema.org\/Answer\">\n                                <div class=\"panel-body\" itemprop=\"text\">Le code 403 dans une API indique que le serveur a compris la requ\u00eate mais refuse de l&apos;autoriser pour des raisons de permission ou d&apos;authentification.<\/div>\n                            <\/div>\n                        <\/div><div class=\"panel\" itemscope itemtype=\"https:\/\/schema.org\/Question\" itemprop=\"mainEntity\">\n                            <div class=\"panel-heading\" id=\"headingFaq-3\">\n                                <div class=\"panel-title\" data-toggle=\"collapse\" aria-expanded=\"false\" href=\"#collapseFaq-3\">\n                                    <h3 itemprop=\"name\">403 Forbidden signifie-t-il que je suis bloqu\u00e9 ?<\/h3>\n                                <\/div>\n                            <\/div>\n                            <div id=\"collapseFaq-3\" class=\"panel-collapse collapse\" itemprop=\"acceptedAnswer\" itemscope itemtype=\"http:\/\/schema.org\/Answer\">\n                                <div class=\"panel-body\" itemprop=\"text\">Bien que le code 403 puisse indiquer un blocage, il peut aussi \u00eatre caus\u00e9 par d&apos;autres facteurs comme des permissions incorrectes ou des probl\u00e8mes d&apos;authentification. Le blocage est une possibilit\u00e9, mais pas la seule.<\/div>\n                            <\/div>\n                        <\/div><\/div><\/div><\/p>","protected":false},"excerpt":{"rendered":"Le code d&#8217;\u00e9tat 403, \u00e9galement connu sous le nom de 403 Forbidden, est un code HTTP signifiant que le serveur a compris la requ\u00eate, mais refuse de l&#8217;autoriser. Ce statut est similaire au 401 (Unauthorized), mais indique que le client doit s\u2019authentifier pour obtenir la r\u00e9ponse demand\u00e9e. Une r\u00e9ponse 403 ne garantit pas que le&#8230;","protected":false},"author":10409641,"featured_media":24708,"parent":0,"menu_order":0,"comment_status":"closed","ping_status":"closed","template":"pages-templates\/pages-v2.php","meta":[],"categories":[27],"tags":[],"_links":{"self":[{"href":"https:\/\/sitechecker.pro\/fr\/wp-json\/wp\/v2\/pages\/24707"}],"collection":[{"href":"https:\/\/sitechecker.pro\/fr\/wp-json\/wp\/v2\/pages"}],"about":[{"href":"https:\/\/sitechecker.pro\/fr\/wp-json\/wp\/v2\/types\/page"}],"author":[{"embeddable":true,"href":"https:\/\/sitechecker.pro\/fr\/wp-json\/wp\/v2\/users\/10409641"}],"replies":[{"embeddable":true,"href":"https:\/\/sitechecker.pro\/fr\/wp-json\/wp\/v2\/comments?post=24707"}],"version-history":[{"count":7,"href":"https:\/\/sitechecker.pro\/fr\/wp-json\/wp\/v2\/pages\/24707\/revisions"}],"predecessor-version":[{"id":37260,"href":"https:\/\/sitechecker.pro\/fr\/wp-json\/wp\/v2\/pages\/24707\/revisions\/37260"}],"wp:featuredmedia":[{"embeddable":true,"href":"https:\/\/sitechecker.pro\/fr\/wp-json\/wp\/v2\/media\/24708"}],"wp:attachment":[{"href":"https:\/\/sitechecker.pro\/fr\/wp-json\/wp\/v2\/media?parent=24707"}],"wp:term":[{"taxonomy":"category","embeddable":true,"href":"https:\/\/sitechecker.pro\/fr\/wp-json\/wp\/v2\/categories?post=24707"},{"taxonomy":"post_tag","embeddable":true,"href":"https:\/\/sitechecker.pro\/fr\/wp-json\/wp\/v2\/tags?post=24707"}],"curies":[{"name":"wp","href":"https:\/\/api.w.org\/{rel}","templated":true}]}}