{"id":20598,"date":"2023-12-14T10:39:03","date_gmt":"2023-12-14T10:39:03","guid":{"rendered":"https:\/\/sitechecker.pro\/?page_id=20598"},"modified":"2025-03-20T10:04:34","modified_gmt":"2025-03-20T10:04:34","slug":"google-tag-manager-checker","status":"publish","type":"page","link":"https:\/\/sitechecker.pro\/fr\/google-tag-manager-checker\/","title":{"rendered":"GTM Checker pour tester si Google Tag Manager est correctement install\u00e9 \u1408"},"content":{"rendered":"<p><\/p>\n<h2 id=\"par1\">Qu&#8217;est-ce que Google Tag Manager Checker\u00a0?<\/h2>\n<p>Le Google Tag Manager Checker de <a href=\"http:\/\/Sitechecker.pro\" target=\"_blank\" rel=\"noopener noreferrer\">Sitechecker<\/a> v\u00e9rifie si la page Web de votre site Web poss\u00e8de un <a href=\"https:\/\/sitechecker.pro\/what-is-google-tag-manager\/\" target=\"_blank\" rel=\"noopener noreferrer\">Code GTM<\/a> et identifie tout probl\u00e8me li\u00e9 \u00e0 celui-ci. Il fournit une liste des probl\u00e8mes sur l\u2019ensemble du site Web et des rapports en temps r\u00e9el.<\/p>\n<h3>Comment cet outil peut-il vous aider\u00a0?<\/h3>\n<ul>\n<li>V\u00e9rifiez la <strong>pr\u00e9sence de Google Tag Manager<\/strong> sur les pages de sites Web d\u00e9sign\u00e9es et v\u00e9rifiez si Tag Manager fonctionne correctement.<\/li>\n<li><strong>Effectuer des audits du site<\/strong>, en classant les erreurs techniques par gravit\u00e9 pour une r\u00e9solution rapide, en proposant des conseils correctifs et en am\u00e9liorant les performances du site.<\/li>\n<li>Int\u00e9grez les <strong>donn\u00e9es d\u00e9taill\u00e9es de Google Analytics et de Google Search Console<\/strong> dans un tableau de bord unique, rationalisant ainsi la gestion des analyses.<\/li>\n<\/ul>\n<h3>Principales fonctionnalit\u00e9s du v\u00e9rificateur Google Tag Assistant<\/h3>\n<p><strong>Tableau de bord unifi\u00e9\u00a0: <\/strong>l&#8217;outil propose un tableau de bord central o\u00f9 toutes les informations sur l&#8217;\u00e9tat du site Web, y compris le code d&#8217;\u00e9tat, les probl\u00e8mes \u00e9ventuels et les analyses, sont affich\u00e9es au m\u00eame endroit.<\/p>\n<p><strong>Interface conviviale\u00a0: <\/strong>L&#8217;interface est intuitive et facile \u00e0 naviguer, la rendant accessible m\u00eame aux utilisateurs qui ne sont pas techniquement avanc\u00e9s.<\/p>\n<p><strong>Ensemble complet d&#8217;outils de r\u00e9f\u00e9rencement<\/strong>\u00a0: <\/strong> l&#8217;outil comprend une vari\u00e9t\u00e9 d&#8217;outils et de fonctionnalit\u00e9s li\u00e9s au r\u00e9f\u00e9rencement. Cela pourrait impliquer d\u2019analyser les performances globales du site Web, d\u2019identifier les probl\u00e8mes de r\u00e9f\u00e9rencement et de proposer des strat\u00e9gies d\u2019optimisation des moteurs de recherche afin d\u2019am\u00e9liorer la visibilit\u00e9 en ligne.<\/p>\n<h2 id=\"par2\">Comment utiliser notre d\u00e9tecteur Google Tag Manager\u00a0?<\/h2>\n<p>Notre outil est assez simple \u00e0 utiliser. En quelques instants, vous obtenez un audit complet du site Web qui vous montrera tous les bugs et probl\u00e8mes de code de suivi. Voyons comment fonctionne l&#8217;outil de test de Google Tag Manager.<\/p>\n<h3>\u00c9tape\u00a01. Ajoutez votre domaine<\/h3>\n<p>Entrez l&#8217;URL de votre site Web dans la case de la page de destination. Cliquez imm\u00e9diatement sur \u00ab\u00a0V\u00e9rifier GTM\u00a0\u00bb.<\/p>\n<div class=\"content__img-wrap\"><img src=\"https:\/\/sitechecker.pro\/wp-content\/uploads\/2023\/12\/google-tag-manager-checker.png\" alt=\"Google Tag Manager Checker\" class=\"description-img description-img-zoom\" loading=\"lazy\" ><\/div>\n<div class=\"important-block\">Pour recevoir les r\u00e9sultats et acc\u00e9der aux fonctionnalit\u00e9s de Sitechecker pendant 14 jours, d\u00e9marrez votre essai GRATUIT. L&apos;inscription est facile avec votre e-mail, votre compte Google ou Facebook. Aucune carte de cr\u00e9dit n&apos;est n\u00e9cessaire.<\/div>\n<h3>\u00c9tape 2. Obtenez des r\u00e9sultats<\/h3>\n<p>L&#8217;analyse d&#8217;un domaine cr\u00e9e un audit du site pour ce domaine, r\u00e9v\u00e9lant les probl\u00e8mes techniques du site Web. L&#8217;audit inclura le probl\u00e8me du code GTM, s&#8217;il est r\u00e9el, ou la case \u00e0 cocher termin\u00e9 si le code est ajout\u00e9 et ex\u00e9cut\u00e9 correctement.<\/p>\n<div class=\"content__img-wrap\"><img src=\"https:\/\/sitechecker.pro\/wp-content\/uploads\/2023\/12\/more-than-one-gtm-code.png\" alt=\"Plus d'un code GTM\" class=\"description-img description-img-zoom\" loading=\"lazy\" ><\/div>\n<p>Au-del\u00e0 de la v\u00e9rification du code GTM par exemple, le Sitechecker affiche des fonctions cl\u00e9s :<\/p>\n<p><strong>Critiques, avertissements, opportunit\u00e9s, avis<\/strong>\u00a0: m\u00e9triques montrant les probl\u00e8mes de sant\u00e9 et de performances d&#8217;un site Web.<\/p>\n<p><strong>Score du site Web <\/strong>\u00a0une repr\u00e9sentation visuelle du score global du site Web bas\u00e9e sur les donn\u00e9es de l&#8217;audit.<\/p>\n<p><strong>Pages explor\u00e9es et indexables<\/strong>\u00a0: nombre de pages analys\u00e9es par l&#8217;outil et de celles jug\u00e9es indexables par les moteurs de recherche.<\/p>\n<p><strong>Liste des probl\u00e8mes<\/strong>\u00a0: une \u00e9num\u00e9ration d\u00e9taill\u00e9e des probl\u00e8mes du site class\u00e9s par type, tels que Interne, Liens et Indexabilit\u00e9.<\/p>\n<p><strong>Pages concern\u00e9es par cat\u00e9gorie<\/strong>\u00a0: r\u00e9partition en pourcentage du nombre de pages affect\u00e9es par chaque type de probl\u00e8me, fournissant un aper\u00e7u des domaines qui n\u00e9cessitent le plus d&#8217;attention.<\/p>\n<div class=\"content__img-wrap\"><img src=\"https:\/\/sitechecker.pro\/wp-content\/uploads\/2023\/12\/site-audit-results.png\" alt=\"R\u00e9sultats de l'audit du site\" class=\"description-img description-img-zoom\" loading=\"lazy\" ><\/div>\n<p>Cette pr\u00e9sentation illustre la capacit\u00e9 de l&#8217;outil \u00e0 fournir un <a href=\"https:\/\/sitechecker.pro\/on-page-seo-checker\/\" rel=\"noopener noreferrer\" target=\"_blank\">audit SEO<\/a> , fournissant des informations exploitables pour l&#8217;optimisation des sites Web.<\/p>\n<h2 id=\"par3\">Fonctionnalit\u00e9s suppl\u00e9mentaires de l&#8217;outil de recherche de code de conteneur GTM<\/h2>\n<p>Par cons\u00e9quent, pour approfondir l&#8217;analyse du site et l&#8217;examen du code post-GTM, associez vos comptes Google Analytics et Google Search Console\u00a0:<\/p>\n<div class=\"content__img-wrap\"><img src=\"https:\/\/sitechecker.pro\/wp-content\/uploads\/2023\/12\/add-google-account.png\" alt=\"Ajouter un compte Google\" class=\"description-img description-img-zoom\" loading=\"lazy\" ><\/div>\n<p>Le nouvel onglet du tableau de bord pr\u00e9sente les indicateurs cl\u00e9s du r\u00e9f\u00e9rencement\u00a0: trafic total et organique, visibilit\u00e9 de la recherche, pages index\u00e9es, impressions, taux de clics, position moyenne dans la recherche, score du site et mots-cl\u00e9s class\u00e9s, chacun avec des donn\u00e9es de tendance et un pourcentage de variation.<\/p>\n<div class=\"content__img-wrap\"><img src=\"https:\/\/sitechecker.pro\/wp-content\/uploads\/2023\/12\/sitechecker-dashboard.png\" alt=\"Tableau de bord Sitechecker\" class=\"description-img description-img-zoom\" loading=\"lazy\" ><\/div>\n<p>Le tableau de bord affiche des analyses Web avec des graphiques de tendance pour le trafic du site Web de Google Analytics et des mesures de performances de recherche de Search Console sur une p\u00e9riode s\u00e9lectionn\u00e9e.<\/p>\n<div class=\"content__img-wrap\"><img src=\"https:\/\/sitechecker.pro\/wp-content\/uploads\/2023\/12\/ga-gsc-data.png\" alt=\"Donn\u00e9es GA GSC\" class=\"description-img description-img-zoom\" loading=\"lazy\" ><\/div>\n<h2 id=\"par4\">Id\u00e9e finale<\/h2>\n<p>Le conteneur Google Tag Manager garantit que le code GTM fonctionne correctement sur le code source de votre site Web, en proposant un audit complet et en cat\u00e9gorisant les erreurs techniques pour une r\u00e9solution rapide. Il dispose d&#8217;une interface conviviale et d&#8217;un tableau de bord unifi\u00e9 pour une vue compl\u00e8te de l&#8217;\u00e9tat du site. L&#8217;outil fournit \u00e9galement une bo\u00eete \u00e0 outils SEO compl\u00e8te pour l&#8217;analyse et l&#8217;optimisation des performances. Facile \u00e0 utiliser, il n\u00e9cessite uniquement le d\u00e9marrage de votre domaine et int\u00e8gre les donn\u00e9es de Google Analytics et de Search Console, fournissant des informations exploitables pour am\u00e9liorer la pr\u00e9sence en ligne de votre site Web.<\/p>\n<div id=\"par5\"><\/div>\n<p><div class=\"front__faq-block\"><div class=\"faq__block-title\">FAQ<\/div><div class=\"panel-group\" id=\"faq-accordion\" itemscope itemtype=\"https:\/\/schema.org\/FAQPage\" role=\"tablist\" aria-multiselectable=\"true\"><div class=\"panel\" itemscope itemtype=\"https:\/\/schema.org\/Question\" itemprop=\"mainEntity\">\n                            <div class=\"panel-heading\" id=\"headingFaq-1\">\n                                <div class=\"panel-title\" data-toggle=\"collapse\" aria-expanded=\"false\" href=\"#collapseFaq-1\">\n                                    <h3 itemprop=\"name\">Une formation technique est-elle requise pour utiliser Google Tag Checker ?<\/h3>\n                                <\/div>\n                            <\/div>\n                            <div id=\"collapseFaq-1\" class=\"panel-collapse collapse\" itemprop=\"acceptedAnswer\" itemscope itemtype=\"http:\/\/schema.org\/Answer\">\n                                <div class=\"panel-body\" itemprop=\"text\">Non, il est con\u00e7u avec une interface conviviale qui permet aux personnes sans expertise technique de l&apos;utiliser efficacement.<\/div>\n                            <\/div>\n                        <\/div><div class=\"panel\" itemscope itemtype=\"https:\/\/schema.org\/Question\" itemprop=\"mainEntity\">\n                            <div class=\"panel-heading\" id=\"headingFaq-2\">\n                                <div class=\"panel-title\" data-toggle=\"collapse\" aria-expanded=\"false\" href=\"#collapseFaq-2\">\n                                    <h3 itemprop=\"name\">GTM Code Checker peut-il aider avec le r\u00e9f\u00e9rencement ?<\/h3>\n                                <\/div>\n                            <\/div>\n                            <div id=\"collapseFaq-2\" class=\"panel-collapse collapse\" itemprop=\"acceptedAnswer\" itemscope itemtype=\"http:\/\/schema.org\/Answer\">\n                                <div class=\"panel-body\" itemprop=\"text\">Oui, il comprend des outils pour une analyse SEO compl\u00e8te et une optimisation des performances du site Web pour les moteurs de recherche.<\/div>\n                            <\/div>\n                        <\/div><div class=\"panel\" itemscope itemtype=\"https:\/\/schema.org\/Question\" itemprop=\"mainEntity\">\n                            <div class=\"panel-heading\" id=\"headingFaq-3\">\n                                <div class=\"panel-title\" data-toggle=\"collapse\" aria-expanded=\"false\" href=\"#collapseFaq-3\">\n                                    <h3 itemprop=\"name\">\u00c0 quelle vitesse l&apos;outil de recherche de Google Tag Manager fournit-il des r\u00e9sultats ?<\/h3>\n                                <\/div>\n                            <\/div>\n                            <div id=\"collapseFaq-3\" class=\"panel-collapse collapse\" itemprop=\"acceptedAnswer\" itemscope itemtype=\"http:\/\/schema.org\/Answer\">\n                                <div class=\"panel-body\" itemprop=\"text\">L&apos;outil fournit un audit complet et des r\u00e9sultats d\u00e9taill\u00e9s peu de temps apr\u00e8s avoir entr\u00e9 votre domaine et lanc\u00e9 la v\u00e9rification.<\/div>\n                            <\/div>\n                        <\/div><div class=\"panel\" itemscope itemtype=\"https:\/\/schema.org\/Question\" itemprop=\"mainEntity\">\n                            <div class=\"panel-heading\" id=\"headingFaq-4\">\n                                <div class=\"panel-title\" data-toggle=\"collapse\" aria-expanded=\"false\" href=\"#collapseFaq-4\">\n                                    <h3 itemprop=\"name\">Dois-je installer un logiciel pour utiliser Google Tag Manager Checker ?<\/h3>\n                                <\/div>\n                            <\/div>\n                            <div id=\"collapseFaq-4\" class=\"panel-collapse collapse\" itemprop=\"acceptedAnswer\" itemscope itemtype=\"http:\/\/schema.org\/Answer\">\n                                <div class=\"panel-body\" itemprop=\"text\">Aucune installation n&apos;est requise ; c&apos;est un outil Web qui fonctionne directement depuis votre navigateur.<\/div>\n                            <\/div>\n                        <\/div><div class=\"panel\" itemscope itemtype=\"https:\/\/schema.org\/Question\" itemprop=\"mainEntity\">\n                            <div class=\"panel-heading\" id=\"headingFaq-5\">\n                                <div class=\"panel-title\" data-toggle=\"collapse\" aria-expanded=\"false\" href=\"#collapseFaq-5\">\n                                    <h3 itemprop=\"name\">Quels types de probl\u00e8mes Google Tag Manager Validator peut-il identifier sur les balises Google de mon site Web ?<\/h3>\n                                <\/div>\n                            <\/div>\n                            <div id=\"collapseFaq-5\" class=\"panel-collapse collapse\" itemprop=\"acceptedAnswer\" itemscope itemtype=\"http:\/\/schema.org\/Answer\">\n                                <div class=\"panel-body\" itemprop=\"text\">Il peut identifier les probl\u00e8mes li\u00e9s \u00e0 l&apos;installation du code de Google Tag Assistant, les probl\u00e8mes techniques de r\u00e9f\u00e9rencement et les probl\u00e8mes g\u00e9n\u00e9raux de sant\u00e9 du site Web.<\/div>\n                            <\/div>\n                        <\/div><\/div><\/div><\/p>","protected":false},"excerpt":{"rendered":"Qu&#8217;est-ce que Google Tag Manager Checker\u00a0? Le Google Tag Manager Checker de Sitechecker v\u00e9rifie si la page Web de votre site Web poss\u00e8de un Code GTM et identifie tout probl\u00e8me li\u00e9 \u00e0 celui-ci. Il fournit une liste des probl\u00e8mes sur l\u2019ensemble du site Web et des rapports en temps r\u00e9el. Comment cet outil peut-il vous&#8230;","protected":false},"author":10718706,"featured_media":21911,"parent":0,"menu_order":0,"comment_status":"closed","ping_status":"closed","template":"pages-templates\/pages-minitools.php","meta":[],"categories":[73],"tags":[],"_links":{"self":[{"href":"https:\/\/sitechecker.pro\/fr\/wp-json\/wp\/v2\/pages\/20598"}],"collection":[{"href":"https:\/\/sitechecker.pro\/fr\/wp-json\/wp\/v2\/pages"}],"about":[{"href":"https:\/\/sitechecker.pro\/fr\/wp-json\/wp\/v2\/types\/page"}],"author":[{"embeddable":true,"href":"https:\/\/sitechecker.pro\/fr\/wp-json\/wp\/v2\/users\/10718706"}],"replies":[{"embeddable":true,"href":"https:\/\/sitechecker.pro\/fr\/wp-json\/wp\/v2\/comments?post=20598"}],"version-history":[{"count":11,"href":"https:\/\/sitechecker.pro\/fr\/wp-json\/wp\/v2\/pages\/20598\/revisions"}],"predecessor-version":[{"id":36080,"href":"https:\/\/sitechecker.pro\/fr\/wp-json\/wp\/v2\/pages\/20598\/revisions\/36080"}],"wp:featuredmedia":[{"embeddable":true,"href":"https:\/\/sitechecker.pro\/fr\/wp-json\/wp\/v2\/media\/21911"}],"wp:attachment":[{"href":"https:\/\/sitechecker.pro\/fr\/wp-json\/wp\/v2\/media?parent=20598"}],"wp:term":[{"taxonomy":"category","embeddable":true,"href":"https:\/\/sitechecker.pro\/fr\/wp-json\/wp\/v2\/categories?post=20598"},{"taxonomy":"post_tag","embeddable":true,"href":"https:\/\/sitechecker.pro\/fr\/wp-json\/wp\/v2\/tags?post=20598"}],"curies":[{"name":"wp","href":"https:\/\/api.w.org\/{rel}","templated":true}]}}