{"id":19570,"date":"2022-08-15T18:01:27","date_gmt":"2022-08-15T18:01:27","guid":{"rendered":"https:\/\/sitechecker.pro\/?page_id=19570"},"modified":"2025-03-20T10:04:33","modified_gmt":"2025-03-20T10:04:33","slug":"google-keyword-search-volume-checker-find-volume-stats-easy","status":"publish","type":"page","link":"https:\/\/sitechecker.pro\/fr\/keyword-search-volume-checker\/","title":{"rendered":"V\u00e9rificateur de volume de recherche des mots-cl\u00e9s \u2611"},"content":{"rendered":"<p><\/p>\n<h2 id=\"par1\">Qu&#8217;est-ce que le V\u00e9rificateur de volume de recherche des mots-cl\u00e9s ?<\/h2>\n<p>Le V\u00e9rificateur de volume de recherche des mots-cl\u00e9s de <a href=\"https:\/\/sitechecker.pro\/\" target=\"_blank\" rel=\"noopener noreferrer\">Sitechecker<\/a> est con\u00e7u pour v\u00e9rifier le volume de recherche des mots-cl\u00e9s et fournir des id\u00e9es bas\u00e9es sur les donn\u00e9es de la Google Search Console, l&#8217;analyse des SERP et les informations sur les concurrents. Il offre des fonctionnalit\u00e9s telles que la d\u00e9tection des volumes de recherche, la v\u00e9rification de plusieurs rangs avec des param\u00e8tres personnalisables pour la localisation et la langue, et l&#8217;int\u00e9gration avec les comptes Google pour l&#8217;importation de donn\u00e9es et le suivi des performances en temps r\u00e9el.<\/p>\n<h3>Comment cet outil peut-il vous aider ?<\/h3>\n<p><strong>D\u00e9tecter les volumes de recherche : <\/strong>Cela permet de v\u00e9rifier le volume des mots cl\u00e9s pour conna\u00eetre la popularit\u00e9 de certaines requ\u00eates.<\/p>\n<p><strong>V\u00e9rification de plusieurs rangs : <\/strong>permet de personnaliser l&#8217;emplacement, l&#8217;appareil et la langue pour obtenir des informations sur mesure.<\/p>\n<p><strong>Int\u00e9grations de comptes Google : <\/strong>Google Search Console est pris en charge pour l&#8217;importation de mots-cl\u00e9s et le suivi en temps r\u00e9el de leurs performances.<\/p>\n<h3>Principales caract\u00e9ristiques de Keyword Volume Finder<\/h3>\n<p><strong>Tableau de bord unifi\u00e9: <\/strong>offre une vue d&#8217;ensemble des mesures de r\u00e9f\u00e9rencement, permettant un suivi et une analyse rationalis\u00e9s.<\/p>\n<p><strong>Interface conviviale: <\/strong>con\u00e7ue pour faciliter la navigation, elle est accessible aux utilisateurs de tous niveaux.<\/p>\n<p><strong>Ensemble complet d&#8217;outils de r\u00e9f\u00e9rencement : <\/strong>fournit une suite compl\u00e8te d&#8217;outils n\u00e9cessaires \u00e0 la mise en \u0153uvre d&#8217;une strat\u00e9gie de r\u00e9f\u00e9rencement efficace, de la recherche de mots-cl\u00e9s \u00e0 l&#8217;audit de site.<\/p>\n<h2 id=\"par2\">Comment utiliser l&#8217;outil<\/h2>\n<p>Notre outil peut vous aider \u00e0 augmenter de mani\u00e8re significative le classement de votre site web dans les moteurs de recherche. Gr\u00e2ce \u00e0 ses fonctionnalit\u00e9s, vous obtiendrez des statistiques actualis\u00e9es sur les mots-cl\u00e9s les mieux class\u00e9s et des conseils sur ceux que vous devriez int\u00e9grer \u00e0 votre site pour le rendre plus attrayant.<\/p>\n<p>Jetez un coup d&#8217;\u0153il \u00e0 ces 3 \u00e9tapes rapides pour voir comment cela fonctionne :<\/p>\n<h3>\u00c9tape 1. Ins\u00e9rez votre domaine<\/h3>\n<p>Pour commencer \u00e0 travailler avec notre outil, entrez le domaine de votre site web dans la barre de recherche de la page d&#8217;accueil. Pour commencer une v\u00e9rification, cliquez sur le bouton &#8220;V\u00e9rifier le volume des mots-cl\u00e9s&#8221;.<\/p>\n<div class=\"content__img-wrap\"><img src=\"https:\/\/sitechecker.pro\/wp-content\/uploads\/2024\/02\/keyword-search-volume-checker.png\" alt=\"Keyword Search Volume Checker\" class=\"description-img description-img-zoom\" loading=\"lazy\" ><\/div>\n<div class=\"important-block\">Pour recevoir les r\u00e9sultats et acc\u00e9der aux fonctionnalit\u00e9s de Sitechecker pendant 14 jours, d\u00e9marrez votre essai GRATUIT. L'inscription est facile avec votre e-mail, votre compte Google ou Facebook. Aucune carte de cr\u00e9dit n'est n\u00e9cessaire.<\/div>\n<h3>\u00c9tape 2 : Configuration des mots-cl\u00e9s<\/h3>\n<p>S\u00e9lectionnez et \u00e9valuez facilement le classement des requ\u00eates de recherche \u00e0 l&#8217;aide de l&#8217;une des trois m\u00e9thodes suivantes : recevoir des suggestions, utiliser les donn\u00e9es de Google Search Console ou t\u00e9l\u00e9charger un fichier Excel.<\/p>\n<div class=\"content__img-wrap\"><img src=\"https:\/\/sitechecker.pro\/wp-content\/uploads\/2024\/02\/keyword-configuration.png\" alt=\"Keyword Configuration\" class=\"description-img description-img-zoom\" loading=\"lazy\" ><\/div>\n<p>L&#8217;analyseur facilite la d\u00e9couverte de tous les mots-cl\u00e9s pertinents li\u00e9s au classement de votre site. S\u00e9lectionnez ceux qui correspondent \u00e0 vos objectifs de marketing et suivez r\u00e9guli\u00e8rement leurs performances.<\/p>\n<div class=\"content__img-wrap\"><img src=\"https:\/\/sitechecker.pro\/wp-content\/uploads\/2024\/02\/keyword-suggestions-1.png\" alt=\"Keyword Suggestions\" class=\"description-img description-img-zoom\" loading=\"lazy\" ><\/div>\n<p>S\u00e9lectionnez &#8220;Google Search Console&#8221; pour importer des mots-cl\u00e9s et \u00e9valuer votre classement pour ces termes. Une bo\u00eete de dialogue s&#8217;affiche pour vous aider \u00e0 \u00e9tablir une connexion avec Google Search Console et Analytics.<\/p>\n<div class=\"content__img-wrap\"><img src=\"https:\/\/sitechecker.pro\/wp-content\/uploads\/2024\/02\/connect-google-account.png\" alt=\"Connect Google Account\" class=\"description-img description-img-zoom\" loading=\"lazy\" ><\/div>\n<p>Cette fonctionnalit\u00e9 permet \u00e0 notre outil d&#8217;extraire des phrases cl\u00e9s directement de Google Search Console, ainsi que les informations relatives \u00e0 leur classement actuel, et de les int\u00e9grer sans effort dans votre liste de suivi.<\/p>\n<div class=\"content__img-wrap\"><img src=\"https:\/\/sitechecker.pro\/wp-content\/uploads\/2024\/02\/gsc-keywords.png\" alt=\"GSC Keywords\" class=\"description-img description-img-zoom\" loading=\"lazy\" ><\/div>\n<p>Utilisez l&#8217;option &#8220;Fichier Excel&#8221; pour t\u00e9l\u00e9charger une liste personnalis\u00e9e de requ\u00eates de recherche \u00e0 partir d&#8217;un document Excel. Le format convivial de l&#8217;outil permet de rationaliser l&#8217;ajout de nombreuses requ\u00eates sp\u00e9cifiques pour un suivi et une analyse personnalis\u00e9s.<\/p>\n<div class=\"content__img-wrap\"><img src=\"https:\/\/sitechecker.pro\/wp-content\/uploads\/2024\/02\/import-keywords-1.png\" alt=\"Import Keywords\" class=\"description-img description-img-zoom\" loading=\"lazy\" ><\/div>\n<p>Vous avez \u00e9galement la possibilit\u00e9 d&#8217;ajuster les param\u00e8tres du moteur de recherche, ce qui vous permet de d\u00e9finir plus pr\u00e9cis\u00e9ment votre public cible et d&#8217;affiner vos pr\u00e9f\u00e9rences de recherche. Vous pouvez notamment s\u00e9lectionner des lieux g\u00e9ographiques, des langues et des appareils sp\u00e9cifiques, tels que les ordinateurs de bureau et les t\u00e9l\u00e9phones portables, afin de mieux tenir compte des caract\u00e9ristiques de votre public.<\/p>\n<div class=\"content__img-wrap\"><img src=\"https:\/\/sitechecker.pro\/wp-content\/uploads\/2024\/02\/search-engine-settings-1.png\" alt=\"Search Engine Settings\" class=\"description-img description-img-zoom\" loading=\"lazy\" ><\/div>\n<p>Une fois que vous avez finalis\u00e9 vos param\u00e8tres, cliquez sur &#8220;Ajouter&#8221;. Ensuite, l&#8217;option &#8220;G\u00e9rer les mots-cl\u00e9s&#8221; vous permettra de cat\u00e9goriser et de hi\u00e9rarchiser vos mots-cl\u00e9s sur les pages afin d&#8217;adapter efficacement votre strat\u00e9gie marketing.<\/p>\n<div class=\"content__img-wrap\"><img src=\"https:\/\/sitechecker.pro\/wp-content\/uploads\/2024\/02\/manage-keywords-1.png\" alt=\"Manage Keywords\" class=\"description-img description-img-zoom\" loading=\"lazy\" ><\/div>\n<h3>\u00c9tape 3 : Collecte de donn\u00e9es sur le volume de recherche des mots-cl\u00e9s cibles<\/h3>\n<p>Une fois les mots-cl\u00e9s ajout\u00e9s, l&#8217;outil recueille les donn\u00e9es des r\u00e9sultats de recherche pour ces termes et g\u00e9n\u00e8re une liste de demandes tra\u00e7ables. \u00c0 ce stade, vous pouvez regrouper les mots-cl\u00e9s pertinents pour le suivi, les URL, y compris le volume de requ\u00eates et la pr\u00e9sence de featured snippets, entre autres mesures.<\/p>\n<div class=\"content__img-wrap\"><img src=\"https:\/\/sitechecker.pro\/wp-content\/uploads\/2024\/02\/keywords-volume.png\" alt=\"Keywords Volume\" class=\"description-img description-img-zoom\" loading=\"lazy\" ><\/div>\n<h2 id=\"par3\">Caract\u00e9ristiques Suppl\u00e9mentaires<\/h2>\n<p>Le v\u00e9rificateur de volume de recherche de mots-cl\u00e9s en vrac comprend une zone de navigation principale dans laquelle vous pouvez basculer entre &#8220;Mots-cl\u00e9s&#8221; et &#8220;Pages&#8221;, indiquant deux perspectives d&#8217;analyse diff\u00e9rentes. Un s\u00e9lecteur de date dans le coin sup\u00e9rieur droit permet aux utilisateurs de d\u00e9finir la p\u00e9riode de temps pour les donn\u00e9es pr\u00e9sent\u00e9es. En dessous, les principales mesures de r\u00e9f\u00e9rencement sont affich\u00e9es : r\u00e9partition du classement, pourcentage de visibilit\u00e9 et progression de l&#8217;indexation. Ces indicateurs donnent un aper\u00e7u des performances de recherche et de la visibilit\u00e9 des mots-cl\u00e9s ou des pages suivis au cours de la p\u00e9riode sp\u00e9cifi\u00e9e.<\/p>\n<div class=\"content__img-wrap\"><img src=\"https:\/\/sitechecker.pro\/wp-content\/uploads\/2024\/02\/rank-tracker-dashboard.png\" alt=\"Rank Tracker Dashboard\" class=\"description-img description-img-zoom\" loading=\"lazy\" ><\/div>\n<p>Le v\u00e9rificateur de volume de recherche par mot-cl\u00e9 de Google illustre une liste de mots-cl\u00e9s ainsi que plusieurs mesures cl\u00e9s. Il affiche le volume de recherche de chaque mot-cl\u00e9, un graphique de tendance et la position actuelle dans les classements de recherche.<\/p>\n<p>En outre, il fournit une comparaison au jour le jour des changements dans les positions de classement. Chaque mot-cl\u00e9 est accompagn\u00e9 de drapeaux indiquant le pays cibl\u00e9 et d&#8217;une ic\u00f4ne SERP, ce qui sugg\u00e8re que l&#8217;outil suit \u00e9galement les caract\u00e9ristiques des pages de r\u00e9sultats des moteurs de recherche associ\u00e9es \u00e0 chaque mot-cl\u00e9.<\/p>\n<div class=\"content__img-wrap\"><img src=\"https:\/\/sitechecker.pro\/wp-content\/uploads\/2024\/02\/keywords-positions.png\" alt=\"Keywords Positions\" class=\"description-img description-img-zoom\" loading=\"lazy\" ><\/div>\n<h2 id=\"par4\">Id\u00e9e Finale<\/h2>\n<p>Le Keyword Search Volume Finder est un outil num\u00e9rique con\u00e7u pour aider \u00e0 am\u00e9liorer le r\u00e9f\u00e9rencement d&#8217;un site web en estimant le volume de recherche des mots-cl\u00e9s et en fournissant des id\u00e9es bas\u00e9es sur les donn\u00e9es de Google Search Console, l&#8217;analyse des SERP et les informations sur les concurrents. Il offre des fonctionnalit\u00e9s telles que la mesure des volumes de recherche, la v\u00e9rification du multi-rang avec des param\u00e8tres personnalisables pour la localisation et la langue, et l&#8217;int\u00e9gration avec les comptes Google pour l&#8217;importation de donn\u00e9es et le suivi des performances en temps r\u00e9el. Ses principales caract\u00e9ristiques comprennent un tableau de bord unifi\u00e9 pour les mesures SEO, une interface conviviale pour une navigation facile et un ensemble complet d&#8217;outils SEO pour la recherche de mots-cl\u00e9s et l&#8217;audit de sites. L&#8217;outil aide \u00e0 la configuration des mots-cl\u00e9s et fournit des analyses d\u00e9taill\u00e9es pour informer et am\u00e9liorer les strat\u00e9gies de r\u00e9f\u00e9rencement.<\/p>\n<div id=\"par5\"><\/div>\n<p><div class=\"front__faq-block\"><div class=\"faq__block-title\">FAQ<\/div><div class=\"panel-group\" id=\"faq-accordion\" itemscope itemtype=\"https:\/\/schema.org\/FAQPage\" role=\"tablist\" aria-multiselectable=\"true\"><div class=\"panel\" itemscope itemtype=\"https:\/\/schema.org\/Question\" itemprop=\"mainEntity\">\n                            <div class=\"panel-heading\" id=\"headingFaq-1\">\n                                <div class=\"panel-title\" data-toggle=\"collapse\" aria-expanded=\"false\" href=\"#collapseFaq-1\">\n                                    <h3 itemprop=\"name\">Puis-je suivre le volume de recherche de mots-cl\u00e9s dans diff\u00e9rents pays ?<\/h3>\n                                <\/div>\n                            <\/div>\n                            <div id=\"collapseFaq-1\" class=\"panel-collapse collapse\" itemprop=\"acceptedAnswer\" itemscope itemtype=\"http:\/\/schema.org\/Answer\">\n                                <div class=\"panel-body\" itemprop=\"text\">Oui, l'outil vous permet de personnaliser votre recherche en s\u00e9lectionnant des emplacements g\u00e9ographiques sp\u00e9cifiques pour suivre les volumes de recherche de mots cl\u00e9s pertinents pour diff\u00e9rents pays.<\/div>\n                            <\/div>\n                        <\/div><div class=\"panel\" itemscope itemtype=\"https:\/\/schema.org\/Question\" itemprop=\"mainEntity\">\n                            <div class=\"panel-heading\" id=\"headingFaq-2\">\n                                <div class=\"panel-title\" data-toggle=\"collapse\" aria-expanded=\"false\" href=\"#collapseFaq-2\">\n                                    <h3 itemprop=\"name\">La recherche du volume de recherche par mot cl\u00e9 est-elle utile pour le marketing de contenu ?<\/h3>\n                                <\/div>\n                            <\/div>\n                            <div id=\"collapseFaq-2\" class=\"panel-collapse collapse\" itemprop=\"acceptedAnswer\" itemscope itemtype=\"http:\/\/schema.org\/Answer\">\n                                <div class=\"panel-body\" itemprop=\"text\">Absolument, cela aide \u00e0 identifier les mots-cl\u00e9s \u00e0 volume \u00e9lev\u00e9 \u00e0 cibler, en alignant votre contenu sur ce que recherche votre public, am\u00e9liorant ainsi votre strat\u00e9gie de marketing de contenu.<\/div>\n                            <\/div>\n                        <\/div><div class=\"panel\" itemscope itemtype=\"https:\/\/schema.org\/Question\" itemprop=\"mainEntity\">\n                            <div class=\"panel-heading\" id=\"headingFaq-3\">\n                                <div class=\"panel-title\" data-toggle=\"collapse\" aria-expanded=\"false\" href=\"#collapseFaq-3\">\n                                    <h3 itemprop=\"name\">\u00c0 quelle fr\u00e9quence les donn\u00e9es de classement des mots cl\u00e9s sont-elles mises \u00e0 jour dans l'outil ?<\/h3>\n                                <\/div>\n                            <\/div>\n                            <div id=\"collapseFaq-3\" class=\"panel-collapse collapse\" itemprop=\"acceptedAnswer\" itemscope itemtype=\"http:\/\/schema.org\/Answer\">\n                                <div class=\"panel-body\" itemprop=\"text\">L'outil fournit des mises \u00e0 jour r\u00e9guli\u00e8res, dont la fr\u00e9quence d\u00e9pend souvent des param\u00e8tres sp\u00e9cifiques et des abonnements que vous avez choisis dans l'outil.<\/div>\n                            <\/div>\n                        <\/div><\/div><\/div><\/p>","protected":false},"excerpt":{"rendered":"Qu&#8217;est-ce que le V\u00e9rificateur de volume de recherche des mots-cl\u00e9s ? Le V\u00e9rificateur de volume de recherche des mots-cl\u00e9s de Sitechecker est con\u00e7u pour v\u00e9rifier le volume de recherche des mots-cl\u00e9s et fournir des id\u00e9es bas\u00e9es sur les donn\u00e9es de la Google Search Console, l&#8217;analyse des SERP et les informations sur les concurrents. Il offre&#8230;","protected":false},"author":10718706,"featured_media":23028,"parent":0,"menu_order":0,"comment_status":"closed","ping_status":"closed","template":"pages-templates\/pages-minitools-3.php","meta":[],"categories":[71],"tags":[],"_links":{"self":[{"href":"https:\/\/sitechecker.pro\/fr\/wp-json\/wp\/v2\/pages\/19570"}],"collection":[{"href":"https:\/\/sitechecker.pro\/fr\/wp-json\/wp\/v2\/pages"}],"about":[{"href":"https:\/\/sitechecker.pro\/fr\/wp-json\/wp\/v2\/types\/page"}],"author":[{"embeddable":true,"href":"https:\/\/sitechecker.pro\/fr\/wp-json\/wp\/v2\/users\/10718706"}],"replies":[{"embeddable":true,"href":"https:\/\/sitechecker.pro\/fr\/wp-json\/wp\/v2\/comments?post=19570"}],"version-history":[{"count":13,"href":"https:\/\/sitechecker.pro\/fr\/wp-json\/wp\/v2\/pages\/19570\/revisions"}],"predecessor-version":[{"id":36079,"href":"https:\/\/sitechecker.pro\/fr\/wp-json\/wp\/v2\/pages\/19570\/revisions\/36079"}],"wp:featuredmedia":[{"embeddable":true,"href":"https:\/\/sitechecker.pro\/fr\/wp-json\/wp\/v2\/media\/23028"}],"wp:attachment":[{"href":"https:\/\/sitechecker.pro\/fr\/wp-json\/wp\/v2\/media?parent=19570"}],"wp:term":[{"taxonomy":"category","embeddable":true,"href":"https:\/\/sitechecker.pro\/fr\/wp-json\/wp\/v2\/categories?post=19570"},{"taxonomy":"post_tag","embeddable":true,"href":"https:\/\/sitechecker.pro\/fr\/wp-json\/wp\/v2\/tags?post=19570"}],"curies":[{"name":"wp","href":"https:\/\/api.w.org\/{rel}","templated":true}]}}