{"id":19066,"date":"2022-08-12T08:06:51","date_gmt":"2022-08-12T08:06:51","guid":{"rendered":"https:\/\/sitechecker.pro\/?page_id=19066"},"modified":"2026-02-16T17:01:05","modified_gmt":"2026-02-16T17:01:05","slug":"hreflang-checker","status":"publish","type":"page","link":"https:\/\/sitechecker.pro\/fr\/hreflang-checker\/","title":{"rendered":"Hreflang Tag Checker | Analyser le Hreflang pour n&#8217;importe quelle page du site \u2611"},"content":{"rendered":"<p><\/p>\n<h2 id=\"par1\">Qu&#8217;est-ce que le testeur Hreflang\u00a0?<\/h2>\n<p>Le v\u00e9rificateur de balises Hreflang de <a href=\"https:\/\/sitechecker.pro\/\" target=\"_blank\" rel=\"noopener noreferrer\">Sitechecker<\/a> est un outil permettant d&#8217;analyser et de valider les balises hreflang sur des pages individuelles ou des sites Web entiers afin de garantir une localisation appropri\u00e9e et d&#8217;am\u00e9liorer le r\u00e9f\u00e9rencement international.<\/p>\n<h3>Comment l&#8217;outil peut-il vous aider\u00a0?<\/h3>\n<p><strong>Analyse Hreflang\u00a0:<\/strong>v\u00e9rifie les balises hreflang sur toutes les pages, identifie les <a href=\"https:\/\/sitechecker.pro\/site-audit-issues\/hreflang-annotation-invalid\/\" target=\"_blank\" rel=\"noopener noreferrer\">probl\u00e8mes de localisation<\/a> et les surveille au fil du temps.<\/p>\n<p><strong>Rapports sur une seule page\u00a0:<\/strong>valide rapidement les balises hreflang pour une page sp\u00e9cifique sans avoir besoin d&#8217;un compte.<\/p>\n<p><strong>V\u00e9rification des liens en amont\u00a0:<\/strong>assure une mise en \u0153uvre correcte du hreflang en v\u00e9rifiant les liens r\u00e9ciproques entre les pages localis\u00e9es.<\/p>\n<h3>Principales fonctionnalit\u00e9s de l&#8217;outil Sitechecker<\/h3>\n<p><strong>Tableau de bord unifi\u00e9\u00a0:<\/strong>une plate-forme centralis\u00e9e pour surveiller les performances du site Web, suivre les mesures SEO et g\u00e9rer tous les audits et rapports en un seul endroit.<\/p>\n<p><strong>Interface conviviale\u00a0:<\/strong>conception intuitive et facile \u00e0 parcourir, la rendant accessible aux d\u00e9butants et efficace aux professionnels du r\u00e9f\u00e9rencement.<\/p>\n<p><strong>Ensemble complet d&#8217;outils SEO\u00a0:<\/strong>offre une gamme compl\u00e8te d&#8217;outils, notamment des audits de site, un suivi des classements, une analyse des backlinks et des contr\u00f4les SEO sur page, pour optimiser efficacement les sites Web.<\/p>\n<h2 id=\"par2\">Comment utiliser l&#8217;outil<\/h2>\n<p>Pour utiliser le v\u00e9rificateur de balises Hreflang, s\u00e9lectionnez soit une analyse compl\u00e8te du site, soit un rapport instantan\u00e9 sur une seule page. Saisissez l&#8217;URL de votre site Web ou de votre page, cliquez sur \u00ab\u00a0D\u00e9marrer l&#8217;audit\u00a0\u00bb et examinez les r\u00e9sultats.<\/p>\n<div class=\"content__img-wrap\"><img src=\"https:\/\/sitechecker.pro\/wp-content\/uploads\/2025\/01\/choose-audit-option_679a4801dc34d.png\" alt=\"Choose Audit Option\" class=\"description-img description-img-zoom\" loading=\"lazy\" ><\/div>\n<h2 id=\"par3\">Tester les balises hreflang pour toutes les pages<\/h2>\n<h3>\u00c9tape 1\u00a0: Choisissez la premi\u00e8re option de test<\/h3>\n<p>V\u00e9rifiez les balises hreflang, v\u00e9rifiez les liens retour entre les pages, identifiez les probl\u00e8mes de localisation et assurez une surveillance continue des probl\u00e8mes de localisation potentiels.<\/p>\n<div class=\"content__img-wrap\"><img src=\"https:\/\/sitechecker.pro\/wp-content\/uploads\/2025\/01\/check-hreflang-site.png\" alt=\"V\u00e9rifier le site Hreflang\" class=\"description-img description-img-zoom\" loading=\"lazy\" ><\/div>\n<div class=\"important-block\">Pour recevoir les r\u00e9sultats et acc\u00e9der aux fonctionnalit\u00e9s de Sitechecker pendant 14 jours, d\u00e9marrez votre essai GRATUIT. L'inscription est facile avec votre e-mail, votre compte Google ou Facebook. Aucune carte de cr\u00e9dit n'est n\u00e9cessaire.<\/div>\n<h3>\u00c9tape 2\u00a0:\u00a0Obtenir les r\u00e9sultats<\/h3>\n<p>Obtenez des informations exploitables sur l&#8217;optimisation du hreflang, notamment l&#8217;identification des erreurs, des pages affect\u00e9es et des suggestions dans le code pour garantir une localisation pr\u00e9cise pour les publics mondiaux.<\/p>\n<div class=\"content__img-wrap\"><img src=\"https:\/\/sitechecker.pro\/wp-content\/uploads\/2025\/01\/localization-issues-list.png\" alt=\"Liste des probl\u00e8mes de localisation\" class=\"description-img description-img-zoom\" loading=\"lazy\" ><\/div>\n<h2 id=\"par4\">Configurer les alertes de changement de balise Hreflang<\/h2>\n<p>Configurez les alertes de changement de balise Hreflang pour rester inform\u00e9 de toute mise \u00e0 jour ou modification de vos balises de ciblage linguistique. Cela garantit des r\u00e9ponses rapides aux changements, contribuant ainsi \u00e0 maintenir une localisation pr\u00e9cise et des performances SEO. Pour ce faire, cliquez sur la cloche dans le coin sup\u00e9rieur droit de votre \u00e9cran.<\/p>\n<div class=\"content__img-wrap\"><img src=\"https:\/\/sitechecker.pro\/wp-content\/uploads\/2025\/01\/enable-alerts.png\" alt=\"Activer les alertes\" class=\"description-img description-img-zoom\" loading=\"lazy\" ><\/div>\n<h3>Fonctionnalit\u00e9s suppl\u00e9mentaires<\/h3>\n<p>Obtenez un aper\u00e7u complet de l&#8217;optimisation SEO, y compris les probl\u00e8mes critiques, les avertissements et les opportunit\u00e9s d&#8217;am\u00e9lioration. Les fonctionnalit\u00e9s suppl\u00e9mentaires incluent une cat\u00e9gorisation d\u00e9taill\u00e9e des probl\u00e8mes, la r\u00e9partition des pages affect\u00e9es et des informations exploitables pour l&#8217;optimisation des liens, la localisation et la pertinence du contenu.<\/p>\n<div class=\"content__img-wrap\"><img src=\"https:\/\/sitechecker.pro\/wp-content\/uploads\/2025\/01\/all-issues-list_679a47f5ea108.png\" alt=\"Liste de tous les probl\u00e8mes\" class=\"description-img description-img-zoom\" loading=\"lazy\" ><\/div>\n<h2 id=\"par5\">Tester la balise Hreflang de la page<\/h2>\n<h3>\u00c9tape 1\u00a0:\u00a0Ins\u00e9rez le lien et choisissez la deuxi\u00e8me option du test<\/h3>\n<div class=\"content__img-wrap\"><img src=\"https:\/\/sitechecker.pro\/wp-content\/uploads\/2025\/01\/check-hreflang-page.png\" alt=\"V\u00e9rifier la page Hreflang\" class=\"description-img description-img-zoom\" loading=\"lazy\" ><\/div>\n<div class=\"important-block\">Pour recevoir les r\u00e9sultats et acc\u00e9der aux fonctionnalit\u00e9s de Sitechecker pendant 14 jours, d\u00e9marrez votre essai GRATUIT. L'inscription est facile avec votre e-mail, votre compte Google ou Facebook. Aucune carte de cr\u00e9dit n'est n\u00e9cessaire.<\/div>\n<h3>\u00c9tape 2\u00a0:\u00a0Obtenez les r\u00e9sultats<\/h3>\n<p>Analysez la localisation des pages avec une v\u00e9rification d\u00e9taill\u00e9e des balises de ciblage linguistique pour garantir une mise en \u0153uvre appropri\u00e9e des liens alternatifs et identifier les balises manquantes ou incorrectes pour am\u00e9liorer les performances SEO multilingues.<\/p>\n<div class=\"content__img-wrap\"><img src=\"https:\/\/sitechecker.pro\/wp-content\/uploads\/2025\/01\/alternate-link-check.png\" alt=\"V\u00e9rification des liens alternatifs\" class=\"description-img description-img-zoom\" loading=\"lazy\" ><\/div>\n<p>Pour voir comment l&#8217;outil peut vous aider \u00e0 am\u00e9liorer techniquement la sant\u00e9 de votre site et \u00e0 pr\u00e9venir les dysfonctionnements, cliquez sur le bloc Audit du site pour voir la d\u00e9monstration.<\/p>\n<div class=\"content__img-wrap\"><img src=\"https:\/\/sitechecker.pro\/wp-content\/uploads\/2025\/01\/site-audit_679a47eff1b47.png\" alt=\"Audit du site\" class=\"description-img description-img-zoom\" loading=\"lazy\" ><\/div>\n<p>Vous pouvez \u00e9galement ajouter l&#8217;extension Chrome Sitechecker pour v\u00e9rifier les balises hreflang sur une page.<\/p>\n<div class=\"content__img-wrap\"><img src=\"https:\/\/sitechecker.pro\/wp-content\/uploads\/2025\/01\/sitechecker-chrome-extension.png\" alt=\"Extension Chrome Sitechecker\" class=\"description-img description-img-zoom\" loading=\"lazy\" ><\/div>\n<p>Cela vous permettra d&#8217;obtenir des donn\u00e9es d\u00e9taill\u00e9es sur les langues, les liens retour, les liens utilisateur et les codes de r\u00e9ponse pour garantir une localisation appropri\u00e9e et la conformit\u00e9 SEO.<\/p>\n<div class=\"content__img-wrap\"><img src=\"https:\/\/sitechecker.pro\/wp-content\/uploads\/2025\/01\/extension-hreflang-check.png\" alt=\"Extension Hreflang Check\" class=\"description-img description-img-zoom\" loading=\"lazy\" ><\/div>\n<h3>Fonctionnalit\u00e9s suppl\u00e9mentaires<\/h3>\n<p>Obtenez des informations d\u00e9taill\u00e9es sur l&#8217;optimisation hreflang de votre URL, notamment les balises manquantes, la longueur du titre et les probl\u00e8mes d&#8217;accessibilit\u00e9. Les fonctionnalit\u00e9s suppl\u00e9mentaires incluent l&#8217;optimisation compl\u00e8te du contenu, l&#8217;identification des probl\u00e8mes critiques et des avertissements exploitables pour am\u00e9liorer les performances SEO.<\/p>\n<div class=\"content__img-wrap\"><img src=\"https:\/\/sitechecker.pro\/wp-content\/uploads\/2025\/01\/issues-overview_679a47e994251.png\" alt=\"Aper\u00e7u des probl\u00e8mes\" class=\"description-img description-img-zoom\" loading=\"lazy\" ><\/div>\n<h2 id=\"par6\">Id\u00e9e finale<\/h2>\n<p>Le v\u00e9rificateur de balises Hreflang analyse les balises de ciblage linguistique sur les pages ou les sites entiers, garantissant une localisation appropri\u00e9e et un meilleur r\u00e9f\u00e9rencement international. Il propose des audits de site, des rapports sur une seule page, une v\u00e9rification des liens en arri\u00e8re et des informations exploitables sur les probl\u00e8mes critiques et l&#8217;optimisation. Avec une interface intuitive et des outils complets, il simplifie la gestion du r\u00e9f\u00e9rencement.<\/p>\n<div id=\"par7\"><\/div>\n<p><div class=\"front__faq-block\"><div class=\"faq__block-title\">FAQ<\/div><div class=\"panel-group\" id=\"faq-accordion\" itemscope itemtype=\"https:\/\/schema.org\/FAQPage\" role=\"tablist\" aria-multiselectable=\"true\"><div class=\"panel\" itemscope itemtype=\"https:\/\/schema.org\/Question\" itemprop=\"mainEntity\">\n                            <div class=\"panel-heading\" id=\"headingFaq-1\">\n                                <div class=\"panel-title\" data-toggle=\"collapse\" aria-expanded=\"false\" href=\"#collapseFaq-1\">\n                                    <h3 itemprop=\"name\">Le v\u00e9rificateur de balises Hreflang peut-il surveiller les probl\u00e8mes de localisation en cours ?<\/h3>\n                                <\/div>\n                            <\/div>\n                            <div id=\"collapseFaq-1\" class=\"panel-collapse collapse\" itemprop=\"acceptedAnswer\" itemscope itemtype=\"http:\/\/schema.org\/Answer\">\n                                <div class=\"panel-body\" itemprop=\"text\">Oui, l'outil surveille les probl\u00e8mes de localisation au fil du temps, garantissant que votre site Web reste optimis\u00e9 pour les publics multilingues.<\/div>\n                            <\/div>\n                        <\/div><div class=\"panel\" itemscope itemtype=\"https:\/\/schema.org\/Question\" itemprop=\"mainEntity\">\n                            <div class=\"panel-heading\" id=\"headingFaq-2\">\n                                <div class=\"panel-title\" data-toggle=\"collapse\" aria-expanded=\"false\" href=\"#collapseFaq-2\">\n                                    <h3 itemprop=\"name\">Quelles informations suppl\u00e9mentaires l'outil fournit-il en plus de l'analyse des balises de ciblage linguistique ?<\/h3>\n                                <\/div>\n                            <\/div>\n                            <div id=\"collapseFaq-2\" class=\"panel-collapse collapse\" itemprop=\"acceptedAnswer\" itemscope itemtype=\"http:\/\/schema.org\/Answer\">\n                                <div class=\"panel-body\" itemprop=\"text\">L'outil offre des informations sur l'optimisation du contenu, la longueur des titres, l'accessibilit\u00e9 et les probl\u00e8mes critiques de r\u00e9f\u00e9rencement comme le contenu dupliqu\u00e9 et l'indexabilit\u00e9.<\/div>\n                            <\/div>\n                        <\/div><div class=\"panel\" itemscope itemtype=\"https:\/\/schema.org\/Question\" itemprop=\"mainEntity\">\n                            <div class=\"panel-heading\" id=\"headingFaq-3\">\n                                <div class=\"panel-title\" data-toggle=\"collapse\" aria-expanded=\"false\" href=\"#collapseFaq-3\">\n                                    <h3 itemprop=\"name\">Puis-je recevoir des alertes pour les modifications de la balise hreflang ?<\/h3>\n                                <\/div>\n                            <\/div>\n                            <div id=\"collapseFaq-3\" class=\"panel-collapse collapse\" itemprop=\"acceptedAnswer\" itemscope itemtype=\"http:\/\/schema.org\/Answer\">\n                                <div class=\"panel-body\" itemprop=\"text\">Oui, vous pouvez configurer des alertes pour vous informer des modifications de la balise hreflang, garantissant ainsi des r\u00e9ponses rapides aux mises \u00e0 jour.<\/div>\n                            <\/div>\n                        <\/div><div class=\"panel\" itemscope itemtype=\"https:\/\/schema.org\/Question\" itemprop=\"mainEntity\">\n                            <div class=\"panel-heading\" id=\"headingFaq-4\">\n                                <div class=\"panel-title\" data-toggle=\"collapse\" aria-expanded=\"false\" href=\"#collapseFaq-4\">\n                                    <h3 itemprop=\"name\">Comment l'outil v\u00e9rifie-t-il l'impl\u00e9mentation de hreflang ?<\/h3>\n                                <\/div>\n                            <\/div>\n                            <div id=\"collapseFaq-4\" class=\"panel-collapse collapse\" itemprop=\"acceptedAnswer\" itemscope itemtype=\"http:\/\/schema.org\/Answer\">\n                                <div class=\"panel-body\" itemprop=\"text\">Il v\u00e9rifie les liens r\u00e9ciproques entre les pages localis\u00e9es pour garantir une impl\u00e9mentation correcte de la balise hreflang.<\/div>\n                            <\/div>\n                        <\/div><div class=\"panel\" itemscope itemtype=\"https:\/\/schema.org\/Question\" itemprop=\"mainEntity\">\n                            <div class=\"panel-heading\" id=\"headingFaq-5\">\n                                <div class=\"panel-title\" data-toggle=\"collapse\" aria-expanded=\"false\" href=\"#collapseFaq-5\">\n                                    <h3 itemprop=\"name\">Puis-je analyser les probl\u00e8mes de r\u00e9f\u00e9rencement non li\u00e9s \u00e0 hreflang avec cet outil ?<\/h3>\n                                <\/div>\n                            <\/div>\n                            <div id=\"collapseFaq-5\" class=\"panel-collapse collapse\" itemprop=\"acceptedAnswer\" itemscope itemtype=\"http:\/\/schema.org\/Answer\">\n                                <div class=\"panel-body\" itemprop=\"text\">Oui, l'outil identifie d'autres probl\u00e8mes de r\u00e9f\u00e9rencement tels que le rapport texte\/code, la vitesse de la page et les donn\u00e9es structur\u00e9es.<\/div>\n                            <\/div>\n                        <\/div><\/div><\/div><\/p>","protected":false},"excerpt":{"rendered":"Qu&#8217;est-ce que le testeur Hreflang\u00a0? Le v\u00e9rificateur de balises Hreflang de Sitechecker est un outil permettant d&#8217;analyser et de valider les balises hreflang sur des pages individuelles ou des sites Web entiers afin de garantir une localisation appropri\u00e9e et d&#8217;am\u00e9liorer le r\u00e9f\u00e9rencement international. Comment l&#8217;outil peut-il vous aider\u00a0? Analyse Hreflang\u00a0:v\u00e9rifie les balises hreflang sur toutes&#8230;","protected":false},"author":10504980,"featured_media":22928,"parent":0,"menu_order":0,"comment_status":"closed","ping_status":"closed","template":"pages-templates\/pages-minitools-3.php","meta":[],"categories":[74],"tags":[],"_links":{"self":[{"href":"https:\/\/sitechecker.pro\/fr\/wp-json\/wp\/v2\/pages\/19066"}],"collection":[{"href":"https:\/\/sitechecker.pro\/fr\/wp-json\/wp\/v2\/pages"}],"about":[{"href":"https:\/\/sitechecker.pro\/fr\/wp-json\/wp\/v2\/types\/page"}],"author":[{"embeddable":true,"href":"https:\/\/sitechecker.pro\/fr\/wp-json\/wp\/v2\/users\/10504980"}],"replies":[{"embeddable":true,"href":"https:\/\/sitechecker.pro\/fr\/wp-json\/wp\/v2\/comments?post=19066"}],"version-history":[{"count":29,"href":"https:\/\/sitechecker.pro\/fr\/wp-json\/wp\/v2\/pages\/19066\/revisions"}],"predecessor-version":[{"id":39295,"href":"https:\/\/sitechecker.pro\/fr\/wp-json\/wp\/v2\/pages\/19066\/revisions\/39295"}],"wp:featuredmedia":[{"embeddable":true,"href":"https:\/\/sitechecker.pro\/fr\/wp-json\/wp\/v2\/media\/22928"}],"wp:attachment":[{"href":"https:\/\/sitechecker.pro\/fr\/wp-json\/wp\/v2\/media?parent=19066"}],"wp:term":[{"taxonomy":"category","embeddable":true,"href":"https:\/\/sitechecker.pro\/fr\/wp-json\/wp\/v2\/categories?post=19066"},{"taxonomy":"post_tag","embeddable":true,"href":"https:\/\/sitechecker.pro\/fr\/wp-json\/wp\/v2\/tags?post=19066"}],"curies":[{"name":"wp","href":"https:\/\/api.w.org\/{rel}","templated":true}]}}