{"id":19062,"date":"2022-08-11T16:57:22","date_gmt":"2022-08-11T16:57:22","guid":{"rendered":"https:\/\/sitechecker.pro\/?page_id=19062"},"modified":"2026-02-16T17:01:41","modified_gmt":"2026-02-16T17:01:41","slug":"website-image-file-size-checker-optimize-images-speed-improve","status":"publish","type":"page","link":"https:\/\/sitechecker.pro\/fr\/image-size-checker\/","title":{"rendered":"Image File Size Checker | V\u00e9rifier l&#8217;optimisation des images du site web \u2611"},"content":{"rendered":"<p>Ajuster la taille des images sur votre site web peut am\u00e9liorer consid\u00e9rablement ses performances et le rendre plus attrayant pour les utilisateurs. Optimiser les visuels am\u00e9liore la vitesse de chargement de la page, ce qui incite les utilisateurs \u00e0 rester sur la page et \u00e0 ne pas perdre de temps \u00e0 attendre l&#8217;affichage de l&#8217;image. Outre l&#8217;am\u00e9lioration de l&#8217;exp\u00e9rience utilisateur et des performances de la page, les images peuvent \u00e9galement am\u00e9liorer le <a href=\"https:\/\/sitechecker.pro\/on-page-seo-checker\/\" target=\"_blank\" rel=\"noopener noreferrer\">SEO on-page<\/a>.<\/p>\n<p>Nous partagerons nos conseils pour am\u00e9liorer et optimiser les images de votre site web afin qu&#8217;elles apportent une valeur ajout\u00e9e \u00e0 votre page et optimisent ses performances. De plus, nous vous pr\u00e9senterons notre outil de v\u00e9rification de la taille des fichiers, pour une analyse rapide et efficace.<\/p>\n<h2 id=\"ik_what_is\">Qu&#8217;est-ce qu&#8217;un v\u00e9rificateur de taille de fichier image pour site web\u00a0?<\/h2>\n<p>Notre v\u00e9rificateur de taille de fichier image est un outil minimaliste mais pratique. Il indique si toutes les images de votre site web respectent les exigences de taille et n&#8217;affectent pas ses performances. Facile \u00e0 utiliser, il ne n\u00e9cessite aucune comp\u00e9tence particuli\u00e8re pour configurer et lancer l&#8217;analyse.<\/p>\n<p>L&#8217;outil explore chaque page de votre site web et traite toutes les images t\u00e9l\u00e9charg\u00e9es. Une fois le rapport termin\u00e9, vous verrez si certaines d&#8217;entre elles pr\u00e9sentent des probl\u00e8mes de taille et n\u00e9cessitent donc une optimisation.<\/p>\n<h2 id=\"ik_how_to_use\">Comment utiliser un outil de v\u00e9rification de la taille des fichiers image\u00a0?<\/h2>\n<p>Notre outil est rapide et facile \u00e0 utiliser. L&#8217;analyse ne prend donc que quelques minutes. Nous avons pr\u00e9par\u00e9 un guide \u00e9tape par \u00e9tape pour v\u00e9rifier facilement la taille des images de votre premier site web.<\/p>\n<h3>\u00c9tape 1\u00a0: Saisissez l&#8217;URL et commencez un essai gratuit<\/h3>\n<p>Copiez l&#8217;URL de votre site web et saisissez-la sur la page d&#8217;accueil du calculateur de taille des fichiers image. Un champ de recherche s&#8217;affichera pour vous permettre de la coller. L&#8217;analyse commencera sous peu. Vous pourrez ex\u00e9cuter cette analyse gratuitement. Cliquez sur le bouton \u00ab\u00a0Essai gratuit\u00a0\u00bb \u00e0 c\u00f4t\u00e9 de la barre de recherche. Vous n&#8217;avez pas besoin d&#8217;ajouter vos informations de carte bancaire pour l&#8217;utiliser.<\/p>\n<div class=\"content__img-wrap\"><img src=\"https:\/\/sitechecker.pro\/wp-content\/uploads\/2022\/08\/image_size_checker_1.png\" alt=\"V\u00e9rificateur de tailles d'images de site, premi\u00e8re \u00e9tape\" class=\"description-img description-img-zoom\" loading=\"lazy\" ><\/div>\n<h3>\u00c9tape 2. Recevoir un rapport<\/h3>\n<p>En quelques minutes, vous recevrez un rapport d&#8217;audit d\u00e9taill\u00e9 sur la page. Dans le bloc \u00ab\u00a0Images\u00a0\u00bb, vous verrez si des images d\u00e9passent la taille de fichier recommand\u00e9e et le nombre exact de probl\u00e8mes. L&#8217;outil affiche le code d&#8217;\u00e9tat, les attributs alt et title de l&#8217;<a href=\"https:\/\/sitechecker.pro\/broken-image-checker\/\" data-wpil-monitor-id=\"231\">image<\/a>.<\/p>\n<div class=\"content__img-wrap\"><img src=\"https:\/\/sitechecker.pro\/wp-content\/uploads\/2022\/08\/image_size_checker_2.png\" alt=\"R\u00e9sultat du test de fichiers image\" class=\"description-img description-img-zoom\" loading=\"lazy\" ><\/div>\n<h2 id=\"ik_how_detect_issues\">Comment identifier les pages contenant des images non optimis\u00e9es de plus de 100 Ko\u00a0?<\/h2>\n<p>Si vous souhaitez identifier rapidement les pages de votre site web qui alourdissent le plus son poids et les optimiser, le v\u00e9rificateur de taille de fichier image peut vous aider. Apr\u00e8s le lancement de l&#8217;exploration, nous analysons non seulement une URL, mais toutes les pages du site. Nous vous indiquons ensuite le nombre et la nature des pages contenant des images non optimis\u00e9es. Vous trouverez ces informations sur la page de r\u00e9sum\u00e9 de l&#8217;audit du site, dans la cat\u00e9gorie \u00ab\u00a0Vitesse de la page\u00a0\u00bb. En cliquant sur le bouton \u00ab\u00a0Afficher le probl\u00e8me\u00a0\u00bb, vous pouvez obtenir la liste des URL.<\/p>\n<div class=\"content__img-wrap\"><img src=\"https:\/\/sitechecker.pro\/wp-content\/uploads\/2022\/08\/image_size_checker_3.png\" alt=\"R\u00e9sum\u00e9 de l'audit du site : probl\u00e8mes de taille d'image\" class=\"description-img description-img-zoom\" loading=\"lazy\" ><\/div>\n<p>Dans la liste des pages, vous pourrez consulter les instructions de r\u00e9solution en cliquant sur \u00ab\u00a0Afficher le probl\u00e8me dans le code\u00a0\u00bb.<\/p>\n<div class=\"content__img-wrap\"><img src=\"https:\/\/sitechecker.pro\/wp-content\/uploads\/2022\/08\/image_size_checker_4.png\" alt=\"D\u00e9tails des probl\u00e8mes de taille d'image\" class=\"description-img description-img-zoom\" loading=\"lazy\" ><\/div>\n    <div class=\"blog__conversion blog__conversion-app element__logged_out\">\n        <div class=\"blog__conversion-inner\">\n            <p class=\"title\">Analysez non seulement la taille des images, mais l'ensemble du site !<\/p>\n            <p class=\"description\">Effectuez un audit complet pour identifier et corriger votre SEO technique.<\/p>\n            <form id=\"audit__form\"\n                  class=\"article__seo-search audit__form Effectuez un audit complet pour identifier et corriger votre SEO technique.\"\n                  action=\"\"\n                  method=\"POST\"\n                  autocomplete=\"off\">\n                <span class=\"error\"><\/span>\n                <div class=\"error__limits\">Something went wrong. Please, try again later.<\/div>\n                <input name=\"url\"\n                       type=\"text\"\n                       placeholder=\"Saisissez votre domaine ici\">\n                                <button type=\"submit\"\n                        class=\"sitechecker__text\">\n                    <span>Lancer l'audit<\/span>\n                    <img src=\"\/wp-content\/themes\/sitechecker\/out\/img_design\/loading.svg\"\n                         width=\"31\"\n                         height=\"30\"\n                         class=\"loading\">\n                <\/button>\n            <\/form>\n        <\/div>\n    <\/div>\n    \n<h2 id=\"ik_importance\">Pourquoi la taille des images est-elle importante pour le SEO\u00a0? Quel est l&#8217;impact sur la vitesse de chargement\u00a0?<\/h2>\n<p>Les images repr\u00e9sentant une part importante du poids total d&#8217;un site, elles impactent les performances des pages. Plus elles sont lourdes, plus le temps de chargement est long. Par cons\u00e9quent, pour am\u00e9liorer les indicateurs SEO de votre page, il est conseill\u00e9 d&#8217;optimiser et de compresser chaque image. La taille optimale est inf\u00e9rieure \u00e0 100\u00a0Ko.<\/p>\n<p>Le JPEG est le format le plus adapt\u00e9 au t\u00e9l\u00e9chargement sur une page web. L&#8217;une des principales raisons est qu&#8217;il permet de r\u00e9duire la taille des images de plus de 50\u00a0% sans perte de qualit\u00e9 significative.<\/p>\n<p>Pour garantir un chargement rapide et efficace de votre site web, essayez notre outil <a href=\"https:\/\/sitechecker.pro\/speed-test\/\" target=\"_blank\" rel=\"noopener noreferrer\">Test de vitesse de site web<\/a>\u00a0: vous pouvez effectuer ces v\u00e9rifications rapides \u00e0 chaque fois que vous t\u00e9l\u00e9chargez de nouvelles images ou pages sur un site.<\/p>\n<p>De plus, l&#8217;utilisation d&#8217;un <a href=\"https:\/\/sitechecker.pro\/website-image-crawler\/\">outil d&#8217;exploration d&#8217;images de site web<\/a> peut vous aider \u00e0 identifier les images non optimis\u00e9es sur votre site, garantissant ainsi que tout le contenu visuel est correctement compress\u00e9 pour de meilleurs temps de chargement et de meilleures performances SEO.<\/p>\n<h2 id=\"ik_how_to_fix\">Comment r\u00e9soudre un probl\u00e8me de taille d&#8217;image sup\u00e9rieure \u00e0 100 Ko\u00a0?<\/h2>\n<p>Il existe plusieurs solutions pour r\u00e9soudre ce probl\u00e8me. Vous trouverez toutes ces solutions dans le <a href=\"https:\/\/sitechecker.pro\/site-audit-issues\/image-size-100-kb\/\" target=\"_blank\" rel=\"noopener noreferrer\">guide pour corriger les images de plus de 100 Ko<\/a>. Vous pouvez \u00e9galement trouver des r\u00e9ponses dans ce guide vid\u00e9o complet d&#8217;<a href=\"https:\/\/www.youtube.com\/c\/eldargezalov\" target=\"_blank\" rel=\"noopener noreferrer\">Eldar Gezalov<\/a>.<\/p>\n<p><iframe title=\"Lecteur vid\u00e9o YouTube\" src=\"https:\/\/www.youtube.com\/embed\/l8RitnDp5rU\" width=\"770\" height=\"350\" frameborder=\"0\" allowfullscreen=\"allowfullscreen\"><\/iframe><\/p>\n<p><div class=\"front__faq-block\"><div class=\"faq__block-title\">FAQ<\/div><div class=\"panel-group\" id=\"faq-accordion\" itemscope itemtype=\"https:\/\/schema.org\/FAQPage\" role=\"tablist\" aria-multiselectable=\"true\"><div class=\"panel\" itemscope itemtype=\"https:\/\/schema.org\/Question\" itemprop=\"mainEntity\">\n                            <div class=\"panel-heading\" id=\"headingFaq-1\">\n                                <div class=\"panel-title\" data-toggle=\"collapse\" aria-expanded=\"false\" href=\"#collapseFaq-1\">\n                                    <h3 itemprop=\"name\">Quelle est la taille d'image optimale pour un r\u00e9f\u00e9rencement efficace ?<\/h3>\n                                <\/div>\n                            <\/div>\n                            <div id=\"collapseFaq-1\" class=\"panel-collapse collapse\" itemprop=\"acceptedAnswer\" itemscope itemtype=\"http:\/\/schema.org\/Answer\">\n                                <div class=\"panel-body\" itemprop=\"text\">La taille id\u00e9ale est inf\u00e9rieure \u00e0 70 Ko. Plus la taille est petite, plus l'image se charge rapidement. Cela am\u00e9liore les performances de votre page, n'affecte pas son aspect visuel et n'importune pas les utilisateurs qui attendent que tous les \u00e9l\u00e9ments de la page se chargent.<\/div>\n                            <\/div>\n                        <\/div><div class=\"panel\" itemscope itemtype=\"https:\/\/schema.org\/Question\" itemprop=\"mainEntity\">\n                            <div class=\"panel-heading\" id=\"headingFaq-2\">\n                                <div class=\"panel-title\" data-toggle=\"collapse\" aria-expanded=\"false\" href=\"#collapseFaq-2\">\n                                    <h3 itemprop=\"name\">Comment optimiser la taille des images sur WordPress ?<\/h3>\n                                <\/div>\n                            <\/div>\n                            <div id=\"collapseFaq-2\" class=\"panel-collapse collapse\" itemprop=\"acceptedAnswer\" itemscope itemtype=\"http:\/\/schema.org\/Answer\">\n                                <div class=\"panel-body\" itemprop=\"text\">Il existe plusieurs m\u00e9thodes simples pour optimiser les images pour WordPress. Commencez par compresser les images que vous souhaitez y ajouter. Utilisez des applications ou des outils en ligne fiables comme ShortPixel ou TinyPNG qui compressent les images sans en alt\u00e9rer la qualit\u00e9. De plus, vous pouvez modifier la taille par d\u00e9faut des images directement sur WordPress. Vous pouvez \u00e9galement ex\u00e9cuter les images via le CDN et vider la biblioth\u00e8que WordPress.<\/div>\n                            <\/div>\n                        <\/div><div class=\"panel\" itemscope itemtype=\"https:\/\/schema.org\/Question\" itemprop=\"mainEntity\">\n                            <div class=\"panel-heading\" id=\"headingFaq-3\">\n                                <div class=\"panel-title\" data-toggle=\"collapse\" aria-expanded=\"false\" href=\"#collapseFaq-3\">\n                                    <h3 itemprop=\"name\">Comment la taille de l'image affecte-t-elle la taille du fichier ?<\/h3>\n                                <\/div>\n                            <\/div>\n                            <div id=\"collapseFaq-3\" class=\"panel-collapse collapse\" itemprop=\"acceptedAnswer\" itemscope itemtype=\"http:\/\/schema.org\/Answer\">\n                                <div class=\"panel-body\" itemprop=\"text\">On pense souvent \u00e0 tort que la r\u00e9solution de l'image affecte sa taille. Beaucoup pensent que r\u00e9duire la r\u00e9solution affecte la taille de l'image et acc\u00e9l\u00e8re son chargement. Bien que ce soit vrai, r\u00e9duire la r\u00e9solution n'aidera pas le fichier \u00e0 se charger plus rapidement sur votre site.<\/div>\n                            <\/div>\n                        <\/div><\/div><\/div><\/p>","protected":false},"excerpt":{"rendered":"Ajuster la taille des images sur votre site web peut am\u00e9liorer consid\u00e9rablement ses performances et le rendre plus attrayant pour les utilisateurs. Optimiser les visuels am\u00e9liore la vitesse de chargement de la page, ce qui incite les utilisateurs \u00e0 rester sur la page et \u00e0 ne pas perdre de temps \u00e0 attendre l&#8217;affichage de l&#8217;image&#8230;.","protected":false},"author":10718706,"featured_media":23027,"parent":0,"menu_order":0,"comment_status":"closed","ping_status":"closed","template":"pages-templates\/pages-minitools-3.php","meta":[],"categories":[74],"tags":[],"_links":{"self":[{"href":"https:\/\/sitechecker.pro\/fr\/wp-json\/wp\/v2\/pages\/19062"}],"collection":[{"href":"https:\/\/sitechecker.pro\/fr\/wp-json\/wp\/v2\/pages"}],"about":[{"href":"https:\/\/sitechecker.pro\/fr\/wp-json\/wp\/v2\/types\/page"}],"author":[{"embeddable":true,"href":"https:\/\/sitechecker.pro\/fr\/wp-json\/wp\/v2\/users\/10718706"}],"replies":[{"embeddable":true,"href":"https:\/\/sitechecker.pro\/fr\/wp-json\/wp\/v2\/comments?post=19062"}],"version-history":[{"count":7,"href":"https:\/\/sitechecker.pro\/fr\/wp-json\/wp\/v2\/pages\/19062\/revisions"}],"predecessor-version":[{"id":39297,"href":"https:\/\/sitechecker.pro\/fr\/wp-json\/wp\/v2\/pages\/19062\/revisions\/39297"}],"wp:featuredmedia":[{"embeddable":true,"href":"https:\/\/sitechecker.pro\/fr\/wp-json\/wp\/v2\/media\/23027"}],"wp:attachment":[{"href":"https:\/\/sitechecker.pro\/fr\/wp-json\/wp\/v2\/media?parent=19062"}],"wp:term":[{"taxonomy":"category","embeddable":true,"href":"https:\/\/sitechecker.pro\/fr\/wp-json\/wp\/v2\/categories?post=19062"},{"taxonomy":"post_tag","embeddable":true,"href":"https:\/\/sitechecker.pro\/fr\/wp-json\/wp\/v2\/tags?post=19062"}],"curies":[{"name":"wp","href":"https:\/\/api.w.org\/{rel}","templated":true}]}}