{"id":19058,"date":"2022-08-11T14:10:29","date_gmt":"2022-08-11T14:10:29","guid":{"rendered":"https:\/\/sitechecker.pro\/?page_id=19058"},"modified":"2025-02-25T13:21:50","modified_gmt":"2025-02-25T13:21:50","slug":"twitter-card-validator-free-test-twitter-card-sitechecker-%e1%90%88","status":"publish","type":"page","link":"https:\/\/sitechecker.pro\/fr\/twitter-card-checker\/","title":{"rendered":"Twitter Card Validator | Testez l&#8217;apparence de votre carte \u2611"},"content":{"rendered":"<p><\/p>\n<h2 id=\"par1\">Qu&#8217;est-ce que Twitter Card Checker\u00a0?<\/h2>\n<p>Le testeur de cartes Twitter de <a href=\"https:\/\/sitechecker.pro\/\" target=\"_blank\" rel=\"noopener noreferrer\">Sitechecker<\/a> vous permet de tester instantan\u00e9ment l&#8217;apparence de vos cartes Twitter lorsqu&#8217;elles sont partag\u00e9es. V\u00e9rifiez rapidement la disponibilit\u00e9 des cartes Twitter pour n&#8217;importe quelle page ou auditez l&#8217;int\u00e9gralit\u00e9 de votre site Web pour d\u00e9tecter les URL de cartes manquantes et les probl\u00e8mes de compatibilit\u00e9 mobile. Obtenez un rapport instantan\u00e9 pour une seule page ou une analyse compl\u00e8te du site avec une surveillance continue.<\/p>\n<h3>Comment l&#8217;outil peut vous aider<\/h3>\n<p><strong>Aper\u00e7u de la carte Twitter\u00a0:<\/strong>v\u00e9rifiez rapidement l&#8217;apparence de votre carte OG lorsqu&#8217;elle est partag\u00e9e, en vous assurant qu&#8217;elle s&#8217;affiche correctement avec les bonnes images, titres et descriptions.<\/p>\n<p><strong>Audit des cartes Twitter sur l&#8217;int\u00e9gralit\u00e9 du site\u00a0:<\/strong>analysez l&#8217;int\u00e9gralit\u00e9 de votre site Web pour d\u00e9tecter les URL de cartes Twitter manquantes ou incompl\u00e8tes, vous aidant ainsi \u00e0 r\u00e9soudre les probl\u00e8mes qui pourraient affecter l&#8217;engagement.<\/p>\n<p><strong>Contr\u00f4le et surveillance de la convivialit\u00e9 mobile\u00a0: <\/strong>identifiez les probl\u00e8mes d&#8217;utilisabilit\u00e9 mobile li\u00e9s \u00e0 l&#8217;aper\u00e7u des m\u00e9dias sociaux et surveillez-les au fil du temps pour garantir un affichage optimal sur tous les appareils.<\/p>\n<h3>Principales fonctionnalit\u00e9s de l&#8217;outil<\/h3>\n<p><strong>Tableau de bord unifi\u00e9\u00a0: <\/strong>obtenez une vue compl\u00e8te de la sant\u00e9 SEO de votre site Web en un seul endroit, y compris les audits, les classements, les backlinks et le suivi des probl\u00e8mes en temps r\u00e9el.<\/p>\n<p><strong>Interface conviviale\u00a0: <\/strong>naviguez facilement dans les rapports et les informations SEO avec une conception intuitive, la rendant accessible aux d\u00e9butants et aux experts.<\/p>\n<p><strong>Ensemble complet d&#8217;outils SEO\u00a0: <\/strong>effectuez des audits approfondis du site Web, suivez les classements des mots cl\u00e9s, surveillez les modifications du site et optimisez le r\u00e9f\u00e9rencement sur la page avec une suite compl\u00e8te d&#8217;outils.<\/p>\n<h2 id=\"par2\">Comment utiliser l&#8217;outil<\/h2>\n<p>Entrez simplement l&#8217;URL de votre page Web et choisissez une option d&#8217;audit. Pour une v\u00e9rification rapide, s\u00e9lectionnez \u00ab\u00a0Tester la carte Twitter sur une page\u00a0\u00bb pour v\u00e9rifier instantan\u00e9ment la disponibilit\u00e9 de l&#8217;aper\u00e7u des m\u00e9dias sociaux. Pour un audit complet du site, choisissez \u00ab\u00a0Tester la carte Twitter sur toutes les pages\u00a0\u00bb pour d\u00e9tecter les URL de carte manquantes et les probl\u00e8mes de compatibilit\u00e9 mobile. Cliquez sur \u00ab\u00a0D\u00e9marrer l&#8217;audit\u00a0\u00bb et obtenez un rapport d\u00e9taill\u00e9 pour vous assurer que vos liens s&#8217;affichent correctement sur Twitter.<\/p>\n<h2 id=\"par3\">Tester les cartes Twitter pour le site Web<\/h2>\n<h3>\u00c9tape\u00a01\u00a0: s\u00e9lectionnez une option d&#8217;audit pour analyser toutes les pages<\/h3>\n<div class=\"content__img-wrap\"><img src=\"https:\/\/sitechecker.pro\/wp-content\/uploads\/2025\/02\/test-twitter-card-all-pages.png\" alt=\"Tester la carte Twitter sur toutes les pages\" class=\"description-img description-img-zoom\" loading=\"lazy\" ><\/div>\n<div class=\"important-block\">Pour recevoir les r\u00e9sultats et acc\u00e9der aux fonctionnalit\u00e9s de Sitechecker pendant 14 jours, d\u00e9marrez votre essai GRATUIT. L'inscription est facile avec votre e-mail, votre compte Google ou Facebook. Aucune carte de cr\u00e9dit n'est n\u00e9cessaire.<\/div>\n<h3>\u00c9tape 2\u00a0:\u00a0Obtenez les r\u00e9sultats<\/h3>\n<p>Obtenez une analyse d\u00e9taill\u00e9e de la mise en \u0153uvre de votre aper\u00e7u des m\u00e9dias sociaux, y compris les URL de cartes manquantes ou incompl\u00e8tes, les probl\u00e8mes de compatibilit\u00e9 mobile et les suggestions de correctifs dans le code. Identifiez facilement les pages concern\u00e9es, assurez un affichage correct du contenu sur Twitter et optimisez l&#8217;engagement avec des informations exploitables.<\/p>\n<div class=\"content__img-wrap\"><img src=\"https:\/\/sitechecker.pro\/wp-content\/uploads\/2025\/02\/test-content-on-twitter.png\" alt=\"Tester le contenu sur Twitter\" class=\"description-img description-img-zoom\" loading=\"lazy\" ><\/div>\n<h3>Fonctionnalit\u00e9s suppl\u00e9mentaires du testeur de cartes Twitter<\/h3>\n<p>Obtenez des informations plus approfondies au-del\u00e0 de la validation de l&#8217;aper\u00e7u des m\u00e9dias sociaux avec un audit de site complet. Identifiez les probl\u00e8mes critiques de r\u00e9f\u00e9rencement, les avertissements et les opportunit\u00e9s d&#8217;optimisation sur votre site Web. Analysez les pages concern\u00e9es par cat\u00e9gories cl\u00e9s telles que la compatibilit\u00e9 mobile, l&#8217;indexabilit\u00e9, la pertinence du contenu et le r\u00e9f\u00e9rencement technique pour garantir des performances et une visibilit\u00e9 sans faille.<\/p>\n<div class=\"content__img-wrap\"><img src=\"https:\/\/sitechecker.pro\/wp-content\/uploads\/2025\/02\/site-audit-issues_67bdb39f47a00.png\" alt=\"Probl\u00e8mes d'audit de site\" class=\"description-img description-img-zoom\" loading=\"lazy\" ><\/div>\n<h2 id=\"par4\">Tester Twitter Card Validator sur une page<\/h2>\n<h3>\u00c9tape 1\u00a0: Choisissez l&#8217;option de test Twitter Card pour une page<\/h3>\n<div class=\"content__img-wrap\"><img src=\"https:\/\/sitechecker.pro\/wp-content\/uploads\/2025\/02\/test-twitter-card-one-page.png\" alt=\"Tester Twitter Card One Page\" class=\"description-img description-img-zoom\" loading=\"lazy\" ><\/div>\n<h3>\u00c9tape 2\u00a0: Obtenir les r\u00e9sultats<\/h3>\n<p>Obtenez une analyse pr\u00e9cise des m\u00e9tadonn\u00e9es d&#8217;aper\u00e7u des publications sociales de votre page, notamment le type de carte, le titre, l&#8217;image et la description. V\u00e9rifiez instantan\u00e9ment si vos cartes OG sont correctement configur\u00e9es, garantissant une apparence et un engagement optimaux lorsqu&#8217;elles sont partag\u00e9es sur Twitter.<\/p>\n<div class=\"content__img-wrap\"><img src=\"https:\/\/sitechecker.pro\/wp-content\/uploads\/2025\/02\/twitter-card-test-results.png\" alt=\"R\u00e9sultats du test de la carte Twitter\" class=\"description-img description-img-zoom\" loading=\"lazy\" ><\/div>\n<h3>Fonctionnalit\u00e9s suppl\u00e9mentaires du testeur de carte Twitter<\/h3>\n<p>Obtenez des informations plus approfondies au-del\u00e0 des donn\u00e9es d&#8217;extraits de m\u00e9dias enrichis gr\u00e2ce \u00e0 un audit complet de la page. Identifiez les probl\u00e8mes de r\u00e9f\u00e9rencement, les avertissements et les opportunit\u00e9s d&#8217;optimisation, notamment les liens internes, la pertinence du contenu et le contenu dupliqu\u00e9. Obtenez des correctifs exploitables pour am\u00e9liorer les performances et la visibilit\u00e9 de votre page. Cliquez simplement sur la section \u00ab\u00a0Probl\u00e8mes\u00a0\u00bb pour plus de d\u00e9tails.<\/p>\n<div class=\"content__img-wrap\"><img src=\"https:\/\/sitechecker.pro\/wp-content\/uploads\/2025\/02\/sitechecker-issues.png\" alt=\"Probl\u00e8mes de Sitechecker\" class=\"description-img description-img-zoom\" loading=\"lazy\" ><\/div>\n<h2 id=\"par5\">Id\u00e9e finale<\/h2>\n<p>Le validateur de carte Twitter est un outil con\u00e7u pour garantir que votre contenu s&#8217;affiche correctement sur Twitter. Que vous ayez besoin d&#8217;une v\u00e9rification rapide d&#8217;une seule page ou d&#8217;un audit complet du site, cet outil permet d&#8217;identifier les URL manquantes et les probl\u00e8mes de convivialit\u00e9 mobile tout en fournissant des informations exploitables pour l&#8217;optimisation.<\/p>\n<p>Au-del\u00e0 de la validation de l&#8217;aper\u00e7u des m\u00e9dias sociaux, l&#8217;outil offre un audit SEO complet, vous permettant de d\u00e9tecter les probl\u00e8mes critiques du site Web, de surveiller les performances et d&#8217;am\u00e9liorer l&#8217;engagement. Avec son interface conviviale, son ensemble complet d&#8217;outils SEO et son tableau de bord unifi\u00e9, l&#8217;optimisation de votre site Web n&#8217;a jamais \u00e9t\u00e9 aussi simple.<\/p>\n<div id=\"par6\"><\/div>\n<p><div class=\"front__faq-block\"><div class=\"faq__block-title\">FAQ<\/div><div class=\"panel-group\" id=\"faq-accordion\" itemscope itemtype=\"https:\/\/schema.org\/FAQPage\" role=\"tablist\" aria-multiselectable=\"true\"><div class=\"panel\" itemscope itemtype=\"https:\/\/schema.org\/Question\" itemprop=\"mainEntity\">\n                            <div class=\"panel-heading\" id=\"headingFaq-1\">\n                                <div class=\"panel-title\" data-toggle=\"collapse\" aria-expanded=\"false\" href=\"#collapseFaq-1\">\n                                    <h3 itemprop=\"name\">Quels types d'aper\u00e7u de m\u00e9tabalise le validateur de carte Twitter peut-il v\u00e9rifier ?<\/h3>\n                                <\/div>\n                            <\/div>\n                            <div id=\"collapseFaq-1\" class=\"panel-collapse collapse\" itemprop=\"acceptedAnswer\" itemscope itemtype=\"http:\/\/schema.org\/Answer\">\n                                <div class=\"panel-body\" itemprop=\"text\">L'outil peut v\u00e9rifier diff\u00e9rents types de cartes OG, notamment l'aper\u00e7u de m\u00e9tabalise, le r\u00e9sum\u00e9 avec de grandes images, l'extrait de m\u00e9dia enrichi de l'application, en s'assurant qu'ils s'affichent correctement lorsqu'ils sont partag\u00e9s.<\/div>\n                            <\/div>\n                        <\/div><div class=\"panel\" itemscope itemtype=\"https:\/\/schema.org\/Question\" itemprop=\"mainEntity\">\n                            <div class=\"panel-heading\" id=\"headingFaq-2\">\n                                <div class=\"panel-title\" data-toggle=\"collapse\" aria-expanded=\"false\" href=\"#collapseFaq-2\">\n                                    <h3 itemprop=\"name\">Puis-je utiliser le validateur de carte Twitter pour plusieurs pages \u00e0 la fois ?<\/h3>\n                                <\/div>\n                            <\/div>\n                            <div id=\"collapseFaq-2\" class=\"panel-collapse collapse\" itemprop=\"acceptedAnswer\" itemscope itemtype=\"http:\/\/schema.org\/Answer\">\n                                <div class=\"panel-body\" itemprop=\"text\">Oui, vous pouvez choisir de tester une seule page ou d'effectuer un audit complet du site pour d\u00e9tecter les probl\u00e8mes d'aper\u00e7u des publications sociales sur plusieurs pages.<\/div>\n                            <\/div>\n                        <\/div><div class=\"panel\" itemscope itemtype=\"https:\/\/schema.org\/Question\" itemprop=\"mainEntity\">\n                            <div class=\"panel-heading\" id=\"headingFaq-3\">\n                                <div class=\"panel-title\" data-toggle=\"collapse\" aria-expanded=\"false\" href=\"#collapseFaq-3\">\n                                    <h3 itemprop=\"name\">Comment acc\u00e9der au rapport complet de la carte Twitter ?<\/h3>\n                                <\/div>\n                            <\/div>\n                            <div id=\"collapseFaq-3\" class=\"panel-collapse collapse\" itemprop=\"acceptedAnswer\" itemscope itemtype=\"http:\/\/schema.org\/Answer\">\n                                <div class=\"panel-body\" itemprop=\"text\">Entrez simplement l'URL de votre page Web, s\u00e9lectionnez le type d'audit et cliquez sur \u00ab D\u00e9marrer l'audit \u00bb. Une fois termin\u00e9, vous pouvez consulter les m\u00e9tadonn\u00e9es d\u00e9taill\u00e9es, les pages concern\u00e9es et les suggestions d'optimisation.<\/div>\n                            <\/div>\n                        <\/div><div class=\"panel\" itemscope itemtype=\"https:\/\/schema.org\/Question\" itemprop=\"mainEntity\">\n                            <div class=\"panel-heading\" id=\"headingFaq-4\">\n                                <div class=\"panel-title\" data-toggle=\"collapse\" aria-expanded=\"false\" href=\"#collapseFaq-4\">\n                                    <h3 itemprop=\"name\">Puis-je t\u00e9l\u00e9charger mon rapport d'audit ?<\/h3>\n                                <\/div>\n                            <\/div>\n                            <div id=\"collapseFaq-4\" class=\"panel-collapse collapse\" itemprop=\"acceptedAnswer\" itemscope itemtype=\"http:\/\/schema.org\/Answer\">\n                                <div class=\"panel-body\" itemprop=\"text\">Oui, Sitechecker vous permet d'exporter votre rapport d'audit au format PDF pour un partage facile et une r\u00e9f\u00e9rence ult\u00e9rieure.<\/div>\n                            <\/div>\n                        <\/div><div class=\"panel\" itemscope itemtype=\"https:\/\/schema.org\/Question\" itemprop=\"mainEntity\">\n                            <div class=\"panel-heading\" id=\"headingFaq-5\">\n                                <div class=\"panel-title\" data-toggle=\"collapse\" aria-expanded=\"false\" href=\"#collapseFaq-5\">\n                                    <h3 itemprop=\"name\">L'outil fonctionnera-t-il pour n'importe quel site Web ?<\/h3>\n                                <\/div>\n                            <\/div>\n                            <div id=\"collapseFaq-5\" class=\"panel-collapse collapse\" itemprop=\"acceptedAnswer\" itemscope itemtype=\"http:\/\/schema.org\/Answer\">\n                                <div class=\"panel-body\" itemprop=\"text\">Oui, il fonctionne pour tout site Web accessible au public, mais si votre page est restreinte ou n\u00e9cessite une connexion, l'outil peut ne pas \u00eatre en mesure de r\u00e9cup\u00e9rer les m\u00e9tadonn\u00e9es n\u00e9cessaires.<\/div>\n                            <\/div>\n                        <\/div><\/div><\/div><\/p>","protected":false},"excerpt":{"rendered":"Qu&#8217;est-ce que Twitter Card Checker\u00a0? Le testeur de cartes Twitter de Sitechecker vous permet de tester instantan\u00e9ment l&#8217;apparence de vos cartes Twitter lorsqu&#8217;elles sont partag\u00e9es. V\u00e9rifiez rapidement la disponibilit\u00e9 des cartes Twitter pour n&#8217;importe quelle page ou auditez l&#8217;int\u00e9gralit\u00e9 de votre site Web pour d\u00e9tecter les URL de cartes manquantes et les probl\u00e8mes de compatibilit\u00e9&#8230;","protected":false},"author":10718706,"featured_media":23031,"parent":0,"menu_order":0,"comment_status":"closed","ping_status":"closed","template":"pages-templates\/pages-minitools-3.php","meta":[],"categories":[70],"tags":[],"_links":{"self":[{"href":"https:\/\/sitechecker.pro\/fr\/wp-json\/wp\/v2\/pages\/19058"}],"collection":[{"href":"https:\/\/sitechecker.pro\/fr\/wp-json\/wp\/v2\/pages"}],"about":[{"href":"https:\/\/sitechecker.pro\/fr\/wp-json\/wp\/v2\/types\/page"}],"author":[{"embeddable":true,"href":"https:\/\/sitechecker.pro\/fr\/wp-json\/wp\/v2\/users\/10718706"}],"replies":[{"embeddable":true,"href":"https:\/\/sitechecker.pro\/fr\/wp-json\/wp\/v2\/comments?post=19058"}],"version-history":[{"count":7,"href":"https:\/\/sitechecker.pro\/fr\/wp-json\/wp\/v2\/pages\/19058\/revisions"}],"predecessor-version":[{"id":35702,"href":"https:\/\/sitechecker.pro\/fr\/wp-json\/wp\/v2\/pages\/19058\/revisions\/35702"}],"wp:featuredmedia":[{"embeddable":true,"href":"https:\/\/sitechecker.pro\/fr\/wp-json\/wp\/v2\/media\/23031"}],"wp:attachment":[{"href":"https:\/\/sitechecker.pro\/fr\/wp-json\/wp\/v2\/media?parent=19058"}],"wp:term":[{"taxonomy":"category","embeddable":true,"href":"https:\/\/sitechecker.pro\/fr\/wp-json\/wp\/v2\/categories?post=19058"},{"taxonomy":"post_tag","embeddable":true,"href":"https:\/\/sitechecker.pro\/fr\/wp-json\/wp\/v2\/tags?post=19058"}],"curies":[{"name":"wp","href":"https:\/\/api.w.org\/{rel}","templated":true}]}}