{"id":17206,"date":"2023-12-06T18:56:38","date_gmt":"2023-12-06T18:56:38","guid":{"rendered":"https:\/\/sitechecker.pro\/?page_id=17206"},"modified":"2024-10-11T13:27:31","modified_gmt":"2024-10-11T13:27:31","slug":"google-serp-meaning-features-examples","status":"publish","type":"page","link":"https:\/\/sitechecker.pro\/fr\/google-serp-meaning-features-examples\/","title":{"rendered":"Fonctionnalit\u00e9 SERP : signification et exemples"},"content":{"rendered":"<p><\/p>\n<h2 id=\"majorfeatures\">Les fonctionnalit\u00e9s principales de SERP \u00e0 conna\u00eetre<\/h2>\n<p>Avant de passer aux fonctionnalit\u00e9s principales de SERP il faut tout d\u2019abord r\u00e9pondre \u00e0 la question \u00ab Qu\u2019est-ce qu\u2019un SERP \u00bb ?. Sa d\u00e9finition est la suivante : \u00abUne page web affich\u00e9e par un moteur de recherche suite \u00e0 la requ\u00eate d\u2019un utilisateur\u00bb. L\u2019abr\u00e9viation signifie page de r\u00e9sultats d&#8217;un moteur de recherche. En mots simples, c\u2019est quand vous cherchez une information et entrez des mots cl\u00e9s dans le moteur de recherche, celui-ci vous fait un retour sous forme d\u2019une page avec le r\u00e9sultat trouv\u00e9. Ce sont les fameux liens avec les d\u00e9tails sur le sujet que vous recherchiez. C\u2019est tout.<\/p>\n<p>Les \u00e9l\u00e9ments principaux de SERP sont :<\/p>\n<ul>\n<li> R\u00e9sultats de recherches directs, constitu\u00e9s des liens vers des sites. C\u2019est le r\u00e9sultat naturel <a href=\"https:\/\/sitechecker.pro\/fr\/search-engines\/\">des moteurs de recherche<\/a>, o\u00f9 les sites se battent pour occuper les plus hautes positions.<\/li>\n<li>Blocs avec des publicit\u00e9s contextuelles.<\/li>\n<li>Petits champs avant les r\u00e9sultats de recherche. Ils peuvent contenir des erreurs de frappe, une r\u00e9ponse rapide \u00e0 la requ\u00eate de l\u2019utilisateur, une calculatrice etc..<\/li>\n<li>Les images sont affich\u00e9es en r\u00e9ponse \u00e0 une requ\u00eate de recherche particuli\u00e8re.<\/li>\n<li>Requ\u00eates similaires \u2013 les recherches sont affin\u00e9es. On propose \u00e0 l\u2019utilisateur d\u2019autres formes de mots ou les requ\u00eates proches.<\/li>\n<li>El\u00e9ments de gestion- ceci inclut des liens pour aller sur des sites, des instructions lors de la saisie d\u2019une demande par l\u2019utilisateur.<\/li>\n<li>Depuis l\u2019apparition de Google et jusqu\u2019\u00e0 pr\u00e9sent, les r\u00e9sultats organiques de SERP n\u2019ont pas beaucoup chang\u00e9. C\u2019est vrai. Cependant, l\u2019utilisation d\u2019AdWords a contribu\u00e9 au fait que Google a commenc\u00e9 \u00e0 afficher de nouveaux r\u00e9sultats SERP. Ceux non organiques.<\/li>\n<\/ul>\n<p>Vous comprenez d\u00e9j\u00e0 ce que c\u2019est SERP et il est temps d\u2019observer ses fonctionnalit\u00e9s principales, parmi lesquelles on distingue les 4 majeures :<\/p>\n<ul>\n<li>Les r\u00e9sultats obtenus en utilisant les mots cl\u00e9s achet\u00e9s aux ench\u00e8res sont appel\u00e9s ceux payants.<\/li>\n<li>L\u2019information pr\u00e9cise que les utilisateurs trouvent dans des cadres est appel\u00e9 Knowledge Graph.<\/li>\n<li>Tout ce qui s\u2019affiche en compl\u00e9ment des r\u00e9sultats pr\u00e9c\u00e9demment trouv\u00e9s s\u2019appelle Snippet.<\/li>\n<li>Les d\u00e9tails qui apparaissent en m\u00eame temps que les r\u00e9sultats organiques sont appel\u00e9s les R\u00e9sultats Universaux.<\/li>\n<\/ul>\n<h2 id=\"top15\">15 fonctionnalit\u00e9s les plus populaires de SERP<\/h2>\n<ul>\n<li id=\"adwords\"><strong> Adwords en bas\/en haut<\/strong> : d\u2019habitude on peut voir des r\u00e9sultats au-dessus ou en-dessous de ceux organiques. Ces publicit\u00e9s sont class\u00e9es selon leur utilit\u00e9 et leur pertinence.<\/li>\n<\/ul>\n<div class=\"content__img-wrap\"><img src=\"https:\/\/sitechecker.pro\/wp-content\/uploads\/2017\/12\/google-adwords-results.png\" alt=\"Google SERP checker\" class=\"description-img description-img-zoom\" loading=\"lazy\" ><\/div>\n<ul>\n<li id=\"featuredsnippet\"><strong>Featured Snippet<\/strong> : Le but principal ici est d\u2019obtenir des informations n\u00e9cessaires qu\u2019on ne trouve pas dans le Knowledge Graph. C\u2019est l\u2019index qui peut les fournir. Ces snippets sont utilis\u00e9s pour pouvoir trouver des d\u00e9tails sp\u00e9cifiques pr\u00e9sents sur une page pertinente. La position de la page de 1 \u00e0 5 dans le classement SERP est favorable pour celle-ci.<\/li>\n<\/ul>\n<div class=\"content__img-wrap\"><img src=\"https:\/\/sitechecker.pro\/wp-content\/uploads\/2017\/12\/featured-snippet.png\" alt=\"What is featured snippet?\" class=\"description-img description-img-zoom\" loading=\"lazy\" ><\/div>\n<ul>\n<li id=\"imagepack\"><strong>Image Pack<\/strong> : Cette fonctionnalit\u00e9 affiche les r\u00e9sultats d\u2019images recherch\u00e9s par une personne. On peut les obtenir gr\u00e2ce \u00e0 un requ\u00eate sp\u00e9ciale de Google SERP.<\/li>\n<\/ul>\n<div class=\"content__img-wrap\"><img src=\"https:\/\/sitechecker.pro\/wp-content\/uploads\/2017\/12\/image-cards-in-google-serp.png\" alt=\"Image pack in SERP\" class=\"description-img description-img-zoom\" loading=\"lazy\" ><\/div>\n<ul>\n<li id=\"indeptharticle\"><strong>In-Depth Article<\/strong> : En cherchant des termes g\u00e9n\u00e9raux, on va trouver des articles \u00ab plus approfondis \u00bb. Ils sont appel\u00e9s comme \u00e7a, car ils comportent jusqu\u2019\u00e0 5000 mots et sont \u00e9crits par des r\u00e9dacteurs fiables. Pour la recherche des articles de qualit\u00e9 sup\u00e9rieure, d\u2019autres r\u00e8gles de classement de SERP sont utilis\u00e9es.<\/li>\n<\/ul>\n<div class=\"content__img-wrap\"><img src=\"https:\/\/sitechecker.pro\/wp-content\/uploads\/2017\/12\/in-depth-articles-in-serp.png\" alt=\"Search engine results for informational query\" class=\"description-img description-img-zoom\" loading=\"lazy\" ><\/div>\n<ul>\n<li id=\"knowledgecard\"><strong>Knowledge Card<\/strong> : Comme vous pouvez d\u00e9j\u00e0 le deviner \u00e0 partir de son nom, cette fonctionnalit\u00e9 appartient \u00e0 Knowledge Graph et contient de l\u2019information s\u00e9mantique, ajout\u00e9e par des gens ou des donn\u00e9es, et qui peut \u00eatre extraite depuis l\u2019index. Une autre possibilit\u00e9 d\u2019obtenir le r\u00e9sultat de knowledge card est d\u2019avoir des accords avec les partenaires. Pour avoir une id\u00e9e claire du m\u00e9canisme de stockage des donn\u00e9es de Google, on peut y avoir acc\u00e8s en utilisant les mots cl\u00e9s.<\/li>\n<\/ul>\n<div class=\"content__img-wrap\"><img src=\"https:\/\/sitechecker.pro\/wp-content\/uploads\/2017\/12\/knowledge-graph-in-serp.png\" alt=\"Knowledge card for query population in UK\" class=\"description-img description-img-zoom\" loading=\"lazy\" ><\/div>\n<ul>\n<li id=\"knowledgepanel\"><strong>Knowledge Panel<\/strong> : tout comme dans le Knowledge Card, les r\u00e9sultats que vous y obtenez sont disponibles gr\u00e2ce aux donn\u00e9es ajout\u00e9s par des humains ou des accords partenaires. Ces r\u00e9sultats sont plac\u00e9s \u00e0 droite du r\u00e9sultat organique.<\/li>\n<\/ul>\n<div class=\"content__img-wrap\"><img src=\"https:\/\/sitechecker.pro\/wp-content\/uploads\/2017\/12\/knowledge-panel-in-serp.png\" alt=\"Knowledge panel screenshot\" class=\"description-img description-img-zoom\" loading=\"lazy\" ><\/div>\n<ul>\n<li id=\"localpack\"><strong>Pack Local<\/strong> : ce sont des r\u00e9sultats de 3 endroits les plus appropri\u00e9s \u00e0 votre recherche que Google fournit lorsque vous saisissez des mots cl\u00e9s qui se r\u00e9f\u00e8rent \u00e0 un endroit g\u00e9ographique, comme \u00ab caf\u00e9s pas cher \u00e0 Londres \u00bb. Aujourd\u2019hui cette fonctionnalit\u00e9 est utilis\u00e9e parfois sur les smartphones. Avec les appareils mobiles ont a pris l\u2019habitude de voir le r\u00e9sultat affich\u00e9s plut\u00f4t verticalement qu\u2019horizontalement. Les utilisateurs recherchent le moyen le plus rapide pour acc\u00e9der au contenu requis. La connaissance du <a href=\"https:\/\/mylittlebigweb.com\/referencement-naturel-seo\/\">SEO<\/a> serait un grand atout ici.<\/li>\n<\/ul>\n<div class=\"content__img-wrap\"><img src=\"https:\/\/sitechecker.pro\/wp-content\/uploads\/2017\/12\/local-pack-in-SERP.png\" alt=\"Local pack screenshot\" class=\"description-img description-img-zoom\" loading=\"lazy\" ><\/div>\n<ul>\n<li id=\"localteaserpack\"><strong>Local Teaser Pack<\/strong> : A l\u2019aide de cette fonctionnalit\u00e9 vous pourriez avoir des conseils utiles sur la localisation des restaurants et des h\u00f4tels, leurs horaires d\u2019ouverture. Vous pourriez aussi avoir acc\u00e8s \u00e0 toutes les informations utiles, par exemple, les photos de l\u2019endroit que vous recherchez et les avis sur celui-ci.<\/li>\n<\/ul>\n<div class=\"content__img-wrap\"><img src=\"https:\/\/sitechecker.pro\/wp-content\/uploads\/2017\/12\/local-teaser-pack-in-serp.png\" alt=\"Local teaser pack screenshot for hotels in london query\" class=\"description-img description-img-zoom\" loading=\"lazy\" ><\/div>\n<ul>\n<li id=\"newsbox\"><strong>News Box<\/strong> : C\u2019est une cat\u00e9gorie de r\u00e9sultat fourni par Google News. La proc\u00e9dure de l\u2019apparition des informations dans le bloc des actualit\u00e9s diff\u00e8re beaucoup du processus de publication des r\u00e9sultats organiques.<\/li>\n<\/ul>\n<div class=\"content__img-wrap\"><img src=\"https:\/\/sitechecker.pro\/wp-content\/uploads\/2017\/12\/news-box-in-serp.png\" alt=\"News and top stories in SERP\" class=\"description-img description-img-zoom\" loading=\"lazy\" ><\/div>\n<ul>\n<li id=\"relatedquestions\"><strong>Questions Relatives<\/strong> : Ce sont toutes les questions qui sont jug\u00e9es par le moteur de recherche d\u2019\u00eatre relatives \u00e0 votre sujet. Elles peuvent \u00eatre situ\u00e9es dans des endroits diff\u00e9rents du fait qu\u2019elles ressemblent au Featured Snippet. Pour \u00eatre plus pr\u00e9cis, ces questions ce sont des mots-cl\u00e9s avec les snippets. Il est possible de d\u00e9couvrir les possibles mots-cl\u00e9s se trouvant dans snippet gr\u00e2ce \u00e0 cette fonctionnalit\u00e9.<\/li>\n<\/ul>\n<div class=\"content__img-wrap\"><img src=\"https:\/\/sitechecker.pro\/wp-content\/uploads\/2017\/12\/related-questions-in-serp.png\" alt=\"Screenshot of related questions block in SERP\" class=\"description-img description-img-zoom\" loading=\"lazy\" ><\/div>\n<ul>\n<li id=\"reviews\"><strong>Les revues<\/strong> : Cette fonctionnalit\u00e9 se r\u00e9v\u00e8le utile quand on veut apprendre davantage sur les produits ou les services. Les notes dans le classement de SERP se trouvent quelque part entre l\u2019URL et le snippet.<\/li>\n<\/ul>\n<div class=\"content__img-wrap\"><img src=\"https:\/\/sitechecker.pro\/wp-content\/uploads\/2017\/12\/reviews-results-in-SERP.png\" alt=\"Reviews in organic results\" class=\"description-img description-img-zoom\" loading=\"lazy\" ><\/div>\n<ul>\n<li id=\"shopppingresults\"><strong>Les r\u00e9sultats des achats en ligne<\/strong> : Ce sont des r\u00e9sultats payants pour les produits ou les services. Ici vous trouverez les prix et les images correspondantes \u00e0 ces-derniers. Combiniez la publicit\u00e9 payante avec <a href=\"https:\/\/sitechecker.pro\/fr\/common-seo-errors-websites-make-2020\/\">le r\u00e9f\u00e9rencement organique<\/a> pour promouvoir votre marque. Des \u00e9tudes men\u00e9es sur l\u2019affichage de Honda dans les r\u00e9sultats de recherche ont r\u00e9v\u00e9l\u00e9 que gr\u00e2ce \u00e0 la combinaison de ces deux techniques, les gens fr\u00e9quentent beaucoup plus la marque, se souviennent plus longtemps d\u2019elle, et ont plus envie d\u2019y acheter quelque chose. Cet affichage ressemble \u00e0 AdWords.Les textes payants dans Google fonctionnent mieux s\u2019ils sont \u00e9troitement li\u00e9s \u00e0 l\u2019essence de la requ\u00eate. En naviguant, les gens parcourent rapidement les r\u00e9sultats affich\u00e9s, jusqu\u2019\u00e0 ce que leur regard ne s\u2019arr\u00eate sur la marque \u00e0 laquelle ils font confiance. En faisant leurs recherches, les utilisateurs sont davantage int\u00e9ress\u00e9s par les commentaires et la comparaison des sites.R\u00e9fl\u00e9chissez sur les intentions des utilisateurs (quel type de recherche pr\u00e9f\u00e8rent-ils) et \u00e9tablissez vote strat\u00e9gie publicitaire en prenant en compte celles-ci. Par exemple, faites attention au fait que les titres contiennent des mots cl\u00e9s achet\u00e9s aux ench\u00e8res, car ils doivent \u00eatre choisis en fonction des intentions des utilisateurs.<\/li>\n<\/ul>\n<div class=\"content__img-wrap\"><img src=\"https:\/\/sitechecker.pro\/wp-content\/uploads\/2017\/12\/shopping-results-in-serp.png\" alt=\"Shopping results block in Google SERP\" class=\"description-img description-img-zoom\" loading=\"lazy\" ><\/div>\n<ul>\n<li><strong>Les liens vers des sites<\/strong> : Les gens qui cherchent des sites pr\u00e9cis vont devoir faire face \u00e0 au moins une dizaine de liens. La fa\u00e7on dont ces liens apparaissent d\u00e9pend de trois facteurs, parmi lesquels le crit\u00e8re principal du classement de SERP, est que le site devrait \u00eatre de marque. De plus, le trafic de celui-ci n\u2019est pas non plus le dernier facteur ici.<\/li>\n<\/ul>\n<div class=\"content__img-wrap\"><img src=\"https:\/\/sitechecker.pro\/wp-content\/uploads\/2017\/12\/site-links-in-serp.png\" alt=\"Website links in Google SERP\" class=\"description-img description-img-zoom\" loading=\"lazy\" ><\/div>\n<ul>\n<li id=\"tweet\"><strong>Tweet<\/strong> : Depuis 2015 les gens peuvent trouver des r\u00e9sultats organiques sur Tweeter. Ils sont organiques. M\u00eame si on utilise Tweeter pour ajouter des effets visuels.<\/li>\n<\/ul>\n<div class=\"content__img-wrap\"><img src=\"https:\/\/sitechecker.pro\/wp-content\/uploads\/2017\/12\/tweets-in-Google-SERP.png\" alt=\"Tweets in Google search\" class=\"description-img description-img-zoom\" loading=\"lazy\" ><\/div>\n<ul>\n<li id=\"video\"><strong>Video<\/strong> : le contenu du type vid\u00e9os sur YouTube appara\u00eetra lorsque vous utiliserez des mots cl\u00e9s sp\u00e9cifiques. Ceux vid\u00e9os sont consid\u00e9r\u00e9s d\u2019\u00eatre les plus organiques aujourd\u2019hui.<\/li>\n<\/ul>\n<div class=\"content__img-wrap\"><img src=\"https:\/\/sitechecker.pro\/wp-content\/uploads\/2017\/12\/video-results-in-serp.png\" alt=\"Video results in organic search\" class=\"description-img description-img-zoom\" loading=\"lazy\" ><\/div>\n<h2 id=\"knowledgegraph\">Qu\u2019est-ce le Knowledge Graph et quels sont les r\u00e9sultats qu\u2019il affiche ?<\/h2>\n<p>Le Knowledge Graph fournit des donn\u00e9es bien structur\u00e9es et d\u00e9taill\u00e9es dans le cas o\u00f9 les gens s\u2019adressent aux moteurs de recherche pour trouver certains faits. Il permet de trouver rapidement dans le SERP la signification que vous cherchez sans que vous ayez \u00e0 cliquer ailleurs. Ins\u00e9rez les bases de connaissance pertinentes et non pertinentes :<\/p>\n<ul>\n<li> La base de connaissance non pertinente: fourni des informations qui finissent par attirer l\u2019attention des utilisateurs aux r\u00e9sultats organiques. La base de connaissance s\u2019affiche lorsqu\u2019on fait la recherche des faits, des valeurs num\u00e9riques, des personnalit\u00e9s, des lieux ou des ph\u00e9nom\u00e8nes connus. En \u00e9tablissant votre strat\u00e9gie de contenu, essayez de cr\u00e9er des r\u00e9ponses aux demandes potentielles des utilisateurs.<\/li>\n<li>La base de connaissance pertinente : peut consid\u00e9rablement d\u00e9tourner l\u2019attention des utilisateurs des r\u00e9sultats organiques. Par exemple, imaginez que vous allez \u00e0 Nouvel Orl\u00e9ans et voulez apprendre quelle y sera la m\u00e9t\u00e9o. Demandez-le \u00e0 Google et vous obtiendrez l\u2019information voulue. Apr\u00e8s avoir trouv\u00e9 toutes les infos n\u00e9cessaires dans la base de connaissance pertinente, l\u2019utilisateur ne voudra m\u00eame pas cliquer sur d\u2019autres liens ce qui peut r\u00e9duire le trafic de certains sites.<br \/>\nIl est important de pouvoir se placer dans la premi\u00e8re ou deuxi\u00e8me ligne des r\u00e9sultats organiques. Ins\u00e9rez le contenu important dans les m\u00e9tadonn\u00e9es, les balises de titres et, o\u00f9 possible, des balises sch\u00e9matiques qui permettront \u00e0 votre soci\u00e9t\u00e9 de se distinguer parmi les autres dans les r\u00e9sultats de recherche et d\u00e9tourner l\u2019attention des utilisateurs des bases de connaissance vers votre site.<\/li>\n<\/ul>\n<p>Malgr\u00e9 le fait que le nombre de clics sur les premiers r\u00e9sultats de recherche organique pourrait baisser lorsque Google affichera ceux-ci dans les bases de connaissance pertinentes, les premiers liens sont tout de m\u00eame tr\u00e8s populaires parmi les utilisateurs. C\u2019est important. Gardez \u00e0 l\u2019esprit que la notori\u00e9t\u00e9 de la marque est toujours affect\u00e9e par l\u2019impression que font les utilisateurs d\u2019apr\u00e8s les r\u00e9sultats de recherches organiques.<\/p>","protected":false},"excerpt":{"rendered":"Les fonctionnalit\u00e9s principales de SERP \u00e0 conna\u00eetre Avant de passer aux fonctionnalit\u00e9s principales de SERP il faut tout d\u2019abord r\u00e9pondre \u00e0 la question \u00ab Qu\u2019est-ce qu\u2019un SERP \u00bb ?. Sa d\u00e9finition est la suivante : \u00abUne page web affich\u00e9e par un moteur de recherche suite \u00e0 la requ\u00eate d\u2019un utilisateur\u00bb. L\u2019abr\u00e9viation signifie page de r\u00e9sultats&#8230;","protected":false},"author":11474150,"featured_media":3416,"parent":0,"menu_order":0,"comment_status":"closed","ping_status":"closed","template":"pages-templates\/pages-v2.php","meta":[],"categories":[27],"tags":[],"_links":{"self":[{"href":"https:\/\/sitechecker.pro\/fr\/wp-json\/wp\/v2\/pages\/17206"}],"collection":[{"href":"https:\/\/sitechecker.pro\/fr\/wp-json\/wp\/v2\/pages"}],"about":[{"href":"https:\/\/sitechecker.pro\/fr\/wp-json\/wp\/v2\/types\/page"}],"author":[{"embeddable":true,"href":"https:\/\/sitechecker.pro\/fr\/wp-json\/wp\/v2\/users\/11474150"}],"replies":[{"embeddable":true,"href":"https:\/\/sitechecker.pro\/fr\/wp-json\/wp\/v2\/comments?post=17206"}],"version-history":[{"count":5,"href":"https:\/\/sitechecker.pro\/fr\/wp-json\/wp\/v2\/pages\/17206\/revisions"}],"predecessor-version":[{"id":33909,"href":"https:\/\/sitechecker.pro\/fr\/wp-json\/wp\/v2\/pages\/17206\/revisions\/33909"}],"wp:featuredmedia":[{"embeddable":true,"href":"https:\/\/sitechecker.pro\/fr\/wp-json\/wp\/v2\/media\/3416"}],"wp:attachment":[{"href":"https:\/\/sitechecker.pro\/fr\/wp-json\/wp\/v2\/media?parent=17206"}],"wp:term":[{"taxonomy":"category","embeddable":true,"href":"https:\/\/sitechecker.pro\/fr\/wp-json\/wp\/v2\/categories?post=17206"},{"taxonomy":"post_tag","embeddable":true,"href":"https:\/\/sitechecker.pro\/fr\/wp-json\/wp\/v2\/tags?post=17206"}],"curies":[{"name":"wp","href":"https:\/\/api.w.org\/{rel}","templated":true}]}}