{"id":17065,"date":"2023-11-23T14:41:24","date_gmt":"2023-11-23T14:41:24","guid":{"rendered":"https:\/\/sitechecker.pro\/?page_id=17065"},"modified":"2026-02-19T14:33:52","modified_gmt":"2026-02-19T14:33:52","slug":"relcanonical-implement-full-guide","status":"publish","type":"page","link":"https:\/\/sitechecker.pro\/fr\/what-is-canonical-url\/","title":{"rendered":"La balise URL canonique: D\u00e9finition et tous les cas quand vous en avez besoin"},"content":{"rendered":"<p>Aujourd\u2019hui le probl\u00e8me des pages dupliqu\u00e9es est l&#8217;un des plus importants lors de l&#8217;optimisation du site. Dans la plupart des cas, pour r\u00e9soudre ce probl\u00e8me il est pr\u00e9f\u00e9rable d&#8217;utiliser la <a href=\"https:\/\/sitechecker.pro\/fr\/301-redirect\/\">redirection 301<\/a>.<\/p>\n<p>Mais, lorsque vous ne pouvez pas utiliser cette m\u00e9thode, ou que les pages doivent \u00eatre consult\u00e9es par les utilisateurs, l&#8217;attribut rel=&#8221;canonical&#8221; vient \u00e0 votre secours.<br \/>\nGr\u00e2ce \u00e0 cet attribut, vous pouvez r\u00e9soudre rapidement les probl\u00e8mes du contenu dupliqu\u00e9.<\/p>\n<h2 id=\"howtoregister\">Comment mettre en place rel = &#8220;canonical&#8221;?<\/h2>\n<h3 id=\"sitepage\">Sur la page du site (voie principale)<\/h3>\n<p>Pour sp\u00e9cifier le lien canonique pour une page vous devez tenir en compte qu\u2019il est tr\u00e8s important de l\u2019enregistrer dans le bloc HEAD. Si vous ne le faites pas, cette instruction sera ignor\u00e9e par le moteurs de recherche.<\/p>\n<div class=\"code\"><code>&lt;link rel=\"canonical\" href=\"http:\/\/site.com\/canonical-link.html\"\/&gt;<\/code><\/div>\n<h3 id=\"xmlsitemap\">Via xml-site map<\/h3>\n<p>Pour chaque <a href=\"https:\/\/sitechecker.pro\/fr\/xml-sitemap\/\">page de sitemap<\/a>, vous pouvez enregistrer son link canonical. Mais, dans ce cas, les <a href=\"https:\/\/sitechecker.pro\/fr\/search-engines\/\">moteurs de recherche<\/a> peuvent ignorer ces recommandations.<\/p>\n    <div class=\"blog__conversion blog__conversion-app element__logged_out\">\n        <div class=\"blog__conversion-inner\">\n            <p class=\"title\">D\u00e9tecter les pages de sites Web non indexables <\/p>\n            <p class=\"description\">Lancez l'audit et d\u00e9couvrez quelles URL canoniques sont ferm\u00e9es \u00e0 l'analyse par les robots des moteurs de recherche<\/p>\n            <form id=\"audit__form\"\n                  class=\"article__seo-search audit__form Lancez l'audit et d\u00e9couvrez quelles URL canoniques sont ferm\u00e9es \u00e0 l'analyse par les robots des moteurs de recherche\"\n                  action=\"\"\n                  method=\"POST\"\n                  autocomplete=\"off\">\n                <span class=\"error\"><\/span>\n                <div class=\"error__limits\">Something went wrong. Please, try again later.<\/div>\n                <input name=\"url\"\n                       type=\"text\"\n                       placeholder=\"Entrez votre domaine\">\n                                <button type=\"submit\"\n                        class=\"sitechecker__text\">\n                    <span>D\u00e9but<\/span>\n                    <img src=\"\/wp-content\/themes\/sitechecker\/out\/img_design\/loading.svg\"\n                         width=\"31\"\n                         height=\"30\"\n                         class=\"loading\">\n                <\/button>\n            <\/form>\n        <\/div>\n    <\/div>\n    \n<h3 id=\"serversresponse\">Par la r\u00e9ponse du serveur (cette m\u00e9thode convient pour les documents non-html)<\/h3>\n<p>Si vous devez sp\u00e9cifier des liens canoniques pour des documents non-html, par exemple pour des fichiers pdf, vous pouvez sp\u00e9cifier un lien canonique dans l&#8217;en-t\u00eate http. Lors de la demande d&#8217;un fichier dupliqu\u00e9 le serveur va donner celui qui suit.<\/p>\n<div class=\"code\"><code>Link: &lt;http:\/\/site.com\/main-file.pdf&gt;; rel=\"canonical\".<\/code><\/div>\n<p>Mais tenez en compte que pour le moment Google prend en consid\u00e9ration cet \u00e9l\u00e9ment de l&#8217;en-t\u00eate uniquement pour la recherche Web.<\/p>\n<h2 id=\"whentouse\">Quand faut-il utiliser des r\u00e9f\u00e9rences canoniques?<\/h2>\n<h3 id=\"whentouse1\">Quand vous comprenez exactement pourquoi vous avez des pages dupliqu\u00e9es sur votre site<\/h3>\n<p>Si vous comprenez la raison de l&#8217;apparition de pages avec le contenu similaire ou m\u00eame identique sur votre site Web et, en m\u00eame temps, chaque page devrait exister sur le site, il est souhaitable de d\u00e9terminer laquelle de ces pages est la principale et de toutes les autres et ajouter le balise canonique \u00e0 celle-ci principale.<\/p>\n<h3 id=\"whentouse2\">Quand il est difficile ou impossible d&#8217;utiliser des redirections 301<\/h3>\n<p>Il est pr\u00e9f\u00e9rable d&#8217;utiliser les redirections 301. Mais si cela est difficile ou prend beaucoup de temps, vous pouvez utiliser l&#8217;attribut rel = &#8220;canonical&#8221;. D\u2019apr\u00e8s Google, le poids pass\u00e9 \u00e0 travers des liens canoniques est absolument identique \u00e0 celui transf\u00e9r\u00e9 par 301 redirections.<\/p>\n<h3 id=\"whentouse3\">Plusieurs pages pour les produits de la m\u00eame s\u00e9rie<\/h3>\n<p>Si vous avez une s\u00e9rie de produits dans la boutique en ligne, qui ne diff\u00e8rent que par la couleur, alors il est pr\u00e9f\u00e9rable de choisir un produit comme le principal (typique). Et de le marquer avec la balise link rel=canonical.<\/p>\n<h3 id=\"whentouse4\">Pour diff\u00e9rents types de marchandises dans le catalogue<\/h3>\n<p>Si sur votre site Web les marchandises peuvent \u00eatre tri\u00e9es de diff\u00e9rentes mani\u00e8res et le param\u00e8tre de tri est sp\u00e9cifi\u00e9 dans l&#8217;URL:<\/p>\n<div class=\"code\"><code>http:\/\/site.com\/dresses.html?sort=price<\/code><\/div>\n<p>ensuite, \u00e0 partir de toutes les combinaisons de tri, il faut ajouter les liens canoniques au catalogue avec le tri par d\u00e9faut. Habituellement, il s&#8217;agit d&#8217;une cat\u00e9gorie d&#8217;URL sans param\u00e8tres, qui sont responsables du tri des marchandises:<\/p>\n<div class=\"code\"><code>&lt;link rel=\"canonical\" href=\"http:\/\/site.com\/dresses.html\" \/&gt;<\/code><\/div>\n<h3 id=\"whentouse5\">Lors de la cr\u00e9ation d&#8217;une page de catalogue avec tous les produits<\/h3>\n<p>Conform\u00e9ment aux recommandations de Google, la mani\u00e8re dont vous cr\u00e9ez une balise canonique \u00e0 partir de toutes les pages du catalogue vers celle contenant tous les produits \/ articles est optimal pour l&#8217;indexation en tant que pages du r\u00e9pertoire du site. Dans ce cas pour chaque section du site vous devez cr\u00e9er une page &#8220;Voir tout&#8221;. Et \u00e0 partir de chaque page de la pagination mettre un lien canonique \u00e0 la celle &#8220;Voir tout&#8221;.<\/p>\n<h3 id=\"whentouse6\">Pour imprimer la page<\/h3>\n<p>Si l&#8217;impression de pages sur le site est r\u00e9alis\u00e9e via un param\u00e8tre suppl\u00e9mentaire, par exemple,<br \/>\nhttp:\/\/site.com\/news-1.html?print=yes<br \/>\nil faut mettre link canonical vers la version principale de la page.<\/p>\n<div class=\"code\"><code>&lt;link rel=\"canonical\" href=\"http:\/\/site.com\/news-1.html\" \/&gt;<\/code><\/div>\n<h3 id=\"whentouse7\">Quand vous utilisez le programme d&#8217;affiliation sur votre site Web<\/h3>\n<p>Si sur votre site il y a un syst\u00e8me d&#8217;affiliation ou tout autre syst\u00e8me de r\u00e9f\u00e9rence, alors il est tr\u00e8s important de faire les links canonical pour toutes les pages qui peuvent \u00eatre des liens d&#8217;affiliation. Si vous oubliez de le faire, alors tr\u00e8s rapidement des dizaines, voire des centaines de pages dupliqu\u00e9es du site peuvent appara\u00eetre. Par des liens externes, les <a href=\"https:\/\/sitechecker.pro\/fr\/google-bot\/\">robots de recherche<\/a> indexent rapidement les pages n\u00e9cessaires.<br \/>\nPour toutes les pages qui sont des liens d\u2019affiliation<\/p>\n<div class=\"code\"><code>http:\/\/site.com\/dresses.html?partner=dkfEi3dj1<\/code><\/div>\n<p>nous recommandons:<\/p>\n<div class=\"code\"><code>&lt;link rel=\"canonical\" href=\"http:\/\/site.com\/dresses.html\" \/&gt;<\/code><\/div>\n<p>En plus, vous pouvez indiquer \u00e0 Google tous les param\u00e8tres qui ne doivent pas \u00eatre index\u00e9s en utilisant les param\u00e8tres d&#8217;URL (dans la section Google Webmasters Scanning). Mais vous devez aussi indiquer le param\u00e8tre partenaire, de sorte qu&#8217;il ne modifie pas le contenu de la page.<\/p>\n<h3 id=\"whentouse8\">Pour coller le fichier d&#8217;index du r\u00e9pertoire<\/h3>\n<p>Il est important de v\u00e9rifier que les fichiers du r\u00e9pertoire de type index.html ne conduisent pas \u00e0 des pages dupliqu\u00e9es. cela peut arriver quand deux adresses sont disponibles pour l&#8217;indexation http:\/\/site.com\/dresses\/ et http:\/\/site.com \/ robes \/ index. html. Dans ce cas, pour r\u00e9soudre ce probl\u00e8me, il est plus facile d&#8217;enregistrer un tel lien canonique pour le fichier http:\/\/site.com\/dresses\/index.html<\/p>\n<div class=\"code\"><code>&lt;link rel=\"canonical\" href=\"http:\/\/site.com\/dresses\/\" \/&gt;<\/code><\/div>\n<p>&nbsp;<\/p>\n<h3 id=\"whentouse9\">Quand vous utilisez le m\u00eame contenu sur diff\u00e9rents domaines ou les sites en langues diff\u00e9rentes<\/h3>\n<p>Lorsque vous cr\u00e9ez des sites similaires ou les versions linguistiques diff\u00e9rentes du m\u00eame contenu, vous devez utiliser rel = &#8220;canonical&#8221; dans la version principale du contenu.<\/p>\n<h2 id=\"mistakes\">Les erreurs principales lors de l&#8217;utilisation de la balise rel = &#8220;canonical&#8221;<\/h2>\n<h3 id=\"mistake1\">L\u2019utilisation sur les pages de pagination<\/h3>\n<p>Parfois les pages avec la <a href=\"https:\/\/sitechecker.pro\/fr\/pagination\/\">pagination<\/a> sur quelques pages de s\u00e9ries on met le lien canonique \u00e0 la premi\u00e8re page. Pourtant il ne faut pas le faire. Cela rend impossible l&#8217;indexation de toutes les pages de la s\u00e9rie.<\/p>\n<h3 id=\"mistake2\">La r\u00e9f\u00e9rence canonique n&#8217;est pas indexable<\/h3>\n<p>Si vous mettez un lien canonique vers une autre page, vous devez vous assurer que cette page est indexable:<\/p>\n<ul>\n<li>la page donne 200 <a href=\"https:\/\/sitechecker.pro\/fr\/http-status-codes\/\">code de serveur<\/a><\/li>\n<li>sur la page il n&#8217;y a pas d&#8217;interdiction d&#8217;indexation (via la <a href=\"https:\/\/sitechecker.pro\/fr\/meta-tags\/\">balise meta<\/a> des robots et noindex).<\/li>\n<\/ul>\n<h3 id=\"mistake3\">Quelques liens rel = canonique d&#8217;une page<\/h3>\n<p>Chaque page ne peut avoir qu\u2019une page canonique. Si plusieurs pages sont sp\u00e9cifi\u00e9es, seulement la premi\u00e8re instruction sera prise en compte.<\/p>\n<h3 id=\"mistake4\">Diff\u00e9rentes URL canoniques<\/h3>\n<p>Assurez-vous de sp\u00e9cifier toujours les m\u00eames pages canoniques pour diff\u00e9rentes impl\u00e9mentations (par exemple, via le sitemap xml et via rel = &#8220;canonical&#8221; sur la page elle-m\u00eame).<\/p>\n<h3 id=\"mistake5\">L\u2019utilisation incorrecte des liens relatifs<\/h3>\n<p>Lors de la sp\u00e9cification des r\u00e9f\u00e9rences canoniques, il est toujours conseill\u00e9 de prescrire des r\u00e9f\u00e9rences absolues<\/p>\n<div class=\"code\"><code>&lt;link rel=\"canonical\" href=\"http:\/\/site.com\/dresses.html\" \/&gt;<\/code><\/div>\n<p>puisque lorsque vous sp\u00e9cifiez des r\u00e9f\u00e9rences relatives, il y a une tr\u00e8s forte probabilit\u00e9 de faire une erreur:<\/p>\n<div class=\"code\"><code>&lt;link rel=\"canonical\" href=\"site.com\/dresses.html\" \/&gt;<\/code><\/div>\n<p>Dans ce cas, les moteurs de recherche ignorent simplement ces instructions.<\/p>","protected":false},"excerpt":{"rendered":"Aujourd\u2019hui le probl\u00e8me des pages dupliqu\u00e9es est l&#8217;un des plus importants lors de l&#8217;optimisation du site. Dans la plupart des cas, pour r\u00e9soudre ce probl\u00e8me il est pr\u00e9f\u00e9rable d&#8217;utiliser la redirection 301. Mais, lorsque vous ne pouvez pas utiliser cette m\u00e9thode, ou que les pages doivent \u00eatre consult\u00e9es par les utilisateurs, l&#8217;attribut rel=&#8221;canonical&#8221; vient \u00e0&#8230;","protected":false},"author":11474150,"featured_media":3352,"parent":0,"menu_order":0,"comment_status":"closed","ping_status":"closed","template":"pages-templates\/pages-v2.php","meta":[],"categories":[28],"tags":[],"_links":{"self":[{"href":"https:\/\/sitechecker.pro\/fr\/wp-json\/wp\/v2\/pages\/17065"}],"collection":[{"href":"https:\/\/sitechecker.pro\/fr\/wp-json\/wp\/v2\/pages"}],"about":[{"href":"https:\/\/sitechecker.pro\/fr\/wp-json\/wp\/v2\/types\/page"}],"author":[{"embeddable":true,"href":"https:\/\/sitechecker.pro\/fr\/wp-json\/wp\/v2\/users\/11474150"}],"replies":[{"embeddable":true,"href":"https:\/\/sitechecker.pro\/fr\/wp-json\/wp\/v2\/comments?post=17065"}],"version-history":[{"count":21,"href":"https:\/\/sitechecker.pro\/fr\/wp-json\/wp\/v2\/pages\/17065\/revisions"}],"predecessor-version":[{"id":39353,"href":"https:\/\/sitechecker.pro\/fr\/wp-json\/wp\/v2\/pages\/17065\/revisions\/39353"}],"wp:featuredmedia":[{"embeddable":true,"href":"https:\/\/sitechecker.pro\/fr\/wp-json\/wp\/v2\/media\/3352"}],"wp:attachment":[{"href":"https:\/\/sitechecker.pro\/fr\/wp-json\/wp\/v2\/media?parent=17065"}],"wp:term":[{"taxonomy":"category","embeddable":true,"href":"https:\/\/sitechecker.pro\/fr\/wp-json\/wp\/v2\/categories?post=17065"},{"taxonomy":"post_tag","embeddable":true,"href":"https:\/\/sitechecker.pro\/fr\/wp-json\/wp\/v2\/tags?post=17065"}],"curies":[{"name":"wp","href":"https:\/\/api.w.org\/{rel}","templated":true}]}}