{"id":17059,"date":"2022-02-23T11:56:45","date_gmt":"2022-02-23T11:56:45","guid":{"rendered":"https:\/\/sitechecker.pro\/?page_id=17059"},"modified":"2026-02-19T14:30:51","modified_gmt":"2026-02-19T14:30:51","slug":"snippet-checker","status":"publish","type":"page","link":"https:\/\/sitechecker.pro\/fr\/snippet-checker\/","title":{"rendered":"Google Snippet Checker | Analyser le Snippet pour n&#8217;importe quelle page \u2611"},"content":{"rendered":"<p><\/p>\n<h2 id=\"par1\">Qu&#8217;est-ce que le Snippet Checker\u00a0?<\/h2>\n<p>Le Snippet Checker de <a href=\"https:\/\/sitechecker.pro\/\" target=\"_blank\" rel=\"noopener noreferrer\">Sitechecker<\/a> est un outil en ligne qui analyse la mani\u00e8re dont le m\u00e9ta-titre, la description et l&#8217;URL d&#8217;un site Web apparaissent dans les r\u00e9sultats des moteurs de recherche. Il offre deux options\u00a0: l&#8217;analyse de toutes les pages avec des informations d\u00e9taill\u00e9es sur les balises m\u00e9ta et la surveillance ou un rapport instantan\u00e9 pour tester l&#8217;aper\u00e7u d&#8217;une seule page.<\/p>\n<h3>Comment l&#8217;outil peut vous aider<\/h3>\n<p><strong>Aper\u00e7u de l&#8217;extrait\u00a0: <\/strong>visualise la mani\u00e8re dont le m\u00e9ta-titre, la description et l&#8217;URL de votre site Web apparaissent dans les r\u00e9sultats de recherche Google.<\/p>\n<p><strong>Analyse des balises m\u00e9ta\u00a0: <\/strong>identifie et fournit des informations sur les <a href=\"https:\/\/sitechecker.pro\/meta-tags\/\" target=\"_blank\" rel=\"noopener noreferrer\">donn\u00e9es des balises m\u00e9ta<\/a> et les probl\u00e8mes d&#8217;optimisation.<\/p>\n<p><strong>Surveillance\u00a0: <\/strong>suit et surveille les probl\u00e8mes de balises m\u00e9ta au fil du temps.<\/p>\n<h3>Principales fonctionnalit\u00e9s de Featured Snippet Checker<\/h3>\n<p><strong>Tableau de bord unifi\u00e9\u00a0: <\/strong>plate-forme centralis\u00e9e pour suivre et g\u00e9rer toutes les <a href=\"https:\/\/sitechecker.pro\/seo-dashboard\/\" target=\"_blank\" rel=\"noopener noreferrer\">m\u00e9triques SEO de votre site Web en un seul endroit<\/a>.<\/p>\n<p><strong>Interface conviviale\u00a0: <\/strong>conception intuitive et facile \u00e0 parcourir pour une exp\u00e9rience utilisateur fluide.<\/p>\n<p><strong>Ensemble complet d&#8217;outils SEO\u00a0:<\/strong>outils complets pour l&#8217;audit, la surveillance et l&#8217;optimisation des performances SEO de votre site Web.<\/p>\n<h2 id=\"par2\">Comment utiliser l&#8217;outil<\/h2>\n<p>Ins\u00e9rez une adresse de nom de domaine ou l&#8217;URL de la page\u00a0:<\/p>\n<div class=\"content__img-wrap\"><img src=\"https:\/\/sitechecker.pro\/wp-content\/uploads\/2025\/01\/google-snippet-checker.png\" alt=\"Google Snippet Checker\" class=\"description-img description-img-zoom\" loading=\"lazy\" ><\/div>\n<h2 id=\"par3\">Tester les extraits du site Web<\/h2>\n<h3>\u00c9tape\u00a01\u00a0: Choisissez l&#8217;inspection du domaine pour obtenir des informations sur l&#8217;aper\u00e7u de chaque page<\/h3>\n<div class=\"content__img-wrap\"><img src=\"https:\/\/sitechecker.pro\/wp-content\/uploads\/2025\/01\/choose-audit-option.png\" alt=\"Choisir l'option d'audit\" class=\"description-img description-img-zoom\" loading=\"lazy\" ><\/div>\n<div class=\"important-block\">Pour recevoir les r\u00e9sultats et acc\u00e9der aux fonctionnalit\u00e9s de Sitechecker pendant 14 jours, d\u00e9marrez votre essai GRATUIT. L'inscription est facile avec votre e-mail, votre compte Google ou Facebook. Aucune carte de cr\u00e9dit n'est n\u00e9cessaire.<\/div>\n<h3>\u00c9tape 2\u00a0:\u00a0Obtenez les r\u00e9sultats<\/h3>\n<p>Obtenez des informations d\u00e9taill\u00e9es sur l&#8217;optimisation du contenu de votre page, notamment les performances des balises m\u00e9ta, l&#8217;apparence dans Google, l&#8217;\u00e9tat de la page et des rapports exploitables sur les probl\u00e8mes de r\u00e9f\u00e9rencement pour am\u00e9liorer la visibilit\u00e9 et les classements.<\/p>\n<div class=\"content__img-wrap\"><img src=\"https:\/\/sitechecker.pro\/wp-content\/uploads\/2025\/01\/check-google-snippet-results.png\" alt=\"V\u00e9rifier les r\u00e9sultats des extraits Google\" class=\"description-img description-img-zoom\" loading=\"lazy\" ><\/div>\n<p>S\u00e9lectionnez n&#8217;importe quelle page dont vous souhaitez afficher l&#8217;<a href=\"https:\/\/sitechecker.pro\/rich-snippets\/\" target=\"_blank\" rel=\"noopener noreferrer\">extrait<\/a>, puis cliquez sur \u00ab\u00a0D\u00e9tails de la page\u00a0\u00bb.<\/p>\n<div class=\"content__img-wrap\"><img src=\"https:\/\/sitechecker.pro\/wp-content\/uploads\/2025\/01\/page-details-google-preview.png\" alt=\"Aper\u00e7u Google des d\u00e9tails de la page\" class=\"description-img description-img-zoom\" loading=\"lazy\" ><\/div>\n<p>Affichez et analysez la mani\u00e8re dont l&#8217;extrait de votre page appara\u00eet dans la <a href=\"https:\/\/sitechecker.pro\/serp\/\" target=\"_blank\" rel=\"noopener noreferrer\">recherche Google<\/a>, y compris le <a href=\"https:\/\/sitechecker.pro\/meta-title\/\" target=\"_blank\" rel=\"noopener noreferrer\">m\u00e9ta-titre<\/a>, la description, l&#8217;URL et l&#8217;aper\u00e7u g\u00e9n\u00e9ral de la recherche.<\/p>\n<h3>Fonctionnalit\u00e9s suppl\u00e9mentaires du v\u00e9rificateur d&#8217;extraits de site Web<\/h3>\n<p>Identifiez et analysez les probl\u00e8mes affectant les aper\u00e7us de vos pages sur Google SERP, notamment le <a href=\"https:\/\/sitechecker.pro\/duplicate-content\/\" target=\"_blank\" rel=\"noopener noreferrer\">contenu dupliqu\u00e9<\/a>, les titres incorrects et les erreurs canoniques, avec des informations exploitables pour am\u00e9liorer la <a href=\"https:\/\/sitechecker.pro\/what-is-website-visibility\/\" target=\"_blank\" rel=\"noopener noreferrer\">visibilit\u00e9<\/a>.<\/p>\n<p>Pour afficher ces erreurs, cliquez sur la section Audit du site et ouvrez la section Contenu dupliqu\u00e9.<\/p>\n<div class=\"content__img-wrap\"><img src=\"https:\/\/sitechecker.pro\/wp-content\/uploads\/2025\/01\/duplicate-content-section.png\" alt=\"Section de contenu dupliqu\u00e9\" class=\"description-img description-img-zoom\" loading=\"lazy\" ><\/div>\n<h2 id=\"par5\">Testez l&#8217;extrait de page<\/h2>\n<h3>\u00c9tape 1\u00a0: choisissez l&#8217;option Audit de page sur l&#8217;\u00e9cran de s\u00e9lection<\/h3>\n<div class=\"content__img-wrap\"><img src=\"https:\/\/sitechecker.pro\/wp-content\/uploads\/2025\/01\/page-audit.png\" alt=\"Audit de page\" class=\"description-img description-img-zoom\" loading=\"lazy\" ><\/div>\n<h3>\u00c9tape 2\u00a0: obtenez les r\u00e9sultats<\/h3>\n<p>Affichez un aper\u00e7u d\u00e9taill\u00e9 de l&#8217;extrait Google de votre page, y compris le m\u00e9ta-titre, la description et la structure de l&#8217;URL, pour garantir un formatage pr\u00e9cis et des taux de clics am\u00e9lior\u00e9s.<\/p>\n<div class=\"content__img-wrap\"><img src=\"https:\/\/sitechecker.pro\/wp-content\/uploads\/2025\/01\/google-preview-page-audit.png\" alt=\"Audit de page d'aper\u00e7u Google\" class=\"description-img description-img-zoom\" loading=\"lazy\" ><\/div>\n<h3>Fonctionnalit\u00e9s suppl\u00e9mentaires du test d&#8217;extrait de page<\/h3>\n<p>Cliquez sur Pr\u00e9sentation des probl\u00e8mes pour obtenir des informations d\u00e9taill\u00e9es sur des \u00e9l\u00e9ments SEO suppl\u00e9mentaires, notamment les donn\u00e9es structur\u00e9es, la vitesse de la page et l&#8217;optimisation des images, garantissant une visibilit\u00e9 et des performances maximales sur Google SERP.<\/p>\n<div class=\"content__img-wrap\"><img src=\"https:\/\/sitechecker.pro\/wp-content\/uploads\/2025\/01\/issues-overview.png\" alt=\"Pr\u00e9sentation des probl\u00e8mes\" class=\"description-img description-img-zoom\" loading=\"lazy\" ><\/div>\n<h2 id=\"par7\">Id\u00e9e finale<\/h2>\n<p>Google Preview Checker analyse et optimise la fa\u00e7on dont le m\u00e9ta-titre, la description et l&#8217;URL d&#8217;une page Web apparaissent dans les r\u00e9sultats de recherche Google. Il fournit des aper\u00e7us d&#8217;extraits, identifie les probl\u00e8mes de balises m\u00e9ta et offre des informations exploitables pour am\u00e9liorer le r\u00e9f\u00e9rencement et la visibilit\u00e9. Avec des outils pour les donn\u00e9es structur\u00e9es, la vitesse des pages et l&#8217;optimisation du contenu, il contribue \u00e0 am\u00e9liorer les classements et les taux de clics.<\/p>\n<div id=\"par8\"><\/div>\n<p><div class=\"front__faq-block\"><div class=\"faq__block-title\">FAQ<\/div><div class=\"panel-group\" id=\"faq-accordion\" itemscope itemtype=\"https:\/\/schema.org\/FAQPage\" role=\"tablist\" aria-multiselectable=\"true\"><div class=\"panel\" itemscope itemtype=\"https:\/\/schema.org\/Question\" itemprop=\"mainEntity\">\n                            <div class=\"panel-heading\" id=\"headingFaq-1\">\n                                <div class=\"panel-title\" data-toggle=\"collapse\" aria-expanded=\"false\" href=\"#collapseFaq-1\">\n                                    <h3 itemprop=\"name\">A quoi sert l'outil Google Snippet Checker ?<\/h3>\n                                <\/div>\n                            <\/div>\n                            <div id=\"collapseFaq-1\" class=\"panel-collapse collapse\" itemprop=\"acceptedAnswer\" itemscope itemtype=\"http:\/\/schema.org\/Answer\">\n                                <div class=\"panel-body\" itemprop=\"text\">L'outil permet d'analyser et d'optimiser la fa\u00e7on dont l'extrait d'une page Web appara\u00eet dans les r\u00e9sultats de recherche Google pour am\u00e9liorer les taux de clics et la visibilit\u00e9.<\/div>\n                            <\/div>\n                        <\/div><div class=\"panel\" itemscope itemtype=\"https:\/\/schema.org\/Question\" itemprop=\"mainEntity\">\n                            <div class=\"panel-heading\" id=\"headingFaq-2\">\n                                <div class=\"panel-title\" data-toggle=\"collapse\" aria-expanded=\"false\" href=\"#collapseFaq-2\">\n                                    <h3 itemprop=\"name\">L'outil peut-il analyser plusieurs pages \u00e0 la fois ?<\/h3>\n                                <\/div>\n                            <\/div>\n                            <div id=\"collapseFaq-2\" class=\"panel-collapse collapse\" itemprop=\"acceptedAnswer\" itemscope itemtype=\"http:\/\/schema.org\/Answer\">\n                                <div class=\"panel-body\" itemprop=\"text\">Oui, il offre une option pour analyser toutes les pages d'un domaine avec des informations d\u00e9taill\u00e9es sur les balises m\u00e9ta et une surveillance.<\/div>\n                            <\/div>\n                        <\/div><div class=\"panel\" itemscope itemtype=\"https:\/\/schema.org\/Question\" itemprop=\"mainEntity\">\n                            <div class=\"panel-heading\" id=\"headingFaq-3\">\n                                <div class=\"panel-title\" data-toggle=\"collapse\" aria-expanded=\"false\" href=\"#collapseFaq-3\">\n                                    <h3 itemprop=\"name\">Comment l'outil g\u00e8re-t-il les facteurs de trafic saisonniers ?<\/h3>\n                                <\/div>\n                            <\/div>\n                            <div id=\"collapseFaq-3\" class=\"panel-collapse collapse\" itemprop=\"acceptedAnswer\" itemscope itemtype=\"http:\/\/schema.org\/Answer\">\n                                <div class=\"panel-body\" itemprop=\"text\">Bien que l'outil identifie les probl\u00e8mes techniques, l'interpr\u00e9tation des mod\u00e8les de trafic saisonniers n\u00e9cessite une analyse externe en plus des informations fournies.<\/div>\n                            <\/div>\n                        <\/div><div class=\"panel\" itemscope itemtype=\"https:\/\/schema.org\/Question\" itemprop=\"mainEntity\">\n                            <div class=\"panel-heading\" id=\"headingFaq-4\">\n                                <div class=\"panel-title\" data-toggle=\"collapse\" aria-expanded=\"false\" href=\"#collapseFaq-4\">\n                                    <h3 itemprop=\"name\">Quels sont les probl\u00e8mes courants li\u00e9s aux extraits identifi\u00e9s par l'outil ?<\/h3>\n                                <\/div>\n                            <\/div>\n                            <div id=\"collapseFaq-4\" class=\"panel-collapse collapse\" itemprop=\"acceptedAnswer\" itemscope itemtype=\"http:\/\/schema.org\/Answer\">\n                                <div class=\"panel-body\" itemprop=\"text\">Les probl\u00e8mes incluent le contenu dupliqu\u00e9, les titres incorrects, les donn\u00e9es structur\u00e9es manquantes et les balises m\u00e9ta non optimis\u00e9es.<\/div>\n                            <\/div>\n                        <\/div><div class=\"panel\" itemscope itemtype=\"https:\/\/schema.org\/Question\" itemprop=\"mainEntity\">\n                            <div class=\"panel-heading\" id=\"headingFaq-5\">\n                                <div class=\"panel-title\" data-toggle=\"collapse\" aria-expanded=\"false\" href=\"#collapseFaq-5\">\n                                    <h3 itemprop=\"name\">Puis-je tester un seul extrait de page sans analyser l'ensemble du site ?<\/h3>\n                                <\/div>\n                            <\/div>\n                            <div id=\"collapseFaq-5\" class=\"panel-collapse collapse\" itemprop=\"acceptedAnswer\" itemscope itemtype=\"http:\/\/schema.org\/Answer\">\n                                <div class=\"panel-body\" itemprop=\"text\">Oui, l'outil permet une analyse instantan\u00e9e de l'aper\u00e7u d'une page individuelle.<\/div>\n                            <\/div>\n                        <\/div><\/div><\/div><\/p>","protected":false},"excerpt":{"rendered":"Qu&#8217;est-ce que le Snippet Checker\u00a0? Le Snippet Checker de Sitechecker est un outil en ligne qui analyse la mani\u00e8re dont le m\u00e9ta-titre, la description et l&#8217;URL d&#8217;un site Web apparaissent dans les r\u00e9sultats des moteurs de recherche. Il offre deux options\u00a0: l&#8217;analyse de toutes les pages avec des informations d\u00e9taill\u00e9es sur les balises m\u00e9ta et&#8230;","protected":false},"author":10504980,"featured_media":3755,"parent":0,"menu_order":0,"comment_status":"closed","ping_status":"closed","template":"pages-templates\/pages-minitools-3.php","meta":[],"categories":[70],"tags":[],"_links":{"self":[{"href":"https:\/\/sitechecker.pro\/fr\/wp-json\/wp\/v2\/pages\/17059"}],"collection":[{"href":"https:\/\/sitechecker.pro\/fr\/wp-json\/wp\/v2\/pages"}],"about":[{"href":"https:\/\/sitechecker.pro\/fr\/wp-json\/wp\/v2\/types\/page"}],"author":[{"embeddable":true,"href":"https:\/\/sitechecker.pro\/fr\/wp-json\/wp\/v2\/users\/10504980"}],"replies":[{"embeddable":true,"href":"https:\/\/sitechecker.pro\/fr\/wp-json\/wp\/v2\/comments?post=17059"}],"version-history":[{"count":10,"href":"https:\/\/sitechecker.pro\/fr\/wp-json\/wp\/v2\/pages\/17059\/revisions"}],"predecessor-version":[{"id":39350,"href":"https:\/\/sitechecker.pro\/fr\/wp-json\/wp\/v2\/pages\/17059\/revisions\/39350"}],"wp:featuredmedia":[{"embeddable":true,"href":"https:\/\/sitechecker.pro\/fr\/wp-json\/wp\/v2\/media\/3755"}],"wp:attachment":[{"href":"https:\/\/sitechecker.pro\/fr\/wp-json\/wp\/v2\/media?parent=17059"}],"wp:term":[{"taxonomy":"category","embeddable":true,"href":"https:\/\/sitechecker.pro\/fr\/wp-json\/wp\/v2\/categories?post=17059"},{"taxonomy":"post_tag","embeddable":true,"href":"https:\/\/sitechecker.pro\/fr\/wp-json\/wp\/v2\/tags?post=17059"}],"curies":[{"name":"wp","href":"https:\/\/api.w.org\/{rel}","templated":true}]}}