{"id":17044,"date":"2022-02-22T20:29:12","date_gmt":"2022-02-22T20:29:12","guid":{"rendered":"https:\/\/sitechecker.pro\/?page_id=17044"},"modified":"2025-01-02T14:56:39","modified_gmt":"2025-01-02T14:56:39","slug":"what-is-the-importance-of-links","status":"publish","type":"page","link":"https:\/\/sitechecker.pro\/fr\/what-is-the-importance-of-links\/","title":{"rendered":"Importance des liens et \u00e9tapes cl\u00e9s pour travailler avec des backlinks | Sitechecker"},"content":{"rendered":"<p><span style=\"font-weight: 400;\">L&#8217;une des \u00e9tapes les plus importantes dans la mise en \u0153uvre de l&#8217;optimisation externe des sites de r\u00e9f\u00e9rencement peut \u00eatre appel\u00e9e \u00e0 la remplir avec des liens provenant de ressources Web tierces, appel\u00e9es sites donateurs. Ces liens, ou autrement des backlinks, ont pour objectif non seulement d&#8217;attirer des utilisateurs de sources suppl\u00e9mentaires, mais \u00e9galement d&#8217;influencer les moteurs de recherche et, par cons\u00e9quent, la position de la ressource Web dans les r\u00e9sultats du probl\u00e8me. Cependant, il convient de garder \u00e0 l&#8217;esprit que les <a href=\"https:\/\/sitechecker.pro\/fr\/google-bot\/\">robots de recherche<\/a> ont certains algorithmes d&#8217;analyse de liens externes et peuvent rejeter tout ce qui ne leur r\u00e9pond pas, ce qui abaisse le site dans le classement de l&#8217;index. Par cons\u00e9quent, il est important de ne pas chasser le nombre de liens, mais pour leur composante qualitative.<\/span><\/p>\n<h2 id=\"2\"><b>Pourquoi analyser les liens externes?<\/b><\/h2>\n<p><span style=\"font-weight: 400;\">L\u2019analyse de la masse de r\u00e9f\u00e9rence \u00e0 l\u2019aide du v\u00e9rificateur de lien peut \u00eatre effectu\u00e9e: sur son propre site ou sur le site promu, afin d\u2019identifier les liens de mauvaise qualit\u00e9, pr\u00e9judiciables \u00e0 la r\u00e9putation, ainsi que de cr\u00e9er un profil de r\u00e9f\u00e9rence de haute qualit\u00e9; sur les sites des concurrents, afin d\u2019\u00e9tudier leurs m\u00e9thodes de promotion et d\u2019ajuster davantage la strat\u00e9gie de d\u00e9veloppement de leurs ressources. L&#8217;algorithme du moteur de recherche est con\u00e7u de mani\u00e8re \u00e0 identifier l&#8217;utilitaire et \u00e0 r\u00e9duire le classement des sites dot\u00e9s d&#8217;un profil de lien non naturel. Ainsi, plus le lien est utile, plus les utilisateurs le parcourent et effectuent certaines actions cibl\u00e9es, ce qui pr\u00e9sente un double avantage: il attire les visiteurs du site donneur et am\u00e9liore \u00e9galement le classement de votre projet aux yeux du moteur de recherche.<\/span><\/p>\n<h2 id=\"3\"><b>Comment utiliser le analyse backlink gratuit<\/b><\/h2>\n<p><span style=\"font-weight: 400;\">Souvent, l&#8217;optimiseur de r\u00e9f\u00e9rencement peut avoir besoin de v\u00e9rifier les backlinks pr\u00e9c\u00e9demment plac\u00e9s sur son site (par exemple, il peut s&#8217;agir d&#8217;un \u00e9change de lien, d&#8217;une publication sur des forums, etc.), car au fil du temps, ces liens peuvent dispara\u00eetre (impuret\u00e9s des webmasters, nettoyage du forum), mais les mod\u00e9rateurs , etc.). Par cons\u00e9quent, afin de disposer d\u2019une liste \u00e0 jour des liens \u00aben direct\u00bb vers votre site, vous pouvez utiliser le service de backlink checker en amont. Pour l&#8217;utiliser, entrez simplement l&#8217;<a href=\"https:\/\/sitechecker.pro\/fr\/what-is-url\/\">URL du site<\/a> accepteur (\u00e0 qui les liens vont) et ci-dessous vous obtiendrez la liste des sites donateurs.<\/span><\/p>\n<p><span style=\"font-weight: 400;\">Apr\u00e8s avoir v\u00e9rifi\u00e9 la pertinence des liens, le service d\u00e9terminera quels liens m\u00e8nent \u00e0 votre site et quels liens ne les contiennent plus.<\/span><\/p>","protected":false},"excerpt":{"rendered":"L&#8217;une des \u00e9tapes les plus importantes dans la mise en \u0153uvre de l&#8217;optimisation externe des sites de r\u00e9f\u00e9rencement peut \u00eatre appel\u00e9e \u00e0 la remplir avec des liens provenant de ressources Web tierces, appel\u00e9es sites donateurs. Ces liens, ou autrement des backlinks, ont pour objectif non seulement d&#8217;attirer des utilisateurs de sources suppl\u00e9mentaires, mais \u00e9galement d&#8217;influencer&#8230;","protected":false},"author":10718706,"featured_media":3442,"parent":0,"menu_order":0,"comment_status":"closed","ping_status":"closed","template":"pages-templates\/pages-v2.php","meta":[],"categories":[33],"tags":[],"_links":{"self":[{"href":"https:\/\/sitechecker.pro\/fr\/wp-json\/wp\/v2\/pages\/17044"}],"collection":[{"href":"https:\/\/sitechecker.pro\/fr\/wp-json\/wp\/v2\/pages"}],"about":[{"href":"https:\/\/sitechecker.pro\/fr\/wp-json\/wp\/v2\/types\/page"}],"author":[{"embeddable":true,"href":"https:\/\/sitechecker.pro\/fr\/wp-json\/wp\/v2\/users\/10718706"}],"replies":[{"embeddable":true,"href":"https:\/\/sitechecker.pro\/fr\/wp-json\/wp\/v2\/comments?post=17044"}],"version-history":[{"count":20,"href":"https:\/\/sitechecker.pro\/fr\/wp-json\/wp\/v2\/pages\/17044\/revisions"}],"predecessor-version":[{"id":34821,"href":"https:\/\/sitechecker.pro\/fr\/wp-json\/wp\/v2\/pages\/17044\/revisions\/34821"}],"wp:featuredmedia":[{"embeddable":true,"href":"https:\/\/sitechecker.pro\/fr\/wp-json\/wp\/v2\/media\/3442"}],"wp:attachment":[{"href":"https:\/\/sitechecker.pro\/fr\/wp-json\/wp\/v2\/media?parent=17044"}],"wp:term":[{"taxonomy":"category","embeddable":true,"href":"https:\/\/sitechecker.pro\/fr\/wp-json\/wp\/v2\/categories?post=17044"},{"taxonomy":"post_tag","embeddable":true,"href":"https:\/\/sitechecker.pro\/fr\/wp-json\/wp\/v2\/tags?post=17044"}],"curies":[{"name":"wp","href":"https:\/\/api.w.org\/{rel}","templated":true}]}}