{"id":16614,"date":"2023-05-15T15:00:22","date_gmt":"2023-05-15T15:00:22","guid":{"rendered":"https:\/\/sitechecker.pro\/?page_id=16614"},"modified":"2025-06-02T14:45:50","modified_gmt":"2025-06-02T14:45:50","slug":"url-address-make-seo-friendly","status":"publish","type":"page","link":"https:\/\/sitechecker.pro\/fr\/what-is-seo-friendly-url\/","title":{"rendered":"Qu&#8217;est-ce qu&#8217;une adresse URL et comment la rendre optimis\u00e9e pour le SEO?"},"content":{"rendered":"<p><\/p>\n<h2 id=\"que\">Qu\u2019est-ce qu\u2019une URL ?<\/h2>\n<p><strong>Quelle est la d\u00e9finition de l&#8217;URL?<\/strong> C&#8217;est la forme de l&#8217;adresse unique d&#8217;une ressource Web sp\u00e9cifique sur Internet.<\/p>\n<p>Une URL (ou une adresse URL) est une forme sp\u00e9ciale d\u2019adresse d\u2019une ressource donn\u00e9e sur Internet. Elle peut pointer vers un site web, un document particulier ou une image. L\u2019internaute n\u2019a qu\u2019\u00e0 ins\u00e9rer ce code dans la barre d\u2019adresse pour trouver le site Web, le document, le dossier ou l\u2019image dont il a besoin. Autrement dit, gr\u00e2ce \u00e0 cette adresse, l\u2019utilisateur dispose des coordonn\u00e9es de l\u2019information dont il a besoin.<\/p>\n<p>Que signifie URL ? C\u2019est l\u2019abr\u00e9viation du terme Universal Resource Locator, ou \u00ab localisateur uniforme de ressource \u00bb en Fran\u00e7ais. De mani\u00e8re g\u00e9n\u00e9rale, l\u2019URL est le chemin entre le serveur et la ressource donc l\u2019internaute a besoin (et que la plateforme lui fournit). L\u2019\u00e9l\u00e9ment le plus \u00e9lev\u00e9 est le serveur de ressources et le plus bas correspond au besoin de l\u2019utilisateur. Tous les points interm\u00e9diaires correspondent \u00e0 des serveurs suppl\u00e9mentaires.<\/p>\n<h2 id=\"structure\">Structure de l\u2019URL<\/h2>\n<p>Cette adresse dispose d\u2019une structure d\u00e9termin\u00e9e qui comporte :<\/p>\n<ul>\n<li>\u00a0la m\u00e9thode d\u2019acc\u00e8s \u00e0 la ressource, \u00e9galement appel\u00e9e protocole de communication;<\/li>\n<li>les donn\u00e9es d\u2019authentification ;<\/li>\n<li>l\u2019h\u00f4te, l\u2019adresse DNS qui correspond \u00e0 une adresse IP;<\/li>\n<li>le port, une autre information obligatoire incluse avec l\u2019adresse IP;<\/li>\n<li>le nom de la ressource, qui d\u00e9termine des informations sur la m\u00e9thode d\u2019acc\u00e8s;<\/li>\n<li>les param\u00e8tres, les informations internes \u00e0 la ressource.<\/li>\n<\/ul>\n<h2 id=\"comment\">Comment obtenir des informations sur l\u2019adresse URL ?<\/h2>\n<p>Certains utilisateurs ont du mal \u00e0 d\u00e9terminer cet aspect. La m\u00e9thode la plus simple et sans obstacles est d\u2019afficher et de copier l\u2019adresse directement depuis la barre d\u2019adresse. S\u00e9lectionnez-la et copiez-la en appuyant sur \u00ab Ctrl + C \u00bb ou en choisissant \u00ab Copier \u00bb depuis le menu contextuel.<\/p>\n<p>Les ressources des sites Web ont une URL, mais \u00e9galement les images, fichiers et dossiers. Pour obtenir les donn\u00e9es de leur adresse, faites un clic droit sur l\u2019image qui vous int\u00e9resse et choisissez l\u2019option \u00ab Copier l\u2019URL de l\u2019image \u00bb dans le menu contextuel qui s\u2019affiche.<\/p>\n<p>Si vous souhaitez conna\u00eetre l\u2019URL du document, suivez les m\u00eames \u00e9tapes que ci-dessus en choisissant \u00ab Copier l\u2019adresse du lien \u00bb dans le menu contextuel.<\/p>\n<div class=\"content__img-wrap\"><img src=\"https:\/\/sitechecker.pro\/wp-content\/uploads\/2017\/12\/what-does-url-stand-for.png\" alt=\"URL meaning\" class=\"description-img description-img-zoom\" loading=\"lazy\" ><\/div>\n<p>Une fois le lien copi\u00e9, il est en m\u00e9moire dans le presse-papiers. Vous pouvez utiliser une nouvelle barre d\u2019adresse pour trouver directement le document demand\u00e9, envoyer le lien en l\u2019attachant \u00e0 un message ou l\u2019inclure \u00e0 du texte existant dans votre document.<\/p>\n<h2 id=\"exemples\">Exemples d\u2019URL<\/h2>\n<p>La partie principale de cette adresse est le nom de domaine du site Web. Pour choisir un nom de domaine appropri\u00e9 qui facilitera la promotion du site dans les syst\u00e8mes de recherche, il faut tenir compte d\u2019un certain nombre de caract\u00e9ristiques.<\/p>\n<p><div class=\"content__img-wrap\"><img src=\"https:\/\/sitechecker.pro\/wp-content\/uploads\/2017\/12\/user-friendly-url-1.png\" alt=\"Example of user friendly URL\" class=\"description-img description-img-zoom\" loading=\"lazy\" ><\/div><br \/>\n<div class=\"content__img-wrap\"><img src=\"https:\/\/sitechecker.pro\/wp-content\/uploads\/2017\/12\/user-friendly-url-2.png\" alt=\"An example of non user-friendly URL\" class=\"description-img description-img-zoom\" loading=\"lazy\" ><\/div><\/p>\n<h2 id=\"chiffrement\">Chiffrement de l\u2019URL<\/h2>\n<p>\u00c0 ce stade, vous savez comment obtenir l\u2019adresse URL d\u2019une ressource donn\u00e9e. Mais en copiant l\u2019adresse de certaines ressources russes par exemple, certains utilisateurs sont surpris par ce qu\u2019ils voient. Il est presque impossible de d\u00e9chiffrer les caract\u00e8res affich\u00e9s \u00e0 l\u2019\u00e9cran. Comment comprendre ce que signifie l\u2019URL dans cette situation ? Elle ne ressemble pas du tout \u00e0 celle qui est visible dans la barre d\u2019adresse. En effet, les adresses doivent \u00eatre constitu\u00e9es \u00e0 l\u2019aide des symboles d\u2019une liste limit\u00e9e. L\u2019alphabet cyrillique ne fait pas partie de cette liste. Si les adresses comportent ces symboles, elles seront chiffr\u00e9es, ce qui n\u2019affectera pas le contenu du lien.<\/p>\n<h2 id=\"histoire\">L\u2019histoire des Uniform Resource Locator<\/h2>\n<p>Comme n\u2019importe quel autre concept, les URL ont leur propre histoire. Aujourd\u2019hui, leur principale fonctionnalit\u00e9 consiste \u00e0 pointer vers un serveur o\u00f9 l\u2019information est stock\u00e9e. Cr\u00e9es en 1990 par Sir Timothy John, un inventeur britannique renomm\u00e9, les URL ont \u00e9t\u00e9 pr\u00e9sent\u00e9es pour la premi\u00e8re fois \u00e0 Gen\u00e8ve. Au d\u00e9but, elles permettaient de d\u00e9terminer l\u2019emplacement de fichiers donn\u00e9s sur Internet. Mais aujourd\u2019hui, les d\u00e9veloppeurs ont compris que l\u2019adresse URL pouvait donner aux utilisateurs un acc\u00e8s \u00e0 d\u2019autres ressources.<\/p>\n<h2 id=\"formation\">Formation de l\u2019adresse URL<\/h2>\n<p>La partie principale de cette notion est son nom de domaine qui est choisi d\u00e9lib\u00e9r\u00e9ment.\u00a0Vous souhaitez choisir le meilleur <a href=\"https:\/\/sitechecker.pro\/fr\/domain-to-ip\/\">ip nom de domaine<\/a> possible pour votre ressource ? Tenez compte de certaines particularit\u00e9s qui vous sauveront du d\u00e9sastre. En adoptant une approche efficace dans le choix de votre nom de domaine, vous n\u2019aurez aucune difficult\u00e9 \u00e0 mettre en avant votre site. Les utilisateurs qui sont int\u00e9ress\u00e9s par votre concept pourront s\u2019en souvenir facilement.<\/p>","protected":false},"excerpt":{"rendered":"Qu\u2019est-ce qu\u2019une URL ? Quelle est la d\u00e9finition de l&#8217;URL? C&#8217;est la forme de l&#8217;adresse unique d&#8217;une ressource Web sp\u00e9cifique sur Internet. Une URL (ou une adresse URL) est une forme sp\u00e9ciale d\u2019adresse d\u2019une ressource donn\u00e9e sur Internet. Elle peut pointer vers un site web, un document particulier ou une image. L\u2019internaute n\u2019a qu\u2019\u00e0 ins\u00e9rer&#8230;","protected":false},"author":11474150,"featured_media":23735,"parent":0,"menu_order":0,"comment_status":"closed","ping_status":"closed","template":"pages-templates\/pages-v2.php","meta":[],"categories":[27],"tags":[],"_links":{"self":[{"href":"https:\/\/sitechecker.pro\/fr\/wp-json\/wp\/v2\/pages\/16614"}],"collection":[{"href":"https:\/\/sitechecker.pro\/fr\/wp-json\/wp\/v2\/pages"}],"about":[{"href":"https:\/\/sitechecker.pro\/fr\/wp-json\/wp\/v2\/types\/page"}],"author":[{"embeddable":true,"href":"https:\/\/sitechecker.pro\/fr\/wp-json\/wp\/v2\/users\/11474150"}],"replies":[{"embeddable":true,"href":"https:\/\/sitechecker.pro\/fr\/wp-json\/wp\/v2\/comments?post=16614"}],"version-history":[{"count":30,"href":"https:\/\/sitechecker.pro\/fr\/wp-json\/wp\/v2\/pages\/16614\/revisions"}],"predecessor-version":[{"id":37274,"href":"https:\/\/sitechecker.pro\/fr\/wp-json\/wp\/v2\/pages\/16614\/revisions\/37274"}],"wp:featuredmedia":[{"embeddable":true,"href":"https:\/\/sitechecker.pro\/fr\/wp-json\/wp\/v2\/media\/23735"}],"wp:attachment":[{"href":"https:\/\/sitechecker.pro\/fr\/wp-json\/wp\/v2\/media?parent=16614"}],"wp:term":[{"taxonomy":"category","embeddable":true,"href":"https:\/\/sitechecker.pro\/fr\/wp-json\/wp\/v2\/categories?post=16614"},{"taxonomy":"post_tag","embeddable":true,"href":"https:\/\/sitechecker.pro\/fr\/wp-json\/wp\/v2\/tags?post=16614"}],"curies":[{"name":"wp","href":"https:\/\/api.w.org\/{rel}","templated":true}]}}