{"id":16485,"date":"2023-11-24T14:16:16","date_gmt":"2023-11-24T14:16:16","guid":{"rendered":"https:\/\/sitechecker.pro\/?page_id=16485"},"modified":"2024-10-09T17:54:51","modified_gmt":"2024-10-09T17:54:51","slug":"h1-tag-requirements-writing-properly","status":"publish","type":"page","link":"https:\/\/sitechecker.pro\/fr\/h1-tag-requirements-writing-properly\/","title":{"rendered":"Qu&#8217;est-ce que la balise H1 et les exigences pour l&#8217;\u00e9crire correctement | Sitechecker"},"content":{"rendered":"<p><\/p>\n<h2 id=\"l'exemple\">L&#8217;exemple des Title at balises H1 html<\/h2>\n<p>&nbsp;<\/p>\n<div class=\"code\"><code>&lt;html&gt;<br \/>\n&lt;head&gt;<br \/>\n&lt;title&gt;What is H1 Tag &amp; How Important Is This For SEO?&lt;\/title&gt;<br \/>\n&lt;\/head&gt;<br \/>\n&lt;body&gt;<br \/>\n<span class=\"html-tag\">&lt;h1&gt;Explore an Importance of H1 Tag and the Requirements of Its Writing<\/span><span class=\"html-tag\">&lt;\/h1&gt;<\/span><br \/>\n&lt;\/body&gt;<br \/>\n&lt;\/html&gt;<br \/>\n<\/code><\/div>\n<p>&nbsp;<\/p>\n<h2 id=\"balise\">Qu&#8217;est-ce qu&#8217;une balise h1?<\/h2>\n<p>La balise h1 est la table des mati\u00e8res du texte (c&#8217;est comme le titre du livre ou celui de l&#8217;article dans le journal). Chaque page ne peut avoir qu\u2019un seul tag de ce type.<\/p>\n<p>Il est \u00e9norm\u00e9ment important pour attirer les utilisateurs, mais pour <a href=\"https:\/\/sitechecker.pro\/fr\/common-seo-errors-websites-make-2020\/\">la promotion SEO<\/a>, c\u2019est la balise m\u00e9ta titre qui est primordial.<br \/>\nTitre est \u00e9galement un en-t\u00eate de la page. Il est \u00e0 mentionner qu\u2019il est con\u00e7u non seulement pour les internautes, mais \u00e9galement pour les robots. Il n&#8217;est pas affich\u00e9 dans la page elle-m\u00eame, mais dans l&#8217;onglet du navigateur et dans l&#8217;extrait en tant que lien actif vers le site. En fait, il est une alternative, mais l&#8217;en-t\u00eate principal du document html. S&#8217;il est absent, le moteur de recherche prend pour cela h1.<\/p>\n<div class=\"box\">\n<h2 id=\"diff\u00e9rer\" style=\"text-align: left;\">Pourquoi h1 devrait-il diff\u00e9rer du titre?<\/h2>\n<p>Il est assez important de comprendre que ce sont des rubriques diff\u00e9rentes. Et ils doivent \u00eatre habilement combin\u00e9s. Voici les recommandations sur ce sujet:<\/p>\n<p>En n\u00e9gligeant les r\u00e8gles d&#8217;unicit\u00e9 et de la pertinence des titres vous risquez de faire votre page \u00e9chouer la filtration. Le fait est que r\u00e9cemment les moteurs de recherche ont commenc\u00e9 \u00e0 accorder une attention particuli\u00e8re \u00e0 la qualit\u00e9 du contenu et \u00e0 ses param\u00e8tres SEO. Les copies, la distribution chaotique des en-t\u00eates, leur incoh\u00e9rence avec le contenu sont punis.<\/p>\n<\/div>\n<p>&nbsp;<\/p>\n<h2 id=\"\">Les exigences pour la longueur H1<\/h2>\n<p>H1 est recommand\u00e9 d&#8217;\u00eatre plus court que le titre et ne pas d\u00e9passer 50 caract\u00e8res. Mais il n&#8217;y aura pas de probl\u00e8mes si l\u2019en-t\u00eate est longue, surtout quand on ne peut pas exprimer l\u2019id\u00e9e en moins de caract\u00e8res.<\/p>\n<p>Des plugins sp\u00e9ciaux pour WordPress vous permettent d&#8217;analyser le remplissage correct de toutes les m\u00e9ta directement dans l&#8217;\u00e9diteur.<\/p>\n<p>&nbsp;<\/p>\n<h2 id=\"r\u00e8gles\">Les r\u00e8gles pour \u00e9crire bien h1<\/h2>\n<p>&nbsp;<\/p>\n<ul>\n<li>Il doit \u00eatre unique pour l&#8217;ensemble du site et absolument lisible;<\/li>\n<li>Ne copiez pas la balise de titre, mais ne la contredites pas;<\/li>\n<li>Ne le faites pas trop long (vous pouvez faire un titre avec plus d&#8217;espace);<\/li>\n<li>H1 ne doit pas \u00eatre utilis\u00e9 qu\u2019une fois par page;<\/li>\n<li>Il doit correspondre au texte et montrer l&#8217;essence s\u00e9mantique du mat\u00e9riau;<\/li>\n<li>La balise doit pr\u00e9senter l\u2019int\u00e9r\u00eat pour l&#8217;utilisateur;<\/li>\n<li>Vous ne pouvez pas utiliser un point \u00e0 la fin, il est recommand\u00e9 d&#8217;utiliser des signes de ponctuation au minimum.<\/li>\n<\/ul>\n<p>&nbsp;<\/p>\n<h2 id=\"l\u2019utilisation\">L\u2019utilisation des mots-cl\u00e9s<\/h2>\n<p>C\u2019est le titre qui doit contenir les phrases cl\u00e9s principales, en premier lieu. Mais vous devriez aussi les utiliser dans h1. Dans les deux cas il est conseill\u00e9 de le faire tout au d\u00e9but. Mais il serait pr\u00e9f\u00e9rable que les mots-cl\u00e9s ne soient pas les m\u00eames dans ces deux balises. Vous devez utiliser des combinaisons de mots diff\u00e9rents ou des entr\u00e9es dilu\u00e9es dans h1 et dans le titre.<br \/>\nQuel qu\u2019un prend tous les mots-cl\u00e9s et forment d\u2019eux la structure de l\u2019article. Mais vous devez tenir en compte que sans dispersion des mots et des phrases cl\u00e9s de qualit\u00e9 votre page ne passera pas la filtration des moteurs de recherche.<\/p>","protected":false},"excerpt":{"rendered":"L&#8217;exemple des Title at balises H1 html &nbsp; &lt;html&gt; &lt;head&gt; &lt;title&gt;What is H1 Tag &amp; How Important Is This For SEO?&lt;\/title&gt; &lt;\/head&gt; &lt;body&gt; &lt;h1&gt;Explore an Importance of H1 Tag and the Requirements of Its Writing&lt;\/h1&gt; &lt;\/body&gt; &lt;\/html&gt; &nbsp; Qu&#8217;est-ce qu&#8217;une balise h1? La balise h1 est la table des mati\u00e8res du texte (c&#8217;est comme le&#8230;","protected":false},"author":11474150,"featured_media":3427,"parent":0,"menu_order":0,"comment_status":"closed","ping_status":"closed","template":"pages-templates\/pages-v2.php","meta":[],"categories":[27],"tags":[],"_links":{"self":[{"href":"https:\/\/sitechecker.pro\/fr\/wp-json\/wp\/v2\/pages\/16485"}],"collection":[{"href":"https:\/\/sitechecker.pro\/fr\/wp-json\/wp\/v2\/pages"}],"about":[{"href":"https:\/\/sitechecker.pro\/fr\/wp-json\/wp\/v2\/types\/page"}],"author":[{"embeddable":true,"href":"https:\/\/sitechecker.pro\/fr\/wp-json\/wp\/v2\/users\/11474150"}],"replies":[{"embeddable":true,"href":"https:\/\/sitechecker.pro\/fr\/wp-json\/wp\/v2\/comments?post=16485"}],"version-history":[{"count":10,"href":"https:\/\/sitechecker.pro\/fr\/wp-json\/wp\/v2\/pages\/16485\/revisions"}],"predecessor-version":[{"id":38192,"href":"https:\/\/sitechecker.pro\/fr\/wp-json\/wp\/v2\/pages\/16485\/revisions\/38192"}],"wp:featuredmedia":[{"embeddable":true,"href":"https:\/\/sitechecker.pro\/fr\/wp-json\/wp\/v2\/media\/3427"}],"wp:attachment":[{"href":"https:\/\/sitechecker.pro\/fr\/wp-json\/wp\/v2\/media?parent=16485"}],"wp:term":[{"taxonomy":"category","embeddable":true,"href":"https:\/\/sitechecker.pro\/fr\/wp-json\/wp\/v2\/categories?post=16485"},{"taxonomy":"post_tag","embeddable":true,"href":"https:\/\/sitechecker.pro\/fr\/wp-json\/wp\/v2\/tags?post=16485"}],"curies":[{"name":"wp","href":"https:\/\/api.w.org\/{rel}","templated":true}]}}