{"id":1526,"date":"2024-02-16T10:56:20","date_gmt":"2024-02-16T10:56:20","guid":{"rendered":"https:\/\/sitechecker.pro\/?page_id=1526"},"modified":"2024-10-11T06:56:32","modified_gmt":"2024-10-11T06:56:32","slug":"domain-age","status":"publish","type":"page","link":"https:\/\/sitechecker.pro\/fr\/domain-age\/","title":{"rendered":"V\u00e9rificateur d&#8217;\u00e2ge de domaine | V\u00e9rifiez l&#8217;\u00e2ge du domaine du site Web et plus \u2611"},"content":{"rendered":"<p><\/p>\n<h2 id=\"par1\">Qu&#8217;est-ce que le Domain Age Checker ?<\/h2>\n<p>Le Website Age Checker de <a href=\"https:\/\/sitechecker.pro\/\" target=\"_blank\" rel=\"noopener noreferrer\">Sitechecker<\/a> est un outil de r\u00e9f\u00e9rencement en ligne con\u00e7u pour d\u00e9terminer l&#8217;\u00e2ge d&#8217;un <a href=\"https:\/\/sitechecker.pro\/what-is-domaine\/\" target=\"_blank\" rel=\"noopener noreferrer\">domain<\/a>, qui est consid\u00e9r\u00e9 comme un facteur important dans le r\u00e9f\u00e9rencement et <a href=\"https:\/\/sitechecker.pro\/what-is-domain-authority\/\" target=\"_blank\" rel=\"noopener noreferrer\">l&#8217;autorit\u00e9 du domaine<\/a>. Les sites web datant de 10 ans ou plus sont g\u00e9n\u00e9ralement per\u00e7us comme ayant une plus grande autorit\u00e9 et une meilleure valeur en mati\u00e8re de r\u00e9f\u00e9rencement. Avant d&#8217;acheter un domaine, il est recommand\u00e9 de v\u00e9rifier l&#8217;anciennet\u00e9 du site, sa <a href=\"https:\/\/sitechecker.pro\/blacklist-checker\/\" target=\"_blank\" rel=\"noopener noreferrer\">r\u00e9putation<\/a> et son historique de spam pour s&#8217;assurer qu&#8217;il correspond \u00e0 vos besoins.<\/p>\n<h3>Comment l&#8217;outil peut-il vous aider ?<\/h3>\n<p><strong>Surveiller l&#8217;\u00e2ge de vos sites : <\/strong>simplifie le suivi de l&#8217;\u00e2ge de vos sites web, en fournissant des informations actualis\u00e9es sans effort.<\/p>\n<p><strong>\u00c9valuer les achats potentiels : <\/strong> offre des d\u00e9tails complets sur l&#8217;\u00e2ge d&#8217;un site, <a href=\"https:\/\/sitechecker.pro\/ l'h\u00e9bergement-checker\/\" target=\"_blank\" rel=\"noopener noreferrer\">hosting<\/a>, <a href=\"https:\/\/sitechecker.pro\/what-is-url- l'\u00e9tat de la liste noire\/\" target=\"_blank\" rel=\"noopener noreferrer\">blacklist<\/a>, et un audit complet de toutes les pages, ce qui permet de prendre des d\u00e9cisions \u00e9clair\u00e9es avant d&#8217;acheter.<\/p>\n<p><strong>\u00c9valuation des sites nouvellement acquis en vue de leur promotion : <\/strong>Pour planifier efficacement une strat\u00e9gie de promotion pour un nouveau site, il est essentiel de conna\u00eetre son \u00e2ge et son \u00e9tat technique. Cet outil fournit rapidement des donn\u00e9es pr\u00e9cises sur l&#8217;\u00e2ge du site et l&#8217;autorit\u00e9 potentielle du domaine.<\/p>\n<h3>Principales caract\u00e9ristiques de l&#8217;outil<\/h3>\n<p><strong>Unified Dashboard: <\/strong>offre une vue centralis\u00e9e pour le suivi des m\u00e9triques SEO, affichant des donn\u00e9es en temps r\u00e9el sur la sant\u00e9, les performances et les classements du site Web. Il permet de personnaliser les widgets pour hi\u00e9rarchiser les donn\u00e9es essentielles, rationalisant ainsi la gestion du r\u00e9f\u00e9rencement \u00e0 partir d&#8217;une interface unique.<\/p>\n<p><strong>Interface conviviale : <\/strong>Con\u00e7ue pour \u00eatre facile \u00e0 utiliser, elle s&#8217;adresse aussi bien aux d\u00e9butants qu&#8217;aux experts. Elle simplifie la navigation dans les t\u00e2ches SEO gr\u00e2ce \u00e0 des instructions claires et des aides visuelles, r\u00e9duisant la courbe d&#8217;apprentissage et am\u00e9liorant l&#8217;efficacit\u00e9.<\/p>\n<p><strong>Bo\u00eete \u00e0 outils compl\u00e8te pour le r\u00e9f\u00e9rencement : <\/strong>couvrant tous les aspects de l&#8217;optimisation SEO, y compris la recherche de mots-cl\u00e9s, <a href=\"https:\/\/sitechecker.pro\/on-page-seo-checker\/\" target=\"_blank\" rel=\"noopener noreferrer\">les audits de site<\/a>, l&#8217;analyse des liens retour et les recommandations sur la page. Il offre une approche holistique de l&#8217;am\u00e9lioration des performances des sites web gr\u00e2ce \u00e0 une suite int\u00e9gr\u00e9e d&#8217;outils.<\/p>\n<h2 id=\"par2\">Comment utiliser l&#8217;outil<\/h2>\n<p>Pour v\u00e9rifier l&#8217;\u00e2ge du site, il suffit de lancer la v\u00e9rification. Cela ne prend qu&#8217;un instant et, en plus de la dur\u00e9e de vie du site, vous recevrez des informations pr\u00e9cieuses qui vous aideront \u00e0 en savoir plus sur la ressource web.<\/p>\n<h3>\u00c9tape 1 : Ins\u00e9rer l&#8217;adresse du domaine<\/h3>\n<div class=\"content__img-wrap\"><img src=\"https:\/\/sitechecker.pro\/wp-content\/uploads\/2024\/02\/domain-age-checker.png\" alt=\"Domain Age Checker\" class=\"description-img description-img-zoom\" loading=\"lazy\" ><\/div>\n<h3>\u00c9tape 2 : Analyse des r\u00e9sultats<\/h3>\n<p>Apr\u00e8s avoir effectu\u00e9 un crawl, vous pourrez acc\u00e9der aux donn\u00e9es d&#8217;information, qui comprennent l&#8217;\u00e2ge, la date de cr\u00e9ation et la date d&#8217;expiration.<\/p>\n<div class=\"content__img-wrap\"><img src=\"https:\/\/sitechecker.pro\/wp-content\/uploads\/2024\/02\/domain-age-info.png\" alt=\"Domain Age Info\" class=\"description-img description-img-zoom\" loading=\"lazy\" ><\/div>\n<h2 id=\"par3\">Caract\u00e9ristiques suppl\u00e9mentaires<\/h2>\n<p>Si vous v\u00e9rifiez votre site web ou la ressource web du projet dans lequel vous envisagez d&#8217;investir financi\u00e8rement, nous avons de grandes opportunit\u00e9s pour vous. Une fois le processus d&#8217;exploration du site termin\u00e9, un rapport d&#8217;audit d\u00e9taill\u00e9 sera fourni pour aider \u00e0 identifier les probl\u00e8mes existants et \u00e0 comprendre l&#8217;\u00e9tat technique du site web en mati\u00e8re de r\u00e9f\u00e9rencement. Le rapport comprendra des recommandations utiles pour r\u00e9soudre les probl\u00e8mes identifi\u00e9s. En outre, le type ou la cat\u00e9gorie du probl\u00e8me (par exemple, liens, indexabilit\u00e9, pertinence du contenu) peut \u00eatre d\u00e9termin\u00e9 afin de se concentrer sur ceux qui sont les plus importants pour am\u00e9liorer les performances globales du site web. Cela permettra aux utilisateurs de r\u00e9soudre efficacement les probl\u00e8mes existants et d&#8217;assurer un succ\u00e8s optimal pour l&#8217;avenir.<\/p>\n<div class=\"content__img-wrap\"><img src=\"https:\/\/sitechecker.pro\/wp-content\/uploads\/2024\/02\/site-audit-results_65cf4eac5a428.png\" alt=\"Site Audit Results\" class=\"description-img description-img-zoom\" loading=\"lazy\" ><\/div>\n<h2 id=\"par4\">Id\u00e9e finale<\/h2>\n<p>Le v\u00e9rificateur d&#8217;\u00e2ge de domaine gratuit est l&#8217;outil qui permet de d\u00e9terminer l&#8217;\u00e2ge d&#8217;un domaine, un facteur cl\u00e9 dans l&#8217;\u00e9valuation du r\u00e9f\u00e9rencement et de l&#8217;autorit\u00e9 de domaine. Il est particuli\u00e8rement utile pour ceux qui envisagent d&#8217;acheter, car il fournit des informations sur l&#8217;historique du site, y compris son \u00e2ge, sa r\u00e9putation et ses \u00e9ventuels probl\u00e8mes de spam. Cet outil calcule non seulement l&#8217;\u00e2ge du site \u00e0 partir de sa date d&#8217;enregistrement, mais il aide \u00e9galement \u00e0 prendre des d\u00e9cisions \u00e9clair\u00e9es en comparant les sites web potentiels et leurs avantages en mati\u00e8re de r\u00e9f\u00e9rencement. Avec des caract\u00e9ristiques telles qu&#8217;un tableau de bord unifi\u00e9, une interface conviviale et un ensemble complet d&#8217;outils de r\u00e9f\u00e9rencement, il rationalise le processus d&#8217;analyse et d&#8217;optimisation des sites web. En outre, il offre des rapports d&#8217;audit d\u00e9taill\u00e9s pour une analyse plus approfondie et l&#8217;am\u00e9lioration du r\u00e9f\u00e9rencement et de la sant\u00e9 technique d&#8217;un site Web.<\/p>\n<div id=\"par5\"><\/div>\n<p><div class=\"front__faq-block\"><div class=\"faq__block-title\">FAQ<\/div><div class=\"panel-group\" id=\"faq-accordion\" itemscope itemtype=\"https:\/\/schema.org\/FAQPage\" role=\"tablist\" aria-multiselectable=\"true\"><div class=\"panel\" itemscope itemtype=\"https:\/\/schema.org\/Question\" itemprop=\"mainEntity\">\n                            <div class=\"panel-heading\" id=\"headingFaq-1\">\n                                <div class=\"panel-title\" data-toggle=\"collapse\" aria-expanded=\"false\" href=\"#collapseFaq-1\">\n                                    <h3 itemprop=\"name\">Le Site Age Checker peut-il aider \u00e0 identifier les domaines expir\u00e9s ?<\/h3>\n                                <\/div>\n                            <\/div>\n                            <div id=\"collapseFaq-1\" class=\"panel-collapse collapse\" itemprop=\"acceptedAnswer\" itemscope itemtype=\"http:\/\/schema.org\/Answer\">\n                                <div class=\"panel-body\" itemprop=\"text\">Oui, l'outil peut fournir des informations sur une date d'expiration, ce qui peut \u00eatre utile pour identifier les sites qui ont r\u00e9cemment expir\u00e9 ou sont sur le point d'expirer.<\/div>\n                            <\/div>\n                        <\/div><div class=\"panel\" itemscope itemtype=\"https:\/\/schema.org\/Question\" itemprop=\"mainEntity\">\n                            <div class=\"panel-heading\" id=\"headingFaq-2\">\n                                <div class=\"panel-title\" data-toggle=\"collapse\" aria-expanded=\"false\" href=\"#collapseFaq-2\">\n                                    <h3 itemprop=\"name\">Quelle est la pr\u00e9cision du calcul de la dur\u00e9e de vie du site Web fourni par cet outil ?<\/h3>\n                                <\/div>\n                            <\/div>\n                            <div id=\"collapseFaq-2\" class=\"panel-collapse collapse\" itemprop=\"acceptedAnswer\" itemscope itemtype=\"http:\/\/schema.org\/Answer\">\n                                <div class=\"panel-body\" itemprop=\"text\">Le d\u00e9tecteur d'\u00e2ge des noms de domaine fournit des informations pr\u00e9cises sur l'\u00e2ge d'une ressource Web en fonction de sa date d'enregistrement initiale, en supposant que les d\u00e9tails de l'enregistrement sont \u00e0 jour et accessibles au public.<\/div>\n                            <\/div>\n                        <\/div><div class=\"panel\" itemscope itemtype=\"https:\/\/schema.org\/Question\" itemprop=\"mainEntity\">\n                            <div class=\"panel-heading\" id=\"headingFaq-3\">\n                                <div class=\"panel-title\" data-toggle=\"collapse\" aria-expanded=\"false\" href=\"#collapseFaq-3\">\n                                    <h3 itemprop=\"name\">Le Domain Age Checker peut-il aider \u00e0 identifier les opportunit\u00e9s d'acquisition de domaines expir\u00e9s ou vieillissants avec une valeur SEO ?<\/h3>\n                                <\/div>\n                            <\/div>\n                            <div id=\"collapseFaq-3\" class=\"panel-collapse collapse\" itemprop=\"acceptedAnswer\" itemscope itemtype=\"http:\/\/schema.org\/Answer\">\n                                <div class=\"panel-body\" itemprop=\"text\">Oui, en r\u00e9v\u00e9lant l'\u00e2ge et en fournissant une base pour une enqu\u00eate plus approfondie, le Domain Age Checker peut aider \u00e0 identifier les sites expir\u00e9s ou vieillissants qui peuvent encore d\u00e9tenir une valeur SEO pour l'acquisition.<\/div>\n                            <\/div>\n                        <\/div><\/div><\/div><\/p>","protected":false},"excerpt":{"rendered":"Qu&#8217;est-ce que le Domain Age Checker ? Le Website Age Checker de Sitechecker est un outil de r\u00e9f\u00e9rencement en ligne con\u00e7u pour d\u00e9terminer l&#8217;\u00e2ge d&#8217;un domain, qui est consid\u00e9r\u00e9 comme un facteur important dans le r\u00e9f\u00e9rencement et l&#8217;autorit\u00e9 du domaine. Les sites web datant de 10 ans ou plus sont g\u00e9n\u00e9ralement per\u00e7us comme ayant une&#8230;","protected":false},"author":10409641,"featured_media":3748,"parent":0,"menu_order":0,"comment_status":"closed","ping_status":"closed","template":"pages-templates\/pages-minitools.php","meta":[],"categories":[73],"tags":[],"_links":{"self":[{"href":"https:\/\/sitechecker.pro\/fr\/wp-json\/wp\/v2\/pages\/1526"}],"collection":[{"href":"https:\/\/sitechecker.pro\/fr\/wp-json\/wp\/v2\/pages"}],"about":[{"href":"https:\/\/sitechecker.pro\/fr\/wp-json\/wp\/v2\/types\/page"}],"author":[{"embeddable":true,"href":"https:\/\/sitechecker.pro\/fr\/wp-json\/wp\/v2\/users\/10409641"}],"replies":[{"embeddable":true,"href":"https:\/\/sitechecker.pro\/fr\/wp-json\/wp\/v2\/comments?post=1526"}],"version-history":[{"count":37,"href":"https:\/\/sitechecker.pro\/fr\/wp-json\/wp\/v2\/pages\/1526\/revisions"}],"predecessor-version":[{"id":34851,"href":"https:\/\/sitechecker.pro\/fr\/wp-json\/wp\/v2\/pages\/1526\/revisions\/34851"}],"wp:featuredmedia":[{"embeddable":true,"href":"https:\/\/sitechecker.pro\/fr\/wp-json\/wp\/v2\/media\/3748"}],"wp:attachment":[{"href":"https:\/\/sitechecker.pro\/fr\/wp-json\/wp\/v2\/media?parent=1526"}],"wp:term":[{"taxonomy":"category","embeddable":true,"href":"https:\/\/sitechecker.pro\/fr\/wp-json\/wp\/v2\/categories?post=1526"},{"taxonomy":"post_tag","embeddable":true,"href":"https:\/\/sitechecker.pro\/fr\/wp-json\/wp\/v2\/tags?post=1526"}],"curies":[{"name":"wp","href":"https:\/\/api.w.org\/{rel}","templated":true}]}}