{"id":15068,"date":"2021-11-16T10:00:25","date_gmt":"2021-11-16T08:00:25","guid":{"rendered":"https:\/\/sitechecker.pro\/?page_id=15068"},"modified":"2026-03-04T18:16:18","modified_gmt":"2026-03-04T18:16:18","slug":"website-local-rank-checker-estimate-rank-stats-channels-date","status":"publish","type":"page","link":"https:\/\/sitechecker.pro\/fr\/local-rank-tracker\/","title":{"rendered":"Mon Classement Local [GRATUIT]"},"content":{"rendered":"<p><\/p>\n<h2 id=\"par1\">Qu&#8217;est-ce que l&#8217;outil de suivi du classement local\u00a0?<\/h2>\n<p>Le <a href=\"https:\/\/sitechecker.pro\/rank-tracker\/\" target=\"_blank\" rel=\"noopener noreferrer\">Rank Tracker<\/a> par <a href=\"https:\/\/sitechecker. pro\/\" target=\"_blank\" rel=\"noopener noreferrer\">Sitechecker<\/a> est un outil sp\u00e9cialis\u00e9 qui vous permet d&#8217;\u00e9valuer les positions des mots cl\u00e9s de votre site Web dans les r\u00e9sultats de recherche locale. Gr\u00e2ce \u00e0 lui, vous obtenez des donn\u00e9es actuelles et historiques sur le classement de votre site sur diff\u00e9rents moteurs de recherche (Google, Bing, Yahoo). L&#8217;outil est particuli\u00e8rement adapt\u00e9 \u00e0 l&#8217;analyse des performances des sites Web dans des zones g\u00e9ographiques sp\u00e9cifiques et offre des informations sur les recherches sur ordinateur et sur mobile. Il vous aide \u00e0 comprendre la visibilit\u00e9 locale globale des sites Web et des URL sp\u00e9cifiques, \u00e0 suivre les volumes de recherche pour les mots cl\u00e9s class\u00e9s et \u00e0 \u00e9valuer la concurrence dans les recherches locales. Ainsi, vous valorisez votre strat\u00e9gie marketing SEO local.<\/p>\n<h3>Le v\u00e9rificateur de classement local de sites Web peut vous aider de plusieurs mani\u00e8res<\/h3>\n<p><strong>Focus SEO local\u00a0: <\/strong> propose une g\u00e9olocalisation pour les clients r\u00e9gionaux et une analyse cibl\u00e9e des performances dans des villes ou des r\u00e9gions sp\u00e9cifiques.<\/p>\n<p><strong>Multi-classement local <\/strong>\u00a0: permet le suivi simultan\u00e9 du classement des mots cl\u00e9s dans plusieurs r\u00e9gions locales.<\/p>\n<p><strong>V\u00e9rification de la position actuelle\u00a0: <\/strong> suit le classement actuel de vos mots cl\u00e9s et le compare \u00e0 celui de vos concurrents, \u00e9l\u00e9ment essentiel pour d\u00e9velopper des strat\u00e9gies de r\u00e9f\u00e9rencement r\u00e9ussies.<\/p>\n<p><strong>T\u00e9l\u00e9chargement de mots cl\u00e9s cibles<\/strong>\u00a0: permet le t\u00e9l\u00e9chargement de mots cl\u00e9s cibles via une saisie dans un champ ou manuellement.<\/p>\n<p><strong>Suggestions de mots cl\u00e9s<\/strong>\u00a0: propose des suggestions de mots cl\u00e9s associ\u00e9s ainsi que les volumes de recherche, ce qui vous aide \u00e0 am\u00e9liorer votre classement organique et \u00e0 \u00e9largir la port\u00e9e de votre site Web.<\/p>\n<p><strong>Donn\u00e9es mobiles et donn\u00e9es de bureau<\/strong>\u00a0: fournit des donn\u00e9es de suivi distinctes pour les recherches sur mobile et sur ordinateur.<\/p>\n<p><strong>Rapports de fr\u00e9quence personnalisables\u00a0: <\/strong>Analyse des donn\u00e9es par jours, semaines et mois.<\/p>\n<p><strong>Analyse des concurrents<\/strong>\u00a0: permet le suivi et la comparaison des mots-cl\u00e9s des concurrents.<\/p>\n<p><strong>Statistiques SERP d\u00e9taill\u00e9es\u00a0: <\/strong>Offre une analyse SERP approfondie pour une compr\u00e9hension compl\u00e8te des positions des mots cl\u00e9s.<\/p>\n<p><strong>Tableau de bord de classement complet\u00a0: <\/strong>Comprend un tableau de bord unifi\u00e9 pour un acc\u00e8s facile aux donn\u00e9es et analyses cruciales.<\/p>\n<p><strong>Analyse de la visibilit\u00e9 <\/strong>\u00a0: donne des informations pr\u00e9cieuses sur la visibilit\u00e9 globale du site Web et sur les performances de chaque page.<\/p>\n<p><strong>Rapports personnalis\u00e9s <\/strong>\u00a0: permet d&#8217;exporter des donn\u00e9es dans diff\u00e9rents formats (.csv, .pdf, Looker Studio) \u00e0 des fins de cr\u00e9ation de rapports et de partage.<\/p>\n<h3>Principales fonctionnalit\u00e9s du v\u00e9rificateur de classement SEO local<\/h3>\n<p><strong>Tableau de bord unifi\u00e9. <\/strong>Un tableau de bord unifi\u00e9 fournit une vue unique des donn\u00e9es techniques de r\u00e9f\u00e9rencement, ce qui facilite le suivi et la gestion de leurs performances.<\/p>\n<p><strong>Interface conviviale. <\/strong>L&#8217;interface conviviale facilite l&#8217;utilisation de Sitechecker, m\u00eame si vous n&#8217;\u00eates pas un expert technique.<\/p>\n<p><strong>Ensemble complet d\u2019outils de r\u00e9f\u00e9rencement. <\/strong>Le Local SEO Rank Checker fait partie d\u2019un ensemble complet d\u2019outils de r\u00e9f\u00e9rencement qui peut vous aider \u00e0 am\u00e9liorer la strat\u00e9gie de r\u00e9f\u00e9rencement local de votre site Web.<\/p>\n<h2 id=\"par2\">Comment utiliser le suivi de classement local\u00a0?<\/h2>\n<h3>\u00c9tape\u00a01\u00a0:\u00a0Saisissez l&#8217;URL de votre site Web<\/h3>\n<div class=\"content__img-wrap\"><img src=\"https:\/\/sitechecker.pro\/wp-content\/uploads\/2023\/12\/keyword-local-rank-tracker.png\" alt=\"Suivi du classement local des mots cl\u00e9s\" class=\"description-img description-img-zoom\" loading=\"lazy\" ><\/div>\n<div class=\"important-block\"><\/div>\n<h3>\u00c9tape\u00a02\u00a0: Ajouter et g\u00e9rer des mots cl\u00e9s pour le suivi<\/h3>\n<p>Vous pouvez rapidement choisir et commencer \u00e0 suivre les mots-cl\u00e9s souhait\u00e9s gr\u00e2ce \u00e0 trois approches simples\u00a0: obtenir des recommandations de mots-cl\u00e9s, exploiter les donn\u00e9es de Google Search Console (GSC) ou importer des mots-cl\u00e9s \u00e0 partir d&#8217;un fichier Excel.<\/p>\n<div class=\"content__img-wrap\"><img src=\"https:\/\/sitechecker.pro\/wp-content\/uploads\/2024\/01\/1-keywords_adding-1.png\" alt=\"ajout de mots-cl\u00e9s\" class=\"description-img description-img-zoom\" loading=\"lazy\" ><\/div>\n<p>Utilisez la liste sugg\u00e9r\u00e9e de mots-cl\u00e9s que nous cr\u00e9erons rapidement, en tenant compte des requ\u00eates de recherche pour lesquelles vous disposez d\u00e9j\u00e0 d&#8217;un classement dans les pages de r\u00e9sultats des moteurs de recherche (SERP)\u00a0:<\/p>\n<div class=\"content__img-wrap\"><img src=\"https:\/\/sitechecker.pro\/wp-content\/uploads\/2024\/01\/2-Keyword_Suggestion-1.png\" alt=\"Suggestion de mots cl\u00e9s\" class=\"description-img description-img-zoom\" loading=\"lazy\" ><\/div>\n<p>Pour importer des mots-cl\u00e9s depuis Google Search Console, choisissez l&#8217;option &#8220;Google Search Console&#8221;. Par la suite, une bo\u00eete de dialogue appara\u00eetra, vous invitant \u00e0 \u00e9tablir une connexion avec Google Search Console et Analytics.<\/p>\n<div class=\"content__img-wrap\"><img src=\"https:\/\/sitechecker.pro\/wp-content\/uploads\/2024\/01\/3-Connect-Google-Account.-1.png\" alt=\"Connecter le compte Google\" class=\"description-img description-img-zoom\" loading=\"lazy\" ><\/div>\n<p>Cela permet \u00e0 notre outil d&#8217;importer des mots-cl\u00e9s depuis Google Search Console, ainsi que vos donn\u00e9es de classement actuelles, et de les int\u00e9grer de mani\u00e8re transparente dans votre liste de suivi\u00a0:<\/p>\n<div class=\"content__img-wrap\"><img src=\"https:\/\/sitechecker.pro\/wp-content\/uploads\/2024\/01\/4-High-potential-from-GSC-1.png\" alt=\"Mots cl\u00e9s \u00e0 haut potentiel provenant de GSC\" class=\"description-img description-img-zoom\" loading=\"lazy\" ><\/div>\n<p>Pour inclure un ensemble de vos propres mots-cl\u00e9s \u00e0 partir d&#8217;une feuille de calcul Excel, utilisez le bouton \u00ab Fichier Excel \u00bb. L&#8217;outil fournira un format convivial qui simplifie le processus d&#8217;ajout d&#8217;un nombre important de requ\u00eates sp\u00e9cifiques \u00e0 des fins de personnalisation et de suivi\u00a0:<\/p>\n<div class=\"content__img-wrap\"><img src=\"https:\/\/sitechecker.pro\/wp-content\/uploads\/2024\/01\/5-Import-keywords-1.png\" alt=\"Importer des mots-cl\u00e9s \u00e0 partir d'un fichier Excel\" class=\"description-img description-img-zoom\" loading=\"lazy\" ><\/div>\n<p>Sur le c\u00f4t\u00e9, vous contr\u00f4lez les param\u00e8tres du moteur de recherche. Vous pouvez sp\u00e9cifier votre cible et affiner les pr\u00e9f\u00e9rences des moteurs de recherche, les emplacements, les langues et les pr\u00e9f\u00e9rences des appareils tels que les ordinateurs de bureau ou les appareils mobiles.<\/p>\n<div class=\"content__img-wrap\"><img src=\"https:\/\/sitechecker.pro\/wp-content\/uploads\/2024\/01\/6-Locations-settings-1.png\" alt=\"Param\u00e8tre des emplacements\" class=\"description-img description-img-zoom\" loading=\"lazy\" ><\/div>\n<p>Une fois tout configur\u00e9, cliquez sur \u00ab\u00a0Ajouter\u00a0\u00bb.<\/p>\n<p>La fonctionnalit\u00e9 \u00ab\u00a0G\u00e9rer les mots-cl\u00e9s\u00a0\u00bb ci-dessous vous permet de classer les mots-cl\u00e9s en groupes et de les organiser par pages en fonction de votre strat\u00e9gie promotionnelle.<\/p>\n<div class=\"content__img-wrap\"><img src=\"https:\/\/sitechecker.pro\/wp-content\/uploads\/2024\/01\/7-Manage-keywords-1.png\" alt=\"G\u00e9rer le blocage des mots-cl\u00e9s\" class=\"description-img description-img-zoom\" loading=\"lazy\" ><\/div>\n<h3>\u00c9tape\u00a03\u00a0:\u00a0R\u00e9sultat<\/h3>\n<p>Une fois que vous avez ajout\u00e9 les mots-cl\u00e9s de suivi, vous pouvez les analyser en d\u00e9tail.<\/p>\n<p>Dans le panneau, il y a deux onglets : \u00ab Mots-cl\u00e9s \u00bb et \u00ab Pages \u00bb. Sous l&#8217;onglet \u00ab Mots-cl\u00e9s \u00bb, une liste de mots-cl\u00e9s s&#8217;affiche, ainsi que des options permettant de filtrer par appareils, volume, positions, pays et langues. Il y a \u00e9galement une plage de dates en haut \u00e0 droite, indiquant la p\u00e9riode pour les donn\u00e9es affich\u00e9es.<\/p>\n<p>En haut, vous trouverez des options pour ajouter des mots-cl\u00e9s et exporter les donn\u00e9es. Chaque ligne de mot-cl\u00e9 affiche des ic\u00f4nes indiquant la compatibilit\u00e9 des moteurs de recherche et fournit des donn\u00e9es sur les r\u00e9sultats des moteurs de recherche telles que les fonctionnalit\u00e9s SERP, les URL et les CPC pour chaque mot-cl\u00e9.<\/p>\n<div class=\"content__img-wrap\"><img src=\"https:\/\/sitechecker.pro\/wp-content\/uploads\/2023\/12\/rank-tracker-keywords-pages.png\" alt=\"Pages de mots-cl\u00e9s du suivi du classement\" class=\"description-img description-img-zoom\" loading=\"lazy\" ><\/div>\n<p>L&#8217;outil fournit un tableau de bord complet pour la surveillance des performances de r\u00e9f\u00e9rencement en temps r\u00e9el, la cat\u00e9gorisation des positions des mots cl\u00e9s et l&#8217;offre de mesures de visibilit\u00e9 et de suivi d&#8217;indexation. Avec sa chronologie interactive, le Local Rank Tracker permet l&#8217;observation des tendances et des intervalles de temps r\u00e9glables, contribuant ainsi \u00e0 optimiser la visibilit\u00e9 en ligne du site Web de votre entreprise.<\/p>\n<div class=\"content__img-wrap\"><img src=\"https:\/\/sitechecker.pro\/wp-content\/uploads\/2023\/12\/keywords-dashboard-1.png\" alt=\"Tableau de bord des mots cl\u00e9s\" class=\"description-img description-img-zoom\" loading=\"lazy\" ><\/div>\n<p>L&#8217;interface de suivi des performances des mots cl\u00e9s de Local Rank Analyzer affiche m\u00e9ticuleusement des donn\u00e9es cl\u00e9s telles que le classement de l&#8217;URL d&#8217;une requ\u00eate, le volume de recherche du mot cl\u00e9, sa position actuelle dans les r\u00e9sultats de recherche organiques et les mesures de visibilit\u00e9. Il fournit \u00e9galement les valeurs de co\u00fbt par clic (CPC) et indique avec une ic\u00f4ne si le mot-cl\u00e9 se classe dans les fonctionnalit\u00e9s SERP telles que les r\u00e9ponses rapides ou les extraits de code.<\/p>\n<div class=\"content__img-wrap\"><img src=\"https:\/\/sitechecker.pro\/wp-content\/uploads\/2023\/12\/results-export.png\" alt=\"Exportation des r\u00e9sultats\" class=\"description-img description-img-zoom\" loading=\"lazy\" ><\/div>\n<h2 id=\"par3\">Fonctionnalit\u00e9s suppl\u00e9mentaires du v\u00e9rificateur SERP local<\/h2>\n<p>Cliquer sur le bouton \u00ab SERP \u00bb \u00e0 c\u00f4t\u00e9 d\u2019une requ\u00eate sp\u00e9cifique ouvrira son graphique correspondant.<\/p>\n<p>L&#8217;outil gratuit Local Rank Tracker affiche un graphique dynamique qui suit les mouvements de classement de diff\u00e9rentes URL pour un mot-cl\u00e9 donn\u00e9 sur des p\u00e9riodes s\u00e9lectionn\u00e9es. Chaque ligne du graphique, marqu\u00e9e par des codes de couleur uniques, est en corr\u00e9lation avec les URL correspondantes sur le panneau lat\u00e9ral. C&#8217;est pourquoi vous pouvez facilement comparer les performances des pages pour cette requ\u00eate. Cet outil s&#8217;\u00e9tend sur toute la chronologie, offrant la possibilit\u00e9 de zoomer sur une date sp\u00e9cifique et d&#8217;effectuer une analyse plus granulaire d&#8217;une URL particuli\u00e8re.<\/p>\n<div class=\"content__img-wrap\"><img src=\"https:\/\/sitechecker.pro\/wp-content\/uploads\/2023\/12\/keyword-serp-statistics-1.png\" alt=\"Statistiques des mots cl\u00e9s SERP\" class=\"description-img description-img-zoom\" loading=\"lazy\" ><\/div>\n<p>Avec des filtres suppl\u00e9mentaires pour la date et la page, cette fonctionnalit\u00e9 am\u00e9liore consid\u00e9rablement les capacit\u00e9s de surveillance et de planification du r\u00e9f\u00e9rencement.<\/p>\n<p><iframe title=\"Lecteur vid\u00e9o YouTube\" src=\"https:\/\/www.youtube.com\/embed\/fBNqAgIao9A?si=QVTs1TxMMSK3icd5&amp;start=47\" width=\"700\" height=\"350\" frameborder=\"0\" allowfullscreen=\"allowfullscreen\"><\/iframe><\/p>\n<h2 id=\"par4\">Id\u00e9e finale<\/h2>\n<p>L&#8217;outil de classement des mots cl\u00e9s locaux est un outil de r\u00e9f\u00e9rencement complet qui fournit une compr\u00e9hension nuanc\u00e9e des performances de recherche locale d&#8217;un site Web. Il offre un tableau de bord robuste pour le suivi en temps r\u00e9el du classement des mots cl\u00e9s, des mesures de visibilit\u00e9 et des fonctionnalit\u00e9s SERP, avec la flexibilit\u00e9 de suivre \u00e9galement les classements sur diff\u00e9rents appareils et emplacements g\u00e9ographiques. Avec des capacit\u00e9s permettant de relier votre console de recherche Google pour des donn\u00e9es enrichies, d&#8217;ajouter et d&#8217;analyser des requ\u00eates et de g\u00e9n\u00e9rer des rapports d\u00e9taill\u00e9s, cet outil donne aux entreprises les informations n\u00e9cessaires pour \u00e9laborer une strat\u00e9gie et optimiser efficacement leur pr\u00e9sence en ligne. Son interface conviviale et sa suite compl\u00e8te d&#8217;outils de r\u00e9f\u00e9rencement en font un atout inestimable pour tous ceux qui cherchent \u00e0 am\u00e9liorer leur visibilit\u00e9 dans les recherches et leurs efforts de r\u00e9f\u00e9rencement.<\/p>\n<div id=\"par5\"><\/div>\n<p><div class=\"front__faq-block\"><div class=\"faq__block-title\">FAQ<\/div><div class=\"panel-group\" id=\"faq-accordion\" itemscope itemtype=\"https:\/\/schema.org\/FAQPage\" role=\"tablist\" aria-multiselectable=\"true\"><div class=\"panel\" itemscope itemtype=\"https:\/\/schema.org\/Question\" itemprop=\"mainEntity\">\n                            <div class=\"panel-heading\" id=\"headingFaq-1\">\n                                <div class=\"panel-title\" data-toggle=\"collapse\" aria-expanded=\"false\" href=\"#collapseFaq-1\">\n                                    <h3 itemprop=\"name\">Local Rank Tracker peut-il suivre les mots-cl\u00e9s pour diff\u00e9rentes langues et les classements de recherche r\u00e9gionaux par mots-cl\u00e9s et pays ?<\/h3>\n                                <\/div>\n                            <\/div>\n                            <div id=\"collapseFaq-1\" class=\"panel-collapse collapse\" itemprop=\"acceptedAnswer\" itemscope itemtype=\"http:\/\/schema.org\/Answer\">\n                                <div class=\"panel-body\" itemprop=\"text\">Oui, loutil vous permet de personnaliser les param\u00e8tres de recherche en utilisant des termes de recherche par pays et par langue, vous permettant ainsi de rechercher des emplacements et de suivre des mots-cl\u00e9s pour diff\u00e9rentes langues et r\u00e9gions.<\/div>\n                            <\/div>\n                        <\/div><div class=\"panel\" itemscope itemtype=\"https:\/\/schema.org\/Question\" itemprop=\"mainEntity\">\n                            <div class=\"panel-heading\" id=\"headingFaq-2\">\n                                <div class=\"panel-title\" data-toggle=\"collapse\" aria-expanded=\"false\" href=\"#collapseFaq-2\">\n                                    <h3 itemprop=\"name\">Le Local SEO Checker est-il adapt\u00e9 aux entreprises locales ciblant des clients r\u00e9gionaux dans plusieurs villes ?<\/h3>\n                                <\/div>\n                            <\/div>\n                            <div id=\"collapseFaq-2\" class=\"panel-collapse collapse\" itemprop=\"acceptedAnswer\" itemscope itemtype=\"http:\/\/schema.org\/Answer\">\n                                <div class=\"panel-body\" itemprop=\"text\">Absolument, il inclut le pack local complet, id\u00e9al pour les entreprises souhaitant analyser et optimiser leurs performances SEO dans plusieurs emplacements ou dans des villes ou r\u00e9gions sp\u00e9cifiques.<\/div>\n                            <\/div>\n                        <\/div><div class=\"panel\" itemscope itemtype=\"https:\/\/schema.org\/Question\" itemprop=\"mainEntity\">\n                            <div class=\"panel-heading\" id=\"headingFaq-3\">\n                                <div class=\"panel-title\" data-toggle=\"collapse\" aria-expanded=\"false\" href=\"#collapseFaq-3\">\n                                    <h3 itemprop=\"name\">\u00c0 quelle fr\u00e9quence puis-je v\u00e9rifier mon classement avec Local Rank Tracker ?<\/h3>\n                                <\/div>\n                            <\/div>\n                            <div id=\"collapseFaq-3\" class=\"panel-collapse collapse\" itemprop=\"acceptedAnswer\" itemscope itemtype=\"http:\/\/schema.org\/Answer\">\n                                <div class=\"panel-body\" itemprop=\"text\">Loutil prend en charge des contr\u00f4les de fr\u00e9quence personnalisables, vous permettant de surveiller les classements sur une base quotidienne, hebdomadaire ou mensuelle, ou m\u00eame dacc\u00e9der aux donn\u00e9es historiques pour une analyse des tendances plus large.<\/div>\n                            <\/div>\n                        <\/div><div class=\"panel\" itemscope itemtype=\"https:\/\/schema.org\/Question\" itemprop=\"mainEntity\">\n                            <div class=\"panel-heading\" id=\"headingFaq-4\">\n                                <div class=\"panel-title\" data-toggle=\"collapse\" aria-expanded=\"false\" href=\"#collapseFaq-4\">\n                                    <h3 itemprop=\"name\">Le Local Rank Tracker fournit-il des donn\u00e9es sur la visibilit\u00e9 des recherches locales pour les recherches sur ordinateur et mobile ?<\/h3>\n                                <\/div>\n                            <\/div>\n                            <div id=\"collapseFaq-4\" class=\"panel-collapse collapse\" itemprop=\"acceptedAnswer\" itemscope itemtype=\"http:\/\/schema.org\/Answer\">\n                                <div class=\"panel-body\" itemprop=\"text\">Oui, il propose des donn\u00e9es de suivi distinctes pour les recherches sur mobile et sur ordinateur, reconnaissant les diff\u00e9rents comportements de recherche selon les appareils.<\/div>\n                            <\/div>\n                        <\/div><div class=\"panel\" itemscope itemtype=\"https:\/\/schema.org\/Question\" itemprop=\"mainEntity\">\n                            <div class=\"panel-heading\" id=\"headingFaq-5\">\n                                <div class=\"panel-title\" data-toggle=\"collapse\" aria-expanded=\"false\" href=\"#collapseFaq-5\">\n                                    <h3 itemprop=\"name\">Puis-je exporter les donn\u00e9es collect\u00e9es par le Regional Rank Tracker ?<\/h3>\n                                <\/div>\n                            <\/div>\n                            <div id=\"collapseFaq-5\" class=\"panel-collapse collapse\" itemprop=\"acceptedAnswer\" itemscope itemtype=\"http:\/\/schema.org\/Answer\">\n                                <div class=\"panel-body\" itemprop=\"text\">Le Rank Tracker pour le r\u00e9f\u00e9rencement local vous permet dexporter les donn\u00e9es collect\u00e9es dans diff\u00e9rents formats, tels que .csv et .pdf, pour un partage et un reporting faciles.<\/div>\n                            <\/div>\n                        <\/div><\/div><\/div><\/p>","protected":false},"excerpt":{"rendered":"Qu&#8217;est-ce que l&#8217;outil de suivi du classement local\u00a0? Le Rank Tracker par Sitechecker est un outil sp\u00e9cialis\u00e9 qui vous permet d&#8217;\u00e9valuer les positions des mots cl\u00e9s de votre site Web dans les r\u00e9sultats de recherche locale. Gr\u00e2ce \u00e0 lui, vous obtenez des donn\u00e9es actuelles et historiques sur le classement de votre site sur diff\u00e9rents moteurs&#8230;","protected":false},"author":10409641,"featured_media":15167,"parent":0,"menu_order":0,"comment_status":"closed","ping_status":"closed","template":"pages-templates\/pages-minitools.php","meta":[],"categories":[75],"tags":[],"_links":{"self":[{"href":"https:\/\/sitechecker.pro\/fr\/wp-json\/wp\/v2\/pages\/15068"}],"collection":[{"href":"https:\/\/sitechecker.pro\/fr\/wp-json\/wp\/v2\/pages"}],"about":[{"href":"https:\/\/sitechecker.pro\/fr\/wp-json\/wp\/v2\/types\/page"}],"author":[{"embeddable":true,"href":"https:\/\/sitechecker.pro\/fr\/wp-json\/wp\/v2\/users\/10409641"}],"replies":[{"embeddable":true,"href":"https:\/\/sitechecker.pro\/fr\/wp-json\/wp\/v2\/comments?post=15068"}],"version-history":[{"count":18,"href":"https:\/\/sitechecker.pro\/fr\/wp-json\/wp\/v2\/pages\/15068\/revisions"}],"predecessor-version":[{"id":39556,"href":"https:\/\/sitechecker.pro\/fr\/wp-json\/wp\/v2\/pages\/15068\/revisions\/39556"}],"wp:featuredmedia":[{"embeddable":true,"href":"https:\/\/sitechecker.pro\/fr\/wp-json\/wp\/v2\/media\/15167"}],"wp:attachment":[{"href":"https:\/\/sitechecker.pro\/fr\/wp-json\/wp\/v2\/media?parent=15068"}],"wp:term":[{"taxonomy":"category","embeddable":true,"href":"https:\/\/sitechecker.pro\/fr\/wp-json\/wp\/v2\/categories?post=15068"},{"taxonomy":"post_tag","embeddable":true,"href":"https:\/\/sitechecker.pro\/fr\/wp-json\/wp\/v2\/tags?post=15068"}],"curies":[{"name":"wp","href":"https:\/\/api.w.org\/{rel}","templated":true}]}}