{"id":1489,"date":"2018-02-09T16:40:49","date_gmt":"2018-02-09T16:40:49","guid":{"rendered":"https:\/\/sitechecker.pro\/?page_id=1489"},"modified":"2025-05-29T14:02:55","modified_gmt":"2025-05-29T14:02:55","slug":"google-index","status":"publish","type":"page","link":"https:\/\/sitechecker.pro\/fr\/google-index\/","title":{"rendered":"Google Index Checker : Quantit\u00e9 et dynamique d&#8217;indexation \u2611"},"content":{"rendered":"<p><\/p>\n<h2 id=\"par1\">Qu&#8217;est-ce que Google Index Checker\u00a0?<\/h2>\n<p>Le v\u00e9rificateur d&#8217;indexation de <a href=\"https:\/\/sitechecker.pro\/\" target=\"_blank\" rel=\"noopener noreferrer\">Sitechecker<\/a> est un outil en ligne qui permet aux utilisateurs de v\u00e9rifier l&#8217;\u00e9tat d&#8217;indexation d&#8217;un site Web ou de pages individuelles. Il fournit des informations sur les pages index\u00e9es, les balises meta noindex et les probl\u00e8mes d&#8217;exploration. Vous pouvez analyser toutes les pages ou tester un rapport instantan\u00e9 pour une seule page.<\/p>\n<h3>Comment l&#8217;outil peut vous aider<\/h3>\n<p><strong>Instant Index Check\u00a0:<\/strong>v\u00e9rifie rapidement si Google indexe un site Web ou une page.<\/p>\n<p><strong>Identifier les probl\u00e8mes d&#8217;indexation\u00a0:<\/strong>d\u00e9tecte les pages qui ne sont pas index\u00e9es en raison d&#8217;erreurs techniques, de balises meta noindex ou d&#8217;autres probl\u00e8mes de r\u00e9f\u00e9rencement.<\/p>\n<p><strong>Surveiller les modifications du site\u00a0:<\/strong>fournit un suivi continu et des alertes sur les changements d&#8217;\u00e9tat d&#8217;exploration, aidant les utilisateurs \u00e0 maintenir une forte pr\u00e9sence en ligne.<\/p>\n<h3>Principales fonctionnalit\u00e9s de l&#8217;outil<\/h3>\n<p><strong>Tableau de bord unifi\u00e9\u00a0:<\/strong>fournit un hub centralis\u00e9 pour surveiller la sant\u00e9 du site Web, les performances SEO et l&#8217;\u00e9tat d&#8217;exploration en un seul endroit.<\/p>\n<p><strong>Interface conviviale\u00a0:<\/strong>con\u00e7ue pour les d\u00e9butants et les experts, offrant une navigation intuitive, des informations claires et des recommandations exploitables.<\/p>\n<p><strong>Ensemble complet d&#8217;outils SEO\u00a0:<\/strong>comprend des audits de site, un suivi du classement, des contr\u00f4les SEO sur page et une surveillance des changements d&#8217;\u00e9tat d&#8217;exploration pour am\u00e9liorer la visibilit\u00e9 de la recherche.<\/p>\n<h2 id=\"par2\">Comment utiliser l&#8217;outil<\/h2>\n<p>Vous pouvez effectuer un audit complet du site ou ex\u00e9cuter une v\u00e9rification instantan\u00e9e de la page. S\u00e9lectionnez simplement l&#8217;option qui correspond le mieux \u00e0 vos besoins et ex\u00e9cutez l&#8217;audit.<\/p>\n<div class=\"content__img-wrap\"><img src=\"https:\/\/sitechecker.pro\/wp-content\/uploads\/2025\/02\/choose-audit-option.png\" alt=\"Choose Audit Option\" class=\"description-img description-img-zoom\" loading=\"lazy\" ><\/div>\n<h2 id=\"par3\">V\u00e9rification compl\u00e8te de l&#8217;index du site<\/h2>\n<h3>\u00c9tape 1\u00a0: Choisissez une option de v\u00e9rification du site<\/h3>\n<div class=\"content__img-wrap\"><img src=\"https:\/\/sitechecker.pro\/wp-content\/uploads\/2025\/02\/check-site-index.png\" alt=\"V\u00e9rifier l'index du site\" class=\"description-img description-img-zoom\" loading=\"lazy\" ><\/div>\n<div class=\"important-block\">Pour recevoir les r\u00e9sultats et acc\u00e9der aux fonctionnalit\u00e9s de Sitechecker pendant 14 jours, d\u00e9marrez votre essai GRATUIT. L'inscription est facile avec votre e-mail, votre compte Google ou Facebook. Aucune carte de cr\u00e9dit n'est n\u00e9cessaire.<\/div>\n<h3>\u00c9tape 2\u00a0: Obtenez des r\u00e9sultats<\/h3>\n<p>Obtenez une analyse d\u00e9taill\u00e9e de l&#8217;exploration de votre site, y compris les probl\u00e8mes critiques de r\u00e9f\u00e9rencement, les avertissements, les opportunit\u00e9s et les changements d&#8217;\u00e9tat d&#8217;exploration. Identifiez les pages bloqu\u00e9es, les balises manquantes et les erreurs techniques qui affectent la visibilit\u00e9 de la recherche, avec des correctifs exploitables.<\/p>\n<div class=\"content__img-wrap\"><img src=\"https:\/\/sitechecker.pro\/wp-content\/uploads\/2025\/02\/check-indexability-issues.png\" alt=\"V\u00e9rifier les probl\u00e8mes d'indexabilit\u00e9\" class=\"description-img description-img-zoom\" loading=\"lazy\" ><\/div>\n<h3>Fonctionnalit\u00e9s suppl\u00e9mentaires<\/h3>\n<p>Obtenez des informations SEO approfondies au-del\u00e0 des changements d&#8217;\u00e9tat d&#8217;exploration, y compris les erreurs critiques, les avertissements, les opportunit\u00e9s et l&#8217;\u00e9tat g\u00e9n\u00e9ral du site Web. Analysez les pages affect\u00e9es par cat\u00e9gorie, d\u00e9tectez les probl\u00e8mes techniques et acc\u00e9dez \u00e0 des rapports d\u00e9taill\u00e9s avec des correctifs exploitables pour optimiser les performances de recherche.<\/p>\n<div class=\"content__img-wrap\"><img src=\"https:\/\/sitechecker.pro\/wp-content\/uploads\/2025\/02\/site-audit-issues.png\" alt=\"Probl\u00e8mes d'audit de site\" class=\"description-img description-img-zoom\" loading=\"lazy\" ><\/div>\n<h2 id=\"par4\">Google Page Index Checker<\/h2>\n<h3>\u00c9tape 1\u00a0: Choisissez une option de v\u00e9rification de page<\/h3>\n<div class=\"content__img-wrap\"><img src=\"https:\/\/sitechecker.pro\/wp-content\/uploads\/2025\/02\/check-page-index.png\" alt=\"V\u00e9rifier l'index de la page\" class=\"description-img description-img-zoom\" loading=\"lazy\" ><\/div>\n<h3>\u00c9tape 2\u00a0: Obtenez les r\u00e9sultats<\/h3>\n<p>Obtenez des informations instantan\u00e9es sur la capacit\u00e9 d&#8217;exploration d&#8217;une page, notamment les codes d&#8217;\u00e9tat, les balises m\u00e9ta, les param\u00e8tres robots.txt et les directives noindex. Identifiez les probl\u00e8mes d&#8217;\u00e9tat d&#8217;exploration et assurez-vous que les moteurs de recherche peuvent explorer et classer correctement votre page.<\/p>\n<div class=\"content__img-wrap\"><img src=\"https:\/\/sitechecker.pro\/wp-content\/uploads\/2025\/02\/check-indexation.png\" alt=\"V\u00e9rifier l'indexation\" class=\"description-img description-img-zoom\" loading=\"lazy\" ><\/div>\n<p>Pour d\u00e9couvrir toutes les fonctionnalit\u00e9s de l&#8217;outil, acc\u00e9dez \u00e0 la section Audit de site. Vous pouvez y consulter la version de d\u00e9monstration et voir quelles t\u00e2ches techniques de r\u00e9f\u00e9rencement Sitechecker peut r\u00e9soudre.<\/p>\n<div class=\"content__img-wrap\"><img src=\"https:\/\/sitechecker.pro\/wp-content\/uploads\/2025\/02\/site-audit.png\" alt=\"Audit de site\" class=\"description-img description-img-zoom\" loading=\"lazy\" ><\/div>\n<h3>Fonctionnalit\u00e9s suppl\u00e9mentaires de la v\u00e9rification de page<\/h3>\n<p>Obtenez une analyse SEO compl\u00e8te au-del\u00e0 de l&#8217;\u00e9tat d&#8217;exploration, y compris les probl\u00e8mes critiques, les avertissements et les informations sur les performances. Identifiez les liens rompus, la vitesse lente des pages, les lacunes d&#8217;optimisation du contenu et les erreurs de donn\u00e9es structur\u00e9es. Acc\u00e9dez \u00e0 des recommandations d\u00e9taill\u00e9es pour am\u00e9liorer la visibilit\u00e9, am\u00e9liorer l&#8217;exp\u00e9rience utilisateur et booster les classements de recherche.<\/p>\n<div class=\"content__img-wrap\"><img src=\"https:\/\/sitechecker.pro\/wp-content\/uploads\/2025\/02\/issues-overview.png\" alt=\"Aper\u00e7u des probl\u00e8mes\" class=\"description-img description-img-zoom\" loading=\"lazy\" ><\/div>\n<h2 id=\"par5\">Id\u00e9e finale<\/h2>\n<p>Le v\u00e9rificateur d&#8217;indexation Google aide les utilisateurs \u00e0 analyser l&#8217;exploration des sites Web et des pages, en identifiant les probl\u00e8mes de r\u00e9f\u00e9rencement affectant la visibilit\u00e9 de la recherche. Il propose des v\u00e9rifications de page instantan\u00e9es ou des audits de site complets, d\u00e9tectant les erreurs d&#8217;indexation, les balises meta noindex et les probl\u00e8mes techniques. Avec un tableau de bord unifi\u00e9, une interface conviviale et un ensemble complet d&#8217;outils de r\u00e9f\u00e9rencement, il fournit un suivi continu, des informations sur les performances et des correctifs exploitables. Les utilisateurs peuvent acc\u00e9der \u00e0 des rapports d\u00e9taill\u00e9s sur l&#8217;indexation, la sant\u00e9 du site et l&#8217;optimisation du contenu.<\/p>\n<div id=\"par6\"><\/div>\n<p><div class=\"front__faq-block\"><div class=\"faq__block-title\">FAQ<\/div><div class=\"panel-group\" id=\"faq-accordion\" itemscope itemtype=\"https:\/\/schema.org\/FAQPage\" role=\"tablist\" aria-multiselectable=\"true\"><div class=\"panel\" itemscope itemtype=\"https:\/\/schema.org\/Question\" itemprop=\"mainEntity\">\n                            <div class=\"panel-heading\" id=\"headingFaq-1\">\n                                <div class=\"panel-title\" data-toggle=\"collapse\" aria-expanded=\"false\" href=\"#collapseFaq-1\">\n                                    <h3 itemprop=\"name\">Comment l'indexation Google affecte-t-elle la visibilit\u00e9 d'un site Web ?<\/h3>\n                                <\/div>\n                            <\/div>\n                            <div id=\"collapseFaq-1\" class=\"panel-collapse collapse\" itemprop=\"acceptedAnswer\" itemscope itemtype=\"http:\/\/schema.org\/Answer\">\n                                <div class=\"panel-body\" itemprop=\"text\">L'indexation Google d\u00e9termine si les pages d'un site Web apparaissent dans les r\u00e9sultats de recherche. Si une page n'est pas index\u00e9e, elle ne sera pas d\u00e9tectable via la recherche Google.<\/div>\n                            <\/div>\n                        <\/div><div class=\"panel\" itemscope itemtype=\"https:\/\/schema.org\/Question\" itemprop=\"mainEntity\">\n                            <div class=\"panel-heading\" id=\"headingFaq-2\">\n                                <div class=\"panel-title\" data-toggle=\"collapse\" aria-expanded=\"false\" href=\"#collapseFaq-2\">\n                                    <h3 itemprop=\"name\">L'outil peut-il d\u00e9tecter pourquoi une page n'est pas index\u00e9e ?<\/h3>\n                                <\/div>\n                            <\/div>\n                            <div id=\"collapseFaq-2\" class=\"panel-collapse collapse\" itemprop=\"acceptedAnswer\" itemscope itemtype=\"http:\/\/schema.org\/Answer\">\n                                <div class=\"panel-body\" itemprop=\"text\">Oui, il identifie les erreurs techniques, les balises meta noindex et les restrictions d'exploration qui peuvent emp\u00eacher l'exploration.<\/div>\n                            <\/div>\n                        <\/div><div class=\"panel\" itemscope itemtype=\"https:\/\/schema.org\/Question\" itemprop=\"mainEntity\">\n                            <div class=\"panel-heading\" id=\"headingFaq-3\">\n                                <div class=\"panel-title\" data-toggle=\"collapse\" aria-expanded=\"false\" href=\"#collapseFaq-3\">\n                                    <h3 itemprop=\"name\">\u00c0 quelle fr\u00e9quence dois-je v\u00e9rifier l'\u00e9tat d'indexation de mon site ?<\/h3>\n                                <\/div>\n                            <\/div>\n                            <div id=\"collapseFaq-3\" class=\"panel-collapse collapse\" itemprop=\"acceptedAnswer\" itemscope itemtype=\"http:\/\/schema.org\/Answer\">\n                                <div class=\"panel-body\" itemprop=\"text\">Des v\u00e9rifications r\u00e9guli\u00e8res sont recommand\u00e9es, en particulier apr\u00e8s des mises \u00e0 jour de contenu, des migrations de sites Web ou des optimisations SEO.<\/div>\n                            <\/div>\n                        <\/div><div class=\"panel\" itemscope itemtype=\"https:\/\/schema.org\/Question\" itemprop=\"mainEntity\">\n                            <div class=\"panel-heading\" id=\"headingFaq-4\">\n                                <div class=\"panel-title\" data-toggle=\"collapse\" aria-expanded=\"false\" href=\"#collapseFaq-4\">\n                                    <h3 itemprop=\"name\">L'outil prend-il en charge le suivi des modifications d'indexation au fil du temps ?<\/h3>\n                                <\/div>\n                            <\/div>\n                            <div id=\"collapseFaq-4\" class=\"panel-collapse collapse\" itemprop=\"acceptedAnswer\" itemscope itemtype=\"http:\/\/schema.org\/Answer\">\n                                <div class=\"panel-body\" itemprop=\"text\">Oui, il fournit une surveillance continue et des alertes pour les modifications d'exploration afin de maintenir la visibilit\u00e9 de la recherche.<\/div>\n                            <\/div>\n                        <\/div><div class=\"panel\" itemscope itemtype=\"https:\/\/schema.org\/Question\" itemprop=\"mainEntity\">\n                            <div class=\"panel-heading\" id=\"headingFaq-5\">\n                                <div class=\"panel-title\" data-toggle=\"collapse\" aria-expanded=\"false\" href=\"#collapseFaq-5\">\n                                    <h3 itemprop=\"name\">Que se passe-t-il si ma page n'est pas index\u00e9e ?<\/h3>\n                                <\/div>\n                            <\/div>\n                            <div id=\"collapseFaq-5\" class=\"panel-collapse collapse\" itemprop=\"acceptedAnswer\" itemscope itemtype=\"http:\/\/schema.org\/Answer\">\n                                <div class=\"panel-body\" itemprop=\"text\">L'outil sugg\u00e8re des correctifs, tels que l'ajustement des balises m\u00e9ta, la mise \u00e0 jour du fichier robots.txt et l'am\u00e9lioration de la structure du site pour am\u00e9liorer la visibilit\u00e9.<\/div>\n                            <\/div>\n                        <\/div><\/div><\/div><\/p>","protected":false},"excerpt":{"rendered":"Qu&#8217;est-ce que Google Index Checker\u00a0? Le v\u00e9rificateur d&#8217;indexation de Sitechecker est un outil en ligne qui permet aux utilisateurs de v\u00e9rifier l&#8217;\u00e9tat d&#8217;indexation d&#8217;un site Web ou de pages individuelles. Il fournit des informations sur les pages index\u00e9es, les balises meta noindex et les probl\u00e8mes d&#8217;exploration. Vous pouvez analyser toutes les pages ou tester un&#8230;","protected":false},"author":10409641,"featured_media":3426,"parent":0,"menu_order":0,"comment_status":"closed","ping_status":"closed","template":"pages-templates\/pages-minitools-3.php","meta":[],"categories":[73],"tags":[],"_links":{"self":[{"href":"https:\/\/sitechecker.pro\/fr\/wp-json\/wp\/v2\/pages\/1489"}],"collection":[{"href":"https:\/\/sitechecker.pro\/fr\/wp-json\/wp\/v2\/pages"}],"about":[{"href":"https:\/\/sitechecker.pro\/fr\/wp-json\/wp\/v2\/types\/page"}],"author":[{"embeddable":true,"href":"https:\/\/sitechecker.pro\/fr\/wp-json\/wp\/v2\/users\/10409641"}],"replies":[{"embeddable":true,"href":"https:\/\/sitechecker.pro\/fr\/wp-json\/wp\/v2\/comments?post=1489"}],"version-history":[{"count":6,"href":"https:\/\/sitechecker.pro\/fr\/wp-json\/wp\/v2\/pages\/1489\/revisions"}],"predecessor-version":[{"id":37213,"href":"https:\/\/sitechecker.pro\/fr\/wp-json\/wp\/v2\/pages\/1489\/revisions\/37213"}],"wp:featuredmedia":[{"embeddable":true,"href":"https:\/\/sitechecker.pro\/fr\/wp-json\/wp\/v2\/media\/3426"}],"wp:attachment":[{"href":"https:\/\/sitechecker.pro\/fr\/wp-json\/wp\/v2\/media?parent=1489"}],"wp:term":[{"taxonomy":"category","embeddable":true,"href":"https:\/\/sitechecker.pro\/fr\/wp-json\/wp\/v2\/categories?post=1489"},{"taxonomy":"post_tag","embeddable":true,"href":"https:\/\/sitechecker.pro\/fr\/wp-json\/wp\/v2\/tags?post=1489"}],"curies":[{"name":"wp","href":"https:\/\/api.w.org\/{rel}","templated":true}]}}