{"id":1484,"date":"2018-02-09T15:11:40","date_gmt":"2018-02-09T15:11:40","guid":{"rendered":"https:\/\/sitechecker.pro\/?page_id=1484"},"modified":"2025-02-21T16:14:56","modified_gmt":"2025-02-21T16:14:56","slug":"check-cost","status":"publish","type":"page","link":"https:\/\/sitechecker.pro\/fr\/check-cost\/","title":{"rendered":"Website Price Checker | Calculer la valeur d&#8217;un site web \u2611"},"content":{"rendered":"<p><\/p>\n<h2 id=\"par1\">Qu&#8217;est-ce que le Website Price Checker\u00a0?<\/h2>\n<p>Le Site Price Checker de <a href=\"https:\/\/sitechecker.pro\/\" target=\"_blank\" rel=\"noopener noreferrer\">Sitechecker<\/a> est un outil en ligne con\u00e7u pour estimer la valeur potentielle d&#8217;un site Web en fonction de la valeur du trafic organique. Cet outil analyse le trafic organique d&#8217;un site Web, en tant que mesure cl\u00e9 pour fournir une valeur mon\u00e9taire estim\u00e9e.<\/p>\n<h3>Comment le calculateur de valeur de site Web peut vous aider<\/h3>\n<p><strong>Estimation du co\u00fbt du site Web\u00a0: <\/strong>calcule le prix de march\u00e9 potentiel d&#8217;un site Web en fonction du trafic et du potentiel de mon\u00e9tisation.<\/p>\n<p><strong>Analyse du trafic et du r\u00e9f\u00e9rencement\u00a0: <\/strong>\u00e9value le nombre de visiteurs, les classements des moteurs de recherche et les facteurs de r\u00e9f\u00e9rencement sur la page pour d\u00e9terminer les performances d&#8217;un site Web.<\/p>\n<p><strong>Informations sur le potentiel de mon\u00e9tisation\u00a0: <\/strong>estime les revenus potentiels de la publicit\u00e9, du marketing d&#8217;affiliation ou du commerce \u00e9lectronique en fonction de l&#8217;engagement sur le Web et des mesures d&#8217;engagement.<\/p>\n<h3>Principales fonctionnalit\u00e9s de l&#8217;estimateur de valeur du site Web<\/h3>\n<p><strong>Tableau de bord unifi\u00e9\u00a0: <\/strong>fournit une vue centralis\u00e9e de toutes les mesures SEO, y compris la sant\u00e9 du site, les informations sur les visiteurs, permettant aux utilisateurs de g\u00e9rer plusieurs aspects du r\u00e9f\u00e9rencement \u00e0 partir d&#8217;une seule interface.<\/p>\n<p><strong>Interface conviviale\u00a0: <\/strong>con\u00e7ue pour les d\u00e9butants et les experts, offrant une navigation intuitive, une visualisation claire des donn\u00e9es et des recommandations exploitables pour am\u00e9liorer les performances du site Web sans effort.<\/p>\n<p><strong>Ensemble complet d&#8217;outils SEO\u00a0: <\/strong>comprend des fonctionnalit\u00e9s SEO compl\u00e8tes telles que les audits de site, le suivi des classements, l&#8217;analyse des mots cl\u00e9s et la d\u00e9tection des probl\u00e8mes en temps r\u00e9el pour am\u00e9liorer la visibilit\u00e9 et les classements de recherche.<\/p>\n<h2 id=\"par2\">Comment utiliser le v\u00e9rificateur de valeur du site Web<\/h2>\n<h3>\u00c9tape 1\u00a0:\u00a0Ins\u00e9rez l&#8217;URL du domaine et cliquez sur le bouton \u00ab\u00a0V\u00e9rifier le co\u00fbt\u00a0\u00bb<\/h3>\n<div class=\"content__img-wrap\"><img src=\"https:\/\/sitechecker.pro\/wp-content\/uploads\/2025\/02\/website-price-checker.png\" alt=\"V\u00e9rificateur de prix du site Web\" class=\"description-img description-img-zoom\" loading=\"lazy\" ><\/div>\n<h3>\u00c9tape 2\u00a0:\u00a0Obtenez les r\u00e9sultats<\/h3>\n<p>Recevez instantan\u00e9ment des indicateurs cl\u00e9s, notamment le trafic organique estim\u00e9, la valeur de l&#8217;engagement Web et le classement des mots cl\u00e9s, qui sont essentiels pour d\u00e9terminer la valeur d&#8217;un site.<\/p>\n<div class=\"content__img-wrap\"><img src=\"https:\/\/sitechecker.pro\/wp-content\/uploads\/2025\/02\/website-price-checker-results.png\" alt=\"R\u00e9sultats du v\u00e9rificateur de prix de site Web\" class=\"description-img description-img-zoom\" loading=\"lazy\" ><\/div>\n<h4>Valeur du trafic<\/h4>\n<p>Repr\u00e9sente la valeur mon\u00e9taire potentielle du trafic organique en fonction des donn\u00e9es CPC (co\u00fbt par clic), indiquant combien ce trafic co\u00fbterait s&#8217;il \u00e9tait acquis via la publicit\u00e9 payante. Une valeur de trafic plus \u00e9lev\u00e9e sugg\u00e8re un fort potentiel de mon\u00e9tisation.<\/p>\n<h4>Classement des mots cl\u00e9s<\/h4>\n<p>Montre dans quelle mesure un domaine se classe pour les mots cl\u00e9s \u00e0 forte valeur ajout\u00e9e dans les r\u00e9sultats de recherche. Des classements forts pour les mots cl\u00e9s comp\u00e9titifs augmentent la visibilit\u00e9, attirent plus de visiteurs et am\u00e9liorent la valeur marchande.<\/p>\n<p>Ces informations aident les propri\u00e9taires, les acheteurs et les professionnels du r\u00e9f\u00e9rencement \u00e0 \u00e9valuer la rentabilit\u00e9 et le potentiel de croissance \u00e0 long terme d&#8217;un site.<\/p>\n<h2 id=\"par3\">Conclusion<\/h2>\n<p>Le calculateur de prix de site Web est un outil puissant qui fournit une estimation rapide et fiable de la valeur d&#8217;un site en fonction du trafic organique et du potentiel de mon\u00e9tisation. Les utilisateurs peuvent obtenir des informations pr\u00e9cieuses sur les performances, la rentabilit\u00e9 et les opportunit\u00e9s de croissance d&#8217;un site en analysant des indicateurs cl\u00e9s tels que la valeur d&#8217;engagement Web et le classement des mots cl\u00e9s.<\/p>\n<div id=\"par4\"><\/div>\n<p><div class=\"front__faq-block\"><div class=\"faq__block-title\">FAQ<\/div><div class=\"panel-group\" id=\"faq-accordion\" itemscope itemtype=\"https:\/\/schema.org\/FAQPage\" role=\"tablist\" aria-multiselectable=\"true\"><div class=\"panel\" itemscope itemtype=\"https:\/\/schema.org\/Question\" itemprop=\"mainEntity\">\n                            <div class=\"panel-heading\" id=\"headingFaq-1\">\n                                <div class=\"panel-title\" data-toggle=\"collapse\" aria-expanded=\"false\" href=\"#collapseFaq-1\">\n                                    <h3 itemprop=\"name\">Quelle est la pr\u00e9cision de l'estimation du co\u00fbt du domaine ?<\/h3>\n                                <\/div>\n                            <\/div>\n                            <div id=\"collapseFaq-1\" class=\"panel-collapse collapse\" itemprop=\"acceptedAnswer\" itemscope itemtype=\"http:\/\/schema.org\/Answer\">\n                                <div class=\"panel-body\" itemprop=\"text\">L'estimation est bas\u00e9e sur la valeur du trafic organique, le classement des mots cl\u00e9s et les facteurs SEO. Bien qu'elle fournisse une r\u00e9f\u00e9rence solide, les prix de vente r\u00e9els peuvent varier en fonction de facteurs suppl\u00e9mentaires tels que la reconnaissance de la marque et les flux de revenus.<\/div>\n                            <\/div>\n                        <\/div><div class=\"panel\" itemscope itemtype=\"https:\/\/schema.org\/Question\" itemprop=\"mainEntity\">\n                            <div class=\"panel-heading\" id=\"headingFaq-2\">\n                                <div class=\"panel-title\" data-toggle=\"collapse\" aria-expanded=\"false\" href=\"#collapseFaq-2\">\n                                    <h3 itemprop=\"name\">L'outil analyse-t-il le trafic payant ou uniquement le trafic organique ?<\/h3>\n                                <\/div>\n                            <\/div>\n                            <div id=\"collapseFaq-2\" class=\"panel-collapse collapse\" itemprop=\"acceptedAnswer\" itemscope itemtype=\"http:\/\/schema.org\/Answer\">\n                                <div class=\"panel-body\" itemprop=\"text\">Le v\u00e9rificateur de prix de site Web se concentre exclusivement sur le trafic organique et sa valeur estim\u00e9e en fonction des donn\u00e9es CPC. Il ne tient pas compte du trafic publicitaire payant.<\/div>\n                            <\/div>\n                        <\/div><div class=\"panel\" itemscope itemtype=\"https:\/\/schema.org\/Question\" itemprop=\"mainEntity\">\n                            <div class=\"panel-heading\" id=\"headingFaq-3\">\n                                <div class=\"panel-title\" data-toggle=\"collapse\" aria-expanded=\"false\" href=\"#collapseFaq-3\">\n                                    <h3 itemprop=\"name\">Puis-je v\u00e9rifier la valeur de n'importe quel site Web ?<\/h3>\n                                <\/div>\n                            <\/div>\n                            <div id=\"collapseFaq-3\" class=\"panel-collapse collapse\" itemprop=\"acceptedAnswer\" itemscope itemtype=\"http:\/\/schema.org\/Answer\">\n                                <div class=\"panel-body\" itemprop=\"text\">Oui, vous pouvez analyser n'importe quel site Web public \u00e0 condition qu'il dispose de donn\u00e9es d'engagement Web organique mesurables. Les sites Web priv\u00e9s ou nouvellement cr\u00e9\u00e9s avec un trafic minimal peuvent ne pas g\u00e9n\u00e9rer de r\u00e9sultats.<\/div>\n                            <\/div>\n                        <\/div><div class=\"panel\" itemscope itemtype=\"https:\/\/schema.org\/Question\" itemprop=\"mainEntity\">\n                            <div class=\"panel-heading\" id=\"headingFaq-4\">\n                                <div class=\"panel-title\" data-toggle=\"collapse\" aria-expanded=\"false\" href=\"#collapseFaq-4\">\n                                    <h3 itemprop=\"name\">\u00c0 quelle fr\u00e9quence dois-je v\u00e9rifier la valeur de mon site Web ?<\/h3>\n                                <\/div>\n                            <\/div>\n                            <div id=\"collapseFaq-4\" class=\"panel-collapse collapse\" itemprop=\"acceptedAnswer\" itemscope itemtype=\"http:\/\/schema.org\/Answer\">\n                                <div class=\"panel-body\" itemprop=\"text\">Il est recommand\u00e9 de v\u00e9rifier p\u00e9riodiquement, en particulier apr\u00e8s des mises \u00e0 jour SEO majeures, des changements de trafic ou des am\u00e9liorations de contenu, pour suivre la croissance et le potentiel de mon\u00e9tisation.<\/div>\n                            <\/div>\n                        <\/div><div class=\"panel\" itemscope itemtype=\"https:\/\/schema.org\/Question\" itemprop=\"mainEntity\">\n                            <div class=\"panel-heading\" id=\"headingFaq-5\">\n                                <div class=\"panel-title\" data-toggle=\"collapse\" aria-expanded=\"false\" href=\"#collapseFaq-5\">\n                                    <h3 itemprop=\"name\">Comment l'outil d\u00e9termine-t-il une valeur de trafic ?<\/h3>\n                                <\/div>\n                            <\/div>\n                            <div id=\"collapseFaq-5\" class=\"panel-collapse collapse\" itemprop=\"acceptedAnswer\" itemscope itemtype=\"http:\/\/schema.org\/Answer\">\n                                <div class=\"panel-body\" itemprop=\"text\">Il calcule la valeur du trafic en fonction du nombre estim\u00e9 de visiteurs organiques et du co\u00fbt par clic (CPC) des mots cl\u00e9s class\u00e9s, refl\u00e9tant le co\u00fbt du trafic via des publicit\u00e9s payantes.<\/div>\n                            <\/div>\n                        <\/div><div class=\"panel\" itemscope itemtype=\"https:\/\/schema.org\/Question\" itemprop=\"mainEntity\">\n                            <div class=\"panel-heading\" id=\"headingFaq-6\">\n                                <div class=\"panel-title\" data-toggle=\"collapse\" aria-expanded=\"false\" href=\"#collapseFaq-6\">\n                                    <h3 itemprop=\"name\">Puis-je comparer plusieurs sites Web ?<\/h3>\n                                <\/div>\n                            <\/div>\n                            <div id=\"collapseFaq-6\" class=\"panel-collapse collapse\" itemprop=\"acceptedAnswer\" itemscope itemtype=\"http:\/\/schema.org\/Answer\">\n                                <div class=\"panel-body\" itemprop=\"text\">Alors que l'outil analyse les domaines individuellement, vous pouvez v\u00e9rifier manuellement plusieurs domaines pour comparer leurs valeurs estim\u00e9es et leurs performances SEO.<\/div>\n                            <\/div>\n                        <\/div><\/div><\/div><\/p>","protected":false},"excerpt":{"rendered":"Qu&#8217;est-ce que le Website Price Checker\u00a0? Le Site Price Checker de Sitechecker est un outil en ligne con\u00e7u pour estimer la valeur potentielle d&#8217;un site Web en fonction de la valeur du trafic organique. Cet outil analyse le trafic organique d&#8217;un site Web, en tant que mesure cl\u00e9 pour fournir une valeur mon\u00e9taire estim\u00e9e. Comment&#8230;","protected":false},"author":10409641,"featured_media":3747,"parent":0,"menu_order":0,"comment_status":"closed","ping_status":"closed","template":"pages-templates\/pages-minitools-3.php","meta":[],"categories":[73],"tags":[],"_links":{"self":[{"href":"https:\/\/sitechecker.pro\/fr\/wp-json\/wp\/v2\/pages\/1484"}],"collection":[{"href":"https:\/\/sitechecker.pro\/fr\/wp-json\/wp\/v2\/pages"}],"about":[{"href":"https:\/\/sitechecker.pro\/fr\/wp-json\/wp\/v2\/types\/page"}],"author":[{"embeddable":true,"href":"https:\/\/sitechecker.pro\/fr\/wp-json\/wp\/v2\/users\/10409641"}],"replies":[{"embeddable":true,"href":"https:\/\/sitechecker.pro\/fr\/wp-json\/wp\/v2\/comments?post=1484"}],"version-history":[{"count":5,"href":"https:\/\/sitechecker.pro\/fr\/wp-json\/wp\/v2\/pages\/1484\/revisions"}],"predecessor-version":[{"id":35658,"href":"https:\/\/sitechecker.pro\/fr\/wp-json\/wp\/v2\/pages\/1484\/revisions\/35658"}],"wp:featuredmedia":[{"embeddable":true,"href":"https:\/\/sitechecker.pro\/fr\/wp-json\/wp\/v2\/media\/3747"}],"wp:attachment":[{"href":"https:\/\/sitechecker.pro\/fr\/wp-json\/wp\/v2\/media?parent=1484"}],"wp:term":[{"taxonomy":"category","embeddable":true,"href":"https:\/\/sitechecker.pro\/fr\/wp-json\/wp\/v2\/categories?post=1484"},{"taxonomy":"post_tag","embeddable":true,"href":"https:\/\/sitechecker.pro\/fr\/wp-json\/wp\/v2\/tags?post=1484"}],"curies":[{"name":"wp","href":"https:\/\/api.w.org\/{rel}","templated":true}]}}