{"id":1446,"date":"2018-02-07T10:31:31","date_gmt":"2018-02-07T10:31:31","guid":{"rendered":"https:\/\/sitechecker.pro\/?page_id=1446"},"modified":"2026-02-19T14:39:30","modified_gmt":"2026-02-19T14:39:30","slug":"knowledge-base","status":"publish","type":"page","link":"https:\/\/sitechecker.pro\/fr\/blog\/","title":{"rendered":"Blog SEO de Sitechecker: apprendre le r\u00e9f\u00e9rencement rapide"},"content":{"rendered":"<p><a href=\"https:\/\/sitechecker.pro\/fr\/robots-tester\/\">Robots.txt Tester: v\u00e9rifier l\u2019indexabilit\u00e9 d\u2019une URL concr\u00e8te<\/a><\/p>\n<p><a href=\"https:\/\/sitechecker.pro\/fr\/google-bot\/\">Optimisation de Googlebot: Apprenez 6 strat\u00e9gies pour optimiser votre site<\/a><\/p>\n<p><a href=\"https:\/\/sitechecker.pro\/fr\/open-graph\/\">D\u00e9couvrez ce que c&#8217;est que le balisage Open Graph<\/a><\/p>\n<p><a href=\"https:\/\/sitechecker.pro\/fr\/meta-title\/\">Analysez la balise meta titre pour une URL sp\u00e9cifique<\/a><\/p>\n<p><a href=\"https:\/\/sitechecker.pro\/fr\/meta-tag-description\/\">Qu\u2019est-ce qu\u2019une balise meta description et comment l\u2019\u00e9crire correctement?<\/a><\/p>\n<p><a href=\"https:\/\/sitechecker.pro\/fr\/h1-tag\/\">Qu\u2019est-ce que la balise H1 et quelle est son importance pour le r\u00e9f\u00e9rencement?<\/a><\/p>\n<p><a href=\"https:\/\/sitechecker.pro\/fr\/alt-tags\/\">Qu\u2019est-ce que Image Alt Text (Alt Tags) et comment l\u2019utiliser dans le SEO?<\/a><\/p>\n<p><a href=\"https:\/\/sitechecker.pro\/fr\/canonical-url\/\">La balise URL canonique: D\u00e9finition et tous les cas quand vous en avez besoin<\/a><\/p>\n<p><a href=\"https:\/\/sitechecker.pro\/fr\/404-error\/\">Erreur 404: le guide sur ce que cette page est, comment la trouver et r\u00e9parer<\/a><\/p>","protected":false},"excerpt":{"rendered":"Robots.txt Tester: v\u00e9rifier l\u2019indexabilit\u00e9 d\u2019une URL concr\u00e8te Optimisation de Googlebot: Apprenez 6 strat\u00e9gies pour optimiser votre site D\u00e9couvrez ce que c&#8217;est que le balisage Open Graph Analysez la balise meta titre pour une URL sp\u00e9cifique Qu\u2019est-ce qu\u2019une balise meta description et comment l\u2019\u00e9crire correctement? Qu\u2019est-ce que la balise H1 et quelle est son importance pour&#8230;","protected":false},"author":10504980,"featured_media":6846,"parent":0,"menu_order":0,"comment_status":"closed","ping_status":"closed","template":"knowledge_base-tmp.php","meta":[],"categories":[],"tags":[],"_links":{"self":[{"href":"https:\/\/sitechecker.pro\/fr\/wp-json\/wp\/v2\/pages\/1446"}],"collection":[{"href":"https:\/\/sitechecker.pro\/fr\/wp-json\/wp\/v2\/pages"}],"about":[{"href":"https:\/\/sitechecker.pro\/fr\/wp-json\/wp\/v2\/types\/page"}],"author":[{"embeddable":true,"href":"https:\/\/sitechecker.pro\/fr\/wp-json\/wp\/v2\/users\/10504980"}],"replies":[{"embeddable":true,"href":"https:\/\/sitechecker.pro\/fr\/wp-json\/wp\/v2\/comments?post=1446"}],"version-history":[{"count":71,"href":"https:\/\/sitechecker.pro\/fr\/wp-json\/wp\/v2\/pages\/1446\/revisions"}],"predecessor-version":[{"id":39356,"href":"https:\/\/sitechecker.pro\/fr\/wp-json\/wp\/v2\/pages\/1446\/revisions\/39356"}],"wp:featuredmedia":[{"embeddable":true,"href":"https:\/\/sitechecker.pro\/fr\/wp-json\/wp\/v2\/media\/6846"}],"wp:attachment":[{"href":"https:\/\/sitechecker.pro\/fr\/wp-json\/wp\/v2\/media?parent=1446"}],"wp:term":[{"taxonomy":"category","embeddable":true,"href":"https:\/\/sitechecker.pro\/fr\/wp-json\/wp\/v2\/categories?post=1446"},{"taxonomy":"post_tag","embeddable":true,"href":"https:\/\/sitechecker.pro\/fr\/wp-json\/wp\/v2\/tags?post=1446"}],"curies":[{"name":"wp","href":"https:\/\/api.w.org\/{rel}","templated":true}]}}