{"id":142,"date":"2017-11-14T14:42:08","date_gmt":"2017-11-14T14:42:08","guid":{"rendered":"http:\/\/test.wp.sitechecker.pro\/?page_id=142"},"modified":"2026-02-16T17:06:10","modified_gmt":"2026-02-16T17:06:10","slug":"meta-tag-description","status":"publish","type":"page","link":"https:\/\/sitechecker.pro\/fr\/meta-tag-description\/","title":{"rendered":"Meta Description Length Checker | Test any URL on Website \u2611 (V\u00e9rificateur de longueur de m\u00e9ta description)"},"content":{"rendered":"<p><\/p>\n<h2 id=\"par1\">Qu&#8217;est-ce que le v\u00e9rificateur de longueur de description de balise m\u00e9ta\u00a0?<\/h2>\n<p>Le v\u00e9rificateur de longueur de description de balise m\u00e9ta de <a href=\"https:\/\/sitechecker.pro\/\" target=\"_blank\" rel=\"noopener noreferrer\">Sitechecker<\/a> est un outil con\u00e7u pour analyser la longueur des balises de description m\u00e9ta sur une page Web ou sur l&#8217;ensemble d&#8217;un site Web. Il vous aide \u00e0 vous assurer que les m\u00e9ta-descriptions respectent les directives de longueur optimale pour am\u00e9liorer les performances SEO et la visibilit\u00e9 des r\u00e9sultats de recherche. En identifiant les descriptions trop courtes, trop longues ou manquantes, cet outil optimise vos m\u00e9tadonn\u00e9es pour un meilleur classement dans les moteurs de recherche et un meilleur engagement des utilisateurs.<\/p>\n<h3>Comment l&#8217;outil peut vous aider<\/h3>\n<p><strong>Analyse de la longueur des m\u00e9ta-descriptions\u00a0:<\/strong>v\u00e9rifie si les m\u00e9ta-descriptions respectent les limites de caract\u00e8res recommand\u00e9es pour garantir qu&#8217;elles ne sont ni trop courtes ni trop longues pour des performances SEO optimales.<\/p>\n<p><strong>Analyse de pages en masse\u00a0:<\/strong>permet aux utilisateurs d&#8217;analyser les m\u00e9ta-descriptions sur plusieurs pages d&#8217;un site Web, en identifiant les pages avec des descriptions manquantes, trop courtes ou trop longues.<\/p>\n<p><strong>G\u00e9n\u00e9ration de rapports instantan\u00e9s\u00a0:<\/strong>fournit des informations rapides sur les probl\u00e8mes de m\u00e9ta-description, aidant les utilisateurs \u00e0 effectuer des ajustements imm\u00e9diats pour am\u00e9liorer la visibilit\u00e9 des moteurs de recherche.<\/p>\n<h3>Principales fonctionnalit\u00e9s de l&#8217;outil<\/h3>\n<p><strong>Tableau de bord unifi\u00e9\u00a0:<\/strong>fournit un hub centralis\u00e9 o\u00f9 les utilisateurs peuvent surveiller la sant\u00e9 du site Web, les performances SEO et les r\u00e9sultats d&#8217;audit en temps r\u00e9el en un seul endroit, garantissant un flux de travail efficace et un acc\u00e8s facile aux informations critiques.<\/p>\n<p><strong>Interface conviviale\u00a0:<\/strong>con\u00e7u avec simplicit\u00e9 et clart\u00e9, l&#8217;outil offre une exp\u00e9rience intuitive, le rendant accessible aux d\u00e9butants et aux professionnels du r\u00e9f\u00e9rencement sans n\u00e9cessiter d&#8217;expertise technique.<\/p>\n<p><strong>Ensemble complet d&#8217;outils SEO\u00a0:<\/strong>comprend une gamme compl\u00e8te d&#8217;outils SEO tels que l&#8217;audit de site Web, le suivi des classements et l&#8217;analyse sur page, aidant les utilisateurs \u00e0 optimiser leurs sites Web de mani\u00e8re exhaustive pour de meilleures performances des moteurs de recherche.<\/p>\n<h2 id=\"par2\">Comment utiliser l&#8217;outil<\/h2>\n<p>Pour utiliser l&#8217;outil, choisissez d&#8217;analyser une seule page pour un rapport instantan\u00e9 ou toutes les pages. Cliquez sur \u00ab\u00a0D\u00e9marrer l&#8217;audit\u00a0\u00bb pour g\u00e9n\u00e9rer un rapport mettant en \u00e9vidence les m\u00e9ta-descriptions trop courtes, trop longues ou manquantes.<\/p>\n<h2 id=\"par3\">Testez la longueur de la description de toutes les pages<\/h2>\n<h3>\u00c9tape 1\u00a0: s\u00e9lectionnez une option pour tester toutes les pages<\/h3>\n<div class=\"content__img-wrap\"><img src=\"https:\/\/sitechecker.pro\/wp-content\/uploads\/2025\/02\/check-description-all-pages.png\" alt=\"Tester la longueur de la description de toutes les pages\" class=\"description-img description-img-zoom\" loading=\"lazy\" ><\/div>\n<div class=\"important-block\">Pour recevoir les r\u00e9sultats et acc\u00e9der aux fonctionnalit\u00e9s de Sitechecker pendant 14 jours, d\u00e9marrez votre essai GRATUIT. L'inscription est facile avec votre e-mail, votre compte Google ou Facebook. Aucune carte de cr\u00e9dit n'est n\u00e9cessaire.<\/div>\n<h3>\u00c9tape 2\u00a0: analyse des r\u00e9sultats<\/h3>\n<p>Identifiez instantan\u00e9ment les pages dont les m\u00e9ta-descriptions sont trop courtes, trop longues ou manquantes. Obtenez des recommandations d\u00e9taill\u00e9es, visualisez les pages concern\u00e9es et appliquez des correctifs dans le code pour optimiser vos performances SEO.<\/p>\n<div class=\"content__img-wrap\"><img src=\"https:\/\/sitechecker.pro\/wp-content\/uploads\/2025\/02\/description-length-issues.png\" alt=\"Probl\u00e8mes de longueur de description\" class=\"description-img description-img-zoom\" loading=\"lazy\" ><\/div>\n<h3>Fonctionnalit\u00e9s suppl\u00e9mentaires de l&#8217;outil<\/h3>\n<p>Au-del\u00e0 de l&#8217;analyse des m\u00e9ta-descriptions, acc\u00e9dez \u00e0 des rapports d\u00e9taill\u00e9s sur les probl\u00e8mes critiques de r\u00e9f\u00e9rencement, la sant\u00e9 du site Web, l&#8217;indexabilit\u00e9 et la pertinence du contenu. Suivez les avertissements, les opportunit\u00e9s et le score du site Web pour optimiser les performances et am\u00e9liorer la visibilit\u00e9 de la recherche.<\/p>\n<div class=\"content__img-wrap\"><img src=\"https:\/\/sitechecker.pro\/wp-content\/uploads\/2025\/02\/site-audit-issues_67bdd1f07818c.png\" alt=\"Probl\u00e8mes d'audit de site\" class=\"description-img description-img-zoom\" loading=\"lazy\" ><\/div>\n<h2 id=\"par4\">Testez la longueur de la m\u00e9ta description de la page<\/h2>\n<h3>\u00c9tape 1\u00a0: cliquez sur l&#8217;audit de page<\/h3>\n<div class=\"content__img-wrap\"><img src=\"https:\/\/sitechecker.pro\/wp-content\/uploads\/2025\/02\/check-description-one-page.png\" alt=\"Testez la longueur de la m\u00e9ta description de la page\" class=\"description-img description-img-zoom\" loading=\"lazy\" ><\/div>\n<h3>\u00c9tape 2\u00a0: obtenez les r\u00e9sultats<\/h3>\n<p>L&#8217;outil explore votre page Web et extrait les donn\u00e9es de la balise de m\u00e9ta description de votre URL. Ce processus ne prend que quelques secondes, apr\u00e8s quoi vous pouvez afficher les r\u00e9sultats, y compris le nombre de descriptions de page, le m\u00e9ta-texte et la longueur.<\/p>\n<div class=\"content__img-wrap\"><img src=\"https:\/\/sitechecker.pro\/wp-content\/uploads\/2025\/02\/description-check-results.png\" alt=\"R\u00e9sultats de la v\u00e9rification de la description\" class=\"description-img description-img-zoom\" loading=\"lazy\" ><\/div>\n<p>Visitez la section Audit de site pour d\u00e9couvrir toutes les fonctionnalit\u00e9s de l&#8217;outil. Essayez la version de d\u00e9monstration pour voir comment Sitechecker d\u00e9tecte et corrige les principaux probl\u00e8mes techniques de r\u00e9f\u00e9rencement.<\/p>\n<div class=\"content__img-wrap\"><img src=\"https:\/\/sitechecker.pro\/wp-content\/uploads\/2025\/02\/sitechecker-site-audit.png\" alt=\"Sitechecker Site Audit\" class=\"description-img description-img-zoom\" loading=\"lazy\" ><\/div>\n<h3>Fonctionnalit\u00e9s suppl\u00e9mentaires de l&#8217;analyse de la longueur des m\u00e9ta-descriptions<\/h3>\n<p>Obtenez une analyse d\u00e9taill\u00e9e des probl\u00e8mes critiques, des donn\u00e9es structur\u00e9es, des images et des performances de PageSpeed. Cliquez sur le menu Navigation de la page pour consulter la vue d&#8217;ensemble des probl\u00e8mes, les donn\u00e9es structur\u00e9es, les images, l&#8217;optimisation de la recherche, les liens et les informations sur PageSpeed.<\/p>\n<div class=\"content__img-wrap\"><img src=\"https:\/\/sitechecker.pro\/wp-content\/uploads\/2025\/02\/issues-overview_67bdd1edc76a7.png\" alt=\"Aper\u00e7u des probl\u00e8mes\" class=\"description-img description-img-zoom\" loading=\"lazy\" ><\/div>\n<h2 id=\"par5\">Id\u00e9e finale<\/h2>\n<p>Le v\u00e9rificateur de longueur de description de balise m\u00e9ta analyse les m\u00e9ta-descriptions sur une page Web ou sur l&#8217;ensemble d&#8217;un site Web, en s&#8217;assurant qu&#8217;elles respectent les directives SEO optimales. Il d\u00e9tecte les descriptions manquantes, courtes ou longues et fournit des rapports instantan\u00e9s pour des correctifs rapides. Les utilisateurs peuvent analyser plusieurs pages, examiner les principaux probl\u00e8mes de r\u00e9f\u00e9rencement et optimiser les m\u00e9tadonn\u00e9es pour un meilleur classement. Avec un tableau de bord unifi\u00e9, une interface conviviale et un ensemble complet d&#8217;outils de r\u00e9f\u00e9rencement, l&#8217;outil simplifie les audits de sites Web. Essayez la fonction Audit de site pour explorer des informations d\u00e9taill\u00e9es, notamment les donn\u00e9es structur\u00e9es, PageSpeed \u200b\u200bet l&#8217;indexabilit\u00e9.<\/p>\n<div id=\"par6\"><\/div>\n<p><div class=\"front__faq-block\"><div class=\"faq__block-title\">FAQ<\/div><div class=\"panel-group\" id=\"faq-accordion\" itemscope itemtype=\"https:\/\/schema.org\/FAQPage\" role=\"tablist\" aria-multiselectable=\"true\"><div class=\"panel\" itemscope itemtype=\"https:\/\/schema.org\/Question\" itemprop=\"mainEntity\">\n                            <div class=\"panel-heading\" id=\"headingFaq-1\">\n                                <div class=\"panel-title\" data-toggle=\"collapse\" aria-expanded=\"false\" href=\"#collapseFaq-1\">\n                                    <h3 itemprop=\"name\">Quelle est la longueur id\u00e9ale pour une m\u00e9ta-description ?<\/h3>\n                                <\/div>\n                            <\/div>\n                            <div id=\"collapseFaq-1\" class=\"panel-collapse collapse\" itemprop=\"acceptedAnswer\" itemscope itemtype=\"http:\/\/schema.org\/Answer\">\n                                <div class=\"panel-body\" itemprop=\"text\">La longueur recommand\u00e9e pour une m\u00e9ta-description est comprise entre 150 et 160 caract\u00e8res pour garantir qu'elle s'affiche enti\u00e8rement dans les r\u00e9sultats de recherche sans \u00eatre tronqu\u00e9e.<\/div>\n                            <\/div>\n                        <\/div><div class=\"panel\" itemscope itemtype=\"https:\/\/schema.org\/Question\" itemprop=\"mainEntity\">\n                            <div class=\"panel-heading\" id=\"headingFaq-2\">\n                                <div class=\"panel-title\" data-toggle=\"collapse\" aria-expanded=\"false\" href=\"#collapseFaq-2\">\n                                    <h3 itemprop=\"name\">Cet outil peut-il d\u00e9tecter les m\u00e9ta-descriptions manquantes ?<\/h3>\n                                <\/div>\n                            <\/div>\n                            <div id=\"collapseFaq-2\" class=\"panel-collapse collapse\" itemprop=\"acceptedAnswer\" itemscope itemtype=\"http:\/\/schema.org\/Answer\">\n                                <div class=\"panel-body\" itemprop=\"text\">Oui, l'outil analyse les pages Web et identifie les m\u00e9ta-descriptions manquantes, trop courtes ou excessivement longues, vous aidant ainsi \u00e0 les optimiser pour de meilleures performances SEO.<\/div>\n                            <\/div>\n                        <\/div><div class=\"panel\" itemscope itemtype=\"https:\/\/schema.org\/Question\" itemprop=\"mainEntity\">\n                            <div class=\"panel-heading\" id=\"headingFaq-3\">\n                                <div class=\"panel-title\" data-toggle=\"collapse\" aria-expanded=\"false\" href=\"#collapseFaq-3\">\n                                    <h3 itemprop=\"name\">L'outil fournit-il des informations en temps r\u00e9el ?<\/h3>\n                                <\/div>\n                            <\/div>\n                            <div id=\"collapseFaq-3\" class=\"panel-collapse collapse\" itemprop=\"acceptedAnswer\" itemscope itemtype=\"http:\/\/schema.org\/Answer\">\n                                <div class=\"panel-body\" itemprop=\"text\">Oui, l'outil g\u00e9n\u00e8re un rapport instantan\u00e9 apr\u00e8s avoir analys\u00e9 votre page, vous permettant de visualiser et de r\u00e9soudre rapidement tout probl\u00e8me de m\u00e9ta-description.<\/div>\n                            <\/div>\n                        <\/div><div class=\"panel\" itemscope itemtype=\"https:\/\/schema.org\/Question\" itemprop=\"mainEntity\">\n                            <div class=\"panel-heading\" id=\"headingFaq-4\">\n                                <div class=\"panel-title\" data-toggle=\"collapse\" aria-expanded=\"false\" href=\"#collapseFaq-4\">\n                                    <h3 itemprop=\"name\">Puis-je analyser plusieurs pages \u00e0 la fois ?<\/h3>\n                                <\/div>\n                            <\/div>\n                            <div id=\"collapseFaq-4\" class=\"panel-collapse collapse\" itemprop=\"acceptedAnswer\" itemscope itemtype=\"http:\/\/schema.org\/Answer\">\n                                <div class=\"panel-body\" itemprop=\"text\">Oui, la fonction d'analyse de pages en masse vous permet de v\u00e9rifier les m\u00e9ta-descriptions sur l'ensemble de votre site Web, en identifiant les probl\u00e8mes sur plusieurs pages en un seul audit.<\/div>\n                            <\/div>\n                        <\/div><div class=\"panel\" itemscope itemtype=\"https:\/\/schema.org\/Question\" itemprop=\"mainEntity\">\n                            <div class=\"panel-heading\" id=\"headingFaq-5\">\n                                <div class=\"panel-title\" data-toggle=\"collapse\" aria-expanded=\"false\" href=\"#collapseFaq-5\">\n                                    <h3 itemprop=\"name\">Comment cet outil am\u00e9liore-t-il les classements SEO ?<\/h3>\n                                <\/div>\n                            <\/div>\n                            <div id=\"collapseFaq-5\" class=\"panel-collapse collapse\" itemprop=\"acceptedAnswer\" itemscope itemtype=\"http:\/\/schema.org\/Answer\">\n                                <div class=\"panel-body\" itemprop=\"text\">En garantissant que les m\u00e9ta-descriptions respectent les directives de longueur optimale, contiennent des mots cl\u00e9s pertinents et sont correctement structur\u00e9es, l'outil am\u00e9liore la visibilit\u00e9 des moteurs de recherche et les taux de clics (CTR).<\/div>\n                            <\/div>\n                        <\/div><div class=\"panel\" itemscope itemtype=\"https:\/\/schema.org\/Question\" itemprop=\"mainEntity\">\n                            <div class=\"panel-heading\" id=\"headingFaq-6\">\n                                <div class=\"panel-title\" data-toggle=\"collapse\" aria-expanded=\"false\" href=\"#collapseFaq-6\">\n                                    <h3 itemprop=\"name\">Quelles autres informations SEO cet outil offre-t-il ?<\/h3>\n                                <\/div>\n                            <\/div>\n                            <div id=\"collapseFaq-6\" class=\"panel-collapse collapse\" itemprop=\"acceptedAnswer\" itemscope itemtype=\"http:\/\/schema.org\/Answer\">\n                                <div class=\"panel-body\" itemprop=\"text\">Au-del\u00e0 de l'analyse des m\u00e9ta descriptions, l'outil fournit des informations sur la sant\u00e9 du site Web, l'indexabilit\u00e9, les donn\u00e9es structur\u00e9es, PageSpeed  et la pertinence du contenu.<\/div>\n                            <\/div>\n                        <\/div><\/div><\/div><\/p>","protected":false},"excerpt":{"rendered":"Qu&#8217;est-ce que le v\u00e9rificateur de longueur de description de balise m\u00e9ta\u00a0? Le v\u00e9rificateur de longueur de description de balise m\u00e9ta de Sitechecker est un outil con\u00e7u pour analyser la longueur des balises de description m\u00e9ta sur une page Web ou sur l&#8217;ensemble d&#8217;un site Web. Il vous aide \u00e0 vous assurer que les m\u00e9ta-descriptions respectent&#8230;","protected":false},"author":10409641,"featured_media":3439,"parent":0,"menu_order":0,"comment_status":"closed","ping_status":"closed","template":"pages-templates\/pages-minitools-3.php","meta":[],"categories":[70],"tags":[],"_links":{"self":[{"href":"https:\/\/sitechecker.pro\/fr\/wp-json\/wp\/v2\/pages\/142"}],"collection":[{"href":"https:\/\/sitechecker.pro\/fr\/wp-json\/wp\/v2\/pages"}],"about":[{"href":"https:\/\/sitechecker.pro\/fr\/wp-json\/wp\/v2\/types\/page"}],"author":[{"embeddable":true,"href":"https:\/\/sitechecker.pro\/fr\/wp-json\/wp\/v2\/users\/10409641"}],"replies":[{"embeddable":true,"href":"https:\/\/sitechecker.pro\/fr\/wp-json\/wp\/v2\/comments?post=142"}],"version-history":[{"count":101,"href":"https:\/\/sitechecker.pro\/fr\/wp-json\/wp\/v2\/pages\/142\/revisions"}],"predecessor-version":[{"id":39300,"href":"https:\/\/sitechecker.pro\/fr\/wp-json\/wp\/v2\/pages\/142\/revisions\/39300"}],"wp:featuredmedia":[{"embeddable":true,"href":"https:\/\/sitechecker.pro\/fr\/wp-json\/wp\/v2\/media\/3439"}],"wp:attachment":[{"href":"https:\/\/sitechecker.pro\/fr\/wp-json\/wp\/v2\/media?parent=142"}],"wp:term":[{"taxonomy":"category","embeddable":true,"href":"https:\/\/sitechecker.pro\/fr\/wp-json\/wp\/v2\/categories?post=142"},{"taxonomy":"post_tag","embeddable":true,"href":"https:\/\/sitechecker.pro\/fr\/wp-json\/wp\/v2\/tags?post=142"}],"curies":[{"name":"wp","href":"https:\/\/api.w.org\/{rel}","templated":true}]}}