{"id":1407,"date":"2018-02-05T12:02:10","date_gmt":"2018-02-05T12:02:10","guid":{"rendered":"https:\/\/sitechecker.pro\/?page_id=1407"},"modified":"2025-08-07T12:21:51","modified_gmt":"2025-08-07T12:21:51","slug":"xml-sitemap","status":"publish","type":"page","link":"https:\/\/sitechecker.pro\/fr\/xml-sitemap\/","title":{"rendered":"Test Sitemap XML: pr\u00e9venir les probl\u00e8mes d&#8217;indexation du site \u1408"},"content":{"rendered":"<p><\/p>\n<h2 id=\"par1\">Qu&#8217;est-ce qu&#8217;un v\u00e9rificateur de sitemap ? <\/h2>\n<p>XML Sitemap Finder est un outil permettant de v\u00e9rifier si un site dispose d&#8217;une carte XML.<\/p>\n<p>Vous pouvez utiliser Google Sitemap Checker pour v\u00e9rifier si votre site web poss\u00e8de une <a href=\"https:\/\/sitechecker.pro\/what-is-sitemap\/\" target=\"_blank\" rel=\"noopener noreferrer\">carte de site web XML<\/a> et pour identifier les erreurs \u00e9ventuelles. Si l&#8217;outil trouve des bogues, il vous indiquera comment les corriger.<\/p>\n<h3>Le v\u00e9rificateur de sitemap XML peut vous aider dans plusieurs domaines cl\u00e9s:<\/h3>\n<ul>\n<li>Il v\u00e9rifie la pr\u00e9sence d&#8217;un fichier XML sur votre site.<\/li>\n<li>Il d\u00e9tecte tout probl\u00e8me dans le fichier xml du plan de votre site.<\/li>\n<li>Il am\u00e9liore l&#8217;efficacit\u00e9 avec laquelle les moteurs de recherche indexent votre site.<\/li>\n<\/ul>\n<h3>Caract\u00e9ristiques principales de Sitemap Tester<\/h3>\n<p><strong>Tableau de bord unifi\u00e9. <\/strong>Un tableau de bord unifi\u00e9 fournit une vue unique des donn\u00e9es techniques de r\u00e9f\u00e9rencement, ce qui facilite le suivi et la gestion de leurs performances.<\/p>\n<p><strong>Interface conviviale. <\/strong>L&#8217;interface conviviale facilite l&#8217;utilisation de Sitechecker, m\u00eame si vous n&#8217;\u00eates pas un expert technique.<\/p>\n<p><strong>Outil SEO complet. <\/strong>L&#8217;outil de consultation du plan du site fait partie d&#8217;un ensemble complet d&#8217;outils de r\u00e9f\u00e9rencement qui peut vous aider \u00e0 am\u00e9liorer le classement de votre site web dans les pages de r\u00e9sultats des moteurs de recherche (SERP).<\/p>\n<h2 id=\"par2\">Comment utiliser l&#8217;outil de recherche de plan du site XML<\/h2>\n<p>Heureusement, il n&#8217;est pas n\u00e9cessaire de v\u00e9rifier manuellement le code de votre site web pour savoir s&#8217;il contient le fichier qui r\u00e9pertorie les pages essentielles d&#8217;un site web. Avec l&#8217;aide du D\u00e9tecteur de plan du site, vous pouvez consulter n&#8217;importe quel site pour obtenir cette information.<\/p>\n<h3>\u00c9tape 1 : Ins\u00e9rez votre nom de domaine<\/h3>\n<p>La premi\u00e8re \u00e9tape consiste \u00e0 saisir l&#8217;URL de votre site web :<\/p>\n<div class=\"content__img-wrap\"><img src=\"https:\/\/sitechecker.pro\/wp-content\/uploads\/2023\/11\/xml-sitemap-checker.png\" alt=\"XML Sitemap Checker\" class=\"description-img description-img-zoom\" loading=\"lazy\" ><\/div>\n<div class=\"important-block\">Pour recevoir les r\u00e9sultats et acc\u00e9der aux fonctionnalit\u00e9s de Sitechecker&apos;pendant 14 jours, commencez votre essai GRATUIT. L&apos;inscription est facile avec votre email, votre compte Google ou Facebook. Aucune carte de cr\u00e9dit n&apos;est n\u00e9cessaire.<\/div>\n<h3>Etape 2 : Interpr\u00e9tation des r\u00e9sultats du testeur de sitemap<\/h3>\n<p>L&#8217;analyse que vous effectuez g\u00e9n\u00e8re un audit du site pour le domaine que vous avez saisi. Dans la cat\u00e9gorie &#8220;XML sitemaps&#8221;, vous pouvez trouver des probl\u00e8mes qui peuvent entra\u00eener l&#8217;exploration d&#8217;URL non-200 ou l&#8217;absence de pages avec un trafic de recherche dans les cartes XML. Cliquez sur un probl\u00e8me pour voir les pages affect\u00e9es, les guides de correction et les invites dans le code.<\/p>\n<div class=\"content__img-wrap\"><img src=\"https:\/\/sitechecker.pro\/wp-content\/uploads\/2023\/11\/sitemap-checker-results.png\" alt=\"Sitemap Checker Results\" class=\"description-img description-img-zoom\" loading=\"lazy\" ><\/div>\n<p>Le testeur de sitemap vous permet d&#8217;identifier les erreurs de sitemap et d&#8217;obtenir des instructions sur la mani\u00e8re de les r\u00e9soudre afin de r\u00e9duire l&#8217;impact des erreurs de sitemap sur votre indexation :<\/p>\n<ul>\n<li>Un code de statut URL non 2xx dans le plan du site (<a href=\"https:\/\/sitechecker.pro\/what-are-3xx-status-codes\/\" target=\"_blank\" rel=\"noopener noreferrer\">3xx redirects<\/a>, <a href=\"https:\/\/sitechecker.pro\/site-audit-issues\/page-sitemap-timed\/\" target=\"_blank\" rel=\"noopener noreferrer\">5xx server errors<\/a>, <a href=\"https:\/\/sitechecker.pro\/what-are-4xx-status-codes\/\" target=\"_blank\" rel=\"noopener noreferrer\">4xx errors<\/a>)<\/li>\n<li><a href=\"https:\/\/sitechecker.pro\/site-audit-issues\/noindex-page-sitemap\/\" target=\"_blank\" rel=\"noopener noreferrerN noreferrer\">Noindex URL<\/a> et Disallowed URL<\/li>\n<li><a href=\"https:\/\/sitechecker.pro\/site-audit-issues\/robots-without-link-xml-sitemap\/\" target=\"_blank\" rel=\"noopener noreferrer\">Fichier Robots.txt sans lien vers le sitemap XML<\/a>, URL dans plusieurs XML, <a href=\"https:\/\/sitechecker.pro\/site-audit-issues\/sitemap-xml-files-large\/\" target=\"_blank\" rel=\"noopener noreferrer\">Fichier Sitemap.xml trop volumineux<\/a>, etc.<\/li>\n<\/ul>\n<div class=\"content__img-wrap\"><img src=\"https:\/\/sitechecker.pro\/wp-content\/uploads\/2023\/11\/sitemap-checker-view-issue.png\" alt=\"Sitemap Checker View Issue\" class=\"description-img description-img-zoom\" loading=\"lazy\" ><\/div>\n<p>En outre, nous proposons des fonctionnalit\u00e9s sp\u00e9cifiques au cas o\u00f9 vous ne seriez pas certain que toutes les pages sont incluses dans votre sitemap, ou si vous souhaitez simplement utiliser notre outil en tant que validateur de sitemap XML. Utilisez les onglets &#8220;Exporter&#8221; et &#8220;G\u00e9n\u00e9rer une sitemap&#8221; pour s\u00e9lectionner les types d&#8217;URL par code de statut qui doivent \u00eatre inclus dans votre carte.<\/p>\n<div class=\"content__img-wrap\"><img src=\"https:\/\/sitechecker.pro\/wp-content\/uploads\/2023\/11\/generate-sitemap.png\" alt=\"Generate Sitemap\" class=\"description-img description-img-zoom\" loading=\"lazy\" ><\/div>\n<h3>Fonctionnalit\u00e9s suppl\u00e9mentaires du v\u00e9rificateur de sitemap XML<\/h3>\n<p>Apr\u00e8s l&#8217;exploration du site, vous recevrez \u00e9galement un rapport d&#8217;audit complet du site, mettant en \u00e9vidence tous les probl\u00e8mes potentiels et fournissant des instructions sur la mani\u00e8re de les r\u00e9soudre. Le rapport est tri\u00e9 par type ou cat\u00e9gorie de probl\u00e8me, ce qui vous permet d&#8217;aborder efficacement les questions les plus cruciales pour le succ\u00e8s de votre site.<\/p>\n<div class=\"content__img-wrap\"><img src=\"https:\/\/sitechecker.pro\/wp-content\/uploads\/2023\/11\/sitemap-checker-issues-list.png\" alt=\"Sitemap Checker Issues List\" class=\"description-img description-img-zoom\" loading=\"lazy\" ><\/div>\n<p>En cliquant sur le bouton &#8220;Voir toutes les pages&#8221;, vous pouvez identifier les probl\u00e8mes sur des pages individuelles. Triez les probl\u00e8mes par priorit\u00e9 ou par cat\u00e9gorie, ou ajoutez manuellement des donn\u00e9es aux pages qui vous int\u00e9ressent.<\/p>\n<div class=\"content__img-wrap\"><img src=\"https:\/\/sitechecker.pro\/wp-content\/uploads\/2023\/11\/sitemap-checker-all-html-pages.png\" alt=\"Sitemap Checker All HTML Pages\" class=\"description-img description-img-zoom\" loading=\"lazy\" ><\/div>\n<h2 id=\"par3\">Id\u00e9e finale<\/h2>\n<p>Le v\u00e9rificateur de sitemap est un outil con\u00e7u pour s&#8217;assurer qu&#8217;un site dispose d&#8217;un fichier XML, pour identifier les erreurs \u00e9ventuelles et pour am\u00e9liorer l&#8217;efficacit\u00e9 de l&#8217;indexation du site par les moteurs de recherche. Il offre une interface conviviale au sein d&#8217;un tableau de bord unifi\u00e9 pour une gestion facile du r\u00e9f\u00e9rencement, dans le cadre d&#8217;un ensemble complet d&#8217;outils de r\u00e9f\u00e9rencement. L&#8217;outil simplifie le processus de v\u00e9rification d&#8217;un plan de site en entrant un nom de domaine et en analysant les r\u00e9sultats, qui comprennent un rapport d&#8217;audit complet avec des instructions d\u00e9taill\u00e9es sur la r\u00e9solution des probl\u00e8mes identifi\u00e9s. Cela permet de maintenir un site bien structur\u00e9 et optimis\u00e9 pour le r\u00e9f\u00e9rencement.<\/p>\n<div id=\"par4\"><\/div>\n<p><div class=\"front__faq-block\"><div class=\"faq__block-title\">FAQ<\/div><div class=\"panel-group\" id=\"faq-accordion\" itemscope itemtype=\"https:\/\/schema.org\/FAQPage\" role=\"tablist\" aria-multiselectable=\"true\"><div class=\"panel\" itemscope itemtype=\"https:\/\/schema.org\/Question\" itemprop=\"mainEntity\">\n                            <div class=\"panel-heading\" id=\"headingFaq-1\">\n                                <div class=\"panel-title\" data-toggle=\"collapse\" aria-expanded=\"false\" href=\"#collapseFaq-1\">\n                                    <h3 itemprop=\"name\">Comment v\u00e9rifier le plan du site en XML ?<\/h3>\n                                <\/div>\n                            <\/div>\n                            <div id=\"collapseFaq-1\" class=\"panel-collapse collapse\" itemprop=\"acceptedAnswer\" itemscope itemtype=\"http:\/\/schema.org\/Answer\">\n                                <div class=\"panel-body\" itemprop=\"text\">Utilisez un outil gratuit de v\u00e9rification du plan du site en ligne ou acc\u00e9dez \u00e0 <strong>votredomaine.com\/sitemap.xml<\/strong> dans votre navigateur Web.<\/div>\n                            <\/div>\n                        <\/div><div class=\"panel\" itemscope itemtype=\"https:\/\/schema.org\/Question\" itemprop=\"mainEntity\">\n                            <div class=\"panel-heading\" id=\"headingFaq-2\">\n                                <div class=\"panel-title\" data-toggle=\"collapse\" aria-expanded=\"false\" href=\"#collapseFaq-2\">\n                                    <h3 itemprop=\"name\">Comment v\u00e9rifier les erreurs du plan du site ?<\/h3>\n                                <\/div>\n                            <\/div>\n                            <div id=\"collapseFaq-2\" class=\"panel-collapse collapse\" itemprop=\"acceptedAnswer\" itemscope itemtype=\"http:\/\/schema.org\/Answer\">\n                                <div class=\"panel-body\" itemprop=\"text\">Utilize webmaster tools like Sitechecker Sitemap detector or Google Search Console to identify and troubleshoot errors in your index or site tree.<\/div>\n                            <\/div>\n                        <\/div><div class=\"panel\" itemscope itemtype=\"https:\/\/schema.org\/Question\" itemprop=\"mainEntity\">\n                            <div class=\"panel-heading\" id=\"headingFaq-3\">\n                                <div class=\"panel-title\" data-toggle=\"collapse\" aria-expanded=\"false\" href=\"#collapseFaq-3\">\n                                    <h3 itemprop=\"name\">Is there a limit to the number of URLs I can include in my XML file?<\/h3>\n                                <\/div>\n                            <\/div>\n                            <div id=\"collapseFaq-3\" class=\"panel-collapse collapse\" itemprop=\"acceptedAnswer\" itemscope itemtype=\"http:\/\/schema.org\/Answer\">\n                                <div class=\"panel-body\" itemprop=\"text\"> Yes, a single XML file can contain links to a maximum of 50,000 URLs. Si votre site est plus grand, vous devrez cr\u00e9er plusieurs fichiers de plan du site et les relier entre eux.<\/div>\n                            <\/div>\n                        <\/div><\/div><\/div><\/p>","protected":false},"excerpt":{"rendered":"Qu&#8217;est-ce qu&#8217;un v\u00e9rificateur de sitemap ? XML Sitemap Finder est un outil permettant de v\u00e9rifier si un site dispose d&#8217;une carte XML. Vous pouvez utiliser Google Sitemap Checker pour v\u00e9rifier si votre site web poss\u00e8de une carte de site web XML et pour identifier les erreurs \u00e9ventuelles. Si l&#8217;outil trouve des bogues, il vous indiquera&#8230;","protected":false},"author":10409641,"featured_media":3440,"parent":0,"menu_order":0,"comment_status":"closed","ping_status":"closed","template":"pages-templates\/pages-minitools.php","meta":[],"categories":[73],"tags":[],"_links":{"self":[{"href":"https:\/\/sitechecker.pro\/fr\/wp-json\/wp\/v2\/pages\/1407"}],"collection":[{"href":"https:\/\/sitechecker.pro\/fr\/wp-json\/wp\/v2\/pages"}],"about":[{"href":"https:\/\/sitechecker.pro\/fr\/wp-json\/wp\/v2\/types\/page"}],"author":[{"embeddable":true,"href":"https:\/\/sitechecker.pro\/fr\/wp-json\/wp\/v2\/users\/10409641"}],"replies":[{"embeddable":true,"href":"https:\/\/sitechecker.pro\/fr\/wp-json\/wp\/v2\/comments?post=1407"}],"version-history":[{"count":75,"href":"https:\/\/sitechecker.pro\/fr\/wp-json\/wp\/v2\/pages\/1407\/revisions"}],"predecessor-version":[{"id":38179,"href":"https:\/\/sitechecker.pro\/fr\/wp-json\/wp\/v2\/pages\/1407\/revisions\/38179"}],"wp:featuredmedia":[{"embeddable":true,"href":"https:\/\/sitechecker.pro\/fr\/wp-json\/wp\/v2\/media\/3440"}],"wp:attachment":[{"href":"https:\/\/sitechecker.pro\/fr\/wp-json\/wp\/v2\/media?parent=1407"}],"wp:term":[{"taxonomy":"category","embeddable":true,"href":"https:\/\/sitechecker.pro\/fr\/wp-json\/wp\/v2\/categories?post=1407"},{"taxonomy":"post_tag","embeddable":true,"href":"https:\/\/sitechecker.pro\/fr\/wp-json\/wp\/v2\/tags?post=1407"}],"curies":[{"name":"wp","href":"https:\/\/api.w.org\/{rel}","templated":true}]}}