{"id":1396,"date":"2018-02-05T10:24:46","date_gmt":"2018-02-05T10:24:46","guid":{"rendered":"https:\/\/sitechecker.pro\/?page_id=1396"},"modified":"2024-10-09T15:52:54","modified_gmt":"2024-10-09T15:52:54","slug":"search-engines","status":"publish","type":"page","link":"https:\/\/sitechecker.pro\/fr\/search-engines\/","title":{"rendered":"Les meilleurs moteurs de recherche alternatifs: am\u00e9liorez votre processus de recherche"},"content":{"rendered":"<p>Les derni\u00e8res am\u00e9liorations se sont attaqu\u00e9es \u00e0 une certaine lourdeur quand le syst\u00e8me s\u2019est orient\u00e9 davantage vers les mots-clefs. Il trouve davantage de sites Web correspondant \u00e0 la requ\u00eate, tandis que les sites ayant une quantit\u00e9 de donn\u00e9es moins importante mais plus informative se retrouvent fr\u00e9quemment l\u00e9s\u00e9s et repouss\u00e9s en bas de liste. Une partie des contenus \u00e0 forte valeur ajout\u00e9e est supprim\u00e9e de la page de r\u00e9sultats du moteur de recherche. Il est triste, d\u00e9primant voire aga\u00e7ant que Google ait un monopole sur les moteurs alors que nombre d\u2019entre eux sont meilleurs et plus efficaces dans certains aspects.<\/p>\n<p>De plus en plus d\u2019internautes fatigu\u00e9s du moteur de recherche color\u00e9 ont besoin de trouver quelque chose de neuf et de rafra\u00eechissant qui ne les surveillera plus \u00e0 chaque \u00e9tape et ne les inondera pas de tonnes de publicit\u00e9s inutiles. Pour cela, vous devez \u00eatre conscient du fonctionnement intrins\u00e8que d\u2019un moteur. Il s\u2019agit d\u2019un algorithme qui parcourt le web \u00e0 la recherche de pages correspondantes. Ce m\u00e9canisme est simple et facilement ajustable. Il existe d\u2019innombrables options que vous pouvez utiliser en lieu et place de Google, chacune d\u2019entre elles peut avoir des avantages bien pr\u00e9cis dans des domaines d\u2019utilisation particuliers.<\/p>\n<p>L\u2019utilisateur doit en premier lieu se d\u00e9barrasser du st\u00e9r\u00e9otype et du pr\u00e9jug\u00e9 qui ferait de Google le meilleur choix peu importe ce qu\u2019il recherche dans le labyrinthe sans fin d\u2019Internet. Il faut ouvrir les yeux et se montrer r\u00e9ceptif pour d\u00e9couvrir quelque chose de nouveau. Cette liste de moteurs de recherche alternatifs vous ouvrira de nouvelles opportunit\u00e9s pour d\u00e9couvrir des informations in\u00e9dites.<\/p>\n<p>&nbsp;<\/p>\n<h2><a href=\"https:\/\/www.bing.com\/\">Bing<\/a><\/h2>\n<p>&nbsp;<\/p>\n<p>Parmi les nombreux concepts alternatifs \u00e0 Google, Bing est le plus proche en termes de popularit\u00e9 de Monsieur G. avec 16% d\u2019utilisateurs loyaux. C\u2019est le seul et unique moteur de recherche de Microsoft con\u00e7u sp\u00e9cifiquement pour les syst\u00e8mes Windows afin d\u2019\u00eatre utilis\u00e9 par la totalit\u00e9 d\u2019entre eux sur leurs domaines publics. Quels sont ses avantages ?<\/p>\n<p>Il dispose de capacit\u00e9s de recherche vid\u00e9o d\u00e9centes, parfois meilleures que celles de Google.<\/p>\n<p>Il offre davantage d\u2019options de compl\u00e9tion automatique lorsque l\u2019utilisateur saisit des requ\u00eates.<\/p>\n<p>Il trace mieux les interconnexions entre des sites Web distincts. Vous ne rencontrerez plus la probl\u00e9matique de trouver des contenus similaires ou identiques.<\/p>\n<p>De plus, Bing propose un syst\u00e8me pour Yahoo gr\u00e2ce \u00e0 des serveurs de calcul.<\/p>\n<p>&nbsp;<\/p>\n<h2><a href=\"https:\/\/yandex.com\/\">Yandex<\/a><\/h2>\n<p>&nbsp;<\/p>\n<p>Les utilisateurs qualifient fr\u00e9quemment Yandex d\u2019\u00e9quivalent russe de Google. Il propose une interface similaire et des services suppl\u00e9mentaires. Ce service est r\u00e9put\u00e9 pour son algorithme logique bien con\u00e7u qui propose des r\u00e9sultats avec quelques fonctionnalit\u00e9s suppl\u00e9mentaires.<\/p>\n<p>&nbsp;<\/p>\n<h2><a href=\"https:\/\/duckduckgo.com\/\">DuckDuckGo<\/a><\/h2>\n<p>&nbsp;<\/p>\n<p>Voici un autre moteur alternatif populaire pr\u00e9install\u00e9 sur certains navigateurs r\u00e9pandus comme Firefox. C\u2019est une option bien pratique pour ceux qui ne veulent pas que leurs donn\u00e9es soient surveill\u00e9es. Il est compar\u00e9 favorablement \u00e0 Google. Celui-ci est nomm\u00e9 parfois un Big Brother qui vous suit \u00e0 la moindre \u00e9tape de votre recherche.<\/p>\n<p>&nbsp;<\/p>\n<h2><a href=\"http:\/\/boardreader.com\/\">Boardreader<\/a><\/h2>\n<p>&nbsp;<\/p>\n<p>Si vous vous int\u00e9ressez aux services inhabituels, vous allez adorer celui-ci. Il est con\u00e7u comme un simple forum de discussion et permet de naviguer parmi des r\u00e9sultats exclusivement issus de forums dans le monde entier o\u00f9 des internautes partagent leur exp\u00e9rience vis-\u00e0-vis d\u2019un sujet donn\u00e9. C\u2019est tr\u00e8s pratique.<\/p>\n<p>&nbsp;<\/p>\n<h2><a href=\"http:\/\/www.dogpile.com\/\">Dogpile<\/a><\/h2>\n<p>&nbsp;<\/p>\n<p>Dogpile scanne et combine les donn\u00e9es des r\u00e9sultats des trois services les plus populaires : Google, Yandex et Yahoo et s\u00e9lectionne les meilleurs de chacun d\u2019entre eux. La simplicit\u00e9 de son interface permet de se concentrer sur sa recherche. Toutes les publicit\u00e9s sont \u00e9limin\u00e9es par ce service simple mais puissant.<\/p>\n<p>&nbsp;<\/p>\n<h2><a href=\"https:\/\/search.creativecommons.org\/\">Creative Commons Search<\/a><\/h2>\n<p>&nbsp;<\/p>\n<p>Creative Commons Search, abr\u00e9vi\u00e9 en CC Search, est un moteur de recherche anonyme incroyable pour l\u2019acquisition de contenus sans droit d\u2019auteurs que vous pouvez stocker pour votre utilisation personnelle. Le demandeur peut s\u00e9lectionner les contenus par type de sujet. Et il peut les cat\u00e9goriser comme il le souhaite. Si vous souhaitez cr\u00e9er une page Web personnelle, c\u2019est un outil id\u00e9al pour trouver et t\u00e9l\u00e9charger des \u00e9l\u00e9ments graphiques.<\/p>\n<p>&nbsp;<\/p>\n<h2><a href=\"https:\/\/giphy.com\/\">Giphy<\/a><\/h2>\n<p>&nbsp;<\/p>\n<p>C\u2019est le moteur de recherche parfait pour les passionn\u00e9s de GIF. Il a \u00e9t\u00e9 con\u00e7u sp\u00e9cifiquement pour chercher ces mini-vid\u00e9os au format image. Les chatons amusants ou les situations hilarantes dans une boucle sans fin vous mettront de bonne humeur. Ce moteur de recherche non censur\u00e9 vous apportera du baume au c\u0153ur dans votre vie quotidienne.<\/p>\n<p>&nbsp;<\/p>\n<h2><a href=\"https:\/\/www.quora.com\/\">Quora<\/a><\/h2>\n<p>&nbsp;<\/p>\n<p>Quora fonctionne davantage comme un portail d\u2019informations que comme un moteur de recherche. Vous pouvez communiquer avec d\u2019autres utilisateurs du monde entier sur de nombreux sujets vari\u00e9s et obtenir leurs r\u00e9ponses sur des sujets importants. De plus, il existe des cat\u00e9gories sp\u00e9ciales de questions d\u00e9j\u00e0 pos\u00e9es, vous pouvez facilement trouver des discussions similaires sur les pages distribu\u00e9es.<\/p>\n<p>&nbsp;<\/p>\n<h2><a href=\"https:\/\/vimeo.com\/\">Vimeo<\/a><\/h2>\n<p>&nbsp;<\/p>\n<p>YouTube est la division de Google la plus inond\u00e9e par les publicit\u00e9s. Vimeo est une alternative tr\u00e8s populaire et extr\u00eamement confortable bas\u00e9e sur un syst\u00e8me de partage de vid\u00e9os simple. Ses meilleurs atouts sont l\u2019absence totale de publicit\u00e9s et une s\u00e9lection immense de vid\u00e9os en qualit\u00e9 HD.<\/p>\n<p>&nbsp;<\/p>\n<h2><a href=\"https:\/\/www.wolframalpha.com\/\">WolframAlpha<\/a><\/h2>\n<p>&nbsp;<\/p>\n<p>Les passionn\u00e9s de syst\u00e8mes informatiques seront tr\u00e8s \u00e0 l\u2019aise avec ce moteur de recherche. C\u2019est un service sp\u00e9cial qui fonctionne \u00e0 la mani\u00e8re d\u2019une base de donn\u00e9es informatique g\u00e9ante de connaissances qui vous recommandera une solution pour toutes vos questions relatives au monde num\u00e9rique.<\/p>\n<p>&nbsp;<\/p>\n<h2><a href=\"https:\/\/www.startpage.com\/\">StartPage<\/a><\/h2>\n<p>&nbsp;<\/p>\n<p>Les plus \u00e0 cheval sur le respect de la vie priv\u00e9e, qui d\u00e9testent la politique secr\u00e8te de transfert de donn\u00e9es \u00e0 des fins commerciales de Google utiliseront ce service anonyme qui vous permettra non seulement de mener une recherche enti\u00e8rement s\u00e9curis\u00e9e, mais \u00e9galement de masquer les informations de votre ordinateur, son\u00a0<a href=\"https:\/\/sitechecker.pro\/fr\/ip-checker\/\"><span data-sheets-value=\"{&quot;1&quot;:2,&quot;2&quot;:&quot;localiser ip&quot;}\" data-sheets-userformat=\"{&quot;2&quot;:14466,&quot;4&quot;:{&quot;1&quot;:2,&quot;2&quot;:65280},&quot;10&quot;:2,&quot;14&quot;:{&quot;1&quot;:2,&quot;2&quot;:0},&quot;15&quot;:&quot;Calibri&quot;,&quot;16&quot;:11}\">localiser adresse IP<\/span><\/a>\u00a0ou MAC. Vous pourrez acc\u00e9der \u00e0 n\u2019importe quel site via un serveur mandataire d\u00e9di\u00e9 qui ne laissera aucune trace de la pr\u00e9sence de l\u2019utilisateur sur le site.<\/p>\n<p>&nbsp;<\/p>\n<h2><a href=\"https:\/\/www.ask.com\/\">Ask.com<\/a><\/h2>\n<p>&nbsp;<\/p>\n<p>Voici un autre syst\u00e8me de recherche universel. Ce service rassemble tous les moteurs de recherche populaires et g\u00e9n\u00e8re une page sp\u00e9ciale par sujet o\u00f9 les utilisateurs peuvent ajouter des signets pour les r\u00e9sultats de recherche les plus int\u00e9ressants. De plus, vous pouvez demander des conseils suppl\u00e9mentaires aux autres utilisateurs.<\/p>\n<p>&nbsp;<\/p>\n<h2><a href=\"https:\/\/www.slideshare.net\/\">SlideShare<\/a><\/h2>\n<p>&nbsp;<\/p>\n<p>Besoin d\u2019une pr\u00e9sentation ou de contenus pour en cr\u00e9er une ? SlideShare pourra constituer une excellente source pour la recherche de contenus utiles. Il dispose d\u2019une base de donn\u00e9es sans limites et fr\u00e9quemment mise \u00e0 jour de pr\u00e9sentations disponibles pour les utilisateurs inscrits.<\/p>\n<p>Nous esp\u00e9rons qu\u2019apr\u00e8s avoir parcouru cette liste de moteurs de recherche, les internautes d\u00e9couvriront de nouvelles mani\u00e8res de rechercher les informations dont ils ont besoin, qu\u2019il s\u2019agisse de vid\u00e9os, de sons ou de textes. L\u2019apprentissage est sans fin et de nouvelles options feront leur apparition. Testez-les et vous d\u00e9couvrirez des variantes int\u00e9ressantes pour vos recherches ult\u00e9rieures.<\/p>","protected":false},"excerpt":{"rendered":"Les derni\u00e8res am\u00e9liorations se sont attaqu\u00e9es \u00e0 une certaine lourdeur quand le syst\u00e8me s\u2019est orient\u00e9 davantage vers les mots-clefs. Il trouve davantage de sites Web correspondant \u00e0 la requ\u00eate, tandis que les sites ayant une quantit\u00e9 de donn\u00e9es moins importante mais plus informative se retrouvent fr\u00e9quemment l\u00e9s\u00e9s et repouss\u00e9s en bas de liste. Une partie&#8230;","protected":false},"author":11474150,"featured_media":3438,"parent":0,"menu_order":0,"comment_status":"closed","ping_status":"closed","template":"pages-templates\/pages-v2.php","meta":[],"categories":[31],"tags":[],"_links":{"self":[{"href":"https:\/\/sitechecker.pro\/fr\/wp-json\/wp\/v2\/pages\/1396"}],"collection":[{"href":"https:\/\/sitechecker.pro\/fr\/wp-json\/wp\/v2\/pages"}],"about":[{"href":"https:\/\/sitechecker.pro\/fr\/wp-json\/wp\/v2\/types\/page"}],"author":[{"embeddable":true,"href":"https:\/\/sitechecker.pro\/fr\/wp-json\/wp\/v2\/users\/11474150"}],"replies":[{"embeddable":true,"href":"https:\/\/sitechecker.pro\/fr\/wp-json\/wp\/v2\/comments?post=1396"}],"version-history":[{"count":59,"href":"https:\/\/sitechecker.pro\/fr\/wp-json\/wp\/v2\/pages\/1396\/revisions"}],"predecessor-version":[{"id":33792,"href":"https:\/\/sitechecker.pro\/fr\/wp-json\/wp\/v2\/pages\/1396\/revisions\/33792"}],"wp:featuredmedia":[{"embeddable":true,"href":"https:\/\/sitechecker.pro\/fr\/wp-json\/wp\/v2\/media\/3438"}],"wp:attachment":[{"href":"https:\/\/sitechecker.pro\/fr\/wp-json\/wp\/v2\/media?parent=1396"}],"wp:term":[{"taxonomy":"category","embeddable":true,"href":"https:\/\/sitechecker.pro\/fr\/wp-json\/wp\/v2\/categories?post=1396"},{"taxonomy":"post_tag","embeddable":true,"href":"https:\/\/sitechecker.pro\/fr\/wp-json\/wp\/v2\/tags?post=1396"}],"curies":[{"name":"wp","href":"https:\/\/api.w.org\/{rel}","templated":true}]}}