{"id":1291,"date":"2018-01-23T10:43:33","date_gmt":"2018-01-23T10:43:33","guid":{"rendered":"https:\/\/sitechecker.pro\/?page_id=1291"},"modified":"2025-02-24T13:05:38","modified_gmt":"2025-02-24T13:05:38","slug":"open-graph","status":"publish","type":"page","link":"https:\/\/sitechecker.pro\/fr\/open-graph\/","title":{"rendered":"Open Graph Checker \u2611 Valider et pr\u00e9venir les balises OG"},"content":{"rendered":"<p><\/p>\n<h2 id=\"par1\">Qu&#8217;est-ce que Open Graph Validator\u00a0?<\/h2>\n<p>Open Graph Checker de <a href=\"https:\/\/sitechecker.pro\/\" target=\"_blank\" rel=\"noopener noreferrer\">Sitechecker<\/a> analyse les balises Open Graph pour garantir une g\u00e9n\u00e9ration appropri\u00e9e d&#8217;extraits de m\u00e9dias sociaux. Il propose une v\u00e9rification d&#8217;une seule page pour une v\u00e9rification instantan\u00e9e des balises et un audit \u00e0 l&#8217;\u00e9chelle du site pour d\u00e9tecter les balises manquantes et les probl\u00e8mes d&#8217;extraits, et assurer une surveillance continue.<\/p>\n<h3>Comment l&#8217;outil peut vous aider<\/h3>\n<p><strong>V\u00e9rifier la mise en \u0153uvre d&#8217;Open Graph\u00a0: <\/strong>assure que les balises OG sont correctement configur\u00e9es pour un partage optimal sur les m\u00e9dias sociaux.<\/p>\n<p><strong>D\u00e9tecter les balises manquantes ou incorrectes\u00a0: <\/strong>identifier les balises Open Graph absentes, incompl\u00e8tes ou mal configur\u00e9es affectant les aper\u00e7us de liens.<\/p>\n<p><strong>Analyser les performances des extraits de m\u00e9dias sociaux\u00a0: <\/strong>teste la fa\u00e7on dont les pages Web apparaissent sur les plateformes de m\u00e9dias sociaux et met en \u00e9vidence les probl\u00e8mes qui peuvent avoir un impact sur l&#8217;engagement.<\/p>\n<h3>Principales fonctionnalit\u00e9s de l&#8217;outil<\/h3>\n<p><strong>Tableau de bord unifi\u00e9\u00a0:<\/strong>fournit une vue centralis\u00e9e des performances du site Web, des mesures SEO et du suivi des probl\u00e8mes en un seul endroit.<\/p>\n<p><strong>Interface conviviale\u00a0:<\/strong>con\u00e7ue pour une utilisation facile avec une navigation intuitive, des rapports clairs et des informations exploitables.<\/p>\n<p><strong>Ensemble complet d&#8217;outils SEO\u00a0:<\/strong>offre une suite compl\u00e8te d&#8217;outils SEO, notamment des audits de sites Web, le suivi des classements et la surveillance des sites Web.<\/p>\n<h2 id=\"par2\">Comment utiliser Open Graph Tester<\/h2>\n<p>Pour utiliser l&#8217;outil, commencez par s\u00e9lectionner une option d&#8217;audit. Choisissez \u00ab\u00a0Tester Open Graph sur une page\u00a0\u00bb pour une v\u00e9rification instantan\u00e9e d&#8217;une URL sp\u00e9cifique ou \u00ab\u00a0Tester Open Graph sur toutes les pages\u00a0\u00bb pour analyser l&#8217;int\u00e9gralit\u00e9 de votre site Web. Une fois s\u00e9lectionn\u00e9, cliquez sur \u00ab\u00a0D\u00e9marrer l&#8217;audit\u00a0\u00bb pour analyser les balises OG et d\u00e9tecter tout probl\u00e8me affectant les aper\u00e7us des r\u00e9seaux sociaux.<\/p>\n<h2 id=\"par3\">Test Open Graphs sur toutes les pages<\/h2>\n<h3>\u00c9tape 1\u00a0: Choisissez l&#8217;option d&#8217;audit \u00ab\u00a0Tester Open Graph sur toutes les pages\u00a0\u00bb<\/h3>\n<div class=\"content__img-wrap\"><img src=\"https:\/\/sitechecker.pro\/wp-content\/uploads\/2025\/02\/test-open-graph-all-pages.png\" alt=\"Tester Open Graph sur toutes les pages\" class=\"description-img description-img-zoom\" loading=\"lazy\" ><\/div>\n<div class=\"important-block\">Pour recevoir les r\u00e9sultats et acc\u00e9der aux fonctionnalit\u00e9s de Sitechecker pendant 14 jours, d\u00e9marrez votre essai GRATUIT. L'inscription est facile avec votre e-mail, votre compte Google ou Facebook. Aucune carte de cr\u00e9dit n'est n\u00e9cessaire.<\/div>\n<h3>\u00c9tape 2\u00a0: Obtenez les r\u00e9sultats<\/h3>\n<p>Obtenez des informations instantan\u00e9es sur la fa\u00e7on dont vos pages apparaissent sur les r\u00e9seaux sociaux. Identifiez les balises Open Graph manquantes ou incorrectes, pr\u00e9visualisez l&#8217;apparence des liens lorsqu&#8217;ils sont partag\u00e9s et recevez des recommandations exploitables pour optimiser l&#8217;engagement et les taux de clics.<\/p>\n<div class=\"content__img-wrap\"><img src=\"https:\/\/sitechecker.pro\/wp-content\/uploads\/2025\/02\/fix-social-media-issues.png\" alt=\"R\u00e9soudre les probl\u00e8mes de m\u00e9dias sociaux\" class=\"description-img description-img-zoom\" loading=\"lazy\" ><\/div>\n<h3>Fonctionnalit\u00e9s suppl\u00e9mentaires de l&#8217;outil<\/h3>\n<p>D\u00e9couvrez les probl\u00e8mes critiques de r\u00e9f\u00e9rencement affectant la visibilit\u00e9 de votre site et l&#8217;exp\u00e9rience utilisateur. Analysez les domaines probl\u00e9matiques cat\u00e9goris\u00e9s, notamment la pr\u00e9sence sur les r\u00e9seaux sociaux, l&#8217;indexabilit\u00e9, la vitesse des pages, la s\u00e9curit\u00e9, etc. Obtenez des informations sur les pages concern\u00e9es, hi\u00e9rarchisez les correctifs et optimisez votre site Web pour de meilleures performances et un meilleur engagement.<\/p>\n<div class=\"content__img-wrap\"><img src=\"https:\/\/sitechecker.pro\/wp-content\/uploads\/2025\/02\/site-audit-issues_67bc52cd4af2b.png\" alt=\"Probl\u00e8mes d'audit de site\" class=\"description-img description-img-zoom\" loading=\"lazy\" ><\/div>\n<h2 id=\"par4\">Testez Open Graph sur la page<\/h2>\n<h3>\u00c9tape 1\u00a0: une fois que vous avez s\u00e9lectionn\u00e9 l&#8217;option souhait\u00e9e, cliquez sur \u00ab\u00a0D\u00e9marrer l&#8217;audit\u00a0\u00bb pour continuer<\/h3>\n<div class=\"content__img-wrap\"><img src=\"https:\/\/sitechecker.pro\/wp-content\/uploads\/2025\/02\/test-open-graph-one-page.png\" alt=\"Tester Open Graph One Page\" class=\"description-img description-img-zoom\" loading=\"lazy\" ><\/div>\n<h3>\u00c9tape 2\u00a0: obtenez les r\u00e9sultats<\/h3>\n<p>V\u00e9rifiez instantan\u00e9ment si le balisage OG est pr\u00e9sent sur une page. D\u00e9tectez les balises manquantes, assurez une g\u00e9n\u00e9ration d&#8217;aper\u00e7u appropri\u00e9e sur les r\u00e9seaux sociaux et optimisez le partage de contenu pour un meilleur engagement sur la plateforme.<\/p>\n<div class=\"content__img-wrap\"><img src=\"https:\/\/sitechecker.pro\/wp-content\/uploads\/2025\/02\/open-graph-results.png\" alt=\"Open Graph Results\" class=\"description-img description-img-zoom\" loading=\"lazy\" ><\/div>\n<p>Explorez tout le potentiel de Sitechecker en explorant la section Audit de site. Essayez la version de d\u00e9monstration pour voir comment elle d\u00e9tecte et corrige efficacement les probl\u00e8mes techniques critiques de r\u00e9f\u00e9rencement.<\/p>\n<div class=\"content__img-wrap\"><img src=\"https:\/\/sitechecker.pro\/wp-content\/uploads\/2025\/02\/site-audit_67bc52ca5722d.png\" alt=\"Audit de site\" class=\"description-img description-img-zoom\" loading=\"lazy\" ><\/div>\n<h3>Fonctionnalit\u00e9s suppl\u00e9mentaires de l&#8217;audit de page<\/h3>\n<p>Obtenez un aper\u00e7u complet de la sant\u00e9 SEO de votre page, y compris les avertissements et les probl\u00e8mes critiques. Identifiez les probl\u00e8mes tels que le fichier robots.txt manquant, les informations sur la vitesse de page et les lacunes d&#8217;optimisation du contenu. Parcourez facilement les donn\u00e9es structur\u00e9es, les liens et les performances de recherche pour am\u00e9liorer la visibilit\u00e9 du site et l&#8217;exp\u00e9rience utilisateur.<\/p>\n<div class=\"content__img-wrap\"><img src=\"https:\/\/sitechecker.pro\/wp-content\/uploads\/2025\/02\/issues-overview_67bc52c3c3117.png\" alt=\"Aper\u00e7u des probl\u00e8mes\" class=\"description-img description-img-zoom\" loading=\"lazy\" ><\/div>\n<h2 id=\"par5\">Id\u00e9e finale<\/h2>\n<p>Open Graph Checker est un outil puissant pour garantir que les extraits de m\u00e9dias sociaux de votre site Web sont correctement optimis\u00e9s. Qu&#8217;il s&#8217;agisse d&#8217;effectuer une v\u00e9rification rapide d&#8217;une seule page ou un audit complet de l&#8217;ensemble du site, il permet d&#8217;identifier les balises Open Graph manquantes ou incorrectes, de pr\u00e9visualiser l&#8217;apparence des liens lorsqu&#8217;ils sont partag\u00e9s et de fournir des recommandations pratiques pour am\u00e9liorer l&#8217;engagement et les taux de clics.<\/p>\n<div id=\"par6\"><\/div>\n<p><div class=\"front__faq-block\"><div class=\"faq__block-title\">FAQ<\/div><div class=\"panel-group\" id=\"faq-accordion\" itemscope itemtype=\"https:\/\/schema.org\/FAQPage\" role=\"tablist\" aria-multiselectable=\"true\"><div class=\"panel\" itemscope itemtype=\"https:\/\/schema.org\/Question\" itemprop=\"mainEntity\">\n                            <div class=\"panel-heading\" id=\"headingFaq-1\">\n                                <div class=\"panel-title\" data-toggle=\"collapse\" aria-expanded=\"false\" href=\"#collapseFaq-1\">\n                                    <h3 itemprop=\"name\">Puis-je tester les balises Open Graph pour une seule page et un site Web entier ?<\/h3>\n                                <\/div>\n                            <\/div>\n                            <div id=\"collapseFaq-1\" class=\"panel-collapse collapse\" itemprop=\"acceptedAnswer\" itemscope itemtype=\"http:\/\/schema.org\/Answer\">\n                                <div class=\"panel-body\" itemprop=\"text\">Oui, vous pouvez choisir entre une v\u00e9rification d'une seule page pour une v\u00e9rification instantan\u00e9e des balises Open Graph ou un audit complet du site pour d\u00e9tecter les balises manquantes et les probl\u00e8mes d'extraits sur toutes les pages.<\/div>\n                            <\/div>\n                        <\/div><div class=\"panel\" itemscope itemtype=\"https:\/\/schema.org\/Question\" itemprop=\"mainEntity\">\n                            <div class=\"panel-heading\" id=\"headingFaq-2\">\n                                <div class=\"panel-title\" data-toggle=\"collapse\" aria-expanded=\"false\" href=\"#collapseFaq-2\">\n                                    <h3 itemprop=\"name\">Sitechecker fournit-il des recommandations pour r\u00e9soudre les probl\u00e8mes Open Graph ?<\/h3>\n                                <\/div>\n                            <\/div>\n                            <div id=\"collapseFaq-2\" class=\"panel-collapse collapse\" itemprop=\"acceptedAnswer\" itemscope itemtype=\"http:\/\/schema.org\/Answer\">\n                                <div class=\"panel-body\" itemprop=\"text\">Oui, il offre des informations exploitables et des correctifs \u00e9tape par \u00e9tape pour optimiser votre impl\u00e9mentation OG pour de meilleurs aper\u00e7us sur les r\u00e9seaux sociaux.<\/div>\n                            <\/div>\n                        <\/div><div class=\"panel\" itemscope itemtype=\"https:\/\/schema.org\/Question\" itemprop=\"mainEntity\">\n                            <div class=\"panel-heading\" id=\"headingFaq-3\">\n                                <div class=\"panel-title\" data-toggle=\"collapse\" aria-expanded=\"false\" href=\"#collapseFaq-3\">\n                                    <h3 itemprop=\"name\">Puis-je suivre les probl\u00e8mes Open Graph en cours avec Sitechecker ?<\/h3>\n                                <\/div>\n                            <\/div>\n                            <div id=\"collapseFaq-3\" class=\"panel-collapse collapse\" itemprop=\"acceptedAnswer\" itemscope itemtype=\"http:\/\/schema.org\/Answer\">\n                                <div class=\"panel-body\" itemprop=\"text\">Oui, l'outil offre une surveillance continue et des alertes pour les probl\u00e8mes OG et autres probl\u00e8mes de r\u00e9f\u00e9rencement, vous aidant \u00e0 maintenir des performances optimales du site.<\/div>\n                            <\/div>\n                        <\/div><\/div><\/div><\/p>","protected":false},"excerpt":{"rendered":"Qu&#8217;est-ce que Open Graph Validator\u00a0? Open Graph Checker de Sitechecker analyse les balises Open Graph pour garantir une g\u00e9n\u00e9ration appropri\u00e9e d&#8217;extraits de m\u00e9dias sociaux. Il propose une v\u00e9rification d&#8217;une seule page pour une v\u00e9rification instantan\u00e9e des balises et un audit \u00e0 l&#8217;\u00e9chelle du site pour d\u00e9tecter les balises manquantes et les probl\u00e8mes d&#8217;extraits, et assurer&#8230;","protected":false},"author":10409641,"featured_media":3349,"parent":0,"menu_order":0,"comment_status":"closed","ping_status":"closed","template":"pages-templates\/pages-minitools-3.php","meta":[],"categories":[70],"tags":[],"_links":{"self":[{"href":"https:\/\/sitechecker.pro\/fr\/wp-json\/wp\/v2\/pages\/1291"}],"collection":[{"href":"https:\/\/sitechecker.pro\/fr\/wp-json\/wp\/v2\/pages"}],"about":[{"href":"https:\/\/sitechecker.pro\/fr\/wp-json\/wp\/v2\/types\/page"}],"author":[{"embeddable":true,"href":"https:\/\/sitechecker.pro\/fr\/wp-json\/wp\/v2\/users\/10409641"}],"replies":[{"embeddable":true,"href":"https:\/\/sitechecker.pro\/fr\/wp-json\/wp\/v2\/comments?post=1291"}],"version-history":[{"count":68,"href":"https:\/\/sitechecker.pro\/fr\/wp-json\/wp\/v2\/pages\/1291\/revisions"}],"predecessor-version":[{"id":35675,"href":"https:\/\/sitechecker.pro\/fr\/wp-json\/wp\/v2\/pages\/1291\/revisions\/35675"}],"wp:featuredmedia":[{"embeddable":true,"href":"https:\/\/sitechecker.pro\/fr\/wp-json\/wp\/v2\/media\/3349"}],"wp:attachment":[{"href":"https:\/\/sitechecker.pro\/fr\/wp-json\/wp\/v2\/media?parent=1291"}],"wp:term":[{"taxonomy":"category","embeddable":true,"href":"https:\/\/sitechecker.pro\/fr\/wp-json\/wp\/v2\/categories?post=1291"},{"taxonomy":"post_tag","embeddable":true,"href":"https:\/\/sitechecker.pro\/fr\/wp-json\/wp\/v2\/tags?post=1291"}],"curies":[{"name":"wp","href":"https:\/\/api.w.org\/{rel}","templated":true}]}}