{"id":12897,"date":"2024-02-16T09:46:17","date_gmt":"2024-02-16T09:46:17","guid":{"rendered":"https:\/\/sitechecker.pro\/?page_id=12897"},"modified":"2024-09-05T08:45:05","modified_gmt":"2024-09-05T08:45:05","slug":"expired-domain-checker","status":"publish","type":"page","link":"https:\/\/sitechecker.pro\/fr\/expired-domain-checker\/","title":{"rendered":"V\u00e9rificateur d&#8217;expiration de domaine | Trouver la date d&#8217;expiration du domaine du site Web \u2611"},"content":{"rendered":"<p><\/p>\n<h2 id=\"par1\">Qu&#8217;est-ce que le Domain Expiry Checker ?<\/h2>\n<p>Le Domain Expiration Checker de <a href=\"https:\/\/sitechecker.pro\/\" target=\"_blank\" rel=\"noopener noreferrer\">Sitechecker<\/a> est con\u00e7u pour suivre et surveiller les statuts des domaines, en se concentrant particuli\u00e8rement sur leurs dates d&#8217;expiration. Cet outil proactif garantit la pr\u00e9sence en ligne continue des sites web et \u00e9vite les interruptions de service caus\u00e9es par l&#8217;expiration des domaines. En outre, il permet d&#8217;identifier et de corriger les failles de s\u00e9curit\u00e9 sur votre site web, am\u00e9liorant ainsi la s\u00e9curit\u00e9 globale du web.<\/p>\n<h3>Comment le v\u00e9rificateur d&#8217;expiration de sites Web peut vous aider ?<\/h3>\n<p><strong>Pr\u00e9venir l&#8217;expiration d&#8217;un domaine : <\/strong>montrer que votre domaine expire, en vous assurant que vous avez suffisamment de temps pour le renouveler. Vous \u00e9vitez ainsi que votre site web ne soit mis hors ligne, ce qui vous permet de maintenir votre pr\u00e9sence en ligne et votre cr\u00e9dibilit\u00e9.<\/p>\n<p><strong>Identification des vuln\u00e9rabilit\u00e9s de s\u00e9curit\u00e9 : <\/strong>identifie les probl\u00e8mes de s\u00e9curit\u00e9 associ\u00e9s \u00e0 votre site, ce qui vous permet de les r\u00e9soudre rapidement et d&#8217;assurer la s\u00e9curit\u00e9 de votre site.<\/p>\n<p><strong>Gestion efficace des domaines : <\/strong>simplifie la surveillance en fournissant une plateforme centralis\u00e9e pour garder un \u0153il sur les dates d&#8217;expiration et l&#8217;\u00e9tat de s\u00e9curit\u00e9 de tous vos sites.<\/p>\n<h3>Principales caract\u00e9ristiques de l&#8217;outil<\/h3>\n<p><strong>Tableau de bord unifi\u00e9: <\/strong>regroupe les donn\u00e9es des diff\u00e9rents indicateurs de r\u00e9f\u00e9rencement et de performance du site web en une seule vue coh\u00e9rente. Cela vous permet de surveiller facilement la sant\u00e9 SEO de votre site, de suivre les progr\u00e8s au fil du temps et d&#8217;identifier rapidement les domaines qui n\u00e9cessitent une attention particuli\u00e8re.<\/p>\n<p><strong>Interface conviviale: <\/strong>Con\u00e7ue pour \u00eatre accessible aux utilisateurs de tous niveaux, des d\u00e9butants aux professionnels chevronn\u00e9s du r\u00e9f\u00e9rencement. Son interface intuitive simplifie la navigation \u00e0 travers les fonctionnalit\u00e9s de l&#8217;outil, ce qui facilite la r\u00e9alisation d&#8217;audits SEO complets, le suivi des classements et la mise en \u0153uvre de strat\u00e9gies d&#8217;optimisation.<\/p>\n<p><strong>Bo\u00eete \u00e0 outils compl\u00e8te pour le r\u00e9f\u00e9rencement : <\/strong>offre une suite compl\u00e8te d&#8217;outils SEO couvrant tous les aspects de l&#8217;optimisation des moteurs de recherche. Cela comprend des contr\u00f4les de sant\u00e9 du site Web pour identifier les probl\u00e8mes techniques de r\u00e9f\u00e9rencement, une analyse de r\u00e9f\u00e9rencement sur la page pour optimiser le contenu et les balises m\u00e9ta, un suivi des liens retour pour surveiller et analyser vos efforts de construction de liens, un suivi de la position pour garder un \u0153il sur le classement des mots cl\u00e9s dans les diff\u00e9rents moteurs de recherche, et une surveillance du site pour vous alerter de tout changement qui pourrait avoir un impact sur vos performances de r\u00e9f\u00e9rencement.<\/p>\n<h2 id=\"par2\">Comment utiliser l&#8217;outil<\/h2>\n<p>Pour g\u00e9rer efficacement l&#8217;\u00e9tat de votre domaine, il vous suffit de cr\u00e9er un compte. Saisissez l&#8217;adresse de votre site web pour lancer la v\u00e9rification. Outre le suivi des dates d&#8217;expiration, notre outil identifie \u00e9galement les probl\u00e8mes de s\u00e9curit\u00e9 sur votre site, ce qui permet de d\u00e9tecter et de corriger rapidement les \u00e9ventuelles vuln\u00e9rabilit\u00e9s.<\/p>\n<h3>\u00c9tape 1 : Ins\u00e9rez l&#8217;adresse URL de votre domaine<\/h3>\n<div class=\"content__img-wrap\"><img src=\"https:\/\/sitechecker.pro\/wp-content\/uploads\/2024\/02\/domain-expiry-checker.png\" alt=\"Domain Expiry Checker\" class=\"description-img description-img-zoom\" loading=\"lazy\" ><\/div>\n<div class=\"important-block\">Pour recevoir les r\u00e9sultats et acc\u00e9der aux fonctionnalit\u00e9s de Sitechecker pendant 14 jours, d\u00e9marrez votre essai GRATUIT. L'inscription est facile avec votre e-mail, votre compte Google ou Facebook. Aucune carte de cr\u00e9dit n'est n\u00e9cessaire.<\/div>\n<h3>\u00c9tape 2 : Obtenir des r\u00e9sultats<\/h3>\n<p>L&#8217;outil pr\u00e9sente une interface d&#8217;analyse de site et de s\u00e9curit\u00e9 \u00e0 partir d&#8217;un outil d&#8217;audit de site web. La principale caract\u00e9ristique mise en avant est un rappel de l&#8217;expiration du domaine afin d&#8217;encourager le renouvellement en temps voulu et d&#8217;\u00e9viter les temps d&#8217;arr\u00eat du site Web. L&#8217;interface pr\u00e9sente \u00e9galement une analyse des probl\u00e8mes de s\u00e9curit\u00e9, identifiant les vuln\u00e9rabilit\u00e9s potentielles qui pourraient compromettre la s\u00e9curit\u00e9 du site web et les donn\u00e9es des utilisateurs.<\/p>\n<div class=\"content__img-wrap\"><img src=\"https:\/\/sitechecker.pro\/wp-content\/uploads\/2024\/02\/domain-expire-date.png\" alt=\"Domain Expire Date\" class=\"description-img description-img-zoom\" loading=\"lazy\" ><\/div>\n<p>L&#8217;outil affiche un panneau d&#8217;informations sur le domaine, qui met en \u00e9vidence les principaux d\u00e9tails du site web. Il comprend les dates de cr\u00e9ation et d&#8217;expiration du domaine, son \u00e2ge et les d\u00e9tails de l&#8217;h\u00e9bergement tels que le fournisseur, le serveur et l&#8217;emplacement IP.<\/p>\n<div class=\"content__img-wrap\"><img src=\"https:\/\/sitechecker.pro\/wp-content\/uploads\/2024\/02\/domain-info.png\" alt=\"Domain Info\" class=\"description-img description-img-zoom\" loading=\"lazy\" ><\/div>\n<h2 id=\"par3\">Caract\u00e9ristiques suppl\u00e9mentaires<\/h2>\n<p>L&#8217;outil fournit une mesure de performance sous la forme d&#8217;un score de site web, qui donne un aper\u00e7u rapide de la sant\u00e9 du site sur la base des r\u00e9sultats de l&#8217;audit. Ce score est d\u00e9riv\u00e9 de l&#8217;\u00e9valuation de plusieurs aspects, dont le nombre de pages explor\u00e9es par l&#8217;outil, qui refl\u00e8te l&#8217;\u00e9tendue du contenu du site \u00e9valu\u00e9 au cours de l&#8217;analyse.<\/p>\n<p>En outre, l&#8217;outil segmente les probl\u00e8mes du site en diverses cat\u00e9gories li\u00e9es au r\u00e9f\u00e9rencement et \u00e0 la sant\u00e9 du site. Il propose des solutions pour r\u00e9soudre les probl\u00e8mes identifi\u00e9s. Cette classification aide les utilisateurs \u00e0 identifier les domaines sp\u00e9cifiques \u00e0 am\u00e9liorer, tels que la pertinence du contenu ou la vitesse de la page, afin d&#8217;am\u00e9liorer les performances de leur site web dans les classements de recherche et l&#8217;exp\u00e9rience des utilisateurs.<\/p>\n<div class=\"content__img-wrap\"><img src=\"https:\/\/sitechecker.pro\/wp-content\/uploads\/2024\/02\/site-audit-issues.png\" alt=\"Site Audit Issues\" class=\"description-img description-img-zoom\" loading=\"lazy\" ><\/div>\n<h2 id=\"par4\">Id\u00e9e finale<\/h2>\n<p>Le Domain Validity Checker est un outil complet qui garantit que les sites web restent actifs en alertant les propri\u00e9taires sur les expirations de domaine \u00e0 venir et en identifiant les vuln\u00e9rabilit\u00e9s de s\u00e9curit\u00e9. Il simplifie la gestion des sites gr\u00e2ce \u00e0 un tableau de bord unifi\u00e9 qui offre une vue claire de la sant\u00e9 du r\u00e9f\u00e9rencement et des indicateurs de performance. Dot\u00e9 d&#8217;une interface conviviale, l&#8217;outil s&#8217;adresse aussi bien aux novices qu&#8217;aux experts en r\u00e9f\u00e9rencement, offrant une suite compl\u00e8te d&#8217;outils de r\u00e9f\u00e9rencement pour un audit approfondi de la pr\u00e9sence en ligne. Pour l&#8217;utiliser, il suffit d&#8217;entrer votre adresse web, et l&#8217;outil mettra en \u00e9vidence des d\u00e9tails essentiels comme les informations d&#8217;h\u00e9bergement et l&#8217;\u00e2ge du site, tout en sugg\u00e9rant des solutions pour tous les probl\u00e8mes trouv\u00e9s.<\/p>\n<div id=\"par5\"><\/div>\n<p><div class=\"front__faq-block\"><div class=\"faq__block-title\">FAQ<\/div><div class=\"panel-group\" id=\"faq-accordion\" itemscope itemtype=\"https:\/\/schema.org\/FAQPage\" role=\"tablist\" aria-multiselectable=\"true\"><div class=\"panel\" itemscope itemtype=\"https:\/\/schema.org\/Question\" itemprop=\"mainEntity\">\n                            <div class=\"panel-heading\" id=\"headingFaq-1\">\n                                <div class=\"panel-title\" data-toggle=\"collapse\" aria-expanded=\"false\" href=\"#collapseFaq-1\">\n                                    <h3 itemprop=\"name\">Comment un v\u00e9rificateur d'expiration de domaine am\u00e9liore-t-il la s\u00e9curit\u00e9 d'un site Web ?<\/h3>\n                                <\/div>\n                            <\/div>\n                            <div id=\"collapseFaq-1\" class=\"panel-collapse collapse\" itemprop=\"acceptedAnswer\" itemscope itemtype=\"http:\/\/schema.org\/Answer\">\n                                <div class=\"panel-body\" itemprop=\"text\">En identifiant les vuln\u00e9rabilit\u00e9s de s\u00e9curit\u00e9 li\u00e9es \u00e0 un domaine, le v\u00e9rificateur permet aux webmasters de r\u00e9soudre les probl\u00e8mes de mani\u00e8re proactive, en maintenant l'int\u00e9grit\u00e9 et la fiabilit\u00e9 du site Web.<\/div>\n                            <\/div>\n                        <\/div><div class=\"panel\" itemscope itemtype=\"https:\/\/schema.org\/Question\" itemprop=\"mainEntity\">\n                            <div class=\"panel-heading\" id=\"headingFaq-2\">\n                                <div class=\"panel-title\" data-toggle=\"collapse\" aria-expanded=\"false\" href=\"#collapseFaq-2\">\n                                    <h3 itemprop=\"name\">L'outil de v\u00e9rification de l'expiration de domaine peut-il g\u00e9rer plusieurs domaines \u00e0 la fois ?<\/h3>\n                                <\/div>\n                            <\/div>\n                            <div id=\"collapseFaq-2\" class=\"panel-collapse collapse\" itemprop=\"acceptedAnswer\" itemscope itemtype=\"http:\/\/schema.org\/Answer\">\n                                <div class=\"panel-body\" itemprop=\"text\">Oui, l'outil est con\u00e7u pour g\u00e9rer et surveiller plusieurs sites \u00e0 partir d'un seul tableau de bord, ce qui le rend id\u00e9al pour les utilisateurs poss\u00e9dant plusieurs sites.<\/div>\n                            <\/div>\n                        <\/div><div class=\"panel\" itemscope itemtype=\"https:\/\/schema.org\/Question\" itemprop=\"mainEntity\">\n                            <div class=\"panel-heading\" id=\"headingFaq-3\">\n                                <div class=\"panel-title\" data-toggle=\"collapse\" aria-expanded=\"false\" href=\"#collapseFaq-3\">\n                                    <h3 itemprop=\"name\">Quels types de probl\u00e8mes de s\u00e9curit\u00e9 la recherche d'expiration de domaine peut-elle d\u00e9tecter ?<\/h3>\n                                <\/div>\n                            <\/div>\n                            <div id=\"collapseFaq-3\" class=\"panel-collapse collapse\" itemprop=\"acceptedAnswer\" itemscope itemtype=\"http:\/\/schema.org\/Answer\">\n                                <div class=\"panel-body\" itemprop=\"text\">L'outil peut d\u00e9tecter une gamme de probl\u00e8mes de s\u00e9curit\u00e9, depuis les vuln\u00e9rabilit\u00e9s courantes telles que les probl\u00e8mes de certificat SSL jusqu'\u00e0 des probl\u00e8mes plus complexes tels que la susceptibilit\u00e9 aux attaques XSS ou de d\u00e9tournement de clic.<\/div>\n                            <\/div>\n                        <\/div><\/div><\/div><\/p>","protected":false},"excerpt":{"rendered":"Qu&#8217;est-ce que le Domain Expiry Checker ? Le Domain Expiration Checker de Sitechecker est con\u00e7u pour suivre et surveiller les statuts des domaines, en se concentrant particuli\u00e8rement sur leurs dates d&#8217;expiration. Cet outil proactif garantit la pr\u00e9sence en ligne continue des sites web et \u00e9vite les interruptions de service caus\u00e9es par l&#8217;expiration des domaines. En&#8230;","protected":false},"author":10504980,"featured_media":13003,"parent":0,"menu_order":0,"comment_status":"closed","ping_status":"closed","template":"pages-templates\/pages-minitools.php","meta":[],"categories":[73],"tags":[],"_links":{"self":[{"href":"https:\/\/sitechecker.pro\/fr\/wp-json\/wp\/v2\/pages\/12897"}],"collection":[{"href":"https:\/\/sitechecker.pro\/fr\/wp-json\/wp\/v2\/pages"}],"about":[{"href":"https:\/\/sitechecker.pro\/fr\/wp-json\/wp\/v2\/types\/page"}],"author":[{"embeddable":true,"href":"https:\/\/sitechecker.pro\/fr\/wp-json\/wp\/v2\/users\/10504980"}],"replies":[{"embeddable":true,"href":"https:\/\/sitechecker.pro\/fr\/wp-json\/wp\/v2\/comments?post=12897"}],"version-history":[{"count":16,"href":"https:\/\/sitechecker.pro\/fr\/wp-json\/wp\/v2\/pages\/12897\/revisions"}],"predecessor-version":[{"id":33302,"href":"https:\/\/sitechecker.pro\/fr\/wp-json\/wp\/v2\/pages\/12897\/revisions\/33302"}],"wp:featuredmedia":[{"embeddable":true,"href":"https:\/\/sitechecker.pro\/fr\/wp-json\/wp\/v2\/media\/13003"}],"wp:attachment":[{"href":"https:\/\/sitechecker.pro\/fr\/wp-json\/wp\/v2\/media?parent=12897"}],"wp:term":[{"taxonomy":"category","embeddable":true,"href":"https:\/\/sitechecker.pro\/fr\/wp-json\/wp\/v2\/categories?post=12897"},{"taxonomy":"post_tag","embeddable":true,"href":"https:\/\/sitechecker.pro\/fr\/wp-json\/wp\/v2\/tags?post=12897"}],"curies":[{"name":"wp","href":"https:\/\/api.w.org\/{rel}","templated":true}]}}