{"id":1208,"date":"2018-01-19T10:25:11","date_gmt":"2018-01-19T10:25:11","guid":{"rendered":"https:\/\/sitechecker.pro\/?page_id=1208"},"modified":"2025-02-12T11:56:07","modified_gmt":"2025-02-12T11:56:07","slug":"broken-links","status":"publish","type":"page","link":"https:\/\/sitechecker.pro\/fr\/broken-links\/","title":{"rendered":"V\u00e9rificateur de liens bris\u00e9s gratuit \u1408 Outil de test d&#8217;erreur 404"},"content":{"rendered":"<p><\/p>\n<h2 id=\"par1\">Qu&#8217;est-ce qu&#8217;un v\u00e9rificateur de pages 404 ?<\/h2>\n<p>Un v\u00e9rificateur de liens 404 est une solution logicielle qui aide les sites web dont les liens sont bris\u00e9s ou morts. Ces hyperliens, lorsqu&#8217;ils sont cliqu\u00e9s, m\u00e8nent \u00e0 des pages indisponibles ou \u00e0 des <a href=\"https:\/\/sitechecker.pro\/what-is-404-status-code\/\" target=\"_blank\" rel=\"noopener noreferrer\">erreurs 404<\/a>, ce qui a un impact n\u00e9gatif sur l&#8217;exp\u00e9rience de l&#8217;utilisateur et le r\u00e9f\u00e9rencement. Les moteurs de recherche peuvent consid\u00e9rer que les sites comportant de nombreux liens inactifs sont mal entretenus.<\/p>\n<h3>Notre outil gratuit de v\u00e9rification des liens morts en ligne vous aide \u00e0<\/h3>\n<p><strong>V\u00e9rification des liens morts : <\/strong>L&#8217;outil v\u00e9rifie votre site web ou votre blog pour les liens morts, offrant jusqu&#8217;\u00e0 150 v\u00e9rifications gratuites et des v\u00e9rifications illimit\u00e9es avec les plans payants.<\/p>\n<p><strong>Rapport de code d&#8217;erreur : <\/strong>L&#8217;outil signale les codes d&#8217;erreur pour les URL cass\u00e9es, y compris les erreurs 404 et <a href=\"https:\/\/sitechecker.pro\/what-is-502-status-code\/\" target=\"_blank\" rel=\"noopener noreferrer\">502<\/a>, ainsi que les redirections <a href=\"https:\/\/sitechecker.pro\/301-redirect\/\" target=\"_blank\" rel=\"noopener noreferrer\">301<\/a>.<\/p>\n<p><strong>Fonctionnalit\u00e9s de recherche de liens bris\u00e9s : <\/strong>Les fonctions de sensibilisation aux liens bris\u00e9s permettent d&#8217;acqu\u00e9rir des liens de grande valeur pour votre site web.<\/p>\n<p><strong>Analyse des hyperliens internes et externes\u00a0:<\/strong> l&#8217;outil analyse les hyperliens <a href=\"https:\/\/sitechecker.pro\/internal-links\/\" target=\"_blank\" rel=\"noopener noreferrer\">internes<\/a> et <a href=\"https:\/\/sitechecker.pro\/external-links\/\" target=\"_blank\" rel=\"noopener noreferrer\">externes<\/a> sur votre site Web.<\/p>\n<p><strong>Identification des erreurs et suggestions d&#8217;optimisation : <\/strong>Il identifie les erreurs et fournit des suggestions pour optimiser votre site web.<\/p>\n<p><strong>Surveillance r\u00e9guli\u00e8re et correction rapide : <\/strong>Il surveille r\u00e9guli\u00e8rement le site Web \u00e0 la recherche de nouveaux liens bris\u00e9s<\/a> et les corrige rapidement.<\/p>\n<h3>Principales caract\u00e9ristiques du v\u00e9rificateur de site 404<\/h3>\n<p><strong>Unified Dashboard: <\/strong>Offre une plateforme centralis\u00e9e pour le suivi de toutes les m\u00e9triques SEO et des indicateurs de performance, fournissant une vue d&#8217;ensemble compl\u00e8te pour faciliter le suivi des progr\u00e8s et la prise de d\u00e9cision.<\/p>\n<p><strong>User-friendly Interface: <\/strong>Con\u00e7ue pour les d\u00e9butants et les professionnels, cette interface est intuitive et simple, permettant un acc\u00e8s facile aux fonctionnalit\u00e9s et des visualisations de donn\u00e9es claires.<\/p>\n<p><strong>Un ensemble complet d&#8217;outils de r\u00e9f\u00e9rencement : <\/strong>Comprend une large gamme d&#8217;outils SEO on-page-seo-checker\/&#8221; target=&#8221;_blank&#8221; rel=&#8221;noopener noreferrer&#8221;>on-page<\/a> et off-page, comme les audits de sites, la recherche de mots-cl\u00e9s, l&#8217;analyse des liens retour, l&#8217;optimisation du contenu et les informations techniques SEO, abordant tous les aspects de la gestion du r\u00e9f\u00e9rencement.<\/p>\n<h2 id=\"par2\">Capacit\u00e9s de v\u00e9rification des domaines et des URL distinctes du v\u00e9rificateur d&#8217;erreurs de site Web gratuit<\/h2>\n<p>Deux options sont disponibles pour v\u00e9rifier les erreurs 404 sur un site web : la v\u00e9rification de l&#8217;ensemble du domaine ou de pages sp\u00e9cifiques. La v\u00e9rification du domaine, qui n\u00e9cessite l&#8217;enregistrement d&#8217;un compte, est id\u00e9ale pour une analyse compl\u00e8te, couvrant tous les liens du site Web afin de d\u00e9tecter les URL mortes. Cette m\u00e9thode est compl\u00e8te et permet d&#8217;obtenir une vue d&#8217;ensemble de la sant\u00e9 des liens du site.<\/p>\n<p>D&#8217;autre part, la v\u00e9rification d&#8217;URL, disponible sans enregistrement de compte, est adapt\u00e9e \u00e0 l&#8217;examen d&#8217;une seule page. Cette approche est id\u00e9ale lorsque vous vous concentrez sur une page particuli\u00e8re, en examinant tous ses liens et les informations connexes telles que les codes d&#8217;\u00e9tat HTTP. En fonction de vos besoins, choisissez d&#8217;entrer un domaine ou une URL sp\u00e9cifique, puis cliquez sur le bouton &#8220;Trouver les liens bris\u00e9s&#8221; pour lancer l&#8217;analyse. L&#8217;outil commence alors \u00e0 \u00e9valuer les donn\u00e9es pertinentes du site en cons\u00e9quence.<\/p>\n<div class=\"content__img-wrap\"><img src=\"https:\/\/sitechecker.pro\/wp-content\/uploads\/2024\/08\/1-broken-links-selector.png\" alt=\"Website Broken Link Checker\" class=\"description-img description-img-zoom\" loading=\"lazy\" ><\/div>\n<h2 id=\"par3\">V\u00e9rification du domaine<\/h2>\n<h3>\u00c9tape 1 : Choisissez &#8220;V\u00e9rifier le domaine&#8221;, entrez votre URL et cliquez sur le bouton &#8220;Trouver les liens bris\u00e9s&#8221; pour lancer la v\u00e9rification<\/h3>\n<div class=\"content__img-wrap\"><img src=\"https:\/\/sitechecker.pro\/wp-content\/uploads\/2024\/08\/2-broken-link-selector.png\" alt=\"Domain Check Broken Link Checker\" class=\"description-img description-img-zoom\" loading=\"lazy\" ><\/div>\n<div class=\"important-block\">Pour recevoir les r\u00e9sultats et acc\u00e9der aux fonctionnalit\u00e9s de Sitechecker&apos;pendant 14 jours, commencez votre essai GRATUIT. L'inscription est facile avec votre email, votre compte Google ou Facebook. Aucune carte de cr\u00e9dit n'est n\u00e9cessaire.<\/div>\n<h3>\u00c9tape 2 : Analyse des r\u00e9sultats<\/h3>\n<p>L&#8217;analyse d&#8217;un domaine s&#8217;accompagne d&#8217;un audit gratuit de l&#8217;ensemble du site. Vous pouvez identifier les URL 404 et d\u00e9terminer leur emplacement sur n&#8217;importe quelle plateforme CMS, telle que WordPress, Joomla, Drupal, etc.<\/p>\n<p>Notre crawler trouvera la liste des URLs avec <a href=\"https:\/\/sitechecker.pro\/what-are-4xx-status-codes\/\" target=\"_blank\" rel=\"noopener noreferrer\">4xx status codes<\/a>, que d&#8217;autres pages de votre site web r\u00e9f\u00e9rencent. Cela vous aidera \u00e0 r\u00e9soudre le probl\u00e8me des URL inactives pour l&#8217;ensemble du site et \u00e0 d\u00e9terminer si de nouveaux hyperliens morts appara\u00eetront.<\/p>\n<div class=\"content__img-wrap\"><img src=\"https:\/\/sitechecker.pro\/wp-content\/uploads\/2024\/01\/4xx-client-errors-issue.png\" alt=\"4xx Client Errors Issue\" class=\"description-img description-img-zoom\" loading=\"lazy\" ><\/div>\n<p>En cliquant sur &#8220;Voir le probl\u00e8me&#8221;, vous obtiendrez la liste des URL pr\u00e9sentant ce type de probl\u00e8me, un bouton permettant de trouver les r\u00e9f\u00e9rences internes de ces pages cass\u00e9es, et des instructions sur la mani\u00e8re de r\u00e9soudre le probl\u00e8me :<\/p>\n<div class=\"content__img-wrap\"><img src=\"https:\/\/sitechecker.pro\/wp-content\/uploads\/2024\/01\/4xx-client-errors-view-issue.png\" alt=\"4xx Client Errors View Issue\" class=\"description-img description-img-zoom\" loading=\"lazy\" ><\/div>\n<h3>Fonctionnalit\u00e9s suppl\u00e9mentaires du scanner de liens bris\u00e9s de domaine\/site web<\/h3>\n<p>En cliquant sur &#8220;Toutes les pages HTML&#8221;, vous obtiendrez la liste compl\u00e8te des URL de votre site Web et des autres probl\u00e8mes internes de votre site. Les probl\u00e8mes sont organis\u00e9s par cat\u00e9gories et par types, et vous pouvez facilement passer de l&#8217;un \u00e0 l&#8217;autre. Les types sont les suivants : probl\u00e8mes critiques, avertissements, opportunit\u00e9s et avis. Les cat\u00e9gories, par exemple, Liens, Indexabilit\u00e9, Pertinence du contenu, etc. Il est ainsi beaucoup plus simple de se concentrer sur la r\u00e9solution des probl\u00e8mes qui auront le plus d&#8217;impact sur le succ\u00e8s de votre site web.<\/p>\n<div class=\"content__img-wrap\"><img src=\"https:\/\/sitechecker.pro\/wp-content\/uploads\/2024\/01\/all-html-pages-by-category.png\" alt=\"All HTML Pages by Category\" class=\"description-img description-img-zoom\" loading=\"lazy\" ><\/div>\n<p>Si n\u00e9cessaire, vous pouvez filtrer les URL ou d\u00e9finir des donn\u00e9es suppl\u00e9mentaires pour les pages qui vous aideront \u00e0 travailler avec elles.<\/p>\n<div class=\"content__img-wrap\"><img src=\"https:\/\/sitechecker.pro\/wp-content\/uploads\/2024\/01\/all-html-pages-manage-columns.png\" alt=\"All HTML Pages Manage Columns\" class=\"description-img description-img-zoom\" loading=\"lazy\" ><\/div>\n<p>En outre, vous pouvez t\u00e9l\u00e9charger et exporter les r\u00e9sultats du crawler vers des fichiers PDF ou CSV, Google Sheets, ou simplement les copier selon vos besoins.<\/p>\n<div class=\"content__img-wrap\"><img src=\"https:\/\/sitechecker.pro\/wp-content\/uploads\/2024\/01\/export-data.png\" alt=\"Export Data\" class=\"description-img description-img-zoom\" loading=\"lazy\" ><\/div>\n<p>Le t\u00e9l\u00e9chargement et l&#8217;exportation des r\u00e9sultats des robots d&#8217;indexation dans plusieurs formats sont utiles aux freelances et aux responsables SEO, car ils fournissent des donn\u00e9es polyvalentes pour l&#8217;analyse et la manipulation.<\/p>\n<p>Cette fonctionnalit\u00e9 permet de g\u00e9n\u00e9rer des rapports efficaces pour les clients ou les parties prenantes, facilitant ainsi une communication claire des r\u00e9sultats et des strat\u00e9gies futures.<\/p>\n<p>Lorsque les donn\u00e9es sont export\u00e9es vers Google Sheets, le travail collaboratif est simplifi\u00e9, ce qui favorise une approche bas\u00e9e sur le travail d&#8217;\u00e9quipe. Enfin, la possibilit\u00e9 de copier directement les donn\u00e9es offre un acc\u00e8s instantan\u00e9 aux informations essentielles, ce qui simplifie l&#8217;analyse et l&#8217;int\u00e9gration avec d&#8217;autres outils num\u00e9riques.<\/p>\n<h4>Auto-crawlers r\u00e9guliers du site et notification automatique de la d\u00e9tection d&#8217;erreurs potentielles<\/h4>\n<p>Profitez de nos robots d&#8217;exploration du site, qui effectuent des analyses de routine pour identifier les erreurs potentielles sur votre site web. En v\u00e9rifiant r\u00e9guli\u00e8rement la pr\u00e9sence d&#8217;erreurs 404 sur votre site tous les trois jours, vous restez \u00e0 l&#8217;aff\u00fbt de tout probl\u00e8me susceptible d&#8217;affecter les performances de votre site.<\/p>\n<div class=\"content__img-wrap\"><img src=\"https:\/\/sitechecker.pro\/wp-content\/uploads\/2024\/01\/auto-crawler.png\" alt=\"Auto Crawler\" class=\"description-img description-img-zoom\" loading=\"lazy\" ><\/div>\n<h2 id=\"par4\">Contr\u00f4le des pages<\/h2>\n<h3>\u00c9tape 1 : Choisissez &#8220;V\u00e9rifier la page&#8221;, entrez votre URL et cliquez sur le bouton &#8220;Trouver les liens cass\u00e9s&#8221; pour lancer la v\u00e9rification<\/h3>\n<div class=\"content__img-wrap\"><img src=\"https:\/\/sitechecker.pro\/wp-content\/uploads\/2024\/08\/3-broken-link-selector.png\" alt=\"Page Check Broken Link Checker\" class=\"description-img description-img-zoom\" loading=\"lazy\" ><\/div>\n<h3>\u00c9tape 2 : Interpr\u00e9tation des r\u00e9sultats du d\u00e9tecteur de site Web 404 via la v\u00e9rification de la page<\/h3>\n<p>Une section \u00e9num\u00e8re les liens externes et internes et affiche les codes d&#8217;\u00e9tat correspondants, indiquant la sant\u00e9 de chaque lien. Si vous allez dans la colonne des codes de r\u00e9ponse, vous pouvez voir une liste de liens qui ont renvoy\u00e9 une erreur 404, \u00e0 condition qu&#8217;ils soient accessibles.<\/p>\n<p>La zone centrale pr\u00e9sente un instantan\u00e9 de la sant\u00e9 SEO d&#8217;une page web, en affichant un score et des d\u00e9tails essentiels tels que le code d&#8217;\u00e9tat et la taille de la page. La page de r\u00e9sultats pr\u00e9sente les liens sortants, internes et de sous-domaine, ainsi que leurs codes de r\u00e9ponse, ce qui vous permet d&#8217;identifier facilement une erreur 404, qu&#8217;elle apparaisse sur un site externe, sur votre site principal ou sur un sous-domaine.<\/p>\n<div class=\"content__img-wrap\"><img src=\"https:\/\/sitechecker.pro\/wp-content\/uploads\/2024\/01\/on-page-seo-checker.png\" alt=\"On Page Seo Checker\" class=\"description-img description-img-zoom\" loading=\"lazy\" ><\/div>\n<div class=\"content__img-wrap\"><img src=\"https:\/\/sitechecker.pro\/wp-content\/uploads\/2024\/01\/internal-subdomain-links.png\" alt=\"Internal Subdomain Links\" class=\"description-img description-img-zoom\" loading=\"lazy\" ><\/div>\n<p>Pour auditer l&#8217;ensemble de votre site au lieu d&#8217;une seule page, s\u00e9lectionnez &#8220;Ex\u00e9cuter un audit complet du site web&#8221; ou reportez-vous \u00e0 la premi\u00e8re section de ce guide pour la v\u00e9rification du domaine.<\/p>\n<p>L&#8217;outil propose un projet de d\u00e9monstration qui illustre ses capacit\u00e9s. En choisissant &#8220;Audit du site&#8221;, les utilisateurs peuvent explorer les fonctionnalit\u00e9s et comprendre comment l&#8217;outil peut am\u00e9liorer le r\u00e9f\u00e9rencement de leur site Web.<\/p>\n<div class=\"content__img-wrap\"><img src=\"https:\/\/sitechecker.pro\/wp-content\/uploads\/2024\/01\/run-full-site-audit-1.png\" alt=\"Run Full Site Audit\" class=\"description-img description-img-zoom\" loading=\"lazy\" ><\/div>\n<h3>Fonctionnalit\u00e9s suppl\u00e9mentaires de l&#8217;outil<\/h3>\n<p>Le Broken Link Checker am\u00e9liore le r\u00e9f\u00e9rencement gr\u00e2ce \u00e0 l&#8217;am\u00e9lioration de la qualit\u00e9 du contenu, \u00e0 la structuration des donn\u00e9es pour l&#8217;optimisation des moteurs de recherche, \u00e0 l&#8217;optimisation des images pour le web, \u00e0 la fourniture d&#8217;informations sur les performances de recherche et \u00e0 l&#8217;\u00e9valuation des vitesses de chargement pour am\u00e9liorer l&#8217;exp\u00e9rience de l&#8217;utilisateur et le classement dans les moteurs de recherche.<\/p>\n<div class=\"content__img-wrap\"><img src=\"https:\/\/sitechecker.pro\/wp-content\/uploads\/2024\/01\/issues-overview-1.png\" alt=\"Issues Overview\" class=\"description-img description-img-zoom\" loading=\"lazy\" ><\/div>\n<h2 id=\"par5\">Extension Chrome Sitechecker pour la d\u00e9tection des liens bris\u00e9s<\/h2>\n<p>Vous avez \u00e9galement la possibilit\u00e9 d&#8217;effectuer une br\u00e8ve analyse de la page web et de v\u00e9rifier l&#8217;\u00e9tat du code en utilisant l&#8217;extension du navigateur.<\/p>\n<p><a href=\"https:\/\/chrome.google.com\/webstore\/detail\/website-seo-checker-free\/nljcdkjpjnhlilgepggmmagnmebhadnk\" target=\"_blank\" rel=\"nofollow noopener noreferrer\">L&#8217;extension Chrome de Sitechecker<\/a> est un outil permettant d&#8217;identifier et de corriger les liens hypertextes invalides. Apr\u00e8s l&#8217;avoir install\u00e9e sur votre navigateur Chrome, vous pouvez facilement scanner n&#8217;importe quelle page web, en analysant la validit\u00e9 de tous les liens.<\/p>\n<div class=\"content__img-wrap\"><img src=\"https:\/\/sitechecker.pro\/wp-content\/uploads\/2024\/01\/sitecheckers-extension.png\" alt=\"Sitechecker's Extension\" class=\"description-img description-img-zoom\" loading=\"lazy\" ><\/div>\n<p>L&#8217;outil classe les liens en fonction de leur code d&#8217;\u00e9tat HTTP, met en \u00e9vidence ceux qui posent probl\u00e8me et propose m\u00eame des solutions pour les rectifier.<\/p>\n<p>Pour une compr\u00e9hension plus d\u00e9taill\u00e9e, vous pouvez regarder un tutoriel sur notre cha\u00eene YouTube Sitechecker, o\u00f9 nous expliquons le concept des liens bris\u00e9s, leurs impacts potentiels et fournissons des instructions sur la fa\u00e7on de les r\u00e9parer :<\/p>\n<p><iframe title=\"YouTube video player\" src=\"https:\/\/www.youtube.com\/embed\/bxpEtw6oOwY?si=opSzDXD-SH1fq4s0\" width=\"700\" height=\"350\" frameborder=\"0\" allowfullscreen=\"allowfullscreen\"><\/iframe><\/p>\n<h2 id=\"par6\">R\u00e9flexions finales<\/h2>\n<p>Le 404 error checker est un outil logiciel complet con\u00e7u pour am\u00e9liorer les performances SEO et l&#8217;exp\u00e9rience utilisateur en identifiant et en rectifiant les liens d&#8217;erreur 404. L&#8217;outil effectue des analyses d\u00e9taill\u00e9es, propose des suggestions d&#8217;optimisation et fournit des rapports exploitables sur les URL probl\u00e9matiques. Il effectue \u00e9galement des recherches automatiques r\u00e9guli\u00e8res pour une surveillance constante.<\/p>\n<p>Avec ses interfaces conviviales, ses deux m\u00e9thodes de v\u00e9rification pour une analyse compl\u00e8te ou sp\u00e9cifique du site et son extension Chrome pour des v\u00e9rifications en temps r\u00e9el, il constitue un atout pr\u00e9cieux pour l&#8217;optimisation et la maintenance proactives des sites web. De plus, sa capacit\u00e9 \u00e0 t\u00e9l\u00e9charger et \u00e0 exporter des donn\u00e9es dans diff\u00e9rents formats facilite les analyses ult\u00e9rieures et la collaboration entre les \u00e9quipes.<\/p>\n<div id=\"par7\"><\/div>\n<p><div class=\"front__faq-block\"><div class=\"faq__block-title\">FAQ<\/div><div class=\"panel-group\" id=\"faq-accordion\" itemscope itemtype=\"https:\/\/schema.org\/FAQPage\" role=\"tablist\" aria-multiselectable=\"true\"><div class=\"panel\" itemscope itemtype=\"https:\/\/schema.org\/Question\" itemprop=\"mainEntity\">\n                            <div class=\"panel-heading\" id=\"headingFaq-1\">\n                                <div class=\"panel-title\" data-toggle=\"collapse\" aria-expanded=\"false\" href=\"#collapseFaq-1\">\n                                    <h3 itemprop=\"name\">Comment v\u00e9rifier si une URL est cass\u00e9e?<\/h3>\n                                <\/div>\n                            <\/div>\n                            <div id=\"collapseFaq-1\" class=\"panel-collapse collapse\" itemprop=\"acceptedAnswer\" itemscope itemtype=\"http:\/\/schema.org\/Answer\">\n                                <div class=\"panel-body\" itemprop=\"text\">Vous pouvez v\u00e9rifier si une URL est cass\u00e9e en utilisant l'outil 404 URL checker. Il vous suffit de saisir l'URL que vous souhaitez analyser et l'outil identifiera les liens bris\u00e9s ou morts.<\/div>\n                            <\/div>\n                        <\/div><div class=\"panel\" itemscope itemtype=\"https:\/\/schema.org\/Question\" itemprop=\"mainEntity\">\n                            <div class=\"panel-heading\" id=\"headingFaq-2\">\n                                <div class=\"panel-title\" data-toggle=\"collapse\" aria-expanded=\"false\" href=\"#collapseFaq-2\">\n                                    <h3 itemprop=\"name\">Broken Link Checker est-il gratuit?<\/h3>\n                                <\/div>\n                            <\/div>\n                            <div id=\"collapseFaq-2\" class=\"panel-collapse collapse\" itemprop=\"acceptedAnswer\" itemscope itemtype=\"http:\/\/schema.org\/Answer\">\n                                <div class=\"panel-body\" itemprop=\"text\">Oui, l'outil 404 Page Checker est gratuit pendant la p\u00e9riode d'essai (14 jours).<\/div>\n                            <\/div>\n                        <\/div><div class=\"panel\" itemscope itemtype=\"https:\/\/schema.org\/Question\" itemprop=\"mainEntity\">\n                            <div class=\"panel-heading\" id=\"headingFaq-3\">\n                                <div class=\"panel-title\" data-toggle=\"collapse\" aria-expanded=\"false\" href=\"#collapseFaq-3\">\n                                    <h3 itemprop=\"name\">Comment r\u00e9parer un lien URL bris\u00e9?<\/h3>\n                                <\/div>\n                            <\/div>\n                            <div id=\"collapseFaq-3\" class=\"panel-collapse collapse\" itemprop=\"acceptedAnswer\" itemscope itemtype=\"http:\/\/schema.org\/Answer\">\n                                <div class=\"panel-body\" itemprop=\"text\">Pour r\u00e9parer un lien URL bris\u00e9, vous devez tout d'abord l'identifier. Une fois identifi\u00e9, vous pouvez soit restaurer le contenu li\u00e9, soit remplacer l'adresse web inaccessible par une adresse valide.<\/div>\n                            <\/div>\n                        <\/div><div class=\"panel\" itemscope itemtype=\"https:\/\/schema.org\/Question\" itemprop=\"mainEntity\">\n                            <div class=\"panel-heading\" id=\"headingFaq-4\">\n                                <div class=\"panel-title\" data-toggle=\"collapse\" aria-expanded=\"false\" href=\"#collapseFaq-4\">\n                                    <h3 itemprop=\"name\">How do I check if a link is valid?<\/h3>\n                                <\/div>\n                            <\/div>\n                            <div id=\"collapseFaq-4\" class=\"panel-collapse collapse\" itemprop=\"acceptedAnswer\" itemscope itemtype=\"http:\/\/schema.org\/Answer\">\n                                <div class=\"panel-body\" itemprop=\"text\">Notre outil Broken Link Finder permet de valider un lien. Saisissez l'URL que vous souhaitez v\u00e9rifier et l'outil vous confirmera si la page est fonctionnelle ou non.<\/div>\n                            <\/div>\n                        <\/div><\/div><\/div><\/p>","protected":false},"excerpt":{"rendered":"Qu&#8217;est-ce qu&#8217;un v\u00e9rificateur de pages 404 ? Un v\u00e9rificateur de liens 404 est une solution logicielle qui aide les sites web dont les liens sont bris\u00e9s ou morts. Ces hyperliens, lorsqu&#8217;ils sont cliqu\u00e9s, m\u00e8nent \u00e0 des pages indisponibles ou \u00e0 des erreurs 404, ce qui a un impact n\u00e9gatif sur l&#8217;exp\u00e9rience de l&#8217;utilisateur et le&#8230;","protected":false},"author":10409641,"featured_media":3422,"parent":0,"menu_order":0,"comment_status":"closed","ping_status":"closed","template":"pages-templates\/pages-minitools-3.php","meta":[],"categories":[72],"tags":[],"_links":{"self":[{"href":"https:\/\/sitechecker.pro\/fr\/wp-json\/wp\/v2\/pages\/1208"}],"collection":[{"href":"https:\/\/sitechecker.pro\/fr\/wp-json\/wp\/v2\/pages"}],"about":[{"href":"https:\/\/sitechecker.pro\/fr\/wp-json\/wp\/v2\/types\/page"}],"author":[{"embeddable":true,"href":"https:\/\/sitechecker.pro\/fr\/wp-json\/wp\/v2\/users\/10409641"}],"replies":[{"embeddable":true,"href":"https:\/\/sitechecker.pro\/fr\/wp-json\/wp\/v2\/comments?post=1208"}],"version-history":[{"count":209,"href":"https:\/\/sitechecker.pro\/fr\/wp-json\/wp\/v2\/pages\/1208\/revisions"}],"predecessor-version":[{"id":36962,"href":"https:\/\/sitechecker.pro\/fr\/wp-json\/wp\/v2\/pages\/1208\/revisions\/36962"}],"wp:featuredmedia":[{"embeddable":true,"href":"https:\/\/sitechecker.pro\/fr\/wp-json\/wp\/v2\/media\/3422"}],"wp:attachment":[{"href":"https:\/\/sitechecker.pro\/fr\/wp-json\/wp\/v2\/media?parent=1208"}],"wp:term":[{"taxonomy":"category","embeddable":true,"href":"https:\/\/sitechecker.pro\/fr\/wp-json\/wp\/v2\/categories?post=1208"},{"taxonomy":"post_tag","embeddable":true,"href":"https:\/\/sitechecker.pro\/fr\/wp-json\/wp\/v2\/tags?post=1208"}],"curies":[{"name":"wp","href":"https:\/\/api.w.org\/{rel}","templated":true}]}}