{"id":1148,"date":"2018-01-10T09:47:14","date_gmt":"2018-01-10T09:47:14","guid":{"rendered":"https:\/\/sitechecker.pro\/?page_id=1148"},"modified":"2025-02-04T19:05:57","modified_gmt":"2025-02-04T19:05:57","slug":"mobile-friendly-test","status":"publish","type":"page","link":"https:\/\/sitechecker.pro\/fr\/mobile-friendly-test\/","title":{"rendered":"Mobile-Friendly Test | Soyez pr\u00eat pour Mobile-first dans Google \u2611"},"content":{"rendered":"<p><\/p>\n<h2 id=\"par1\">Qu&#8217;est-ce que le test de compatibilit\u00e9 mobile\u00a0?<\/h2>\n<p>Le test de compatibilit\u00e9 mobile de <a href=\"https:\/\/sitechecker.pro\/\" target=\"_blank\" rel=\"noopener noreferrer\">Sitechecker<\/a> \u00e9value les performances d&#8217;une page Web ou d&#8217;un site Web entier sur les appareils mobiles. Il propose un audit complet de toutes les pages, pour v\u00e9rifier les donn\u00e9es de la fen\u00eatre d&#8217;affichage, d\u00e9tecter les plugins de navigateur non pris en charge, identifier les probl\u00e8mes de compatibilit\u00e9 mobile et fournir une surveillance continue ou un rapport instantan\u00e9 pour une seule page, en analysant les donn\u00e9es de la fen\u00eatre d&#8217;affichage.<\/p>\n<h3>Comment l&#8217;outil peut vous aider<\/h3>\n<p><strong>Commodit\u00e9 mobile de toutes les pages du site Web\u00a0: <\/strong>identifie les probl\u00e8mes de fen\u00eatre d&#8217;affichage, les plugins de navigateur non pris en charge et d&#8217;autres probl\u00e8mes d&#8217;utilisabilit\u00e9 avec une surveillance continue (n\u00e9cessite un compte gratuit).<\/p>\n<p><strong>Test mobile d&#8217;une seule page\u00a0: <\/strong>analyse une page Web sp\u00e9cifique pour la configuration de la fen\u00eatre d&#8217;affichage et la compatibilit\u00e9 mobile de base.<\/p>\n<p><strong>Rapport d\u00e9taill\u00e9 sur l&#8217;utilisabilit\u00e9 mobile\u00a0: <\/strong>fournit des informations et des recommandations claires pour am\u00e9liorer les performances mobiles, l&#8217;exp\u00e9rience utilisateur et les classements SEO.<\/p>\n<h3>Principales fonctionnalit\u00e9s de l&#8217;outil<\/h3>\n<p><strong>Tableau de bord unifi\u00e9\u00a0: <\/strong>fournit une vue centralis\u00e9e des performances du site Web, des probl\u00e8mes de r\u00e9f\u00e9rencement et des analyses, ce qui facilite la surveillance et la gestion de tous les audits de site Web en un seul endroit.<\/p>\n<p><strong>Interface conviviale\u00a0: <\/strong>con\u00e7ue pour les d\u00e9butants et les experts, offrant une navigation intuitive, des rapports clairs et des informations exploitables sans n\u00e9cessiter de connaissances techniques approfondies.<\/p>\n<p><strong>Ensemble complet d&#8217;outils SEO\u00a0: <\/strong>comprend des audits de sites Web, le suivi des mots cl\u00e9s, des tests de convivialit\u00e9 mobile et d&#8217;autres outils essentiels pour optimiser les performances du site Web et les classements des moteurs de recherche.<\/p>\n<h2 id=\"par2\">Comment utiliser l&#8217;outil<\/h2>\n<p>Pour utiliser le test de convivialit\u00e9 mobile, s\u00e9lectionnez le type d&#8217;audit dont vous avez besoin. Choisissez \u00ab Adaptabilit\u00e9 mobile pour toutes les pages \u00bb pour une analyse compl\u00e8te du site Web ou \u00ab Adaptabilit\u00e9 mobile de la page \u00bb pour un rapport instantan\u00e9 sur une seule page. Apr\u00e8s avoir s\u00e9lectionn\u00e9 une option, cliquez sur le bouton \u00ab D\u00e9marrer l&#8217;audit \u00bb pour commencer l&#8217;analyse.<\/p>\n<div class=\"content__img-wrap\"><img src=\"https:\/\/sitechecker.pro\/wp-content\/uploads\/2025\/02\/choose-audit-option-1.png\" alt=\"Choose Audit Option\" class=\"description-img description-img-zoom\" loading=\"lazy\" ><\/div>\n<h2 id=\"par3\">Test d&#8217;adaptation mobile du site Web<\/h2>\n<h3>\u00c9tape 1\u00a0:\u00a0Ins\u00e9rez l&#8217;adresse URL du domaine<\/h3>\n<div class=\"content__img-wrap\"><img src=\"https:\/\/sitechecker.pro\/wp-content\/uploads\/2025\/02\/mobile-friendliness-all-pages.png\" alt=\"Adaptabilit\u00e9 mobile pour toutes les pages\" class=\"description-img description-img-zoom\" loading=\"lazy\" ><\/div>\n<div class=\"important-block\">Pour recevoir les r\u00e9sultats et acc\u00e9der aux fonctionnalit\u00e9s de Sitechecker pendant 14 jours, d\u00e9marrez votre essai GRATUIT. L'inscription est facile avec votre e-mail, votre compte Google ou Facebook. Aucune carte de cr\u00e9dit n'est n\u00e9cessaire.<\/div>\n<h3>\u00c9tape 2\u00a0:\u00a0Obtenez les r\u00e9sultats<\/h3>\n<p>Identifiez les probl\u00e8mes affectant la convivialit\u00e9 mobile de votre site Web, notamment une mauvaise exp\u00e9rience utilisateur, des probl\u00e8mes de navigation et des incoh\u00e9rences d&#8217;affichage. Obtenez des informations exploitables, les pages concern\u00e9es et des correctifs \u00e9tape par \u00e9tape pour optimiser votre site pour des performances mobiles fluides.<\/p>\n<div class=\"content__img-wrap\"><img src=\"https:\/\/sitechecker.pro\/wp-content\/uploads\/2025\/02\/mobile-friendlyliness-issues.png\" alt=\"Probl\u00e8mes de convivialit\u00e9 mobile\" class=\"description-img description-img-zoom\" loading=\"lazy\" ><\/div>\n<h3>Fonctionnalit\u00e9s suppl\u00e9mentaires de l&#8217;outil<\/h3>\n<p>Allez au-del\u00e0 de la convivialit\u00e9 mobile avec un audit complet du site Web. Obtenez des rapports d\u00e9taill\u00e9s sur les erreurs critiques, les avertissements et les opportunit\u00e9s d&#8217;optimisation. Analysez les probl\u00e8mes d&#8217;indexation, la pertinence du contenu, les vuln\u00e9rabilit\u00e9s de s\u00e9curit\u00e9, le contenu dupliqu\u00e9 et la vitesse des pages. Filtrez, hi\u00e9rarchisez et r\u00e9solvez facilement les probl\u00e8mes avec des recommandations exploitables pour un site enti\u00e8rement optimis\u00e9.<\/p>\n<div class=\"content__img-wrap\"><img src=\"https:\/\/sitechecker.pro\/wp-content\/uploads\/2025\/02\/site-audit-issues-1.png\" alt=\"Probl\u00e8mes d'audit de site\" class=\"description-img description-img-zoom\" loading=\"lazy\" ><\/div>\n<h2 id=\"par4\">Testez la compatibilit\u00e9 mobile de la page<\/h2>\n<h3>\u00c9tape 1\u00a0: choisissez l&#8217;inspection de compatibilit\u00e9 mobile de la page, d\u00e9marrez l&#8217;audit<\/h3>\n<div class=\"content__img-wrap\"><img src=\"https:\/\/sitechecker.pro\/wp-content\/uploads\/2025\/02\/mobile-friendliness-one-page.png\" alt=\"Mobile Friendliness One Page\" class=\"description-img description-img-zoom\" loading=\"lazy\" ><\/div>\n<h3>\u00c9tape 2\u00a0: obtenez les r\u00e9sultats<\/h3>\n<p>Analysez la compatibilit\u00e9 mobile et les performances de votre page Web avec Google PageSpeed \u200b\u200bInsights en temps r\u00e9el. Identifiez les probl\u00e8mes de chargement critiques, les goulots d&#8217;\u00e9tranglement de la vitesse et les opportunit\u00e9s d&#8217;optimisation pour am\u00e9liorer l&#8217;exp\u00e9rience utilisateur et les classements de recherche. Obtenez des recommandations exploitables pour am\u00e9liorer la r\u00e9activit\u00e9 et les temps de chargement sur tous les appareils.<\/p>\n<div class=\"content__img-wrap\"><img src=\"https:\/\/sitechecker.pro\/wp-content\/uploads\/2025\/02\/mobile-pagespeed-insights.png\" alt=\"Mobile PageSpeed  Insights\" class=\"description-img description-img-zoom\" loading=\"lazy\" ><\/div>\n<p>D\u00e9couvrez toutes les fonctionnalit\u00e9s de l&#8217;outil dans la section Audit de site. Explorez la version de d\u00e9monstration pour voir comment Sitechecker rel\u00e8ve les principaux d\u00e9fis techniques du r\u00e9f\u00e9rencement et optimise les performances de votre site Web.<\/p>\n<div class=\"content__img-wrap\"><img src=\"https:\/\/sitechecker.pro\/wp-content\/uploads\/2025\/02\/site-audit-1.png\" alt=\"Audit de site\" class=\"description-img description-img-zoom\" loading=\"lazy\" ><\/div>\n<h3>Fonctionnalit\u00e9s suppl\u00e9mentaires du test de compatibilit\u00e9 mobile de Google<\/h3>\n<p>Obtenez des informations plus approfondies au-del\u00e0 de la compatibilit\u00e9 mobile avec un aper\u00e7u d\u00e9taill\u00e9 des probl\u00e8mes. Identifiez les erreurs critiques, les avertissements et les goulots d&#8217;\u00e9tranglement des performances tels que les temps de chargement lents, les liens rompus et les probl\u00e8mes d&#8217;indexation. Le panneau de navigation des pages rationalise les am\u00e9liorations du r\u00e9f\u00e9rencement en optimisant la vitesse, en corrigeant les erreurs, en affinant le contenu, en validant le sch\u00e9ma, en am\u00e9liorant les images, en analysant les mots-cl\u00e9s, etc.<\/p>\n<div class=\"content__img-wrap\"><img src=\"https:\/\/sitechecker.pro\/wp-content\/uploads\/2025\/02\/issues-overview-1.png\" alt=\"Aper\u00e7u des probl\u00e8mes\" class=\"description-img description-img-zoom\" loading=\"lazy\" ><\/div>\n<h2 id=\"par5\">Id\u00e9e finale<\/h2>\n<p>Le test de compatibilit\u00e9 mobile du site Web \u00e9value les performances mobiles de votre site Web, d\u00e9tecte les probl\u00e8mes d&#8217;utilisabilit\u00e9 et fournit des correctifs exploitables. Il propose un audit complet du site ou une analyse d&#8217;une seule page, ainsi qu&#8217;un audit SEO complet pour identifier les probl\u00e8mes d&#8217;indexation, de s\u00e9curit\u00e9 et de vitesse. Avec un tableau de bord convivial, il rationalise les am\u00e9liorations SEO pour am\u00e9liorer les classements et l&#8217;exp\u00e9rience utilisateur.<\/p>\n<div id=\"par6\"><\/div>\n<p><div class=\"front__faq-block\"><div class=\"faq__block-title\">FAQ<\/div><div class=\"panel-group\" id=\"faq-accordion\" itemscope itemtype=\"https:\/\/schema.org\/FAQPage\" role=\"tablist\" aria-multiselectable=\"true\"><div class=\"panel\" itemscope itemtype=\"https:\/\/schema.org\/Question\" itemprop=\"mainEntity\">\n                            <div class=\"panel-heading\" id=\"headingFaq-1\">\n                                <div class=\"panel-title\" data-toggle=\"collapse\" aria-expanded=\"false\" href=\"#collapseFaq-1\">\n                                    <h3 itemprop=\"name\">Qu'analyse le Mobile-Friendly Checker en plus des param\u00e8tres de la fen\u00eatre d'affichage ?<\/h3>\n                                <\/div>\n                            <\/div>\n                            <div id=\"collapseFaq-1\" class=\"panel-collapse collapse\" itemprop=\"acceptedAnswer\" itemscope itemtype=\"http:\/\/schema.org\/Answer\">\n                                <div class=\"panel-body\" itemprop=\"text\">Il d\u00e9tecte les plugins de navigateur non pris en charge, les probl\u00e8mes de navigation et les incoh\u00e9rences d'affichage, garantissant une exp\u00e9rience mobile transparente.<\/div>\n                            <\/div>\n                        <\/div><div class=\"panel\" itemscope itemtype=\"https:\/\/schema.org\/Question\" itemprop=\"mainEntity\">\n                            <div class=\"panel-heading\" id=\"headingFaq-2\">\n                                <div class=\"panel-title\" data-toggle=\"collapse\" aria-expanded=\"false\" href=\"#collapseFaq-2\">\n                                    <h3 itemprop=\"name\">Comment l'outil aide-t-il au r\u00e9f\u00e9rencement au-del\u00e0 de la compatibilit\u00e9 mobile ?<\/h3>\n                                <\/div>\n                            <\/div>\n                            <div id=\"collapseFaq-2\" class=\"panel-collapse collapse\" itemprop=\"acceptedAnswer\" itemscope itemtype=\"http:\/\/schema.org\/Answer\">\n                                <div class=\"panel-body\" itemprop=\"text\">Il fournit un audit complet du site Web, analysant l'indexation, le contenu dupliqu\u00e9, les vuln\u00e9rabilit\u00e9s de s\u00e9curit\u00e9, la vitesse des pages et les liens rompus.<\/div>\n                            <\/div>\n                        <\/div><div class=\"panel\" itemscope itemtype=\"https:\/\/schema.org\/Question\" itemprop=\"mainEntity\">\n                            <div class=\"panel-heading\" id=\"headingFaq-3\">\n                                <div class=\"panel-title\" data-toggle=\"collapse\" aria-expanded=\"false\" href=\"#collapseFaq-3\">\n                                    <h3 itemprop=\"name\">Puis-je suivre les performances mobiles au fil du temps ?<\/h3>\n                                <\/div>\n                            <\/div>\n                            <div id=\"collapseFaq-3\" class=\"panel-collapse collapse\" itemprop=\"acceptedAnswer\" itemscope itemtype=\"http:\/\/schema.org\/Answer\">\n                                <div class=\"panel-body\" itemprop=\"text\">Oui, une surveillance continue est disponible avec un compte gratuit, vous aidant \u00e0 suivre et \u00e0 r\u00e9soudre les probl\u00e8mes de mani\u00e8re proactive.<\/div>\n                            <\/div>\n                        <\/div><div class=\"panel\" itemscope itemtype=\"https:\/\/schema.org\/Question\" itemprop=\"mainEntity\">\n                            <div class=\"panel-heading\" id=\"headingFaq-4\">\n                                <div class=\"panel-title\" data-toggle=\"collapse\" aria-expanded=\"false\" href=\"#collapseFaq-4\">\n                                    <h3 itemprop=\"name\">Comment puis-je commencer \u00e0 utiliser l'outil de test de compatibilit\u00e9 mobile ?<\/h3>\n                                <\/div>\n                            <\/div>\n                            <div id=\"collapseFaq-4\" class=\"panel-collapse collapse\" itemprop=\"acceptedAnswer\" itemscope itemtype=\"http:\/\/schema.org\/Answer\">\n                                <div class=\"panel-body\" itemprop=\"text\">Entrez l'URL de votre site Web, s\u00e9lectionnez un audit de site complet ou d'une seule page, puis cliquez sur \u00ab D\u00e9marrer l'audit \u00bb pour recevoir des informations et des recommandations instantan\u00e9es.<\/div>\n                            <\/div>\n                        <\/div><\/div><\/div><\/p>","protected":false},"excerpt":{"rendered":"Qu&#8217;est-ce que le test de compatibilit\u00e9 mobile\u00a0? Le test de compatibilit\u00e9 mobile de Sitechecker \u00e9value les performances d&#8217;une page Web ou d&#8217;un site Web entier sur les appareils mobiles. Il propose un audit complet de toutes les pages, pour v\u00e9rifier les donn\u00e9es de la fen\u00eatre d&#8217;affichage, d\u00e9tecter les plugins de navigateur non pris en charge,&#8230;","protected":false},"author":10409641,"featured_media":3433,"parent":0,"menu_order":0,"comment_status":"closed","ping_status":"closed","template":"pages-templates\/pages-minitools-3.php","meta":[],"categories":[74],"tags":[],"_links":{"self":[{"href":"https:\/\/sitechecker.pro\/fr\/wp-json\/wp\/v2\/pages\/1148"}],"collection":[{"href":"https:\/\/sitechecker.pro\/fr\/wp-json\/wp\/v2\/pages"}],"about":[{"href":"https:\/\/sitechecker.pro\/fr\/wp-json\/wp\/v2\/types\/page"}],"author":[{"embeddable":true,"href":"https:\/\/sitechecker.pro\/fr\/wp-json\/wp\/v2\/users\/10409641"}],"replies":[{"embeddable":true,"href":"https:\/\/sitechecker.pro\/fr\/wp-json\/wp\/v2\/comments?post=1148"}],"version-history":[{"count":55,"href":"https:\/\/sitechecker.pro\/fr\/wp-json\/wp\/v2\/pages\/1148\/revisions"}],"predecessor-version":[{"id":35299,"href":"https:\/\/sitechecker.pro\/fr\/wp-json\/wp\/v2\/pages\/1148\/revisions\/35299"}],"wp:featuredmedia":[{"embeddable":true,"href":"https:\/\/sitechecker.pro\/fr\/wp-json\/wp\/v2\/media\/3433"}],"wp:attachment":[{"href":"https:\/\/sitechecker.pro\/fr\/wp-json\/wp\/v2\/media?parent=1148"}],"wp:term":[{"taxonomy":"category","embeddable":true,"href":"https:\/\/sitechecker.pro\/fr\/wp-json\/wp\/v2\/categories?post=1148"},{"taxonomy":"post_tag","embeddable":true,"href":"https:\/\/sitechecker.pro\/fr\/wp-json\/wp\/v2\/tags?post=1148"}],"curies":[{"name":"wp","href":"https:\/\/api.w.org\/{rel}","templated":true}]}}