{"id":1138,"date":"2018-01-10T08:14:39","date_gmt":"2018-01-10T08:14:39","guid":{"rendered":"https:\/\/sitechecker.pro\/?page_id=1138"},"modified":"2025-08-06T22:13:08","modified_gmt":"2025-08-06T22:13:08","slug":"what-is-favicon","status":"publish","type":"page","link":"https:\/\/sitechecker.pro\/fr\/what-is-favicon\/","title":{"rendered":"V\u00e9rificateur de Favicon \u2013 Testez votre ic\u00f4ne en ligne!"},"content":{"rendered":"<p><\/p>\n<h2 id=\"par1\">Qu&#8217;est-ce que V\u00e9rificateur de Favicon\u00a0?<\/h2>\n<p>L&#8217;outil Website Favicon Checker de <a href=\"https:\/\/sitechecker.pro\/\" target=\"_blank\" rel=\"noopener noreferrer\">Sitechecker<\/a> vous aide \u00e0 tester et \u00e0 surveiller le favicon d&#8217;un site Web, en garantissant la pr\u00e9sence et le bon fonctionnement du fichier favicon.ico, en suivant les probl\u00e8mes li\u00e9s au favicon et en identifiant les probl\u00e8mes d&#8217;image du site, avec la possibilit\u00e9 d&#8217;une surveillance d\u00e9taill\u00e9e ou de rapports instantan\u00e9s en fonction du type d&#8217;audit s\u00e9lectionn\u00e9.<\/p>\n<h3>Comment l&#8217;outil peut vous aider<\/h3>\n<p><strong>V\u00e9rification du fichier Favicon.ico\u00a0:<\/strong>v\u00e9rifie la pr\u00e9sence et la configuration appropri\u00e9e du fichier favicon.ico pour un site Web.<\/p>\n<p><strong>Surveillance des probl\u00e8mes de favicon\u00a0:<\/strong>suit et identifie en permanence les probl\u00e8mes li\u00e9s \u00e0 l&#8217;image du navigateur du site pour garantir son bon fonctionnement sur tous les navigateurs.<\/p>\n<p><strong>Analyse des probl\u00e8mes d&#8217;image du site\u00a0: <\/strong>d\u00e9tecte et surveille les probl\u00e8mes plus larges li\u00e9s \u00e0 l&#8217;image du site, offrant des informations pour l&#8217;optimisation et le d\u00e9pannage.<\/p>\n<h3>Principales fonctionnalit\u00e9s de l&#8217;outil<\/h3>\n<p><strong>Tableau de bord unifi\u00e9\u00a0: <\/strong>plate-forme centralis\u00e9e pour surveiller et analyser les indicateurs de performance du site Web.<\/p>\n<p><strong>Interface conviviale\u00a0: <\/strong>conception intuitive pour les utilisateurs de tous niveaux de comp\u00e9tence, rendant les outils et les informations facilement accessibles.<\/p>\n<p><strong>Ensemble complet d&#8217;outils SEO\u00a0: <\/strong>comprend des audits SEO sur la page, une surveillance du classement et une d\u00e9tection des probl\u00e8mes en temps r\u00e9el pour am\u00e9liorer l&#8217;optimisation du site Web.<\/p>\n<h2 id=\"par2\">Comment utiliser l&#8217;outil<\/h2>\n<p>Ce s\u00e9lecteur vous permet de choisir une option d&#8217;audit pour tester les favicons. Vous pouvez soit tester le favicon pour votre propre site avec une surveillance d\u00e9taill\u00e9e et un suivi des probl\u00e8mes (n\u00e9cessite un compte gratuit) ou effectuer une v\u00e9rification rapide du favicon pour un autre site afin de g\u00e9n\u00e9rer un rapport instantan\u00e9.<\/p>\n<h2 id=\"par3\">Le test de votre propre domaine<\/h2>\n<p>En s\u00e9lectionnant le test de votre propre domaine, vous pouvez effectuer un audit d\u00e9taill\u00e9 qui comprend la v\u00e9rification du fichier favicon.ico, la surveillance des probl\u00e8mes de favicon, l&#8217;identification des probl\u00e8mes d&#8217;image du site et la r\u00e9ception d&#8217;un suivi continu des probl\u00e8mes.<\/p>\n<h3>\u00c9tape 1\u00a0: Choisissez l&#8217;option \u00ab\u00a0votre site\u00a0\u00bb<\/h3>\n<div class=\"content__img-wrap\"><img src=\"https:\/\/sitechecker.pro\/wp-content\/uploads\/2025\/01\/test-favicon-for-your-site.png\" alt=\"Tester Favicon pour votre site\" class=\"description-img description-img-zoom\" loading=\"lazy\" ><\/div>\n<div class=\"important-block\"><\/div>\n<h3>\u00c9tape 2\u00a0:\u00a0Obtenez les r\u00e9sultats<\/h3>\n<p>La v\u00e9rification de l&#8217;ic\u00f4ne d&#8217;onglet fournit des informations sur la disponibilit\u00e9, la configuration appropri\u00e9e et l&#8217;affichage de l&#8217;ic\u00f4ne du navigateur de votre site, garantissant son bon fonctionnement et mettant en \u00e9vidence les probl\u00e8mes associ\u00e9s pour une r\u00e9solution rapide.<\/p>\n<div class=\"content__img-wrap\"><img src=\"https:\/\/sitechecker.pro\/wp-content\/uploads\/2025\/01\/favicon-availability.png\" alt=\"V\u00e9rifier la disponibilit\u00e9 des favicons\" class=\"description-img description-img-zoom\" loading=\"lazy\" ><\/div>\n<h3>Fonctionnalit\u00e9s suppl\u00e9mentaires<\/h3>\n<p>La v\u00e9rification de l&#8217;ic\u00f4ne du navigateur fournit des informations suppl\u00e9mentaires sur les mesures SEO critiques, notamment la sant\u00e9 globale du site Web, la r\u00e9partition des probl\u00e8mes cat\u00e9goris\u00e9s (par exemple, la pertinence du contenu, les liens, l&#8217;indexabilit\u00e9) et le nombre de pages affect\u00e9es, ce qui permet de hi\u00e9rarchiser et de r\u00e9soudre efficacement les t\u00e2ches d&#8217;optimisation \u00e0 l&#8217;\u00e9chelle du site.<\/p>\n<div class=\"content__img-wrap\"><img src=\"https:\/\/sitechecker.pro\/wp-content\/uploads\/2025\/01\/site-audit-issues-list-1.png\" alt=\"Liste des probl\u00e8mes d'audit de site\" class=\"description-img description-img-zoom\" loading=\"lazy\" ><\/div>\n<h2 id=\"par4\">Test d&#8217;un autre favicon de site Web<\/h2>\n<p>Cette option vous permet de tester rapidement l&#8217;ic\u00f4ne du site Web d&#8217;un autre site. Elle fournit un rapport instantan\u00e9 v\u00e9rifiant la pr\u00e9sence et la configuration appropri\u00e9e du fichier image.ico.<\/p>\n<h3>\u00c9tape 1\u00a0: Choisissez l&#8217;option permettant de tester un autre site Web<\/h3>\n<div class=\"content__img-wrap\"><img src=\"https:\/\/sitechecker.pro\/wp-content\/uploads\/2025\/01\/test-favicon-for-another-site.png\" alt=\"Tester Favicon pour un autre site\" class=\"description-img description-img-zoom\" loading=\"lazy\" ><\/div>\n<h3>\u00c9tape 2\u00a0: Obtenir les r\u00e9sultats<\/h3>\n<p>La v\u00e9rification des ic\u00f4nes de site Web fournit des informations sur la pr\u00e9sence ou non d&#8217;un ensemble d&#8217;ic\u00f4nes de fichiers sur le site Web, garantissant ainsi une image de marque et une visibilit\u00e9 appropri\u00e9es dans les onglets et les signets du navigateur.<\/p>\n<div class=\"content__img-wrap\"><img src=\"https:\/\/sitechecker.pro\/wp-content\/uploads\/2025\/01\/on-page-seo-checker-favicon.png\" alt=\"On Page SEO Checker Favicon\" class=\"description-img description-img-zoom\" loading=\"lazy\" ><\/div>\n<h3>Fonctionnalit\u00e9s suppl\u00e9mentaires<\/h3>\n<p>Acc\u00e9dez \u00e0 des informations d\u00e9taill\u00e9es via la section Navigation de page, notamment l&#8217;optimisation du contenu, les donn\u00e9es structur\u00e9es, les performances des images, l&#8217;optimisation de la recherche, l&#8217;analyse des liens et les informations sur PageSpeed, pour identifier et r\u00e9soudre efficacement les probl\u00e8mes cl\u00e9s.<\/p>\n<div class=\"content__img-wrap\"><img src=\"https:\/\/sitechecker.pro\/wp-content\/uploads\/2025\/01\/issues-overview-2.png\" alt=\"Pr\u00e9sentation des probl\u00e8mes\" class=\"description-img description-img-zoom\" loading=\"lazy\" ><\/div>\n<h2 id=\"par5\">Id\u00e9e finale<\/h2>\n<p>Le Favicon Checker est un outil essentiel pour l&#8217;optimisation des sites Web, garantissant une configuration appropri\u00e9e des favicons et une fonctionnalit\u00e9 transparente sur tous les navigateurs. Il fournit une surveillance compl\u00e8te et des rapports instantan\u00e9s, permettant aux utilisateurs d&#8217;identifier et de r\u00e9soudre efficacement les probl\u00e8mes li\u00e9s aux favicons. Gr\u00e2ce \u00e0 des informations suppl\u00e9mentaires sur les mesures SEO, la sant\u00e9 du site Web et les t\u00e2ches d&#8217;optimisation, l&#8217;outil prend en charge l&#8217;am\u00e9lioration de la marque et de l&#8217;exp\u00e9rience utilisateur. Qu&#8217;il s&#8217;agisse de r\u00e9aliser un audit d\u00e9taill\u00e9 de votre site ou d&#8217;en tester rapidement un autre, Favicon Checker offre une solution conviviale et puissante pour maintenir des performances et une visibilit\u00e9 optimales du site Web.<\/p>\n<div id=\"par6\"><\/div>\n<p><div class=\"front__faq-block\"><div class=\"faq__block-title\">FAQ<\/div><div class=\"panel-group\" id=\"faq-accordion\" itemscope itemtype=\"https:\/\/schema.org\/FAQPage\" role=\"tablist\" aria-multiselectable=\"true\"><div class=\"panel\" itemscope itemtype=\"https:\/\/schema.org\/Question\" itemprop=\"mainEntity\">\n                            <div class=\"panel-heading\" id=\"headingFaq-1\">\n                                <div class=\"panel-title\" data-toggle=\"collapse\" aria-expanded=\"false\" href=\"#collapseFaq-1\">\n                                    <h3 itemprop=\"name\">Le Favicon Finder peut-il suivre les performances des ic\u00f4nes d'onglets au fil du temps ?<\/h3>\n                                <\/div>\n                            <\/div>\n                            <div id=\"collapseFaq-1\" class=\"panel-collapse collapse\" itemprop=\"acceptedAnswer\" itemscope itemtype=\"http:\/\/schema.org\/Answer\">\n                                <div class=\"panel-body\" itemprop=\"text\">Oui, la recherche de Favicon fournit une surveillance continue pour garantir des performances coh\u00e9rentes et d\u00e9tecter les probl\u00e8mes \u00e0 mesure qu'ils surviennent.<\/div>\n                            <\/div>\n                        <\/div><div class=\"panel\" itemscope itemtype=\"https:\/\/schema.org\/Question\" itemprop=\"mainEntity\">\n                            <div class=\"panel-heading\" id=\"headingFaq-2\">\n                                <div class=\"panel-title\" data-toggle=\"collapse\" aria-expanded=\"false\" href=\"#collapseFaq-2\">\n                                    <h3 itemprop=\"name\">L'outil prend-il en charge le test des ic\u00f4nes d'onglets sur les navigateurs mobiles ?<\/h3>\n                                <\/div>\n                            <\/div>\n                            <div id=\"collapseFaq-2\" class=\"panel-collapse collapse\" itemprop=\"acceptedAnswer\" itemscope itemtype=\"http:\/\/schema.org\/Answer\">\n                                <div class=\"panel-body\" itemprop=\"text\">Oui, le Favicon Checker garantit que votre ic\u00f4ne d'onglet s'affiche correctement sur diff\u00e9rents navigateurs, y compris les mobiles.<\/div>\n                            <\/div>\n                        <\/div><div class=\"panel\" itemscope itemtype=\"https:\/\/schema.org\/Question\" itemprop=\"mainEntity\">\n                            <div class=\"panel-heading\" id=\"headingFaq-3\">\n                                <div class=\"panel-title\" data-toggle=\"collapse\" aria-expanded=\"false\" href=\"#collapseFaq-3\">\n                                    <h3 itemprop=\"name\">Quelles fonctionnalit\u00e9s SEO suppl\u00e9mentaires l'outil offre-t-il ?<\/h3>\n                                <\/div>\n                            <\/div>\n                            <div id=\"collapseFaq-3\" class=\"panel-collapse collapse\" itemprop=\"acceptedAnswer\" itemscope itemtype=\"http:\/\/schema.org\/Answer\">\n                                <div class=\"panel-body\" itemprop=\"text\">L'outil comprend des audits SEO sur la page, la surveillance du classement, la d\u00e9tection des probl\u00e8mes et des informations d\u00e9taill\u00e9es sur la sant\u00e9 et les performances du site.<\/div>\n                            <\/div>\n                        <\/div><div class=\"panel\" itemscope itemtype=\"https:\/\/schema.org\/Question\" itemprop=\"mainEntity\">\n                            <div class=\"panel-heading\" id=\"headingFaq-4\">\n                                <div class=\"panel-title\" data-toggle=\"collapse\" aria-expanded=\"false\" href=\"#collapseFaq-4\">\n                                    <h3 itemprop=\"name\">Puis-je utiliser l'outil pour analyser les performances globales de l'image sur mon site ?<\/h3>\n                                <\/div>\n                            <\/div>\n                            <div id=\"collapseFaq-4\" class=\"panel-collapse collapse\" itemprop=\"acceptedAnswer\" itemscope itemtype=\"http:\/\/schema.org\/Answer\">\n                                <div class=\"panel-body\" itemprop=\"text\">Oui, l'outil permet de d\u00e9tecter et de surveiller des probl\u00e8mes plus larges li\u00e9s \u00e0 l'image sur votre site Web pour optimiser les performances visuelles.<\/div>\n                            <\/div>\n                        <\/div><div class=\"panel\" itemscope itemtype=\"https:\/\/schema.org\/Question\" itemprop=\"mainEntity\">\n                            <div class=\"panel-heading\" id=\"headingFaq-5\">\n                                <div class=\"panel-title\" data-toggle=\"collapse\" aria-expanded=\"false\" href=\"#collapseFaq-5\">\n                                    <h3 itemprop=\"name\">Quelles informations la v\u00e9rification de l'image du site du navigateur fournit-elle pour un autre site Web ?<\/h3>\n                                <\/div>\n                            <\/div>\n                            <div id=\"collapseFaq-5\" class=\"panel-collapse collapse\" itemprop=\"acceptedAnswer\" itemscope itemtype=\"http:\/\/schema.org\/Answer\">\n                                <div class=\"panel-body\" itemprop=\"text\">L'outil v\u00e9rifie la pr\u00e9sence et la configuration appropri\u00e9e du fichier favicon.ico, garantissant ainsi une image de marque et une visibilit\u00e9 appropri\u00e9es dans les onglets et les signets du navigateur.<\/div>\n                            <\/div>\n                        <\/div><\/div><\/div><\/p>","protected":false},"excerpt":{"rendered":"Qu&#8217;est-ce que V\u00e9rificateur de Favicon\u00a0? L&#8217;outil Website Favicon Checker de Sitechecker vous aide \u00e0 tester et \u00e0 surveiller le favicon d&#8217;un site Web, en garantissant la pr\u00e9sence et le bon fonctionnement du fichier favicon.ico, en suivant les probl\u00e8mes li\u00e9s au favicon et en identifiant les probl\u00e8mes d&#8217;image du site, avec la possibilit\u00e9 d&#8217;une surveillance d\u00e9taill\u00e9e&#8230;","protected":false},"author":10409641,"featured_media":3424,"parent":0,"menu_order":0,"comment_status":"closed","ping_status":"closed","template":"pages-templates\/pages-minitools-3.php","meta":[],"categories":[73],"tags":[],"_links":{"self":[{"href":"https:\/\/sitechecker.pro\/fr\/wp-json\/wp\/v2\/pages\/1138"}],"collection":[{"href":"https:\/\/sitechecker.pro\/fr\/wp-json\/wp\/v2\/pages"}],"about":[{"href":"https:\/\/sitechecker.pro\/fr\/wp-json\/wp\/v2\/types\/page"}],"author":[{"embeddable":true,"href":"https:\/\/sitechecker.pro\/fr\/wp-json\/wp\/v2\/users\/10409641"}],"replies":[{"embeddable":true,"href":"https:\/\/sitechecker.pro\/fr\/wp-json\/wp\/v2\/comments?post=1138"}],"version-history":[{"count":97,"href":"https:\/\/sitechecker.pro\/fr\/wp-json\/wp\/v2\/pages\/1138\/revisions"}],"predecessor-version":[{"id":38147,"href":"https:\/\/sitechecker.pro\/fr\/wp-json\/wp\/v2\/pages\/1138\/revisions\/38147"}],"wp:featuredmedia":[{"embeddable":true,"href":"https:\/\/sitechecker.pro\/fr\/wp-json\/wp\/v2\/media\/3424"}],"wp:attachment":[{"href":"https:\/\/sitechecker.pro\/fr\/wp-json\/wp\/v2\/media?parent=1138"}],"wp:term":[{"taxonomy":"category","embeddable":true,"href":"https:\/\/sitechecker.pro\/fr\/wp-json\/wp\/v2\/categories?post=1138"},{"taxonomy":"post_tag","embeddable":true,"href":"https:\/\/sitechecker.pro\/fr\/wp-json\/wp\/v2\/tags?post=1138"}],"curies":[{"name":"wp","href":"https:\/\/api.w.org\/{rel}","templated":true}]}}