{"id":1133,"date":"2020-07-08T14:32:58","date_gmt":"2020-07-08T12:32:58","guid":{"rendered":"https:\/\/sitechecker.pro\/?page_id=1133"},"modified":"2026-02-16T17:01:21","modified_gmt":"2026-02-16T17:01:21","slug":"page-size","status":"publish","type":"page","link":"https:\/\/sitechecker.pro\/fr\/page-size\/","title":{"rendered":"V\u00e9rificateur de taille de page Web\u00a0: testez la page de site Web HTML pour la taille en kilo-octets \u1408"},"content":{"rendered":"<p><\/p>\n<h2 id=\"par1\">Qu&#8217;est-ce que le v\u00e9rificateur de taille de page\u00a0?<\/h2>\n<p>Le v\u00e9rificateur de taille de page de <a href=\"https:\/\/sitechecker.pro\/\" target=\"_blank\" rel=\"noopener noreferrer\">Sitechecker<\/a> est un outil qui analyse la taille des pages Web en m\u00e9gaoctets pour aider \u00e0 optimiser les performances. Il propose deux options d&#8217;audit\u00a0: une v\u00e9rification rapide de la taille d&#8217;une seule page et une analyse compl\u00e8te de toutes les URL de sites Web, en identifiant les pages surdimensionn\u00e9es, les probl\u00e8mes li\u00e9s \u00e0 la taille et la surveillance continue.<\/p>\n<h3>Comment l&#8217;outil peut vous aider<\/h3>\n<p><strong>Identifie le contenu surdimensionn\u00e9\u00a0: <\/strong>analyse les tailles de page et met en \u00e9vidence les fichiers volumineux qui ralentissent les temps de chargement.<\/p>\n<p><strong>Optimise les dimensions du contenu\u00a0: <\/strong>assure que les URL restent dans les limites de taille id\u00e9ales pour une meilleure indexation et un meilleur classement des moteurs de recherche.<\/p>\n<p><strong>Surveille les tailles de page\u00a0: <\/strong>suivra les variations au fil du temps, aidant \u00e0 d\u00e9tecter et \u00e0 g\u00e9rer les tailles croissantes avant qu&#8217;elles n&#8217;aient un impact sur les performances.<\/p>\n<h3>Principales fonctionnalit\u00e9s de l&#8217;outil<\/h3>\n<p><strong>Tableau de bord unifi\u00e9\u00a0:<\/strong>fournit un hub centralis\u00e9 pour le suivi des performances du site Web et des probl\u00e8mes de r\u00e9f\u00e9rencement en un seul endroit.<\/p>\n<p><strong>Interface conviviale\u00a0:<\/strong>con\u00e7ue pour une utilisation facile avec une navigation intuitive, rendant l&#8217;analyse du site Web accessible \u00e0 tous les utilisateurs.<\/p>\n<p><strong>Ensemble complet d&#8217;outils de r\u00e9f\u00e9rencement\u00a0:<\/strong>offre une gamme compl\u00e8te d&#8217;outils pour l&#8217;analyse SEO, les audits de site, le suivi des classements et l&#8217;optimisation continue.<\/p>\n<h2 id=\"par2\">Comment utiliser l&#8217;outil<\/h2>\n<p>Pour utiliser le v\u00e9rificateur de poids de page, choisissez simplement une option d&#8217;audit en fonction de vos besoins. S\u00e9lectionnez \u00ab\u00a0Test de la taille de la page\u00a0\u00bb pour une v\u00e9rification instantan\u00e9e de la taille d&#8217;une seule page, ou \u00ab\u00a0Test de la taille de toutes les pages\u00a0\u00bb pour une analyse compl\u00e8te du site Web. Apr\u00e8s avoir s\u00e9lectionn\u00e9 votre option pr\u00e9f\u00e9r\u00e9e, cliquez sur \u00ab\u00a0D\u00e9marrer l&#8217;audit\u00a0\u00bb pour g\u00e9n\u00e9rer le rapport et identifier les probl\u00e8mes li\u00e9s \u00e0 la taille.<\/p>\n<h2 id=\"par3\">V\u00e9rificateur de taille de page de toutes les URL de sites Web<\/h2>\n<h3>\u00c9tape 1\u00a0:\u00a0Ins\u00e9rez l&#8217;adresse URL de votre domaine et choisissez l&#8217;option Toutes les pages<\/h3>\n<div class=\"content__img-wrap\"><img src=\"https:\/\/sitechecker.pro\/wp-content\/uploads\/2025\/02\/test-page-sizes-all-pages.png\" alt=\"Test Page Sizes All Pages\" class=\"description-img description-img-zoom\" loading=\"lazy\" ><\/div>\n<div class=\"important-block\">Pour recevoir les r\u00e9sultats et acc\u00e9der aux fonctionnalit\u00e9s de Sitechecker pendant 14 jours, d\u00e9marrez votre essai GRATUIT. L'inscription est facile avec votre e-mail, votre compte Google ou Facebook. Aucune carte de cr\u00e9dit n'est n\u00e9cessaire.<\/div>\n<h3>\u00c9tape 2\u00a0:\u00a0Obtenez les r\u00e9sultats<\/h3>\n<p>Identifiez les URL surdimensionn\u00e9es qui peuvent ralentir votre site Web, avoir un impact sur les classements SEO et r\u00e9duire les conversions. Obtenez une analyse d\u00e9taill\u00e9e des poids, des pages affect\u00e9es et des recommandations d&#8217;optimisation pour am\u00e9liorer les performances.<\/p>\n<div class=\"content__img-wrap\"><img src=\"https:\/\/sitechecker.pro\/wp-content\/uploads\/2025\/02\/check-page-size-issues.png\" alt=\"V\u00e9rifier les probl\u00e8mes de taille de page\" class=\"description-img description-img-zoom\" loading=\"lazy\" ><\/div>\n<h3>Fonctionnalit\u00e9s suppl\u00e9mentaires<\/h3>\n<p>Obtenez des informations plus approfondies au-del\u00e0 de la taille de la page, notamment sur les probl\u00e8mes critiques de r\u00e9f\u00e9rencement, les performances de vitesse, l&#8217;\u00e9tat d&#8217;indexation et l&#8217;\u00e9tat des liens. Identifiez les URL affect\u00e9es, cat\u00e9gorisez les probl\u00e8mes et acc\u00e9dez \u00e0 des rapports d\u00e9taill\u00e9s avec des recommandations d&#8217;optimisation pour am\u00e9liorer l&#8217;efficacit\u00e9 du site Web.<\/p>\n<div class=\"content__img-wrap\"><img src=\"https:\/\/sitechecker.pro\/wp-content\/uploads\/2025\/02\/site-audit-issues-2.png\" alt=\"Probl\u00e8mes d'audit de site\" class=\"description-img description-img-zoom\" loading=\"lazy\" ><\/div>\n<h2 id=\"par4\">V\u00e9rificateur de taille de page Web<\/h2>\n<h3>\u00c9tape 1\u00a0:\u00a0Ins\u00e9rez l&#8217;adresse URL de la page et cliquez sur \u00ab\u00a0D\u00e9marrer l&#8217;audit\u00a0\u00bb<\/h3>\n<div class=\"content__img-wrap\"><img src=\"https:\/\/sitechecker.pro\/wp-content\/uploads\/2025\/02\/test-page-size.png\" alt=\"Test de la taille de la page\" class=\"description-img description-img-zoom\" loading=\"lazy\" ><\/div>\n<h3>\u00c9tape 2\u00a0:\u00a0Obtenez les r\u00e9sultats<\/h3>\n<p>Obtenez des informations instantan\u00e9es sur le poids de votre URL, notamment le poids total en Mo, le code d&#8217;\u00e9tat, l&#8217;indexabilit\u00e9 et l&#8217;impact sur les performances. Identifiez les URL surdimensionn\u00e9es qui peuvent affecter la vitesse de chargement et le r\u00e9f\u00e9rencement, garantissant ainsi une efficacit\u00e9 optimale du site Web.<\/p>\n<div class=\"content__img-wrap\"><img src=\"https:\/\/sitechecker.pro\/wp-content\/uploads\/2025\/02\/on-page-seo-checker-page-size.png\" alt=\"On Page SEO Checker Page Size\" class=\"description-img description-img-zoom\" loading=\"lazy\" ><\/div>\n<p>Exploitez tout le potentiel de l&#8217;outil dans la section Audit de site. Essayez la d\u00e9mo pour voir comment il d\u00e9tecte les probl\u00e8mes critiques de r\u00e9f\u00e9rencement, am\u00e9liore les performances du site Web et rationalise l&#8217;optimisation technique.<\/p>\n<div class=\"content__img-wrap\"><img src=\"https:\/\/sitechecker.pro\/wp-content\/uploads\/2025\/02\/site-audit-2.png\" alt=\"Audit de site\" class=\"description-img description-img-zoom\" loading=\"lazy\" ><\/div>\n<h3>Fonctionnalit\u00e9s suppl\u00e9mentaires de la v\u00e9rification de la taille de la page<\/h3>\n<p>Obtenez une analyse compl\u00e8te de la page Web, y compris des informations sur la vitesse, des avertissements SEO, l&#8217;optimisation du contenu et l&#8217;\u00e9tat d&#8217;indexation. Identifiez les temps de chargement lents, les liens rompus et les probl\u00e8mes d&#8217;indexation. Le panneau de navigation rationalise les correctifs SEO, am\u00e9liore la vitesse, optimise le contenu et am\u00e9liore les images avec des recommandations exploitables.<\/p>\n<div class=\"content__img-wrap\"><img src=\"https:\/\/sitechecker.pro\/wp-content\/uploads\/2025\/02\/issues-overview-2.png\" alt=\"Aper\u00e7u des probl\u00e8mes\" class=\"description-img description-img-zoom\" loading=\"lazy\" ><\/div>\n<h2 id=\"par5\">Id\u00e9e finale<\/h2>\n<p>Le v\u00e9rificateur de taille de site Web en ligne permet d&#8217;analyser les tailles des pages Web pour optimiser les performances et le r\u00e9f\u00e9rencement. Il propose des v\u00e9rifications rapides des URL individuelles et des audits complets du site pour identifier les pages surdimensionn\u00e9es et les probl\u00e8mes associ\u00e9s. L&#8217;outil suit les variations de poids, garantit une indexation optimale et fournit des recommandations pratiques pour l&#8217;am\u00e9lioration. Avec un tableau de bord unifi\u00e9, une interface conviviale et un ensemble complet d&#8217;outils de r\u00e9f\u00e9rencement, il simplifie l&#8217;analyse des sites Web. Les fonctionnalit\u00e9s suppl\u00e9mentaires incluent des informations essentielles sur le r\u00e9f\u00e9rencement, l&#8217;\u00e9valuation des performances de vitesse et la surveillance de l&#8217;\u00e9tat d&#8217;indexation.<\/p>\n<div id=\"par6\"><\/div>\n<p><div class=\"front__faq-block\"><div class=\"faq__block-title\">FAQ<\/div><div class=\"panel-group\" id=\"faq-accordion\" itemscope itemtype=\"https:\/\/schema.org\/FAQPage\" role=\"tablist\" aria-multiselectable=\"true\"><div class=\"panel\" itemscope itemtype=\"https:\/\/schema.org\/Question\" itemprop=\"mainEntity\">\n                            <div class=\"panel-heading\" id=\"headingFaq-1\">\n                                <div class=\"panel-title\" data-toggle=\"collapse\" aria-expanded=\"false\" href=\"#collapseFaq-1\">\n                                    <h3 itemprop=\"name\">Quelle est la diff\u00e9rence entre la v\u00e9rification de la taille d'une seule URL et l'audit de toutes les pages ?<\/h3>\n                                <\/div>\n                            <\/div>\n                            <div id=\"collapseFaq-1\" class=\"panel-collapse collapse\" itemprop=\"acceptedAnswer\" itemscope itemtype=\"http:\/\/schema.org\/Answer\">\n                                <div class=\"panel-body\" itemprop=\"text\">La v\u00e9rification d'une seule URL fournit des informations instantan\u00e9es sur le poids, tandis qu'un audit complet du site Web d\u00e9tecte le contenu surdimensionn\u00e9 et les probl\u00e8mes de performances.<\/div>\n                            <\/div>\n                        <\/div><div class=\"panel\" itemscope itemtype=\"https:\/\/schema.org\/Question\" itemprop=\"mainEntity\">\n                            <div class=\"panel-heading\" id=\"headingFaq-2\">\n                                <div class=\"panel-title\" data-toggle=\"collapse\" aria-expanded=\"false\" href=\"#collapseFaq-2\">\n                                    <h3 itemprop=\"name\">Le d\u00e9tecteur de taille de page prend-il en charge la surveillance continue ?<\/h3>\n                                <\/div>\n                            <\/div>\n                            <div id=\"collapseFaq-2\" class=\"panel-collapse collapse\" itemprop=\"acceptedAnswer\" itemscope itemtype=\"http:\/\/schema.org\/Answer\">\n                                <div class=\"panel-body\" itemprop=\"text\">Oui, l'outil suit les changements de poids des pages au fil du temps, aidant \u00e0 d\u00e9tecter et \u00e0 g\u00e9rer les augmentations avant qu'elles n'affectent les performances.<\/div>\n                            <\/div>\n                        <\/div><div class=\"panel\" itemscope itemtype=\"https:\/\/schema.org\/Question\" itemprop=\"mainEntity\">\n                            <div class=\"panel-heading\" id=\"headingFaq-3\">\n                                <div class=\"panel-title\" data-toggle=\"collapse\" aria-expanded=\"false\" href=\"#collapseFaq-3\">\n                                    <h3 itemprop=\"name\">Existe-t-il un moyen d'automatiser les audits de sites Web ?<\/h3>\n                                <\/div>\n                            <\/div>\n                            <div id=\"collapseFaq-3\" class=\"panel-collapse collapse\" itemprop=\"acceptedAnswer\" itemscope itemtype=\"http:\/\/schema.org\/Answer\">\n                                <div class=\"panel-body\" itemprop=\"text\">Oui, Sitechecker propose une exploration programm\u00e9e et une surveillance automatique pour suivre les changements de r\u00e9f\u00e9rencement et de performances.<\/div>\n                            <\/div>\n                        <\/div><div class=\"panel\" itemscope itemtype=\"https:\/\/schema.org\/Question\" itemprop=\"mainEntity\">\n                            <div class=\"panel-heading\" id=\"headingFaq-4\">\n                                <div class=\"panel-title\" data-toggle=\"collapse\" aria-expanded=\"false\" href=\"#collapseFaq-4\">\n                                    <h3 itemprop=\"name\">Que se passe-t-il si la taille de ma page est trop grande ?<\/h3>\n                                <\/div>\n                            <\/div>\n                            <div id=\"collapseFaq-4\" class=\"panel-collapse collapse\" itemprop=\"acceptedAnswer\" itemscope itemtype=\"http:\/\/schema.org\/Answer\">\n                                <div class=\"panel-body\" itemprop=\"text\">L'outil fournit des recommandations telles que la compression des images, la minimisation du code et l'optimisation des ressources pour r\u00e9duire le poids et am\u00e9liorer les performances.<\/div>\n                            <\/div>\n                        <\/div><div class=\"panel\" itemscope itemtype=\"https:\/\/schema.org\/Question\" itemprop=\"mainEntity\">\n                            <div class=\"panel-heading\" id=\"headingFaq-5\">\n                                <div class=\"panel-title\" data-toggle=\"collapse\" aria-expanded=\"false\" href=\"#collapseFaq-5\">\n                                    <h3 itemprop=\"name\">L'outil fournit-il des recommandations pour r\u00e9soudre les probl\u00e8mes d\u00e9tect\u00e9s ?<\/h3>\n                                <\/div>\n                            <\/div>\n                            <div id=\"collapseFaq-5\" class=\"panel-collapse collapse\" itemprop=\"acceptedAnswer\" itemscope itemtype=\"http:\/\/schema.org\/Answer\">\n                                <div class=\"panel-body\" itemprop=\"text\">Oui, chaque probl\u00e8me identifi\u00e9 est accompagn\u00e9 de correctifs exploitables pour optimiser les performances du site Web et le r\u00e9f\u00e9rencement.<\/div>\n                            <\/div>\n                        <\/div><\/div><\/div><\/p>","protected":false},"excerpt":{"rendered":"Qu&#8217;est-ce que le v\u00e9rificateur de taille de page\u00a0? Le v\u00e9rificateur de taille de page de Sitechecker est un outil qui analyse la taille des pages Web en m\u00e9gaoctets pour aider \u00e0 optimiser les performances. Il propose deux options d&#8217;audit\u00a0: une v\u00e9rification rapide de la taille d&#8217;une seule page et une analyse compl\u00e8te de toutes les&#8230;","protected":false},"author":10409641,"featured_media":3353,"parent":0,"menu_order":0,"comment_status":"closed","ping_status":"closed","template":"pages-templates\/pages-minitools-3.php","meta":[],"categories":[74],"tags":[],"_links":{"self":[{"href":"https:\/\/sitechecker.pro\/fr\/wp-json\/wp\/v2\/pages\/1133"}],"collection":[{"href":"https:\/\/sitechecker.pro\/fr\/wp-json\/wp\/v2\/pages"}],"about":[{"href":"https:\/\/sitechecker.pro\/fr\/wp-json\/wp\/v2\/types\/page"}],"author":[{"embeddable":true,"href":"https:\/\/sitechecker.pro\/fr\/wp-json\/wp\/v2\/users\/10409641"}],"replies":[{"embeddable":true,"href":"https:\/\/sitechecker.pro\/fr\/wp-json\/wp\/v2\/comments?post=1133"}],"version-history":[{"count":92,"href":"https:\/\/sitechecker.pro\/fr\/wp-json\/wp\/v2\/pages\/1133\/revisions"}],"predecessor-version":[{"id":39296,"href":"https:\/\/sitechecker.pro\/fr\/wp-json\/wp\/v2\/pages\/1133\/revisions\/39296"}],"wp:featuredmedia":[{"embeddable":true,"href":"https:\/\/sitechecker.pro\/fr\/wp-json\/wp\/v2\/media\/3353"}],"wp:attachment":[{"href":"https:\/\/sitechecker.pro\/fr\/wp-json\/wp\/v2\/media?parent=1133"}],"wp:term":[{"taxonomy":"category","embeddable":true,"href":"https:\/\/sitechecker.pro\/fr\/wp-json\/wp\/v2\/categories?post=1133"},{"taxonomy":"post_tag","embeddable":true,"href":"https:\/\/sitechecker.pro\/fr\/wp-json\/wp\/v2\/tags?post=1133"}],"curies":[{"name":"wp","href":"https:\/\/api.w.org\/{rel}","templated":true}]}}