{"id":11266,"date":"2021-01-04T18:17:45","date_gmt":"2021-01-04T16:17:45","guid":{"rendered":"https:\/\/sitechecker.pro\/?page_id=11266"},"modified":"2024-10-03T13:51:23","modified_gmt":"2024-10-03T13:51:23","slug":"game-hosting","status":"publish","type":"page","link":"https:\/\/sitechecker.pro\/fr\/web-hosting\/game-hosting\/","title":{"rendered":"Les Meilleurs services d&#8217;H\u00e9bergement de Serveurs de Jeux | Sitechecker"},"content":{"rendered":"<p><span style=\"font-weight: 400;\">Qu&#8217;est-ce qu&#8217;un serveur d\u00e9di\u00e9 en mati\u00e8re de jeu et pourquoi est-il important aujourd&#8217;hui\u00a0? L&#8217;h\u00e9bergement de jeux consiste essentiellement en un VPS ou un h\u00e9bergement d\u00e9di\u00e9. Mais ce dernier se distingue par un panneau de contr\u00f4le sp\u00e9cifique (ou des modules compl\u00e9mentaires sur le syst\u00e8me standard) et un logiciel de serveur enti\u00e8rement personnalis\u00e9 pour un jeu sp\u00e9cifique en fonction de ses exigences. L&#8217;h\u00e9bergement de serveurs de jeux d\u00e9di\u00e9s est devenu populaire en raison de la demande croissante des utilisateurs en ligne pour le divertissement. En outre, l&#8217;essor des jeux multijoueurs comme Minecraft, CS: GO ou Counter Strike1.6 rend \u00e9galement n\u00e9cessaire, le choix du meilleur h\u00e9bergement de serveur de jeu parmi toute la vari\u00e9t\u00e9 disponible sur le march\u00e9.<\/span><\/p>\n<p><span style=\"font-weight: 400;\">Un certain nombre d&#8217;exigences sont impos\u00e9es \u00e0 un tel h\u00e9bergement, tant au niveau des composants mat\u00e9riels que logiciels, de sorte que le projet ne devienne \u00e0 la demande que dans un environnement concurrentiel. Si vous envisagez d&#8217;utiliser les services d\u2019h\u00e9bergement de serveurs de jeux, nos revues vous permettront d&#8217;h\u00e9berger votre jeu pr\u00e9f\u00e9r\u00e9 sur les meilleurs serveurs d&#8217;h\u00e9bergement de jeux.<\/span><\/p>\n<h2><span style=\"font-weight: 400;\">Les 5 meilleurs fournisseurs d&#8217;h\u00e9bergement de jeux<\/span><\/h2>\n<ol>\n<li><a href=\"#ik_knownhost\">KnownHost<\/a> \u2013 H\u00e9bergement de serveur de jeu pas cher (de 28 $ \u00e0 158 $)<\/li>\n<li><a href=\"#ik_gameservers\">GameServers<\/a> \u2013 Le meilleur h\u00e9bergement de serveur de jeu d\u00e9di\u00e9 (de 69,99 $ \u00e0 179,99 $)<\/li>\n<li><a href=\"#ik_servermania\">Servermania<\/a> \u2013 H\u00e9bergement de serveur de jeu abordable (de 90 $ \u00e0 980 $)<\/li>\n<li><a href=\"#ik_a2hosting\">A2Hosting<\/a> \u2013 L&#8217;h\u00e9bergement de serveur de jeu le plus rapide (de 99,59 $ \u00e0 141,09 $)<\/li>\n<li><a href=\"#ik_inmotion\">InMotion<\/a> \u2013 Les meilleurs serveurs d&#8217;h\u00e9bergement pour les jeux (de 99,99 $ \u00e0 139,99 $)<\/li>\n<\/ol>\n<h2><span style=\"font-weight: 400;\">Comment choisir le meilleur h\u00e9bergement de serveur de jeu ?<\/span><\/h2>\n<p><span style=\"font-weight: 400;\">Pour assurer un fonctionnement stable du serveur de jeu, vous devez choisir un fournisseur fiable. Les crit\u00e8res \u00e0 consid\u00e9rer ici pour votre choix sont identiques \u00e0 ceux dont vous allez tenir compte pour les services d\u2019h\u00e9bergement destin\u00e9s \u00e0 d\u2019autres fins, mais il y a plusieurs caract\u00e9ristiques cl\u00e9s \u00e0 consid\u00e9rer. Nous vous recommandons de tenir compte des facteurs de s\u00e9lection suivants\u00a0:<\/span><\/p>\n<h3><span style=\"font-weight: 400;\">Facteur 1 &#8211; Disponibilit\u00e9 et bande passante<\/span><\/h3>\n<p><span style=\"font-weight: 400;\">L&#8217;une des caract\u00e9ristiques les plus importantes de l&#8217;h\u00e9bergement est la disponibilit\u00e9 et la bande passante. Le premier est le temps de fonctionnement depuis le dernier allumage. Plus il est \u00e9lev\u00e9, plus le serveur est fiable. Le second est la vitesse \u00e0 laquelle les donn\u00e9es sont transf\u00e9r\u00e9es sur un r\u00e9seau informatique. Imaginez une autoroute \u00e0 deux voies. Dans ce cas, seules deux voitures peuvent y passer. Plus vous avez de voies, plus les voitures peuvent circuler sur l&#8217;autoroute. Le fait que ces deux param\u00e8tres soient au point signifie que vous pouvez compter sur cet h\u00e9bergement pour travailler longtemps sans interruption. Par cons\u00e9quent, ne placez un jeu que sur des plates-formes de confiance avec une disponibilit\u00e9 \u00e9lev\u00e9e et une bande passante illimit\u00e9e.<\/span><\/p>\n<h3><span style=\"font-weight: 400;\">Facteur 2 &#8211; Vitesse et performances<\/span><\/h3>\n<p><span style=\"font-weight: 400;\">Il est important de consid\u00e9rer la vitesse de la connexion au serveur et la vitesse de sa r\u00e9ponse au client. Plus la vitesse est \u00e9lev\u00e9e, moins la latence est importante. Ainsi, le jeu ne ralentit pas, ce qui cr\u00e9e des r\u00e8gles du jeu \u00e9quitables pour les joueurs et \u00e9tablit l&#8217;\u00e9quilibre comp\u00e9titif du jeu. En ce qui concerne les performances, les jeux mettent une lourde charge sur le CPU\/RAM du serveur. Alors, pensez au mat\u00e9riel, dont les exigences sp\u00e9cifiques d\u00e9pendent du jeu que vous choisissez.<\/span><\/p>\n<h3><span style=\"font-weight: 400;\">Facteur 3 &#8211; Gestion et automatisation<\/span><\/h3>\n<p><span style=\"font-weight: 400;\">G\u00e9rer un serveur n&#8217;est pas facile pour tout le monde. De ce fait, s&#8217;il s&#8217;agit de votre premier projet, il vaudrait mieux choisir un h\u00e9bergement de serveur de jeu ayant des mises \u00e0 jour automatiques, un grand choix de panneaux de configuration pour l&#8217;administration, l&#8217;installation du logiciel en un clic, et l&#8217;automatisation de la mise \u00e0 jour du noyau du syst\u00e8me d&#8217;exploitation sans red\u00e9marrer le serveur. En fait, il y a une diff\u00e9rence entre les panneaux de contr\u00f4le propos\u00e9s sur un h\u00e9bergement classique et orient\u00e9 site, et ceux utilis\u00e9s lors de l&#8217;h\u00e9bergement de serveurs de jeux. Vous aurez besoin de plus de d\u00e9tails sur l&#8217;\u00e9tat du mat\u00e9riel et la charge sur les composants individuels des serveurs lou\u00e9s.<\/span><\/p>\n<h2><span style=\"font-weight: 400;\">Les Diff\u00e9rents types de meilleur h\u00e9bergement de serveur de jeu<\/span><\/h2>\n<p><span style=\"font-weight: 400;\">Avant de choisir une offre entre les diff\u00e9rentes propositions des prestataires, vous devez d\u2019abord d\u00e9cider quel type d&#8217;h\u00e9bergement convient \u00e0 votre projet. Regardons-les de plus pr\u00e8s\u00a0:\u00a0<\/span><\/p>\n<h3><span style=\"font-weight: 400;\">H\u00e9bergement d\u00e9di\u00e9<\/span><\/h3>\n<p><span style=\"font-weight: 400;\">Ce type d\u2019h\u00e9bergement suppose que le client peut placer des projets de jeu sur des \u00e9quipements physiques distincts dans le centre de donn\u00e9es, et g\u00e9rer les ressources allou\u00e9es de fa\u00e7on ind\u00e9pendante. Cette solution vous permet d&#8217;installer n&#8217;importe quel logiciel, de conserver de grandes bases de donn\u00e9es et de d\u00e9ployer plusieurs projets. Selon les besoins de l&#8217;entreprise, il est possible de choisir des configurations toutes faites ou enti\u00e8rement personnalis\u00e9es.<\/span><\/p>\n<p><span style=\"font-weight: 400;\">Vous pouvez op\u00e9rer un choix entre une grande vari\u00e9t\u00e9 de services <\/span><span style=\"font-weight: 400;\">d&#8217;h\u00e9bergement d\u00e9di\u00e9 pas chers<\/span><span style=\"font-weight: 400;\"> en fonction de vos besoins.<\/span><\/p>\n<h3><span style=\"font-weight: 400;\">VPS<\/span><\/h3>\n<p><span style=\"font-weight: 400;\">Selon son principe et ses particularit\u00e9s de fonctionnement, un serveur priv\u00e9 virtuel n&#8217;est pas tr\u00e8s diff\u00e9rent d&#8217;un serveur physique. Il n&#8217;a aucune restriction sur le nombre de sites h\u00e9berg\u00e9s, de bases de donn\u00e9es, de zones de domaine, et son propri\u00e9taire-administrateur a le droit de travailler avec des fichiers, d&#8217;installer des applications et d&#8217;effectuer d&#8217;autres op\u00e9rations via un acc\u00e8s root. Un serveur virtuel co\u00fbte beaucoup moins cher \u00e0 l&#8217;utilisateur que la location d&#8217;un serveur physique de capacit\u00e9 comparable. Dans le m\u00eame temps, vous pouvez voir que les performances de VDS \/ VPS peuvent m\u00eame \u00eatre plus \u00e9lev\u00e9es. De plus, il est tr\u00e8s facile pour un serveur virtuel d&#8217;ajouter plus de capacit\u00e9 sous forme de RAM suppl\u00e9mentaire, de c\u0153urs de processeur ou d&#8217;espace disque dur. Cela devient une n\u00e9cessit\u00e9 avec l&#8217;audience croissante des jeux populaires.<\/span><\/p>\n<p><span style=\"font-weight: 400;\">Alors, regardez de plus pr\u00e8s les <\/span><span style=\"font-weight: 400;\">services d&#8217;h\u00e9bergement VPS<\/span><span style=\"font-weight: 400;\"> pour voir leurs avantages r\u00e9els pour vos propres projets.<\/span><\/p>\n<h3><span style=\"font-weight: 400;\">H\u00e9bergement Cloud<\/span><\/h3>\n<p><span style=\"font-weight: 400;\">Si cette option est utilis\u00e9e pour stocker des donn\u00e9es, l&#8217;utilisateur a acc\u00e8s aux ressources de plusieurs serveurs. Cette approche garantit le fonctionnement ininterrompu de la ressource m\u00eame si l&#8217;un des serveurs tombe en panne. Cette m\u00e9thode de stockage des donn\u00e9es pr\u00e9sente deux autres avantages : vous ne payez que pour la puissance consomm\u00e9e. Vous payez en fonction de la quantit\u00e9 d&#8217;espace vous avez occup\u00e9e; il n&#8217;est pas n\u00e9cessaire de calculer les volumes requis, il y aura autant d&#8217;espace dans le cloud que le client en a besoin, les ressources allou\u00e9es sont ajust\u00e9es automatiquement. Avec le cloud, vous pouvez faire \u00e9voluer rapidement la capacit\u00e9 d&#8217;h\u00e9bergement pour r\u00e9pondre aux besoins des utilisateurs.<\/span><\/p>\n<p>&nbsp;<\/p>\n<p><span style=\"font-weight: 400;\">Vous \u00eates ici des <\/span><span style=\"font-weight: 400;\">fournisseurs d&#8217;h\u00e9bergement cloud<\/span><span style=\"font-weight: 400;\"> auxquels vous pouvez souscrire en toute confiance.<\/span><\/p>\n<h2 id=\"ik_knownhost\">#1 <a style=\"font-size: 32px;\" href=\"https:\/\/www.knownhost.com?aid=37a3de62\">KnownHost<\/a> \u2013 H\u00e9bergement de serveur de jeu pas cher<\/h2>\n<p><span style=\"font-weight: 400;\">KnownHost fournit une suite de solutions d&#8217;h\u00e9bergement. Mais la soci\u00e9t\u00e9 se concentre principalement sur la fourniture d&#8217;un VPS aliment\u00e9 par SSD enti\u00e8rement g\u00e9r\u00e9 et d&#8217;un h\u00e9bergement d\u00e9di\u00e9, g\u00e9r\u00e9 avec une disponibilit\u00e9 garantie \u00e0 plus de 99,99%. Les options SSD VPS (pour 28 $\/mois) incluent le stockage Raid Premium et des mises \u00e0 jour automatiques. KnownHost est \u00e9galement connu pour ses serveurs KVM Cloud VPS enti\u00e8rement g\u00e9r\u00e9s (pour 50,40 $\/mois). Ils sont livr\u00e9s avec des mises \u00e0 jour automatiques et un stockage Cloud. Leurs serveurs d\u00e9di\u00e9s g\u00e9r\u00e9s (pour 158 $\/mois) se mettent \u00e9galement \u00e0 jour automatiquement. KnownHost propose des migrations gratuites pour tous ces plans.<\/span><\/p>\n<p><b>Caract\u00e9ristiques et avantages<\/b><span style=\"font-weight: 400;\">:<\/span><\/p>\n<ul>\n<li style=\"font-weight: 400;\" aria-level=\"1\"><span style=\"font-weight: 400;\">Mises \u00e0 jour automatiques,<\/span><\/li>\n<li style=\"font-weight: 400;\" aria-level=\"1\"><span style=\"font-weight: 400;\">Migrations gratuites,<\/span><\/li>\n<li style=\"font-weight: 400;\" aria-level=\"1\"><span style=\"font-weight: 400;\">Protection DDoS gratuite,<\/span><\/li>\n<li style=\"font-weight: 400;\" aria-level=\"1\"><span style=\"font-weight: 400;\">Sauvegardes de donn\u00e9es gratuites,<\/span><\/li>\n<li style=\"font-weight: 400;\" aria-level=\"1\"><span style=\"font-weight: 400;\">Assistance technique 24\/7\/365<\/span><\/li>\n<\/ul>\n<p><b>Emplacement du serveur<\/b><span style=\"font-weight: 400;\">\u00a0: \u00c9tats-Unis<\/span><\/p>\n<h2 id=\"ik_gameservers\">#2 <a style=\"font-size: 32px;\" href=\"https:\/\/www.gameservers.com\/?ref=1666975\">GameServers.com<\/a> \u2013 Le meilleur h\u00e9bergement de serveur de jeu d\u00e9di\u00e9<\/h2>\n<p><span style=\"font-weight: 400;\">GameServers.com a \u00e9t\u00e9 fond\u00e9 en 2004 pour travailler directement avec les d\u00e9veloppeurs couvrant tous les aspects cl\u00e9s de l&#8217;h\u00e9bergement de serveurs de jeux. Aujourd&#8217;hui, l&#8217;\u00e9quipe est fi\u00e8re de servir plus de 500 000 clients dans le monde. Dans l&#8217;ensemble, GameServers.com est la principale soci\u00e9t\u00e9 d&#8217;h\u00e9bergement de serveurs de jeux proposant d&#8217;h\u00e9berger les jeux les plus populaires et plus encore. Parmi les serveurs de jeux populaires qu&#8217;ils h\u00e9bergent, il y Minecraft, Call of Duty, Rust, etc. Cette liste rend donc cette entreprise fiable. De plus, ils offrent des prix abordables. Ils permettent aux clients d&#8217;installer des jeux sur leur propre serveur d\u00e9di\u00e9 \u00e0 partir de 69,99 $ par mois.<\/span><\/p>\n<p><b>Caract\u00e9ristiques et avantages:<\/b><\/p>\n<ul>\n<li style=\"font-weight: 400;\" aria-level=\"1\"><span style=\"font-weight: 400;\">Serveurs d\u00e9di\u00e9s avec connexions 1000Mbps et \/ 29 espace IP,<\/span><\/li>\n<li style=\"font-weight: 400;\" aria-level=\"1\"><span style=\"font-weight: 400;\">Infrastructure HDD\/SSD,<\/span><\/li>\n<li style=\"font-weight: 400;\" aria-level=\"1\"><span style=\"font-weight: 400;\">Forfaits enti\u00e8rement personnalis\u00e9s avec divers modules compl\u00e9mentaires, etc.<\/span><\/li>\n<\/ul>\n<p>&nbsp;<\/p>\n<p><b>Emplacement du serveur<\/b><span style=\"font-weight: 400;\">\u00a0: mondial<\/span><\/p>\n<h2 id=\"ik_servermania\">#3 <a style=\"font-size: 32px;\" href=\"https:\/\/idev.servermania.com\/idevaffiliate.php?id=10272\">Servermania<\/a> \u2013 H\u00e9bergement de serveur de jeu abordable<\/h2>\n<p><span style=\"font-weight: 400;\">Depuis 2002, ServerMania est un service d&#8217;h\u00e9bergement canadien de premier plan fournissant des VPS cloud et des serveurs d\u00e9di\u00e9s (sur Windows \/ Linux) dans l\u2019industrie des jeux. Pour les besoins de votre projet, l&#8217;\u00e9quipe est pr\u00eate \u00e0 fournir des modules compl\u00e9mentaires aux solutions de stockage et de s\u00e9curit\u00e9. La soci\u00e9t\u00e9 propose des forfaits personnalis\u00e9s et comp\u00e9titifs \u00e0 partir de 90 $ par mois avec une grande vari\u00e9t\u00e9 de configurations de base.<\/span><\/p>\n<p><b>Caract\u00e9ristiques et avantages<\/b><span style=\"font-weight: 400;\">:<\/span><\/p>\n<ul>\n<li style=\"font-weight: 400;\" aria-level=\"1\"><span style=\"font-weight: 400;\">Agr\u00e9ment du Niveau de Service\u00a0: 100% de disponibilit\u00e9 du r\u00e9seau,<\/span><\/li>\n<li style=\"font-weight: 400;\" aria-level=\"1\"><span style=\"font-weight: 400;\">D\u00e9bits r\u00e9seau jusqu&#8217;\u00e0 20 Gbit\/s,<\/span><\/li>\n<li style=\"font-weight: 400;\" aria-level=\"1\"><span style=\"font-weight: 400;\">Emplacement global du serveur,<\/span><\/li>\n<li style=\"font-weight: 400;\" aria-level=\"1\"><span style=\"font-weight: 400;\">Des solutions d&#8217;h\u00e9bergement sur mesure,<\/span><\/li>\n<li style=\"font-weight: 400;\" aria-level=\"1\"><span style=\"font-weight: 400;\">Accompagnement personnalis\u00e9 24h\/24 et 7j\/7<\/span><\/li>\n<\/ul>\n<p><b>Emplacement du serveur<\/b><span style=\"font-weight: 400;\">\u00a0: \u00c9tats-Unis, Royaume-Uni, Pays-Bas, Canada, Nouvelle-Z\u00e9lande<\/span><\/p>\n<h2 id=\"ik_a2hosting\">#4 <a style=\"font-size: 32px;\" href=\"https:\/\/www.a2hosting.com?aid=5fdcbd252ad90\">A2 Hosting<\/a> \u2013 L&#8217;h\u00e9bergement de serveur de jeu le plus rapide<\/h2>\n<p><span style=\"font-weight: 400;\">A2 Hosting est une entreprise verte op\u00e9rant depuis 2003,\u00a0 \u00e0 laquelle vous pouvez souscrire comme \u00e9tant le meilleur service d\u2019h\u00e9bergement de serveur d\u00e9di\u00e9 pour les jeux. Ils ont gagn\u00e9 la reconnaissance de l&#8217;industrie en tant qu&#8217;h\u00e9bergement le plus rapide. Ils sont tous livr\u00e9s avec une option Turbo Server pour un chargement rapide des pages. Les VPS et les serveurs d\u00e9di\u00e9s sont divis\u00e9s en deux cat\u00e9gories : g\u00e9r\u00e9s (pour 141,09 $\/mois) et non g\u00e9r\u00e9s (pour 99,59 $\/mois). Les deux poss\u00e8dent un bon rapport qualit\u00e9-prix.<\/span><\/p>\n<p><b>Caract\u00e9ristiques et avantages<\/b><span style=\"font-weight: 400;\">:<\/span><\/p>\n<ul>\n<li style=\"font-weight: 400;\" aria-level=\"1\"><span style=\"font-weight: 400;\">Serveurs Turbo 20 fois plus rapides que les autres,<\/span><\/li>\n<li style=\"font-weight: 400;\" aria-level=\"1\"><span style=\"font-weight: 400;\">Serveurs ultra-fiables avec une disponibilit\u00e9 de 99,9\u00a0%<\/span><\/li>\n<li style=\"font-weight: 400;\" aria-level=\"1\"><span style=\"font-weight: 400;\">Panneau de configuration Easy cPanel, etc.<\/span><\/li>\n<\/ul>\n<p>&nbsp;<\/p>\n<p><b>Emplacement du serveur<\/b><span style=\"font-weight: 400;\">\u00a0: \u00c9tats-Unis, Pays-Bas et Singapour<\/span><\/p>\n<h2 id=\"ik_inmotion\">#5 <a style=\"font-size: 32px;\" href=\"https:\/\/ua.inmotionhosting.com\/cgi-bin\/gby\/clickthru.cgi?id=gmmediagroup\">InMotion<\/a> \u2013 Les meilleurs serveurs d&#8217;h\u00e9bergement de jeux<\/h2>\n<p><span style=\"font-weight: 400;\">InMotion fournit des services depuis 2001. Aujourd&#8217;hui, il est toujours l&#8217;un des fournisseurs les plus populaires avec une infrastructure de classe mondiale optimis\u00e9e pour des performances \u00e0 haute vitesse et un excellent support technique. Avec leurs plans bien d\u00e9finis, vous obtiendrez une solution d&#8217;h\u00e9bergement pr\u00e9cise avec les outils puissants dont vous avez besoin pour votre projet de jeu. Leurs offres tarifaires incluent d\u00e9j\u00e0 des r\u00e9ductions sur les abonnements d&#8217;un an ou deux.<\/span><\/p>\n<p><b>Caract\u00e9ristiques et avantages<\/b><span style=\"font-weight: 400;\">:<\/span><\/p>\n<ul>\n<li style=\"font-weight: 400;\" aria-level=\"1\"><span style=\"font-weight: 400;\">99,9% de garantie de fonctionnement ininterrompu,<\/span><\/li>\n<li style=\"font-weight: 400;\" aria-level=\"1\"><span style=\"font-weight: 400;\">Mises \u00e0 jour sans red\u00e9marrage, sans aucun temps d&#8217;arr\u00eat,<\/span><\/li>\n<li style=\"font-weight: 400;\" aria-level=\"1\"><span style=\"font-weight: 400;\">Plusieurs centres de donn\u00e9es,<\/span><\/li>\n<li style=\"font-weight: 400;\" aria-level=\"1\"><span style=\"font-weight: 400;\">Configurations avanc\u00e9es, etc.<\/span><\/li>\n<\/ul>\n<p>&nbsp;<\/p>\n<p><b>Emplacement du serveur<\/b><span style=\"font-weight: 400;\">\u00a0: \u00c9tats-Unis<\/span><\/p>\n<h2><span style=\"font-weight: 400;\">Comparaisons des h\u00e9bergements Web<\/span><\/h2>\n<p><span style=\"font-weight: 400;\">Et si vous h\u00e9sitez encore sur le choix \u00e0 faire entre deux prestataires ? Eh bien, nos revues sur les h\u00e9bergements de serveurs de jeux vous seront utiles. Dans nos revues de comparaison d\u00e9taill\u00e9es, nous avons pris les deux meilleurs fournisseurs d&#8217;h\u00e9bergement pour les comparer les uns aux autres. Nous d\u00e9taillerons les avantages et les inconv\u00e9nients de chacun, examinerons les domaines cl\u00e9s et discuterons de ce qui convient le mieux \u00e0 certains types de jeux en ligne. Apr\u00e8s les avoir lues, vous devriez avoir une id\u00e9e claire de ce qui fonctionnera pour vous et de ce qui ne le sera pas.<\/span><\/p>\n<h2><span style=\"font-weight: 400;\">Quelques Outils utiles pour l\u2019h\u00e9bergement et de r\u00e9f\u00e9rencement<\/span><\/h2>\n<ul>\n<li style=\"font-weight: 400;\" aria-level=\"1\"><span style=\"font-weight: 400;\">V\u00e9rificateur d&#8217;h\u00e9bergement\u00a0: D\u00e9couvrez sur quel h\u00e9bergement et dans quel pays se trouve le site<\/span><\/li>\n<li style=\"font-weight: 400;\" aria-level=\"1\"><span style=\"font-weight: 400;\">Site en panne &#8211; V\u00e9rifiez la disponibilit\u00e9 du site\u00a0: cela ne fonctionne-t-il pas pour tout le monde ou uniquement pour vous\u00a0?<\/span><\/li>\n<li style=\"font-weight: 400;\" aria-level=\"1\"><span style=\"font-weight: 400;\">Test de vitesse\u00a0: Mesurez la vitesse de votre projet Web et obtenez des conseils utiles sur la fa\u00e7on de l&#8217;augmenter<\/span><\/li>\n<li style=\"font-weight: 400;\" aria-level=\"1\"><span style=\"font-weight: 400;\">V\u00e9rificateur pour domaine expir\u00e9\u00a0: Obtenez une liste des domaines expir\u00e9s et voyez si vous pouvez l&#8217;acheter<\/span><\/li>\n<li style=\"font-weight: 400;\" aria-level=\"1\"><span style=\"font-weight: 400;\">S\u00e9curit\u00e9 du site Web &#8211; V\u00e9rifiez si un site particulier est suspect du point de vue de la s\u00e9curit\u00e9<\/span><\/li>\n<li style=\"font-weight: 400;\" aria-level=\"1\"><span style=\"font-weight: 400;\">Disponibilit\u00e9 du domaine &#8211; Commencez \u00e0 rechercher votre nom de domaine et trouvez facilement les domaines disponibles pour votre propre projet<\/span><\/li>\n<\/ul>\n<h2><span style=\"font-weight: 400;\">FAQ sur le meilleur h\u00e9bergement de serveur de jeu<\/span><\/h2>\n<h3><span style=\"font-weight: 400;\">Existe-t-il des h\u00e9bergements de serveurs de jeux gratuits ?<\/span><\/h3>\n<p><span style=\"font-weight: 400;\">Il est assez peu probable de trouver des serveurs de jeux gratuits h\u00e9bergeant des services de haute qualit\u00e9. Le maximum que vous pouvez obtenir gratuitement est une certaine p\u00e9riode d&#8217;essai (7-14 jours). C&#8217;est bien si vous pouvez tester le produit avant de l&#8217;acheter. Lors du test, v\u00e9rifiez la vitesse de la connexion r\u00e9seau, les performances du sous-syst\u00e8me de disque et, si possible, testez sous contrainte si le serveur peut g\u00e9rer la charge requise. M\u00eame si vous trouvez des fournisseurs d&#8217;h\u00e9bergement de serveurs de jeux gratuits, vous ne pouvez vous attendre \u00e0 aucune assistance, ni disponibilit\u00e9, encore moins \u00e0 des serveurs rapides.<\/span><\/p>\n<h2><span style=\"font-weight: 400;\">Est-ce une bonne id\u00e9e d&#8217;acheter un h\u00e9bergement de serveur de jeu pas cher ?<\/span><\/h2>\n<p><span style=\"font-weight: 400;\">En tenant compte du fait que le prix est un facteur cl\u00e9 dans le choix, vous pouvez opter pour un h\u00e9bergement de serveur de jeu bon march\u00e9 si vous avez un projet assez simple. Chaque jeu a des exigences diff\u00e9rentes en termes de performances, de vitesse, etc. Par cons\u00e9quent, il vaut toujours la peine de v\u00e9rifier toutes les informations. N&#8217;oubliez pas la fiabilit\u00e9, la s\u00e9curit\u00e9, la disponibilit\u00e9 et d&#8217;autres facteurs. L&#8217;h\u00e9bergement avec une disponibilit\u00e9 de 99% peut \u00eatre consid\u00e9r\u00e9 comme peu fiable (ce qui d\u00e9pend toutefois des besoins), et avec une disponibilit\u00e9 de 99,99%, il est assez stable. Un h\u00e9bergement de serveurs de jeux bon march\u00e9 avec des plantages r\u00e9guliers est clairement moins int\u00e9ressant que les options abordables que vous pouvez choisir \u00e0 travers nos revues.<\/span><\/p>\n<h2><span style=\"font-weight: 400;\">Qu&#8217;est-ce qu&#8217;un serveur d\u00e9di\u00e9 dans le jeu\u00a0?<\/span><\/h2>\n<p><span style=\"font-weight: 400;\">Il s&#8217;agit d&#8217;un serveur s\u00e9par\u00e9, qui en termes de capacit\u00e9 doit r\u00e9pondre aux exigences minimales du jeu. Les jeux vid\u00e9o n\u00e9cessitent beaucoup plus de ressources que les sites statiques et autres projets Web. Par cons\u00e9quent, les soci\u00e9t\u00e9s d&#8217;h\u00e9bergement de jeux ne conservent dans leurs centres de donn\u00e9es que des machines dot\u00e9es des processeurs multic\u0153urs les plus pertinents, adapt\u00e9s pour fonctionner avec des t\u00e2ches gourmandes en ressources. Ces serveurs stockent les donn\u00e9es des joueurs et ex\u00e9cutent une logique en temps r\u00e9el d\u00e9crivant l&#8217;emplacement et les actions des personnages dans le monde virtuel.<\/span><\/p>","protected":false},"excerpt":{"rendered":"Qu&#8217;est-ce qu&#8217;un serveur d\u00e9di\u00e9 en mati\u00e8re de jeu et pourquoi est-il important aujourd&#8217;hui\u00a0? L&#8217;h\u00e9bergement de jeux consiste essentiellement en un VPS ou un h\u00e9bergement d\u00e9di\u00e9. Mais ce dernier se distingue par un panneau de contr\u00f4le sp\u00e9cifique (ou des modules compl\u00e9mentaires sur le syst\u00e8me standard) et un logiciel de serveur enti\u00e8rement personnalis\u00e9 pour un jeu sp\u00e9cifique&#8230;","protected":false},"author":10504980,"featured_media":11388,"parent":9033,"menu_order":0,"comment_status":"closed","ping_status":"closed","template":"pages-templates\/pages-v2.php","meta":[],"categories":[44],"tags":[],"_links":{"self":[{"href":"https:\/\/sitechecker.pro\/fr\/wp-json\/wp\/v2\/pages\/11266"}],"collection":[{"href":"https:\/\/sitechecker.pro\/fr\/wp-json\/wp\/v2\/pages"}],"about":[{"href":"https:\/\/sitechecker.pro\/fr\/wp-json\/wp\/v2\/types\/page"}],"author":[{"embeddable":true,"href":"https:\/\/sitechecker.pro\/fr\/wp-json\/wp\/v2\/users\/10504980"}],"replies":[{"embeddable":true,"href":"https:\/\/sitechecker.pro\/fr\/wp-json\/wp\/v2\/comments?post=11266"}],"version-history":[{"count":8,"href":"https:\/\/sitechecker.pro\/fr\/wp-json\/wp\/v2\/pages\/11266\/revisions"}],"predecessor-version":[{"id":33652,"href":"https:\/\/sitechecker.pro\/fr\/wp-json\/wp\/v2\/pages\/11266\/revisions\/33652"}],"up":[{"embeddable":true,"href":"https:\/\/sitechecker.pro\/fr\/wp-json\/wp\/v2\/pages\/9033"}],"wp:featuredmedia":[{"embeddable":true,"href":"https:\/\/sitechecker.pro\/fr\/wp-json\/wp\/v2\/media\/11388"}],"wp:attachment":[{"href":"https:\/\/sitechecker.pro\/fr\/wp-json\/wp\/v2\/media?parent=11266"}],"wp:term":[{"taxonomy":"category","embeddable":true,"href":"https:\/\/sitechecker.pro\/fr\/wp-json\/wp\/v2\/categories?post=11266"},{"taxonomy":"post_tag","embeddable":true,"href":"https:\/\/sitechecker.pro\/fr\/wp-json\/wp\/v2\/tags?post=11266"}],"curies":[{"name":"wp","href":"https:\/\/api.w.org\/{rel}","templated":true}]}}