{"id":1104,"date":"2018-01-09T09:34:19","date_gmt":"2018-01-09T09:34:19","guid":{"rendered":"https:\/\/sitechecker.pro\/?page_id=1104"},"modified":"2026-02-03T13:08:36","modified_gmt":"2026-02-03T13:08:36","slug":"external-links","status":"publish","type":"page","link":"https:\/\/sitechecker.pro\/fr\/external-links\/","title":{"rendered":"Outil de v\u00e9rificateur de liaison externe | Consultez les liens sortants \u2611"},"content":{"rendered":"<p><\/p>\n<h2 id=\"par1\">Qu&#8217;est-ce qu&#8217;un v\u00e9rificateur de liens externes\u00a0?<\/h2>\n<p>L&#8217;analyseur de liens externes est un outil con\u00e7u par des professionnels qui vous permet d&#8217;identifier et de suivre tous les hyperliens sortants de n&#8217;importe quelle page sp\u00e9cifique de votre site Web, couvrant chaque URL. De plus, il vous aide \u00e0 identifier et \u00e0 corriger tous les probl\u00e8mes li\u00e9s aux hyperliens sortants externes sur votre site Web. En outre, cet outil vous aide \u00e9galement \u00e0 d\u00e9velopper et \u00e0 mettre en \u0153uvre une strat\u00e9gie de liens sortants efficace.<\/p>\n<h3>Comment l&#8217;outil peut-il vous aider\u00a0?<\/h3>\n<p><strong>Analyse de la qualit\u00e9 et de la quantit\u00e9 des liens\u00a0: <\/strong>\u00c9valuez la quantit\u00e9 et la qualit\u00e9 des sites externes li\u00e9s \u00e0 votre site Web, en distinguant les destinations de haute et de basse qualit\u00e9.<\/p>\n<p><strong>V\u00e9rification du spam et de la pertinence\u00a0: <\/strong>Analysez la pertinence du contenu des liens sortants pour vous assurer qu&#8217;ils ne sont pas per\u00e7us comme du spam et contribuent positivement \u00e0 l&#8217;autorit\u00e9 de votre site.<\/p>\n<p><strong>Gestion du poids des hyperliens\u00a0:<\/strong>Aide \u00e0 maintenir un profil \u00e9quilibr\u00e9 des URL entrantes et sortantes, essentiel pour le classement des pages et l&#8217;optimisation des moteurs de recherche (SEO).<\/p>\n<h3>Principales fonctionnalit\u00e9s de l&#8217;outil<\/h3>\n<p><strong>Tableau de bord unifi\u00e9\u00a0:<\/strong>Fournit une plate-forme centralis\u00e9e o\u00f9 les utilisateurs peuvent acc\u00e9der et analyser toutes les donn\u00e9es et mesures SEO. Ce tableau de bord permet de surveiller et de g\u00e9rer facilement divers aspects SEO d&#8217;un site Web, notamment le trafic, le classement des mots cl\u00e9s et la sant\u00e9 du site.<\/p>\n<p><strong>Interface conviviale\u00a0:<\/strong>Con\u00e7ue dans un souci de simplicit\u00e9, l&#8217;interface de Sitechecker est intuitive, ce qui la rend accessible m\u00eame \u00e0 ceux qui ne sont pas des experts SEO. Cela garantit que les utilisateurs peuvent naviguer et utiliser l&#8217;ensemble d&#8217;outils efficacement.<\/p>\n<p><strong>Ensemble complet d&#8217;outils SEO\u00a0: <\/strong><a href=\"https:\/\/sitechecker.pro\/\" target=\"_blank\" rel=\"noopener noreferrer\">Sitechecker<\/a> comprend un ensemble complet d&#8217;outils SEO couvrant divers aspects tels que l&#8217;audit de site, le suivi du classement, la v\u00e9rification des backlinks, etc. Cet ensemble d&#8217;outils fournit des informations d\u00e9taill\u00e9es et des recommandations pratiques pour am\u00e9liorer les performances du site Web dans les r\u00e9sultats des moteurs de recherche.<\/p>\n<h2 id=\"par2\">Comment utiliser l&#8217;outil de v\u00e9rification des liens sortants\u00a0?<\/h2>\n<p>Supposons que vous souhaitiez examiner l&#8217;int\u00e9gralit\u00e9 de votre site Web et v\u00e9rifier chaque URL individuellement pour v\u00e9rifier les liens externes. Examinons l&#8217;outil de v\u00e9rification des liens externes \u00e9tape par \u00e9tape.<\/p>\n<p>Les r\u00e9sultats de l&#8217;analyse d&#8217;une seule page s&#8217;afficheront imm\u00e9diatement \u00e0 l&#8217;\u00e9cran. Pour v\u00e9rifier le domaine et soumettre tous les liens externes menant \u00e0 votre site, profitez de la p\u00e9riode d&#8217;essai gratuite offerte.<\/p>\n<div class=\"content__img-wrap\"><img src=\"https:\/\/sitechecker.pro\/wp-content\/uploads\/2024\/08\/1-External-links-selector-min.png\" alt=\"Outbound External Link Checker\" class=\"description-img description-img-zoom\" loading=\"lazy\" ><\/div>\n<h2 id=\"par3\">V\u00e9rification de domaine<\/h2>\n<h3>\u00c9tape 1\u00a0: s\u00e9lectionnez l&#8217;option de domaine, saisissez le domaine que vous souhaitez examiner et cliquez sur le bouton \u00ab\u00a0V\u00e9rifier les liens externes\u00a0\u00bb<\/h3>\n<div class=\"content__img-wrap\"><img src=\"https:\/\/sitechecker.pro\/wp-content\/uploads\/2024\/08\/2-External-links-Website-Check-min.png\" alt=\"Outbound External Link Checker Domain Check\" class=\"description-img description-img-zoom\" loading=\"lazy\" ><\/div>\n<div class=\"important-block\">Pour recevoir les r\u00e9sultats et acc\u00e9der aux fonctionnalit\u00e9s de Sitechecker pendant 14 jours, d\u00e9marrez votre essai GRATUIT. L'inscription est facile avec votre e-mail, votre compte Google ou Facebook. Aucune carte de cr\u00e9dit n'est n\u00e9cessaire.<\/div>\n<h3>\u00c9tape 2\u00a0: obtenez le R\u00e9sultat du v\u00e9rificateur de liens externes du site Web<\/h3>\n<p>Un audit complet gratuit du site est inclus lorsque vous analysez un domaine. Notre robot d&#8217;exploration d\u00e9tecte les probl\u00e8mes li\u00e9s aux URL externes, tels que les probl\u00e8mes de code d&#8217;\u00e9tat, entre autres. Il vous aidera \u00e0 r\u00e9soudre le probl\u00e8me d&#8217;hyperlien externe de l&#8217;ensemble du site et \u00e0 d\u00e9terminer si de nouveaux probl\u00e8mes se sont produits.<\/p>\n<p>Recherchez la liste des URL pr\u00e9sentant ce probl\u00e8me en cliquant sur le probl\u00e8me. Il existe un bouton pour afficher la connexion interne des pages cass\u00e9es et des conseils de r\u00e9paration pratiques.<\/p>\n<div class=\"content__img-wrap\"><img src=\"https:\/\/sitechecker.pro\/wp-content\/uploads\/2024\/01\/links-issues.png\" alt=\"Probl\u00e8mes de liens\" class=\"description-img description-img-zoom\" loading=\"lazy\" ><\/div>\n<p>L&#8217;outil pr\u00e9sente une fonctionnalit\u00e9 \u00ab Liens externes \u00bb con\u00e7ue pour auditer les liens sortants d&#8217;un site Web. Il fournit une liste d&#8217;URL vers lesquelles les pages du site renvoient en externe, avec le nombre de pages associ\u00e9 \u00e0 chaque URL. Il existe une fonctionnalit\u00e9 permettant de filtrer les URL et de g\u00e9rer les colonnes d&#8217;affichage, am\u00e9liorant ainsi le contr\u00f4le de l&#8217;utilisateur sur les donn\u00e9es. Le panneau de droite classe les probl\u00e8mes par type et par priorit\u00e9, avec une section d\u00e9di\u00e9e \u00ab Liens externes \u00bb. Cette fonctionnalit\u00e9 permet d&#8217;identifier et de g\u00e9rer la strat\u00e9gie du site \u00e0 des fins de r\u00e9f\u00e9rencement, en garantissant que les URL contribuent positivement \u00e0 l&#8217;autorit\u00e9 et \u00e0 la pertinence en ligne du site.<\/p>\n<div class=\"content__img-wrap\"><img src=\"https:\/\/sitechecker.pro\/wp-content\/uploads\/2024\/01\/external-links-issues.png\" alt=\"Probl\u00e8mes de liens externes\" class=\"description-img description-img-zoom\" loading=\"lazy\" ><\/div>\n<div class=\"content__img-wrap\"><img src=\"https:\/\/sitechecker.pro\/wp-content\/uploads\/2024\/01\/pages-external-links.png\" alt=\"Liens externes des pages\" class=\"description-img description-img-zoom\" loading=\"lazy\" ><\/div>\n<h3>Le scanner de liens externes de domaine\/site Web pr\u00e9sente \u00e9galement les fonctionnalit\u00e9s suivantes<\/h3>\n<p>Sur la page de r\u00e9sum\u00e9 de l&#8217;audit du site, vous trouverez un aper\u00e7u des <a href=\"https:\/\/sitechecker.pro\/internal-links\/\" target=\"_blank\" rel=\"noopener noreferrer\">probl\u00e8mes de liens externes<\/a>. Vous pouvez filtrer les probl\u00e8mes par cat\u00e9gories, telles que les probl\u00e8mes critiques, les avertissements, les opportunit\u00e9s et les avis. Vous pouvez \u00e9galement les consulter en fonction du type de sujet, par exemple, l\u2019indexabilit\u00e9, la s\u00e9curit\u00e9, la vitesse de la page, etc.<\/p>\n<p>Cela permet de se concentrer beaucoup plus facilement sur les probl\u00e8mes les plus importants pour le succ\u00e8s de votre site Web.<\/p>\n<div class=\"content__img-wrap\"><img src=\"https:\/\/sitechecker.pro\/wp-content\/uploads\/2024\/01\/all-issues-sort.png\" alt=\"All Issues Sort\" class=\"description-img description-img-zoom\" loading=\"lazy\" ><\/div>\n<h2 id=\"par4\">V\u00e9rification de la page<\/h2>\n<h3>\u00c9tape 1\u00a0: s\u00e9lectionnez l&#8217;option URL, saisissez l&#8217;URL que vous souhaitez examiner et cliquez sur le bouton \u00ab\u00a0V\u00e9rifier les liens externes\u00a0\u00bb.<\/h3>\n<div class=\"content__img-wrap\"><img src=\"https:\/\/sitechecker.pro\/wp-content\/uploads\/2024\/08\/3-External-link-Page-Check-min.png\" alt=\"External Link Checker Page Check\" class=\"description-img description-img-zoom\" loading=\"lazy\" ><\/div>\n<h3>\u00c9tape 2\u00a0: obtenez le r\u00e9sultat<\/h3>\n<p>Une section intitul\u00e9e \u00ab\u00a0Liens\u00a0\u00bb, ax\u00e9e sur les \u00ab\u00a0Liens externes\u00a0\u00bb, r\u00e9pertorie les liens sortants trouv\u00e9s sur la page. Pour chaque URL externe r\u00e9pertori\u00e9e, il fournit l&#8217;adresse, le texte d&#8217;ancrage utilis\u00e9 et le code d&#8217;\u00e9tat HTTP pour indiquer la r\u00e9ponse du serveur.<\/p>\n<div class=\"content__img-wrap\"><img src=\"https:\/\/sitechecker.pro\/wp-content\/uploads\/2024\/01\/on-page-seo-checker-1.png\" alt=\"On Page Seo Checker\" class=\"description-img description-img-zoom\" loading=\"lazy\" ><\/div>\n<p>De m\u00eame, la section &#8220;Liens&#8221; comporterait \u00e9galement des cat\u00e9gories pour les &#8220;Liens internes&#8221; et les &#8220;Liens de sous-domaine&#8221;. Ils r\u00e9pertorient \u00e9galement les URL qui fournissent l&#8217;adresse, le texte d&#8217;ancrage utilis\u00e9 et le code d&#8217;\u00e9tat HTTP.<\/p>\n<div class=\"content__img-wrap\"><img src=\"https:\/\/sitechecker.pro\/wp-content\/uploads\/2024\/01\/internal-subdomain-links-1.png\" alt=\"Liens de sous-domaine internes\" class=\"description-img description-img-zoom\" loading=\"lazy\" ><\/div>\n<p>Pour avoir une compr\u00e9hension compl\u00e8te des fonctionnalit\u00e9s de l&#8217;outil au-del\u00e0 des liens sortants sur une seule page, veuillez consulter les \u00e9crans de confirmation de domaine trouv\u00e9s dans la section initiale du guide apr\u00e8s une analyse de domaine.<\/p>\n<p>Ou cliquez simplement sur \u00ab Audit du site \u00bb pour explorer les fonctionnalit\u00e9s de l&#8217;outil.<br \/>\nVous pouvez explorer les capacit\u00e9s de l&#8217;outil et imaginer comment il pourrait fonctionner pour votre site Web.<\/p>\n<div class=\"content__img-wrap\"><img src=\"https:\/\/sitechecker.pro\/wp-content\/uploads\/2024\/01\/run-full-website-audit.png\" alt=\"Ex\u00e9cuter l'audit complet du site Web\" class=\"description-img description-img-zoom\" loading=\"lazy\" ><\/div>\n<h2 id=\"par5\">Fonctionnalit\u00e9s suppl\u00e9mentaires de l&#8217;outil<\/h2>\n<p>Le testeur d&#8217;hyperliens externes am\u00e9liore le r\u00e9f\u00e9rencement en am\u00e9liorant la qualit\u00e9 du contenu, en garantissant que les donn\u00e9es structur\u00e9es sont adapt\u00e9es aux moteurs de recherche, en optimisant les images pour le Web, en offrant des informations sur les performances de recherche et en analysant les vitesses de chargement pour une meilleure exp\u00e9rience utilisateur et un meilleur classement dans les recherches.<\/p>\n<div class=\"content__img-wrap\"><img src=\"https:\/\/sitechecker.pro\/wp-content\/uploads\/2024\/01\/issues-overview-2.png\" alt=\"Aper\u00e7u des probl\u00e8mes\" class=\"description-img description-img-zoom\" loading=\"lazy\" ><\/div>\n<h2 id=\"par6\">Remarques finales<\/h2>\n<p>Le v\u00e9rificateur d&#8217;URL externes sortantes est un outil con\u00e7u par des professionnels qui permet de trouver des liens sortants et de les suivre pour des pages sp\u00e9cifiques de votre site Web. Les principales fonctionnalit\u00e9s incluent la collecte de donn\u00e9es compl\u00e8tes pour chaque URL, l&#8217;identification des erreurs et la surveillance 24 heures sur 24. Cet outil permet de trouver un \u00e9quilibre dans le classement des pages, de v\u00e9rifier et de maintenir les r\u00e9f\u00e9rences sortantes pertinentes et faisant autorit\u00e9. Le <a href=\"https:\/\/sitechecker.pro\/on-page-seo-checker\/\" target=\"_blank\" rel=\"noopener noreferrer\">v\u00e9rificateur SEO<\/a> propose \u00e0 la fois des v\u00e9rifications de domaine et de page, fournissant aux utilisateurs des r\u00e9sultats d\u00e9taill\u00e9s et des suggestions d&#8217;am\u00e9lioration.<\/p>\n<div id=\"par7\"><\/div>\n<p><div class=\"front__faq-block\"><div class=\"faq__block-title\">FAQ<\/div><div class=\"panel-group\" id=\"faq-accordion\" itemscope itemtype=\"https:\/\/schema.org\/FAQPage\" role=\"tablist\" aria-multiselectable=\"true\"><div class=\"panel\" itemscope itemtype=\"https:\/\/schema.org\/Question\" itemprop=\"mainEntity\">\n                            <div class=\"panel-heading\" id=\"headingFaq-1\">\n                                <div class=\"panel-title\" data-toggle=\"collapse\" aria-expanded=\"false\" href=\"#collapseFaq-1\">\n                                    <h3 itemprop=\"name\">Comment v\u00e9rifier les liens externes sur un site Web ?<\/h3>\n                                <\/div>\n                            <\/div>\n                            <div id=\"collapseFaq-1\" class=\"panel-collapse collapse\" itemprop=\"acceptedAnswer\" itemscope itemtype=\"http:\/\/schema.org\/Answer\">\n                                <div class=\"panel-body\" itemprop=\"text\">Pour inspecter les URL externes sortantes sur un site Web, utilisez l&apos;outil Sitechecker. S\u00e9lectionnez l&apos;option de v\u00e9rification du domaine ou de la page, saisissez l&apos;URL ou le domaine et d\u00e9marrez l&apos;essai gratuit. L&apos;outil analysera les donn\u00e9es et pr\u00e9parera des r\u00e9sultats complets, y compris des d\u00e9tails sur les URL sortantes, les statuts dofollow et le texte d&apos;ancrage. Ce processus vous aidera \u00e0 identifier et \u00e0 r\u00e9soudre tout probl\u00e8me li\u00e9 aux r\u00e9f\u00e9rences sortantes tout en fournissant des informations sur une strat\u00e9gie efficace.<\/div>\n                            <\/div>\n                        <\/div><div class=\"panel\" itemscope itemtype=\"https:\/\/schema.org\/Question\" itemprop=\"mainEntity\">\n                            <div class=\"panel-heading\" id=\"headingFaq-2\">\n                                <div class=\"panel-title\" data-toggle=\"collapse\" aria-expanded=\"false\" href=\"#collapseFaq-2\">\n                                    <h3 itemprop=\"name\">Comment puis-je v\u00e9rifier si un lien est s\u00fbr ?<\/h3>\n                                <\/div>\n                            <\/div>\n                            <div id=\"collapseFaq-2\" class=\"panel-collapse collapse\" itemprop=\"acceptedAnswer\" itemscope itemtype=\"http:\/\/schema.org\/Answer\">\n                                <div class=\"panel-body\" itemprop=\"text\">Si vous avez besoin de v\u00e9rifier si une ressource vers laquelle vous souhaitez cr\u00e9er un lien est s\u00fbre et non spam, vous pouvez utiliser Sitechecker <a href=\"https:\/\/sitechecker.pro\/website-safety\/\" target=\"_blank\" rel=\"noopener noreferrer\">outil de s\u00e9curit\u00e9 de site Web<\/a><\/div>\n                            <\/div>\n                        <\/div><div class=\"panel\" itemscope itemtype=\"https:\/\/schema.org\/Question\" itemprop=\"mainEntity\">\n                            <div class=\"panel-heading\" id=\"headingFaq-3\">\n                                <div class=\"panel-title\" data-toggle=\"collapse\" aria-expanded=\"false\" href=\"#collapseFaq-3\">\n                                    <h3 itemprop=\"name\">Comment v\u00e9rifier si un lien est externe ou interne ?<\/h3>\n                                <\/div>\n                            <\/div>\n                            <div id=\"collapseFaq-3\" class=\"panel-collapse collapse\" itemprop=\"acceptedAnswer\" itemscope itemtype=\"http:\/\/schema.org\/Answer\">\n                                <div class=\"panel-body\" itemprop=\"text\">Pour v\u00e9rifier si une URL est interne ou externe, utilisez un analyseur d&apos;URL externe comme notre Sitechecker. En analysant soit un domaine, soit une page sp\u00e9cifique, la solution analyse les donn\u00e9es et fournit des informations sur les URL externes et internes, ce qui facilite la distinction entre les deux types.<\/div>\n                            <\/div>\n                        <\/div><div class=\"panel\" itemscope itemtype=\"https:\/\/schema.org\/Question\" itemprop=\"mainEntity\">\n                            <div class=\"panel-heading\" id=\"headingFaq-4\">\n                                <div class=\"panel-title\" data-toggle=\"collapse\" aria-expanded=\"false\" href=\"#collapseFaq-4\">\n                                    <h3 itemprop=\"name\">Comment rendre votre page pertinente ?<\/h3>\n                                <\/div>\n                            <\/div>\n                            <div id=\"collapseFaq-4\" class=\"panel-collapse collapse\" itemprop=\"acceptedAnswer\" itemscope itemtype=\"http:\/\/schema.org\/Answer\">\n                                <div class=\"panel-body\" itemprop=\"text\">Pour am\u00e9liorer la pertinence de la page, rendez toutes ses parties pertinentes, cr\u00e9ez une structure de site de qualit\u00e9 et travaillez sur les liens interconnect\u00e9s. Conseil important : l&apos;ancre doit \u00eatre pleine de mots-cl\u00e9s sur le m\u00eame sujet que les pages cibles. Ainsi, les mots-cl\u00e9s s\u00e9lectionn\u00e9s attireront du trafic cibl\u00e9. N\u00e9anmoins, il est essentiel d&apos;utiliser des textes de mots cl\u00e9s diff\u00e9rents, car les d\u00e9tecteurs de spam peuvent bannir votre site Web.<\/div>\n                            <\/div>\n                        <\/div><div class=\"panel\" itemscope itemtype=\"https:\/\/schema.org\/Question\" itemprop=\"mainEntity\">\n                            <div class=\"panel-heading\" id=\"headingFaq-5\">\n                                <div class=\"panel-title\" data-toggle=\"collapse\" aria-expanded=\"false\" href=\"#collapseFaq-5\">\n                                    <h3 itemprop=\"name\">Quels sont les autres moyens de trouver des liens externes sur mon site Web ?<\/h3>\n                                <\/div>\n                            <\/div>\n                            <div id=\"collapseFaq-5\" class=\"panel-collapse collapse\" itemprop=\"acceptedAnswer\" itemscope itemtype=\"http:\/\/schema.org\/Answer\">\n                                <div class=\"panel-body\" itemprop=\"text\">Il existe d&apos;autres moyens de v\u00e9rifier les r\u00e9f\u00e9rences externes, par exemple, Google Search Console ou des outils similaires \u00e0 notre analyseur de liens externes.<\/div>\n                            <\/div>\n                        <\/div><\/div><\/div><\/p>","protected":false},"excerpt":{"rendered":"Qu&#8217;est-ce qu&#8217;un v\u00e9rificateur de liens externes\u00a0? L&#8217;analyseur de liens externes est un outil con\u00e7u par des professionnels qui vous permet d&#8217;identifier et de suivre tous les hyperliens sortants de n&#8217;importe quelle page sp\u00e9cifique de votre site Web, couvrant chaque URL. De plus, il vous aide \u00e0 identifier et \u00e0 corriger tous les probl\u00e8mes li\u00e9s aux&#8230;","protected":false},"author":10409641,"featured_media":3741,"parent":0,"menu_order":0,"comment_status":"closed","ping_status":"closed","template":"pages-templates\/pages-minitools-3.php","meta":[],"categories":[72],"tags":[],"_links":{"self":[{"href":"https:\/\/sitechecker.pro\/fr\/wp-json\/wp\/v2\/pages\/1104"}],"collection":[{"href":"https:\/\/sitechecker.pro\/fr\/wp-json\/wp\/v2\/pages"}],"about":[{"href":"https:\/\/sitechecker.pro\/fr\/wp-json\/wp\/v2\/types\/page"}],"author":[{"embeddable":true,"href":"https:\/\/sitechecker.pro\/fr\/wp-json\/wp\/v2\/users\/10409641"}],"replies":[{"embeddable":true,"href":"https:\/\/sitechecker.pro\/fr\/wp-json\/wp\/v2\/comments?post=1104"}],"version-history":[{"count":63,"href":"https:\/\/sitechecker.pro\/fr\/wp-json\/wp\/v2\/pages\/1104\/revisions"}],"predecessor-version":[{"id":39246,"href":"https:\/\/sitechecker.pro\/fr\/wp-json\/wp\/v2\/pages\/1104\/revisions\/39246"}],"wp:featuredmedia":[{"embeddable":true,"href":"https:\/\/sitechecker.pro\/fr\/wp-json\/wp\/v2\/media\/3741"}],"wp:attachment":[{"href":"https:\/\/sitechecker.pro\/fr\/wp-json\/wp\/v2\/media?parent=1104"}],"wp:term":[{"taxonomy":"category","embeddable":true,"href":"https:\/\/sitechecker.pro\/fr\/wp-json\/wp\/v2\/categories?post=1104"},{"taxonomy":"post_tag","embeddable":true,"href":"https:\/\/sitechecker.pro\/fr\/wp-json\/wp\/v2\/tags?post=1104"}],"curies":[{"name":"wp","href":"https:\/\/api.w.org\/{rel}","templated":true}]}}