{"id":1063,"date":"2020-07-08T13:23:40","date_gmt":"2020-07-08T11:23:40","guid":{"rendered":"https:\/\/sitechecker.pro\/?page_id=1063"},"modified":"2026-02-19T15:27:13","modified_gmt":"2026-02-19T15:27:13","slug":"speed-test","status":"publish","type":"page","link":"https:\/\/sitechecker.pro\/fr\/speed-test\/","title":{"rendered":"Test de vitesse de site Web | V\u00e9rifier la vitesse de n&#8217;importe quelle URL sur le site Web \u2611"},"content":{"rendered":"<p><\/p>\n<h2 id=\"par1\">Qu&#8217;est-ce qu&#8217;un test de vitesse de site Web\u00a0?<\/h2>\n<p>Le test de vitesse de site Web de <a href=\"https:\/\/sitechecker.pro\/\" target=\"_blank\" rel=\"noopener noreferrer\">Sitechecker<\/a> est un outil qui \u00e9value les performances des pages Web en analysant diverses mesures telles que <a href=\"https:\/\/sitechecker.pro\/what-is-first-contentful-paint\/\" target=\"_blank\" rel=\"noopener noreferrer\">FCP<\/a>, FID, <a href=\"https:\/\/sitechecker.pro\/what-is-largest-contentful-paint\/\" target=\"_blank\" rel=\"noopener noreferrer\">LCP<\/a>, <a href=\"https:\/\/sitechecker.pro\/what-is-cumulative-layout-shift\/\" target=\"_blank\" rel=\"noopener noreferrer\">CLS<\/a>, et plus encore. Ces mesures \u00e9valuent la rapidit\u00e9 d&#8217;affichage du contenu et la r\u00e9activit\u00e9 d&#8217;une page \u00e0 vos interactions.<\/p>\n<p>Aliment\u00e9 par l&#8217;API Google PageSpeed \u200b\u200bInsights, cet outil \u00e9value la vitesse du site Web sur une \u00e9chelle de 0 \u00e0 100, les scores les plus \u00e9lev\u00e9s indiquant des performances sup\u00e9rieures. Il facilite les tests pour les versions de bureau et mobiles d&#8217;un site, en fournissant des informations permettant d&#8217;identifier et de r\u00e9soudre les facteurs contribuant \u00e0 la latence du site.<\/p>\n<h3>Comment l&#8217;outil peut-il vous aider\u00a0?<\/h3>\n<p><strong>\u00c9valuation des performances\u00a0: <\/strong>utilise l&#8217;API Google PageSpeed \u200b\u200bInsights pour \u00e9valuer la vitesse d&#8217;un site Web sur une \u00e9chelle de 0 \u00e0 100.<\/p>\n<p><strong>Tests de bureau et mobiles\u00a0: <\/strong>offre la possibilit\u00e9 d&#8217;analyser les performances des versions de site de bureau et mobiles.<\/p>\n<p><strong>\u00c9valuation des \u00e9l\u00e9ments essentiels du Web\u00a0: <\/strong>\u00e9value les indicateurs critiques de l&#8217;exp\u00e9rience utilisateur tels que FCP, FID, LCP et CLS.<\/p>\n<p><strong>Recommandations pour r\u00e9soudre les probl\u00e8mes de vitesse de chargement des pages\u00a0: <\/strong>Fournit des rapports d\u00e9taill\u00e9s et des suggestions pour am\u00e9liorer les temps de chargement des pages et les performances globales du site Web.<\/p>\n<p><strong>R\u00e9sultats en temps r\u00e9el\u00a0: <\/strong>Fournit une analyse rapide et un retour imm\u00e9diat sur les indicateurs de performance du site Web.<\/p>\n<h3>Principales fonctionnalit\u00e9s de l&#8217;outil<\/h3>\n<p><strong>Tableau de bord unifi\u00e9\u00a0: <\/strong>Une plate-forme centralis\u00e9e o\u00f9 vous pouvez consulter des analyses et des rapports complets sur les performances SEO de votre site Web.<\/p>\n<p><strong>Interface conviviale\u00a0: <\/strong>Une conception intuitive qui simplifie la navigation et permet aux utilisateurs de tous niveaux d&#8217;acc\u00e9der et d&#8217;utiliser facilement les outils SEO.<\/p>\n<p><strong>Ensemble complet d&#8217;outils SEO\u00a0: <\/strong>Une collection robuste d&#8217;outils pour la recherche de mots cl\u00e9s, l&#8217;audit de site, le suivi des classements, l&#8217;analyse des backlinks, etc., offrant une suite compl\u00e8te de ressources pour optimiser la pr\u00e9sence d&#8217;un site Web dans les moteurs de recherche.<\/p>\n<h2 id=\"par2\">Comment utiliser l&#8217;outil\u00a0?<\/h2>\n<p>Obtenez des informations d\u00e9taill\u00e9es sur la vitesse de chargement et la taille de la page, ou recherchez les pages pr\u00e9sentant des probl\u00e8mes de vitesse pour l&#8217;ensemble du site. Un test de vitesse est un moyen tr\u00e8s pratique d&#8217;obtenir des r\u00e9sultats de test et de les comparer avec les indicateurs apr\u00e8s avoir corrig\u00e9 des bugs sur votre site.<\/p>\n<p>Speed \u200b\u200bChecker peut \u00eatre utilis\u00e9 de deux mani\u00e8res\u00a0: en testant la vitesse du site Web ou d&#8217;une page sp\u00e9cifique. Choisissez l&#8217;option dont vous avez besoin, collez l&#8217;URL ou le domaine et v\u00e9rifiez. Apr\u00e8s cela, l&#8217;outil commencera \u00e0 analyser les donn\u00e9es. Vous pouvez voir comment d\u00e9marrer le processus d&#8217;analyse ci-dessous.<\/p>\n<div class=\"content__img-wrap\"><img src=\"https:\/\/sitechecker.pro\/wp-content\/uploads\/2024\/08\/1-Site-Speed-Selector-min.png\" alt=\"Test de vitesse du site Web\" class=\"description-img description-img-zoom\" loading=\"lazy\" ><\/div>\n<h2 id=\"par3\">Test de vitesse pour le site Web<\/h2>\n<h3>\u00c9tape 1\u00a0:\u00a0Ins\u00e9rez votre domaine<\/h3>\n<p>Si vous souhaitez v\u00e9rifier un domaine, appuyez sur le bouton \u00ab\u00a0V\u00e9rifier le domaine\u00a0\u00bb. Entrez votre nom de domaine dans le champ ci-dessous, appuyez sur le bouton et vous \u00eates pr\u00eat\u00a0!<\/p>\n<div class=\"content__img-wrap\"><img src=\"https:\/\/sitechecker.pro\/wp-content\/uploads\/2024\/08\/2-Site-Speed-Test-min.png\" alt=\"Speed  Test Domain Check\" class=\"description-img description-img-zoom\" loading=\"lazy\" ><\/div>\n<div class=\"important-block\">Pour recevoir les r\u00e9sultats et acc\u00e9der aux fonctionnalit\u00e9s de Sitechecker pendant 14 jours, d\u00e9marrez votre essai GRATUIT. L'inscription est simple avec votre e-mail, votre compte Google ou Facebook. Aucune carte de cr\u00e9dit n'est n\u00e9cessaire.<\/div>\n<h3>\u00c9tape 2\u00a0:\u00a0Obtenez le r\u00e9sultat<\/h3>\n<p>L&#8217;analyse d&#8217;un domaine cr\u00e9era un audit du site pour ce domaine, r\u00e9v\u00e9lant de nombreux probl\u00e8mes de vitesse de page, tels qu&#8217;un faible score d&#8217;analyse de la vitesse de page, une taille de page importante de plus de 4\u00a0Mo, des tailles de fichier CSS sup\u00e9rieures \u00e0 15\u00a0Ko, etc. Vous pouvez d\u00e9couvrir quelles pages sont affect\u00e9es en cliquant sur un probl\u00e8me donn\u00e9 et obtenir un rapport d\u00e9taill\u00e9 sur la vitesse de page. De cette fa\u00e7on, vous pouvez rapidement identifier et corriger les d\u00e9fauts existants.<\/p>\n<div class=\"content__img-wrap\"><img src=\"https:\/\/sitechecker.pro\/wp-content\/uploads\/2024\/01\/page-speed-issues.png\" alt=\"Probl\u00e8mes de vitesse de page\" class=\"description-img description-img-zoom\" loading=\"lazy\" ><\/div>\n<h3>Fonctionnalit\u00e9s suppl\u00e9mentaires du test de vitesse en cas de v\u00e9rification du domaine<\/h3>\n<p>De plus, une fois la v\u00e9rification du domaine termin\u00e9e, vous recevrez un rapport d&#8217;audit complet du site Web qui vous aidera \u00e0 trouver d&#8217;\u00e9ventuels probl\u00e8mes sur votre site. L&#8217;\u00e9tude comprendra \u00e9galement des suggestions sur la mani\u00e8re de r\u00e9pondre aux probl\u00e8mes identifi\u00e9s.<\/p>\n<p>Le rapport classe les probl\u00e8mes par type, tels que les critiques, les avertissements, les opportunit\u00e9s, les avis et les probl\u00e8mes nuls, ou par cat\u00e9gorie, comme les liens, l&#8217;indexabilit\u00e9, la pertinence du contenu, etc. Vous pouvez \u00e9galement utiliser le <a href=\"https:\/\/sitechecker.pro\/page-counter\/\"> compteur de pages<\/a> pour suivre le nombre total de pages sur votre site et vous assurer que tous les probl\u00e8mes identifi\u00e9s sont trait\u00e9s pour chaque page. Cette fonctionnalit\u00e9 vous aide \u00e0 identifier et \u00e0 r\u00e9soudre les probl\u00e8mes les plus pertinents pour le succ\u00e8s de votre site Web.<\/p>\n<div class=\"content__img-wrap\"><img src=\"https:\/\/sitechecker.pro\/wp-content\/uploads\/2024\/01\/issues-list-2.png\" alt=\"Liste des probl\u00e8mes\" class=\"description-img description-img-zoom\" loading=\"lazy\" ><\/div>\n<h2 id=\"par4\">Test de vitesse de page<\/h2>\n<h3>\u00c9tape 1\u00a0:\u00a0Ins\u00e9rez votre URL<\/h3>\n<p>Si vous souhaitez v\u00e9rifier une page sp\u00e9cifique, appuyez sur le bouton \u00ab\u00a0V\u00e9rifier la page\u00a0\u00bb. Saisissez votre URL dans le champ ci-dessous et appuyez sur le bouton.<\/p>\n<div class=\"content__img-wrap\"><img src=\"https:\/\/sitechecker.pro\/wp-content\/uploads\/2024\/08\/3-Page-Speed-Test-min.png\" alt=\"Speed  Test Page Check\" class=\"description-img description-img-zoom\" loading=\"lazy\" ><\/div>\n<h3>\u00c9tape 2\u00a0:\u00a0Analysez le r\u00e9sultat<\/h3>\n<p>Nous analyserons votre page et d\u00e9tecterons la vitesse de chargement de la page. Cela ne prendra que quelques secondes et vous obtiendrez imm\u00e9diatement les r\u00e9sultats pour votre URL.<\/p>\n<p>La page de r\u00e9sultats affiche le score global de la page et, en dessous, le Google Speed \u200b\u200bIndex ainsi que les mesures de vitesse de chargement.<\/p>\n<div class=\"content__img-wrap\"><img src=\"https:\/\/sitechecker.pro\/wp-content\/uploads\/2024\/01\/page-speed-results.png\" alt=\"R\u00e9sultats de vitesse de page\" class=\"description-img description-img-zoom\" loading=\"lazy\" ><\/div>\n<p>L&#8217;outil Page Speed \u200b\u200bChecker affiche les mesures de performance d&#8217;un site Web. Les \u00ab\u00a0donn\u00e9es de terrain\u00a0\u00bb indiquent un \u00e9chec \u00e0 respecter les Core Web Vitals, d\u00e9taillant les temps de chargement et la stabilit\u00e9. Les \u00ab\u00a0donn\u00e9es de laboratoire\u00a0\u00bb r\u00e9v\u00e8lent les retards d&#8217;interaction en temps r\u00e9el et la vitesse de chargement visuelle, guidant les efforts d&#8217;optimisation.<\/p>\n<p>Le Page Speed \u200b\u200bChecker vous fournit des conseils utiles sur la fa\u00e7on d&#8217;acc\u00e9l\u00e9rer les pages de votre site et les erreurs que vous devez commettre pour y parvenir.<\/p>\n<div class=\"content__img-wrap\"><img src=\"https:\/\/sitechecker.pro\/wp-content\/uploads\/2024\/01\/page-speed-checker-metrics.png\" alt=\"Page Speed  Checker Metrics\" class=\"description-img description-img-zoom\" loading=\"lazy\" ><\/div>\n<p>Vous pouvez \u00e9galement basculer facilement entre les r\u00e9sultats de vitesse de page pour ordinateur de bureau et mobile. Cela vous aidera \u00e0 am\u00e9liorer la vitesse de la page et \u00e0 l&#8217;optimiser pour tous les types d&#8217;appareils.<\/p>\n<div class=\"content__img-wrap\"><img src=\"https:\/\/sitechecker.pro\/wp-content\/uploads\/2024\/01\/page-speed-mobile-desktop.png\" alt=\"Page Speed  Mobile Desktop\" class=\"description-img description-img-zoom\" loading=\"lazy\" ><\/div>\n<p>Pour une compr\u00e9hension compl\u00e8te des capacit\u00e9s de l&#8217;outil de test de vitesse de site Web apr\u00e8s avoir analys\u00e9 une seule URL, pensez \u00e0 s\u00e9lectionner \u00ab\u00a0Ex\u00e9cuter un audit complet du site Web\u00a0\u00bb. Vous pouvez \u00e9galement vous r\u00e9f\u00e9rer \u00e0 la section initiale du manuel sur la v\u00e9rification du domaine pour identifier tous les probl\u00e8mes li\u00e9s \u00e0 la vitesse sur votre site.<\/p>\n<p>De plus, un projet de d\u00e9monstration interactif est disponible pour d\u00e9montrer les avantages pratiques de l&#8217;utilisation de cet outil.<\/p>\n<p>Dans la section \u00ab Audit du site \u00bb, l&#8217;outil pr\u00e9sente un exemple de projet qui vous permet de vous familiariser avec ses fonctionnalit\u00e9s et d&#8217;apprendre \u00e0 les exploiter pour l&#8217;\u00e9valuation du r\u00e9f\u00e9rencement de votre site Web.<\/p>\n<div class=\"content__img-wrap\"><img src=\"https:\/\/sitechecker.pro\/wp-content\/uploads\/2024\/01\/run-full-website-audit-1.png\" alt=\"Ex\u00e9cuter l'audit complet du site Web\" class=\"description-img description-img-zoom\" loading=\"lazy\" ><\/div>\n<h3>Fonctionnalit\u00e9s suppl\u00e9mentaires<\/h3>\n<p>Le testeur de vitesse de chargement de page pr\u00e9sente un audit d\u00e9taill\u00e9 des performances de la page, mettant en \u00e9vidence des informations critiques dans une interface simplifi\u00e9e.<\/p>\n<p>Dans la section Pr\u00e9sentation des probl\u00e8mes, vous pouvez imm\u00e9diatement saisir la gravit\u00e9 des probl\u00e8mes class\u00e9s sous \u00ab\u00a0Critiques\u00a0\u00bb et \u00ab\u00a0Avertissements\u00a0\u00bb.<\/p>\n<p>La barre de navigation de page sur la droite permet un acc\u00e8s rapide \u00e0 diff\u00e9rentes sections du rapport, notamment l&#8217;optimisation du contenu, les donn\u00e9es structur\u00e9es, les images, l&#8217;optimisation de la recherche et les liens, vous permettant de naviguer efficacement dans l&#8217;analyse.<\/p>\n<div class=\"content__img-wrap\"><img src=\"https:\/\/sitechecker.pro\/wp-content\/uploads\/2024\/01\/issues-overview-4.png\" alt=\"Aper\u00e7u des probl\u00e8mes\" class=\"description-img description-img-zoom\" loading=\"lazy\" ><\/div>\n<p>Le rapport \u00e9value \u00e9galement les probl\u00e8mes li\u00e9s aux performances, o\u00f9 l&#8217;activation de la <a href=\"https:\/\/sitechecker.pro\/gzip-test\/\">compression GZIP<\/a> peut am\u00e9liorer consid\u00e9rablement la vitesse de votre site. La compression des donn\u00e9es textuelles r\u00e9duit les temps de chargement et am\u00e9liore l&#8217;exp\u00e9rience utilisateur, ce qui a un impact direct sur le r\u00e9f\u00e9rencement. Pour vous assurer que votre site est facilement accessible aux robots des moteurs de recherche, vous pouvez utiliser le <a href=\"https:\/\/sitechecker.pro\/crawlability-checker\/\">Crawlability Checker<\/a> pour identifier les probl\u00e8mes emp\u00eachant vos pages d&#8217;\u00eatre correctement explor\u00e9es et index\u00e9es, am\u00e9liorant ainsi votre strat\u00e9gie globale d&#8217;optimisation du site.<\/p>\n<h2 id=\"par5\">Id\u00e9e finale<\/h2>\n<p>Le v\u00e9rificateur de vitesse de site Web est un outil complet qui mesure les performances des pages Web \u00e0 l&#8217;aide de mesures telles que FCP, FID, LCP et CLS, offrant une \u00e9valuation des performances et des informations exploitables pour les sites de bureau et mobiles. Ses principales fonctionnalit\u00e9s comprennent un tableau de bord unifi\u00e9, une interface conviviale et un ensemble complet d&#8217;outils de r\u00e9f\u00e9rencement. Pour l&#8217;utilisation, il propose des tests gratuits pour des domaines ou des pages sp\u00e9cifiques, avec la possibilit\u00e9 d&#8217;un audit complet du site. L&#8217;outil fournit \u00e9galement des audits d\u00e9taill\u00e9s, identifie les probl\u00e8mes et sugg\u00e8re des optimisations pour am\u00e9liorer les performances SEO, le tout accessible via une interface intuitive.<\/p>\n<div id=\"par6\"><\/div>\n<p><div class=\"front__faq-block\"><div class=\"faq__block-title\">FAQ<\/div><div class=\"panel-group\" id=\"faq-accordion\" itemscope itemtype=\"https:\/\/schema.org\/FAQPage\" role=\"tablist\" aria-multiselectable=\"true\"><div class=\"panel\" itemscope itemtype=\"https:\/\/schema.org\/Question\" itemprop=\"mainEntity\">\n                            <div class=\"panel-heading\" id=\"headingFaq-1\">\n                                <div class=\"panel-title\" data-toggle=\"collapse\" aria-expanded=\"false\" href=\"#collapseFaq-1\">\n                                    <h3 itemprop=\"name\">L'outil Site Speed  Test de Sitechecker peut-il analyser plusieurs pages \u00e0 la fois ?<\/h3>\n                                <\/div>\n                            <\/div>\n                            <div id=\"collapseFaq-1\" class=\"panel-collapse collapse\" itemprop=\"acceptedAnswer\" itemscope itemtype=\"http:\/\/schema.org\/Answer\">\n                                <div class=\"panel-body\" itemprop=\"text\">Oui, l'outil peut v\u00e9rifier la vitesse d'un site Web en analysant plusieurs pages simultan\u00e9ment pour d\u00e9tecter les probl\u00e8mes de vitesse et de performances.<\/div>\n                            <\/div>\n                        <\/div><div class=\"panel\" itemscope itemtype=\"https:\/\/schema.org\/Question\" itemprop=\"mainEntity\">\n                            <div class=\"panel-heading\" id=\"headingFaq-2\">\n                                <div class=\"panel-title\" data-toggle=\"collapse\" aria-expanded=\"false\" href=\"#collapseFaq-2\">\n                                    <h3 itemprop=\"name\">L'utilisation de l'outil Website Speed  Test pour les v\u00e9rifications de domaine ou de page est-elle payante ?<\/h3>\n                                <\/div>\n                            <\/div>\n                            <div id=\"collapseFaq-2\" class=\"panel-collapse collapse\" itemprop=\"acceptedAnswer\" itemscope itemtype=\"http:\/\/schema.org\/Answer\">\n                                <div class=\"panel-body\" itemprop=\"text\">L'outil propose un essai gratuit pour les v\u00e9rifications de domaine et de page, sans carte de cr\u00e9dit requise pour l'inscription.<\/div>\n                            <\/div>\n                        <\/div><div class=\"panel\" itemscope itemtype=\"https:\/\/schema.org\/Question\" itemprop=\"mainEntity\">\n                            <div class=\"panel-heading\" id=\"headingFaq-3\">\n                                <div class=\"panel-title\" data-toggle=\"collapse\" aria-expanded=\"false\" href=\"#collapseFaq-3\">\n                                    <h3 itemprop=\"name\">L'outil Website Speed  Test propose-t-il des suggestions pour am\u00e9liorer les performances du site ?<\/h3>\n                                <\/div>\n                            <\/div>\n                            <div id=\"collapseFaq-3\" class=\"panel-collapse collapse\" itemprop=\"acceptedAnswer\" itemscope itemtype=\"http:\/\/schema.org\/Answer\">\n                                <div class=\"panel-body\" itemprop=\"text\">Oui, il fournit un rapport d\u00e9taill\u00e9 avec des recommandations d'optimisation pour am\u00e9liorer les performances du site.<\/div>\n                            <\/div>\n                        <\/div><div class=\"panel\" itemscope itemtype=\"https:\/\/schema.org\/Question\" itemprop=\"mainEntity\">\n                            <div class=\"panel-heading\" id=\"headingFaq-4\">\n                                <div class=\"panel-title\" data-toggle=\"collapse\" aria-expanded=\"false\" href=\"#collapseFaq-4\">\n                                    <h3 itemprop=\"name\">Combien de temps faut-il pour obtenir les r\u00e9sultats du test de vitesse du site Web ?<\/h3>\n                                <\/div>\n                            <\/div>\n                            <div id=\"collapseFaq-4\" class=\"panel-collapse collapse\" itemprop=\"acceptedAnswer\" itemscope itemtype=\"http:\/\/schema.org\/Answer\">\n                                <div class=\"panel-body\" itemprop=\"text\">L'outil permet une analyse rapide et fournit un retour imm\u00e9diat sur les mesures de performance du site Web.<\/div>\n                            <\/div>\n                        <\/div><\/div><\/div><\/p>","protected":false},"excerpt":{"rendered":"Qu&#8217;est-ce qu&#8217;un test de vitesse de site Web\u00a0? Le test de vitesse de site Web de Sitechecker est un outil qui \u00e9value les performances des pages Web en analysant diverses mesures telles que FCP, FID, LCP, CLS, et plus encore. Ces mesures \u00e9valuent la rapidit\u00e9 d&#8217;affichage du contenu et la r\u00e9activit\u00e9 d&#8217;une page \u00e0 vos&#8230;","protected":false},"author":10409641,"featured_media":3348,"parent":0,"menu_order":0,"comment_status":"closed","ping_status":"closed","template":"pages-templates\/pages-minitools-3.php","meta":[],"categories":[74],"tags":[],"_links":{"self":[{"href":"https:\/\/sitechecker.pro\/fr\/wp-json\/wp\/v2\/pages\/1063"}],"collection":[{"href":"https:\/\/sitechecker.pro\/fr\/wp-json\/wp\/v2\/pages"}],"about":[{"href":"https:\/\/sitechecker.pro\/fr\/wp-json\/wp\/v2\/types\/page"}],"author":[{"embeddable":true,"href":"https:\/\/sitechecker.pro\/fr\/wp-json\/wp\/v2\/users\/10409641"}],"replies":[{"embeddable":true,"href":"https:\/\/sitechecker.pro\/fr\/wp-json\/wp\/v2\/comments?post=1063"}],"version-history":[{"count":230,"href":"https:\/\/sitechecker.pro\/fr\/wp-json\/wp\/v2\/pages\/1063\/revisions"}],"predecessor-version":[{"id":39384,"href":"https:\/\/sitechecker.pro\/fr\/wp-json\/wp\/v2\/pages\/1063\/revisions\/39384"}],"wp:featuredmedia":[{"embeddable":true,"href":"https:\/\/sitechecker.pro\/fr\/wp-json\/wp\/v2\/media\/3348"}],"wp:attachment":[{"href":"https:\/\/sitechecker.pro\/fr\/wp-json\/wp\/v2\/media?parent=1063"}],"wp:term":[{"taxonomy":"category","embeddable":true,"href":"https:\/\/sitechecker.pro\/fr\/wp-json\/wp\/v2\/categories?post=1063"},{"taxonomy":"post_tag","embeddable":true,"href":"https:\/\/sitechecker.pro\/fr\/wp-json\/wp\/v2\/tags?post=1063"}],"curies":[{"name":"wp","href":"https:\/\/api.w.org\/{rel}","templated":true}]}}