{"id":1003,"date":"2017-12-27T09:37:14","date_gmt":"2017-12-27T09:37:14","guid":{"rendered":"https:\/\/sitechecker.pro\/?page_id=1003"},"modified":"2025-02-27T13:39:56","modified_gmt":"2025-02-27T13:39:56","slug":"http-status-codes","status":"publish","type":"page","link":"https:\/\/sitechecker.pro\/fr\/http-status-codes\/","title":{"rendered":"HTTP Status Code Checker : Testez les codes de r\u00e9ponse \u2611"},"content":{"rendered":"<p><\/p>\n<h2 id=\"par1\">Qu&#8217;est-ce que le testeur de code d&#8217;\u00e9tat HTTP\u00a0?<\/h2>\n<p>Le validateur de code d&#8217;\u00e9tat HTTP sur <a href=\"https:\/\/sitechecker.pro\/\" target=\"_blank\" rel=\"noopener noreferrer\">Sitechecker<\/a> aide les utilisateurs \u00e0 v\u00e9rifier l&#8217;\u00e9tat de r\u00e9ponse HTTP d&#8217;une page Web sp\u00e9cifique ou de toutes les pages d&#8217;un site Web. Il permet aux propri\u00e9taires de sites Web, aux d\u00e9veloppeurs et aux sp\u00e9cialistes du r\u00e9f\u00e9rencement d&#8217;identifier rapidement les probl\u00e8mes potentiels d&#8217;accessibilit\u00e9 des pages, de redirections, d&#8217;erreurs de serveur et de liens rompus, garantissant ainsi des performances fluides du site Web et une indexation optimale des moteurs de recherche.<\/p>\n<h3>Comment l&#8217;outil peut-il vous aider\u00a0?<\/h3>\n<p><strong>V\u00e9rification du code d&#8217;\u00e9tat HTTP\u00a0:<\/strong>permet aux utilisateurs de v\u00e9rifier rapidement le code d&#8217;\u00e9tat HTTP d&#8217;une page Web sp\u00e9cifique en temps r\u00e9el, ce qui permet de diagnostiquer imm\u00e9diatement les probl\u00e8mes d&#8217;accessibilit\u00e9.<\/p>\n<p><strong>Audit de l&#8217;\u00e9tat du site Web\u00a0:<\/strong>fournit un audit complet de toutes les pages d&#8217;un site Web, en identifiant les codes d&#8217;\u00e9tat non 200 (par exemple, 404, 301, 500), les liens rompus et les cha\u00eenes de redirection qui peuvent affecter le r\u00e9f\u00e9rencement et l&#8217;exp\u00e9rience utilisateur.<\/p>\n<p><strong>Surveillance et alertes automatis\u00e9es\u00a0:<\/strong>suit les codes d&#8217;\u00e9tat du site Web et envoie des alertes par e-mail sur les liens rompus, les temps d&#8217;arr\u00eat et les temps de disponibilit\u00e9, permettant aux utilisateurs de r\u00e9soudre de mani\u00e8re proactive les probl\u00e8mes d&#8217;accessibilit\u00e9 et de garantir la stabilit\u00e9 du site Web.<\/p>\n<h3>Principales fonctionnalit\u00e9s de l&#8217;outil<\/h3>\n<p><strong>Tableau de bord unifi\u00e9\u00a0:<\/strong>fournit un hub centralis\u00e9 o\u00f9 les utilisateurs peuvent surveiller les performances du site Web, suivre les mesures de r\u00e9f\u00e9rencement et acc\u00e9der aux rapports d&#8217;audit en un seul endroit, garantissant une gestion transparente du flux de travail.<\/p>\n<p><strong>Interface conviviale\u00a0:<\/strong>con\u00e7ue dans un souci de simplicit\u00e9, ce qui permet aux d\u00e9butants et aux professionnels de naviguer, d&#8217;interpr\u00e9ter les informations et d&#8217;agir facilement sans expertise technique.<\/p>\n<p><strong>Ensemble complet d&#8217;outils SEO\u00a0:<\/strong>offre une suite compl\u00e8te d&#8217;outils SEO, notamment des audits de site, le suivi des mots cl\u00e9s et la surveillance en temps r\u00e9el, aidant les utilisateurs \u00e0 optimiser efficacement leurs sites Web.<\/p>\n<h2 id=\"par2\">Comment utiliser l&#8217;outil<\/h2>\n<p>Pour utiliser l&#8217;outil, s\u00e9lectionnez une option d&#8217;audit\u00a0: une v\u00e9rification rapide d&#8217;une seule page ou un audit complet du site Web. Cliquez sur D\u00e9marrer l&#8217;audit pour commencer, puis examinez le rapport pour conna\u00eetre les codes d&#8217;\u00e9tat, les liens rompus et d&#8217;autres probl\u00e8mes affectant les performances de votre site.<\/p>\n<h2 id=\"par3\">Tester les codes d&#8217;\u00e9tat pour toutes les pages du site Web<\/h2>\n<h3>\u00c9tape 1\u00a0: Choisissez l&#8217;option \u00ab\u00a0Tester les codes d&#8217;\u00e9tat pour toutes les pages\u00a0\u00bb<\/h3>\n<div class=\"content__img-wrap\"><img src=\"https:\/\/sitechecker.pro\/wp-content\/uploads\/2025\/02\/test-status-codes-all-pages.png\" alt=\"Tester les codes d'\u00e9tat pour toutes les pages\" class=\"description-img description-img-zoom\" loading=\"lazy\" ><\/div>\n<div class=\"important-block\">Pour recevoir les r\u00e9sultats et acc\u00e9der aux fonctionnalit\u00e9s de Sitechecker pendant 14 jours, d\u00e9marrez votre essai GRATUIT. L'inscription est facile avec votre e-mail, votre compte Google ou Facebook. Aucune carte de cr\u00e9dit n'est n\u00e9cessaire.<\/div>\n<h3>\u00c9tape 2\u00a0: Analyse des r\u00e9sultats<\/h3>\n<p>Obtenez un aper\u00e7u complet des codes d&#8217;\u00e9tat HTTP de votre site Web, en identifiant les pages r\u00e9ussies, les redirections, les erreurs et les liens rompus pour garantir des performances optimales du site et une visibilit\u00e9 sur les moteurs de recherche.<\/p>\n<div class=\"content__img-wrap\"><img src=\"https:\/\/sitechecker.pro\/wp-content\/uploads\/2025\/02\/all-html-pages-status-codes.png\" alt=\"Tous les codes d'\u00e9tat des pages HTML\" class=\"description-img description-img-zoom\" loading=\"lazy\" ><\/div>\n<h3>Fonctionnalit\u00e9s suppl\u00e9mentaires du test complet des codes d&#8217;\u00e9tat<\/h3>\n<p>Cliquez sur la section Audit du site pour acc\u00e9der \u00e0 un rapport complet sur l&#8217;\u00e9tat du site Web. Obtenez des informations plus approfondies au-del\u00e0 des codes d&#8217;\u00e9tat HTTP gr\u00e2ce \u00e0 un audit d\u00e9taill\u00e9 qui identifie les probl\u00e8mes critiques, les probl\u00e8mes d&#8217;indexabilit\u00e9, la pertinence du contenu, les risques de s\u00e9curit\u00e9, les redirections, la vitesse des pages et les erreurs de validation du code, vous aidant ainsi \u00e0 optimiser l&#8217;\u00e9tat et les performances de votre site Web.<\/p>\n<div class=\"content__img-wrap\"><img src=\"https:\/\/sitechecker.pro\/wp-content\/uploads\/2025\/02\/site-audit-issues_67bf156dd1a7a.png\" alt=\"Probl\u00e8mes d'audit de site\" class=\"description-img description-img-zoom\" loading=\"lazy\" ><\/div>\n<h2 id=\"par4\">V\u00e9rificateur de code d&#8217;\u00e9tat d&#8217;URL<\/h2>\n<h3>\u00c9tape 1\u00a0: Choisissez l&#8217;option \u00ab\u00a0Test du code d&#8217;\u00e9tat\u00a0\u00bb pour la page<\/h3>\n<div class=\"content__img-wrap\"><img src=\"https:\/\/sitechecker.pro\/wp-content\/uploads\/2025\/02\/test-status-code-one-page.png\" alt=\"Test du code d'\u00e9tat d'une page\" class=\"description-img description-img-zoom\" loading=\"lazy\" ><\/div>\n<h3>\u00c9tape 2\u00a0: Obtenir les r\u00e9sultats<\/h3>\n<p>Lorsque vous ajoutez une URL \u00e0 notre outil en ligne, nous explorerons votre site pour collecter des donn\u00e9es pour cette URL. Ce processus ne prend que quelques secondes. Sur la page de r\u00e9sultats, vous trouverez le statut de r\u00e9ponse de l&#8217;URL et d&#8217;autres donn\u00e9es d&#8217;audit SEO sur la page.<\/p>\n<p><strong>R\u00e9sultat du v\u00e9rificateur d&#8217;\u00e9tat HTTP pour la page\u00a0:<\/strong><\/p>\n<div class=\"content__img-wrap\"><img src=\"https:\/\/sitechecker.pro\/wp-content\/uploads\/2025\/02\/test-status-code-result.png\" alt=\"R\u00e9sultat du code d'\u00e9tat du test\" class=\"description-img description-img-zoom\" loading=\"lazy\" ><\/div>\n<p>Visitez la section Audit de site pour d\u00e9bloquer toutes les fonctionnalit\u00e9s de l&#8217;outil. Essayez la version de d\u00e9monstration pour voir comment Sitechecker d\u00e9tecte et r\u00e9sout les probl\u00e8mes techniques critiques de r\u00e9f\u00e9rencement.<\/p>\n<div class=\"content__img-wrap\"><img src=\"https:\/\/sitechecker.pro\/wp-content\/uploads\/2025\/02\/sitechecker-site-audit_67bf1571df51a.png\" alt=\"Audit de site Sitechecker\" class=\"description-img description-img-zoom\" loading=\"lazy\" ><\/div>\n<h3>Fonctionnalit\u00e9s suppl\u00e9mentaires de test du code d&#8217;\u00e9tat de la page<\/h3>\n<p>Acc\u00e9dez au panneau de navigation de page sur le c\u00f4t\u00e9 droit pour explorer diff\u00e9rentes cat\u00e9gories d&#8217;audit, telles que la vue d&#8217;ensemble des probl\u00e8mes, l&#8217;optimisation du contenu, les donn\u00e9es structur\u00e9es, les images, l&#8217;optimisation de la recherche et les informations sur la vitesse de la page. Chaque section fournit des informations sp\u00e9cifiques pour vous aider \u00e0 am\u00e9liorer les performances de votre page Web.<\/p>\n<div class=\"content__img-wrap\"><img src=\"https:\/\/sitechecker.pro\/wp-content\/uploads\/2025\/02\/issues-overview_67bf1569d5d82.png\" alt=\"Vue d'ensemble des probl\u00e8mes\" class=\"description-img description-img-zoom\" loading=\"lazy\" ><\/div>\n<p>Obtenez une analyse compl\u00e8te de l&#8217;\u00e9tat de sant\u00e9 de votre page, y compris les probl\u00e8mes critiques et d&#8217;avertissement. Identifiez les probl\u00e8mes de performances, analysez l&#8217;\u00e9tat des donn\u00e9es structur\u00e9es, optimisez les images et abordez les facteurs techniques de r\u00e9f\u00e9rencement pour am\u00e9liorer la visibilit\u00e9 de la recherche et l&#8217;efficacit\u00e9 du contenu.<\/p>\n<h2 id=\"par5\">Id\u00e9e finale<\/h2>\n<p>Le v\u00e9rificateur de code d&#8217;\u00e9tat HTTP aide les utilisateurs \u00e0 v\u00e9rifier rapidement les codes de r\u00e9ponse du serveur pour des pages individuelles ou des sites Web entiers. Il identifie les probl\u00e8mes d&#8217;accessibilit\u00e9, les redirections, les liens rompus et les erreurs de serveur pour garantir des performances fluides et une optimisation du r\u00e9f\u00e9rencement. L&#8217;outil offre une v\u00e9rification de l&#8217;\u00e9tat en temps r\u00e9el, un audit complet du site Web et une surveillance automatis\u00e9e avec des alertes. Les fonctionnalit\u00e9s suppl\u00e9mentaires incluent un tableau de bord unifi\u00e9, une interface intuitive et un ensemble complet d&#8217;outils de r\u00e9f\u00e9rencement. Les utilisateurs peuvent analyser les probl\u00e8mes critiques du site Web au-del\u00e0 des codes d&#8217;\u00e9tat, notamment la pertinence du contenu, la s\u00e9curit\u00e9 et la vitesse de la page.<\/p>\n<div id=\"par6\"><\/div>\n<p><div class=\"front__faq-block\"><div class=\"faq__block-title\">FAQ<\/div><div class=\"panel-group\" id=\"faq-accordion\" itemscope itemtype=\"https:\/\/schema.org\/FAQPage\" role=\"tablist\" aria-multiselectable=\"true\"><div class=\"panel\" itemscope itemtype=\"https:\/\/schema.org\/Question\" itemprop=\"mainEntity\">\n                            <div class=\"panel-heading\" id=\"headingFaq-1\">\n                                <div class=\"panel-title\" data-toggle=\"collapse\" aria-expanded=\"false\" href=\"#collapseFaq-1\">\n                                    <h3 itemprop=\"name\">Quelle est la diff\u00e9rence entre la v\u00e9rification d'une seule page et un audit complet du site Web ?<\/h3>\n                                <\/div>\n                            <\/div>\n                            <div id=\"collapseFaq-1\" class=\"panel-collapse collapse\" itemprop=\"acceptedAnswer\" itemscope itemtype=\"http:\/\/schema.org\/Answer\">\n                                <div class=\"panel-body\" itemprop=\"text\">Une v\u00e9rification d'une seule page fournit une r\u00e9ponse instantan\u00e9e sous forme de code d'\u00e9tat HTTP pour une URL sp\u00e9cifique, tandis qu'un audit complet du site Web analyse toutes les pages, d\u00e9tectant les redirections, les liens rompus et les probl\u00e8mes de r\u00e9f\u00e9rencement.<\/div>\n                            <\/div>\n                        <\/div><div class=\"panel\" itemscope itemtype=\"https:\/\/schema.org\/Question\" itemprop=\"mainEntity\">\n                            <div class=\"panel-heading\" id=\"headingFaq-2\">\n                                <div class=\"panel-title\" data-toggle=\"collapse\" aria-expanded=\"false\" href=\"#collapseFaq-2\">\n                                    <h3 itemprop=\"name\">L'outil prend-il en charge la surveillance des probl\u00e8mes de site Web en cours ?<\/h3>\n                                <\/div>\n                            <\/div>\n                            <div id=\"collapseFaq-2\" class=\"panel-collapse collapse\" itemprop=\"acceptedAnswer\" itemscope itemtype=\"http:\/\/schema.org\/Answer\">\n                                <div class=\"panel-body\" itemprop=\"text\">Oui, l'outil comprend une surveillance et des alertes automatis\u00e9es, avertissant les utilisateurs des liens rompus, des temps d'arr\u00eat et des temps de disponibilit\u00e9 par e-mail.<\/div>\n                            <\/div>\n                        <\/div><div class=\"panel\" itemscope itemtype=\"https:\/\/schema.org\/Question\" itemprop=\"mainEntity\">\n                            <div class=\"panel-heading\" id=\"headingFaq-3\">\n                                <div class=\"panel-title\" data-toggle=\"collapse\" aria-expanded=\"false\" href=\"#collapseFaq-3\">\n                                    <h3 itemprop=\"name\">Comment puis-je acc\u00e9der aux rapports d'audit ant\u00e9rieurs ?<\/h3>\n                                <\/div>\n                            <\/div>\n                            <div id=\"collapseFaq-3\" class=\"panel-collapse collapse\" itemprop=\"acceptedAnswer\" itemscope itemtype=\"http:\/\/schema.org\/Answer\">\n                                <div class=\"panel-body\" itemprop=\"text\">Les utilisateurs peuvent revoir les rapports d'audit ant\u00e9rieurs \u00e0 partir du tableau de bord Audit du site, o\u00f9 les donn\u00e9es historiques et les tendances sont stock\u00e9es pour analyse.<\/div>\n                            <\/div>\n                        <\/div><div class=\"panel\" itemscope itemtype=\"https:\/\/schema.org\/Question\" itemprop=\"mainEntity\">\n                            <div class=\"panel-heading\" id=\"headingFaq-4\">\n                                <div class=\"panel-title\" data-toggle=\"collapse\" aria-expanded=\"false\" href=\"#collapseFaq-4\">\n                                    <h3 itemprop=\"name\">Puis-je int\u00e9grer cet outil \u00e0 Google Search Console ?<\/h3>\n                                <\/div>\n                            <\/div>\n                            <div id=\"collapseFaq-4\" class=\"panel-collapse collapse\" itemprop=\"acceptedAnswer\" itemscope itemtype=\"http:\/\/schema.org\/Answer\">\n                                <div class=\"panel-body\" itemprop=\"text\">Oui, l'outil permet l'int\u00e9gration \u00e0 Google Search Console pour am\u00e9liorer l'analyse et fournir des informations d'indexation et de classement plus pr\u00e9cises.<\/div>\n                            <\/div>\n                        <\/div><div class=\"panel\" itemscope itemtype=\"https:\/\/schema.org\/Question\" itemprop=\"mainEntity\">\n                            <div class=\"panel-heading\" id=\"headingFaq-5\">\n                                <div class=\"panel-title\" data-toggle=\"collapse\" aria-expanded=\"false\" href=\"#collapseFaq-5\">\n                                    <h3 itemprop=\"name\">Combien de temps dure un audit de site Web ?<\/h3>\n                                <\/div>\n                            <\/div>\n                            <div id=\"collapseFaq-5\" class=\"panel-collapse collapse\" itemprop=\"acceptedAnswer\" itemscope itemtype=\"http:\/\/schema.org\/Answer\">\n                                <div class=\"panel-body\" itemprop=\"text\">Une v\u00e9rification d'une seule page prend quelques secondes, tandis qu'un audit complet du site Web d\u00e9pend du nombre de pages, mais se termine g\u00e9n\u00e9ralement en quelques minutes.<\/div>\n                            <\/div>\n                        <\/div><div class=\"panel\" itemscope itemtype=\"https:\/\/schema.org\/Question\" itemprop=\"mainEntity\">\n                            <div class=\"panel-heading\" id=\"headingFaq-6\">\n                                <div class=\"panel-title\" data-toggle=\"collapse\" aria-expanded=\"false\" href=\"#collapseFaq-6\">\n                                    <h3 itemprop=\"name\">Puis-je suivre les changements dans les codes d'\u00e9tat de mon site Web au fil du temps ?<\/h3>\n                                <\/div>\n                            <\/div>\n                            <div id=\"collapseFaq-6\" class=\"panel-collapse collapse\" itemprop=\"acceptedAnswer\" itemscope itemtype=\"http:\/\/schema.org\/Answer\">\n                                <div class=\"panel-body\" itemprop=\"text\">Oui, Sitechecker enregistre les donn\u00e9es historiques, ce qui permet aux utilisateurs de suivre les changements de code d'\u00e9tat et de surveiller les tendances de sant\u00e9 du site Web.<\/div>\n                            <\/div>\n                        <\/div><\/div><\/div><\/p>","protected":false},"excerpt":{"rendered":"Qu&#8217;est-ce que le testeur de code d&#8217;\u00e9tat HTTP\u00a0? Le validateur de code d&#8217;\u00e9tat HTTP sur Sitechecker aide les utilisateurs \u00e0 v\u00e9rifier l&#8217;\u00e9tat de r\u00e9ponse HTTP d&#8217;une page Web sp\u00e9cifique ou de toutes les pages d&#8217;un site Web. Il permet aux propri\u00e9taires de sites Web, aux d\u00e9veloppeurs et aux sp\u00e9cialistes du r\u00e9f\u00e9rencement d&#8217;identifier rapidement les probl\u00e8mes&#8230;","protected":false},"author":10409641,"featured_media":3418,"parent":0,"menu_order":0,"comment_status":"closed","ping_status":"closed","template":"pages-templates\/pages-minitools-3.php","meta":[],"categories":[73],"tags":[],"_links":{"self":[{"href":"https:\/\/sitechecker.pro\/fr\/wp-json\/wp\/v2\/pages\/1003"}],"collection":[{"href":"https:\/\/sitechecker.pro\/fr\/wp-json\/wp\/v2\/pages"}],"about":[{"href":"https:\/\/sitechecker.pro\/fr\/wp-json\/wp\/v2\/types\/page"}],"author":[{"embeddable":true,"href":"https:\/\/sitechecker.pro\/fr\/wp-json\/wp\/v2\/users\/10409641"}],"replies":[{"embeddable":true,"href":"https:\/\/sitechecker.pro\/fr\/wp-json\/wp\/v2\/comments?post=1003"}],"version-history":[{"count":91,"href":"https:\/\/sitechecker.pro\/fr\/wp-json\/wp\/v2\/pages\/1003\/revisions"}],"predecessor-version":[{"id":35759,"href":"https:\/\/sitechecker.pro\/fr\/wp-json\/wp\/v2\/pages\/1003\/revisions\/35759"}],"wp:featuredmedia":[{"embeddable":true,"href":"https:\/\/sitechecker.pro\/fr\/wp-json\/wp\/v2\/media\/3418"}],"wp:attachment":[{"href":"https:\/\/sitechecker.pro\/fr\/wp-json\/wp\/v2\/media?parent=1003"}],"wp:term":[{"taxonomy":"category","embeddable":true,"href":"https:\/\/sitechecker.pro\/fr\/wp-json\/wp\/v2\/categories?post=1003"},{"taxonomy":"post_tag","embeddable":true,"href":"https:\/\/sitechecker.pro\/fr\/wp-json\/wp\/v2\/tags?post=1003"}],"curies":[{"name":"wp","href":"https:\/\/api.w.org\/{rel}","templated":true}]}}