{"id":10026,"date":"2020-06-12T12:45:55","date_gmt":"2020-06-12T10:45:55","guid":{"rendered":"https:\/\/sitechecker.pro\/?page_id=10026"},"modified":"2026-02-16T17:22:27","modified_gmt":"2026-02-16T17:22:27","slug":"website-word-counter","status":"publish","type":"page","link":"https:\/\/sitechecker.pro\/fr\/website-word-counter\/","title":{"rendered":"Website Word Counter | Obtenir le nombre de mots pour n&#8217;importe quelle page d&#8217;un site Web"},"content":{"rendered":"<p><\/p>\n<h2 id=\"par1\">Qu&#8217;est-ce que le compteur de mots pour site web\u00a0?<\/h2>\n<p>Le compteur de mots pour site web de <a href=\"https:\/\/sitechecker.pro\/\" target=\"_blank\" rel=\"noopener noreferrer\">Sitechecker<\/a> est un outil con\u00e7u pour calculer le nombre de mots de pages sp\u00e9cifiques et de sites web entiers. Essentiel pour le SEO, il vous aide \u00e0 comprendre le volume de contenu de votre site, qui a un impact direct sur le classement, l&#8217;exp\u00e9rience utilisateur et l&#8217;avantage concurrentiel. L&#8217;outil identifie \u00e9galement les probl\u00e8mes potentiels et propose un guide d\u00e9taill\u00e9 pour les r\u00e9soudre. Il est utile aux r\u00e9dacteurs, aux sp\u00e9cialistes SEO et aux analystes de la concurrence, car il fournit des informations sur la densit\u00e9 des mots cl\u00e9s et l&#8217;optimisation de la longueur du contenu.<\/p>\n<h3>Comment cet outil peut-il vous aider\u00a0?<\/h3>\n<p><strong>Calcul du nombre de mots\u00a0:<\/strong> calcule le nombre total de caract\u00e8res sur des pages web ou des sites web entiers, un outil essentiel pour une analyse SEO compl\u00e8te.<\/p>\n<p><strong>D\u00e9tection des probl\u00e8mes\u00a0:<\/strong> identifie les probl\u00e8mes potentiels dans le contenu et les pages \u00e0 faible nombre de mots, et propose des solutions concr\u00e8tes.<\/p>\n<p><strong>Informations sur la densit\u00e9 des mots cl\u00e9s<\/strong>\u00a0: fournit des informations d\u00e9taill\u00e9es sur la densit\u00e9 des mots cl\u00e9s du contenu, facilitant ainsi l&#8217;optimisation des pages web pour une meilleure visibilit\u00e9 dans les moteurs de recherche.<\/p>\n<h3>Fonctionnalit\u00e9s cl\u00e9s de l&#8217;outil<\/h3>\n<p><strong>Tableau de bord unifi\u00e9<\/strong>\u00a0: offre un aper\u00e7u complet des indicateurs et des performances SEO en un seul endroit.<\/p>\n<p><strong>Interface conviviale<\/strong>\u00a0: con\u00e7ue pour une utilisation facile, elle permet aux utilisateurs de tous niveaux de naviguer et d&#8217;utiliser efficacement les outils SEO.<\/p>\n<p><strong>Outils SEO complets<\/strong>\u00a0: offre une large gamme d&#8217;outils SEO pour une analyse et une optimisation compl\u00e8tes de votre site web, allant de la recherche de mots cl\u00e9s \u00e0 l&#8217;analyse des backlinks.<\/p>\n<h2 id=\"par2\">Comment utiliser l&#8217;outil<\/h2>\n<p>Commencer une analyse compl\u00e8te de votre site est un jeu d&#8217;enfant\u00a0: il suffit de v\u00e9rifier le nombre de caract\u00e8res sur toutes les pages. Cette fonctionnalit\u00e9 analyse en profondeur votre site, offrant une \u00e9valuation pr\u00e9cise du volume de contenu et mettant en \u00e9vidence les contenus de mauvaise qualit\u00e9.<\/p>\n<p>Si vous avez besoin d&#8217;une \u00e9valuation plus rapide, l&#8217;outil offre \u00e9galement la possibilit\u00e9 d&#8217;obtenir des liens externes depuis une page. Cette fonctionnalit\u00e9 est id\u00e9ale pour une analyse rapide du nombre de mots et de la qualit\u00e9 d&#8217;une page sp\u00e9cifique, sans avoir besoin de cr\u00e9er de compte.<\/p>\n<p>Pour commencer \u00e0 am\u00e9liorer le contenu de votre site web, choisissez simplement le type d&#8217;audit souhait\u00e9 et cliquez sur \u00ab\u00a0D\u00e9marrer l&#8217;audit\u00a0\u00bb.<\/p>\n<div class=\"content__img-wrap\"><img src=\"https:\/\/sitechecker.pro\/wp-content\/uploads\/2024\/07\/choose-audit-option.png\" alt=\"Choisir l'option d'audit\" class=\"description-img description-img-zoom\" loading=\"lazy\" ><\/div>\n<h2 id=\"par3\">D\u00e9terminer le nombre de mots du site<\/h2>\n<h3>\u00c9tape 1\u00a0: Saisissez votre adresse URL<\/h3>\n<div class=\"content__img-wrap\"><img src=\"https:\/\/sitechecker.pro\/wp-content\/uploads\/2024\/07\/check-website-content.png\" alt=\"V\u00e9rifier le contenu du site web\" class=\"description-img description-img-zoom\" loading=\"lazy\" ><\/div>\n<div class=\"important-block\">Pour recevoir les r\u00e9sultats et acc\u00e9der aux fonctionnalit\u00e9s de Sitechecker pendant 14 jours, commencez votre essai GRATUIT. L'inscription est simple avec votre adresse e-mail, votre compte Google ou Facebook. Aucune carte bancaire n'est requise.<\/div>\n<h3>\u00c9tape 2\u00a0: Obtenez les r\u00e9sultats<\/h3>\n<p>Apr\u00e8s avoir ex\u00e9cut\u00e9 le calculateur de mots pour site web, vous obtiendrez une analyse claire des probl\u00e8mes de contenu affectant la pertinence de votre site web dans les r\u00e9sultats de recherche. La section \u00ab\u00a0Pertinence du contenu\u00a0\u00bb r\u00e9pertorie les probl\u00e8mes tels que le faible nombre de mots, les titres vides ou l&#8217;absence de texte alternatif, ainsi que le nombre de pages concern\u00e9es. Chaque probl\u00e8me est accompagn\u00e9 d&#8217;une barre de progression, vous donnant une indication visuelle de sa pr\u00e9valence.<\/p>\n<div class=\"content__img-wrap\"><img src=\"https:\/\/sitechecker.pro\/wp-content\/uploads\/2024\/07\/content-relevance-issues.png\" alt=\"Probl\u00e8mes de pertinence du contenu\" class=\"description-img description-img-zoom\" loading=\"lazy\" ><\/div>\n<h2 id=\"par4\">Fonctionnalit\u00e9s suppl\u00e9mentaires<\/h2>\n<p>Cliquez sur l&#8217;onglet \u00ab\u00a0Afficher toutes les pages\u00a0\u00bb pour v\u00e9rifier le nombre de mots des articles de votre site web.<\/p>\n<div class=\"content__img-wrap\"><img src=\"https:\/\/sitechecker.pro\/wp-content\/uploads\/2024\/07\/view-all-pages.png\" alt=\"Afficher toutes les pages\" class=\"description-img description-img-zoom\" loading=\"lazy\" ><\/div>\n<p>S\u00e9lectionnez la page \u00e0 analyser et cliquez pour afficher ses d\u00e9tails techniques et la longueur du texte par mots et par caract\u00e8res.<\/p>\n<div class=\"content__img-wrap\"><img src=\"https:\/\/sitechecker.pro\/wp-content\/uploads\/2024\/07\/all-html-pages-list.png\" alt=\"Liste de toutes les pages HTML\" class=\"description-img description-img-zoom\" loading=\"lazy\" ><\/div>\n<div class=\"content__img-wrap\"><img src=\"https:\/\/sitechecker.pro\/wp-content\/uploads\/2024\/07\/text-length.png\" alt=\"Longueur du texte\" class=\"description-img description-img-zoom\" loading=\"lazy\" ><\/div>\n<p>L&#8217;outil analyse la fr\u00e9quence des mots cl\u00e9s et leur impact sur le r\u00e9f\u00e9rencement. Vous pouvez d\u00e9terminer le pourcentage d&#8217;occurrences directes de mots cl\u00e9s par rapport au volume de texte total de la page. Pour plus de commodit\u00e9, s\u00e9lectionnez des expressions cl\u00e9s compos\u00e9es de 1, 2 ou 3 mots. Ensuite, examinez la fr\u00e9quence de ces expressions cl\u00e9s dans le texte afin de vous assurer que leur utilisation n&#8217;a pas d&#8217;impact n\u00e9gatif sur le r\u00e9f\u00e9rencement, en entra\u00eenant une suroptimisation.<\/p>\n<div class=\"content__img-wrap\"><img src=\"https:\/\/sitechecker.pro\/wp-content\/uploads\/2024\/07\/page-details-content-relevance.png\" alt=\"Pertinence du contenu des d\u00e9tails de la page\" class=\"description-img description-img-zoom\" loading=\"lazy\" ><\/div>\n<h2 id=\"par5\">Compteur de mots d&#8217;une page Web<\/h2>\n<h3>\u00c9tape 1\u00a0: Pour conna\u00eetre le nombre de mots d&#8217;une page, cliquez simplement sur l&#8217;ic\u00f4ne d&#8217;inspection d&#8217;une seule page<\/h3>\n<div class=\"content__img-wrap\"><img src=\"https:\/\/sitechecker.pro\/wp-content\/uploads\/2024\/07\/word-count-for-all-pages.png\" alt=\"Nombre de mots pour toutes les pages\" class=\"description-img description-img-zoom\" loading=\"lazy\" ><\/div>\n<h3>\u00c9tape 2\u00a0: Obtenir les r\u00e9sultats du compteur de mots d&#8217;URL<\/h3>\n<p>L&#8217;outil calcule la longueur du texte de votre page et fournit le nombre exact de caract\u00e8res et de mots, essentiel au r\u00e9f\u00e9rencement pour respecter les normes de profondeur et de lisibilit\u00e9 du contenu recommand\u00e9es.<\/p>\n<p>Il affiche \u00e9galement le ratio texte\/code, indiquant la richesse du contenu par rapport au code HTML, un indicateur SEO cl\u00e9.<\/p>\n<p>Utilisez cette fonctionnalit\u00e9 pour \u00e9valuer l&#8217;ad\u00e9quation de votre contenu aux objectifs SEO et ajuster vos param\u00e8tres pour optimiser les performances de votre site web.<\/p>\n<div class=\"content__img-wrap\"><img src=\"https:\/\/sitechecker.pro\/wp-content\/uploads\/2024\/07\/word-counter-results.png\" alt=\"R\u00e9sultats du compteur de mots\" class=\"description-img description-img-zoom\" loading=\"lazy\" ><\/div>\n<p>Ces informations concernent exclusivement une seule page de votre site web. Pour une analyse compl\u00e8te de toutes les pages et identifier les erreurs de contenu impactant vos performances SEO, lancez un audit complet de votre site web.<\/p>\n<h2 id=\"par6\">Id\u00e9e finale<\/h2>\n<p>Le v\u00e9rificateur de nombre de mots pour site web est un outil SEO pr\u00e9cieux qui fournit une analyse d\u00e9taill\u00e9e du nombre de contenus et identifie les probl\u00e8mes sur des pages individuelles comme sur des sites web entiers. Il aide \u00e0 optimiser le contenu pour la visibilit\u00e9 sur les moteurs de recherche en fournissant des informations sur la densit\u00e9 des mots cl\u00e9s et en garantissant la conformit\u00e9 du contenu aux normes SEO. Gr\u00e2ce \u00e0 une interface conviviale et \u00e0 une suite compl\u00e8te d&#8217;outils SEO, il simplifie le processus d&#8217;optimisation du contenu, de l&#8217;analyse initiale \u00e0 l&#8217;identification des axes d&#8217;am\u00e9lioration. Qu&#8217;il s&#8217;agisse d&#8217;une analyse rapide de page ou d&#8217;un audit complet de votre site, c&#8217;est une ressource essentielle pour am\u00e9liorer le contenu et les performances de votre site web.<\/p>\n<div id=\"par7\"><\/div>\n<p><div class=\"front__faq-block\"><div class=\"faq__block-title\">FAQ<\/div><div class=\"panel-group\" id=\"faq-accordion\" itemscope itemtype=\"https:\/\/schema.org\/FAQPage\" role=\"tablist\" aria-multiselectable=\"true\"><div class=\"panel\" itemscope itemtype=\"https:\/\/schema.org\/Question\" itemprop=\"mainEntity\">\n                            <div class=\"panel-heading\" id=\"headingFaq-1\">\n                                <div class=\"panel-title\" data-toggle=\"collapse\" aria-expanded=\"false\" href=\"#collapseFaq-1\">\n                                    <h3 itemprop=\"name\">Le compteur de mots est-il adapt\u00e9 aux utilisateurs ponctuels ou uniquement aux travaux SEO r\u00e9guliers ?<\/h3>\n                                <\/div>\n                            <\/div>\n                            <div id=\"collapseFaq-1\" class=\"panel-collapse collapse\" itemprop=\"acceptedAnswer\" itemscope itemtype=\"http:\/\/schema.org\/Answer\">\n                                <div class=\"panel-body\" itemprop=\"text\">L'outil est suffisamment polyvalent pour convenir aussi bien aux utilisateurs ponctuels qui ont besoin d'une v\u00e9rification rapide qu'aux professionnels du r\u00e9f\u00e9rencement qui ont besoin d'audits de site d\u00e9taill\u00e9s et r\u00e9guliers.<\/div>\n                            <\/div>\n                        <\/div><div class=\"panel\" itemscope itemtype=\"https:\/\/schema.org\/Question\" itemprop=\"mainEntity\">\n                            <div class=\"panel-heading\" id=\"headingFaq-2\">\n                                <div class=\"panel-title\" data-toggle=\"collapse\" aria-expanded=\"false\" href=\"#collapseFaq-2\">\n                                    <h3 itemprop=\"name\">Comment le compteur de contenu de site web contribue-t-il \u00e0 l'am\u00e9lioration du contenu de votre site web ?<\/h3>\n                                <\/div>\n                            <\/div>\n                            <div id=\"collapseFaq-2\" class=\"panel-collapse collapse\" itemprop=\"acceptedAnswer\" itemscope itemtype=\"http:\/\/schema.org\/Answer\">\n                                <div class=\"panel-body\" itemprop=\"text\">En fournissant un d\u00e9compte pr\u00e9cis des mots, en identifiant le contenu de mauvaise qualit\u00e9 et en fournissant des informations sur la densit\u00e9 des mots cl\u00e9s, l'outil aide les utilisateurs \u00e0 optimiser leur contenu pour de meilleures performances SEO.<\/div>\n                            <\/div>\n                        <\/div><div class=\"panel\" itemscope itemtype=\"https:\/\/schema.org\/Question\" itemprop=\"mainEntity\">\n                            <div class=\"panel-heading\" id=\"headingFaq-3\">\n                                <div class=\"panel-title\" data-toggle=\"collapse\" aria-expanded=\"false\" href=\"#collapseFaq-3\">\n                                    <h3 itemprop=\"name\">Le v\u00e9rificateur de mots du site Web peut-il identifier des probl\u00e8mes de r\u00e9f\u00e9rencement sp\u00e9cifiques sur une page ?<\/h3>\n                                <\/div>\n                            <\/div>\n                            <div id=\"collapseFaq-3\" class=\"panel-collapse collapse\" itemprop=\"acceptedAnswer\" itemscope itemtype=\"http:\/\/schema.org\/Answer\">\n                                <div class=\"panel-body\" itemprop=\"text\">Oui, il peut d\u00e9tecter divers probl\u00e8mes de r\u00e9f\u00e9rencement, tels qu'un faible nombre de mots, des titres vides ou un texte alternatif manquant, et propose des solutions concr\u00e8tes pour les r\u00e9soudre.<\/div>\n                            <\/div>\n                        <\/div><div class=\"panel\" itemscope itemtype=\"https:\/\/schema.org\/Question\" itemprop=\"mainEntity\">\n                            <div class=\"panel-heading\" id=\"headingFaq-4\">\n                                <div class=\"panel-title\" data-toggle=\"collapse\" aria-expanded=\"false\" href=\"#collapseFaq-4\">\n                                    <h3 itemprop=\"name\">Le d\u00e9tecteur de nombre de mots du site propose-t-il des solutions ou se contente-t-il d'identifier les probl\u00e8mes ?<\/h3>\n                                <\/div>\n                            <\/div>\n                            <div id=\"collapseFaq-4\" class=\"panel-collapse collapse\" itemprop=\"acceptedAnswer\" itemscope itemtype=\"http:\/\/schema.org\/Answer\">\n                                <div class=\"panel-body\" itemprop=\"text\">Outre l'identification des probl\u00e8mes, l'outil offre des conseils d\u00e9taill\u00e9s pour r\u00e9soudre les probl\u00e8mes identifi\u00e9s afin d'am\u00e9liorer le classement et les performances de votre site Web.<\/div>\n                            <\/div>\n                        <\/div><\/div><\/div><\/p>","protected":false},"excerpt":{"rendered":"Qu&#8217;est-ce que le compteur de mots pour site web\u00a0? Le compteur de mots pour site web de Sitechecker est un outil con\u00e7u pour calculer le nombre de mots de pages sp\u00e9cifiques et de sites web entiers. Essentiel pour le SEO, il vous aide \u00e0 comprendre le volume de contenu de votre site, qui a un&#8230;","protected":false},"author":10409641,"featured_media":10030,"parent":0,"menu_order":0,"comment_status":"closed","ping_status":"closed","template":"pages-templates\/pages-minitools-3.php","meta":[],"categories":[70],"tags":[],"_links":{"self":[{"href":"https:\/\/sitechecker.pro\/fr\/wp-json\/wp\/v2\/pages\/10026"}],"collection":[{"href":"https:\/\/sitechecker.pro\/fr\/wp-json\/wp\/v2\/pages"}],"about":[{"href":"https:\/\/sitechecker.pro\/fr\/wp-json\/wp\/v2\/types\/page"}],"author":[{"embeddable":true,"href":"https:\/\/sitechecker.pro\/fr\/wp-json\/wp\/v2\/users\/10409641"}],"replies":[{"embeddable":true,"href":"https:\/\/sitechecker.pro\/fr\/wp-json\/wp\/v2\/comments?post=10026"}],"version-history":[{"count":29,"href":"https:\/\/sitechecker.pro\/fr\/wp-json\/wp\/v2\/pages\/10026\/revisions"}],"predecessor-version":[{"id":39305,"href":"https:\/\/sitechecker.pro\/fr\/wp-json\/wp\/v2\/pages\/10026\/revisions\/39305"}],"wp:featuredmedia":[{"embeddable":true,"href":"https:\/\/sitechecker.pro\/fr\/wp-json\/wp\/v2\/media\/10030"}],"wp:attachment":[{"href":"https:\/\/sitechecker.pro\/fr\/wp-json\/wp\/v2\/media?parent=10026"}],"wp:term":[{"taxonomy":"category","embeddable":true,"href":"https:\/\/sitechecker.pro\/fr\/wp-json\/wp\/v2\/categories?post=10026"},{"taxonomy":"post_tag","embeddable":true,"href":"https:\/\/sitechecker.pro\/fr\/wp-json\/wp\/v2\/tags?post=10026"}],"curies":[{"name":"wp","href":"https:\/\/api.w.org\/{rel}","templated":true}]}}